{"id":1001,"date":"2021-04-07T23:56:46","date_gmt":"2021-04-07T21:56:46","guid":{"rendered":"https:\/\/meozen.com\/fr\/?page_id=1001"},"modified":"2021-08-12T16:51:30","modified_gmt":"2021-08-12T14:51:30","slug":"sheetali-pranayama","status":"publish","type":"page","link":"https:\/\/meozen.com\/fr\/yoga\/pranayama\/sheetali-pranayama\/","title":{"rendered":"Sheetali Pranayama : la respiration qui rafra\u00eechit"},"content":{"rendered":"\n<p>Le Pranayama Sheetali, signifiant \u00ab&nbsp;respiration rafra\u00eechissante \u00bb, porte bien son nom. En effet, cette <strong>pratique nous am\u00e8ne \u00e0 inspirer et expirer depuis la bouche, tout en pliant la langue pour lui donner une forme de paille<\/strong>. Est ressentie alors une <strong>fra\u00eecheur agr\u00e9able<\/strong>, notamment lors des p\u00e9riodes \u00e0 fortes temp\u00e9ratures. D\u00e9couvrez d\u00e8s \u00e0 pr\u00e9sent comment pratiquer le Sheetali Pranayama ainsi que ses bienfaits.<\/p>\n\n\n\n<h2 class=\"wp-block-heading\">Objectif du pranayama Sheetalli<\/h2>\n\n\n\n<p>Ce <a href=\"https:\/\/meozen.com\/fr\/yoga\/pranayama\">pranayama<\/a> a pour objectif de faire <strong>baisser la temp\u00e9rature corporelle<\/strong>. Il est donc pr\u00e9conis\u00e9 pour les p\u00e9riodes estivales. Pratiqu\u00e9 quotidiennement, il peut avoir des effets positifs sur le contr\u00f4le de la faim et de la soif. On lui attribue \u00e9galement la facult\u00e9 de calmer le corps et l\u2019esprit.&nbsp;<\/p>\n\n\n\n<h2 class=\"wp-block-heading\">Sheetali Pranayama : comment le pratiquer ?<\/h2>\n\n\n\n<ol class=\"wp-block-list\"><li>&nbsp;Asseyez-vous dans une <strong>position confortable<\/strong>. Le tailleur peut-\u00eatre int\u00e9ressant, tout comme la position du lotus. Vous pouvez vous adosser \u00e0 un mur si vous le souhaitez.<\/li><li>Assurez-vous que <strong>votre dos soit bien droit<\/strong>, et votre corps soit d\u00e9tendu.<\/li><li>Gardez vos deux mains sur les genoux.<\/li><li>\u00c0 pr\u00e9sent, <strong>ouvrez la bouche<\/strong> et <strong>tirez la langue<\/strong>.<\/li><li><strong>Pliez votre langue en deux<\/strong>, de fa\u00e7on \u00e0 ce qu\u2019elle prenne la forme d&rsquo;un tube, (ou d&rsquo;une paille si vous pr\u00e9f\u00e9rez).<\/li><li>Inhalez par la bouche. Vous devez sentir <strong>l\u2019air passer dans votre langue<\/strong>.<\/li><li>Apr\u00e8s inhalation, ramenez votre menton \u00e0 votre poitrine, (\u00e0 la mani\u00e8re du Jalandhar bandha). Retenez votre <strong>respiration pendant 6 \u00e0 8 secondes<\/strong>.&nbsp;<\/li><li>Pour l\u2019expiration, ramenez votre t\u00eate dans sa position initiale et expirez lentement par le nez.&nbsp;<\/li><li>R\u00e9p\u00e9tez les cycles <strong>5 \u00e0 6 fois<\/strong>.<\/li><li>\u00c0 la fin, <strong>ramenez votre respiration \u00e0 la normale<\/strong>.<\/li><\/ol>\n\n\n\n<div style=\"background-color: #08c995; border-radius: 30px; padding: 5px 20px; margin-top: 30px; margin-bottom: 30px;\">\n<h4> Sheetkari Pranayama, le niveau avanc\u00e9 de Sheetali <img decoding=\"async\" class=\"emoji\" role=\"img\" draggable=\"false\" src=\"https:\/\/s.w.org\/images\/core\/emoji\/13.0.0\/svg\/1f4a1.svg\" alt=\"\ud83d\udca1\"><\/h4>\n<p> Une fois que vous aurez ma\u00eetris\u00e9 cette pratique, vous pourrez vous essayer \u00e0 ce qui est consid\u00e9r\u00e9 comme le deuxi\u00e8me palier de cette pratique : le <strong><a href=\"https:\/\/meozen.fr\/yoga\/pranayama\/sheetkari-pranayama\" rel=\"nofollow noopener noreferrer\" target=\"_blank\" title=\"\" style=\"color:#ffffff;\">Sheetkari Pranayama<\/a><\/strong>. C\u2019est \u00e9galement une pratique rafra\u00eechissante, demandant de faire passer <b>l\u2019air au travers des dents<\/b>.<\/p>\n<\/div>\n\n\n\n<h2 class=\"wp-block-heading\">Quels b\u00e9n\u00e9fices pour la respiration Sheetali ?<\/h2>\n\n\n\n<p>Voici les principaux b\u00e9n\u00e9fices de la respiration Sheetali :<\/p>\n\n\n\n<ul class=\"wp-block-list\"><li>Sensation de rafra\u00eechissement agr\u00e9able<\/li><li>R\u00e9duction des insomnies<\/li><li>Apaisement de l\u2019esprit et r\u00e9duction du stress<\/li><li>Meilleure gestion des \u00e9motions<\/li><\/ul>\n\n\n\n<p>Bien qu\u2019il ne s\u2019agisse pas d\u2019une solution miracle, le <strong>Sheetali Pranayama aurait des b\u00e9n\u00e9fices l\u00e9gers sur les maux li\u00e9s \u00e0 la langue, la bouche et la gorge<\/strong>. Elle serait \u00e9galement efficace pour lutter contre l\u2019anxi\u00e9t\u00e9, la fi\u00e8vre et les indigestions. Ses effets positifs s\u2019\u00e9tendent \u00e9galement \u00e0 la r\u00e9duction de la pression sanguine.<\/p>\n\n\n\n<p><\/p>\n\n\n\n<h3 class=\"wp-block-heading\">Contre-indications<\/h3>\n\n\n\n<p>Ce pranayama ne doit pas \u00eatre pratiqu\u00e9 l\u2019hiver, ayant propension \u00e0 refroidir le corps. Ne pratiquez pas ce pranayama si vous avez attrap\u00e9 un rhume, une toux ou que vous faites de l\u2019asthme. Enfin, il est d\u00e9conseill\u00e9 si vous avez une pression sanguine basse, ou souffrez de constipation.<\/p>\n\n\n\n<h5 class=\"wp-block-heading\">R\u00e9f\u00e9rence : <a href=\"https:\/\/www.timesnownews.com\/health\/article\/sheetali-pranayama-steps-and-benefits-relax-your-mind-and-body-with-cooling-breath-during-lockdown\/581373\">https:\/\/www.timesnownews.com\/health\/article\/sheetali-pranayama-steps-and-benefits-relax-your-mind-and-body-with-cooling-breath-during-lockdown\/581373<\/a><\/h5>\n\n\n\n<p><em>Meozen vous informe : <\/em><\/p>\n\n\n\n<p><em>Les points mentionn\u00e9s ci-dessus n\u2019ont pour le moment pas ou peu \u00e9t\u00e9 corrobor\u00e9es par des \u00e9tudes scientifiques occidentales. Elles reposent sur des savoirs et croyances ancestrales transmises par des yogis indiens.<\/em><\/p>\n\n\n\n<h3 class=\"wp-block-heading\">En savoir plus sur les pranayamas&#8230;<\/h3>\n\n\n\n<figure class=\"wp-block-embed is-type-rich is-provider-amazon wp-block-embed-amazon\"><div class=\"wp-block-embed__wrapper\">\n<div class=\"video-container\"><iframe title=\"Pranayama: La dynamique du souffle\" type=\"text\/html\" width=\"1170\" height=\"550\" frameborder=\"0\" allowfullscreen style=\"max-width:100%\" src=\"https:\/\/lire.amazon.fr\/kp\/card?preview=inline&#038;linkCode=kpd&#038;ref_=k4w_oembed_RugqbBZvG9fk4H&#038;asin=2081408430&#038;tag=kpembed-20\"><\/iframe><\/div>\n<\/div><\/figure>\n\n\n\t\t<div data-elementor-type=\"section\" data-elementor-id=\"1270\" class=\"elementor elementor-1270\" data-elementor-post-type=\"elementor_library\">\n\t\t\t\t\t<section class=\"elementor-section elementor-top-section elementor-element elementor-element-125782cc elementor-section-boxed elementor-section-height-default elementor-section-height-default\" data-id=\"125782cc\" data-element_type=\"section\" data-e-type=\"section\">\n\t\t\t\t\t\t<div class=\"elementor-container elementor-column-gap-default\">\n\t\t\t\t\t<div class=\"elementor-column elementor-col-100 elementor-top-column elementor-element elementor-element-64a3697b\" data-id=\"64a3697b\" data-element_type=\"column\" data-e-type=\"column\">\n\t\t\t<div class=\"elementor-widget-wrap elementor-element-populated\">\n\t\t\t\t\t\t<section class=\"elementor-section elementor-inner-section elementor-element elementor-element-37e46cb2 elementor-section-boxed elementor-section-height-default elementor-section-height-default\" data-id=\"37e46cb2\" data-element_type=\"section\" data-e-type=\"section\">\n\t\t\t\t\t\t<div class=\"elementor-container elementor-column-gap-default\">\n\t\t\t\t\t<div class=\"elementor-column elementor-col-100 elementor-inner-column elementor-element elementor-element-5b3f1b18\" data-id=\"5b3f1b18\" data-element_type=\"column\" data-e-type=\"column\" data-settings=\"{&quot;background_background&quot;:&quot;classic&quot;}\">\n\t\t\t<div class=\"elementor-widget-wrap elementor-element-populated\">\n\t\t\t\t\t\t<div class=\"elementor-element elementor-element-70d9bae3 elementor-widget elementor-widget-heading\" data-id=\"70d9bae3\" data-element_type=\"widget\" data-e-type=\"widget\" data-widget_type=\"heading.default\">\n\t\t\t\t<div class=\"elementor-widget-container\">\n\t\t\t\t\t<h5 class=\"elementor-heading-title elementor-size-default\">Tout savoir sur les pranayamas\ud83e\uddd8\ud83c\udffc\u200d\u2640\ufe0f<\/h5>\t\t\t\t<\/div>\n\t\t\t\t<\/div>\n\t\t\t\t<div class=\"elementor-element elementor-element-733c7fcb more-info elementor-widget elementor-widget-text-editor\" data-id=\"733c7fcb\" data-element_type=\"widget\" data-e-type=\"widget\" data-widget_type=\"text-editor.default\">\n\t\t\t\t<div class=\"elementor-widget-container\">\n\t\t\t\t\t\t\t\t\t<ul><li><span style=\"text-decoration: underline;\"><a style=\"color: #000000; text-decoration: underline;\" href=\"https:\/\/meozen.com\/fr\/yoga\/pranayama\/ujjayi-pranayama\/\">Ujjayi Pranyama : la respiration relaxante<\/a><\/span><\/li><li><a style=\"color: #000000; text-decoration: underline;\" href=\"https:\/\/meozen.com\/fr\/yoga\/pranayama\/surya-bhedana\/\">Surya Bhedana Pranayama : une respiration solaire<\/a><\/li><li><a style=\"color: #000000; text-decoration: underline;\" href=\"https:\/\/meozen.com\/fr\/yoga\/pranayama\/chandra-bhedana\/\">Chandra bhedana pranayama : la respiration lunaire qui stimule la cr\u00e9ativit\u00e9<\/a><\/li><li><a style=\"color: #000000; text-decoration: underline;\" href=\"https:\/\/meozen.com\/fr\/yoga\/pranayama\/sheetkari-pranayama\/\">Sheetkari Pranayama : une respiration raffraichissante entre les dents<\/a><\/li><li><a style=\"color: #000000; text-decoration: underline;\" href=\"https:\/\/meozen.com\/fr\/yoga\/pranayama\/sheetali-pranayama\/\">Sheetali Pranayama : une respiration raffraichissante avec la langue<\/a><\/li><li><a style=\"color: #000000; text-decoration: underline;\" href=\"https:\/\/meozen.com\/fr\/yoga\/pranayama\/murcha-pranayama\/\">Murcha pranayama : la respiration euphorisante<\/a><\/li><li><a style=\"color: #000000; text-decoration: underline;\" href=\"https:\/\/meozen.com\/fr\/yoga\/pranayama\/nadi-shodhana\/\">Nadi Shodhana : une respiration purifiante<\/a><\/li><li><a style=\"color: #000000; text-decoration: underline;\" href=\"https:\/\/meozen.com\/fr\/yoga\/pranayama\/kapalbhati-pranayama\/\">Kapalbhati pranayama : la respiration qui \u00e9veille<\/a><\/li><li><a style=\"color: #000000; text-decoration: underline;\" href=\"https:\/\/meozen.com\/fr\/yoga\/pranayama\/bhramari-pranayama\/\">Bhramari pranayama : la respiration apaisante de l&rsquo;abeille<\/a><\/li><li><a style=\"color: #000000; text-decoration: underline;\" href=\"https:\/\/meozen.com\/fr\/yoga\/pranayama\/\">Que sont les pranayamas, les techniques de respirations yogis ?<\/a><\/li><\/ul>\t\t\t\t\t\t\t\t<\/div>\n\t\t\t\t<\/div>\n\t\t\t\t\t<\/div>\n\t\t<\/div>\n\t\t\t\t\t<\/div>\n\t\t<\/section>\n\t\t\t\t\t<\/div>\n\t\t<\/div>\n\t\t\t\t\t<\/div>\n\t\t<\/section>\n\t\t\t\t<\/div>\n\t\t\n","protected":false},"excerpt":{"rendered":"<p>Le Pranayama Sheetali, signifiant \u00ab&nbsp;respiration rafra\u00eechissante \u00bb, porte bien son nom. En effet, cette pratique nous am\u00e8ne \u00e0 inspirer et expirer depuis la bouche, tout en pliant la langue pour lui donner une forme de paille. Est ressentie alors une fra\u00eecheur agr\u00e9able, notamment lors des p\u00e9riodes \u00e0 fortes temp\u00e9ratures. D\u00e9couvrez d\u00e8s \u00e0 pr\u00e9sent comment pratiquer [&hellip;]<\/p>\n","protected":false},"author":1,"featured_media":213,"parent":531,"menu_order":0,"comment_status":"closed","ping_status":"closed","template":"","meta":{"_mo_disable_npp":"","footnotes":""},"class_list":["post-1001","page","type-page","status-publish","has-post-thumbnail","hentry"],"yoast_head":"<!-- This site is optimized with the Yoast SEO plugin v26.8 - https:\/\/yoast.com\/product\/yoast-seo-wordpress\/ -->\n<title>Sheetali Pranayama : la respiration qui rafra\u00eechit - Meozen<\/title>\n<meta name=\"description\" content=\"\u27bd D\u00e9couvrez tout sur le Sheetali Pranayama : d\u00e9finition, pratique \u00e9tape par \u00e9tape, bienfaits \u2705 et contre-indications.\" \/>\n<meta name=\"robots\" content=\"index, follow, max-snippet:-1, max-image-preview:large, max-video-preview:-1\" \/>\n<link rel=\"canonical\" href=\"https:\/\/meozen.com\/fr\/yoga\/pranayama\/sheetali-pranayama\/\" \/>\n<meta property=\"og:locale\" content=\"fr_FR\" \/>\n<meta property=\"og:type\" content=\"article\" \/>\n<meta property=\"og:title\" content=\"Sheetali Pranayama : la respiration qui rafra\u00eechit - Meozen\" \/>\n<meta property=\"og:description\" content=\"\u27bd D\u00e9couvrez tout sur le Sheetali Pranayama : d\u00e9finition, pratique \u00e9tape par \u00e9tape, bienfaits \u2705 et contre-indications.\" \/>\n<meta property=\"og:url\" content=\"https:\/\/meozen.com\/fr\/yoga\/pranayama\/sheetali-pranayama\/\" \/>\n<meta property=\"og:site_name\" content=\"Meozen - Votre portail bien-\u00eatre\" \/>\n<meta property=\"article:publisher\" content=\"https:\/\/www.facebook.com\/MeozenFr\/\" \/>\n<meta property=\"article:modified_time\" content=\"2021-08-12T14:51:30+00:00\" \/>\n<meta property=\"og:image\" content=\"https:\/\/meozen.com\/fr\/wp-content\/uploads\/sites\/2\/2021\/03\/sheetali-pranayama.jpg\" \/>\n\t<meta property=\"og:image:width\" content=\"1024\" \/>\n\t<meta property=\"og:image:height\" content=\"576\" \/>\n\t<meta property=\"og:image:type\" content=\"image\/jpeg\" \/>\n<meta name=\"twitter:card\" content=\"summary_large_image\" \/>\n<meta name=\"twitter:label1\" content=\"Dur\u00e9e de lecture estim\u00e9e\" \/>\n\t<meta name=\"twitter:data1\" content=\"3 minutes\" \/>\n<script type=\"application\/ld+json\" class=\"yoast-schema-graph\">{\"@context\":\"https:\/\/schema.org\",\"@graph\":[{\"@type\":\"WebPage\",\"@id\":\"https:\/\/meozen.com\/fr\/yoga\/pranayama\/sheetali-pranayama\/\",\"url\":\"https:\/\/meozen.com\/fr\/yoga\/pranayama\/sheetali-pranayama\/\",\"name\":\"Sheetali Pranayama : la respiration qui rafra\u00eechit - Meozen\",\"isPartOf\":{\"@id\":\"https:\/\/meozen.com\/fr\/#website\"},\"primaryImageOfPage\":{\"@id\":\"https:\/\/meozen.com\/fr\/yoga\/pranayama\/sheetali-pranayama\/#primaryimage\"},\"image\":{\"@id\":\"https:\/\/meozen.com\/fr\/yoga\/pranayama\/sheetali-pranayama\/#primaryimage\"},\"thumbnailUrl\":\"https:\/\/meozen.com\/fr\/wp-content\/uploads\/sites\/2\/2021\/03\/sheetali-pranayama.jpg\",\"datePublished\":\"2021-04-07T21:56:46+00:00\",\"dateModified\":\"2021-08-12T14:51:30+00:00\",\"description\":\"\u27bd D\u00e9couvrez tout sur le Sheetali Pranayama : d\u00e9finition, pratique \u00e9tape par \u00e9tape, bienfaits \u2705 et contre-indications.\",\"breadcrumb\":{\"@id\":\"https:\/\/meozen.com\/fr\/yoga\/pranayama\/sheetali-pranayama\/#breadcrumb\"},\"inLanguage\":\"fr-FR\",\"potentialAction\":[{\"@type\":\"ReadAction\",\"target\":[\"https:\/\/meozen.com\/fr\/yoga\/pranayama\/sheetali-pranayama\/\"]}]},{\"@type\":\"ImageObject\",\"inLanguage\":\"fr-FR\",\"@id\":\"https:\/\/meozen.com\/fr\/yoga\/pranayama\/sheetali-pranayama\/#primaryimage\",\"url\":\"https:\/\/meozen.com\/fr\/wp-content\/uploads\/sites\/2\/2021\/03\/sheetali-pranayama.jpg\",\"contentUrl\":\"https:\/\/meozen.com\/fr\/wp-content\/uploads\/sites\/2\/2021\/03\/sheetali-pranayama.jpg\",\"width\":1024,\"height\":576,\"caption\":\"Image montrant une langue pli\u00e9e, accompagn\u00e9e de la phrase \\\"Sheetali Pranayama : La respiration raffrachissante\\\"\"},{\"@type\":\"BreadcrumbList\",\"@id\":\"https:\/\/meozen.com\/fr\/yoga\/pranayama\/sheetali-pranayama\/#breadcrumb\",\"itemListElement\":[{\"@type\":\"ListItem\",\"position\":1,\"name\":\"Accueil\",\"item\":\"https:\/\/meozen.com\/fr\/\"},{\"@type\":\"ListItem\",\"position\":2,\"name\":\"Yoga : Tout savoir sur cette pratique\",\"item\":\"https:\/\/meozen.com\/fr\/yoga\/\"},{\"@type\":\"ListItem\",\"position\":3,\"name\":\"Pranayama : Les techniques de respiration yogis\",\"item\":\"https:\/\/meozen.com\/fr\/yoga\/pranayama\/\"},{\"@type\":\"ListItem\",\"position\":4,\"name\":\"Sheetali Pranayama : la respiration qui rafra\u00eechit\"}]},{\"@type\":\"WebSite\",\"@id\":\"https:\/\/meozen.com\/fr\/#website\",\"url\":\"https:\/\/meozen.com\/fr\/\",\"name\":\"Meozen - Votre portail bien-\u00eatre\",\"description\":\"D\u00e9couvrez tout l&#039;univers du bien-\u00eatre, yoga, m\u00e9ditation, trouvez les meilleures retraites et formations bien-\u00eatre\",\"publisher\":{\"@id\":\"https:\/\/meozen.com\/fr\/#organization\"},\"potentialAction\":[{\"@type\":\"SearchAction\",\"target\":{\"@type\":\"EntryPoint\",\"urlTemplate\":\"https:\/\/meozen.com\/fr\/?s={search_term_string}\"},\"query-input\":{\"@type\":\"PropertyValueSpecification\",\"valueRequired\":true,\"valueName\":\"search_term_string\"}}],\"inLanguage\":\"fr-FR\"},{\"@type\":\"Organization\",\"@id\":\"https:\/\/meozen.com\/fr\/#organization\",\"name\":\"Meozen\",\"url\":\"https:\/\/meozen.com\/fr\/\",\"logo\":{\"@type\":\"ImageObject\",\"inLanguage\":\"fr-FR\",\"@id\":\"https:\/\/meozen.com\/fr\/#\/schema\/logo\/image\/\",\"url\":\"https:\/\/meozen.com\/fr\/wp-content\/uploads\/sites\/2\/2021\/06\/logo-meozen-push.jpg\",\"contentUrl\":\"https:\/\/meozen.com\/fr\/wp-content\/uploads\/sites\/2\/2021\/06\/logo-meozen-push.jpg\",\"width\":384,\"height\":384,\"caption\":\"Meozen\"},\"image\":{\"@id\":\"https:\/\/meozen.com\/fr\/#\/schema\/logo\/image\/\"},\"sameAs\":[\"https:\/\/www.facebook.com\/MeozenFr\/\",\"https:\/\/www.pinterest.fr\/meozen_officiel\/\",\"https:\/\/www.instagram.com\/meozen_officiel\/\"]}]}<\/script>\n<!-- \/ Yoast SEO plugin. -->","yoast_head_json":{"title":"Sheetali Pranayama : la respiration qui rafra\u00eechit - Meozen","description":"\u27bd D\u00e9couvrez tout sur le Sheetali Pranayama : d\u00e9finition, pratique \u00e9tape par \u00e9tape, bienfaits \u2705 et contre-indications.","robots":{"index":"index","follow":"follow","max-snippet":"max-snippet:-1","max-image-preview":"max-image-preview:large","max-video-preview":"max-video-preview:-1"},"canonical":"https:\/\/meozen.com\/fr\/yoga\/pranayama\/sheetali-pranayama\/","og_locale":"fr_FR","og_type":"article","og_title":"Sheetali Pranayama : la respiration qui rafra\u00eechit - Meozen","og_description":"\u27bd D\u00e9couvrez tout sur le Sheetali Pranayama : d\u00e9finition, pratique \u00e9tape par \u00e9tape, bienfaits \u2705 et contre-indications.","og_url":"https:\/\/meozen.com\/fr\/yoga\/pranayama\/sheetali-pranayama\/","og_site_name":"Meozen - Votre portail bien-\u00eatre","article_publisher":"https:\/\/www.facebook.com\/MeozenFr\/","article_modified_time":"2021-08-12T14:51:30+00:00","og_image":[{"width":1024,"height":576,"url":"https:\/\/meozen.com\/fr\/wp-content\/uploads\/sites\/2\/2021\/03\/sheetali-pranayama.jpg","type":"image\/jpeg"}],"twitter_card":"summary_large_image","twitter_misc":{"Dur\u00e9e de lecture estim\u00e9e":"3 minutes"},"schema":{"@context":"https:\/\/schema.org","@graph":[{"@type":"WebPage","@id":"https:\/\/meozen.com\/fr\/yoga\/pranayama\/sheetali-pranayama\/","url":"https:\/\/meozen.com\/fr\/yoga\/pranayama\/sheetali-pranayama\/","name":"Sheetali Pranayama : la respiration qui rafra\u00eechit - Meozen","isPartOf":{"@id":"https:\/\/meozen.com\/fr\/#website"},"primaryImageOfPage":{"@id":"https:\/\/meozen.com\/fr\/yoga\/pranayama\/sheetali-pranayama\/#primaryimage"},"image":{"@id":"https:\/\/meozen.com\/fr\/yoga\/pranayama\/sheetali-pranayama\/#primaryimage"},"thumbnailUrl":"https:\/\/meozen.com\/fr\/wp-content\/uploads\/sites\/2\/2021\/03\/sheetali-pranayama.jpg","datePublished":"2021-04-07T21:56:46+00:00","dateModified":"2021-08-12T14:51:30+00:00","description":"\u27bd D\u00e9couvrez tout sur le Sheetali Pranayama : d\u00e9finition, pratique \u00e9tape par \u00e9tape, bienfaits \u2705 et contre-indications.","breadcrumb":{"@id":"https:\/\/meozen.com\/fr\/yoga\/pranayama\/sheetali-pranayama\/#breadcrumb"},"inLanguage":"fr-FR","potentialAction":[{"@type":"ReadAction","target":["https:\/\/meozen.com\/fr\/yoga\/pranayama\/sheetali-pranayama\/"]}]},{"@type":"ImageObject","inLanguage":"fr-FR","@id":"https:\/\/meozen.com\/fr\/yoga\/pranayama\/sheetali-pranayama\/#primaryimage","url":"https:\/\/meozen.com\/fr\/wp-content\/uploads\/sites\/2\/2021\/03\/sheetali-pranayama.jpg","contentUrl":"https:\/\/meozen.com\/fr\/wp-content\/uploads\/sites\/2\/2021\/03\/sheetali-pranayama.jpg","width":1024,"height":576,"caption":"Image montrant une langue pli\u00e9e, accompagn\u00e9e de la phrase \"Sheetali Pranayama : La respiration raffrachissante\""},{"@type":"BreadcrumbList","@id":"https:\/\/meozen.com\/fr\/yoga\/pranayama\/sheetali-pranayama\/#breadcrumb","itemListElement":[{"@type":"ListItem","position":1,"name":"Accueil","item":"https:\/\/meozen.com\/fr\/"},{"@type":"ListItem","position":2,"name":"Yoga : Tout savoir sur cette pratique","item":"https:\/\/meozen.com\/fr\/yoga\/"},{"@type":"ListItem","position":3,"name":"Pranayama : Les techniques de respiration yogis","item":"https:\/\/meozen.com\/fr\/yoga\/pranayama\/"},{"@type":"ListItem","position":4,"name":"Sheetali Pranayama : la respiration qui rafra\u00eechit"}]},{"@type":"WebSite","@id":"https:\/\/meozen.com\/fr\/#website","url":"https:\/\/meozen.com\/fr\/","name":"Meozen - Votre portail bien-\u00eatre","description":"D\u00e9couvrez tout l&#039;univers du bien-\u00eatre, yoga, m\u00e9ditation, trouvez les meilleures retraites et formations bien-\u00eatre","publisher":{"@id":"https:\/\/meozen.com\/fr\/#organization"},"potentialAction":[{"@type":"SearchAction","target":{"@type":"EntryPoint","urlTemplate":"https:\/\/meozen.com\/fr\/?s={search_term_string}"},"query-input":{"@type":"PropertyValueSpecification","valueRequired":true,"valueName":"search_term_string"}}],"inLanguage":"fr-FR"},{"@type":"Organization","@id":"https:\/\/meozen.com\/fr\/#organization","name":"Meozen","url":"https:\/\/meozen.com\/fr\/","logo":{"@type":"ImageObject","inLanguage":"fr-FR","@id":"https:\/\/meozen.com\/fr\/#\/schema\/logo\/image\/","url":"https:\/\/meozen.com\/fr\/wp-content\/uploads\/sites\/2\/2021\/06\/logo-meozen-push.jpg","contentUrl":"https:\/\/meozen.com\/fr\/wp-content\/uploads\/sites\/2\/2021\/06\/logo-meozen-push.jpg","width":384,"height":384,"caption":"Meozen"},"image":{"@id":"https:\/\/meozen.com\/fr\/#\/schema\/logo\/image\/"},"sameAs":["https:\/\/www.facebook.com\/MeozenFr\/","https:\/\/www.pinterest.fr\/meozen_officiel\/","https:\/\/www.instagram.com\/meozen_officiel\/"]}]}},"_links":{"self":[{"href":"https:\/\/meozen.com\/fr\/wp-json\/wp\/v2\/pages\/1001","targetHints":{"allow":["GET"]}}],"collection":[{"href":"https:\/\/meozen.com\/fr\/wp-json\/wp\/v2\/pages"}],"about":[{"href":"https:\/\/meozen.com\/fr\/wp-json\/wp\/v2\/types\/page"}],"author":[{"embeddable":true,"href":"https:\/\/meozen.com\/fr\/wp-json\/wp\/v2\/users\/1"}],"replies":[{"embeddable":true,"href":"https:\/\/meozen.com\/fr\/wp-json\/wp\/v2\/comments?post=1001"}],"version-history":[{"count":0,"href":"https:\/\/meozen.com\/fr\/wp-json\/wp\/v2\/pages\/1001\/revisions"}],"up":[{"embeddable":true,"href":"https:\/\/meozen.com\/fr\/wp-json\/wp\/v2\/pages\/531"}],"wp:featuredmedia":[{"embeddable":true,"href":"https:\/\/meozen.com\/fr\/wp-json\/wp\/v2\/media\/213"}],"wp:attachment":[{"href":"https:\/\/meozen.com\/fr\/wp-json\/wp\/v2\/media?parent=1001"}],"curies":[{"name":"wp","href":"https:\/\/api.w.org\/{rel}","templated":true}]}}