{"id":1009,"date":"2021-04-09T00:24:22","date_gmt":"2021-04-08T22:24:22","guid":{"rendered":"https:\/\/meozen.com\/fr\/?page_id=1009"},"modified":"2023-08-14T22:46:04","modified_gmt":"2023-08-14T20:46:04","slug":"ujjayi-pranayama","status":"publish","type":"page","link":"https:\/\/meozen.com\/fr\/yoga\/pranayama\/ujjayi-pranayama\/","title":{"rendered":"Ujjayi Pranayama : la respiration relaxante"},"content":{"rendered":"\n<p><strong>Ujjayi Pranayama<\/strong> est une respiration utilis\u00e9e par les yogis afin de rentrer dans un <strong>\u00e9tat d\u2019esprit relaxant<\/strong>, en faisant passer l&rsquo;air depuis la gorge. Praticable en position assise ou allong\u00e9, ce <a href=\"https:\/\/meozen.com\/fr\/yoga\/pranayama\/\">pranayama<\/a> est particuli\u00e8rement efficace en Savasana (posture utilis\u00e9 d&rsquo;ailleurs en Yoga Nidra) ou juste avant de dormir. D\u00e9couvrez quels sont les bienfaits de ce pranayama et comment le pratiquer sur cette page d\u00e9di\u00e9e.<\/p>\n\n\n\n<h2 class=\"wp-block-heading\">Objectif du pranayama Ujjayi<\/h2>\n\n\n\n<p>Ce pranayama a pour objectif de relaxer. Le terme \u00ab&nbsp;Ujjayi Pranayama \u00bb signifie \u00ab Respiration Victorieuse \u00bb en sanskrit. Il donne la sensation d&rsquo;avoir une \u00ab paille d&rsquo;air \u00bb qui traverse la gorge. <\/p>\n\n\n\n<p>On l\u2019utilise aussi bien en tant qu&rsquo;exercice de respiration ind\u00e9pendant, que dans le cadre des s\u00e9ances de <a href=\"https:\/\/meozen.com\/fr\/yoga\/yoga-nidra\/\">Yoga Nidra<\/a>, lors des exercices o\u00f9 on compte \u00e0 rebours les respirations. <\/p>\n\n\n\n<p>Ce pranayama est notamment conseill\u00e9 \u00e0 ceux cherchant \u00e0 <strong>ralentir ses pulsations cardiaques<\/strong>. R\u00e9chauffant le corps, il est conseill\u00e9 de le pratiquer lors des mois hivernaux et d\u2019automne.<\/p>\n\n\n\n<h2 class=\"wp-block-heading\">Comment pratiquer le Ujjayi Pranayama ?<\/h2>\n\n\n\n<ol class=\"wp-block-list\"><li>&nbsp;<strong>Allongez-vous en shavasana, ou asseyez-vous dans une position confortable. <\/strong>Le tailleur peut-\u00eatre int\u00e9ressant, tout comme la position du lotus, l&rsquo;important \u00e9tant d&rsquo;avoir le dos droit. Vous pouvez vous adosser \u00e0 un mur si vous le souhaitez.&nbsp;<\/li><li>Fermez les yeux.<\/li><li><strong>Si vous \u00eates assis, votre dos est bien droit, votre corps relax\u00e9. Si vous \u00eates allong\u00e9, rel\u00e2chez toutes les tensions de votre corps.&nbsp;<\/strong><\/li><li><strong>\u00c0 pr\u00e9sent, respirez par le nez.<\/strong> Amenez votre attention sur cette respiration. Autorisez-vous \u00e0 adopter une respiration \u00e0 la fois calme, lente, mais rythm\u00e9e.&nbsp;<\/li><li><strong>Apr\u00e8s quelques cycles de respirations calmes, amenez votre attention \u00e0 votre gorge. <\/strong>Tout en gardant une respiration nasale, imaginez, ou sentez que l\u2019air transite au niveau de la gorge, et non du nez.<\/li><li><strong>Tandis que votre respiration ralentit et devient plus profonde, contractez l\u00e9g\u00e8rement votre glotte.<\/strong> Cela donne un doux sifflement, semblable au bruit des vagues s\u2019\u00e9chouant sur une plage, ou aux respirations d\u2019un b\u00e9b\u00e9. Point d\u2019importance : vous seul devez entendre les respirations. Elles ne doivent pas \u00eatre audibles pour les personnes alentour.&nbsp;<\/li><li>Si l\u2019\u00e9tape pr\u00e9c\u00e9dente est r\u00e9alis\u00e9e correctement, vous devriez sentir une contraction l\u00e9g\u00e8re et spontan\u00e9e de votre abdomen.<\/li><li><strong>Si vous \u00eates d\u00e9butant, r\u00e9p\u00e9tez les cycles \u00e0 partir de l\u2019\u00e9tape 6 pour 10 longues respirations.<\/strong> Pour des b\u00e9n\u00e9fices plus importants, augmentez graduellement la dur\u00e9e de chaque cycle de respirations graduellement : de 20 secondes \u00e0 25 secondes, puis de 25 \u00e0 30 secondes, etc. <\/li><li>Les d\u00e9butants peuvent faire cet exercice durant 5 minutes. Pour les pratiquants avanc\u00e9s, vous pouvez pratiquer pendant 10 \u00e0 20 minutes en accompagnant les respirations d&rsquo;un mantra mental. <\/li><li>\u00c0 la sortie de l&rsquo;exercice, ramenez votre respiration \u00e0 la normale.<\/li><\/ol>\n\n\n\n<h3 class=\"has-text-align-left wp-block-heading\">Ujjayi Pranayama en vid\u00e9o<\/h3>\n\n\n\n<iframe width=\"560\" height=\"315\" src=\"https:\/\/www.youtube.com\/embed\/EsgcjX8Ydlc\" frameborder=\"0\" allow=\"accelerometer; autoplay; clipboard-write; encrypted-media; gyroscope; picture-in-picture\" allowfullscreen=\"\"><\/iframe>\n\n\n\n<h2 class=\"wp-block-heading\">Quels b\u00e9n\u00e9fices pour la respiration Ujjayi ?<\/h2>\n\n\n\n<p>Voici les principaux b\u00e9n\u00e9fices de la respiration Ujjayi :<\/p>\n\n\n\n<ul class=\"wp-block-list\"><li>Apaise le syst\u00e8me nerveux<\/li><li>Calme l\u2019esprit<\/li><li>Aide \u00e0 lutter contre les insomnies<\/li><li>Aide \u00e0 r\u00e9duire les pulsations cardiaques durant la pratique<\/li><li>Utile pour les personnes souffrant d\u2019une trop grande pression sanguine<\/li><\/ul>\n\n\n\n<h3 class=\"wp-block-heading\">Contre indications<\/h3>\n\n\n\n<p>Les yogis d\u00e9conseillent ce pranayama pour les personnes qui seraient trop introverties de nature.<\/p>\n\n\n\n<p><\/p>\n\n\n\n<p><em>Meozen vous informe : <\/em><\/p>\n\n\n\n<p><em>Les points mentionn\u00e9s ci-dessus reposent sur les savoirs et croyances issus du <a class=\"wpil_keyword_link\" href=\"https:\/\/meozen.com\/fr\/yoga\/\"   title=\"yoga\" data-wpil-keyword-link=\"linked\">yoga<\/a> et de l&rsquo;Ayurveda, ils n&rsquo;ont pas ou peu \u00e9t\u00e9 corrobor\u00e9s par la m\u00e9decine occidentale.<\/em><\/p>\n\n\n\t\t<div data-elementor-type=\"section\" data-elementor-id=\"1270\" class=\"elementor elementor-1270\" data-elementor-post-type=\"elementor_library\">\n\t\t\t\t\t<section class=\"elementor-section elementor-top-section elementor-element elementor-element-125782cc elementor-section-boxed elementor-section-height-default elementor-section-height-default\" data-id=\"125782cc\" data-element_type=\"section\" data-e-type=\"section\">\n\t\t\t\t\t\t<div class=\"elementor-container elementor-column-gap-default\">\n\t\t\t\t\t<div class=\"elementor-column elementor-col-100 elementor-top-column elementor-element elementor-element-64a3697b\" data-id=\"64a3697b\" data-element_type=\"column\" data-e-type=\"column\">\n\t\t\t<div class=\"elementor-widget-wrap elementor-element-populated\">\n\t\t\t\t\t\t<section class=\"elementor-section elementor-inner-section elementor-element elementor-element-37e46cb2 elementor-section-boxed elementor-section-height-default elementor-section-height-default\" data-id=\"37e46cb2\" data-element_type=\"section\" data-e-type=\"section\">\n\t\t\t\t\t\t<div class=\"elementor-container elementor-column-gap-default\">\n\t\t\t\t\t<div class=\"elementor-column elementor-col-100 elementor-inner-column elementor-element elementor-element-5b3f1b18\" data-id=\"5b3f1b18\" data-element_type=\"column\" data-e-type=\"column\" data-settings=\"{&quot;background_background&quot;:&quot;classic&quot;}\">\n\t\t\t<div class=\"elementor-widget-wrap elementor-element-populated\">\n\t\t\t\t\t\t<div class=\"elementor-element elementor-element-70d9bae3 elementor-widget elementor-widget-heading\" data-id=\"70d9bae3\" data-element_type=\"widget\" data-e-type=\"widget\" data-widget_type=\"heading.default\">\n\t\t\t\t<div class=\"elementor-widget-container\">\n\t\t\t\t\t<h5 class=\"elementor-heading-title elementor-size-default\">Tout savoir sur les pranayamas\ud83e\uddd8\ud83c\udffc\u200d\u2640\ufe0f<\/h5>\t\t\t\t<\/div>\n\t\t\t\t<\/div>\n\t\t\t\t<div class=\"elementor-element elementor-element-733c7fcb more-info elementor-widget elementor-widget-text-editor\" data-id=\"733c7fcb\" data-element_type=\"widget\" data-e-type=\"widget\" data-widget_type=\"text-editor.default\">\n\t\t\t\t<div class=\"elementor-widget-container\">\n\t\t\t\t\t\t\t\t\t<ul><li><span style=\"text-decoration: underline;\"><a style=\"color: #000000; text-decoration: underline;\" href=\"https:\/\/meozen.com\/fr\/yoga\/pranayama\/ujjayi-pranayama\/\">Ujjayi Pranyama : la respiration relaxante<\/a><\/span><\/li><li><a style=\"color: #000000; text-decoration: underline;\" href=\"https:\/\/meozen.com\/fr\/yoga\/pranayama\/surya-bhedana\/\">Surya Bhedana Pranayama : une respiration solaire<\/a><\/li><li><a style=\"color: #000000; text-decoration: underline;\" href=\"https:\/\/meozen.com\/fr\/yoga\/pranayama\/chandra-bhedana\/\">Chandra bhedana pranayama : la respiration lunaire qui stimule la cr\u00e9ativit\u00e9<\/a><\/li><li><a style=\"color: #000000; text-decoration: underline;\" href=\"https:\/\/meozen.com\/fr\/yoga\/pranayama\/sheetkari-pranayama\/\">Sheetkari Pranayama : une respiration raffraichissante entre les dents<\/a><\/li><li><a style=\"color: #000000; text-decoration: underline;\" href=\"https:\/\/meozen.com\/fr\/yoga\/pranayama\/sheetali-pranayama\/\">Sheetali Pranayama : une respiration raffraichissante avec la langue<\/a><\/li><li><a style=\"color: #000000; text-decoration: underline;\" href=\"https:\/\/meozen.com\/fr\/yoga\/pranayama\/murcha-pranayama\/\">Murcha pranayama : la respiration euphorisante<\/a><\/li><li><a style=\"color: #000000; text-decoration: underline;\" href=\"https:\/\/meozen.com\/fr\/yoga\/pranayama\/nadi-shodhana\/\">Nadi Shodhana : une respiration purifiante<\/a><\/li><li><a style=\"color: #000000; text-decoration: underline;\" href=\"https:\/\/meozen.com\/fr\/yoga\/pranayama\/kapalbhati-pranayama\/\">Kapalbhati pranayama : la respiration qui \u00e9veille<\/a><\/li><li><a style=\"color: #000000; text-decoration: underline;\" href=\"https:\/\/meozen.com\/fr\/yoga\/pranayama\/bhramari-pranayama\/\">Bhramari pranayama : la respiration apaisante de l&rsquo;abeille<\/a><\/li><li><a style=\"color: #000000; text-decoration: underline;\" href=\"https:\/\/meozen.com\/fr\/yoga\/pranayama\/\">Que sont les pranayamas, les techniques de respirations yogis ?<\/a><\/li><\/ul>\t\t\t\t\t\t\t\t<\/div>\n\t\t\t\t<\/div>\n\t\t\t\t\t<\/div>\n\t\t<\/div>\n\t\t\t\t\t<\/div>\n\t\t<\/section>\n\t\t\t\t\t<\/div>\n\t\t<\/div>\n\t\t\t\t\t<\/div>\n\t\t<\/section>\n\t\t\t\t<\/div>\n\t\t\n","protected":false},"excerpt":{"rendered":"<p>Ujjayi Pranayama est une respiration utilis\u00e9e par les yogis afin de rentrer dans un \u00e9tat d\u2019esprit relaxant, en faisant passer l&rsquo;air depuis la gorge. Praticable en position assise ou allong\u00e9, ce pranayama est particuli\u00e8rement efficace en Savasana (posture utilis\u00e9 d&rsquo;ailleurs en Yoga Nidra) ou juste avant de dormir. D\u00e9couvrez quels sont les bienfaits de ce [&hellip;]<\/p>\n","protected":false},"author":1,"featured_media":229,"parent":531,"menu_order":0,"comment_status":"closed","ping_status":"closed","template":"","meta":{"_mo_disable_npp":"","footnotes":""},"class_list":["post-1009","page","type-page","status-publish","has-post-thumbnail","hentry"],"yoast_head":"<!-- This site is optimized with the Yoast SEO plugin v26.8 - https:\/\/yoast.com\/product\/yoast-seo-wordpress\/ -->\n<title>Ujjayi Pranayama : la respiration relaxante - Meozen<\/title>\n<meta name=\"description\" content=\"\u27bd D\u00e9couvrez tout sur le Ujjayi Pranayama : d\u00e9finition, pratique \u00e9tape par \u00e9tape, vid\u00e9o, bienfaits \u2705 et contre-indications.\" \/>\n<meta name=\"robots\" content=\"index, follow, max-snippet:-1, max-image-preview:large, max-video-preview:-1\" \/>\n<link rel=\"canonical\" href=\"https:\/\/meozen.com\/fr\/yoga\/pranayama\/ujjayi-pranayama\/\" \/>\n<meta property=\"og:locale\" content=\"fr_FR\" \/>\n<meta property=\"og:type\" content=\"article\" \/>\n<meta property=\"og:title\" content=\"Ujjayi Pranayama : la respiration relaxante - Meozen\" \/>\n<meta property=\"og:description\" content=\"\u27bd D\u00e9couvrez tout sur le Ujjayi Pranayama : d\u00e9finition, pratique \u00e9tape par \u00e9tape, vid\u00e9o, bienfaits \u2705 et contre-indications.\" \/>\n<meta property=\"og:url\" content=\"https:\/\/meozen.com\/fr\/yoga\/pranayama\/ujjayi-pranayama\/\" \/>\n<meta property=\"og:site_name\" content=\"Meozen - Votre portail bien-\u00eatre\" \/>\n<meta property=\"article:publisher\" content=\"https:\/\/www.facebook.com\/MeozenFr\/\" \/>\n<meta property=\"article:modified_time\" content=\"2023-08-14T20:46:04+00:00\" \/>\n<meta property=\"og:image\" content=\"https:\/\/meozen.com\/fr\/wp-content\/uploads\/sites\/2\/2021\/03\/ujjayi-pranayama.jpg\" \/>\n\t<meta property=\"og:image:width\" content=\"1024\" \/>\n\t<meta property=\"og:image:height\" content=\"576\" \/>\n\t<meta property=\"og:image:type\" content=\"image\/jpeg\" \/>\n<meta name=\"twitter:card\" content=\"summary_large_image\" \/>\n<meta name=\"twitter:label1\" content=\"Dur\u00e9e de lecture estim\u00e9e\" \/>\n\t<meta name=\"twitter:data1\" content=\"3 minutes\" \/>\n<script type=\"application\/ld+json\" class=\"yoast-schema-graph\">{\"@context\":\"https:\/\/schema.org\",\"@graph\":[{\"@type\":\"WebPage\",\"@id\":\"https:\/\/meozen.com\/fr\/yoga\/pranayama\/ujjayi-pranayama\/\",\"url\":\"https:\/\/meozen.com\/fr\/yoga\/pranayama\/ujjayi-pranayama\/\",\"name\":\"Ujjayi Pranayama : la respiration relaxante - Meozen\",\"isPartOf\":{\"@id\":\"https:\/\/meozen.com\/fr\/#website\"},\"primaryImageOfPage\":{\"@id\":\"https:\/\/meozen.com\/fr\/yoga\/pranayama\/ujjayi-pranayama\/#primaryimage\"},\"image\":{\"@id\":\"https:\/\/meozen.com\/fr\/yoga\/pranayama\/ujjayi-pranayama\/#primaryimage\"},\"thumbnailUrl\":\"https:\/\/meozen.com\/fr\/wp-content\/uploads\/sites\/2\/2021\/03\/ujjayi-pranayama.jpg\",\"datePublished\":\"2021-04-08T22:24:22+00:00\",\"dateModified\":\"2023-08-14T20:46:04+00:00\",\"description\":\"\u27bd D\u00e9couvrez tout sur le Ujjayi Pranayama : d\u00e9finition, pratique \u00e9tape par \u00e9tape, vid\u00e9o, bienfaits \u2705 et contre-indications.\",\"breadcrumb\":{\"@id\":\"https:\/\/meozen.com\/fr\/yoga\/pranayama\/ujjayi-pranayama\/#breadcrumb\"},\"inLanguage\":\"fr-FR\",\"potentialAction\":[{\"@type\":\"ReadAction\",\"target\":[\"https:\/\/meozen.com\/fr\/yoga\/pranayama\/ujjayi-pranayama\/\"]}]},{\"@type\":\"ImageObject\",\"inLanguage\":\"fr-FR\",\"@id\":\"https:\/\/meozen.com\/fr\/yoga\/pranayama\/ujjayi-pranayama\/#primaryimage\",\"url\":\"https:\/\/meozen.com\/fr\/wp-content\/uploads\/sites\/2\/2021\/03\/ujjayi-pranayama.jpg\",\"contentUrl\":\"https:\/\/meozen.com\/fr\/wp-content\/uploads\/sites\/2\/2021\/03\/ujjayi-pranayama.jpg\",\"width\":1024,\"height\":576,\"caption\":\"Image montrant une femme assise en lotus, tout en pratiquant le pranayama Ujjayi. L'image est accompagn\u00e9 du texte suivant : \\\"Ujjayi Pranayama : La respiration relaxante\\\"\"},{\"@type\":\"BreadcrumbList\",\"@id\":\"https:\/\/meozen.com\/fr\/yoga\/pranayama\/ujjayi-pranayama\/#breadcrumb\",\"itemListElement\":[{\"@type\":\"ListItem\",\"position\":1,\"name\":\"Accueil\",\"item\":\"https:\/\/meozen.com\/fr\/\"},{\"@type\":\"ListItem\",\"position\":2,\"name\":\"Yoga : Tout savoir sur cette pratique\",\"item\":\"https:\/\/meozen.com\/fr\/yoga\/\"},{\"@type\":\"ListItem\",\"position\":3,\"name\":\"Pranayama : Les techniques de respiration yogis\",\"item\":\"https:\/\/meozen.com\/fr\/yoga\/pranayama\/\"},{\"@type\":\"ListItem\",\"position\":4,\"name\":\"Ujjayi Pranayama : la respiration relaxante\"}]},{\"@type\":\"WebSite\",\"@id\":\"https:\/\/meozen.com\/fr\/#website\",\"url\":\"https:\/\/meozen.com\/fr\/\",\"name\":\"Meozen - Votre portail bien-\u00eatre\",\"description\":\"D\u00e9couvrez tout l&#039;univers du bien-\u00eatre, yoga, m\u00e9ditation, trouvez les meilleures retraites et formations bien-\u00eatre\",\"publisher\":{\"@id\":\"https:\/\/meozen.com\/fr\/#organization\"},\"potentialAction\":[{\"@type\":\"SearchAction\",\"target\":{\"@type\":\"EntryPoint\",\"urlTemplate\":\"https:\/\/meozen.com\/fr\/?s={search_term_string}\"},\"query-input\":{\"@type\":\"PropertyValueSpecification\",\"valueRequired\":true,\"valueName\":\"search_term_string\"}}],\"inLanguage\":\"fr-FR\"},{\"@type\":\"Organization\",\"@id\":\"https:\/\/meozen.com\/fr\/#organization\",\"name\":\"Meozen\",\"url\":\"https:\/\/meozen.com\/fr\/\",\"logo\":{\"@type\":\"ImageObject\",\"inLanguage\":\"fr-FR\",\"@id\":\"https:\/\/meozen.com\/fr\/#\/schema\/logo\/image\/\",\"url\":\"https:\/\/meozen.com\/fr\/wp-content\/uploads\/sites\/2\/2021\/06\/logo-meozen-push.jpg\",\"contentUrl\":\"https:\/\/meozen.com\/fr\/wp-content\/uploads\/sites\/2\/2021\/06\/logo-meozen-push.jpg\",\"width\":384,\"height\":384,\"caption\":\"Meozen\"},\"image\":{\"@id\":\"https:\/\/meozen.com\/fr\/#\/schema\/logo\/image\/\"},\"sameAs\":[\"https:\/\/www.facebook.com\/MeozenFr\/\",\"https:\/\/www.pinterest.fr\/meozen_officiel\/\",\"https:\/\/www.instagram.com\/meozen_officiel\/\"]}]}<\/script>\n<!-- \/ Yoast SEO plugin. -->","yoast_head_json":{"title":"Ujjayi Pranayama : la respiration relaxante - Meozen","description":"\u27bd D\u00e9couvrez tout sur le Ujjayi Pranayama : d\u00e9finition, pratique \u00e9tape par \u00e9tape, vid\u00e9o, bienfaits \u2705 et contre-indications.","robots":{"index":"index","follow":"follow","max-snippet":"max-snippet:-1","max-image-preview":"max-image-preview:large","max-video-preview":"max-video-preview:-1"},"canonical":"https:\/\/meozen.com\/fr\/yoga\/pranayama\/ujjayi-pranayama\/","og_locale":"fr_FR","og_type":"article","og_title":"Ujjayi Pranayama : la respiration relaxante - Meozen","og_description":"\u27bd D\u00e9couvrez tout sur le Ujjayi Pranayama : d\u00e9finition, pratique \u00e9tape par \u00e9tape, vid\u00e9o, bienfaits \u2705 et contre-indications.","og_url":"https:\/\/meozen.com\/fr\/yoga\/pranayama\/ujjayi-pranayama\/","og_site_name":"Meozen - Votre portail bien-\u00eatre","article_publisher":"https:\/\/www.facebook.com\/MeozenFr\/","article_modified_time":"2023-08-14T20:46:04+00:00","og_image":[{"width":1024,"height":576,"url":"https:\/\/meozen.com\/fr\/wp-content\/uploads\/sites\/2\/2021\/03\/ujjayi-pranayama.jpg","type":"image\/jpeg"}],"twitter_card":"summary_large_image","twitter_misc":{"Dur\u00e9e de lecture estim\u00e9e":"3 minutes"},"schema":{"@context":"https:\/\/schema.org","@graph":[{"@type":"WebPage","@id":"https:\/\/meozen.com\/fr\/yoga\/pranayama\/ujjayi-pranayama\/","url":"https:\/\/meozen.com\/fr\/yoga\/pranayama\/ujjayi-pranayama\/","name":"Ujjayi Pranayama : la respiration relaxante - Meozen","isPartOf":{"@id":"https:\/\/meozen.com\/fr\/#website"},"primaryImageOfPage":{"@id":"https:\/\/meozen.com\/fr\/yoga\/pranayama\/ujjayi-pranayama\/#primaryimage"},"image":{"@id":"https:\/\/meozen.com\/fr\/yoga\/pranayama\/ujjayi-pranayama\/#primaryimage"},"thumbnailUrl":"https:\/\/meozen.com\/fr\/wp-content\/uploads\/sites\/2\/2021\/03\/ujjayi-pranayama.jpg","datePublished":"2021-04-08T22:24:22+00:00","dateModified":"2023-08-14T20:46:04+00:00","description":"\u27bd D\u00e9couvrez tout sur le Ujjayi Pranayama : d\u00e9finition, pratique \u00e9tape par \u00e9tape, vid\u00e9o, bienfaits \u2705 et contre-indications.","breadcrumb":{"@id":"https:\/\/meozen.com\/fr\/yoga\/pranayama\/ujjayi-pranayama\/#breadcrumb"},"inLanguage":"fr-FR","potentialAction":[{"@type":"ReadAction","target":["https:\/\/meozen.com\/fr\/yoga\/pranayama\/ujjayi-pranayama\/"]}]},{"@type":"ImageObject","inLanguage":"fr-FR","@id":"https:\/\/meozen.com\/fr\/yoga\/pranayama\/ujjayi-pranayama\/#primaryimage","url":"https:\/\/meozen.com\/fr\/wp-content\/uploads\/sites\/2\/2021\/03\/ujjayi-pranayama.jpg","contentUrl":"https:\/\/meozen.com\/fr\/wp-content\/uploads\/sites\/2\/2021\/03\/ujjayi-pranayama.jpg","width":1024,"height":576,"caption":"Image montrant une femme assise en lotus, tout en pratiquant le pranayama Ujjayi. L'image est accompagn\u00e9 du texte suivant : \"Ujjayi Pranayama : La respiration relaxante\""},{"@type":"BreadcrumbList","@id":"https:\/\/meozen.com\/fr\/yoga\/pranayama\/ujjayi-pranayama\/#breadcrumb","itemListElement":[{"@type":"ListItem","position":1,"name":"Accueil","item":"https:\/\/meozen.com\/fr\/"},{"@type":"ListItem","position":2,"name":"Yoga : Tout savoir sur cette pratique","item":"https:\/\/meozen.com\/fr\/yoga\/"},{"@type":"ListItem","position":3,"name":"Pranayama : Les techniques de respiration yogis","item":"https:\/\/meozen.com\/fr\/yoga\/pranayama\/"},{"@type":"ListItem","position":4,"name":"Ujjayi Pranayama : la respiration relaxante"}]},{"@type":"WebSite","@id":"https:\/\/meozen.com\/fr\/#website","url":"https:\/\/meozen.com\/fr\/","name":"Meozen - Votre portail bien-\u00eatre","description":"D\u00e9couvrez tout l&#039;univers du bien-\u00eatre, yoga, m\u00e9ditation, trouvez les meilleures retraites et formations bien-\u00eatre","publisher":{"@id":"https:\/\/meozen.com\/fr\/#organization"},"potentialAction":[{"@type":"SearchAction","target":{"@type":"EntryPoint","urlTemplate":"https:\/\/meozen.com\/fr\/?s={search_term_string}"},"query-input":{"@type":"PropertyValueSpecification","valueRequired":true,"valueName":"search_term_string"}}],"inLanguage":"fr-FR"},{"@type":"Organization","@id":"https:\/\/meozen.com\/fr\/#organization","name":"Meozen","url":"https:\/\/meozen.com\/fr\/","logo":{"@type":"ImageObject","inLanguage":"fr-FR","@id":"https:\/\/meozen.com\/fr\/#\/schema\/logo\/image\/","url":"https:\/\/meozen.com\/fr\/wp-content\/uploads\/sites\/2\/2021\/06\/logo-meozen-push.jpg","contentUrl":"https:\/\/meozen.com\/fr\/wp-content\/uploads\/sites\/2\/2021\/06\/logo-meozen-push.jpg","width":384,"height":384,"caption":"Meozen"},"image":{"@id":"https:\/\/meozen.com\/fr\/#\/schema\/logo\/image\/"},"sameAs":["https:\/\/www.facebook.com\/MeozenFr\/","https:\/\/www.pinterest.fr\/meozen_officiel\/","https:\/\/www.instagram.com\/meozen_officiel\/"]}]}},"_links":{"self":[{"href":"https:\/\/meozen.com\/fr\/wp-json\/wp\/v2\/pages\/1009","targetHints":{"allow":["GET"]}}],"collection":[{"href":"https:\/\/meozen.com\/fr\/wp-json\/wp\/v2\/pages"}],"about":[{"href":"https:\/\/meozen.com\/fr\/wp-json\/wp\/v2\/types\/page"}],"author":[{"embeddable":true,"href":"https:\/\/meozen.com\/fr\/wp-json\/wp\/v2\/users\/1"}],"replies":[{"embeddable":true,"href":"https:\/\/meozen.com\/fr\/wp-json\/wp\/v2\/comments?post=1009"}],"version-history":[{"count":0,"href":"https:\/\/meozen.com\/fr\/wp-json\/wp\/v2\/pages\/1009\/revisions"}],"up":[{"embeddable":true,"href":"https:\/\/meozen.com\/fr\/wp-json\/wp\/v2\/pages\/531"}],"wp:featuredmedia":[{"embeddable":true,"href":"https:\/\/meozen.com\/fr\/wp-json\/wp\/v2\/media\/229"}],"wp:attachment":[{"href":"https:\/\/meozen.com\/fr\/wp-json\/wp\/v2\/media?parent=1009"}],"curies":[{"name":"wp","href":"https:\/\/api.w.org\/{rel}","templated":true}]}}