{"id":1011,"date":"2021-04-09T00:35:49","date_gmt":"2021-04-08T22:35:49","guid":{"rendered":"https:\/\/meozen.com\/fr\/?page_id=1011"},"modified":"2023-08-14T22:46:05","modified_gmt":"2023-08-14T20:46:05","slug":"comment-devenir-professeur","status":"publish","type":"page","link":"https:\/\/meozen.com\/fr\/yoga\/vinyasa-yoga\/comment-devenir-professeur\/","title":{"rendered":"Formation Vinyasa Yoga : Comment devenir professeur de Vinyasa Yoga certifi\u00e9 ?"},"content":{"rendered":"\n<p id=\"block-158d0941-3cdf-4e6c-bebc-6b08575fc24f\">Vous d\u00e9sirez vous sp\u00e9cialiser en <a href=\"https:\/\/meozen.com\/fr\/yoga\/vinyasa-yoga\/\">Vinyasa Yoga<\/a> puis partager votre savoir \u00e0 travers l\u2019enseignement ? Pour <strong>devenir professeur de Vinyasa certifi\u00e9<\/strong>, le module \u00ab\u00a0Yoga Vinyasa 50 heures\u201d est un bon moyen pour y parvenir. On vous donne davantage de d\u00e9tails sur cette formation.<\/p>\n\n\n\n<h2 class=\"wp-block-heading\" id=\"block-bde5b3f9-fdd5-4a51-a84a-b5be86f9b899\">1. <strong>Qu\u2019est-ce que le programme Vinyasa <strong>Yoga<\/strong> 50 heures ?<\/strong><\/h2>\n\n\n\n<p id=\"block-78a75fcc-2a9b-4e50-aebd-7612bd787345\">C\u2019est un module comprenant <strong>50 heures de cours<\/strong> (g\u00e9n\u00e9ralement r\u00e9partis sur une semaine) sp\u00e9cialis\u00e9 dans la pratique du Vinyasa. C\u2019est une formation certifiante comprenant les fondamentaux pour pratiquer et enseigner cette discipline. Cette certification est disponible en France ou \u00e0 l\u2019\u00e9tranger.\u00a0<\/p>\n\n\n\n<p id=\"block-78e2c335-a3fa-46bc-8800-2498e8411ace\">Ce module est fait pour les enseignants, d\u00e9tenant d\u00e9j\u00e0 <strong>un dipl\u00f4me de professeur de yoga 200 heures ou 500 heures<\/strong> (intitul\u00e9 <a href=\"https:\/\/meozen.com\/fr\/yoga\/teacher-training\/\">Yoga Teacher Training<\/a>), qui souhaitent s\u2019orienter vers la sp\u00e9cialit\u00e9 Vinyasa. Ce module peut toutefois convenir \u00e0 des d\u00e9butants qui souhaitent apprendre le <a class=\"wpil_keyword_link\" href=\"https:\/\/meozen.com\/fr\/yoga\/\"   title=\"yoga\" data-wpil-keyword-link=\"linked\">yoga<\/a> et plus particuli\u00e8rement le Yoga Vinyasa.<\/p>\n\n\n\n<p id=\"block-8742b1bd-9403-4fc4-a5f9-ed6526b0e20c\">Ce type de formation peut \u00eatre accr\u00e9dit\u00e9e par la <strong>Yoga Alliance<\/strong> (certification reconnue aux \u00c9tats-Unis), <strong>l\u2019Union Europ\u00e9enne du Yoga<\/strong> encore la <strong>British Wheel of Yoga<\/strong> (au Royaume-Uni).\u00a0<\/p>\n\n\n\n<h2 class=\"wp-block-heading\" id=\"block-618a05d0-4b35-4fa4-ae05-7aecdead1542\">2. <strong>Qu\u2019apprend-on dans une formation Vinyasa <strong>Yoga<\/strong> 50 heures ?<\/strong><\/h2>\n\n\n\n<p id=\"block-0b66242f-5f08-4412-8f77-4600558bee77\">Dans ce module, vous apprendrez les <strong>origines et la philosophie du Vinyasa<\/strong>. Vous reverrez et pratiquerez les diff\u00e9rentes asanas, puis apprendrez des <strong>s\u00e9quences de Vinyasa<\/strong> afin de savoir construire des cours.<\/p>\n\n\n\n<p id=\"block-5a578b71-5fd3-45f5-b2a4-537b9c502364\">L\u2019accent sera mis sur les techniques p\u00e9dagogiques et l\u2019art d\u2019enseigner pour vous pr\u00e9parer \u00e0 donner des cours, bien ajuster les postures de vos \u00e9l\u00e8ves, et \u00eatre \u00e0 l\u2019\u00e9coute de leurs besoins. Enfin, vous b\u00e9n\u00e9ficierez de cours de m\u00e9ditation, pranayamas et anatomie pour compl\u00e9ter ce module.<\/p>\n\n\n\n<h2 class=\"wp-block-heading\" id=\"block-271d33fe-edf8-40b8-adc7-99b3ed1f8b83\">3. <strong>Formation en Vinyasa <strong>Yoga<\/strong> : comment bien choisir sa formation en France ou \u00e0 l\u2019\u00e9tranger ?<\/strong><\/h2>\n\n\n\n<p id=\"block-5ac25e29-48ea-4638-9e61-9321f01d47b6\">Pour choisir une bonne formation en France ou \u00e0 l\u2019\u00e9tranger, veillez \u00e0 ce que :<\/p>\n\n\n\n<ul class=\"wp-block-list\" id=\"block-22a37565-5a16-42f7-a488-48c6a2be9e76\"><li>Les cours de Vinyasa soient pr\u00e9-dominants dans la formation. Contactez le centre qui vous int\u00e9resse pour conna\u00eetre le nombre d\u2019heures de Vinyasa Yoga enseign\u00e9es ;<\/li><li>Les notes et les avis laiss\u00e9s par les anciens \u00e9tudiants soient bons et \u00e0 la hauteur de vos attentes ;<\/li><li>Les co\u00fbts comprennent l\u2019h\u00e9bergement et la nourriture, voire la prise en charge pour vous amener au centre de formation depuis une gare ou un a\u00e9roport ;<\/li><li>La formation soit certifiante et si oui quel type de certification est d\u00e9livr\u00e9e (Yoga Alliance, l\u2019Union Europ\u00e9enne du Yoga, British Wheel of Yoga) ;<\/li><li>L\u2019enseignement soit fait dans une langue que vous comprenez. Pour les formations en Europe ou en Asie par exemple, il y a de fortes chances que les cours soient dispens\u00e9s en anglais. Cependant des cours en fran\u00e7ais existent, il suffit de v\u00e9rifier cela dans le programme ;<\/li><li>L\u2019\u00e9cole vous pr\u00eate le mat\u00e9riel n\u00e9cessaire durant le temps de la formation.<\/li><\/ul>\n\n\n\n<h3 class=\"wp-block-heading\" id=\"block-625df4c4-c1ff-4cde-8a7b-c43396fd4c83\">Pour faire votre choix, vous pouvez\u2026<\/h3>\n\n\n\n<ul class=\"wp-block-list\" id=\"block-2981d539-7922-47f0-abc4-a470795f8651\"><li>Vous rendre sur le <a href=\"https:\/\/www.bookyogateachertraining.com\/fr\/all\/s\/vinyasa?aid=7193\">site bookyogateachertraining.com<\/a> afin de trouver la meilleure formation pour vous.<\/li><li>Vous rendre sur les registres du site comme sur celui de <strong>Yoga Alliance<\/strong> pour voir les avis et notes laiss\u00e9s par les anciens \u00e9l\u00e8ves.<\/li><\/ul>\n\n\n\n<h3 class=\"wp-block-heading\">Pour aller plus loin :<\/h3>\n\n\n\n<ul class=\"wp-block-list\"><li><a href=\"https:\/\/meozen.com\/fr\/yoga\/vinyasa-yoga\/pratique\/\">O\u00f9 et comment pratiquer le Vinyasa Yoga ?<\/a><\/li><li><a href=\"https:\/\/meozen.com\/fr\/yoga\/vinyasa-yoga\/tapis-materiel\/\">Quels tapis et mat\u00e9riel acheter pour pratiquer le Vinyasa Yoga ?<\/a><\/li><li>D\u00e9couvrir les retraites de Vinyasa Yoga<\/li><\/ul>\n\n\n\t\t<div data-elementor-type=\"section\" data-elementor-id=\"1187\" class=\"elementor elementor-1187\" data-elementor-post-type=\"elementor_library\">\n\t\t\t\t\t<section class=\"elementor-section elementor-top-section elementor-element elementor-element-2f3a7663 elementor-section-boxed elementor-section-height-default elementor-section-height-default\" data-id=\"2f3a7663\" data-element_type=\"section\" data-e-type=\"section\">\n\t\t\t\t\t\t<div class=\"elementor-container elementor-column-gap-default\">\n\t\t\t\t\t<div class=\"elementor-column elementor-col-100 elementor-top-column elementor-element elementor-element-152672cd\" data-id=\"152672cd\" data-element_type=\"column\" data-e-type=\"column\">\n\t\t\t<div class=\"elementor-widget-wrap elementor-element-populated\">\n\t\t\t\t\t\t<section class=\"elementor-section elementor-inner-section elementor-element elementor-element-7addff1 elementor-section-boxed elementor-section-height-default elementor-section-height-default\" data-id=\"7addff1\" data-element_type=\"section\" data-e-type=\"section\">\n\t\t\t\t\t\t<div class=\"elementor-container elementor-column-gap-default\">\n\t\t\t\t\t<div class=\"elementor-column elementor-col-50 elementor-inner-column elementor-element elementor-element-20a18ff0\" data-id=\"20a18ff0\" data-element_type=\"column\" data-e-type=\"column\" data-settings=\"{&quot;background_background&quot;:&quot;classic&quot;}\">\n\t\t\t<div class=\"elementor-widget-wrap elementor-element-populated\">\n\t\t\t\t\t\t<div class=\"elementor-element elementor-element-79e7b804 elementor-widget elementor-widget-heading\" data-id=\"79e7b804\" data-element_type=\"widget\" data-e-type=\"widget\" data-widget_type=\"heading.default\">\n\t\t\t\t<div class=\"elementor-widget-container\">\n\t\t\t\t\t<h5 class=\"elementor-heading-title elementor-size-default\">Plus de Yoga Vinyasa \ud83e\uddd8\ud83c\udffc\u200d\u2640\ufe0f<\/h5>\t\t\t\t<\/div>\n\t\t\t\t<\/div>\n\t\t\t\t<div class=\"elementor-element elementor-element-3b64e17 more-info elementor-widget elementor-widget-text-editor\" data-id=\"3b64e17\" data-element_type=\"widget\" data-e-type=\"widget\" data-widget_type=\"text-editor.default\">\n\t\t\t\t<div class=\"elementor-widget-container\">\n\t\t\t\t\t\t\t\t\t<ul><li><span style=\"text-decoration: underline;\"><a style=\"color: #000000; text-decoration: underline;\" href=\"https:\/\/meozen.com\/fr\/yoga\/vinyasa-yoga\/\">Tout savoir sur le Vinyasa Yoga<\/a><\/span><\/li><li><span style=\"text-decoration: underline;\"><a style=\"color: #000000; text-decoration: underline;\" href=\"https:\/\/meozen.com\/fr\/yoga\/vinyasa-yoga\/pratique\/\">O\u00f9 et comment pratiquer le Vinyasa Yoga ?<\/a><\/span><\/li><\/ul>\t\t\t\t\t\t\t\t<\/div>\n\t\t\t\t<\/div>\n\t\t\t\t\t<\/div>\n\t\t<\/div>\n\t\t\t\t<div class=\"elementor-column elementor-col-50 elementor-inner-column elementor-element elementor-element-7779cf55\" data-id=\"7779cf55\" data-element_type=\"column\" data-e-type=\"column\" data-settings=\"{&quot;background_background&quot;:&quot;classic&quot;}\">\n\t\t\t<div class=\"elementor-widget-wrap elementor-element-populated\">\n\t\t\t\t\t\t<div class=\"elementor-element elementor-element-2e84ed94 elementor-widget elementor-widget-heading\" data-id=\"2e84ed94\" data-element_type=\"widget\" data-e-type=\"widget\" data-widget_type=\"heading.default\">\n\t\t\t\t<div class=\"elementor-widget-container\">\n\t\t\t\t\t<h5 class=\"elementor-heading-title elementor-size-default\">Plus de Formations <img decoding=\"async\" role=\"img\" class=\"emoji\" alt=\"\ud83e\uddd8\ud83c\udffc\u200d\u2640\ufe0f\" src=\"https:\/\/s.w.org\/images\/core\/emoji\/13.0.0\/svg\/1f9d8-1f3fc-200d-2640-fe0f.svg\"><\/h5>\t\t\t\t<\/div>\n\t\t\t\t<\/div>\n\t\t\t\t<div class=\"elementor-element elementor-element-1704f3fa more-info elementor-widget elementor-widget-text-editor\" data-id=\"1704f3fa\" data-element_type=\"widget\" data-e-type=\"widget\" data-widget_type=\"text-editor.default\">\n\t\t\t\t<div class=\"elementor-widget-container\">\n\t\t\t\t\t\t\t\t\t<ul><li><span style=\"text-decoration: underline;\"><a style=\"color: #000000; text-decoration: underline;\" href=\"https:\/\/meozen.com\/fr\/yoga\/devenir-professeur-de-yoga\/\">Devenir professeur de yoga<\/a><\/span><\/li><li><span style=\"text-decoration: underline;\"><a style=\"color: #000000; text-decoration: underline;\" href=\"https:\/\/meozen.com\/fr\/yoga\/yin-yoga\/comment-devenir-professeur\/\">Devenir professeur de Yin Yoga<\/a><\/span><\/li><li><span style=\"text-decoration: underline;\"><a style=\"color: #000000; text-decoration: underline;\" href=\"https:\/\/meozen.com\/fr\/yoga\/hatha-yoga\/comment-devenir-professeur\/\">Devenir professeur de <\/a><\/span><span style=\"text-decoration: underline;\"><a style=\"color: #000000; text-decoration: underline;\" href=\"https:\/\/meozen.com\/fr\/yoga\/hatha-yoga\/comment-devenir-professeur\/\">Hatha Yoga<\/a><\/span><\/li><li><span style=\"text-decoration: underline;\"><a style=\"color: #000000; text-decoration: underline;\" href=\"https:\/\/meozen.com\/fr\/yoga\/ashtanga-yoga\/comment-devenir-professeur\/\">Devenir professeur de Ashtanga Yoga<\/a><\/span><\/li><li><span style=\"text-decoration: underline;\"><a style=\"color: #000000; text-decoration: underline;\" href=\"https:\/\/meozen.com\/fr\/yoga\/prenatal\/comment-devenir-professeur\/\">Devenir professeur de Yoga Pr\u00e9-natal<\/a><\/span><\/li><li><span style=\"text-decoration: underline;\"><a style=\"color: #000000; text-decoration: underline;\" href=\"https:\/\/meozen.com\/fr\/yoga\/nidra\/comment-devenir-professeur\/\">Devenir professeur de Yoga Nidra<\/a><\/span><\/li><li><span style=\"text-decoration: underline;\"><a style=\"color: #000000; text-decoration: underline;\" href=\"https:\/\/meozen.com\/fr\/yoga\/teacher-training\/\">Yoga Teacher Training : tout savoir sur les formations certifiantes<\/a><\/span><\/li><\/ul>\t\t\t\t\t\t\t\t<\/div>\n\t\t\t\t<\/div>\n\t\t\t\t\t<\/div>\n\t\t<\/div>\n\t\t\t\t\t<\/div>\n\t\t<\/section>\n\t\t\t\t\t<\/div>\n\t\t<\/div>\n\t\t\t\t\t<\/div>\n\t\t<\/section>\n\t\t\t\t<\/div>\n\t\t\n","protected":false},"excerpt":{"rendered":"<p>Vous d\u00e9sirez vous sp\u00e9cialiser en Vinyasa Yoga puis partager votre savoir \u00e0 travers l\u2019enseignement ? Pour devenir professeur de Vinyasa certifi\u00e9, le module \u00ab\u00a0Yoga Vinyasa 50 heures\u201d est un bon moyen pour y parvenir. On vous donne davantage de d\u00e9tails sur cette formation. 1. Qu\u2019est-ce que le programme Vinyasa Yoga 50 heures ? C\u2019est un [&hellip;]<\/p>\n","protected":false},"author":1,"featured_media":167,"parent":779,"menu_order":0,"comment_status":"closed","ping_status":"closed","template":"","meta":{"_mo_disable_npp":"","footnotes":""},"class_list":["post-1011","page","type-page","status-publish","has-post-thumbnail","hentry"],"yoast_head":"<!-- This site is optimized with the Yoast SEO plugin v26.8 - https:\/\/yoast.com\/product\/yoast-seo-wordpress\/ -->\n<title>Quelle formation Vinyasa Yoga pour devenir professeur certifi\u00e9 ? - Meozen<\/title>\n<meta name=\"description\" content=\"\u27bd D\u00e9couvrez tout pour devenir professeur de Vinyasa Yoga certifi\u00e9 \u2705 : programme, dur\u00e9e et lieu de formation, dipl\u00f4me compl\u00e9mentaire.\" \/>\n<meta name=\"robots\" content=\"index, follow, max-snippet:-1, max-image-preview:large, max-video-preview:-1\" \/>\n<link rel=\"canonical\" href=\"https:\/\/meozen.com\/fr\/yoga\/vinyasa-yoga\/comment-devenir-professeur\/\" \/>\n<meta property=\"og:locale\" content=\"fr_FR\" \/>\n<meta property=\"og:type\" content=\"article\" \/>\n<meta property=\"og:title\" content=\"Quelle formation Vinyasa Yoga pour devenir professeur certifi\u00e9 ? - Meozen\" \/>\n<meta property=\"og:description\" content=\"\u27bd D\u00e9couvrez tout pour devenir professeur de Vinyasa Yoga certifi\u00e9 \u2705 : programme, dur\u00e9e et lieu de formation, dipl\u00f4me compl\u00e9mentaire.\" \/>\n<meta property=\"og:url\" content=\"https:\/\/meozen.com\/fr\/yoga\/vinyasa-yoga\/comment-devenir-professeur\/\" \/>\n<meta property=\"og:site_name\" content=\"Meozen - Votre portail bien-\u00eatre\" \/>\n<meta property=\"article:publisher\" content=\"https:\/\/www.facebook.com\/MeozenFr\/\" \/>\n<meta property=\"article:modified_time\" content=\"2023-08-14T20:46:05+00:00\" \/>\n<meta property=\"og:image\" content=\"https:\/\/meozen.com\/fr\/wp-content\/uploads\/sites\/2\/2021\/03\/devenir-professeur-de-vinyasa-yoga-meozen.jpg\" \/>\n\t<meta property=\"og:image:width\" content=\"1024\" \/>\n\t<meta property=\"og:image:height\" content=\"576\" \/>\n\t<meta property=\"og:image:type\" content=\"image\/jpeg\" \/>\n<meta name=\"twitter:card\" content=\"summary_large_image\" \/>\n<meta name=\"twitter:label1\" content=\"Dur\u00e9e de lecture estim\u00e9e\" \/>\n\t<meta name=\"twitter:data1\" content=\"3 minutes\" \/>\n<script type=\"application\/ld+json\" class=\"yoast-schema-graph\">{\"@context\":\"https:\/\/schema.org\",\"@graph\":[{\"@type\":\"WebPage\",\"@id\":\"https:\/\/meozen.com\/fr\/yoga\/vinyasa-yoga\/comment-devenir-professeur\/\",\"url\":\"https:\/\/meozen.com\/fr\/yoga\/vinyasa-yoga\/comment-devenir-professeur\/\",\"name\":\"Quelle formation Vinyasa Yoga pour devenir professeur certifi\u00e9 ? - Meozen\",\"isPartOf\":{\"@id\":\"https:\/\/meozen.com\/fr\/#website\"},\"primaryImageOfPage\":{\"@id\":\"https:\/\/meozen.com\/fr\/yoga\/vinyasa-yoga\/comment-devenir-professeur\/#primaryimage\"},\"image\":{\"@id\":\"https:\/\/meozen.com\/fr\/yoga\/vinyasa-yoga\/comment-devenir-professeur\/#primaryimage\"},\"thumbnailUrl\":\"https:\/\/meozen.com\/fr\/wp-content\/uploads\/sites\/2\/2021\/03\/devenir-professeur-de-vinyasa-yoga-meozen.jpg\",\"datePublished\":\"2021-04-08T22:35:49+00:00\",\"dateModified\":\"2023-08-14T20:46:05+00:00\",\"description\":\"\u27bd D\u00e9couvrez tout pour devenir professeur de Vinyasa Yoga certifi\u00e9 \u2705 : programme, dur\u00e9e et lieu de formation, dipl\u00f4me compl\u00e9mentaire.\",\"breadcrumb\":{\"@id\":\"https:\/\/meozen.com\/fr\/yoga\/vinyasa-yoga\/comment-devenir-professeur\/#breadcrumb\"},\"inLanguage\":\"fr-FR\",\"potentialAction\":[{\"@type\":\"ReadAction\",\"target\":[\"https:\/\/meozen.com\/fr\/yoga\/vinyasa-yoga\/comment-devenir-professeur\/\"]}]},{\"@type\":\"ImageObject\",\"inLanguage\":\"fr-FR\",\"@id\":\"https:\/\/meozen.com\/fr\/yoga\/vinyasa-yoga\/comment-devenir-professeur\/#primaryimage\",\"url\":\"https:\/\/meozen.com\/fr\/wp-content\/uploads\/sites\/2\/2021\/03\/devenir-professeur-de-vinyasa-yoga-meozen.jpg\",\"contentUrl\":\"https:\/\/meozen.com\/fr\/wp-content\/uploads\/sites\/2\/2021\/03\/devenir-professeur-de-vinyasa-yoga-meozen.jpg\",\"width\":1024,\"height\":576,\"caption\":\"Image montrant une professeure de yoga et une \u00e9l\u00e8ve, accompagn\u00e9 de la phrase \\\"Devenir professeur de Vinyasa Yoga, les conseils Meozen\\\"\"},{\"@type\":\"BreadcrumbList\",\"@id\":\"https:\/\/meozen.com\/fr\/yoga\/vinyasa-yoga\/comment-devenir-professeur\/#breadcrumb\",\"itemListElement\":[{\"@type\":\"ListItem\",\"position\":1,\"name\":\"Accueil\",\"item\":\"https:\/\/meozen.com\/fr\/\"},{\"@type\":\"ListItem\",\"position\":2,\"name\":\"Yoga : Tout savoir sur cette pratique\",\"item\":\"https:\/\/meozen.com\/fr\/yoga\/\"},{\"@type\":\"ListItem\",\"position\":3,\"name\":\"Vinyasa Yoga : Tout savoir sur ce yoga fluide et dynamique\",\"item\":\"https:\/\/meozen.com\/fr\/yoga\/vinyasa-yoga\/\"},{\"@type\":\"ListItem\",\"position\":4,\"name\":\"Formation Vinyasa Yoga : Comment devenir professeur de Vinyasa Yoga certifi\u00e9 ?\"}]},{\"@type\":\"WebSite\",\"@id\":\"https:\/\/meozen.com\/fr\/#website\",\"url\":\"https:\/\/meozen.com\/fr\/\",\"name\":\"Meozen - Votre portail bien-\u00eatre\",\"description\":\"D\u00e9couvrez tout l&#039;univers du bien-\u00eatre, yoga, m\u00e9ditation, trouvez les meilleures retraites et formations bien-\u00eatre\",\"publisher\":{\"@id\":\"https:\/\/meozen.com\/fr\/#organization\"},\"potentialAction\":[{\"@type\":\"SearchAction\",\"target\":{\"@type\":\"EntryPoint\",\"urlTemplate\":\"https:\/\/meozen.com\/fr\/?s={search_term_string}\"},\"query-input\":{\"@type\":\"PropertyValueSpecification\",\"valueRequired\":true,\"valueName\":\"search_term_string\"}}],\"inLanguage\":\"fr-FR\"},{\"@type\":\"Organization\",\"@id\":\"https:\/\/meozen.com\/fr\/#organization\",\"name\":\"Meozen\",\"url\":\"https:\/\/meozen.com\/fr\/\",\"logo\":{\"@type\":\"ImageObject\",\"inLanguage\":\"fr-FR\",\"@id\":\"https:\/\/meozen.com\/fr\/#\/schema\/logo\/image\/\",\"url\":\"https:\/\/meozen.com\/fr\/wp-content\/uploads\/sites\/2\/2021\/06\/logo-meozen-push.jpg\",\"contentUrl\":\"https:\/\/meozen.com\/fr\/wp-content\/uploads\/sites\/2\/2021\/06\/logo-meozen-push.jpg\",\"width\":384,\"height\":384,\"caption\":\"Meozen\"},\"image\":{\"@id\":\"https:\/\/meozen.com\/fr\/#\/schema\/logo\/image\/\"},\"sameAs\":[\"https:\/\/www.facebook.com\/MeozenFr\/\",\"https:\/\/www.pinterest.fr\/meozen_officiel\/\",\"https:\/\/www.instagram.com\/meozen_officiel\/\"]}]}<\/script>\n<!-- \/ Yoast SEO plugin. -->","yoast_head_json":{"title":"Quelle formation Vinyasa Yoga pour devenir professeur certifi\u00e9 ? - Meozen","description":"\u27bd D\u00e9couvrez tout pour devenir professeur de Vinyasa Yoga certifi\u00e9 \u2705 : programme, dur\u00e9e et lieu de formation, dipl\u00f4me compl\u00e9mentaire.","robots":{"index":"index","follow":"follow","max-snippet":"max-snippet:-1","max-image-preview":"max-image-preview:large","max-video-preview":"max-video-preview:-1"},"canonical":"https:\/\/meozen.com\/fr\/yoga\/vinyasa-yoga\/comment-devenir-professeur\/","og_locale":"fr_FR","og_type":"article","og_title":"Quelle formation Vinyasa Yoga pour devenir professeur certifi\u00e9 ? - Meozen","og_description":"\u27bd D\u00e9couvrez tout pour devenir professeur de Vinyasa Yoga certifi\u00e9 \u2705 : programme, dur\u00e9e et lieu de formation, dipl\u00f4me compl\u00e9mentaire.","og_url":"https:\/\/meozen.com\/fr\/yoga\/vinyasa-yoga\/comment-devenir-professeur\/","og_site_name":"Meozen - Votre portail bien-\u00eatre","article_publisher":"https:\/\/www.facebook.com\/MeozenFr\/","article_modified_time":"2023-08-14T20:46:05+00:00","og_image":[{"width":1024,"height":576,"url":"https:\/\/meozen.com\/fr\/wp-content\/uploads\/sites\/2\/2021\/03\/devenir-professeur-de-vinyasa-yoga-meozen.jpg","type":"image\/jpeg"}],"twitter_card":"summary_large_image","twitter_misc":{"Dur\u00e9e de lecture estim\u00e9e":"3 minutes"},"schema":{"@context":"https:\/\/schema.org","@graph":[{"@type":"WebPage","@id":"https:\/\/meozen.com\/fr\/yoga\/vinyasa-yoga\/comment-devenir-professeur\/","url":"https:\/\/meozen.com\/fr\/yoga\/vinyasa-yoga\/comment-devenir-professeur\/","name":"Quelle formation Vinyasa Yoga pour devenir professeur certifi\u00e9 ? - Meozen","isPartOf":{"@id":"https:\/\/meozen.com\/fr\/#website"},"primaryImageOfPage":{"@id":"https:\/\/meozen.com\/fr\/yoga\/vinyasa-yoga\/comment-devenir-professeur\/#primaryimage"},"image":{"@id":"https:\/\/meozen.com\/fr\/yoga\/vinyasa-yoga\/comment-devenir-professeur\/#primaryimage"},"thumbnailUrl":"https:\/\/meozen.com\/fr\/wp-content\/uploads\/sites\/2\/2021\/03\/devenir-professeur-de-vinyasa-yoga-meozen.jpg","datePublished":"2021-04-08T22:35:49+00:00","dateModified":"2023-08-14T20:46:05+00:00","description":"\u27bd D\u00e9couvrez tout pour devenir professeur de Vinyasa Yoga certifi\u00e9 \u2705 : programme, dur\u00e9e et lieu de formation, dipl\u00f4me compl\u00e9mentaire.","breadcrumb":{"@id":"https:\/\/meozen.com\/fr\/yoga\/vinyasa-yoga\/comment-devenir-professeur\/#breadcrumb"},"inLanguage":"fr-FR","potentialAction":[{"@type":"ReadAction","target":["https:\/\/meozen.com\/fr\/yoga\/vinyasa-yoga\/comment-devenir-professeur\/"]}]},{"@type":"ImageObject","inLanguage":"fr-FR","@id":"https:\/\/meozen.com\/fr\/yoga\/vinyasa-yoga\/comment-devenir-professeur\/#primaryimage","url":"https:\/\/meozen.com\/fr\/wp-content\/uploads\/sites\/2\/2021\/03\/devenir-professeur-de-vinyasa-yoga-meozen.jpg","contentUrl":"https:\/\/meozen.com\/fr\/wp-content\/uploads\/sites\/2\/2021\/03\/devenir-professeur-de-vinyasa-yoga-meozen.jpg","width":1024,"height":576,"caption":"Image montrant une professeure de yoga et une \u00e9l\u00e8ve, accompagn\u00e9 de la phrase \"Devenir professeur de Vinyasa Yoga, les conseils Meozen\""},{"@type":"BreadcrumbList","@id":"https:\/\/meozen.com\/fr\/yoga\/vinyasa-yoga\/comment-devenir-professeur\/#breadcrumb","itemListElement":[{"@type":"ListItem","position":1,"name":"Accueil","item":"https:\/\/meozen.com\/fr\/"},{"@type":"ListItem","position":2,"name":"Yoga : Tout savoir sur cette pratique","item":"https:\/\/meozen.com\/fr\/yoga\/"},{"@type":"ListItem","position":3,"name":"Vinyasa Yoga : Tout savoir sur ce yoga fluide et dynamique","item":"https:\/\/meozen.com\/fr\/yoga\/vinyasa-yoga\/"},{"@type":"ListItem","position":4,"name":"Formation Vinyasa Yoga : Comment devenir professeur de Vinyasa Yoga certifi\u00e9 ?"}]},{"@type":"WebSite","@id":"https:\/\/meozen.com\/fr\/#website","url":"https:\/\/meozen.com\/fr\/","name":"Meozen - Votre portail bien-\u00eatre","description":"D\u00e9couvrez tout l&#039;univers du bien-\u00eatre, yoga, m\u00e9ditation, trouvez les meilleures retraites et formations bien-\u00eatre","publisher":{"@id":"https:\/\/meozen.com\/fr\/#organization"},"potentialAction":[{"@type":"SearchAction","target":{"@type":"EntryPoint","urlTemplate":"https:\/\/meozen.com\/fr\/?s={search_term_string}"},"query-input":{"@type":"PropertyValueSpecification","valueRequired":true,"valueName":"search_term_string"}}],"inLanguage":"fr-FR"},{"@type":"Organization","@id":"https:\/\/meozen.com\/fr\/#organization","name":"Meozen","url":"https:\/\/meozen.com\/fr\/","logo":{"@type":"ImageObject","inLanguage":"fr-FR","@id":"https:\/\/meozen.com\/fr\/#\/schema\/logo\/image\/","url":"https:\/\/meozen.com\/fr\/wp-content\/uploads\/sites\/2\/2021\/06\/logo-meozen-push.jpg","contentUrl":"https:\/\/meozen.com\/fr\/wp-content\/uploads\/sites\/2\/2021\/06\/logo-meozen-push.jpg","width":384,"height":384,"caption":"Meozen"},"image":{"@id":"https:\/\/meozen.com\/fr\/#\/schema\/logo\/image\/"},"sameAs":["https:\/\/www.facebook.com\/MeozenFr\/","https:\/\/www.pinterest.fr\/meozen_officiel\/","https:\/\/www.instagram.com\/meozen_officiel\/"]}]}},"_links":{"self":[{"href":"https:\/\/meozen.com\/fr\/wp-json\/wp\/v2\/pages\/1011","targetHints":{"allow":["GET"]}}],"collection":[{"href":"https:\/\/meozen.com\/fr\/wp-json\/wp\/v2\/pages"}],"about":[{"href":"https:\/\/meozen.com\/fr\/wp-json\/wp\/v2\/types\/page"}],"author":[{"embeddable":true,"href":"https:\/\/meozen.com\/fr\/wp-json\/wp\/v2\/users\/1"}],"replies":[{"embeddable":true,"href":"https:\/\/meozen.com\/fr\/wp-json\/wp\/v2\/comments?post=1011"}],"version-history":[{"count":0,"href":"https:\/\/meozen.com\/fr\/wp-json\/wp\/v2\/pages\/1011\/revisions"}],"up":[{"embeddable":true,"href":"https:\/\/meozen.com\/fr\/wp-json\/wp\/v2\/pages\/779"}],"wp:featuredmedia":[{"embeddable":true,"href":"https:\/\/meozen.com\/fr\/wp-json\/wp\/v2\/media\/167"}],"wp:attachment":[{"href":"https:\/\/meozen.com\/fr\/wp-json\/wp\/v2\/media?parent=1011"}],"curies":[{"name":"wp","href":"https:\/\/api.w.org\/{rel}","templated":true}]}}