{"id":1016,"date":"2021-04-09T00:46:18","date_gmt":"2021-04-08T22:46:18","guid":{"rendered":"https:\/\/meozen.com\/fr\/?page_id=1016"},"modified":"2023-08-14T22:46:06","modified_gmt":"2023-08-14T20:46:06","slug":"pratique","status":"publish","type":"page","link":"https:\/\/meozen.com\/fr\/yoga\/vinyasa-yoga\/pratique\/","title":{"rendered":"O\u00f9 et comment pratiquer le Vinyasa Yoga ?"},"content":{"rendered":"\n<p>Le <a href=\"https:\/\/meozen.com\/fr\/yoga\/vinyasa-yoga\/\">Vinyasa Yoga<\/a> est un yoga rapide et fluide, bas\u00e9 sur la synchronisation du souffle et des mouvements. Vous souhaitez d\u00e9buter ou perfectionner votre pratique en Vinyasa ? Avec Meozen, d\u00e9couvrez o\u00f9 et comment pratiquer ce style de yoga.<\/p>\n\n\n\n<h2 class=\"wp-block-heading\">1. <strong>Pratiquer le Vinyasa <strong>Yoga<\/strong><\/strong> <strong>chez soi avec les cours en ligne<\/strong><\/h2>\n\n\n\n<p>Il existe de nombreux <strong>cours en ligne<\/strong> pour pratiquer le Vinyasa \u00e0 la maison. Il existe par exemple d&rsquo;excellentes plateformes telles que :<\/p>\n\n\n\n<ul class=\"wp-block-list\"><li><a href=\"https:\/\/www.casayoga.tv\/d-yoga-vinyasa-en-ligne\" target=\"_blank\" rel=\"noreferrer noopener nofollow\">CasaYoga.TV<\/a><\/li><li><a href=\"https:\/\/myyogaconnect.com\/yoga\/tonique\/vinyasa\/\" target=\"_blank\" rel=\"noreferrer noopener nofollow\">My Yoga Connect<\/a><\/li><li><a href=\"https:\/\/www.yogilab.fr\/course\/vinyasa-renforcement-des-abdos-dos-ouverture-poitrine\/\" target=\"_blank\" rel=\"noreferrer noopener nofollow\">Yogi Lab<\/a><\/li><\/ul>\n\n\n\n<p>Gr\u00e2ce \u00e0 ces plateformes, vous pouvez pratiquer quand vous le souhaitez et organiser facilement votre planning. De plus, avoir un professeur, m\u00eame \u00e0 distance, vous permet d\u2019\u00eatre guid\u00e9 depuis chez vous. Les plateformes, telles que CasaYoga.TV, fonctionnent par adh\u00e9sion \u00e0 un abonnement, souvent sans engagement de dur\u00e9e.<\/p>\n\n\n\n<p>Si vous pr\u00e9f\u00e9rez opter pour un <strong>cours gratuit<\/strong>, nous vous conseillons cette vid\u00e9o de Flow Paradise disponible sur YouTube :<\/p>\n\n\n\n<figure class=\"wp-block-embed is-type-video is-provider-youtube wp-block-embed-youtube wp-embed-aspect-16-9 wp-has-aspect-ratio\"><div class=\"wp-block-embed__wrapper\">\n<div class=\"video-container\"><iframe title=\"Flow Paradise - Yoga Vinyasa - Niveau interm\u00e9diaire\" width=\"1170\" height=\"658\" src=\"https:\/\/www.youtube.com\/embed\/VNNrcu6gviI?feature=oembed\" frameborder=\"0\" allow=\"accelerometer; autoplay; clipboard-write; encrypted-media; gyroscope; picture-in-picture; web-share\" allowfullscreen><\/iframe><\/div>\n<\/div><\/figure>\n\n\n\n<h2 class=\"wp-block-heading\"><strong>2. Pratiquer le Vinyasa en studio pr\u00e8s de chez vous<\/strong><\/h2>\n\n\n\n<p>Si pour vous <a class=\"wpil_keyword_link\" href=\"https:\/\/meozen.com\/fr\/yoga\/\"   title=\"yoga\" data-wpil-keyword-link=\"linked\">yoga<\/a> rime avec collectif<strong>, alors l\u2019inscription \u00e0 des cours de Vinyasa Yoga en studio est faite pour vous<\/strong>. Les s\u00e9ances durent entre 1 heure et 90 minutes.&nbsp;<\/p>\n\n\n\n<p>Priorisez les centres de yoga pr\u00e8s de chez vous ou de votre lieu de travail pour des questions d\u2019organisation, et afin de pouvoir amener votre mat\u00e9riel de yoga. Toutefois, la plupart des centres fournissent le mat\u00e9riel n\u00e9cessaire si vous ne pouvez pas apporter votre mat\u00e9riel.<\/p>\n\n\n\n<p>Certains studios vous font b\u00e9n\u00e9ficier d\u2019une premi\u00e8re s\u00e9ance offerte ou \u00e0 prix r\u00e9duit. C\u2019est une opportunit\u00e9 \u00e0 saisir car cela vous permettra de vous faire un avis sur le cours et son professeur, sans pour autant vous engager sur la dur\u00e9e.<\/p>\n\n\n\n<h2 class=\"wp-block-heading\">3. <strong>Pratiquer le Vinyasa Yoga dans le cadre d\u2019une retraite en France ou \u00e0 l\u2019\u00e9tranger<\/strong><\/h2>\n\n\n\n<p>Une derni\u00e8re option : <strong>la retraite ou le stage de Yoga Vinyasa en France ou \u00e0 l\u2019\u00e9tranger<\/strong>. Cela vous conviendra parfaitement si vous souhaitez une coupure dans votre quotidien, m\u00eal\u00e9e au voyage et aux nouvelles d\u00e9couvertes.<\/p>\n\n\n\n<p>Vous profiterez alors d\u2019un cadre exceptionnel pour apprendre toutes les techniques du Vinyasa. Vous pouvez en trouver en France, en Europe, ou encore en Asie (Indon\u00e9sie, Inde, N\u00e9pal, Tha\u00eflande).<\/p>\n\n\n\n<p>Vous \u00eates justement \u00e0 la recherche d\u2019un stage ou d\u2019une retraite de Vinyasa en France ou \u00e0 l\u2019\u00e9tranger ?<\/p>\n\n\n\n<p>Rendez-vous sur le site de <a href=\"https:\/\/www.bookyogaretreats.com\/fr\/all\/s\/yoga-vinyasa?aid=6831\" target=\"_blank\" rel=\"noreferrer noopener nofollow\">bookyogaretreats.com<\/a> pour r\u00e9server la retraite qui vous convient.<\/p>\n\n\n\n<p><\/p>\n\n\n\n<h3 class=\"wp-block-heading\">Pour aller plus loin :<\/h3>\n\n\n\n<ul class=\"wp-block-list\"><li><a href=\"https:\/\/meozen.com\/fr\/yoga\/vinyasa-yoga\/tapis-materiel\/\">Quels tapis et mat\u00e9riel acheter pour pratiquer le Vinyasa Yoga ?<\/a><\/li><li>D\u00e9couvrir les retraites de Vinyasa Yoga<\/li><li><a href=\"https:\/\/meozen.com\/fr\/yoga\/vinyasa-yoga\/comment-devenir-professeur\/\">Comment devenir professeur de Vinyasa Yoga ?<\/a><\/li><\/ul>\n","protected":false},"excerpt":{"rendered":"<p>Le Vinyasa Yoga est un yoga rapide et fluide, bas\u00e9 sur la synchronisation du souffle et des mouvements. Vous souhaitez d\u00e9buter ou perfectionner votre pratique en Vinyasa ? Avec Meozen, d\u00e9couvrez o\u00f9 et comment pratiquer ce style de yoga. 1. Pratiquer le Vinyasa Yoga chez soi avec les cours en ligne Il existe de nombreux [&hellip;]<\/p>\n","protected":false},"author":1,"featured_media":166,"parent":779,"menu_order":0,"comment_status":"closed","ping_status":"closed","template":"","meta":{"_mo_disable_npp":"","footnotes":""},"class_list":["post-1016","page","type-page","status-publish","has-post-thumbnail","hentry"],"yoast_head":"<!-- This site is optimized with the Yoast SEO plugin v26.8 - https:\/\/yoast.com\/product\/yoast-seo-wordpress\/ -->\n<title>O\u00f9 et comment pratiquer le Vinyasa Yoga ? - Meozen<\/title>\n<meta name=\"description\" content=\"D\u00e9couvrez comment pratiquer le Vinyasa Yoga : en ligne, pr\u00e8s de chez vous, ou dans le cadre d&#039;une retraite en France ou \u00e0 l&#039;\u00e9tranger. \u2705\" \/>\n<meta name=\"robots\" content=\"index, follow, max-snippet:-1, max-image-preview:large, max-video-preview:-1\" \/>\n<link rel=\"canonical\" href=\"https:\/\/meozen.com\/fr\/yoga\/vinyasa-yoga\/pratique\/\" \/>\n<meta property=\"og:locale\" content=\"fr_FR\" \/>\n<meta property=\"og:type\" content=\"article\" \/>\n<meta property=\"og:title\" content=\"O\u00f9 et comment pratiquer le Vinyasa Yoga ? - Meozen\" \/>\n<meta property=\"og:description\" content=\"D\u00e9couvrez comment pratiquer le Vinyasa Yoga : en ligne, pr\u00e8s de chez vous, ou dans le cadre d&#039;une retraite en France ou \u00e0 l&#039;\u00e9tranger. \u2705\" \/>\n<meta property=\"og:url\" content=\"https:\/\/meozen.com\/fr\/yoga\/vinyasa-yoga\/pratique\/\" \/>\n<meta property=\"og:site_name\" content=\"Meozen - Votre portail bien-\u00eatre\" \/>\n<meta property=\"article:publisher\" content=\"https:\/\/www.facebook.com\/MeozenFr\/\" \/>\n<meta property=\"article:modified_time\" content=\"2023-08-14T20:46:06+00:00\" \/>\n<meta property=\"og:image\" content=\"https:\/\/meozen.com\/fr\/wp-content\/uploads\/sites\/2\/2021\/03\/formation-vinyasa-yoga-meozen.jpg\" \/>\n\t<meta property=\"og:image:width\" content=\"1024\" \/>\n\t<meta property=\"og:image:height\" content=\"576\" \/>\n\t<meta property=\"og:image:type\" content=\"image\/jpeg\" \/>\n<meta name=\"twitter:card\" content=\"summary_large_image\" \/>\n<meta name=\"twitter:label1\" content=\"Dur\u00e9e de lecture estim\u00e9e\" \/>\n\t<meta name=\"twitter:data1\" content=\"2 minutes\" \/>\n<script type=\"application\/ld+json\" class=\"yoast-schema-graph\">{\"@context\":\"https:\/\/schema.org\",\"@graph\":[{\"@type\":\"WebPage\",\"@id\":\"https:\/\/meozen.com\/fr\/yoga\/vinyasa-yoga\/pratique\/\",\"url\":\"https:\/\/meozen.com\/fr\/yoga\/vinyasa-yoga\/pratique\/\",\"name\":\"O\u00f9 et comment pratiquer le Vinyasa Yoga ? - Meozen\",\"isPartOf\":{\"@id\":\"https:\/\/meozen.com\/fr\/#website\"},\"primaryImageOfPage\":{\"@id\":\"https:\/\/meozen.com\/fr\/yoga\/vinyasa-yoga\/pratique\/#primaryimage\"},\"image\":{\"@id\":\"https:\/\/meozen.com\/fr\/yoga\/vinyasa-yoga\/pratique\/#primaryimage\"},\"thumbnailUrl\":\"https:\/\/meozen.com\/fr\/wp-content\/uploads\/sites\/2\/2021\/03\/formation-vinyasa-yoga-meozen.jpg\",\"datePublished\":\"2021-04-08T22:46:18+00:00\",\"dateModified\":\"2023-08-14T20:46:06+00:00\",\"description\":\"D\u00e9couvrez comment pratiquer le Vinyasa Yoga : en ligne, pr\u00e8s de chez vous, ou dans le cadre d'une retraite en France ou \u00e0 l'\u00e9tranger. \u2705\",\"breadcrumb\":{\"@id\":\"https:\/\/meozen.com\/fr\/yoga\/vinyasa-yoga\/pratique\/#breadcrumb\"},\"inLanguage\":\"fr-FR\",\"potentialAction\":[{\"@type\":\"ReadAction\",\"target\":[\"https:\/\/meozen.com\/fr\/yoga\/vinyasa-yoga\/pratique\/\"]}]},{\"@type\":\"ImageObject\",\"inLanguage\":\"fr-FR\",\"@id\":\"https:\/\/meozen.com\/fr\/yoga\/vinyasa-yoga\/pratique\/#primaryimage\",\"url\":\"https:\/\/meozen.com\/fr\/wp-content\/uploads\/sites\/2\/2021\/03\/formation-vinyasa-yoga-meozen.jpg\",\"contentUrl\":\"https:\/\/meozen.com\/fr\/wp-content\/uploads\/sites\/2\/2021\/03\/formation-vinyasa-yoga-meozen.jpg\",\"width\":1024,\"height\":576,\"caption\":\"Image montrant un cours de yoga, accompagn\u00e9 de la phrase \\\"Se former au Vinyasa Yoga, les conseils Meozen\\\"\"},{\"@type\":\"BreadcrumbList\",\"@id\":\"https:\/\/meozen.com\/fr\/yoga\/vinyasa-yoga\/pratique\/#breadcrumb\",\"itemListElement\":[{\"@type\":\"ListItem\",\"position\":1,\"name\":\"Accueil\",\"item\":\"https:\/\/meozen.com\/fr\/\"},{\"@type\":\"ListItem\",\"position\":2,\"name\":\"Yoga : Tout savoir sur cette pratique\",\"item\":\"https:\/\/meozen.com\/fr\/yoga\/\"},{\"@type\":\"ListItem\",\"position\":3,\"name\":\"Vinyasa Yoga : Tout savoir sur ce yoga fluide et dynamique\",\"item\":\"https:\/\/meozen.com\/fr\/yoga\/vinyasa-yoga\/\"},{\"@type\":\"ListItem\",\"position\":4,\"name\":\"O\u00f9 et comment pratiquer le Vinyasa Yoga ?\"}]},{\"@type\":\"WebSite\",\"@id\":\"https:\/\/meozen.com\/fr\/#website\",\"url\":\"https:\/\/meozen.com\/fr\/\",\"name\":\"Meozen - Votre portail bien-\u00eatre\",\"description\":\"D\u00e9couvrez tout l&#039;univers du bien-\u00eatre, yoga, m\u00e9ditation, trouvez les meilleures retraites et formations bien-\u00eatre\",\"publisher\":{\"@id\":\"https:\/\/meozen.com\/fr\/#organization\"},\"potentialAction\":[{\"@type\":\"SearchAction\",\"target\":{\"@type\":\"EntryPoint\",\"urlTemplate\":\"https:\/\/meozen.com\/fr\/?s={search_term_string}\"},\"query-input\":{\"@type\":\"PropertyValueSpecification\",\"valueRequired\":true,\"valueName\":\"search_term_string\"}}],\"inLanguage\":\"fr-FR\"},{\"@type\":\"Organization\",\"@id\":\"https:\/\/meozen.com\/fr\/#organization\",\"name\":\"Meozen\",\"url\":\"https:\/\/meozen.com\/fr\/\",\"logo\":{\"@type\":\"ImageObject\",\"inLanguage\":\"fr-FR\",\"@id\":\"https:\/\/meozen.com\/fr\/#\/schema\/logo\/image\/\",\"url\":\"https:\/\/meozen.com\/fr\/wp-content\/uploads\/sites\/2\/2021\/06\/logo-meozen-push.jpg\",\"contentUrl\":\"https:\/\/meozen.com\/fr\/wp-content\/uploads\/sites\/2\/2021\/06\/logo-meozen-push.jpg\",\"width\":384,\"height\":384,\"caption\":\"Meozen\"},\"image\":{\"@id\":\"https:\/\/meozen.com\/fr\/#\/schema\/logo\/image\/\"},\"sameAs\":[\"https:\/\/www.facebook.com\/MeozenFr\/\",\"https:\/\/www.pinterest.fr\/meozen_officiel\/\",\"https:\/\/www.instagram.com\/meozen_officiel\/\"]}]}<\/script>\n<!-- \/ Yoast SEO plugin. -->","yoast_head_json":{"title":"O\u00f9 et comment pratiquer le Vinyasa Yoga ? - Meozen","description":"D\u00e9couvrez comment pratiquer le Vinyasa Yoga : en ligne, pr\u00e8s de chez vous, ou dans le cadre d'une retraite en France ou \u00e0 l'\u00e9tranger. \u2705","robots":{"index":"index","follow":"follow","max-snippet":"max-snippet:-1","max-image-preview":"max-image-preview:large","max-video-preview":"max-video-preview:-1"},"canonical":"https:\/\/meozen.com\/fr\/yoga\/vinyasa-yoga\/pratique\/","og_locale":"fr_FR","og_type":"article","og_title":"O\u00f9 et comment pratiquer le Vinyasa Yoga ? - Meozen","og_description":"D\u00e9couvrez comment pratiquer le Vinyasa Yoga : en ligne, pr\u00e8s de chez vous, ou dans le cadre d'une retraite en France ou \u00e0 l'\u00e9tranger. \u2705","og_url":"https:\/\/meozen.com\/fr\/yoga\/vinyasa-yoga\/pratique\/","og_site_name":"Meozen - Votre portail bien-\u00eatre","article_publisher":"https:\/\/www.facebook.com\/MeozenFr\/","article_modified_time":"2023-08-14T20:46:06+00:00","og_image":[{"width":1024,"height":576,"url":"https:\/\/meozen.com\/fr\/wp-content\/uploads\/sites\/2\/2021\/03\/formation-vinyasa-yoga-meozen.jpg","type":"image\/jpeg"}],"twitter_card":"summary_large_image","twitter_misc":{"Dur\u00e9e de lecture estim\u00e9e":"2 minutes"},"schema":{"@context":"https:\/\/schema.org","@graph":[{"@type":"WebPage","@id":"https:\/\/meozen.com\/fr\/yoga\/vinyasa-yoga\/pratique\/","url":"https:\/\/meozen.com\/fr\/yoga\/vinyasa-yoga\/pratique\/","name":"O\u00f9 et comment pratiquer le Vinyasa Yoga ? - Meozen","isPartOf":{"@id":"https:\/\/meozen.com\/fr\/#website"},"primaryImageOfPage":{"@id":"https:\/\/meozen.com\/fr\/yoga\/vinyasa-yoga\/pratique\/#primaryimage"},"image":{"@id":"https:\/\/meozen.com\/fr\/yoga\/vinyasa-yoga\/pratique\/#primaryimage"},"thumbnailUrl":"https:\/\/meozen.com\/fr\/wp-content\/uploads\/sites\/2\/2021\/03\/formation-vinyasa-yoga-meozen.jpg","datePublished":"2021-04-08T22:46:18+00:00","dateModified":"2023-08-14T20:46:06+00:00","description":"D\u00e9couvrez comment pratiquer le Vinyasa Yoga : en ligne, pr\u00e8s de chez vous, ou dans le cadre d'une retraite en France ou \u00e0 l'\u00e9tranger. \u2705","breadcrumb":{"@id":"https:\/\/meozen.com\/fr\/yoga\/vinyasa-yoga\/pratique\/#breadcrumb"},"inLanguage":"fr-FR","potentialAction":[{"@type":"ReadAction","target":["https:\/\/meozen.com\/fr\/yoga\/vinyasa-yoga\/pratique\/"]}]},{"@type":"ImageObject","inLanguage":"fr-FR","@id":"https:\/\/meozen.com\/fr\/yoga\/vinyasa-yoga\/pratique\/#primaryimage","url":"https:\/\/meozen.com\/fr\/wp-content\/uploads\/sites\/2\/2021\/03\/formation-vinyasa-yoga-meozen.jpg","contentUrl":"https:\/\/meozen.com\/fr\/wp-content\/uploads\/sites\/2\/2021\/03\/formation-vinyasa-yoga-meozen.jpg","width":1024,"height":576,"caption":"Image montrant un cours de yoga, accompagn\u00e9 de la phrase \"Se former au Vinyasa Yoga, les conseils Meozen\""},{"@type":"BreadcrumbList","@id":"https:\/\/meozen.com\/fr\/yoga\/vinyasa-yoga\/pratique\/#breadcrumb","itemListElement":[{"@type":"ListItem","position":1,"name":"Accueil","item":"https:\/\/meozen.com\/fr\/"},{"@type":"ListItem","position":2,"name":"Yoga : Tout savoir sur cette pratique","item":"https:\/\/meozen.com\/fr\/yoga\/"},{"@type":"ListItem","position":3,"name":"Vinyasa Yoga : Tout savoir sur ce yoga fluide et dynamique","item":"https:\/\/meozen.com\/fr\/yoga\/vinyasa-yoga\/"},{"@type":"ListItem","position":4,"name":"O\u00f9 et comment pratiquer le Vinyasa Yoga ?"}]},{"@type":"WebSite","@id":"https:\/\/meozen.com\/fr\/#website","url":"https:\/\/meozen.com\/fr\/","name":"Meozen - Votre portail bien-\u00eatre","description":"D\u00e9couvrez tout l&#039;univers du bien-\u00eatre, yoga, m\u00e9ditation, trouvez les meilleures retraites et formations bien-\u00eatre","publisher":{"@id":"https:\/\/meozen.com\/fr\/#organization"},"potentialAction":[{"@type":"SearchAction","target":{"@type":"EntryPoint","urlTemplate":"https:\/\/meozen.com\/fr\/?s={search_term_string}"},"query-input":{"@type":"PropertyValueSpecification","valueRequired":true,"valueName":"search_term_string"}}],"inLanguage":"fr-FR"},{"@type":"Organization","@id":"https:\/\/meozen.com\/fr\/#organization","name":"Meozen","url":"https:\/\/meozen.com\/fr\/","logo":{"@type":"ImageObject","inLanguage":"fr-FR","@id":"https:\/\/meozen.com\/fr\/#\/schema\/logo\/image\/","url":"https:\/\/meozen.com\/fr\/wp-content\/uploads\/sites\/2\/2021\/06\/logo-meozen-push.jpg","contentUrl":"https:\/\/meozen.com\/fr\/wp-content\/uploads\/sites\/2\/2021\/06\/logo-meozen-push.jpg","width":384,"height":384,"caption":"Meozen"},"image":{"@id":"https:\/\/meozen.com\/fr\/#\/schema\/logo\/image\/"},"sameAs":["https:\/\/www.facebook.com\/MeozenFr\/","https:\/\/www.pinterest.fr\/meozen_officiel\/","https:\/\/www.instagram.com\/meozen_officiel\/"]}]}},"_links":{"self":[{"href":"https:\/\/meozen.com\/fr\/wp-json\/wp\/v2\/pages\/1016","targetHints":{"allow":["GET"]}}],"collection":[{"href":"https:\/\/meozen.com\/fr\/wp-json\/wp\/v2\/pages"}],"about":[{"href":"https:\/\/meozen.com\/fr\/wp-json\/wp\/v2\/types\/page"}],"author":[{"embeddable":true,"href":"https:\/\/meozen.com\/fr\/wp-json\/wp\/v2\/users\/1"}],"replies":[{"embeddable":true,"href":"https:\/\/meozen.com\/fr\/wp-json\/wp\/v2\/comments?post=1016"}],"version-history":[{"count":0,"href":"https:\/\/meozen.com\/fr\/wp-json\/wp\/v2\/pages\/1016\/revisions"}],"up":[{"embeddable":true,"href":"https:\/\/meozen.com\/fr\/wp-json\/wp\/v2\/pages\/779"}],"wp:featuredmedia":[{"embeddable":true,"href":"https:\/\/meozen.com\/fr\/wp-json\/wp\/v2\/media\/166"}],"wp:attachment":[{"href":"https:\/\/meozen.com\/fr\/wp-json\/wp\/v2\/media?parent=1016"}],"curies":[{"name":"wp","href":"https:\/\/api.w.org\/{rel}","templated":true}]}}