{"id":1158,"date":"2021-04-19T23:37:48","date_gmt":"2021-04-19T21:37:48","guid":{"rendered":"https:\/\/meozen.com\/fr\/?page_id=1158"},"modified":"2021-04-19T23:37:50","modified_gmt":"2021-04-19T21:37:50","slug":"gestion-des-cookies","status":"publish","type":"page","link":"https:\/\/meozen.com\/fr\/gestion-des-cookies\/","title":{"rendered":"Gestion des cookies"},"content":{"rendered":"\n<p>Ce site utilise uniquement des cookies de session et d&rsquo;analyse de donn\u00e9es de navigation.<\/p>\n\n\n\n<p>Seuls les cookies n\u00e9cessaires \u00e0 l\u2019identification de l\u2019Utilisateur pour acc\u00e9der \u00e0 un service en ligne n\u00e9cessitant une authentification sont enregistr\u00e9s sur le terminal de l\u2019Utilisateur (ordinateur, tablette, smartphone).<\/p>\n\n\n\n<p>Les informations de session ainsi obtenues par les cookies sont enregistr\u00e9es sur le serveur qui h\u00e9berge le Site qui est situ\u00e9 en France chez&nbsp;IONOS.<\/p>\n\n\n\n<p>Ces cookies sont conserv\u00e9s 13 mois \u00e0 compter de la derni\u00e8re connexion \u00e0 un service en ligne n\u00e9cessitant une authentification.<\/p>\n\n\n\n<p>L\u2019Utilisateur peut configurer son navigateur pour accepter ou rejeter tous les cookies, ou pour \u00eatre pr\u00e9venu lorsqu\u2019un cookie est install\u00e9 de la fa\u00e7on suivante :<\/p>\n\n\n\n<ul class=\"wp-block-list\"><li>Pour&nbsp;Mozilla Firefox&nbsp;: Menu \u201coutil \u201d puis \u201cOptions\u201d \/\u2019ic\u00f4ne \u201cvie priv\u00e9e\u201d \/menu \u201ccookie\u201d puis s\u00e9lection de l\u2019option appropri\u00e9e<\/li><li>Pour&nbsp;Microsoft Internet Explorer&nbsp;: Menu \u201cOutils\u201d \/ \u201cOptions Internet\u201d \/ \u2018onglet \u201cConfidentialit\u00e9\u201d\/ selection du niveau souhait\u00e9<\/li><li>Pour&nbsp;Google Chrome&nbsp;: Menu \u201cParam\u00e8tres &gt; Afficher les param\u00e8tres avanc\u00e9s &gt; Confidentialit\u00e9 &gt; Param\u00e8tre de contenus\u201d puis s\u00e9lection des options appropri\u00e9es<\/li><li>Pour Safari&nbsp;&gt; Pr\u00e9f\u00e9rences, cliquez sur Confidentialit\u00e9, puis effectuez l\u2019une des op\u00e9rations&nbsp;propos\u00e9es<\/li><\/ul>\n\n\n\n<p>Le refus des cookies de session rendra indisponible l\u2019acc\u00e8s des services n\u00e9cessitant une connexion des contributeurs et administrateurs.<\/p>\n","protected":false},"excerpt":{"rendered":"<p>Ce site utilise uniquement des cookies de session et d&rsquo;analyse de donn\u00e9es de navigation. Seuls les cookies n\u00e9cessaires \u00e0 l\u2019identification de l\u2019Utilisateur pour acc\u00e9der \u00e0 un service en ligne n\u00e9cessitant une authentification sont enregistr\u00e9s sur le terminal de l\u2019Utilisateur (ordinateur, tablette, smartphone). Les informations de session ainsi obtenues par les cookies sont enregistr\u00e9es sur le [&hellip;]<\/p>\n","protected":false},"author":1,"featured_media":0,"parent":0,"menu_order":0,"comment_status":"closed","ping_status":"closed","template":"","meta":{"_mo_disable_npp":"","footnotes":""},"class_list":["post-1158","page","type-page","status-publish","hentry"],"yoast_head":"<!-- This site is optimized with the Yoast SEO plugin v26.8 - https:\/\/yoast.com\/product\/yoast-seo-wordpress\/ -->\n<title>Gestion des cookies - Meozen<\/title>\n<meta name=\"robots\" content=\"noindex, nofollow\" \/>\n<meta property=\"og:locale\" content=\"fr_FR\" \/>\n<meta property=\"og:type\" content=\"article\" \/>\n<meta property=\"og:title\" content=\"Gestion des cookies - Meozen\" \/>\n<meta property=\"og:description\" content=\"Ce site utilise uniquement des cookies de session et d&rsquo;analyse de donn\u00e9es de navigation. Seuls les cookies n\u00e9cessaires \u00e0 l\u2019identification de l\u2019Utilisateur pour acc\u00e9der \u00e0 un service en ligne n\u00e9cessitant une authentification sont enregistr\u00e9s sur le terminal de l\u2019Utilisateur (ordinateur, tablette, smartphone). Les informations de session ainsi obtenues par les cookies sont enregistr\u00e9es sur le [&hellip;]\" \/>\n<meta property=\"og:url\" content=\"https:\/\/meozen.com\/fr\/gestion-des-cookies\/\" \/>\n<meta property=\"og:site_name\" content=\"Meozen - Votre portail bien-\u00eatre\" \/>\n<meta property=\"article:publisher\" content=\"https:\/\/www.facebook.com\/MeozenFr\/\" \/>\n<meta property=\"article:modified_time\" content=\"2021-04-19T21:37:50+00:00\" \/>\n<meta name=\"twitter:card\" content=\"summary_large_image\" \/>\n<meta name=\"twitter:label1\" content=\"Dur\u00e9e de lecture estim\u00e9e\" \/>\n\t<meta name=\"twitter:data1\" content=\"1 minute\" \/>\n<script type=\"application\/ld+json\" class=\"yoast-schema-graph\">{\"@context\":\"https:\/\/schema.org\",\"@graph\":[{\"@type\":\"WebPage\",\"@id\":\"https:\/\/meozen.com\/fr\/gestion-des-cookies\/\",\"url\":\"https:\/\/meozen.com\/fr\/gestion-des-cookies\/\",\"name\":\"Gestion des cookies - Meozen\",\"isPartOf\":{\"@id\":\"https:\/\/meozen.com\/fr\/#website\"},\"datePublished\":\"2021-04-19T21:37:48+00:00\",\"dateModified\":\"2021-04-19T21:37:50+00:00\",\"breadcrumb\":{\"@id\":\"https:\/\/meozen.com\/fr\/gestion-des-cookies\/#breadcrumb\"},\"inLanguage\":\"fr-FR\",\"potentialAction\":[{\"@type\":\"ReadAction\",\"target\":[\"https:\/\/meozen.com\/fr\/gestion-des-cookies\/\"]}]},{\"@type\":\"BreadcrumbList\",\"@id\":\"https:\/\/meozen.com\/fr\/gestion-des-cookies\/#breadcrumb\",\"itemListElement\":[{\"@type\":\"ListItem\",\"position\":1,\"name\":\"Accueil\",\"item\":\"https:\/\/meozen.com\/fr\/\"},{\"@type\":\"ListItem\",\"position\":2,\"name\":\"Gestion des cookies\"}]},{\"@type\":\"WebSite\",\"@id\":\"https:\/\/meozen.com\/fr\/#website\",\"url\":\"https:\/\/meozen.com\/fr\/\",\"name\":\"Meozen - Votre portail bien-\u00eatre\",\"description\":\"D\u00e9couvrez tout l&#039;univers du bien-\u00eatre, yoga, m\u00e9ditation, trouvez les meilleures retraites et formations bien-\u00eatre\",\"publisher\":{\"@id\":\"https:\/\/meozen.com\/fr\/#organization\"},\"potentialAction\":[{\"@type\":\"SearchAction\",\"target\":{\"@type\":\"EntryPoint\",\"urlTemplate\":\"https:\/\/meozen.com\/fr\/?s={search_term_string}\"},\"query-input\":{\"@type\":\"PropertyValueSpecification\",\"valueRequired\":true,\"valueName\":\"search_term_string\"}}],\"inLanguage\":\"fr-FR\"},{\"@type\":\"Organization\",\"@id\":\"https:\/\/meozen.com\/fr\/#organization\",\"name\":\"Meozen\",\"url\":\"https:\/\/meozen.com\/fr\/\",\"logo\":{\"@type\":\"ImageObject\",\"inLanguage\":\"fr-FR\",\"@id\":\"https:\/\/meozen.com\/fr\/#\/schema\/logo\/image\/\",\"url\":\"https:\/\/meozen.com\/fr\/wp-content\/uploads\/sites\/2\/2021\/06\/logo-meozen-push.jpg\",\"contentUrl\":\"https:\/\/meozen.com\/fr\/wp-content\/uploads\/sites\/2\/2021\/06\/logo-meozen-push.jpg\",\"width\":384,\"height\":384,\"caption\":\"Meozen\"},\"image\":{\"@id\":\"https:\/\/meozen.com\/fr\/#\/schema\/logo\/image\/\"},\"sameAs\":[\"https:\/\/www.facebook.com\/MeozenFr\/\",\"https:\/\/www.pinterest.fr\/meozen_officiel\/\",\"https:\/\/www.instagram.com\/meozen_officiel\/\"]}]}<\/script>\n<!-- \/ Yoast SEO plugin. -->","yoast_head_json":{"title":"Gestion des cookies - Meozen","robots":{"index":"noindex","follow":"nofollow"},"og_locale":"fr_FR","og_type":"article","og_title":"Gestion des cookies - Meozen","og_description":"Ce site utilise uniquement des cookies de session et d&rsquo;analyse de donn\u00e9es de navigation. Seuls les cookies n\u00e9cessaires \u00e0 l\u2019identification de l\u2019Utilisateur pour acc\u00e9der \u00e0 un service en ligne n\u00e9cessitant une authentification sont enregistr\u00e9s sur le terminal de l\u2019Utilisateur (ordinateur, tablette, smartphone). Les informations de session ainsi obtenues par les cookies sont enregistr\u00e9es sur le [&hellip;]","og_url":"https:\/\/meozen.com\/fr\/gestion-des-cookies\/","og_site_name":"Meozen - Votre portail bien-\u00eatre","article_publisher":"https:\/\/www.facebook.com\/MeozenFr\/","article_modified_time":"2021-04-19T21:37:50+00:00","twitter_card":"summary_large_image","twitter_misc":{"Dur\u00e9e de lecture estim\u00e9e":"1 minute"},"schema":{"@context":"https:\/\/schema.org","@graph":[{"@type":"WebPage","@id":"https:\/\/meozen.com\/fr\/gestion-des-cookies\/","url":"https:\/\/meozen.com\/fr\/gestion-des-cookies\/","name":"Gestion des cookies - Meozen","isPartOf":{"@id":"https:\/\/meozen.com\/fr\/#website"},"datePublished":"2021-04-19T21:37:48+00:00","dateModified":"2021-04-19T21:37:50+00:00","breadcrumb":{"@id":"https:\/\/meozen.com\/fr\/gestion-des-cookies\/#breadcrumb"},"inLanguage":"fr-FR","potentialAction":[{"@type":"ReadAction","target":["https:\/\/meozen.com\/fr\/gestion-des-cookies\/"]}]},{"@type":"BreadcrumbList","@id":"https:\/\/meozen.com\/fr\/gestion-des-cookies\/#breadcrumb","itemListElement":[{"@type":"ListItem","position":1,"name":"Accueil","item":"https:\/\/meozen.com\/fr\/"},{"@type":"ListItem","position":2,"name":"Gestion des cookies"}]},{"@type":"WebSite","@id":"https:\/\/meozen.com\/fr\/#website","url":"https:\/\/meozen.com\/fr\/","name":"Meozen - Votre portail bien-\u00eatre","description":"D\u00e9couvrez tout l&#039;univers du bien-\u00eatre, yoga, m\u00e9ditation, trouvez les meilleures retraites et formations bien-\u00eatre","publisher":{"@id":"https:\/\/meozen.com\/fr\/#organization"},"potentialAction":[{"@type":"SearchAction","target":{"@type":"EntryPoint","urlTemplate":"https:\/\/meozen.com\/fr\/?s={search_term_string}"},"query-input":{"@type":"PropertyValueSpecification","valueRequired":true,"valueName":"search_term_string"}}],"inLanguage":"fr-FR"},{"@type":"Organization","@id":"https:\/\/meozen.com\/fr\/#organization","name":"Meozen","url":"https:\/\/meozen.com\/fr\/","logo":{"@type":"ImageObject","inLanguage":"fr-FR","@id":"https:\/\/meozen.com\/fr\/#\/schema\/logo\/image\/","url":"https:\/\/meozen.com\/fr\/wp-content\/uploads\/sites\/2\/2021\/06\/logo-meozen-push.jpg","contentUrl":"https:\/\/meozen.com\/fr\/wp-content\/uploads\/sites\/2\/2021\/06\/logo-meozen-push.jpg","width":384,"height":384,"caption":"Meozen"},"image":{"@id":"https:\/\/meozen.com\/fr\/#\/schema\/logo\/image\/"},"sameAs":["https:\/\/www.facebook.com\/MeozenFr\/","https:\/\/www.pinterest.fr\/meozen_officiel\/","https:\/\/www.instagram.com\/meozen_officiel\/"]}]}},"_links":{"self":[{"href":"https:\/\/meozen.com\/fr\/wp-json\/wp\/v2\/pages\/1158","targetHints":{"allow":["GET"]}}],"collection":[{"href":"https:\/\/meozen.com\/fr\/wp-json\/wp\/v2\/pages"}],"about":[{"href":"https:\/\/meozen.com\/fr\/wp-json\/wp\/v2\/types\/page"}],"author":[{"embeddable":true,"href":"https:\/\/meozen.com\/fr\/wp-json\/wp\/v2\/users\/1"}],"replies":[{"embeddable":true,"href":"https:\/\/meozen.com\/fr\/wp-json\/wp\/v2\/comments?post=1158"}],"version-history":[{"count":0,"href":"https:\/\/meozen.com\/fr\/wp-json\/wp\/v2\/pages\/1158\/revisions"}],"wp:attachment":[{"href":"https:\/\/meozen.com\/fr\/wp-json\/wp\/v2\/media?parent=1158"}],"curies":[{"name":"wp","href":"https:\/\/api.w.org\/{rel}","templated":true}]}}