{"id":1537,"date":"2021-05-31T21:54:14","date_gmt":"2021-05-31T19:54:14","guid":{"rendered":"https:\/\/meozen.com\/fr\/?page_id=1537"},"modified":"2021-05-31T21:56:11","modified_gmt":"2021-05-31T19:56:11","slug":"a-propos","status":"publish","type":"page","link":"https:\/\/meozen.com\/fr\/a-propos\/","title":{"rendered":"\u00c0 propos"},"content":{"rendered":"\n<p>N\u00e9 d&rsquo;une volont\u00e9 d&rsquo;aider chacun \u00e0 devenir acteur de son bien-\u00eatre, Meozen est un site d&rsquo;informations sur les pratiques, disciplines et m\u00e9thodes ayant fait leurs preuves dans les domaines du bien-\u00eatre et du d\u00e9veloppement personnel.<\/p>\n\n\n\n<p>Notre \u00e9quipe a pour objectif de mettre \u00e0 disposition des contenus p\u00e9dagogiques, pertinents et agnostiques. Ces derniers sont r\u00e9dig\u00e9s ou supervis\u00e9s par des sp\u00e9cialistes du bien-\u00eatre (exp\u00e9riment\u00e9s, dipl\u00f4m\u00e9s ou certifi\u00e9s).<\/p>\n\n\n\n<p>Enfin, nos articles sont bas\u00e9s dans la mesure du possible sur les derni\u00e8res \u00e9tudes scientifiques mettant en avant les bienfaits des diverses pratiques pr\u00e9sent\u00e9es.<\/p>\n","protected":false},"excerpt":{"rendered":"<p>N\u00e9 d&rsquo;une volont\u00e9 d&rsquo;aider chacun \u00e0 devenir acteur de son bien-\u00eatre, Meozen est un site d&rsquo;informations sur les pratiques, disciplines et m\u00e9thodes ayant fait leurs preuves dans les domaines du bien-\u00eatre et du d\u00e9veloppement personnel. Notre \u00e9quipe a pour objectif de mettre \u00e0 disposition des contenus p\u00e9dagogiques, pertinents et agnostiques. Ces derniers sont r\u00e9dig\u00e9s ou [&hellip;]<\/p>\n","protected":false},"author":3,"featured_media":0,"parent":0,"menu_order":0,"comment_status":"closed","ping_status":"closed","template":"","meta":{"_mo_disable_npp":"","footnotes":""},"class_list":["post-1537","page","type-page","status-publish","hentry"],"yoast_head":"<!-- This site is optimized with the Yoast SEO plugin v26.8 - https:\/\/yoast.com\/product\/yoast-seo-wordpress\/ -->\n<title>\u00c0 propos - Meozen<\/title>\n<meta name=\"robots\" content=\"index, follow, max-snippet:-1, max-image-preview:large, max-video-preview:-1\" \/>\n<link rel=\"canonical\" href=\"https:\/\/meozen.com\/fr\/a-propos\/\" \/>\n<meta property=\"og:locale\" content=\"fr_FR\" \/>\n<meta property=\"og:type\" content=\"article\" \/>\n<meta property=\"og:title\" content=\"\u00c0 propos - Meozen\" \/>\n<meta property=\"og:description\" content=\"N\u00e9 d&rsquo;une volont\u00e9 d&rsquo;aider chacun \u00e0 devenir acteur de son bien-\u00eatre, Meozen est un site d&rsquo;informations sur les pratiques, disciplines et m\u00e9thodes ayant fait leurs preuves dans les domaines du bien-\u00eatre et du d\u00e9veloppement personnel. Notre \u00e9quipe a pour objectif de mettre \u00e0 disposition des contenus p\u00e9dagogiques, pertinents et agnostiques. Ces derniers sont r\u00e9dig\u00e9s ou [&hellip;]\" \/>\n<meta property=\"og:url\" content=\"https:\/\/meozen.com\/fr\/a-propos\/\" \/>\n<meta property=\"og:site_name\" content=\"Meozen - Votre portail bien-\u00eatre\" \/>\n<meta property=\"article:publisher\" content=\"https:\/\/www.facebook.com\/MeozenFr\/\" \/>\n<meta property=\"article:modified_time\" content=\"2021-05-31T19:56:11+00:00\" \/>\n<meta name=\"twitter:card\" content=\"summary_large_image\" \/>\n<meta name=\"twitter:label1\" content=\"Dur\u00e9e de lecture estim\u00e9e\" \/>\n\t<meta name=\"twitter:data1\" content=\"1 minute\" \/>\n<script type=\"application\/ld+json\" class=\"yoast-schema-graph\">{\"@context\":\"https:\/\/schema.org\",\"@graph\":[{\"@type\":\"WebPage\",\"@id\":\"https:\/\/meozen.com\/fr\/a-propos\/\",\"url\":\"https:\/\/meozen.com\/fr\/a-propos\/\",\"name\":\"\u00c0 propos - Meozen\",\"isPartOf\":{\"@id\":\"https:\/\/meozen.com\/fr\/#website\"},\"datePublished\":\"2021-05-31T19:54:14+00:00\",\"dateModified\":\"2021-05-31T19:56:11+00:00\",\"breadcrumb\":{\"@id\":\"https:\/\/meozen.com\/fr\/a-propos\/#breadcrumb\"},\"inLanguage\":\"fr-FR\",\"potentialAction\":[{\"@type\":\"ReadAction\",\"target\":[\"https:\/\/meozen.com\/fr\/a-propos\/\"]}]},{\"@type\":\"BreadcrumbList\",\"@id\":\"https:\/\/meozen.com\/fr\/a-propos\/#breadcrumb\",\"itemListElement\":[{\"@type\":\"ListItem\",\"position\":1,\"name\":\"Accueil\",\"item\":\"https:\/\/meozen.com\/fr\/\"},{\"@type\":\"ListItem\",\"position\":2,\"name\":\"\u00c0 propos\"}]},{\"@type\":\"WebSite\",\"@id\":\"https:\/\/meozen.com\/fr\/#website\",\"url\":\"https:\/\/meozen.com\/fr\/\",\"name\":\"Meozen - Votre portail bien-\u00eatre\",\"description\":\"D\u00e9couvrez tout l&#039;univers du bien-\u00eatre, yoga, m\u00e9ditation, trouvez les meilleures retraites et formations bien-\u00eatre\",\"publisher\":{\"@id\":\"https:\/\/meozen.com\/fr\/#organization\"},\"potentialAction\":[{\"@type\":\"SearchAction\",\"target\":{\"@type\":\"EntryPoint\",\"urlTemplate\":\"https:\/\/meozen.com\/fr\/?s={search_term_string}\"},\"query-input\":{\"@type\":\"PropertyValueSpecification\",\"valueRequired\":true,\"valueName\":\"search_term_string\"}}],\"inLanguage\":\"fr-FR\"},{\"@type\":\"Organization\",\"@id\":\"https:\/\/meozen.com\/fr\/#organization\",\"name\":\"Meozen\",\"url\":\"https:\/\/meozen.com\/fr\/\",\"logo\":{\"@type\":\"ImageObject\",\"inLanguage\":\"fr-FR\",\"@id\":\"https:\/\/meozen.com\/fr\/#\/schema\/logo\/image\/\",\"url\":\"https:\/\/meozen.com\/fr\/wp-content\/uploads\/sites\/2\/2021\/06\/logo-meozen-push.jpg\",\"contentUrl\":\"https:\/\/meozen.com\/fr\/wp-content\/uploads\/sites\/2\/2021\/06\/logo-meozen-push.jpg\",\"width\":384,\"height\":384,\"caption\":\"Meozen\"},\"image\":{\"@id\":\"https:\/\/meozen.com\/fr\/#\/schema\/logo\/image\/\"},\"sameAs\":[\"https:\/\/www.facebook.com\/MeozenFr\/\",\"https:\/\/www.pinterest.fr\/meozen_officiel\/\",\"https:\/\/www.instagram.com\/meozen_officiel\/\"]}]}<\/script>\n<!-- \/ Yoast SEO plugin. -->","yoast_head_json":{"title":"\u00c0 propos - Meozen","robots":{"index":"index","follow":"follow","max-snippet":"max-snippet:-1","max-image-preview":"max-image-preview:large","max-video-preview":"max-video-preview:-1"},"canonical":"https:\/\/meozen.com\/fr\/a-propos\/","og_locale":"fr_FR","og_type":"article","og_title":"\u00c0 propos - Meozen","og_description":"N\u00e9 d&rsquo;une volont\u00e9 d&rsquo;aider chacun \u00e0 devenir acteur de son bien-\u00eatre, Meozen est un site d&rsquo;informations sur les pratiques, disciplines et m\u00e9thodes ayant fait leurs preuves dans les domaines du bien-\u00eatre et du d\u00e9veloppement personnel. Notre \u00e9quipe a pour objectif de mettre \u00e0 disposition des contenus p\u00e9dagogiques, pertinents et agnostiques. Ces derniers sont r\u00e9dig\u00e9s ou [&hellip;]","og_url":"https:\/\/meozen.com\/fr\/a-propos\/","og_site_name":"Meozen - Votre portail bien-\u00eatre","article_publisher":"https:\/\/www.facebook.com\/MeozenFr\/","article_modified_time":"2021-05-31T19:56:11+00:00","twitter_card":"summary_large_image","twitter_misc":{"Dur\u00e9e de lecture estim\u00e9e":"1 minute"},"schema":{"@context":"https:\/\/schema.org","@graph":[{"@type":"WebPage","@id":"https:\/\/meozen.com\/fr\/a-propos\/","url":"https:\/\/meozen.com\/fr\/a-propos\/","name":"\u00c0 propos - Meozen","isPartOf":{"@id":"https:\/\/meozen.com\/fr\/#website"},"datePublished":"2021-05-31T19:54:14+00:00","dateModified":"2021-05-31T19:56:11+00:00","breadcrumb":{"@id":"https:\/\/meozen.com\/fr\/a-propos\/#breadcrumb"},"inLanguage":"fr-FR","potentialAction":[{"@type":"ReadAction","target":["https:\/\/meozen.com\/fr\/a-propos\/"]}]},{"@type":"BreadcrumbList","@id":"https:\/\/meozen.com\/fr\/a-propos\/#breadcrumb","itemListElement":[{"@type":"ListItem","position":1,"name":"Accueil","item":"https:\/\/meozen.com\/fr\/"},{"@type":"ListItem","position":2,"name":"\u00c0 propos"}]},{"@type":"WebSite","@id":"https:\/\/meozen.com\/fr\/#website","url":"https:\/\/meozen.com\/fr\/","name":"Meozen - Votre portail bien-\u00eatre","description":"D\u00e9couvrez tout l&#039;univers du bien-\u00eatre, yoga, m\u00e9ditation, trouvez les meilleures retraites et formations bien-\u00eatre","publisher":{"@id":"https:\/\/meozen.com\/fr\/#organization"},"potentialAction":[{"@type":"SearchAction","target":{"@type":"EntryPoint","urlTemplate":"https:\/\/meozen.com\/fr\/?s={search_term_string}"},"query-input":{"@type":"PropertyValueSpecification","valueRequired":true,"valueName":"search_term_string"}}],"inLanguage":"fr-FR"},{"@type":"Organization","@id":"https:\/\/meozen.com\/fr\/#organization","name":"Meozen","url":"https:\/\/meozen.com\/fr\/","logo":{"@type":"ImageObject","inLanguage":"fr-FR","@id":"https:\/\/meozen.com\/fr\/#\/schema\/logo\/image\/","url":"https:\/\/meozen.com\/fr\/wp-content\/uploads\/sites\/2\/2021\/06\/logo-meozen-push.jpg","contentUrl":"https:\/\/meozen.com\/fr\/wp-content\/uploads\/sites\/2\/2021\/06\/logo-meozen-push.jpg","width":384,"height":384,"caption":"Meozen"},"image":{"@id":"https:\/\/meozen.com\/fr\/#\/schema\/logo\/image\/"},"sameAs":["https:\/\/www.facebook.com\/MeozenFr\/","https:\/\/www.pinterest.fr\/meozen_officiel\/","https:\/\/www.instagram.com\/meozen_officiel\/"]}]}},"_links":{"self":[{"href":"https:\/\/meozen.com\/fr\/wp-json\/wp\/v2\/pages\/1537","targetHints":{"allow":["GET"]}}],"collection":[{"href":"https:\/\/meozen.com\/fr\/wp-json\/wp\/v2\/pages"}],"about":[{"href":"https:\/\/meozen.com\/fr\/wp-json\/wp\/v2\/types\/page"}],"author":[{"embeddable":true,"href":"https:\/\/meozen.com\/fr\/wp-json\/wp\/v2\/users\/3"}],"replies":[{"embeddable":true,"href":"https:\/\/meozen.com\/fr\/wp-json\/wp\/v2\/comments?post=1537"}],"version-history":[{"count":0,"href":"https:\/\/meozen.com\/fr\/wp-json\/wp\/v2\/pages\/1537\/revisions"}],"wp:attachment":[{"href":"https:\/\/meozen.com\/fr\/wp-json\/wp\/v2\/media?parent=1537"}],"curies":[{"name":"wp","href":"https:\/\/api.w.org\/{rel}","templated":true}]}}