{"id":2414,"date":"2023-06-13T23:44:00","date_gmt":"2023-06-13T21:44:00","guid":{"rendered":"https:\/\/meozen.com\/fr\/?page_id=2414"},"modified":"2023-09-26T14:05:13","modified_gmt":"2023-09-26T12:05:13","slug":"experts-bien-etre","status":"publish","type":"page","link":"https:\/\/meozen.com\/fr\/experts-bien-etre\/","title":{"rendered":"Experts bien-\u00eatre"},"content":{"rendered":"\t\t<div data-elementor-type=\"wp-page\" data-elementor-id=\"2414\" class=\"elementor elementor-2414\" data-elementor-post-type=\"page\">\n\t\t\t\t\t\t<section class=\"elementor-section elementor-top-section elementor-element elementor-element-1cdaeaac elementor-section-boxed elementor-section-height-default elementor-section-height-default\" data-id=\"1cdaeaac\" data-element_type=\"section\" data-e-type=\"section\">\n\t\t\t\t\t\t<div class=\"elementor-container elementor-column-gap-default\">\n\t\t\t\t\t<div class=\"elementor-column elementor-col-100 elementor-top-column elementor-element elementor-element-5f9ce247\" data-id=\"5f9ce247\" data-element_type=\"column\" data-e-type=\"column\">\n\t\t\t<div class=\"elementor-widget-wrap elementor-element-populated\">\n\t\t\t\t\t\t<div class=\"elementor-element elementor-element-1e23027 elementor-widget elementor-widget-heading\" data-id=\"1e23027\" data-element_type=\"widget\" data-e-type=\"widget\" data-widget_type=\"heading.default\">\n\t\t\t\t<div class=\"elementor-widget-container\">\n\t\t\t\t\t<h1 class=\"elementor-heading-title elementor-size-default\">Experts bien-\u00eatre<\/h1>\t\t\t\t<\/div>\n\t\t\t\t<\/div>\n\t\t\t\t<div class=\"elementor-element elementor-element-19d459c7 elementor-grid-3 elementor-grid-tablet-2 elementor-grid-mobile-1 elementor-posts--thumbnail-top elementor-card-shadow-yes elementor-posts__hover-gradient elementor-widget elementor-widget-posts\" data-id=\"19d459c7\" data-element_type=\"widget\" data-e-type=\"widget\" data-settings=\"{&quot;cards_row_gap&quot;:{&quot;unit&quot;:&quot;px&quot;,&quot;size&quot;:50,&quot;sizes&quot;:[]},&quot;cards_columns&quot;:&quot;3&quot;,&quot;cards_columns_tablet&quot;:&quot;2&quot;,&quot;cards_columns_mobile&quot;:&quot;1&quot;,&quot;cards_row_gap_tablet&quot;:{&quot;unit&quot;:&quot;px&quot;,&quot;size&quot;:&quot;&quot;,&quot;sizes&quot;:[]},&quot;cards_row_gap_mobile&quot;:{&quot;unit&quot;:&quot;px&quot;,&quot;size&quot;:&quot;&quot;,&quot;sizes&quot;:[]}}\" data-widget_type=\"posts.cards\">\n\t\t\t\t<div class=\"elementor-widget-container\">\n\t\t\t\t\t\t\t<div class=\"elementor-posts-container elementor-posts elementor-posts--skin-cards elementor-grid\" role=\"list\">\n\t\t\t\t<article class=\"elementor-post elementor-grid-item post-7190 page type-page status-publish has-post-thumbnail hentry\" role=\"listitem\">\n\t\t\t<div class=\"elementor-post__card\">\n\t\t\t\t<a class=\"elementor-post__thumbnail__link\" href=\"https:\/\/meozen.com\/fr\/experts-bien-etre\/marielle-mahe\/\" tabindex=\"-1\" ><div class=\"elementor-post__thumbnail\"><img fetchpriority=\"high\" decoding=\"async\" width=\"223\" height=\"300\" src=\"https:\/\/meozen.com\/fr\/wp-content\/uploads\/sites\/2\/2023\/09\/marielle-mahe-meozen-223x300.png\" class=\"attachment-medium size-medium wp-image-7219\" alt=\"\" srcset=\"https:\/\/meozen.com\/fr\/wp-content\/uploads\/sites\/2\/2023\/09\/marielle-mahe-meozen-223x300.png 223w, https:\/\/meozen.com\/fr\/wp-content\/uploads\/sites\/2\/2023\/09\/marielle-mahe-meozen-150x201.png 150w, https:\/\/meozen.com\/fr\/wp-content\/uploads\/sites\/2\/2023\/09\/marielle-mahe-meozen.png 274w\" sizes=\"(max-width: 360px) 147px, (max-width: 223px) 100vw, 223px\" \/><\/div><\/a>\n\t\t\t\t<div class=\"elementor-post__text\">\n\t\t\t\t<h3 class=\"elementor-post__title\">\n\t\t\t<a href=\"https:\/\/meozen.com\/fr\/experts-bien-etre\/marielle-mahe\/\" >\n\t\t\t\tMarielle Mah\u00e9\t\t\t<\/a>\n\t\t<\/h3>\n\t\t\t\t<\/div>\n\t\t\t\t\t<\/div>\n\t\t<\/article>\n\t\t\t\t<article class=\"elementor-post elementor-grid-item post-6642 page type-page status-publish has-post-thumbnail hentry\" role=\"listitem\">\n\t\t\t<div class=\"elementor-post__card\">\n\t\t\t\t<a class=\"elementor-post__thumbnail__link\" href=\"https:\/\/meozen.com\/fr\/experts-bien-etre\/sophie-hanania\/\" tabindex=\"-1\" ><div class=\"elementor-post__thumbnail\"><img decoding=\"async\" width=\"300\" height=\"200\" src=\"https:\/\/meozen.com\/fr\/wp-content\/uploads\/sites\/2\/2023\/09\/sophie-hanania-naturopathe-meozen-300x200.jpg\" class=\"attachment-medium size-medium wp-image-6647\" alt=\"\" srcset=\"https:\/\/meozen.com\/fr\/wp-content\/uploads\/sites\/2\/2023\/09\/sophie-hanania-naturopathe-meozen-300x200.jpg 300w, https:\/\/meozen.com\/fr\/wp-content\/uploads\/sites\/2\/2023\/09\/sophie-hanania-naturopathe-meozen-1024x684.jpg 1024w, https:\/\/meozen.com\/fr\/wp-content\/uploads\/sites\/2\/2023\/09\/sophie-hanania-naturopathe-meozen-768x513.jpg 768w, https:\/\/meozen.com\/fr\/wp-content\/uploads\/sites\/2\/2023\/09\/sophie-hanania-naturopathe-meozen-1536x1026.jpg 1536w, https:\/\/meozen.com\/fr\/wp-content\/uploads\/sites\/2\/2023\/09\/sophie-hanania-naturopathe-meozen-600x401.jpg 600w, https:\/\/meozen.com\/fr\/wp-content\/uploads\/sites\/2\/2023\/09\/sophie-hanania-naturopathe-meozen-150x100.jpg 150w, https:\/\/meozen.com\/fr\/wp-content\/uploads\/sites\/2\/2023\/09\/sophie-hanania-naturopathe-meozen.jpg 1980w\" sizes=\"(max-width: 360px) 147px, (max-width: 300px) 100vw, 300px\" \/><\/div><\/a>\n\t\t\t\t<div class=\"elementor-post__text\">\n\t\t\t\t<h3 class=\"elementor-post__title\">\n\t\t\t<a href=\"https:\/\/meozen.com\/fr\/experts-bien-etre\/sophie-hanania\/\" >\n\t\t\t\tSophie Hanania &#8211; Naturopathe\t\t\t<\/a>\n\t\t<\/h3>\n\t\t\t\t<\/div>\n\t\t\t\t\t<\/div>\n\t\t<\/article>\n\t\t\t\t<article class=\"elementor-post elementor-grid-item post-6451 page type-page status-publish has-post-thumbnail hentry\" role=\"listitem\">\n\t\t\t<div class=\"elementor-post__card\">\n\t\t\t\t<a class=\"elementor-post__thumbnail__link\" href=\"https:\/\/meozen.com\/fr\/experts-bien-etre\/anne-lise-demoulin\/\" tabindex=\"-1\" ><div class=\"elementor-post__thumbnail\"><img decoding=\"async\" width=\"300\" height=\"200\" src=\"https:\/\/meozen.com\/fr\/wp-content\/uploads\/sites\/2\/2023\/08\/anne-lise-demoulin-300x200.jpg\" class=\"attachment-medium size-medium wp-image-6454\" alt=\"\" srcset=\"https:\/\/meozen.com\/fr\/wp-content\/uploads\/sites\/2\/2023\/08\/anne-lise-demoulin-300x200.jpg 300w, https:\/\/meozen.com\/fr\/wp-content\/uploads\/sites\/2\/2023\/08\/anne-lise-demoulin-1024x683.jpg 1024w, https:\/\/meozen.com\/fr\/wp-content\/uploads\/sites\/2\/2023\/08\/anne-lise-demoulin-768x512.jpg 768w, https:\/\/meozen.com\/fr\/wp-content\/uploads\/sites\/2\/2023\/08\/anne-lise-demoulin-1536x1024.jpg 1536w, https:\/\/meozen.com\/fr\/wp-content\/uploads\/sites\/2\/2023\/08\/anne-lise-demoulin-600x400.jpg 600w, https:\/\/meozen.com\/fr\/wp-content\/uploads\/sites\/2\/2023\/08\/anne-lise-demoulin-150x100.jpg 150w, https:\/\/meozen.com\/fr\/wp-content\/uploads\/sites\/2\/2023\/08\/anne-lise-demoulin.jpg 1800w\" sizes=\"(max-width: 360px) 147px, (max-width: 300px) 100vw, 300px\" \/><\/div><\/a>\n\t\t\t\t<div class=\"elementor-post__text\">\n\t\t\t\t<h3 class=\"elementor-post__title\">\n\t\t\t<a href=\"https:\/\/meozen.com\/fr\/experts-bien-etre\/anne-lise-demoulin\/\" >\n\t\t\t\tAnne-Lise D\u00e9moulin\t\t\t<\/a>\n\t\t<\/h3>\n\t\t\t\t<\/div>\n\t\t\t\t\t<\/div>\n\t\t<\/article>\n\t\t\t\t<article class=\"elementor-post elementor-grid-item post-6357 page type-page status-publish has-post-thumbnail hentry\" role=\"listitem\">\n\t\t\t<div class=\"elementor-post__card\">\n\t\t\t\t<a class=\"elementor-post__thumbnail__link\" href=\"https:\/\/meozen.com\/fr\/experts-bien-etre\/evelyne-desmarres\/\" tabindex=\"-1\" ><div class=\"elementor-post__thumbnail\"><img loading=\"lazy\" decoding=\"async\" width=\"300\" height=\"300\" src=\"https:\/\/meozen.com\/fr\/wp-content\/uploads\/sites\/2\/2023\/07\/evelyne-desmarres-300x300.jpeg\" class=\"attachment-medium size-medium wp-image-6359\" alt=\"\" srcset=\"https:\/\/meozen.com\/fr\/wp-content\/uploads\/sites\/2\/2023\/07\/evelyne-desmarres-scaled-300x300.jpeg 300w, https:\/\/meozen.com\/fr\/wp-content\/uploads\/sites\/2\/2023\/07\/evelyne-desmarres-1022x1024.jpeg 1022w, https:\/\/meozen.com\/fr\/wp-content\/uploads\/sites\/2\/2023\/07\/evelyne-desmarres-150x150.jpeg 150w, https:\/\/meozen.com\/fr\/wp-content\/uploads\/sites\/2\/2023\/07\/evelyne-desmarres-768x769.jpeg 768w, https:\/\/meozen.com\/fr\/wp-content\/uploads\/sites\/2\/2023\/07\/evelyne-desmarres-1534x1536.jpeg 1534w, https:\/\/meozen.com\/fr\/wp-content\/uploads\/sites\/2\/2023\/07\/evelyne-desmarres-2045x2048.jpeg 2045w, https:\/\/meozen.com\/fr\/wp-content\/uploads\/sites\/2\/2023\/07\/evelyne-desmarres-600x601.jpeg 600w, https:\/\/meozen.com\/fr\/wp-content\/uploads\/sites\/2\/2023\/07\/evelyne-desmarres-100x100.jpeg 100w, https:\/\/meozen.com\/fr\/wp-content\/uploads\/sites\/2\/2023\/07\/elementor\/thumbs\/evelyne-desmarres-scaled-q9jf55ymv7a01kxxc4yztpmof5ih71gilgsde1xsp4.jpeg 500w\" sizes=\"(max-width: 360px) 147px, (max-width: 300px) 100vw, 300px\" \/><\/div><\/a>\n\t\t\t\t<div class=\"elementor-post__text\">\n\t\t\t\t<h3 class=\"elementor-post__title\">\n\t\t\t<a href=\"https:\/\/meozen.com\/fr\/experts-bien-etre\/evelyne-desmarres\/\" >\n\t\t\t\tEvelyne Desmarres\t\t\t<\/a>\n\t\t<\/h3>\n\t\t\t\t<\/div>\n\t\t\t\t\t<\/div>\n\t\t<\/article>\n\t\t\t\t<article class=\"elementor-post elementor-grid-item post-6269 page type-page status-publish has-post-thumbnail hentry\" role=\"listitem\">\n\t\t\t<div class=\"elementor-post__card\">\n\t\t\t\t<a class=\"elementor-post__thumbnail__link\" href=\"https:\/\/meozen.com\/fr\/experts-bien-etre\/elisabeth-terriere\/\" tabindex=\"-1\" ><div class=\"elementor-post__thumbnail\"><img loading=\"lazy\" decoding=\"async\" width=\"297\" height=\"300\" src=\"https:\/\/meozen.com\/fr\/wp-content\/uploads\/sites\/2\/2023\/07\/elisabeth-terreire-297x300.jpg\" class=\"attachment-medium size-medium wp-image-6271\" alt=\"\" srcset=\"https:\/\/meozen.com\/fr\/wp-content\/uploads\/sites\/2\/2023\/07\/elisabeth-terreire-297x300.jpg 297w, https:\/\/meozen.com\/fr\/wp-content\/uploads\/sites\/2\/2023\/07\/elisabeth-terreire-100x100.jpg 100w, https:\/\/meozen.com\/fr\/wp-content\/uploads\/sites\/2\/2023\/07\/elisabeth-terreire.jpg 474w\" sizes=\"(max-width: 360px) 147px, (max-width: 297px) 100vw, 297px\" \/><\/div><\/a>\n\t\t\t\t<div class=\"elementor-post__text\">\n\t\t\t\t<h3 class=\"elementor-post__title\">\n\t\t\t<a href=\"https:\/\/meozen.com\/fr\/experts-bien-etre\/elisabeth-terriere\/\" >\n\t\t\t\tElisabeth Terriere\t\t\t<\/a>\n\t\t<\/h3>\n\t\t\t\t<\/div>\n\t\t\t\t\t<\/div>\n\t\t<\/article>\n\t\t\t\t<article class=\"elementor-post elementor-grid-item post-6226 page type-page status-publish has-post-thumbnail hentry\" role=\"listitem\">\n\t\t\t<div class=\"elementor-post__card\">\n\t\t\t\t<a class=\"elementor-post__thumbnail__link\" href=\"https:\/\/meozen.com\/fr\/experts-bien-etre\/edwige-casimir\/\" tabindex=\"-1\" ><div class=\"elementor-post__thumbnail\"><img loading=\"lazy\" decoding=\"async\" width=\"272\" height=\"300\" src=\"https:\/\/meozen.com\/fr\/wp-content\/uploads\/sites\/2\/2023\/07\/Edwige_Casimir-mai-2023-272x300.jpg\" class=\"attachment-medium size-medium wp-image-6229\" alt=\"\" srcset=\"https:\/\/meozen.com\/fr\/wp-content\/uploads\/sites\/2\/2023\/07\/Edwige_Casimir-mai-2023-272x300.jpg 272w, https:\/\/meozen.com\/fr\/wp-content\/uploads\/sites\/2\/2023\/07\/Edwige_Casimir-mai-2023-929x1024.jpg 929w, https:\/\/meozen.com\/fr\/wp-content\/uploads\/sites\/2\/2023\/07\/Edwige_Casimir-mai-2023-768x847.jpg 768w, https:\/\/meozen.com\/fr\/wp-content\/uploads\/sites\/2\/2023\/07\/Edwige_Casimir-mai-2023-1393x1536.jpg 1393w, https:\/\/meozen.com\/fr\/wp-content\/uploads\/sites\/2\/2023\/07\/Edwige_Casimir-mai-2023-1858x2048.jpg 1858w, https:\/\/meozen.com\/fr\/wp-content\/uploads\/sites\/2\/2023\/07\/Edwige_Casimir-mai-2023-600x661.jpg 600w, https:\/\/meozen.com\/fr\/wp-content\/uploads\/sites\/2\/2023\/07\/Edwige_Casimir-mai-2023-150x165.jpg 150w, https:\/\/meozen.com\/fr\/wp-content\/uploads\/sites\/2\/2023\/07\/Edwige_Casimir-mai-2023.jpg 1993w\" sizes=\"(max-width: 360px) 147px, (max-width: 272px) 100vw, 272px\" \/><\/div><\/a>\n\t\t\t\t<div class=\"elementor-post__text\">\n\t\t\t\t<h3 class=\"elementor-post__title\">\n\t\t\t<a href=\"https:\/\/meozen.com\/fr\/experts-bien-etre\/edwige-casimir\/\" >\n\t\t\t\tEdwige Casimir\t\t\t<\/a>\n\t\t<\/h3>\n\t\t\t\t<\/div>\n\t\t\t\t\t<\/div>\n\t\t<\/article>\n\t\t\t\t<article class=\"elementor-post elementor-grid-item post-5997 page type-page status-publish has-post-thumbnail hentry\" role=\"listitem\">\n\t\t\t<div class=\"elementor-post__card\">\n\t\t\t\t<a class=\"elementor-post__thumbnail__link\" href=\"https:\/\/meozen.com\/fr\/experts-bien-etre\/nelly-giacomino\/\" tabindex=\"-1\" ><div class=\"elementor-post__thumbnail\"><img loading=\"lazy\" decoding=\"async\" width=\"208\" height=\"300\" src=\"https:\/\/meozen.com\/fr\/wp-content\/uploads\/sites\/2\/2023\/06\/nelly-giacomino-208x300.jpg\" class=\"attachment-medium size-medium wp-image-6003\" alt=\"\" srcset=\"https:\/\/meozen.com\/fr\/wp-content\/uploads\/sites\/2\/2023\/06\/nelly-giacomino-208x300.jpg 208w, https:\/\/meozen.com\/fr\/wp-content\/uploads\/sites\/2\/2023\/06\/nelly-giacomino.jpg 282w\" sizes=\"(max-width: 360px) 147px, (max-width: 208px) 100vw, 208px\" \/><\/div><\/a>\n\t\t\t\t<div class=\"elementor-post__text\">\n\t\t\t\t<h3 class=\"elementor-post__title\">\n\t\t\t<a href=\"https:\/\/meozen.com\/fr\/experts-bien-etre\/nelly-giacomino\/\" >\n\t\t\t\tNelly Giacomino\t\t\t<\/a>\n\t\t<\/h3>\n\t\t\t\t<\/div>\n\t\t\t\t\t<\/div>\n\t\t<\/article>\n\t\t\t\t<article class=\"elementor-post elementor-grid-item post-5781 page type-page status-publish has-post-thumbnail hentry\" role=\"listitem\">\n\t\t\t<div class=\"elementor-post__card\">\n\t\t\t\t<a class=\"elementor-post__thumbnail__link\" href=\"https:\/\/meozen.com\/fr\/experts-bien-etre\/jerome-daltrozzo\/\" tabindex=\"-1\" ><div class=\"elementor-post__thumbnail\"><img loading=\"lazy\" decoding=\"async\" width=\"200\" height=\"300\" src=\"https:\/\/meozen.com\/fr\/wp-content\/uploads\/sites\/2\/2023\/06\/jerome-daltrozzo-hypnotherapeute-meozen-200x300.jpeg\" class=\"attachment-medium size-medium wp-image-5793\" alt=\"\" srcset=\"https:\/\/meozen.com\/fr\/wp-content\/uploads\/sites\/2\/2023\/06\/jerome-daltrozzo-hypnotherapeute-meozen-200x300.jpeg 200w, https:\/\/meozen.com\/fr\/wp-content\/uploads\/sites\/2\/2023\/06\/jerome-daltrozzo-hypnotherapeute-meozen-683x1024.jpeg 683w, https:\/\/meozen.com\/fr\/wp-content\/uploads\/sites\/2\/2023\/06\/jerome-daltrozzo-hypnotherapeute-meozen-768x1152.jpeg 768w, https:\/\/meozen.com\/fr\/wp-content\/uploads\/sites\/2\/2023\/06\/jerome-daltrozzo-hypnotherapeute-meozen-1024x1536.jpeg 1024w, https:\/\/meozen.com\/fr\/wp-content\/uploads\/sites\/2\/2023\/06\/jerome-daltrozzo-hypnotherapeute-meozen-600x900.jpeg 600w, https:\/\/meozen.com\/fr\/wp-content\/uploads\/sites\/2\/2023\/06\/jerome-daltrozzo-hypnotherapeute-meozen-150x225.jpeg 150w, https:\/\/meozen.com\/fr\/wp-content\/uploads\/sites\/2\/2023\/06\/jerome-daltrozzo-hypnotherapeute-meozen.jpeg 1200w\" sizes=\"(max-width: 360px) 147px, (max-width: 200px) 100vw, 200px\" \/><\/div><\/a>\n\t\t\t\t<div class=\"elementor-post__text\">\n\t\t\t\t<h3 class=\"elementor-post__title\">\n\t\t\t<a href=\"https:\/\/meozen.com\/fr\/experts-bien-etre\/jerome-daltrozzo\/\" >\n\t\t\t\tJ\u00e9r\u00f4me Daltrozzo &#8211; Hypnoth\u00e9rapeute\t\t\t<\/a>\n\t\t<\/h3>\n\t\t\t\t<\/div>\n\t\t\t\t\t<\/div>\n\t\t<\/article>\n\t\t\t\t<\/div>\n\t\t\n\t\t\t\t\t\t<\/div>\n\t\t\t\t<\/div>\n\t\t\t\t\t<\/div>\n\t\t<\/div>\n\t\t\t\t\t<\/div>\n\t\t<\/section>\n\t\t\t\t<\/div>\n\t\t","protected":false},"excerpt":{"rendered":"<p>Experts bien-\u00eatre<\/p>\n","protected":false},"author":3,"featured_media":0,"parent":0,"menu_order":0,"comment_status":"closed","ping_status":"closed","template":"","meta":{"_mo_disable_npp":"","footnotes":""},"class_list":["post-2414","page","type-page","status-publish","hentry"],"yoast_head":"<!-- This site is optimized with the Yoast SEO plugin v26.8 - https:\/\/yoast.com\/product\/yoast-seo-wordpress\/ -->\n<title>Experts bien-\u00eatre - Meozen<\/title>\n<meta name=\"robots\" content=\"noindex, follow\" \/>\n<meta property=\"og:locale\" content=\"fr_FR\" \/>\n<meta property=\"og:type\" content=\"article\" \/>\n<meta property=\"og:title\" content=\"Experts bien-\u00eatre - Meozen\" \/>\n<meta property=\"og:description\" content=\"Experts bien-\u00eatre\" \/>\n<meta property=\"og:url\" content=\"https:\/\/meozen.com\/fr\/experts-bien-etre\/\" \/>\n<meta property=\"og:site_name\" content=\"Meozen - Votre portail bien-\u00eatre\" \/>\n<meta property=\"article:publisher\" content=\"https:\/\/www.facebook.com\/MeozenFr\/\" \/>\n<meta property=\"article:modified_time\" content=\"2023-09-26T12:05:13+00:00\" \/>\n<meta name=\"twitter:card\" content=\"summary_large_image\" \/>\n<meta name=\"twitter:label1\" content=\"Dur\u00e9e de lecture estim\u00e9e\" \/>\n\t<meta name=\"twitter:data1\" content=\"2 minutes\" \/>\n<script type=\"application\/ld+json\" class=\"yoast-schema-graph\">{\"@context\":\"https:\/\/schema.org\",\"@graph\":[{\"@type\":\"WebPage\",\"@id\":\"https:\/\/meozen.com\/fr\/experts-bien-etre\/\",\"url\":\"https:\/\/meozen.com\/fr\/experts-bien-etre\/\",\"name\":\"Experts bien-\u00eatre - Meozen\",\"isPartOf\":{\"@id\":\"https:\/\/meozen.com\/fr\/#website\"},\"datePublished\":\"2023-06-13T21:44:00+00:00\",\"dateModified\":\"2023-09-26T12:05:13+00:00\",\"breadcrumb\":{\"@id\":\"https:\/\/meozen.com\/fr\/experts-bien-etre\/#breadcrumb\"},\"inLanguage\":\"fr-FR\",\"potentialAction\":[{\"@type\":\"ReadAction\",\"target\":[\"https:\/\/meozen.com\/fr\/experts-bien-etre\/\"]}]},{\"@type\":\"BreadcrumbList\",\"@id\":\"https:\/\/meozen.com\/fr\/experts-bien-etre\/#breadcrumb\",\"itemListElement\":[{\"@type\":\"ListItem\",\"position\":1,\"name\":\"Accueil\",\"item\":\"https:\/\/meozen.com\/fr\/\"},{\"@type\":\"ListItem\",\"position\":2,\"name\":\"Experts bien-\u00eatre\"}]},{\"@type\":\"WebSite\",\"@id\":\"https:\/\/meozen.com\/fr\/#website\",\"url\":\"https:\/\/meozen.com\/fr\/\",\"name\":\"Meozen - Votre portail bien-\u00eatre\",\"description\":\"D\u00e9couvrez tout l&#039;univers du bien-\u00eatre, yoga, m\u00e9ditation, trouvez les meilleures retraites et formations bien-\u00eatre\",\"publisher\":{\"@id\":\"https:\/\/meozen.com\/fr\/#organization\"},\"potentialAction\":[{\"@type\":\"SearchAction\",\"target\":{\"@type\":\"EntryPoint\",\"urlTemplate\":\"https:\/\/meozen.com\/fr\/?s={search_term_string}\"},\"query-input\":{\"@type\":\"PropertyValueSpecification\",\"valueRequired\":true,\"valueName\":\"search_term_string\"}}],\"inLanguage\":\"fr-FR\"},{\"@type\":\"Organization\",\"@id\":\"https:\/\/meozen.com\/fr\/#organization\",\"name\":\"Meozen\",\"url\":\"https:\/\/meozen.com\/fr\/\",\"logo\":{\"@type\":\"ImageObject\",\"inLanguage\":\"fr-FR\",\"@id\":\"https:\/\/meozen.com\/fr\/#\/schema\/logo\/image\/\",\"url\":\"https:\/\/meozen.com\/fr\/wp-content\/uploads\/sites\/2\/2021\/06\/logo-meozen-push.jpg\",\"contentUrl\":\"https:\/\/meozen.com\/fr\/wp-content\/uploads\/sites\/2\/2021\/06\/logo-meozen-push.jpg\",\"width\":384,\"height\":384,\"caption\":\"Meozen\"},\"image\":{\"@id\":\"https:\/\/meozen.com\/fr\/#\/schema\/logo\/image\/\"},\"sameAs\":[\"https:\/\/www.facebook.com\/MeozenFr\/\",\"https:\/\/www.pinterest.fr\/meozen_officiel\/\",\"https:\/\/www.instagram.com\/meozen_officiel\/\"]}]}<\/script>\n<!-- \/ Yoast SEO plugin. -->","yoast_head_json":{"title":"Experts bien-\u00eatre - Meozen","robots":{"index":"noindex","follow":"follow"},"og_locale":"fr_FR","og_type":"article","og_title":"Experts bien-\u00eatre - Meozen","og_description":"Experts bien-\u00eatre","og_url":"https:\/\/meozen.com\/fr\/experts-bien-etre\/","og_site_name":"Meozen - Votre portail bien-\u00eatre","article_publisher":"https:\/\/www.facebook.com\/MeozenFr\/","article_modified_time":"2023-09-26T12:05:13+00:00","twitter_card":"summary_large_image","twitter_misc":{"Dur\u00e9e de lecture estim\u00e9e":"2 minutes"},"schema":{"@context":"https:\/\/schema.org","@graph":[{"@type":"WebPage","@id":"https:\/\/meozen.com\/fr\/experts-bien-etre\/","url":"https:\/\/meozen.com\/fr\/experts-bien-etre\/","name":"Experts bien-\u00eatre - Meozen","isPartOf":{"@id":"https:\/\/meozen.com\/fr\/#website"},"datePublished":"2023-06-13T21:44:00+00:00","dateModified":"2023-09-26T12:05:13+00:00","breadcrumb":{"@id":"https:\/\/meozen.com\/fr\/experts-bien-etre\/#breadcrumb"},"inLanguage":"fr-FR","potentialAction":[{"@type":"ReadAction","target":["https:\/\/meozen.com\/fr\/experts-bien-etre\/"]}]},{"@type":"BreadcrumbList","@id":"https:\/\/meozen.com\/fr\/experts-bien-etre\/#breadcrumb","itemListElement":[{"@type":"ListItem","position":1,"name":"Accueil","item":"https:\/\/meozen.com\/fr\/"},{"@type":"ListItem","position":2,"name":"Experts bien-\u00eatre"}]},{"@type":"WebSite","@id":"https:\/\/meozen.com\/fr\/#website","url":"https:\/\/meozen.com\/fr\/","name":"Meozen - Votre portail bien-\u00eatre","description":"D\u00e9couvrez tout l&#039;univers du bien-\u00eatre, yoga, m\u00e9ditation, trouvez les meilleures retraites et formations bien-\u00eatre","publisher":{"@id":"https:\/\/meozen.com\/fr\/#organization"},"potentialAction":[{"@type":"SearchAction","target":{"@type":"EntryPoint","urlTemplate":"https:\/\/meozen.com\/fr\/?s={search_term_string}"},"query-input":{"@type":"PropertyValueSpecification","valueRequired":true,"valueName":"search_term_string"}}],"inLanguage":"fr-FR"},{"@type":"Organization","@id":"https:\/\/meozen.com\/fr\/#organization","name":"Meozen","url":"https:\/\/meozen.com\/fr\/","logo":{"@type":"ImageObject","inLanguage":"fr-FR","@id":"https:\/\/meozen.com\/fr\/#\/schema\/logo\/image\/","url":"https:\/\/meozen.com\/fr\/wp-content\/uploads\/sites\/2\/2021\/06\/logo-meozen-push.jpg","contentUrl":"https:\/\/meozen.com\/fr\/wp-content\/uploads\/sites\/2\/2021\/06\/logo-meozen-push.jpg","width":384,"height":384,"caption":"Meozen"},"image":{"@id":"https:\/\/meozen.com\/fr\/#\/schema\/logo\/image\/"},"sameAs":["https:\/\/www.facebook.com\/MeozenFr\/","https:\/\/www.pinterest.fr\/meozen_officiel\/","https:\/\/www.instagram.com\/meozen_officiel\/"]}]}},"_links":{"self":[{"href":"https:\/\/meozen.com\/fr\/wp-json\/wp\/v2\/pages\/2414","targetHints":{"allow":["GET"]}}],"collection":[{"href":"https:\/\/meozen.com\/fr\/wp-json\/wp\/v2\/pages"}],"about":[{"href":"https:\/\/meozen.com\/fr\/wp-json\/wp\/v2\/types\/page"}],"author":[{"embeddable":true,"href":"https:\/\/meozen.com\/fr\/wp-json\/wp\/v2\/users\/3"}],"replies":[{"embeddable":true,"href":"https:\/\/meozen.com\/fr\/wp-json\/wp\/v2\/comments?post=2414"}],"version-history":[{"count":0,"href":"https:\/\/meozen.com\/fr\/wp-json\/wp\/v2\/pages\/2414\/revisions"}],"wp:attachment":[{"href":"https:\/\/meozen.com\/fr\/wp-json\/wp\/v2\/media?parent=2414"}],"curies":[{"name":"wp","href":"https:\/\/api.w.org\/{rel}","templated":true}]}}