{"id":2923,"date":"2021-10-15T17:09:44","date_gmt":"2021-10-15T15:09:44","guid":{"rendered":"https:\/\/meozen.com\/fr\/?page_id=2923"},"modified":"2023-08-14T23:36:45","modified_gmt":"2023-08-14T21:36:45","slug":"tapis-de-yoga","status":"publish","type":"page","link":"https:\/\/meozen.com\/fr\/yoga\/equipement\/accessoires\/tapis-de-yoga\/","title":{"rendered":"Comment choisir son tapis de yoga ?"},"content":{"rendered":"\n<p>Une s\u00e9ance de yoga n\u00e9cessite peu de mat\u00e9riel. Mais s&rsquo;il y a bien un <a href=\"https:\/\/meozen.com\/fr\/yoga\/accessoires-yoga\/\">accessoire de yoga<\/a> indispensable, c&rsquo;est bien votre tapis de yoga ! Dans cet article, nous vous donnons les meilleurs conseils pour bien le choisir.<\/p>\n\n\n\n<p><\/p>\n\n\n\n<h2 class=\"wp-block-heading\">Un tapis de yoga en fonction de votre fr\u00e9quence de pratique<\/h2>\n\n\n\n<p>Si vous pratiquez le yoga occasionnellement, vous pouvez s\u00e9lectionner un tapis fin et de premier prix. En revanche, si vous pratiquez souvent (tous les jours par exemple), pr\u00e9f\u00e9rez un tapis d&rsquo;\u00e9paisseur moyenne et de bonne qualit\u00e9. Tout d&rsquo;abord, il durera plus longtemps dans le temps, mais il sera aussi plus confortable et donc rendra service \u00e0 vos articulations.<\/p>\n\n\n\n<p>Aussi, si vous devez vous rendre dans un studio de <a class=\"wpil_keyword_link\" href=\"https:\/\/meozen.com\/fr\/yoga\/\"   title=\"yoga\" data-wpil-keyword-link=\"linked\">yoga<\/a> \u00e0 l\u2019ext\u00e9rieur, s\u00e9lectionnez un tapis l\u00e9ger. Certains tapis ont la particularit\u00e9 de se plier afin d&rsquo;\u00eatre transport\u00e9 facilement.<\/p>\n\n\n\n<p><\/p>\n\n\n\n<h2 class=\"wp-block-heading\"><meta charset=\"utf-8\">Un tapis en fonction du style de yoga pratiqu\u00e9 <\/h2>\n\n\n\n<p>Si des tapis peuvent \u00eatre polyvalents, certains types de yoga peuvent demander des tapis plus ou moins \u00e9pais pour une pratique dans des conditions optimales. Nous les avons class\u00e9 en deux cat\u00e9gories : les tapis pour yoga dynamiques et ceux pour les yoga doux. <\/p>\n\n\n\n<h3 class=\"wp-block-heading\"><strong>Choisir un tapis de yoga adapt\u00e9 au yoga dynamique<\/strong><\/h3>\n\n\n\n<p>Pour la pratique de l\u2019Ashtanga ou du Vinyasa par exemple, vous devez avoir un tapis adapt\u00e9 au yoga dynamique. Puisque l&rsquo;on transpire facilement, il est n\u00e9cessaire de s\u00e9lectionner un tapis anti-d\u00e9rapant pour \u00e9viter tous risques de glisser lors des salutations du soleil, des sauts ou des postures invers\u00e9es. <\/p>\n\n\n\n<p>Les tapis en caoutchouc naturel ou en li\u00e8ge sont ceux qui offrent la meilleure adh\u00e9rence au sol.&nbsp;<\/p>\n\n\n\n<p>Quant \u00e0 l\u2019\u00e9paisseur id\u00e9ale du tapis, elle doit \u00eatre comprise entre 4 \u00e0 6 mm. <\/p>\n\n\n\n<p><\/p>\n\n\n\n<h3 class=\"wp-block-heading\">Choisir un tapis adapt\u00e9 au yoga doux<\/h3>\n\n\n\n<p>Pour la pratique du <a class=\"wpil_keyword_link\" href=\"https:\/\/meozen.com\/fr\/yoga\/hatha-yoga\/\"   title=\"Hatha\" data-wpil-keyword-link=\"linked\">Hatha<\/a> ou du Yin par exemple, un tapis dont l\u2019\u00e9paisseur est de 4 mm sera tr\u00e8s bien. En revanche, une \u00e9paisseur plus fine sera inconfortable pour les postures au sol.<\/p>\n\n\n\n<p>Pour la mat\u00e9riau, vous pouvez s\u00e9lectionner un tapis en PVC, en caoutchouc ou en li\u00e8ge.<\/p>\n\n\n\n<p><\/p>\n\n\n\n<h2 class=\"wp-block-heading\"><meta charset=\"utf-8\"><meta charset=\"utf-8\">Un tapis en fonction de vos valeurs \u00e9cologiques <\/h2>\n\n\n\n<p>Sachez qu&rsquo;il existe des <a href=\"https:\/\/meozen.com\/fr\/yoga\/equipement\/accessoires\/tapis-de-yoga\/ecologique\/\">tapis \u00e9cologiques<\/a> compos\u00e9s de mat\u00e9riaux respectueux de l&rsquo;environnement et cela sans diminuer la qualit\u00e9 du produit. Il s&rsquo;agit la plupart du temps de tapis de yoga en TPE aussi appel\u00e9 caoutchouc thermoplastique ou encore en li\u00e8ge.<\/p>\n\n\n\n<p><\/p>\n\n\n\n<h2 class=\"wp-block-heading\">O\u00f9 acheter votre tapis ?<\/h2>\n\n\n\n<p>Vous pouvez acheter un tapis dans les magasins de sport sp\u00e9cialis\u00e9s ou sur des sites de e-commerce sp\u00e9cialis\u00e9s. Les prix varient de 20 \u00e0 60 euros en fonction du mat\u00e9riau utilis\u00e9 (pvc, caoutchouc, li\u00e8ge), de la qualit\u00e9 du produit et de son \u00e9paisseur.<\/p>\n\n\n\n<p><\/p>\n\n\n\n<h2 class=\"wp-block-heading\">Les meilleurs tapis : la s\u00e9lection Meozen<\/h2>\n\n\n\n<h3 class=\"wp-block-heading\">Le Premium avec un kit complet<\/h3>\n\n\n\n<p><a href=\"https:\/\/www.amazon.fr\/dp\/B089F9W4WL\">Tapis OVO<\/a> au prix de 79 euros et not\u00e9 4,5\/5<\/p>\n\n\n\n<div class=\"wp-block-image\"><figure class=\"aligncenter size-large is-resized\"><a href=\"https:\/\/www.amazon.fr\/dp\/B089F9W4WL\"><img fetchpriority=\"high\" decoding=\"async\" src=\"https:\/\/m.media-amazon.com\/images\/I\/61W-WVGvs9S._AC_SL1500_.jpg\" alt=\"\" width=\"443\" height=\"418\"\/><\/a><\/figure><\/div>\n\n\n\n<p>Ce tapis de yoga est livr\u00e9 avec un kit complet : une sangle de transport, un E-book sur les postures de yoga \u00e0 t\u00e9l\u00e9charger et un tube de rangement pour la maison.&nbsp;<\/p>\n\n\n\n<p>Il est compos\u00e9 \u00e0 100% de caoutchouc naturel et d&rsquo;une couche de gomme organique certifi\u00e9s 100% recyclables, biod\u00e9gradables et non toxiques. Disponible en deux coloris design (marron argile ou rose doux), ce tapis a re\u00e7u de tr\u00e8s bons retours concernant son adh\u00e9rence, sa douceur et le fait qu\u2019il s\u2019adapte \u00e0 tous les styles de yoga. Il a des dimensions de 183cm x 68cm et son \u00e9paisseur est de 4mm. <\/p>\n\n\n\n<div class=\"wp-block-buttons is-content-justification-center\"><div class=\"wp-block-button\"><a class=\"wp-block-button__link has-white-color has-text-color has-background\" href=\"https:\/\/www.amazon.fr\/dp\/B089F9W4WL\" style=\"border-radius:5px;background-color:#f4be37\" target=\"_blank\" rel=\"noreferrer noopener\">\ud83d\udecd\ufe0f D\u00e9couvrir ce tapis de yoga sur Amazon<\/a><\/div><\/div>\n\n\n\n<h3 class=\"wp-block-heading\">Le tapis en li\u00e8ge le mieux not\u00e9&nbsp;<\/h3>\n\n\n\n<p><a href=\"https:\/\/www.amazon.fr\/Homtiky-dexercice-Ecologique-Entra%C3%AEnement-Transport\/dp\/B0836XBFW1\/ref=sr_1_5?dchild=1&amp;keywords=tapis+yoga+liege&amp;qid=1603833222&amp;sr=8-5\" target=\"_blank\" rel=\"noreferrer noopener\">Tapis Homtiky<\/a> au prix de 69,99 euros et not\u00e9 4,6\/5<\/p>\n\n\n\n<div class=\"wp-block-image\"><figure class=\"aligncenter size-large is-resized\"><a href=\"https:\/\/www.amazon.fr\/Homtiky-dexercice-Ecologique-Entra%C3%AEnement-Transport\/dp\/B0836XBFW1\/ref=sr_1_5?dchild=1&amp;keywords=tapis+yoga+liege&amp;qid=1603833222&amp;sr=8-5\"><img decoding=\"async\" src=\"https:\/\/m.media-amazon.com\/images\/I\/81jAQvWAl2L._AC_SL1500_.jpg\" alt=\"\" width=\"400\" height=\"582\"\/><\/a><\/figure><\/div>\n\n\n\n<p>Si vous cherchez un tapis en li\u00e8ge comprenant \u00e9galement un petit sac et une sangle de transport, alors le tapis Homtiky est fait pour vous. Avec son \u00e9paisseur de 7mm, et ses dimensions correctes (183x65cm), ce tapis conviendra \u00e0 toute personne d\u00e9sirant investir dans un accessoire fiable, durable et faisant l\u2019unanimit\u00e9 aupr\u00e8s de ceux qui l\u2019ont essay\u00e9.&nbsp;On appr\u00e9cie \u00e9galement son motif \u00e9l\u00e9phant, rappelant les symboles de l\u2019Inde, berceau du yoga.<\/p>\n\n\n\n<div class=\"wp-block-buttons is-content-justification-center\"><div class=\"wp-block-button\"><a class=\"wp-block-button__link has-white-color has-text-color has-background\" href=\"https:\/\/www.amazon.fr\/Homtiky-dexercice-Ecologique-Entra%C3%AEnement-Transport\/dp\/B0836XBFW1\/ref=sr_1_5?dchild=1&amp;keywords=tapis+yoga+liege&amp;qid=1603833222&amp;sr=8-5\" style=\"border-radius:5px;background-color:#f4be37\" target=\"_blank\" rel=\"noreferrer noopener\">\ud83d\udecd\ufe0f D\u00e9couvrir ce tapis de yoga sur Amazon<\/a><\/div><\/div>\n\n\n\n<h3 class=\"wp-block-heading\">Le tapis avec des lignes directrices<\/h3>\n\n\n\n<p><a href=\"https:\/\/www.amazon.fr\/YOGATI-Antid%C3%A9rapant-Ecologique-Toxique-dalignement\/dp\/B07ML1VMPD\/ref=sr_1_5?__mk_fr_FR=%C3%85M%C3%85%C5%BD%C3%95%C3%91&amp;crid=NVXHK9V1W51X&amp;dchild=1&amp;keywords=tapis+de+yoga+%C3%A9cologique&amp;qid=1604072218&amp;sprefix=tapis+de+yoga+%C3%A9cologique%2Caps%2C1490&amp;sr=8-5\">Tapis YOGATI<\/a> au prix de 35 euros et not\u00e9 4,6\/5<\/p>\n\n\n\n<div class=\"wp-block-image\"><figure class=\"aligncenter size-large is-resized\"><a href=\"https:\/\/amzn.to\/3eej0aC\"><img decoding=\"async\" src=\"https:\/\/m.media-amazon.com\/images\/I\/815LhUgRlEL._AC_SL1500_.jpg\" alt=\"\" width=\"553\" height=\"563\"\/><\/a><\/figure><\/div>\n\n\n\n<p>Si vous d\u00e9sirez un tapis de yoga \u00e9cologique et premium, ce tapis de la marque YOGATI vous plaira. Celui-ci a des dimensions de 183cm x 61cm et une \u00e9paisseur id\u00e9ale de 6mm. Il b\u00e9n\u00e9ficie \u00e9galement de rep\u00e8res d\u2019alignement, ce qui est tr\u00e8s pratique pour les d\u00e9butants en yoga. Les retours sont tr\u00e8s bons et les clients appr\u00e9cient le fait qu\u2019il soit anti-d\u00e9rapant, l\u00e9ger et robuste et qu\u2019il n\u2019a pas d\u2019odeur particuli\u00e8re \u00e0 sa r\u00e9ception. Il est livr\u00e9 avec une sangle de transport. Seul b\u00e9mol, certains clients remontent le fait qu\u2019il appara\u00eet facilement des taches de transpiration pendant la pratique.<\/p>\n\n\n\n<div class=\"wp-block-buttons is-content-justification-center\"><div class=\"wp-block-button\"><a class=\"wp-block-button__link has-white-color has-text-color has-background\" href=\"https:\/\/amzn.to\/3eej0aC\" style=\"border-radius:5px;background-color:#f4be37\" target=\"_blank\" rel=\"noreferrer noopener\">\ud83d\udecd\ufe0f D\u00e9couvrir ce tapis de yoga sur Amazon<\/a><\/div><\/div>\n\n\n\n<h3 class=\"wp-block-heading\">D\u00e9couvrez d&rsquo;autres accessoires susceptibles de vous int\u00e9resser<\/h3>\n\n\n\n<ul class=\"wp-block-list\"><li><a href=\"https:\/\/meozen.com\/fr\/yoga\/accessoires-yoga\/bolster\/\">Bolster de yoga<\/a><\/li><li><a href=\"https:\/\/meozen.com\/fr\/yoga\/accessoires-yoga\/brique\/\">Brique de yoga<\/a><\/li><li><a href=\"https:\/\/meozen.com\/fr\/yoga\/accessoires-yoga\/sangle\/\">Sangle de yoga<\/a><\/li><\/ul>\n","protected":false},"excerpt":{"rendered":"<p>Une s\u00e9ance de yoga n\u00e9cessite peu de mat\u00e9riel. Mais s&rsquo;il y a bien un accessoire de yoga indispensable, c&rsquo;est bien votre tapis de yoga ! Dans cet article, nous vous donnons les meilleurs conseils pour bien le choisir. Un tapis de yoga en fonction de votre fr\u00e9quence de pratique Si vous pratiquez le yoga occasionnellement, [&hellip;]<\/p>\n","protected":false},"author":1,"featured_media":3055,"parent":384,"menu_order":0,"comment_status":"closed","ping_status":"closed","template":"","meta":{"_mo_disable_npp":"","footnotes":""},"class_list":["post-2923","page","type-page","status-publish","has-post-thumbnail","hentry"],"yoast_head":"<!-- This site is optimized with the Yoast SEO plugin v26.8 - https:\/\/yoast.com\/product\/yoast-seo-wordpress\/ -->\n<title>Tapis de yoga : la s\u00e9lection Meozen<\/title>\n<meta name=\"description\" content=\"\u27bd\u00a0Cliquez ici pour d\u00e9couvrir comment bien choisir votre tapis de yoga en fonction de votre pratique, ainsi qu&#039;une s\u00e9lection par Meozen \u2705\" \/>\n<meta name=\"robots\" content=\"index, follow, max-snippet:-1, max-image-preview:large, max-video-preview:-1\" \/>\n<link rel=\"canonical\" href=\"https:\/\/meozen.com\/fr\/yoga\/equipement\/accessoires\/tapis-de-yoga\/\" \/>\n<meta property=\"og:locale\" content=\"fr_FR\" \/>\n<meta property=\"og:type\" content=\"article\" \/>\n<meta property=\"og:title\" content=\"Tapis de yoga : la s\u00e9lection Meozen\" \/>\n<meta property=\"og:description\" content=\"\u27bd\u00a0Cliquez ici pour d\u00e9couvrir comment bien choisir votre tapis de yoga en fonction de votre pratique, ainsi qu&#039;une s\u00e9lection par Meozen \u2705\" \/>\n<meta property=\"og:url\" content=\"https:\/\/meozen.com\/fr\/yoga\/equipement\/accessoires\/tapis-de-yoga\/\" \/>\n<meta property=\"og:site_name\" content=\"Meozen - Votre portail bien-\u00eatre\" \/>\n<meta property=\"article:publisher\" content=\"https:\/\/www.facebook.com\/MeozenFr\/\" \/>\n<meta property=\"article:modified_time\" content=\"2023-08-14T21:36:45+00:00\" \/>\n<meta property=\"og:image\" content=\"https:\/\/meozen.com\/fr\/wp-content\/uploads\/sites\/2\/2021\/10\/tapis-de-yoga-meozen.jpg\" \/>\n\t<meta property=\"og:image:width\" content=\"1000\" \/>\n\t<meta property=\"og:image:height\" content=\"563\" \/>\n\t<meta property=\"og:image:type\" content=\"image\/jpeg\" \/>\n<meta name=\"twitter:card\" content=\"summary_large_image\" \/>\n<meta name=\"twitter:label1\" content=\"Dur\u00e9e de lecture estim\u00e9e\" \/>\n\t<meta name=\"twitter:data1\" content=\"5 minutes\" \/>\n<script type=\"application\/ld+json\" class=\"yoast-schema-graph\">{\"@context\":\"https:\/\/schema.org\",\"@graph\":[{\"@type\":\"WebPage\",\"@id\":\"https:\/\/meozen.com\/fr\/yoga\/equipement\/accessoires\/tapis-de-yoga\/\",\"url\":\"https:\/\/meozen.com\/fr\/yoga\/equipement\/accessoires\/tapis-de-yoga\/\",\"name\":\"Tapis de yoga : la s\u00e9lection Meozen\",\"isPartOf\":{\"@id\":\"https:\/\/meozen.com\/fr\/#website\"},\"primaryImageOfPage\":{\"@id\":\"https:\/\/meozen.com\/fr\/yoga\/equipement\/accessoires\/tapis-de-yoga\/#primaryimage\"},\"image\":{\"@id\":\"https:\/\/meozen.com\/fr\/yoga\/equipement\/accessoires\/tapis-de-yoga\/#primaryimage\"},\"thumbnailUrl\":\"https:\/\/meozen.com\/fr\/wp-content\/uploads\/sites\/2\/2021\/10\/tapis-de-yoga-meozen.jpg\",\"datePublished\":\"2021-10-15T15:09:44+00:00\",\"dateModified\":\"2023-08-14T21:36:45+00:00\",\"description\":\"\u27bd\u00a0Cliquez ici pour d\u00e9couvrir comment bien choisir votre tapis de yoga en fonction de votre pratique, ainsi qu'une s\u00e9lection par Meozen \u2705\",\"breadcrumb\":{\"@id\":\"https:\/\/meozen.com\/fr\/yoga\/equipement\/accessoires\/tapis-de-yoga\/#breadcrumb\"},\"inLanguage\":\"fr-FR\",\"potentialAction\":[{\"@type\":\"ReadAction\",\"target\":[\"https:\/\/meozen.com\/fr\/yoga\/equipement\/accessoires\/tapis-de-yoga\/\"]}]},{\"@type\":\"ImageObject\",\"inLanguage\":\"fr-FR\",\"@id\":\"https:\/\/meozen.com\/fr\/yoga\/equipement\/accessoires\/tapis-de-yoga\/#primaryimage\",\"url\":\"https:\/\/meozen.com\/fr\/wp-content\/uploads\/sites\/2\/2021\/10\/tapis-de-yoga-meozen.jpg\",\"contentUrl\":\"https:\/\/meozen.com\/fr\/wp-content\/uploads\/sites\/2\/2021\/10\/tapis-de-yoga-meozen.jpg\",\"width\":1000,\"height\":563},{\"@type\":\"BreadcrumbList\",\"@id\":\"https:\/\/meozen.com\/fr\/yoga\/equipement\/accessoires\/tapis-de-yoga\/#breadcrumb\",\"itemListElement\":[{\"@type\":\"ListItem\",\"position\":1,\"name\":\"Accueil\",\"item\":\"https:\/\/meozen.com\/fr\/\"},{\"@type\":\"ListItem\",\"position\":2,\"name\":\"Yoga : Tout savoir sur cette pratique\",\"item\":\"https:\/\/meozen.com\/fr\/yoga\/\"},{\"@type\":\"ListItem\",\"position\":3,\"name\":\"\u00c9quipement yoga : Bien s&#8217;\u00e9quiper pour pratiquer\",\"item\":\"https:\/\/meozen.com\/fr\/yoga\/equipement\/\"},{\"@type\":\"ListItem\",\"position\":4,\"name\":\"Accessoires yoga : Quel mat\u00e9riel n\u00e9cessaire \u00e0 la pratique du yoga ?\",\"item\":\"https:\/\/meozen.com\/fr\/yoga\/equipement\/accessoires\/\"},{\"@type\":\"ListItem\",\"position\":5,\"name\":\"Comment choisir son tapis de yoga ?\"}]},{\"@type\":\"WebSite\",\"@id\":\"https:\/\/meozen.com\/fr\/#website\",\"url\":\"https:\/\/meozen.com\/fr\/\",\"name\":\"Meozen - Votre portail bien-\u00eatre\",\"description\":\"D\u00e9couvrez tout l&#039;univers du bien-\u00eatre, yoga, m\u00e9ditation, trouvez les meilleures retraites et formations bien-\u00eatre\",\"publisher\":{\"@id\":\"https:\/\/meozen.com\/fr\/#organization\"},\"potentialAction\":[{\"@type\":\"SearchAction\",\"target\":{\"@type\":\"EntryPoint\",\"urlTemplate\":\"https:\/\/meozen.com\/fr\/?s={search_term_string}\"},\"query-input\":{\"@type\":\"PropertyValueSpecification\",\"valueRequired\":true,\"valueName\":\"search_term_string\"}}],\"inLanguage\":\"fr-FR\"},{\"@type\":\"Organization\",\"@id\":\"https:\/\/meozen.com\/fr\/#organization\",\"name\":\"Meozen\",\"url\":\"https:\/\/meozen.com\/fr\/\",\"logo\":{\"@type\":\"ImageObject\",\"inLanguage\":\"fr-FR\",\"@id\":\"https:\/\/meozen.com\/fr\/#\/schema\/logo\/image\/\",\"url\":\"https:\/\/meozen.com\/fr\/wp-content\/uploads\/sites\/2\/2021\/06\/logo-meozen-push.jpg\",\"contentUrl\":\"https:\/\/meozen.com\/fr\/wp-content\/uploads\/sites\/2\/2021\/06\/logo-meozen-push.jpg\",\"width\":384,\"height\":384,\"caption\":\"Meozen\"},\"image\":{\"@id\":\"https:\/\/meozen.com\/fr\/#\/schema\/logo\/image\/\"},\"sameAs\":[\"https:\/\/www.facebook.com\/MeozenFr\/\",\"https:\/\/www.pinterest.fr\/meozen_officiel\/\",\"https:\/\/www.instagram.com\/meozen_officiel\/\"]}]}<\/script>\n<!-- \/ Yoast SEO plugin. -->","yoast_head_json":{"title":"Tapis de yoga : la s\u00e9lection Meozen","description":"\u27bd\u00a0Cliquez ici pour d\u00e9couvrir comment bien choisir votre tapis de yoga en fonction de votre pratique, ainsi qu'une s\u00e9lection par Meozen \u2705","robots":{"index":"index","follow":"follow","max-snippet":"max-snippet:-1","max-image-preview":"max-image-preview:large","max-video-preview":"max-video-preview:-1"},"canonical":"https:\/\/meozen.com\/fr\/yoga\/equipement\/accessoires\/tapis-de-yoga\/","og_locale":"fr_FR","og_type":"article","og_title":"Tapis de yoga : la s\u00e9lection Meozen","og_description":"\u27bd\u00a0Cliquez ici pour d\u00e9couvrir comment bien choisir votre tapis de yoga en fonction de votre pratique, ainsi qu'une s\u00e9lection par Meozen \u2705","og_url":"https:\/\/meozen.com\/fr\/yoga\/equipement\/accessoires\/tapis-de-yoga\/","og_site_name":"Meozen - Votre portail bien-\u00eatre","article_publisher":"https:\/\/www.facebook.com\/MeozenFr\/","article_modified_time":"2023-08-14T21:36:45+00:00","og_image":[{"width":1000,"height":563,"url":"https:\/\/meozen.com\/fr\/wp-content\/uploads\/sites\/2\/2021\/10\/tapis-de-yoga-meozen.jpg","type":"image\/jpeg"}],"twitter_card":"summary_large_image","twitter_misc":{"Dur\u00e9e de lecture estim\u00e9e":"5 minutes"},"schema":{"@context":"https:\/\/schema.org","@graph":[{"@type":"WebPage","@id":"https:\/\/meozen.com\/fr\/yoga\/equipement\/accessoires\/tapis-de-yoga\/","url":"https:\/\/meozen.com\/fr\/yoga\/equipement\/accessoires\/tapis-de-yoga\/","name":"Tapis de yoga : la s\u00e9lection Meozen","isPartOf":{"@id":"https:\/\/meozen.com\/fr\/#website"},"primaryImageOfPage":{"@id":"https:\/\/meozen.com\/fr\/yoga\/equipement\/accessoires\/tapis-de-yoga\/#primaryimage"},"image":{"@id":"https:\/\/meozen.com\/fr\/yoga\/equipement\/accessoires\/tapis-de-yoga\/#primaryimage"},"thumbnailUrl":"https:\/\/meozen.com\/fr\/wp-content\/uploads\/sites\/2\/2021\/10\/tapis-de-yoga-meozen.jpg","datePublished":"2021-10-15T15:09:44+00:00","dateModified":"2023-08-14T21:36:45+00:00","description":"\u27bd\u00a0Cliquez ici pour d\u00e9couvrir comment bien choisir votre tapis de yoga en fonction de votre pratique, ainsi qu'une s\u00e9lection par Meozen \u2705","breadcrumb":{"@id":"https:\/\/meozen.com\/fr\/yoga\/equipement\/accessoires\/tapis-de-yoga\/#breadcrumb"},"inLanguage":"fr-FR","potentialAction":[{"@type":"ReadAction","target":["https:\/\/meozen.com\/fr\/yoga\/equipement\/accessoires\/tapis-de-yoga\/"]}]},{"@type":"ImageObject","inLanguage":"fr-FR","@id":"https:\/\/meozen.com\/fr\/yoga\/equipement\/accessoires\/tapis-de-yoga\/#primaryimage","url":"https:\/\/meozen.com\/fr\/wp-content\/uploads\/sites\/2\/2021\/10\/tapis-de-yoga-meozen.jpg","contentUrl":"https:\/\/meozen.com\/fr\/wp-content\/uploads\/sites\/2\/2021\/10\/tapis-de-yoga-meozen.jpg","width":1000,"height":563},{"@type":"BreadcrumbList","@id":"https:\/\/meozen.com\/fr\/yoga\/equipement\/accessoires\/tapis-de-yoga\/#breadcrumb","itemListElement":[{"@type":"ListItem","position":1,"name":"Accueil","item":"https:\/\/meozen.com\/fr\/"},{"@type":"ListItem","position":2,"name":"Yoga : Tout savoir sur cette pratique","item":"https:\/\/meozen.com\/fr\/yoga\/"},{"@type":"ListItem","position":3,"name":"\u00c9quipement yoga : Bien s&#8217;\u00e9quiper pour pratiquer","item":"https:\/\/meozen.com\/fr\/yoga\/equipement\/"},{"@type":"ListItem","position":4,"name":"Accessoires yoga : Quel mat\u00e9riel n\u00e9cessaire \u00e0 la pratique du yoga ?","item":"https:\/\/meozen.com\/fr\/yoga\/equipement\/accessoires\/"},{"@type":"ListItem","position":5,"name":"Comment choisir son tapis de yoga ?"}]},{"@type":"WebSite","@id":"https:\/\/meozen.com\/fr\/#website","url":"https:\/\/meozen.com\/fr\/","name":"Meozen - Votre portail bien-\u00eatre","description":"D\u00e9couvrez tout l&#039;univers du bien-\u00eatre, yoga, m\u00e9ditation, trouvez les meilleures retraites et formations bien-\u00eatre","publisher":{"@id":"https:\/\/meozen.com\/fr\/#organization"},"potentialAction":[{"@type":"SearchAction","target":{"@type":"EntryPoint","urlTemplate":"https:\/\/meozen.com\/fr\/?s={search_term_string}"},"query-input":{"@type":"PropertyValueSpecification","valueRequired":true,"valueName":"search_term_string"}}],"inLanguage":"fr-FR"},{"@type":"Organization","@id":"https:\/\/meozen.com\/fr\/#organization","name":"Meozen","url":"https:\/\/meozen.com\/fr\/","logo":{"@type":"ImageObject","inLanguage":"fr-FR","@id":"https:\/\/meozen.com\/fr\/#\/schema\/logo\/image\/","url":"https:\/\/meozen.com\/fr\/wp-content\/uploads\/sites\/2\/2021\/06\/logo-meozen-push.jpg","contentUrl":"https:\/\/meozen.com\/fr\/wp-content\/uploads\/sites\/2\/2021\/06\/logo-meozen-push.jpg","width":384,"height":384,"caption":"Meozen"},"image":{"@id":"https:\/\/meozen.com\/fr\/#\/schema\/logo\/image\/"},"sameAs":["https:\/\/www.facebook.com\/MeozenFr\/","https:\/\/www.pinterest.fr\/meozen_officiel\/","https:\/\/www.instagram.com\/meozen_officiel\/"]}]}},"_links":{"self":[{"href":"https:\/\/meozen.com\/fr\/wp-json\/wp\/v2\/pages\/2923","targetHints":{"allow":["GET"]}}],"collection":[{"href":"https:\/\/meozen.com\/fr\/wp-json\/wp\/v2\/pages"}],"about":[{"href":"https:\/\/meozen.com\/fr\/wp-json\/wp\/v2\/types\/page"}],"author":[{"embeddable":true,"href":"https:\/\/meozen.com\/fr\/wp-json\/wp\/v2\/users\/1"}],"replies":[{"embeddable":true,"href":"https:\/\/meozen.com\/fr\/wp-json\/wp\/v2\/comments?post=2923"}],"version-history":[{"count":0,"href":"https:\/\/meozen.com\/fr\/wp-json\/wp\/v2\/pages\/2923\/revisions"}],"up":[{"embeddable":true,"href":"https:\/\/meozen.com\/fr\/wp-json\/wp\/v2\/pages\/384"}],"wp:featuredmedia":[{"embeddable":true,"href":"https:\/\/meozen.com\/fr\/wp-json\/wp\/v2\/media\/3055"}],"wp:attachment":[{"href":"https:\/\/meozen.com\/fr\/wp-json\/wp\/v2\/media?parent=2923"}],"curies":[{"name":"wp","href":"https:\/\/api.w.org\/{rel}","templated":true}]}}