{"id":2925,"date":"2021-10-15T17:13:27","date_gmt":"2021-10-15T15:13:27","guid":{"rendered":"https:\/\/meozen.com\/fr\/?page_id=2925"},"modified":"2023-08-14T22:46:25","modified_gmt":"2023-08-14T20:46:25","slug":"brique","status":"publish","type":"page","link":"https:\/\/meozen.com\/fr\/yoga\/equipement\/accessoires\/brique\/","title":{"rendered":"Brique de yoga : La s\u00e9lection Meozen"},"content":{"rendered":"\n<p>La <strong>brique de yoga<\/strong>, aussi appel\u00e9e bloc de yoga, est un <a href=\"https:\/\/meozen.com\/fr\/yoga\/accessoires-yoga\/\">accessoire<\/a> de forme rectangulaire de plusieurs centim\u00e8tres d\u2019\u00e9paisseur. Les briques de yoga sont solides et peuvent \u00eatre de diff\u00e9rents mat\u00e9riaux : bois, li\u00e8ge, mousse. Utilis\u00e9es lors de certaines asanas, elles permettent d\u2019\u00eatre soutenues et de rester stable et confortable. Elles peuvent \u00eatre utilis\u00e9es verticalement ou horizontalement. Vous pouvez trouver des mod\u00e8les de tous mat\u00e9riaux et de toutes tailles. <\/p>\n\n\n\n<h2 class=\"wp-block-heading\">\u00c0 quoi sert une brique de yoga ?<\/h2>\n\n\n\n<p>L&rsquo;utilisation des briques de <a class=\"wpil_keyword_link\" href=\"https:\/\/meozen.com\/fr\/yoga\/\"   title=\"yoga\" data-wpil-keyword-link=\"linked\">yoga<\/a> est vari\u00e9e. Les briques de yoga peuvent \u00eatre utilis\u00e9es pour rendre les positions confortables, mais aussi pour augmenter le niveau de difficult\u00e9 de certaines postures surtout lorsqu&rsquo;elles sont faites contre le mur. Cet accessoire permet par exemple de placer les pieds \u00e0 un niveau plus \u00e9lev\u00e9 que les hanches (posture du triangle), ou encore de relever les jambes et rester stable (posture de la roue).<\/p>\n\n\n\n<p>Elles sont donc un atout utile pour vous assister lors de vos s\u00e9ances de yoga.<\/p>\n\n\n\n<h2 class=\"wp-block-heading\">Comment bien choisir ses briques de yoga ?<\/h2>\n\n\n\n<p>Pour vous aider \u00e0 faire votre choix, voici notre s\u00e9lection de brique de yoga :<\/p>\n\n\n\n<h3 class=\"wp-block-heading\">La brique de yoga en li\u00e8ge<\/h3>\n\n\n\n<p><a href=\"https:\/\/amzn.to\/3H3WlKA\" target=\"_blank\" rel=\"noreferrer noopener\">LOTUSCRAFTS au prix de 15,95 et 18,95 euros<\/a> not\u00e9 4,8\/5<\/p>\n\n\n\n<div class=\"wp-block-image\"><figure class=\"aligncenter size-large is-resized\"><a href=\"https:\/\/amzn.to\/3H3WlKA\" target=\"_blank\" rel=\"noopener\"><img fetchpriority=\"high\" decoding=\"async\" src=\"https:\/\/m.media-amazon.com\/images\/I\/71bb6JopTbL._AC_SL1500_.jpg\" alt=\"\" width=\"442\" height=\"285\"\/><\/a><\/figure><\/div>\n\n\n\n<p>La brique de yoga en li\u00e8ge de la marque LOTUSCRAFTS existe en deux tailles : small (22 x 12 x 7,5 cm) ou standard (23 x 14 x 9 cm). Le li\u00e8ge venant du Portugal fait de cette brique un produit de fabrication respectueux de l&rsquo;environnement. Le li\u00e8ge est le mat\u00e9riau id\u00e9al pour son c\u00f4t\u00e9 antid\u00e9rapant. Les clients appr\u00e9cient la l\u00e9g\u00e8ret\u00e9 et la solidit\u00e9 du li\u00e8ge.<\/p>\n\n\n\n<p>Bon \u00e0 savoir : bien que les photos montrent deux briques, celle-ci est vendue \u00e0 l\u2019unit\u00e9.<\/p>\n\n\n\n<div class=\"wp-block-buttons is-content-justification-center\"><div class=\"wp-block-button\"><a class=\"wp-block-button__link has-white-color has-text-color has-background\" href=\"https:\/\/amzn.to\/3H3WlKA\" style=\"border-radius:5px;background-color:#f4be37\" target=\"_blank\" rel=\"noreferrer noopener\">\ud83d\udecd\ufe0f D\u00e9couvrir cette brique de yoga sur Amazon<\/a><\/div><\/div>\n\n\n\n<p><a href=\"https:\/\/amzn.to\/32rLA5u\" target=\"_blank\" rel=\"noreferrer noopener\">YOGIBATO au prix de 26,90 euros<\/a> not\u00e9 4,8\/5<\/p>\n\n\n\n<div class=\"wp-block-image\"><figure class=\"aligncenter size-large is-resized\"><a href=\"https:\/\/amzn.to\/32rLA5u\" target=\"_blank\" rel=\"noopener\"><img decoding=\"async\" src=\"https:\/\/m.media-amazon.com\/images\/I\/91NGTc56y-L._AC_SL1500_.jpg\" alt=\"\" width=\"433\" height=\"374\"\/><\/a><\/figure><\/div>\n\n\n\n<p>Fabriqu\u00e9es au Portugal \u00e0 partir d\u2019un li\u00e8ge 100% naturel, les briques de la marque YOGIBATO sont donc biod\u00e9gradables et respectueuses de l\u2019environnement. Le li\u00e8ge est antid\u00e9rapant et offre une bonne prise en main, m\u00eame en cas de transpiration. Les briques sont disponibles \u00e0 l\u2019unit\u00e9 ou par lot de deux. Choisissez \u00ab 1 pi\u00e8ce \u00bb pour le bloc simple ou \u00ab 2 pi\u00e8ces \u00bb pour le bloc double. Une brique mesure 22,5 x 12 x 7,5 cm et p\u00e8se environ 600 grammes.<\/p>\n\n\n\n<div class=\"wp-block-buttons is-content-justification-center\"><div class=\"wp-block-button\"><a class=\"wp-block-button__link has-white-color has-text-color has-background\" href=\"https:\/\/amzn.to\/32rLA5u\" style=\"border-radius:5px;background-color:#f4be37\" target=\"_blank\" rel=\"noreferrer noopener\">\ud83d\udecd\ufe0f D\u00e9couvrir cette brique de yoga sur Amazon<\/a><\/div><\/div>\n\n\n\n<h3 class=\"wp-block-heading\">Le kit \u00ab\u00a02 briques de yoga + 1 sangle de yoga\u201d<\/h3>\n\n\n\n<p><a href=\"https:\/\/amzn.to\/3eej0aC\" target=\"_blank\" rel=\"noreferrer noopener\">ABREE au prix de 15,99 euros<\/a> not\u00e9 4,6\/5<\/p>\n\n\n\n<div class=\"wp-block-image\"><figure class=\"aligncenter size-large is-resized\"><a href=\"https:\/\/amzn.to\/3eej0aC\" target=\"_blank\" rel=\"noopener\"><img decoding=\"async\" src=\"https:\/\/m.media-amazon.com\/images\/I\/71qxi0aBh-L._AC_SL1500_.jpg\" alt=\"\" width=\"487\" height=\"426\"\/><\/a><\/figure><\/div>\n\n\n\n<p>Cet kit comprend deux briques de yoga en mousse ainsi qu\u2019une sangle de yoga. Les dimensions des briques sont de 23x15x7,6 cm. Bien que les briques soient en mousse, celles-ci sont assez rigides et stables. Les clients appr\u00e9cient la l\u00e9g\u00e8ret\u00e9 des briques, leur confort ainsi que leur durabilit\u00e9. Le kit est disponible en bleu ou en violet.<\/p>\n\n\n\n<div class=\"wp-block-buttons is-content-justification-center\"><div class=\"wp-block-button\"><a class=\"wp-block-button__link has-white-color has-text-color has-background\" href=\"https:\/\/amzn.to\/3eej0aC\" style=\"border-radius:5px;background-color:#f4be37\" target=\"_blank\" rel=\"noreferrer noopener\">\ud83d\udecd\ufe0f D\u00e9couvrir ce kit de yoga sur Amazon<\/a><\/div><\/div>\n\n\n\n<h3 class=\"wp-block-heading\">D\u00e9couvrir d&rsquo;autres accessoires de yoga utiles<\/h3>\n\n\n\n<p><meta charset=\"utf-8\"><li><a href=\"https:\/\/meozen.com\/fr\/yoga\/accessoires-yoga\/sangle\/\">Sangle de yoga<\/a><\/li><\/p>\n\n\n\n<p><li><a href=\"https:\/\/meozen.com\/fr\/yoga\/accessoires-yoga\/tapis-de-yoga\/\">Tapis de yoga<\/a><\/li><\/p>\n\n\n\n<p><li><a href=\"https:\/\/meozen.com\/fr\/yoga\/accessoires-yoga\/bolster\/\">Bolster de yoga<\/a><\/li><\/p>\n","protected":false},"excerpt":{"rendered":"<p>La brique de yoga, aussi appel\u00e9e bloc de yoga, est un accessoire de forme rectangulaire de plusieurs centim\u00e8tres d\u2019\u00e9paisseur. Les briques de yoga sont solides et peuvent \u00eatre de diff\u00e9rents mat\u00e9riaux : bois, li\u00e8ge, mousse. Utilis\u00e9es lors de certaines asanas, elles permettent d\u2019\u00eatre soutenues et de rester stable et confortable. Elles peuvent \u00eatre utilis\u00e9es verticalement [&hellip;]<\/p>\n","protected":false},"author":1,"featured_media":3030,"parent":384,"menu_order":0,"comment_status":"closed","ping_status":"closed","template":"","meta":{"_mo_disable_npp":"","footnotes":""},"class_list":["post-2925","page","type-page","status-publish","has-post-thumbnail","hentry"],"yoast_head":"<!-- This site is optimized with the Yoast SEO plugin v26.8 - https:\/\/yoast.com\/product\/yoast-seo-wordpress\/ -->\n<title>Brique de Yoga : la s\u00e9lection Meozen<\/title>\n<meta name=\"robots\" content=\"index, follow, max-snippet:-1, max-image-preview:large, max-video-preview:-1\" \/>\n<link rel=\"canonical\" href=\"https:\/\/meozen.com\/fr\/yoga\/equipement\/accessoires\/brique\/\" \/>\n<meta property=\"og:locale\" content=\"fr_FR\" \/>\n<meta property=\"og:type\" content=\"article\" \/>\n<meta property=\"og:title\" content=\"Brique de Yoga : la s\u00e9lection Meozen\" \/>\n<meta property=\"og:description\" content=\"La brique de yoga, aussi appel\u00e9e bloc de yoga, est un accessoire de forme rectangulaire de plusieurs centim\u00e8tres d\u2019\u00e9paisseur. Les briques de yoga sont solides et peuvent \u00eatre de diff\u00e9rents mat\u00e9riaux : bois, li\u00e8ge, mousse. Utilis\u00e9es lors de certaines asanas, elles permettent d\u2019\u00eatre soutenues et de rester stable et confortable. Elles peuvent \u00eatre utilis\u00e9es verticalement [&hellip;]\" \/>\n<meta property=\"og:url\" content=\"https:\/\/meozen.com\/fr\/yoga\/equipement\/accessoires\/brique\/\" \/>\n<meta property=\"og:site_name\" content=\"Meozen - Votre portail bien-\u00eatre\" \/>\n<meta property=\"article:publisher\" content=\"https:\/\/www.facebook.com\/MeozenFr\/\" \/>\n<meta property=\"article:modified_time\" content=\"2023-08-14T20:46:25+00:00\" \/>\n<meta property=\"og:image\" content=\"https:\/\/meozen.com\/fr\/wp-content\/uploads\/sites\/2\/2021\/10\/brique-de-yoga-meozen.jpg\" \/>\n\t<meta property=\"og:image:width\" content=\"1000\" \/>\n\t<meta property=\"og:image:height\" content=\"563\" \/>\n\t<meta property=\"og:image:type\" content=\"image\/jpeg\" \/>\n<meta name=\"twitter:card\" content=\"summary_large_image\" \/>\n<meta name=\"twitter:label1\" content=\"Dur\u00e9e de lecture estim\u00e9e\" \/>\n\t<meta name=\"twitter:data1\" content=\"3 minutes\" \/>\n<script type=\"application\/ld+json\" class=\"yoast-schema-graph\">{\"@context\":\"https:\/\/schema.org\",\"@graph\":[{\"@type\":\"WebPage\",\"@id\":\"https:\/\/meozen.com\/fr\/yoga\/equipement\/accessoires\/brique\/\",\"url\":\"https:\/\/meozen.com\/fr\/yoga\/equipement\/accessoires\/brique\/\",\"name\":\"Brique de Yoga : la s\u00e9lection Meozen\",\"isPartOf\":{\"@id\":\"https:\/\/meozen.com\/fr\/#website\"},\"primaryImageOfPage\":{\"@id\":\"https:\/\/meozen.com\/fr\/yoga\/equipement\/accessoires\/brique\/#primaryimage\"},\"image\":{\"@id\":\"https:\/\/meozen.com\/fr\/yoga\/equipement\/accessoires\/brique\/#primaryimage\"},\"thumbnailUrl\":\"https:\/\/meozen.com\/fr\/wp-content\/uploads\/sites\/2\/2021\/10\/brique-de-yoga-meozen.jpg\",\"datePublished\":\"2021-10-15T15:13:27+00:00\",\"dateModified\":\"2023-08-14T20:46:25+00:00\",\"breadcrumb\":{\"@id\":\"https:\/\/meozen.com\/fr\/yoga\/equipement\/accessoires\/brique\/#breadcrumb\"},\"inLanguage\":\"fr-FR\",\"potentialAction\":[{\"@type\":\"ReadAction\",\"target\":[\"https:\/\/meozen.com\/fr\/yoga\/equipement\/accessoires\/brique\/\"]}]},{\"@type\":\"ImageObject\",\"inLanguage\":\"fr-FR\",\"@id\":\"https:\/\/meozen.com\/fr\/yoga\/equipement\/accessoires\/brique\/#primaryimage\",\"url\":\"https:\/\/meozen.com\/fr\/wp-content\/uploads\/sites\/2\/2021\/10\/brique-de-yoga-meozen.jpg\",\"contentUrl\":\"https:\/\/meozen.com\/fr\/wp-content\/uploads\/sites\/2\/2021\/10\/brique-de-yoga-meozen.jpg\",\"width\":1000,\"height\":563},{\"@type\":\"BreadcrumbList\",\"@id\":\"https:\/\/meozen.com\/fr\/yoga\/equipement\/accessoires\/brique\/#breadcrumb\",\"itemListElement\":[{\"@type\":\"ListItem\",\"position\":1,\"name\":\"Accueil\",\"item\":\"https:\/\/meozen.com\/fr\/\"},{\"@type\":\"ListItem\",\"position\":2,\"name\":\"Yoga : Tout savoir sur cette pratique\",\"item\":\"https:\/\/meozen.com\/fr\/yoga\/\"},{\"@type\":\"ListItem\",\"position\":3,\"name\":\"\u00c9quipement yoga : Bien s&#8217;\u00e9quiper pour pratiquer\",\"item\":\"https:\/\/meozen.com\/fr\/yoga\/equipement\/\"},{\"@type\":\"ListItem\",\"position\":4,\"name\":\"Accessoires yoga : Quel mat\u00e9riel n\u00e9cessaire \u00e0 la pratique du yoga ?\",\"item\":\"https:\/\/meozen.com\/fr\/yoga\/equipement\/accessoires\/\"},{\"@type\":\"ListItem\",\"position\":5,\"name\":\"Brique de yoga : La s\u00e9lection Meozen\"}]},{\"@type\":\"WebSite\",\"@id\":\"https:\/\/meozen.com\/fr\/#website\",\"url\":\"https:\/\/meozen.com\/fr\/\",\"name\":\"Meozen - Votre portail bien-\u00eatre\",\"description\":\"D\u00e9couvrez tout l&#039;univers du bien-\u00eatre, yoga, m\u00e9ditation, trouvez les meilleures retraites et formations bien-\u00eatre\",\"publisher\":{\"@id\":\"https:\/\/meozen.com\/fr\/#organization\"},\"potentialAction\":[{\"@type\":\"SearchAction\",\"target\":{\"@type\":\"EntryPoint\",\"urlTemplate\":\"https:\/\/meozen.com\/fr\/?s={search_term_string}\"},\"query-input\":{\"@type\":\"PropertyValueSpecification\",\"valueRequired\":true,\"valueName\":\"search_term_string\"}}],\"inLanguage\":\"fr-FR\"},{\"@type\":\"Organization\",\"@id\":\"https:\/\/meozen.com\/fr\/#organization\",\"name\":\"Meozen\",\"url\":\"https:\/\/meozen.com\/fr\/\",\"logo\":{\"@type\":\"ImageObject\",\"inLanguage\":\"fr-FR\",\"@id\":\"https:\/\/meozen.com\/fr\/#\/schema\/logo\/image\/\",\"url\":\"https:\/\/meozen.com\/fr\/wp-content\/uploads\/sites\/2\/2021\/06\/logo-meozen-push.jpg\",\"contentUrl\":\"https:\/\/meozen.com\/fr\/wp-content\/uploads\/sites\/2\/2021\/06\/logo-meozen-push.jpg\",\"width\":384,\"height\":384,\"caption\":\"Meozen\"},\"image\":{\"@id\":\"https:\/\/meozen.com\/fr\/#\/schema\/logo\/image\/\"},\"sameAs\":[\"https:\/\/www.facebook.com\/MeozenFr\/\",\"https:\/\/www.pinterest.fr\/meozen_officiel\/\",\"https:\/\/www.instagram.com\/meozen_officiel\/\"]}]}<\/script>\n<!-- \/ Yoast SEO plugin. -->","yoast_head_json":{"title":"Brique de Yoga : la s\u00e9lection Meozen","robots":{"index":"index","follow":"follow","max-snippet":"max-snippet:-1","max-image-preview":"max-image-preview:large","max-video-preview":"max-video-preview:-1"},"canonical":"https:\/\/meozen.com\/fr\/yoga\/equipement\/accessoires\/brique\/","og_locale":"fr_FR","og_type":"article","og_title":"Brique de Yoga : la s\u00e9lection Meozen","og_description":"La brique de yoga, aussi appel\u00e9e bloc de yoga, est un accessoire de forme rectangulaire de plusieurs centim\u00e8tres d\u2019\u00e9paisseur. Les briques de yoga sont solides et peuvent \u00eatre de diff\u00e9rents mat\u00e9riaux : bois, li\u00e8ge, mousse. Utilis\u00e9es lors de certaines asanas, elles permettent d\u2019\u00eatre soutenues et de rester stable et confortable. Elles peuvent \u00eatre utilis\u00e9es verticalement [&hellip;]","og_url":"https:\/\/meozen.com\/fr\/yoga\/equipement\/accessoires\/brique\/","og_site_name":"Meozen - Votre portail bien-\u00eatre","article_publisher":"https:\/\/www.facebook.com\/MeozenFr\/","article_modified_time":"2023-08-14T20:46:25+00:00","og_image":[{"width":1000,"height":563,"url":"https:\/\/meozen.com\/fr\/wp-content\/uploads\/sites\/2\/2021\/10\/brique-de-yoga-meozen.jpg","type":"image\/jpeg"}],"twitter_card":"summary_large_image","twitter_misc":{"Dur\u00e9e de lecture estim\u00e9e":"3 minutes"},"schema":{"@context":"https:\/\/schema.org","@graph":[{"@type":"WebPage","@id":"https:\/\/meozen.com\/fr\/yoga\/equipement\/accessoires\/brique\/","url":"https:\/\/meozen.com\/fr\/yoga\/equipement\/accessoires\/brique\/","name":"Brique de Yoga : la s\u00e9lection Meozen","isPartOf":{"@id":"https:\/\/meozen.com\/fr\/#website"},"primaryImageOfPage":{"@id":"https:\/\/meozen.com\/fr\/yoga\/equipement\/accessoires\/brique\/#primaryimage"},"image":{"@id":"https:\/\/meozen.com\/fr\/yoga\/equipement\/accessoires\/brique\/#primaryimage"},"thumbnailUrl":"https:\/\/meozen.com\/fr\/wp-content\/uploads\/sites\/2\/2021\/10\/brique-de-yoga-meozen.jpg","datePublished":"2021-10-15T15:13:27+00:00","dateModified":"2023-08-14T20:46:25+00:00","breadcrumb":{"@id":"https:\/\/meozen.com\/fr\/yoga\/equipement\/accessoires\/brique\/#breadcrumb"},"inLanguage":"fr-FR","potentialAction":[{"@type":"ReadAction","target":["https:\/\/meozen.com\/fr\/yoga\/equipement\/accessoires\/brique\/"]}]},{"@type":"ImageObject","inLanguage":"fr-FR","@id":"https:\/\/meozen.com\/fr\/yoga\/equipement\/accessoires\/brique\/#primaryimage","url":"https:\/\/meozen.com\/fr\/wp-content\/uploads\/sites\/2\/2021\/10\/brique-de-yoga-meozen.jpg","contentUrl":"https:\/\/meozen.com\/fr\/wp-content\/uploads\/sites\/2\/2021\/10\/brique-de-yoga-meozen.jpg","width":1000,"height":563},{"@type":"BreadcrumbList","@id":"https:\/\/meozen.com\/fr\/yoga\/equipement\/accessoires\/brique\/#breadcrumb","itemListElement":[{"@type":"ListItem","position":1,"name":"Accueil","item":"https:\/\/meozen.com\/fr\/"},{"@type":"ListItem","position":2,"name":"Yoga : Tout savoir sur cette pratique","item":"https:\/\/meozen.com\/fr\/yoga\/"},{"@type":"ListItem","position":3,"name":"\u00c9quipement yoga : Bien s&#8217;\u00e9quiper pour pratiquer","item":"https:\/\/meozen.com\/fr\/yoga\/equipement\/"},{"@type":"ListItem","position":4,"name":"Accessoires yoga : Quel mat\u00e9riel n\u00e9cessaire \u00e0 la pratique du yoga ?","item":"https:\/\/meozen.com\/fr\/yoga\/equipement\/accessoires\/"},{"@type":"ListItem","position":5,"name":"Brique de yoga : La s\u00e9lection Meozen"}]},{"@type":"WebSite","@id":"https:\/\/meozen.com\/fr\/#website","url":"https:\/\/meozen.com\/fr\/","name":"Meozen - Votre portail bien-\u00eatre","description":"D\u00e9couvrez tout l&#039;univers du bien-\u00eatre, yoga, m\u00e9ditation, trouvez les meilleures retraites et formations bien-\u00eatre","publisher":{"@id":"https:\/\/meozen.com\/fr\/#organization"},"potentialAction":[{"@type":"SearchAction","target":{"@type":"EntryPoint","urlTemplate":"https:\/\/meozen.com\/fr\/?s={search_term_string}"},"query-input":{"@type":"PropertyValueSpecification","valueRequired":true,"valueName":"search_term_string"}}],"inLanguage":"fr-FR"},{"@type":"Organization","@id":"https:\/\/meozen.com\/fr\/#organization","name":"Meozen","url":"https:\/\/meozen.com\/fr\/","logo":{"@type":"ImageObject","inLanguage":"fr-FR","@id":"https:\/\/meozen.com\/fr\/#\/schema\/logo\/image\/","url":"https:\/\/meozen.com\/fr\/wp-content\/uploads\/sites\/2\/2021\/06\/logo-meozen-push.jpg","contentUrl":"https:\/\/meozen.com\/fr\/wp-content\/uploads\/sites\/2\/2021\/06\/logo-meozen-push.jpg","width":384,"height":384,"caption":"Meozen"},"image":{"@id":"https:\/\/meozen.com\/fr\/#\/schema\/logo\/image\/"},"sameAs":["https:\/\/www.facebook.com\/MeozenFr\/","https:\/\/www.pinterest.fr\/meozen_officiel\/","https:\/\/www.instagram.com\/meozen_officiel\/"]}]}},"_links":{"self":[{"href":"https:\/\/meozen.com\/fr\/wp-json\/wp\/v2\/pages\/2925","targetHints":{"allow":["GET"]}}],"collection":[{"href":"https:\/\/meozen.com\/fr\/wp-json\/wp\/v2\/pages"}],"about":[{"href":"https:\/\/meozen.com\/fr\/wp-json\/wp\/v2\/types\/page"}],"author":[{"embeddable":true,"href":"https:\/\/meozen.com\/fr\/wp-json\/wp\/v2\/users\/1"}],"replies":[{"embeddable":true,"href":"https:\/\/meozen.com\/fr\/wp-json\/wp\/v2\/comments?post=2925"}],"version-history":[{"count":0,"href":"https:\/\/meozen.com\/fr\/wp-json\/wp\/v2\/pages\/2925\/revisions"}],"up":[{"embeddable":true,"href":"https:\/\/meozen.com\/fr\/wp-json\/wp\/v2\/pages\/384"}],"wp:featuredmedia":[{"embeddable":true,"href":"https:\/\/meozen.com\/fr\/wp-json\/wp\/v2\/media\/3030"}],"wp:attachment":[{"href":"https:\/\/meozen.com\/fr\/wp-json\/wp\/v2\/media?parent=2925"}],"curies":[{"name":"wp","href":"https:\/\/api.w.org\/{rel}","templated":true}]}}