{"id":2927,"date":"2021-10-15T17:14:09","date_gmt":"2021-10-15T15:14:09","guid":{"rendered":"https:\/\/meozen.com\/fr\/?page_id=2927"},"modified":"2023-08-14T23:09:04","modified_gmt":"2023-08-14T21:09:04","slug":"bolster","status":"publish","type":"page","link":"https:\/\/meozen.com\/fr\/yoga\/equipement\/accessoires\/bolster\/","title":{"rendered":"Bolster de yoga : La s\u00e9lection Meozen"},"content":{"rendered":"\n<p>Appel\u00e9 \u00e9galement \u00ab\u00a0coussin cylindrique\u00a0\u00bb, le <strong>bolster<\/strong> est un <a href=\"https:\/\/meozen.com\/fr\/yoga\/accessoires-yoga\/\">accessoire de yoga<\/a> tr\u00e8s utilis\u00e9, notamment en Hatha ou en Yin. Nous vous expliquons son utilit\u00e9 et vous donnons notre s\u00e9lection des meilleurs produits.<\/p>\n\n\n\n<h2 class=\"wp-block-heading\">Pourquoi utiliser un bolster de yoga ?<\/h2>\n\n\n\n<p>En effet, il sert g\u00e9n\u00e9ralement dans les postures de r\u00e9cup\u00e9ration. Il est souvent plac\u00e9 sous le dos, le long de la colonne vert\u00e9brale, ou encore sous les jambes, plus pr\u00e9cis\u00e9ment sous les articulations des genoux. <\/p>\n\n\n\n<p>Il est utile pour tous les niveaux de pratique car il sert de support pour r\u00e9aliser certaines asanas de relaxation ou d\u2019\u00e9tirement et est utilis\u00e9 comme coussin de m\u00e9ditation \u00e0 la fin de la s\u00e9ance. Il permet non seulement plus de confort pour certaines postures, mais aussi de rel\u00e2cher les parties du corps sous lesquelles il est plac\u00e9. Sa forme, telle un traversin, s\u2019adapte parfaitement aux courbes du corps.<\/p>\n\n\n\n<h2 class=\"wp-block-heading\">Comment le choisir ?<\/h2>\n\n\n\n<p>Pour bien choisir votre bolster de <a class=\"wpil_keyword_link\" href=\"https:\/\/meozen.com\/fr\/yoga\/\"   title=\"yoga\" data-wpil-keyword-link=\"linked\">yoga<\/a>, vous devez le s\u00e9lectionner en fonction de votre poids. Pour une corpulence l\u00e9g\u00e8re, s\u00e9lectionner un bolster l\u00e9ger. Pour une corpulence plus lourde, pr\u00e9f\u00e9rez un bolster ferme pour avoir un bon maintien.<\/p>\n\n\n\n<p>Pour bien le choisir, d\u00e9couvrez notre s\u00e9lection des meilleurs bolsters de yoga :<\/p>\n\n\n\n<h3 class=\"wp-block-heading\">La bolster de yoga le mieux not\u00e9<\/h3>\n\n\n\n<p>LOTUSCRAFTS au prix de 49,95 euros et not\u00e9 4,7\/5<\/p>\n\n\n\n<div class=\"wp-block-image\"><figure class=\"aligncenter size-large is-resized\"><a href=\"https:\/\/amzn.to\/3yNcMIc\" target=\"_blank\" rel=\"noopener\"><img fetchpriority=\"high\" decoding=\"async\" src=\"https:\/\/m.media-amazon.com\/images\/I\/81RloHfqKYL._AC_SL1500_.jpg\" alt=\"\" width=\"392\" height=\"290\"\/><\/a><\/figure><\/div>\n\n\n\n<p>Ce bolster est parfait pour le Hatha et le <a class=\"wpil_keyword_link\" href=\"https:\/\/meozen.com\/fr\/yoga\/yin-yoga\/\"   title=\"Yin Yoga\" data-wpil-keyword-link=\"linked\">Yin Yoga<\/a>. Sa longueur est de 64 cm et son diam\u00e8tre est de 24 cm pour un poids de 4,5 kg. Sa housse est en coton biologique et peut \u00eatre retir\u00e9e facilement et \u00eatre lav\u00e9e en machine. la fermeture de la housse se fait avec un cordon. Il existe en plusieurs coloris. Les clients qui l&rsquo;on achet\u00e9 soulignent la qualit\u00e9 irr\u00e9prochable du produit ainsi que sa garnissage \u00e9peautre qui est tr\u00e8s agr\u00e9able.<\/p>\n\n\n\n<div class=\"wp-block-buttons is-content-justification-center\"><div class=\"wp-block-button\"><a class=\"wp-block-button__link has-white-color has-text-color has-background\" href=\"https:\/\/amzn.to\/3yNcMIc\" style=\"border-radius:5px;background-color:#f4be37\" target=\"_blank\" rel=\"noreferrer noopener\">\ud83d\udecd\ufe0f D\u00e9couvrir ce bolster de yoga sur Amazon<\/a><\/div><\/div>\n\n\n\n<h4 class=\"wp-block-heading\">D\u00e9couvrir d&rsquo;autres accessoires de yoga utiles<\/h4>\n\n\n\n<ul class=\"wp-block-list\"><li><a href=\"https:\/\/meozen.com\/fr\/yoga\/accessoires-yoga\/sangle\/\">Sangle de yoga<\/a><\/li><li><a href=\"https:\/\/meozen.com\/fr\/yoga\/accessoires-yoga\/tapis-de-yoga\/\">Tapis de yoga<\/a><\/li><li><a href=\"https:\/\/meozen.com\/fr\/yoga\/accessoires-yoga\/brique\/\">Brique de yoga<\/a><\/li><\/ul>\n","protected":false},"excerpt":{"rendered":"<p>Appel\u00e9 \u00e9galement \u00ab\u00a0coussin cylindrique\u00a0\u00bb, le bolster est un accessoire de yoga tr\u00e8s utilis\u00e9, notamment en Hatha ou en Yin. Nous vous expliquons son utilit\u00e9 et vous donnons notre s\u00e9lection des meilleurs produits. Pourquoi utiliser un bolster de yoga ? En effet, il sert g\u00e9n\u00e9ralement dans les postures de r\u00e9cup\u00e9ration. Il est souvent plac\u00e9 sous le [&hellip;]<\/p>\n","protected":false},"author":1,"featured_media":3363,"parent":384,"menu_order":0,"comment_status":"closed","ping_status":"closed","template":"","meta":{"_mo_disable_npp":"","footnotes":""},"class_list":["post-2927","page","type-page","status-publish","has-post-thumbnail","hentry"],"yoast_head":"<!-- This site is optimized with the Yoast SEO plugin v26.8 - https:\/\/yoast.com\/product\/yoast-seo-wordpress\/ -->\n<title>Bolster de yoga : la s\u00e9lection Meozen<\/title>\n<meta name=\"description\" content=\"\u27bd\u00a0Cliquez ici pour d\u00e9couvrir comment bien choisir votre bolster de yoga en fonction de votre pratique, ainsi qu&#039;une s\u00e9lection par Meozen \u2705\" \/>\n<meta name=\"robots\" content=\"index, follow, max-snippet:-1, max-image-preview:large, max-video-preview:-1\" \/>\n<link rel=\"canonical\" href=\"https:\/\/meozen.com\/fr\/yoga\/equipement\/accessoires\/bolster\/\" \/>\n<meta property=\"og:locale\" content=\"fr_FR\" \/>\n<meta property=\"og:type\" content=\"article\" \/>\n<meta property=\"og:title\" content=\"Bolster de yoga : la s\u00e9lection Meozen\" \/>\n<meta property=\"og:description\" content=\"\u27bd\u00a0Cliquez ici pour d\u00e9couvrir comment bien choisir votre bolster de yoga en fonction de votre pratique, ainsi qu&#039;une s\u00e9lection par Meozen \u2705\" \/>\n<meta property=\"og:url\" content=\"https:\/\/meozen.com\/fr\/yoga\/equipement\/accessoires\/bolster\/\" \/>\n<meta property=\"og:site_name\" content=\"Meozen - Votre portail bien-\u00eatre\" \/>\n<meta property=\"article:publisher\" content=\"https:\/\/www.facebook.com\/MeozenFr\/\" \/>\n<meta property=\"article:modified_time\" content=\"2023-08-14T21:09:04+00:00\" \/>\n<meta property=\"og:image\" content=\"https:\/\/meozen.com\/fr\/wp-content\/uploads\/sites\/2\/2021\/10\/bolster-de-yoga-meozen.jpg\" \/>\n\t<meta property=\"og:image:width\" content=\"1000\" \/>\n\t<meta property=\"og:image:height\" content=\"563\" \/>\n\t<meta property=\"og:image:type\" content=\"image\/jpeg\" \/>\n<meta name=\"twitter:card\" content=\"summary_large_image\" \/>\n<meta name=\"twitter:label1\" content=\"Dur\u00e9e de lecture estim\u00e9e\" \/>\n\t<meta name=\"twitter:data1\" content=\"2 minutes\" \/>\n<script type=\"application\/ld+json\" class=\"yoast-schema-graph\">{\"@context\":\"https:\/\/schema.org\",\"@graph\":[{\"@type\":\"WebPage\",\"@id\":\"https:\/\/meozen.com\/fr\/yoga\/equipement\/accessoires\/bolster\/\",\"url\":\"https:\/\/meozen.com\/fr\/yoga\/equipement\/accessoires\/bolster\/\",\"name\":\"Bolster de yoga : la s\u00e9lection Meozen\",\"isPartOf\":{\"@id\":\"https:\/\/meozen.com\/fr\/#website\"},\"primaryImageOfPage\":{\"@id\":\"https:\/\/meozen.com\/fr\/yoga\/equipement\/accessoires\/bolster\/#primaryimage\"},\"image\":{\"@id\":\"https:\/\/meozen.com\/fr\/yoga\/equipement\/accessoires\/bolster\/#primaryimage\"},\"thumbnailUrl\":\"https:\/\/meozen.com\/fr\/wp-content\/uploads\/sites\/2\/2021\/10\/bolster-de-yoga-meozen.jpg\",\"datePublished\":\"2021-10-15T15:14:09+00:00\",\"dateModified\":\"2023-08-14T21:09:04+00:00\",\"description\":\"\u27bd\u00a0Cliquez ici pour d\u00e9couvrir comment bien choisir votre bolster de yoga en fonction de votre pratique, ainsi qu'une s\u00e9lection par Meozen \u2705\",\"breadcrumb\":{\"@id\":\"https:\/\/meozen.com\/fr\/yoga\/equipement\/accessoires\/bolster\/#breadcrumb\"},\"inLanguage\":\"fr-FR\",\"potentialAction\":[{\"@type\":\"ReadAction\",\"target\":[\"https:\/\/meozen.com\/fr\/yoga\/equipement\/accessoires\/bolster\/\"]}]},{\"@type\":\"ImageObject\",\"inLanguage\":\"fr-FR\",\"@id\":\"https:\/\/meozen.com\/fr\/yoga\/equipement\/accessoires\/bolster\/#primaryimage\",\"url\":\"https:\/\/meozen.com\/fr\/wp-content\/uploads\/sites\/2\/2021\/10\/bolster-de-yoga-meozen.jpg\",\"contentUrl\":\"https:\/\/meozen.com\/fr\/wp-content\/uploads\/sites\/2\/2021\/10\/bolster-de-yoga-meozen.jpg\",\"width\":1000,\"height\":563},{\"@type\":\"BreadcrumbList\",\"@id\":\"https:\/\/meozen.com\/fr\/yoga\/equipement\/accessoires\/bolster\/#breadcrumb\",\"itemListElement\":[{\"@type\":\"ListItem\",\"position\":1,\"name\":\"Accueil\",\"item\":\"https:\/\/meozen.com\/fr\/\"},{\"@type\":\"ListItem\",\"position\":2,\"name\":\"Yoga : Tout savoir sur cette pratique\",\"item\":\"https:\/\/meozen.com\/fr\/yoga\/\"},{\"@type\":\"ListItem\",\"position\":3,\"name\":\"\u00c9quipement yoga : Bien s&#8217;\u00e9quiper pour pratiquer\",\"item\":\"https:\/\/meozen.com\/fr\/yoga\/equipement\/\"},{\"@type\":\"ListItem\",\"position\":4,\"name\":\"Accessoires yoga : Quel mat\u00e9riel n\u00e9cessaire \u00e0 la pratique du yoga ?\",\"item\":\"https:\/\/meozen.com\/fr\/yoga\/equipement\/accessoires\/\"},{\"@type\":\"ListItem\",\"position\":5,\"name\":\"Bolster de yoga : La s\u00e9lection Meozen\"}]},{\"@type\":\"WebSite\",\"@id\":\"https:\/\/meozen.com\/fr\/#website\",\"url\":\"https:\/\/meozen.com\/fr\/\",\"name\":\"Meozen - Votre portail bien-\u00eatre\",\"description\":\"D\u00e9couvrez tout l&#039;univers du bien-\u00eatre, yoga, m\u00e9ditation, trouvez les meilleures retraites et formations bien-\u00eatre\",\"publisher\":{\"@id\":\"https:\/\/meozen.com\/fr\/#organization\"},\"potentialAction\":[{\"@type\":\"SearchAction\",\"target\":{\"@type\":\"EntryPoint\",\"urlTemplate\":\"https:\/\/meozen.com\/fr\/?s={search_term_string}\"},\"query-input\":{\"@type\":\"PropertyValueSpecification\",\"valueRequired\":true,\"valueName\":\"search_term_string\"}}],\"inLanguage\":\"fr-FR\"},{\"@type\":\"Organization\",\"@id\":\"https:\/\/meozen.com\/fr\/#organization\",\"name\":\"Meozen\",\"url\":\"https:\/\/meozen.com\/fr\/\",\"logo\":{\"@type\":\"ImageObject\",\"inLanguage\":\"fr-FR\",\"@id\":\"https:\/\/meozen.com\/fr\/#\/schema\/logo\/image\/\",\"url\":\"https:\/\/meozen.com\/fr\/wp-content\/uploads\/sites\/2\/2021\/06\/logo-meozen-push.jpg\",\"contentUrl\":\"https:\/\/meozen.com\/fr\/wp-content\/uploads\/sites\/2\/2021\/06\/logo-meozen-push.jpg\",\"width\":384,\"height\":384,\"caption\":\"Meozen\"},\"image\":{\"@id\":\"https:\/\/meozen.com\/fr\/#\/schema\/logo\/image\/\"},\"sameAs\":[\"https:\/\/www.facebook.com\/MeozenFr\/\",\"https:\/\/www.pinterest.fr\/meozen_officiel\/\",\"https:\/\/www.instagram.com\/meozen_officiel\/\"]}]}<\/script>\n<!-- \/ Yoast SEO plugin. -->","yoast_head_json":{"title":"Bolster de yoga : la s\u00e9lection Meozen","description":"\u27bd\u00a0Cliquez ici pour d\u00e9couvrir comment bien choisir votre bolster de yoga en fonction de votre pratique, ainsi qu'une s\u00e9lection par Meozen \u2705","robots":{"index":"index","follow":"follow","max-snippet":"max-snippet:-1","max-image-preview":"max-image-preview:large","max-video-preview":"max-video-preview:-1"},"canonical":"https:\/\/meozen.com\/fr\/yoga\/equipement\/accessoires\/bolster\/","og_locale":"fr_FR","og_type":"article","og_title":"Bolster de yoga : la s\u00e9lection Meozen","og_description":"\u27bd\u00a0Cliquez ici pour d\u00e9couvrir comment bien choisir votre bolster de yoga en fonction de votre pratique, ainsi qu'une s\u00e9lection par Meozen \u2705","og_url":"https:\/\/meozen.com\/fr\/yoga\/equipement\/accessoires\/bolster\/","og_site_name":"Meozen - Votre portail bien-\u00eatre","article_publisher":"https:\/\/www.facebook.com\/MeozenFr\/","article_modified_time":"2023-08-14T21:09:04+00:00","og_image":[{"width":1000,"height":563,"url":"https:\/\/meozen.com\/fr\/wp-content\/uploads\/sites\/2\/2021\/10\/bolster-de-yoga-meozen.jpg","type":"image\/jpeg"}],"twitter_card":"summary_large_image","twitter_misc":{"Dur\u00e9e de lecture estim\u00e9e":"2 minutes"},"schema":{"@context":"https:\/\/schema.org","@graph":[{"@type":"WebPage","@id":"https:\/\/meozen.com\/fr\/yoga\/equipement\/accessoires\/bolster\/","url":"https:\/\/meozen.com\/fr\/yoga\/equipement\/accessoires\/bolster\/","name":"Bolster de yoga : la s\u00e9lection Meozen","isPartOf":{"@id":"https:\/\/meozen.com\/fr\/#website"},"primaryImageOfPage":{"@id":"https:\/\/meozen.com\/fr\/yoga\/equipement\/accessoires\/bolster\/#primaryimage"},"image":{"@id":"https:\/\/meozen.com\/fr\/yoga\/equipement\/accessoires\/bolster\/#primaryimage"},"thumbnailUrl":"https:\/\/meozen.com\/fr\/wp-content\/uploads\/sites\/2\/2021\/10\/bolster-de-yoga-meozen.jpg","datePublished":"2021-10-15T15:14:09+00:00","dateModified":"2023-08-14T21:09:04+00:00","description":"\u27bd\u00a0Cliquez ici pour d\u00e9couvrir comment bien choisir votre bolster de yoga en fonction de votre pratique, ainsi qu'une s\u00e9lection par Meozen \u2705","breadcrumb":{"@id":"https:\/\/meozen.com\/fr\/yoga\/equipement\/accessoires\/bolster\/#breadcrumb"},"inLanguage":"fr-FR","potentialAction":[{"@type":"ReadAction","target":["https:\/\/meozen.com\/fr\/yoga\/equipement\/accessoires\/bolster\/"]}]},{"@type":"ImageObject","inLanguage":"fr-FR","@id":"https:\/\/meozen.com\/fr\/yoga\/equipement\/accessoires\/bolster\/#primaryimage","url":"https:\/\/meozen.com\/fr\/wp-content\/uploads\/sites\/2\/2021\/10\/bolster-de-yoga-meozen.jpg","contentUrl":"https:\/\/meozen.com\/fr\/wp-content\/uploads\/sites\/2\/2021\/10\/bolster-de-yoga-meozen.jpg","width":1000,"height":563},{"@type":"BreadcrumbList","@id":"https:\/\/meozen.com\/fr\/yoga\/equipement\/accessoires\/bolster\/#breadcrumb","itemListElement":[{"@type":"ListItem","position":1,"name":"Accueil","item":"https:\/\/meozen.com\/fr\/"},{"@type":"ListItem","position":2,"name":"Yoga : Tout savoir sur cette pratique","item":"https:\/\/meozen.com\/fr\/yoga\/"},{"@type":"ListItem","position":3,"name":"\u00c9quipement yoga : Bien s&#8217;\u00e9quiper pour pratiquer","item":"https:\/\/meozen.com\/fr\/yoga\/equipement\/"},{"@type":"ListItem","position":4,"name":"Accessoires yoga : Quel mat\u00e9riel n\u00e9cessaire \u00e0 la pratique du yoga ?","item":"https:\/\/meozen.com\/fr\/yoga\/equipement\/accessoires\/"},{"@type":"ListItem","position":5,"name":"Bolster de yoga : La s\u00e9lection Meozen"}]},{"@type":"WebSite","@id":"https:\/\/meozen.com\/fr\/#website","url":"https:\/\/meozen.com\/fr\/","name":"Meozen - Votre portail bien-\u00eatre","description":"D\u00e9couvrez tout l&#039;univers du bien-\u00eatre, yoga, m\u00e9ditation, trouvez les meilleures retraites et formations bien-\u00eatre","publisher":{"@id":"https:\/\/meozen.com\/fr\/#organization"},"potentialAction":[{"@type":"SearchAction","target":{"@type":"EntryPoint","urlTemplate":"https:\/\/meozen.com\/fr\/?s={search_term_string}"},"query-input":{"@type":"PropertyValueSpecification","valueRequired":true,"valueName":"search_term_string"}}],"inLanguage":"fr-FR"},{"@type":"Organization","@id":"https:\/\/meozen.com\/fr\/#organization","name":"Meozen","url":"https:\/\/meozen.com\/fr\/","logo":{"@type":"ImageObject","inLanguage":"fr-FR","@id":"https:\/\/meozen.com\/fr\/#\/schema\/logo\/image\/","url":"https:\/\/meozen.com\/fr\/wp-content\/uploads\/sites\/2\/2021\/06\/logo-meozen-push.jpg","contentUrl":"https:\/\/meozen.com\/fr\/wp-content\/uploads\/sites\/2\/2021\/06\/logo-meozen-push.jpg","width":384,"height":384,"caption":"Meozen"},"image":{"@id":"https:\/\/meozen.com\/fr\/#\/schema\/logo\/image\/"},"sameAs":["https:\/\/www.facebook.com\/MeozenFr\/","https:\/\/www.pinterest.fr\/meozen_officiel\/","https:\/\/www.instagram.com\/meozen_officiel\/"]}]}},"_links":{"self":[{"href":"https:\/\/meozen.com\/fr\/wp-json\/wp\/v2\/pages\/2927","targetHints":{"allow":["GET"]}}],"collection":[{"href":"https:\/\/meozen.com\/fr\/wp-json\/wp\/v2\/pages"}],"about":[{"href":"https:\/\/meozen.com\/fr\/wp-json\/wp\/v2\/types\/page"}],"author":[{"embeddable":true,"href":"https:\/\/meozen.com\/fr\/wp-json\/wp\/v2\/users\/1"}],"replies":[{"embeddable":true,"href":"https:\/\/meozen.com\/fr\/wp-json\/wp\/v2\/comments?post=2927"}],"version-history":[{"count":0,"href":"https:\/\/meozen.com\/fr\/wp-json\/wp\/v2\/pages\/2927\/revisions"}],"up":[{"embeddable":true,"href":"https:\/\/meozen.com\/fr\/wp-json\/wp\/v2\/pages\/384"}],"wp:featuredmedia":[{"embeddable":true,"href":"https:\/\/meozen.com\/fr\/wp-json\/wp\/v2\/media\/3363"}],"wp:attachment":[{"href":"https:\/\/meozen.com\/fr\/wp-json\/wp\/v2\/media?parent=2927"}],"curies":[{"name":"wp","href":"https:\/\/api.w.org\/{rel}","templated":true}]}}