{"id":2929,"date":"2021-10-15T17:02:21","date_gmt":"2021-10-15T15:02:21","guid":{"rendered":"https:\/\/meozen.com\/fr\/?page_id=2929"},"modified":"2023-08-14T22:46:22","modified_gmt":"2023-08-14T20:46:22","slug":"ecologique","status":"publish","type":"page","link":"https:\/\/meozen.com\/fr\/yoga\/equipement\/accessoires\/tapis-de-yoga\/ecologique\/","title":{"rendered":"Tapis de yoga \u00e9cologique : La s\u00e9lection Meozen"},"content":{"rendered":"\n<p>Les <strong>tapis de yoga \u00e9cologiques<\/strong> sont parfaits pour les personnes souhaitant d\u00e9fendre des valeurs \u00e9co-responsable tout en ayant un tapis de qualit\u00e9. Notre s\u00e9lection de tapis list\u00e9s ci-dessous sont fabriqu\u00e9s \u00e0 partir de TPE aussi appel\u00e9 caoutchouc thermoplastique et sont certifi\u00e9s SGS. Ce mat\u00e9riau a la particularit\u00e9 d\u2019\u00eatre anti-d\u00e9rapant, durable et 100% recyclable.&nbsp;<\/p>\n\n\n\n<p>Bon \u00e0 savoir : pour le nettoyer, rien de plus simple, prenez une serviette et un peu d\u2019eau.<\/p>\n\n\n\n<p>Nous vous proposons une s\u00e9lection de tapis de <a class=\"wpil_keyword_link\" href=\"https:\/\/meozen.com\/fr\/yoga\/\"   title=\"yoga\" data-wpil-keyword-link=\"linked\">yoga<\/a> \u00e9cologique selon plusieurs crit\u00e8res.<\/p>\n\n\n\n<p><\/p>\n\n\n\n<h2 class=\"wp-block-heading\">Le tapis de yoga \u00e9cologique le mieux not\u00e9<\/h2>\n\n\n\n<p><a href=\"https:\/\/www.amazon.fr\/EgoIggo-Mat%C3%A9riaux-Antiderapant-Ecologique-Transport\/dp\/B088CW7ST9\/ref=sr_1_11?__mk_fr_FR=%C3%85M%C3%85%C5%BD%C3%95%C3%91&amp;crid=NVXHK9V1W51X&amp;dchild=1&amp;keywords=tapis+de+yoga+%C3%A9cologique&amp;qid=1604072218&amp;sprefix=tapis+de+yoga+%C3%A9cologique%2Caps%2C1490&amp;sr=8-11\" target=\"_blank\" rel=\"noreferrer noopener\">Tapis EGOLGGO<\/a> au prix de 35,99 euros et not\u00e9 4,9\/5<\/p>\n\n\n\n<div class=\"wp-block-image\"><figure class=\"aligncenter size-large is-resized\"><a href=\"https:\/\/www.amazon.fr\/EgoIggo-Mat%C3%A9riaux-Antiderapant-Ecologique-Transport\/dp\/B088CW7ST9\/ref=sr_1_11?__mk_fr_FR=%C3%85M%C3%85%C5%BD%C3%95%C3%91&amp;crid=NVXHK9V1W51X&amp;dchild=1&amp;keywords=tapis+de+yoga+%C3%A9cologique&amp;qid=1604072218&amp;sprefix=tapis+de+yoga+%C3%A9cologique%2Caps%2C1490&amp;sr=8-11\"><img fetchpriority=\"high\" decoding=\"async\" src=\"https:\/\/m.media-amazon.com\/images\/I\/81mGLc362GL._AC_SL1500_.jpg\" alt=\"\" width=\"567\" height=\"490\"\/><\/a><\/figure><\/div>\n\n\n\n<p>Nous avons s\u00e9lectionn\u00e9 le tapis de la marque EGOLGGO pour les excellents retours faits par les acheteurs. Ce tapis \u00e9cologique est d\u2019une excellente qualit\u00e9 et vendu avec un sac et une sangle de transport. Parmi les avis laiss\u00e9s, on peut noter son excellente adh\u00e9rence, le fait que le tapis soit assez long (181cm x 61cm) pour les personnes de grande taille, et le fait de le nettoyer facilement \u00e0 l\u2019aide d\u2019une \u00e9ponge. Son \u00e9paisseur de 6mm le rend confortable sans pour autant \u00eatre trop lourd \u00e0 transporter. Enfin, son jolie ton vert naturel nous rappelle la nature. Toutefois, il est disponible en plusieurs coloris.<\/p>\n\n\n\n<div class=\"wp-block-buttons is-content-justification-center\"><div class=\"wp-block-button\"><a class=\"wp-block-button__link has-white-color has-text-color has-background\" href=\"https:\/\/www.amazon.fr\/EgoIggo-Mat%C3%A9riaux-Antiderapant-Ecologique-Transport\/dp\/B088CW7ST9\/ref=sr_1_11?__mk_fr_FR=%C3%85M%C3%85%C5%BD%C3%95%C3%91&amp;crid=NVXHK9V1W51X&amp;dchild=1&amp;keywords=tapis+de+yoga+%C3%A9cologique&amp;qid=1604072218&amp;sprefix=tapis+de+yoga+%C3%A9cologique%2Caps%2C1490&amp;sr=8-11\" style=\"border-radius:5px;background-color:#f4be37\" target=\"_blank\" rel=\"noreferrer noopener\">\ud83d\udecd\ufe0f D\u00e9couvrir ce tapis de yoga sur Amazon<\/a><\/div><\/div>\n\n\n\n<h2 class=\"wp-block-heading\">Le Premium<\/h2>\n\n\n\n<p><a href=\"https:\/\/www.amazon.fr\/YOGATI-Antid%C3%A9rapant-Ecologique-Toxique-dalignement\/dp\/B07ML1VMPD\/ref=sr_1_5?__mk_fr_FR=%C3%85M%C3%85%C5%BD%C3%95%C3%91&amp;crid=NVXHK9V1W51X&amp;dchild=1&amp;keywords=tapis%2Bde%2Byoga%2B%C3%A9cologique&amp;qid=1604072218&amp;sprefix=tapis%2Bde%2Byoga%2B%C3%A9cologique%2Caps%2C1490&amp;sr=8-5&amp;th=1\" target=\"_blank\" rel=\"noreferrer noopener\">Tapis YOGATI<\/a> au prix de 39,99 euros et not\u00e9 4,6\/5<\/p>\n\n\n\n<div class=\"wp-block-image\"><figure class=\"aligncenter size-large is-resized\"><a href=\"https:\/\/www.amazon.fr\/YOGATI-Antid%C3%A9rapant-Ecologique-Toxique-dalignement\/dp\/B07ML1VMPD\/ref=sr_1_5?__mk_fr_FR=%C3%85M%C3%85%C5%BD%C3%95%C3%91&amp;crid=NVXHK9V1W51X&amp;dchild=1&amp;keywords=tapis%2Bde%2Byoga%2B%C3%A9cologique&amp;qid=1604072218&amp;sprefix=tapis%2Bde%2Byoga%2B%C3%A9cologique%2Caps%2C1490&amp;sr=8-5&amp;th=1\"><img decoding=\"async\" src=\"https:\/\/m.media-amazon.com\/images\/I\/815LhUgRlEL._AC_SL1500_.jpg\" alt=\"\" width=\"459\" height=\"466\"\/><\/a><\/figure><\/div>\n\n\n\n<p>Si vous d\u00e9sirez un tapis de yoga \u00e9cologique et premium, ce tapis de la marque YOGATI vous plaira. Celui-ci a des dimensions de 183cm X 61cm et une \u00e9paisseur id\u00e9ale de 6mm. Il b\u00e9n\u00e9ficie \u00e9galement de rep\u00e8res d\u2019alignement, ce qui est tr\u00e8s pratique pour les d\u00e9butants en yoga. Les retours sont tr\u00e8s bons et les clients appr\u00e9cient le fait qu\u2019il soit anti-d\u00e9rapant, l\u00e9ger et robuste et qu\u2019il n\u2019a pas d\u2019odeur particuli\u00e8re \u00e0 sa r\u00e9ception. Il est livr\u00e9 avec une sangle de transport. Seul b\u00e9mol, certains clients remontent le fait qu\u2019il appara\u00eet facilement des taches de transpiration pendant la pratique.<\/p>\n\n\n\n<div class=\"wp-block-buttons is-content-justification-center\"><div class=\"wp-block-button\"><a class=\"wp-block-button__link has-white-color has-text-color has-background\" href=\"https:\/\/www.amazon.fr\/YOGATI-Antid%C3%A9rapant-Ecologique-Toxique-dalignement\/dp\/B07ML1VMPD\/ref=sr_1_5?__mk_fr_FR=%C3%85M%C3%85%C5%BD%C3%95%C3%91&amp;crid=NVXHK9V1W51X&amp;dchild=1&amp;keywords=tapis%2Bde%2Byoga%2B%C3%A9cologique&amp;qid=1604072218&amp;sprefix=tapis%2Bde%2Byoga%2B%C3%A9cologique%2Caps%2C1490&amp;sr=8-5&amp;th=1\" style=\"border-radius:5px;background-color:#f4be37\" target=\"_blank\" rel=\"noreferrer noopener\">\ud83d\udecd\ufe0f D\u00e9couvrir ce tapis de yoga sur Amazon<\/a><\/div><\/div>\n\n\n\n<h2 class=\"wp-block-heading\">Un tapis disponible en 10 coloris et compos\u00e9 de lignes directrices<\/h2>\n\n\n\n<p><a href=\"https:\/\/www.amazon.fr\/GISALA-Recyclables-183x61x0-6cm-Antid%C3%A9rapant-Anti-Transpiration\/dp\/B086VZDHYS\/ref=sr_1_8?__mk_fr_FR=%C3%85M%C3%85%C5%BD%C3%95%C3%91&amp;crid=NVXHK9V1W51X&amp;dchild=1&amp;keywords=tapis%2Bde%2Byoga%2B%C3%A9cologique&amp;qid=1604072218&amp;sprefix=tapis%2Bde%2Byoga%2B%C3%A9cologique%2Caps%2C1490&amp;sr=8-8&amp;th=1\" target=\"_blank\" rel=\"noreferrer noopener\">Tapis GISALA<\/a> au prix de 34,99 euros et not\u00e9 4,7\/5<\/p>\n\n\n\n<div class=\"wp-block-image\"><figure class=\"aligncenter size-large is-resized\"><a href=\"https:\/\/www.amazon.fr\/GISALA-Recyclables-183x61x0-6cm-Antid%C3%A9rapant-Anti-Transpiration\/dp\/B086VZDHYS\/ref=sr_1_8?__mk_fr_FR=%C3%85M%C3%85%C5%BD%C3%95%C3%91&amp;crid=NVXHK9V1W51X&amp;dchild=1&amp;keywords=tapis%2Bde%2Byoga%2B%C3%A9cologique&amp;qid=1604072218&amp;sprefix=tapis%2Bde%2Byoga%2B%C3%A9cologique%2Caps%2C1490&amp;sr=8-8&amp;th=1\"><img decoding=\"async\" src=\"https:\/\/m.media-amazon.com\/images\/I\/71H6g5H6eaL._AC_SL1500_.jpg\" alt=\"\" width=\"656\" height=\"447\"\/><\/a><\/figure><\/div>\n\n\n\n<p>Plut\u00f4t orient\u00e9 vers la sobri\u00e9t\u00e9 et la praticit\u00e9 ? Ce tapis \u00e9cologiqye GISALA de couleur noire et compos\u00e9 de lignes directrices est fait pour vous. Avec des dimensions de 183cm X 61cm et une \u00e9paisseur id\u00e9ale de 6mm, ce tapis p\u00e8se moins de 1kg, ce qui est tr\u00e8s pratique pour le transporter. Les clients qui l&rsquo;ont achet\u00e9 appr\u00e9cient son adh\u00e9rence et sa robustesse car il ne bouge pas au fur et \u00e0 mesure des utilisations. Il est disponible et neuf autres coloris et est livr\u00e9 avec une sangle de transport.<\/p>\n\n\n\n<div class=\"wp-block-buttons is-content-justification-center\"><div class=\"wp-block-button\"><a class=\"wp-block-button__link has-white-color has-text-color has-background\" href=\"https:\/\/www.amazon.fr\/GISALA-Recyclables-183x61x0-6cm-Antid%C3%A9rapant-Anti-Transpiration\/dp\/B086VZDHYS\/ref=sr_1_8?__mk_fr_FR=%C3%85M%C3%85%C5%BD%C3%95%C3%91&amp;crid=NVXHK9V1W51X&amp;dchild=1&amp;keywords=tapis%2Bde%2Byoga%2B%C3%A9cologique&amp;qid=1604072218&amp;sprefix=tapis%2Bde%2Byoga%2B%C3%A9cologique%2Caps%2C1490&amp;sr=8-8&amp;th=1\" style=\"border-radius:5px;background-color:#f4be37\" target=\"_blank\" rel=\"noreferrer noopener\">\ud83d\udecd\ufe0f D\u00e9couvrir ce tapis de yoga sur Amazon<\/a><\/div><\/div>\n\n\n\n<h2 class=\"wp-block-heading\">Le moins cher<\/h2>\n\n\n\n<p><a href=\"https:\/\/www.amazon.fr\/TOPLUS-Tapis-Yoga-Gym-antid%C3%A9rapant\/dp\/B07QLCNRN4\/ref=sr_1_35?__mk_fr_FR=%C3%85M%C3%85%C5%BD%C3%95%C3%91&amp;crid=NVXHK9V1W51X&amp;dchild=1&amp;keywords=tapis%2Bde%2Byoga%2B%C3%A9cologique&amp;qid=1604072218&amp;sprefix=tapis%2Bde%2Byoga%2B%C3%A9cologique%2Caps%2C1490&amp;sr=8-35&amp;th=1\" target=\"_blank\" rel=\"noreferrer noopener\">Tapis TOPLUS<\/a> au prix de 23,19 euros et not\u00e9 4,6\/6<\/p>\n\n\n\n<div class=\"wp-block-image\"><figure class=\"aligncenter size-large is-resized\"><a href=\"https:\/\/www.amazon.fr\/TOPLUS-Tapis-Yoga-Gym-antid%C3%A9rapant\/dp\/B07QLCNRN4\/ref=sr_1_35?__mk_fr_FR=%C3%85M%C3%85%C5%BD%C3%95%C3%91&amp;crid=NVXHK9V1W51X&amp;dchild=1&amp;keywords=tapis%2Bde%2Byoga%2B%C3%A9cologique&amp;qid=1604072218&amp;sprefix=tapis%2Bde%2Byoga%2B%C3%A9cologique%2Caps%2C1490&amp;sr=8-35&amp;th=1\"><img loading=\"lazy\" decoding=\"async\" src=\"https:\/\/m.media-amazon.com\/images\/I\/71qQvH5NTmL._AC_SL1500_.jpg\" alt=\"\" width=\"635\" height=\"406\"\/><\/a><\/figure><\/div>\n\n\n\n<p>Si vous souhaitez acheter un tapis de yoga \u00e9cologique et \u00e0 un prix raisonnable, ce tapis de yoga TOPLUS remplit ces crit\u00e8res. R\u00e9sistant et durable, il est compos\u00e9 d\u2019une texture fine \u00e0 l\u2019avant pour r\u00e9sister aux glissements, ainsi qu\u2019une texture dot \u00e0 l\u2019arri\u00e8re qui assure une bonne adh\u00e9rence au sol. Les clients appr\u00e9cient son prix mais aussi toutes les qualit\u00e9s d\u2019un bon tapis de yoga : adh\u00e9rence, taille et esth\u00e9tique. Les clients regrettent toutefois les marques facilement apparentes apr\u00e8s utilisation du produit. Ses dimensions sont de 183cm x 61cm x 6mm d\u2019\u00e9paisseur. Il est disponible en 6 coloris et est livr\u00e9 avec une sangle de transport.<\/p>\n\n\n\n<div class=\"wp-block-buttons is-content-justification-center\"><div class=\"wp-block-button\"><a class=\"wp-block-button__link has-white-color has-text-color has-background\" href=\"https:\/\/www.amazon.fr\/TOPLUS-Tapis-Yoga-Gym-antid%C3%A9rapant\/dp\/B07QLCNRN4\/ref=sr_1_35?__mk_fr_FR=%C3%85M%C3%85%C5%BD%C3%95%C3%91&amp;crid=NVXHK9V1W51X&amp;dchild=1&amp;keywords=tapis%2Bde%2Byoga%2B%C3%A9cologique&amp;qid=1604072218&amp;sprefix=tapis%2Bde%2Byoga%2B%C3%A9cologique%2Caps%2C1490&amp;sr=8-35&amp;th=1\" style=\"border-radius:5px;background-color:#f4be37\" target=\"_blank\" rel=\"noreferrer noopener\">\ud83d\udecd\ufe0f D\u00e9couvrir ce tapis de yoga sur Amazon<\/a><\/div><\/div>\n","protected":false},"excerpt":{"rendered":"<p>Les tapis de yoga \u00e9cologiques sont parfaits pour les personnes souhaitant d\u00e9fendre des valeurs \u00e9co-responsable tout en ayant un tapis de qualit\u00e9. Notre s\u00e9lection de tapis list\u00e9s ci-dessous sont fabriqu\u00e9s \u00e0 partir de TPE aussi appel\u00e9 caoutchouc thermoplastique et sont certifi\u00e9s SGS. Ce mat\u00e9riau a la particularit\u00e9 d\u2019\u00eatre anti-d\u00e9rapant, durable et 100% recyclable.&nbsp; Bon \u00e0 [&hellip;]<\/p>\n","protected":false},"author":1,"featured_media":2986,"parent":2923,"menu_order":0,"comment_status":"closed","ping_status":"closed","template":"","meta":{"_mo_disable_npp":"","footnotes":""},"class_list":["post-2929","page","type-page","status-publish","has-post-thumbnail","hentry"],"yoast_head":"<!-- This site is optimized with the Yoast SEO plugin v26.8 - https:\/\/yoast.com\/product\/yoast-seo-wordpress\/ -->\n<title>Tapis de yoga \u00e9cologique : la s\u00e9lection Meozen<\/title>\n<meta name=\"robots\" content=\"index, follow, max-snippet:-1, max-image-preview:large, max-video-preview:-1\" \/>\n<link rel=\"canonical\" href=\"https:\/\/meozen.com\/fr\/yoga\/equipement\/accessoires\/tapis-de-yoga\/ecologique\/\" \/>\n<meta property=\"og:locale\" content=\"fr_FR\" \/>\n<meta property=\"og:type\" content=\"article\" \/>\n<meta property=\"og:title\" content=\"Tapis de yoga \u00e9cologique : la s\u00e9lection Meozen\" \/>\n<meta property=\"og:description\" content=\"Les tapis de yoga \u00e9cologiques sont parfaits pour les personnes souhaitant d\u00e9fendre des valeurs \u00e9co-responsable tout en ayant un tapis de qualit\u00e9. Notre s\u00e9lection de tapis list\u00e9s ci-dessous sont fabriqu\u00e9s \u00e0 partir de TPE aussi appel\u00e9 caoutchouc thermoplastique et sont certifi\u00e9s SGS. Ce mat\u00e9riau a la particularit\u00e9 d\u2019\u00eatre anti-d\u00e9rapant, durable et 100% recyclable.&nbsp; Bon \u00e0 [&hellip;]\" \/>\n<meta property=\"og:url\" content=\"https:\/\/meozen.com\/fr\/yoga\/equipement\/accessoires\/tapis-de-yoga\/ecologique\/\" \/>\n<meta property=\"og:site_name\" content=\"Meozen - Votre portail bien-\u00eatre\" \/>\n<meta property=\"article:publisher\" content=\"https:\/\/www.facebook.com\/MeozenFr\/\" \/>\n<meta property=\"article:modified_time\" content=\"2023-08-14T20:46:22+00:00\" \/>\n<meta property=\"og:image\" content=\"https:\/\/meozen.com\/fr\/wp-content\/uploads\/sites\/2\/2021\/10\/tapis-yoga-ecologique-meozen.jpg\" \/>\n\t<meta property=\"og:image:width\" content=\"1000\" \/>\n\t<meta property=\"og:image:height\" content=\"563\" \/>\n\t<meta property=\"og:image:type\" content=\"image\/jpeg\" \/>\n<meta name=\"twitter:card\" content=\"summary_large_image\" \/>\n<meta name=\"twitter:label1\" content=\"Dur\u00e9e de lecture estim\u00e9e\" \/>\n\t<meta name=\"twitter:data1\" content=\"4 minutes\" \/>\n<script type=\"application\/ld+json\" class=\"yoast-schema-graph\">{\"@context\":\"https:\/\/schema.org\",\"@graph\":[{\"@type\":\"WebPage\",\"@id\":\"https:\/\/meozen.com\/fr\/yoga\/equipement\/accessoires\/tapis-de-yoga\/ecologique\/\",\"url\":\"https:\/\/meozen.com\/fr\/yoga\/equipement\/accessoires\/tapis-de-yoga\/ecologique\/\",\"name\":\"Tapis de yoga \u00e9cologique : la s\u00e9lection Meozen\",\"isPartOf\":{\"@id\":\"https:\/\/meozen.com\/fr\/#website\"},\"primaryImageOfPage\":{\"@id\":\"https:\/\/meozen.com\/fr\/yoga\/equipement\/accessoires\/tapis-de-yoga\/ecologique\/#primaryimage\"},\"image\":{\"@id\":\"https:\/\/meozen.com\/fr\/yoga\/equipement\/accessoires\/tapis-de-yoga\/ecologique\/#primaryimage\"},\"thumbnailUrl\":\"https:\/\/meozen.com\/fr\/wp-content\/uploads\/sites\/2\/2021\/10\/tapis-yoga-ecologique-meozen.jpg\",\"datePublished\":\"2021-10-15T15:02:21+00:00\",\"dateModified\":\"2023-08-14T20:46:22+00:00\",\"breadcrumb\":{\"@id\":\"https:\/\/meozen.com\/fr\/yoga\/equipement\/accessoires\/tapis-de-yoga\/ecologique\/#breadcrumb\"},\"inLanguage\":\"fr-FR\",\"potentialAction\":[{\"@type\":\"ReadAction\",\"target\":[\"https:\/\/meozen.com\/fr\/yoga\/equipement\/accessoires\/tapis-de-yoga\/ecologique\/\"]}]},{\"@type\":\"ImageObject\",\"inLanguage\":\"fr-FR\",\"@id\":\"https:\/\/meozen.com\/fr\/yoga\/equipement\/accessoires\/tapis-de-yoga\/ecologique\/#primaryimage\",\"url\":\"https:\/\/meozen.com\/fr\/wp-content\/uploads\/sites\/2\/2021\/10\/tapis-yoga-ecologique-meozen.jpg\",\"contentUrl\":\"https:\/\/meozen.com\/fr\/wp-content\/uploads\/sites\/2\/2021\/10\/tapis-yoga-ecologique-meozen.jpg\",\"width\":1000,\"height\":563,\"caption\":\"D\u00e9couvrez les meilleurs tapis de yoga \u00e9cologiques\"},{\"@type\":\"BreadcrumbList\",\"@id\":\"https:\/\/meozen.com\/fr\/yoga\/equipement\/accessoires\/tapis-de-yoga\/ecologique\/#breadcrumb\",\"itemListElement\":[{\"@type\":\"ListItem\",\"position\":1,\"name\":\"Accueil\",\"item\":\"https:\/\/meozen.com\/fr\/\"},{\"@type\":\"ListItem\",\"position\":2,\"name\":\"Yoga : Tout savoir sur cette pratique\",\"item\":\"https:\/\/meozen.com\/fr\/yoga\/\"},{\"@type\":\"ListItem\",\"position\":3,\"name\":\"\u00c9quipement yoga : Bien s&#8217;\u00e9quiper pour pratiquer\",\"item\":\"https:\/\/meozen.com\/fr\/yoga\/equipement\/\"},{\"@type\":\"ListItem\",\"position\":4,\"name\":\"Accessoires yoga : Quel mat\u00e9riel n\u00e9cessaire \u00e0 la pratique du yoga ?\",\"item\":\"https:\/\/meozen.com\/fr\/yoga\/equipement\/accessoires\/\"},{\"@type\":\"ListItem\",\"position\":5,\"name\":\"Comment choisir son tapis de yoga ?\",\"item\":\"https:\/\/meozen.com\/fr\/yoga\/equipement\/accessoires\/tapis-de-yoga\/\"},{\"@type\":\"ListItem\",\"position\":6,\"name\":\"Tapis de yoga \u00e9cologique : La s\u00e9lection Meozen\"}]},{\"@type\":\"WebSite\",\"@id\":\"https:\/\/meozen.com\/fr\/#website\",\"url\":\"https:\/\/meozen.com\/fr\/\",\"name\":\"Meozen - Votre portail bien-\u00eatre\",\"description\":\"D\u00e9couvrez tout l&#039;univers du bien-\u00eatre, yoga, m\u00e9ditation, trouvez les meilleures retraites et formations bien-\u00eatre\",\"publisher\":{\"@id\":\"https:\/\/meozen.com\/fr\/#organization\"},\"potentialAction\":[{\"@type\":\"SearchAction\",\"target\":{\"@type\":\"EntryPoint\",\"urlTemplate\":\"https:\/\/meozen.com\/fr\/?s={search_term_string}\"},\"query-input\":{\"@type\":\"PropertyValueSpecification\",\"valueRequired\":true,\"valueName\":\"search_term_string\"}}],\"inLanguage\":\"fr-FR\"},{\"@type\":\"Organization\",\"@id\":\"https:\/\/meozen.com\/fr\/#organization\",\"name\":\"Meozen\",\"url\":\"https:\/\/meozen.com\/fr\/\",\"logo\":{\"@type\":\"ImageObject\",\"inLanguage\":\"fr-FR\",\"@id\":\"https:\/\/meozen.com\/fr\/#\/schema\/logo\/image\/\",\"url\":\"https:\/\/meozen.com\/fr\/wp-content\/uploads\/sites\/2\/2021\/06\/logo-meozen-push.jpg\",\"contentUrl\":\"https:\/\/meozen.com\/fr\/wp-content\/uploads\/sites\/2\/2021\/06\/logo-meozen-push.jpg\",\"width\":384,\"height\":384,\"caption\":\"Meozen\"},\"image\":{\"@id\":\"https:\/\/meozen.com\/fr\/#\/schema\/logo\/image\/\"},\"sameAs\":[\"https:\/\/www.facebook.com\/MeozenFr\/\",\"https:\/\/www.pinterest.fr\/meozen_officiel\/\",\"https:\/\/www.instagram.com\/meozen_officiel\/\"]}]}<\/script>\n<!-- \/ Yoast SEO plugin. -->","yoast_head_json":{"title":"Tapis de yoga \u00e9cologique : la s\u00e9lection Meozen","robots":{"index":"index","follow":"follow","max-snippet":"max-snippet:-1","max-image-preview":"max-image-preview:large","max-video-preview":"max-video-preview:-1"},"canonical":"https:\/\/meozen.com\/fr\/yoga\/equipement\/accessoires\/tapis-de-yoga\/ecologique\/","og_locale":"fr_FR","og_type":"article","og_title":"Tapis de yoga \u00e9cologique : la s\u00e9lection Meozen","og_description":"Les tapis de yoga \u00e9cologiques sont parfaits pour les personnes souhaitant d\u00e9fendre des valeurs \u00e9co-responsable tout en ayant un tapis de qualit\u00e9. Notre s\u00e9lection de tapis list\u00e9s ci-dessous sont fabriqu\u00e9s \u00e0 partir de TPE aussi appel\u00e9 caoutchouc thermoplastique et sont certifi\u00e9s SGS. Ce mat\u00e9riau a la particularit\u00e9 d\u2019\u00eatre anti-d\u00e9rapant, durable et 100% recyclable.&nbsp; Bon \u00e0 [&hellip;]","og_url":"https:\/\/meozen.com\/fr\/yoga\/equipement\/accessoires\/tapis-de-yoga\/ecologique\/","og_site_name":"Meozen - Votre portail bien-\u00eatre","article_publisher":"https:\/\/www.facebook.com\/MeozenFr\/","article_modified_time":"2023-08-14T20:46:22+00:00","og_image":[{"width":1000,"height":563,"url":"https:\/\/meozen.com\/fr\/wp-content\/uploads\/sites\/2\/2021\/10\/tapis-yoga-ecologique-meozen.jpg","type":"image\/jpeg"}],"twitter_card":"summary_large_image","twitter_misc":{"Dur\u00e9e de lecture estim\u00e9e":"4 minutes"},"schema":{"@context":"https:\/\/schema.org","@graph":[{"@type":"WebPage","@id":"https:\/\/meozen.com\/fr\/yoga\/equipement\/accessoires\/tapis-de-yoga\/ecologique\/","url":"https:\/\/meozen.com\/fr\/yoga\/equipement\/accessoires\/tapis-de-yoga\/ecologique\/","name":"Tapis de yoga \u00e9cologique : la s\u00e9lection Meozen","isPartOf":{"@id":"https:\/\/meozen.com\/fr\/#website"},"primaryImageOfPage":{"@id":"https:\/\/meozen.com\/fr\/yoga\/equipement\/accessoires\/tapis-de-yoga\/ecologique\/#primaryimage"},"image":{"@id":"https:\/\/meozen.com\/fr\/yoga\/equipement\/accessoires\/tapis-de-yoga\/ecologique\/#primaryimage"},"thumbnailUrl":"https:\/\/meozen.com\/fr\/wp-content\/uploads\/sites\/2\/2021\/10\/tapis-yoga-ecologique-meozen.jpg","datePublished":"2021-10-15T15:02:21+00:00","dateModified":"2023-08-14T20:46:22+00:00","breadcrumb":{"@id":"https:\/\/meozen.com\/fr\/yoga\/equipement\/accessoires\/tapis-de-yoga\/ecologique\/#breadcrumb"},"inLanguage":"fr-FR","potentialAction":[{"@type":"ReadAction","target":["https:\/\/meozen.com\/fr\/yoga\/equipement\/accessoires\/tapis-de-yoga\/ecologique\/"]}]},{"@type":"ImageObject","inLanguage":"fr-FR","@id":"https:\/\/meozen.com\/fr\/yoga\/equipement\/accessoires\/tapis-de-yoga\/ecologique\/#primaryimage","url":"https:\/\/meozen.com\/fr\/wp-content\/uploads\/sites\/2\/2021\/10\/tapis-yoga-ecologique-meozen.jpg","contentUrl":"https:\/\/meozen.com\/fr\/wp-content\/uploads\/sites\/2\/2021\/10\/tapis-yoga-ecologique-meozen.jpg","width":1000,"height":563,"caption":"D\u00e9couvrez les meilleurs tapis de yoga \u00e9cologiques"},{"@type":"BreadcrumbList","@id":"https:\/\/meozen.com\/fr\/yoga\/equipement\/accessoires\/tapis-de-yoga\/ecologique\/#breadcrumb","itemListElement":[{"@type":"ListItem","position":1,"name":"Accueil","item":"https:\/\/meozen.com\/fr\/"},{"@type":"ListItem","position":2,"name":"Yoga : Tout savoir sur cette pratique","item":"https:\/\/meozen.com\/fr\/yoga\/"},{"@type":"ListItem","position":3,"name":"\u00c9quipement yoga : Bien s&#8217;\u00e9quiper pour pratiquer","item":"https:\/\/meozen.com\/fr\/yoga\/equipement\/"},{"@type":"ListItem","position":4,"name":"Accessoires yoga : Quel mat\u00e9riel n\u00e9cessaire \u00e0 la pratique du yoga ?","item":"https:\/\/meozen.com\/fr\/yoga\/equipement\/accessoires\/"},{"@type":"ListItem","position":5,"name":"Comment choisir son tapis de yoga ?","item":"https:\/\/meozen.com\/fr\/yoga\/equipement\/accessoires\/tapis-de-yoga\/"},{"@type":"ListItem","position":6,"name":"Tapis de yoga \u00e9cologique : La s\u00e9lection Meozen"}]},{"@type":"WebSite","@id":"https:\/\/meozen.com\/fr\/#website","url":"https:\/\/meozen.com\/fr\/","name":"Meozen - Votre portail bien-\u00eatre","description":"D\u00e9couvrez tout l&#039;univers du bien-\u00eatre, yoga, m\u00e9ditation, trouvez les meilleures retraites et formations bien-\u00eatre","publisher":{"@id":"https:\/\/meozen.com\/fr\/#organization"},"potentialAction":[{"@type":"SearchAction","target":{"@type":"EntryPoint","urlTemplate":"https:\/\/meozen.com\/fr\/?s={search_term_string}"},"query-input":{"@type":"PropertyValueSpecification","valueRequired":true,"valueName":"search_term_string"}}],"inLanguage":"fr-FR"},{"@type":"Organization","@id":"https:\/\/meozen.com\/fr\/#organization","name":"Meozen","url":"https:\/\/meozen.com\/fr\/","logo":{"@type":"ImageObject","inLanguage":"fr-FR","@id":"https:\/\/meozen.com\/fr\/#\/schema\/logo\/image\/","url":"https:\/\/meozen.com\/fr\/wp-content\/uploads\/sites\/2\/2021\/06\/logo-meozen-push.jpg","contentUrl":"https:\/\/meozen.com\/fr\/wp-content\/uploads\/sites\/2\/2021\/06\/logo-meozen-push.jpg","width":384,"height":384,"caption":"Meozen"},"image":{"@id":"https:\/\/meozen.com\/fr\/#\/schema\/logo\/image\/"},"sameAs":["https:\/\/www.facebook.com\/MeozenFr\/","https:\/\/www.pinterest.fr\/meozen_officiel\/","https:\/\/www.instagram.com\/meozen_officiel\/"]}]}},"_links":{"self":[{"href":"https:\/\/meozen.com\/fr\/wp-json\/wp\/v2\/pages\/2929","targetHints":{"allow":["GET"]}}],"collection":[{"href":"https:\/\/meozen.com\/fr\/wp-json\/wp\/v2\/pages"}],"about":[{"href":"https:\/\/meozen.com\/fr\/wp-json\/wp\/v2\/types\/page"}],"author":[{"embeddable":true,"href":"https:\/\/meozen.com\/fr\/wp-json\/wp\/v2\/users\/1"}],"replies":[{"embeddable":true,"href":"https:\/\/meozen.com\/fr\/wp-json\/wp\/v2\/comments?post=2929"}],"version-history":[{"count":0,"href":"https:\/\/meozen.com\/fr\/wp-json\/wp\/v2\/pages\/2929\/revisions"}],"up":[{"embeddable":true,"href":"https:\/\/meozen.com\/fr\/wp-json\/wp\/v2\/pages\/2923"}],"wp:featuredmedia":[{"embeddable":true,"href":"https:\/\/meozen.com\/fr\/wp-json\/wp\/v2\/media\/2986"}],"wp:attachment":[{"href":"https:\/\/meozen.com\/fr\/wp-json\/wp\/v2\/media?parent=2929"}],"curies":[{"name":"wp","href":"https:\/\/api.w.org\/{rel}","templated":true}]}}