{"id":2931,"date":"2021-10-15T17:11:48","date_gmt":"2021-10-15T15:11:48","guid":{"rendered":"https:\/\/meozen.com\/fr\/?page_id=2931"},"modified":"2023-08-14T22:46:25","modified_gmt":"2023-08-14T20:46:25","slug":"homme","status":"publish","type":"page","link":"https:\/\/meozen.com\/fr\/yoga\/equipement\/vetements\/homme\/","title":{"rendered":"Comment bien choisir ses v\u00eatements de yoga homme ?"},"content":{"rendered":"\n<p>Vous allez commencer votre premier cours de yoga et vous ne savez absolument pas <a href=\"https:\/\/meozen.com\/fr\/vetements-yoga\/\">quelle tenue<\/a> porter pour pratiquer ? Nous vous \u00e9clairons pour vous aider \u00e0 bien choisir vos v\u00eatements de yoga homme.<\/p>\n\n\n\n<h2 class=\"wp-block-heading\"><strong>Sur quels crit\u00e8res se baser pour choisir une tenue de yoga pour homme ?<\/strong><\/h2>\n\n\n\n<p>Nous vous recommandons de vous baser sur ces trois crit\u00e8res pour trouver votre tenue de yoga :&nbsp;<\/p>\n\n\n\n<ul class=\"wp-block-list\"><li>Le <strong>confort<\/strong> pour une grande libert\u00e9 de mouvement<\/li><\/ul>\n\n\n\n<ul class=\"wp-block-list\"><li>L\u2019<strong>anti-transpirance<\/strong> pour \u00e9viter la transpiration et les aur\u00e9oles<\/li><\/ul>\n\n\n\n<ul class=\"wp-block-list\"><li>L\u2019<strong>esth\u00e9tique<\/strong>, parce que se sentir bien dans sa tenue ne peut que rendre service \u00e0 votre pratique du <a class=\"wpil_keyword_link\" href=\"https:\/\/meozen.com\/fr\/yoga\/\"   title=\"yoga\" data-wpil-keyword-link=\"linked\">yoga<\/a><\/li><\/ul>\n\n\n\n<h2 class=\"wp-block-heading\"><strong>Quel haut choisir ?<\/strong><\/h2>\n\n\n\n<p>Nous vous recommandons vivement de porter un d\u00e9bardeur ajust\u00e9 au corps et compos\u00e9 d\u2019un tissu l\u00e9ger et anti-transpirant. Vous pouvez bien s\u00fbr vous habiller d\u2019un t-shirt, mais pensez \u00e0 le choisir anti-transpirant pour \u00e9viter les aur\u00e9oles et la transpiration.<\/p>\n\n\n\n<p><strong>La s\u00e9lection de hauts Meozen :<\/strong><\/p>\n\n\n\n<ul class=\"wp-block-list\"><li><a href=\"https:\/\/www.decathlon.fr\/p\/debardeur-sans-coutures-yoga-homme\/_\/R-p-308541?mc=8554194&amp;c=NOIR\" target=\"_blank\" rel=\"noreferrer noopener sponsored nofollow\">Le d\u00e9bardeur D\u00e9cathlon<\/a> : <\/li><\/ul>\n\n\n\n<div class=\"wp-block-image\"><figure class=\"aligncenter size-large is-resized\"><img fetchpriority=\"high\" decoding=\"async\" src=\"https:\/\/contents.mediadecathlon.com\/p1789600\/k$622a8b7672b042f30ca7b588bf5db72e\/sq\/debardeur-sans-coutures-yoga-homme-noir.jpg?format=auto&amp;f=969x969\" alt=\"\" width=\"403\" height=\"403\"\/><\/figure><\/div>\n\n\n\n<p>Ce d\u00e9bardeur est le haut id\u00e9al pour pratiquer le yoga. Il est l\u00e9ger, sans coutures et pr\u00e8s du corps pour accompagner vos postures d&rsquo;inversion en toute confiance. Les clients aiment sa texture seconde peau, il est donc tr\u00e8s agr\u00e9able \u00e0 porter et ne bouge pas pendant la pratique.<\/p>\n\n\n\n<div class=\"wp-block-buttons is-content-justification-center\"><div class=\"wp-block-button\"><a class=\"wp-block-button__link has-white-color has-text-color has-background\" href=\"https:\/\/www.decathlon.fr\/p\/debardeur-sans-coutures-yoga-homme\/_\/R-p-308541?mc=8554194&amp;c=NOIR\" style=\"border-radius:5px;background-color:#f4be37\" target=\"_blank\" rel=\"noreferrer noopener\">\ud83d\udecd\ufe0f D\u00e9couvrir ce d\u00e9bardeur de yoga sur D\u00e9cathlon<\/a><\/div><\/div>\n\n\n\n<ul class=\"wp-block-list\"><li><a href=\"https:\/\/www.decathlon.fr\/p\/t-shirt-manches-courtes-sans-coutures-yoga-dynamique-homme\/_\/R-p-308517?mc=8605748&amp;c=GRIS_BLEU\" target=\"_blank\" rel=\"noreferrer noopener\">Le t-shirt manches courtes D\u00e9cathlon<\/a> : <\/li><\/ul>\n\n\n\n<div class=\"wp-block-image\"><figure class=\"aligncenter size-large is-resized\"><img decoding=\"async\" src=\"https:\/\/contents.mediadecathlon.com\/p1937425\/k$bdc205ed08499e096f6f0ae9c6dda7ea\/sq\/t-shirt-manches-courtes-sans-coutures-yoga-dynamique-homme-bleu-gris.jpg?format=auto&amp;f=969x969\" alt=\"\" width=\"416\" height=\"416\"\/><\/figure><\/div>\n\n\n\n<p>Tout comme le d\u00e9bardeur D\u00e9cathlon, le t-shirt de la m\u00eame gamme est id\u00e9al pour pratiquer le yoga. Les clients yogis le recommandent fortement pour son confort lors des s\u00e9ances : comme le d\u00e9bardeur, il est bien ajust\u00e9. Le col ne baille pas et le t-shirt ne descend pas sur la t\u00eate lors des postures d&rsquo;inversion. Enfin, la mati\u00e8re est douce et agr\u00e9able, comme son prix.<\/p>\n\n\n\n<div class=\"wp-block-buttons is-content-justification-center\"><div class=\"wp-block-button\"><a class=\"wp-block-button__link has-white-color has-text-color has-background\" href=\"https:\/\/www.decathlon.fr\/p\/t-shirt-manches-courtes-sans-coutures-yoga-dynamique-homme\/_\/R-p-308517?mc=8605748&amp;c=GRIS_BLEU\" style=\"border-radius:5px;background-color:#f4be37\" target=\"_blank\" rel=\"noreferrer noopener\">\ud83d\udecd\ufe0f D\u00e9couvrir ce t-shirt de yoga sur D\u00e9cathlon<\/a><\/div><\/div>\n\n\n\n<h2 class=\"wp-block-heading\"><strong>Quel bas choisir ?<\/strong><\/h2>\n\n\n\n<p>Pour choisir un bas adapt\u00e9 \u00e0 la pratique du yoga, cela peut s&rsquo;av\u00e9rer un peu plus complexe que le haut. En effet, tout comme les tenues des femmes (lien), il faudra choisir une pi\u00e8ce pas trop large afin que le professeur puisse corriger vos postures d\u2019alignement. Ainsi, un jogging ajust\u00e9 ou un legging pour homme seront parfaits. \u00c9vitez tout ce qui est trop ample.<\/p>\n\n\n\n<p>Enfin, le short peut \u00eatre une bonne solution \u00e9galement. Certains placent le short par dessus le legging.<\/p>\n\n\n\n<p><meta charset=\"utf-8\"><strong>La s\u00e9lection de bas Meozen :<\/strong><\/p>\n\n\n\n<ul class=\"wp-block-list\"><li><a href=\"https:\/\/www.decathlon.fr\/p\/pantalon-yoga-doux-homme-gris\/_\/R-p-159714?mc=8380570&amp;c=GRIS\" target=\"_blank\" rel=\"noreferrer noopener\">Le pantalon D\u00e9cathlon pour yoga doux<\/a> :<\/li><\/ul>\n\n\n\n<div class=\"wp-block-image\"><figure class=\"aligncenter size-large is-resized\"><img decoding=\"async\" src=\"https:\/\/contents.mediadecathlon.com\/p1789553\/k$0a7dcb290e33a2891cffff773e1d2aec\/sq\/pantalon-yoga-doux-homme-gris.jpg?format=auto&amp;f=969x969\" alt=\"\" width=\"517\" height=\"517\"\/><\/figure><\/div>\n\n\n\n<p>Pour pratiquer le yoga doux, choisissez ce pantalon pr\u00e8s du corps et confortable. Il est l\u00e9ger mais tient chaud gr\u00e2ce \u00e0 son tissu doux et respirant. Les clients qui l&rsquo;ont achet\u00e9 soulignent son confort et son bon rapport qualit\u00e9-prix.<\/p>\n\n\n\n<div class=\"wp-block-buttons is-content-justification-center\"><div class=\"wp-block-button\"><a class=\"wp-block-button__link has-white-color has-text-color has-background\" href=\"https:\/\/www.decathlon.fr\/p\/pantalon-yoga-doux-homme-gris\/_\/R-p-159714?mc=8380570&amp;c=GRIS\" style=\"border-radius:5px;background-color:#f4be37\" target=\"_blank\" rel=\"noreferrer noopener\">\ud83d\udecd\ufe0f D\u00e9couvrir ce pantalon de yoga sur D\u00e9cathlon<\/a><\/div><\/div>\n\n\n\n<p><meta charset=\"utf-8\"><li><a href=\"https:\/\/www.decathlon.fr\/p\/pantalon-yoga-doux-homme-gris\/_\/R-p-159714?mc=8380570&amp;c=GRIS\" target=\"_blank\" rel=\"noreferrer noopener\">Le pantalon D\u00e9cathlon pour yoga<\/a><a href=\"https:\/\/www.decathlon.fr\/p\/pantalon-toile-yoga-dynamique-homme\/_\/R-p-306801?mc=8543598&amp;c=NOIR\"> <\/a><a href=\"https:\/\/www.decathlon.fr\/p\/pantalon-yoga-doux-homme-gris\/_\/R-p-159714?mc=8380570&amp;c=GRIS\" target=\"_blank\" rel=\"noreferrer noopener\">dynamique<\/a> :<\/li><\/p>\n\n\n\n<div class=\"wp-block-image\"><figure class=\"aligncenter size-large is-resized\"><img loading=\"lazy\" decoding=\"async\" src=\"https:\/\/contents.mediadecathlon.com\/p1789614\/k$ea2b9986618fd971301652d2d8e16068\/sq\/pantalon-toile-yoga-dynamique-homme-noir.jpg?format=auto&amp;f=969x969\" alt=\"\" width=\"505\" height=\"505\"\/><\/figure><\/div>\n\n\n\n<p><meta charset=\"utf-8\">Ce pantalon est con\u00e7u sp\u00e9cialement pour la pratique du yoga dynamique. Il a \u00e9t\u00e9 con\u00e7u en toile l\u00e9g\u00e8re et extensible pour pratiquer les postures les plus complexes. Sobre, il poss\u00e8de aussi une ceinture large et plate pour un bon maintien, ainsi que deux poches zipp\u00e9es. <meta charset=\"utf-8\">Les clients qui l&rsquo;ont achet\u00e9 soulignent son confort et son bon rapport qualit\u00e9-prix.<\/p>\n\n\n\n<div class=\"wp-block-buttons is-content-justification-center\"><div class=\"wp-block-button\"><a class=\"wp-block-button__link has-white-color has-text-color has-background\" href=\"https:\/\/www.decathlon.fr\/p\/pantalon-toile-yoga-dynamique-homme\/_\/R-p-306801?mc=8543598&amp;c=NOIR\" style=\"border-radius:5px;background-color:#f4be37\" target=\"_blank\" rel=\"noreferrer noopener\">\ud83d\udecd\ufe0f D\u00e9couvrir ce pantalon de yoga sur D\u00e9cathlon<\/a><\/div><\/div>\n\n\n\n<h2 class=\"wp-block-heading\"><strong>Quel sous-v\u00eatement choisir ?<\/strong><\/h2>\n\n\n\n<p>Pour \u00eatre \u00e0 l\u2019aise, choisissez un slip ou un boxer mais pas un cale\u00e7on large, qui vous g\u00eanera pendant la pratique.<\/p>\n\n\n\n<h3 class=\"wp-block-heading\"><strong>V\u00eatements<\/strong> &amp; Accessoires pour le yoga<\/h3>\n\n\n\n<ul class=\"wp-block-list\"><li><a href=\"https:\/\/meozen.com\/fr\/vetements-yoga\/\">Bien choisir ses v\u00eatements de yoga<\/a><\/li><li><a href=\"https:\/\/meozen.com\/fr\/vetements-yoga\/femme\/\">V\u00eatements de yoga pour femme<\/a><\/li><li><a href=\"https:\/\/meozen.com\/fr\/yoga\/accessoires-yoga\/\">Quels accessoires choisir pour le yoga ?<\/a><\/li><li>Tapis de yoga<\/li><li>Briques de yoga<\/li><li>Sangles de yoga<\/li><li>Bolster de yoga<\/li><\/ul>\n","protected":false},"excerpt":{"rendered":"<p>Vous allez commencer votre premier cours de yoga et vous ne savez absolument pas quelle tenue porter pour pratiquer ? Nous vous \u00e9clairons pour vous aider \u00e0 bien choisir vos v\u00eatements de yoga homme. Sur quels crit\u00e8res se baser pour choisir une tenue de yoga pour homme ? Nous vous recommandons de vous baser sur [&hellip;]<\/p>\n","protected":false},"author":1,"featured_media":2952,"parent":2953,"menu_order":0,"comment_status":"closed","ping_status":"closed","template":"","meta":{"_mo_disable_npp":"","footnotes":""},"class_list":["post-2931","page","type-page","status-publish","has-post-thumbnail","hentry"],"yoast_head":"<!-- This site is optimized with the Yoast SEO plugin v26.8 - https:\/\/yoast.com\/product\/yoast-seo-wordpress\/ -->\n<title>V\u00eatements de Yoga pour Homme, la s\u00e9lection Meozen<\/title>\n<meta name=\"robots\" content=\"index, follow, max-snippet:-1, max-image-preview:large, max-video-preview:-1\" \/>\n<link rel=\"canonical\" href=\"https:\/\/meozen.com\/fr\/yoga\/equipement\/vetements\/homme\/\" \/>\n<meta property=\"og:locale\" content=\"fr_FR\" \/>\n<meta property=\"og:type\" content=\"article\" \/>\n<meta property=\"og:title\" content=\"V\u00eatements de Yoga pour Homme, la s\u00e9lection Meozen\" \/>\n<meta property=\"og:description\" content=\"Vous allez commencer votre premier cours de yoga et vous ne savez absolument pas quelle tenue porter pour pratiquer ? Nous vous \u00e9clairons pour vous aider \u00e0 bien choisir vos v\u00eatements de yoga homme. Sur quels crit\u00e8res se baser pour choisir une tenue de yoga pour homme ? Nous vous recommandons de vous baser sur [&hellip;]\" \/>\n<meta property=\"og:url\" content=\"https:\/\/meozen.com\/fr\/yoga\/equipement\/vetements\/homme\/\" \/>\n<meta property=\"og:site_name\" content=\"Meozen - Votre portail bien-\u00eatre\" \/>\n<meta property=\"article:publisher\" content=\"https:\/\/www.facebook.com\/MeozenFr\/\" \/>\n<meta property=\"article:modified_time\" content=\"2023-08-14T20:46:25+00:00\" \/>\n<meta property=\"og:image\" content=\"https:\/\/meozen.com\/fr\/wp-content\/uploads\/sites\/2\/2021\/10\/vetements-yoga-homme-meozen.jpg\" \/>\n\t<meta property=\"og:image:width\" content=\"1100\" \/>\n\t<meta property=\"og:image:height\" content=\"619\" \/>\n\t<meta property=\"og:image:type\" content=\"image\/jpeg\" \/>\n<meta name=\"twitter:card\" content=\"summary_large_image\" \/>\n<meta name=\"twitter:label1\" content=\"Dur\u00e9e de lecture estim\u00e9e\" \/>\n\t<meta name=\"twitter:data1\" content=\"4 minutes\" \/>\n<script type=\"application\/ld+json\" class=\"yoast-schema-graph\">{\"@context\":\"https:\/\/schema.org\",\"@graph\":[{\"@type\":\"WebPage\",\"@id\":\"https:\/\/meozen.com\/fr\/yoga\/equipement\/vetements\/homme\/\",\"url\":\"https:\/\/meozen.com\/fr\/yoga\/equipement\/vetements\/homme\/\",\"name\":\"V\u00eatements de Yoga pour Homme, la s\u00e9lection Meozen\",\"isPartOf\":{\"@id\":\"https:\/\/meozen.com\/fr\/#website\"},\"primaryImageOfPage\":{\"@id\":\"https:\/\/meozen.com\/fr\/yoga\/equipement\/vetements\/homme\/#primaryimage\"},\"image\":{\"@id\":\"https:\/\/meozen.com\/fr\/yoga\/equipement\/vetements\/homme\/#primaryimage\"},\"thumbnailUrl\":\"https:\/\/meozen.com\/fr\/wp-content\/uploads\/sites\/2\/2021\/10\/vetements-yoga-homme-meozen.jpg\",\"datePublished\":\"2021-10-15T15:11:48+00:00\",\"dateModified\":\"2023-08-14T20:46:25+00:00\",\"breadcrumb\":{\"@id\":\"https:\/\/meozen.com\/fr\/yoga\/equipement\/vetements\/homme\/#breadcrumb\"},\"inLanguage\":\"fr-FR\",\"potentialAction\":[{\"@type\":\"ReadAction\",\"target\":[\"https:\/\/meozen.com\/fr\/yoga\/equipement\/vetements\/homme\/\"]}]},{\"@type\":\"ImageObject\",\"inLanguage\":\"fr-FR\",\"@id\":\"https:\/\/meozen.com\/fr\/yoga\/equipement\/vetements\/homme\/#primaryimage\",\"url\":\"https:\/\/meozen.com\/fr\/wp-content\/uploads\/sites\/2\/2021\/10\/vetements-yoga-homme-meozen.jpg\",\"contentUrl\":\"https:\/\/meozen.com\/fr\/wp-content\/uploads\/sites\/2\/2021\/10\/vetements-yoga-homme-meozen.jpg\",\"width\":1100,\"height\":619},{\"@type\":\"BreadcrumbList\",\"@id\":\"https:\/\/meozen.com\/fr\/yoga\/equipement\/vetements\/homme\/#breadcrumb\",\"itemListElement\":[{\"@type\":\"ListItem\",\"position\":1,\"name\":\"Accueil\",\"item\":\"https:\/\/meozen.com\/fr\/\"},{\"@type\":\"ListItem\",\"position\":2,\"name\":\"Yoga : Tout savoir sur cette pratique\",\"item\":\"https:\/\/meozen.com\/fr\/yoga\/\"},{\"@type\":\"ListItem\",\"position\":3,\"name\":\"\u00c9quipement yoga : Bien s&#8217;\u00e9quiper pour pratiquer\",\"item\":\"https:\/\/meozen.com\/fr\/yoga\/equipement\/\"},{\"@type\":\"ListItem\",\"position\":4,\"name\":\"Comment bien choisir ses v\u00eatements de yoga ?\",\"item\":\"https:\/\/meozen.com\/fr\/yoga\/equipement\/vetements\/\"},{\"@type\":\"ListItem\",\"position\":5,\"name\":\"Comment bien choisir ses v\u00eatements de yoga homme ?\"}]},{\"@type\":\"WebSite\",\"@id\":\"https:\/\/meozen.com\/fr\/#website\",\"url\":\"https:\/\/meozen.com\/fr\/\",\"name\":\"Meozen - Votre portail bien-\u00eatre\",\"description\":\"D\u00e9couvrez tout l&#039;univers du bien-\u00eatre, yoga, m\u00e9ditation, trouvez les meilleures retraites et formations bien-\u00eatre\",\"publisher\":{\"@id\":\"https:\/\/meozen.com\/fr\/#organization\"},\"potentialAction\":[{\"@type\":\"SearchAction\",\"target\":{\"@type\":\"EntryPoint\",\"urlTemplate\":\"https:\/\/meozen.com\/fr\/?s={search_term_string}\"},\"query-input\":{\"@type\":\"PropertyValueSpecification\",\"valueRequired\":true,\"valueName\":\"search_term_string\"}}],\"inLanguage\":\"fr-FR\"},{\"@type\":\"Organization\",\"@id\":\"https:\/\/meozen.com\/fr\/#organization\",\"name\":\"Meozen\",\"url\":\"https:\/\/meozen.com\/fr\/\",\"logo\":{\"@type\":\"ImageObject\",\"inLanguage\":\"fr-FR\",\"@id\":\"https:\/\/meozen.com\/fr\/#\/schema\/logo\/image\/\",\"url\":\"https:\/\/meozen.com\/fr\/wp-content\/uploads\/sites\/2\/2021\/06\/logo-meozen-push.jpg\",\"contentUrl\":\"https:\/\/meozen.com\/fr\/wp-content\/uploads\/sites\/2\/2021\/06\/logo-meozen-push.jpg\",\"width\":384,\"height\":384,\"caption\":\"Meozen\"},\"image\":{\"@id\":\"https:\/\/meozen.com\/fr\/#\/schema\/logo\/image\/\"},\"sameAs\":[\"https:\/\/www.facebook.com\/MeozenFr\/\",\"https:\/\/www.pinterest.fr\/meozen_officiel\/\",\"https:\/\/www.instagram.com\/meozen_officiel\/\"]}]}<\/script>\n<!-- \/ Yoast SEO plugin. -->","yoast_head_json":{"title":"V\u00eatements de Yoga pour Homme, la s\u00e9lection Meozen","robots":{"index":"index","follow":"follow","max-snippet":"max-snippet:-1","max-image-preview":"max-image-preview:large","max-video-preview":"max-video-preview:-1"},"canonical":"https:\/\/meozen.com\/fr\/yoga\/equipement\/vetements\/homme\/","og_locale":"fr_FR","og_type":"article","og_title":"V\u00eatements de Yoga pour Homme, la s\u00e9lection Meozen","og_description":"Vous allez commencer votre premier cours de yoga et vous ne savez absolument pas quelle tenue porter pour pratiquer ? Nous vous \u00e9clairons pour vous aider \u00e0 bien choisir vos v\u00eatements de yoga homme. Sur quels crit\u00e8res se baser pour choisir une tenue de yoga pour homme ? Nous vous recommandons de vous baser sur [&hellip;]","og_url":"https:\/\/meozen.com\/fr\/yoga\/equipement\/vetements\/homme\/","og_site_name":"Meozen - Votre portail bien-\u00eatre","article_publisher":"https:\/\/www.facebook.com\/MeozenFr\/","article_modified_time":"2023-08-14T20:46:25+00:00","og_image":[{"width":1100,"height":619,"url":"https:\/\/meozen.com\/fr\/wp-content\/uploads\/sites\/2\/2021\/10\/vetements-yoga-homme-meozen.jpg","type":"image\/jpeg"}],"twitter_card":"summary_large_image","twitter_misc":{"Dur\u00e9e de lecture estim\u00e9e":"4 minutes"},"schema":{"@context":"https:\/\/schema.org","@graph":[{"@type":"WebPage","@id":"https:\/\/meozen.com\/fr\/yoga\/equipement\/vetements\/homme\/","url":"https:\/\/meozen.com\/fr\/yoga\/equipement\/vetements\/homme\/","name":"V\u00eatements de Yoga pour Homme, la s\u00e9lection Meozen","isPartOf":{"@id":"https:\/\/meozen.com\/fr\/#website"},"primaryImageOfPage":{"@id":"https:\/\/meozen.com\/fr\/yoga\/equipement\/vetements\/homme\/#primaryimage"},"image":{"@id":"https:\/\/meozen.com\/fr\/yoga\/equipement\/vetements\/homme\/#primaryimage"},"thumbnailUrl":"https:\/\/meozen.com\/fr\/wp-content\/uploads\/sites\/2\/2021\/10\/vetements-yoga-homme-meozen.jpg","datePublished":"2021-10-15T15:11:48+00:00","dateModified":"2023-08-14T20:46:25+00:00","breadcrumb":{"@id":"https:\/\/meozen.com\/fr\/yoga\/equipement\/vetements\/homme\/#breadcrumb"},"inLanguage":"fr-FR","potentialAction":[{"@type":"ReadAction","target":["https:\/\/meozen.com\/fr\/yoga\/equipement\/vetements\/homme\/"]}]},{"@type":"ImageObject","inLanguage":"fr-FR","@id":"https:\/\/meozen.com\/fr\/yoga\/equipement\/vetements\/homme\/#primaryimage","url":"https:\/\/meozen.com\/fr\/wp-content\/uploads\/sites\/2\/2021\/10\/vetements-yoga-homme-meozen.jpg","contentUrl":"https:\/\/meozen.com\/fr\/wp-content\/uploads\/sites\/2\/2021\/10\/vetements-yoga-homme-meozen.jpg","width":1100,"height":619},{"@type":"BreadcrumbList","@id":"https:\/\/meozen.com\/fr\/yoga\/equipement\/vetements\/homme\/#breadcrumb","itemListElement":[{"@type":"ListItem","position":1,"name":"Accueil","item":"https:\/\/meozen.com\/fr\/"},{"@type":"ListItem","position":2,"name":"Yoga : Tout savoir sur cette pratique","item":"https:\/\/meozen.com\/fr\/yoga\/"},{"@type":"ListItem","position":3,"name":"\u00c9quipement yoga : Bien s&#8217;\u00e9quiper pour pratiquer","item":"https:\/\/meozen.com\/fr\/yoga\/equipement\/"},{"@type":"ListItem","position":4,"name":"Comment bien choisir ses v\u00eatements de yoga ?","item":"https:\/\/meozen.com\/fr\/yoga\/equipement\/vetements\/"},{"@type":"ListItem","position":5,"name":"Comment bien choisir ses v\u00eatements de yoga homme ?"}]},{"@type":"WebSite","@id":"https:\/\/meozen.com\/fr\/#website","url":"https:\/\/meozen.com\/fr\/","name":"Meozen - Votre portail bien-\u00eatre","description":"D\u00e9couvrez tout l&#039;univers du bien-\u00eatre, yoga, m\u00e9ditation, trouvez les meilleures retraites et formations bien-\u00eatre","publisher":{"@id":"https:\/\/meozen.com\/fr\/#organization"},"potentialAction":[{"@type":"SearchAction","target":{"@type":"EntryPoint","urlTemplate":"https:\/\/meozen.com\/fr\/?s={search_term_string}"},"query-input":{"@type":"PropertyValueSpecification","valueRequired":true,"valueName":"search_term_string"}}],"inLanguage":"fr-FR"},{"@type":"Organization","@id":"https:\/\/meozen.com\/fr\/#organization","name":"Meozen","url":"https:\/\/meozen.com\/fr\/","logo":{"@type":"ImageObject","inLanguage":"fr-FR","@id":"https:\/\/meozen.com\/fr\/#\/schema\/logo\/image\/","url":"https:\/\/meozen.com\/fr\/wp-content\/uploads\/sites\/2\/2021\/06\/logo-meozen-push.jpg","contentUrl":"https:\/\/meozen.com\/fr\/wp-content\/uploads\/sites\/2\/2021\/06\/logo-meozen-push.jpg","width":384,"height":384,"caption":"Meozen"},"image":{"@id":"https:\/\/meozen.com\/fr\/#\/schema\/logo\/image\/"},"sameAs":["https:\/\/www.facebook.com\/MeozenFr\/","https:\/\/www.pinterest.fr\/meozen_officiel\/","https:\/\/www.instagram.com\/meozen_officiel\/"]}]}},"_links":{"self":[{"href":"https:\/\/meozen.com\/fr\/wp-json\/wp\/v2\/pages\/2931","targetHints":{"allow":["GET"]}}],"collection":[{"href":"https:\/\/meozen.com\/fr\/wp-json\/wp\/v2\/pages"}],"about":[{"href":"https:\/\/meozen.com\/fr\/wp-json\/wp\/v2\/types\/page"}],"author":[{"embeddable":true,"href":"https:\/\/meozen.com\/fr\/wp-json\/wp\/v2\/users\/1"}],"replies":[{"embeddable":true,"href":"https:\/\/meozen.com\/fr\/wp-json\/wp\/v2\/comments?post=2931"}],"version-history":[{"count":0,"href":"https:\/\/meozen.com\/fr\/wp-json\/wp\/v2\/pages\/2931\/revisions"}],"up":[{"embeddable":true,"href":"https:\/\/meozen.com\/fr\/wp-json\/wp\/v2\/pages\/2953"}],"wp:featuredmedia":[{"embeddable":true,"href":"https:\/\/meozen.com\/fr\/wp-json\/wp\/v2\/media\/2952"}],"wp:attachment":[{"href":"https:\/\/meozen.com\/fr\/wp-json\/wp\/v2\/media?parent=2931"}],"curies":[{"name":"wp","href":"https:\/\/api.w.org\/{rel}","templated":true}]}}