{"id":3037,"date":"2021-10-14T19:05:31","date_gmt":"2021-10-14T17:05:31","guid":{"rendered":"https:\/\/meozen.com\/fr\/?page_id=3037"},"modified":"2023-08-14T22:46:22","modified_gmt":"2023-08-14T20:46:22","slug":"sangle","status":"publish","type":"page","link":"https:\/\/meozen.com\/fr\/yoga\/equipement\/accessoires\/sangle\/","title":{"rendered":"Sangle de yoga : La s\u00e9lection Meozen"},"content":{"rendered":"\n<p>La <strong>sangle de yoga<\/strong> fait partie des <a href=\"https:\/\/meozen.com\/fr\/yoga\/accessoires-yoga\/\">accessoires de yoga<\/a> \u00e0 avoir avec soi lorsque l\u2019on veut se mettre au yoga de mani\u00e8re fr\u00e9quente. En effet, la sangle de yoga permet de gagner en souplesse et confort lors de certaines asanas. Gr\u00e2ce \u00e0 elle, on se sent progresser au fur et \u00e0 mesure des s\u00e9ances. Elle est donc parfaite pour les personnes se sentant raides et qui veulent gagner en souplesse. Nous ne recommandons pas les sangles \u00e9lastiques, plut\u00f4t utilis\u00e9es pour la gym et la fitness.<\/p>\n\n\n\n<p><strong>Notre s\u00e9lection de sangles de <a class=\"wpil_keyword_link\" href=\"https:\/\/meozen.com\/fr\/yoga\/\"   title=\"yoga\" data-wpil-keyword-link=\"linked\">yoga<\/a> :<\/strong><\/p>\n\n\n\n<h2 class=\"wp-block-heading\">La sangle de yoga \u00e9cologique<\/h2>\n\n\n\n<p>LOTUSCRAFTS au prix de 12,95 euros et not\u00e9 4,7\/5<\/p>\n\n\n\n<div class=\"wp-block-image\"><figure class=\"aligncenter size-large is-resized\"><a href=\"https:\/\/amzn.to\/3Elkw5g\" target=\"_blank\" rel=\"noopener\"><img fetchpriority=\"high\" decoding=\"async\" src=\"https:\/\/m.media-amazon.com\/images\/I\/718tPjjSZhL._AC_SL1500_.jpg\" alt=\"\" width=\"421\" height=\"370\"\/><\/a><\/figure><\/div>\n\n\n\n<p>La sangle de yoga de la marque LOTUSCRAFTS est compos\u00e9e de coton biologique issu de l\u2019agriculture durable. Elle mesure 2,5 m\u00e8tres de long et 3,8 centim\u00e8tres de large, et est compos\u00e9e de fermetures m\u00e9talliques solides. Les clients aiment sa longueur (tr\u00e8s pratique pour les grandes personnes) et sa solidit\u00e9. Cette sangle est disponible en 10 couleurs.<\/p>\n\n\n\n<div class=\"wp-block-buttons is-content-justification-center\"><div class=\"wp-block-button\"><a class=\"wp-block-button__link has-white-color has-text-color has-background\" href=\"https:\/\/amzn.to\/3Elkw5g\" style=\"border-radius:5px;background-color:#f4be37\" target=\"_blank\" rel=\"noreferrer noopener\">\ud83d\udecd\ufe0f D\u00e9couvrir cette sangle de yoga sur Amazon<\/a><\/div><\/div>\n\n\n\n<h2 class=\"wp-block-heading\">La sangle la mieux not\u00e9e<\/h2>\n\n\n\n<p>TUMAZ au prix de 9,45 euros et not\u00e9 4,8\/5<\/p>\n\n\n\n<div class=\"wp-block-image\"><figure class=\"aligncenter size-large is-resized\"><a href=\"https:\/\/amzn.to\/3sqem1I\" target=\"_blank\" rel=\"noopener\"><img decoding=\"async\" src=\"https:\/\/m.media-amazon.com\/images\/I\/81-dkkj9+AS._AC_SL1500_.jpg\" alt=\"\" width=\"394\" height=\"383\"\/><\/a><\/figure><\/div>\n\n\n\n<p>La sangle de la marque TUMAZ est \u00e9paisse (2,5 mm) permettant une bonne r\u00e9sistance de la sangle en fonction du poids.&nbsp;Elle est r\u00e9glable gr\u00e2ce \u00e0 sa boucle. Cette sangle est disponible en 15 couleurs.<\/p>\n\n\n\n<div class=\"wp-block-buttons is-content-justification-center\"><div class=\"wp-block-button\"><a class=\"wp-block-button__link has-white-color has-text-color has-background\" href=\"https:\/\/amzn.to\/3sqem1I\" style=\"border-radius:5px;background-color:#f4be37\" target=\"_blank\" rel=\"noreferrer noopener\">\ud83d\udecd\ufe0f D\u00e9couvrir cette sangle de yoga sur Amazon<\/a><\/div><\/div>\n\n\n\n<h2 class=\"wp-block-heading\">Les kits \u201c1 sangle de yoga + 2 briques de yoga\u201d<\/h2>\n\n\n\n<p>ABREE au prix de 15,99 euros et not\u00e9 4,6\/5<\/p>\n\n\n\n<div class=\"wp-block-image\"><figure class=\"aligncenter size-large is-resized\"><a href=\"https:\/\/amzn.to\/3Jb8jUo\" target=\"_blank\" rel=\"noopener\"><img decoding=\"async\" src=\"https:\/\/www.amazon.fr\/images\/I\/71qxi0aBh-L.__AC_SX300_SY300_QL70_ML2_.jpg\" alt=\"\" width=\"384\" height=\"337\"\/><\/a><\/figure><\/div>\n\n\n\n<p>Cet kit comprend une sangle ainsi que deux briques de yoga en mousse. Les dimensions des briques sont de 23x15x7,6 cm. La brique est rigide, permettant de rester stable. Les clients appr\u00e9cient la l\u00e9g\u00e8ret\u00e9 des briques, leur confort ainsi que leur durabilit\u00e9. Le kit est disponible en bleu ou en violet.<\/p>\n\n\n\n<div class=\"wp-block-buttons is-content-justification-center\"><div class=\"wp-block-button\"><a class=\"wp-block-button__link has-white-color has-text-color has-background\" href=\"https:\/\/amzn.to\/3Jb8jUo\" style=\"border-radius:5px;background-color:#f4be37\" target=\"_blank\" rel=\"noreferrer noopener\">\ud83d\udecd\ufe0f D\u00e9couvrir ce kit de yoga sur Amazon<\/a><\/div><\/div>\n\n\n\n<p>REEHUT au prix de 15,99 euros et not\u00e9 4,7\/5<\/p>\n\n\n\n<div class=\"wp-block-image\"><figure class=\"aligncenter size-large is-resized\"><a href=\"https:\/\/amzn.to\/3yOJRUb\" target=\"_blank\" rel=\"noopener\"><img loading=\"lazy\" decoding=\"async\" src=\"https:\/\/m.media-amazon.com\/images\/I\/61somXjX0NL._AC_SL1500_.jpg\" alt=\"\" width=\"433\" height=\"423\"\/><\/a><\/figure><\/div>\n\n\n\n<p>Ce kit de la marque REEHUT comprend une sangle et deux briques de yoga, disponible en noir, gris ou vert. La sangle mesure 2,44 m\u00e8tres de long et les briques mesurent 23x15x10cm. Elles sont fabriqu\u00e9es en mousse \u00e9cologique avec une surface antid\u00e9rapante et des bords biseaut\u00e9s.<\/p>\n\n\n\n<div class=\"wp-block-buttons is-content-justification-center\"><div class=\"wp-block-button\"><a class=\"wp-block-button__link has-white-color has-text-color has-background\" href=\"https:\/\/amzn.to\/3yOJRUb\" style=\"border-radius:5px;background-color:#f4be37\" target=\"_blank\" rel=\"noreferrer noopener\">\ud83d\udecd\ufe0f D\u00e9couvrir ce kit de yoga sur Amazon<\/a><\/div><\/div>\n\n\n\n<h3 class=\"wp-block-heading\">D&rsquo;autres accessoires de yoga pouvant vous int\u00e9resser<\/h3>\n\n\n\n<ul class=\"wp-block-list\"><li><a href=\"https:\/\/meozen.com\/fr\/yoga\/accessoires-yoga\/bolster\/\">Bolster de yoga<\/a><\/li><li><a href=\"https:\/\/meozen.com\/fr\/yoga\/accessoires-yoga\/tapis-de-yoga\/\">Tapis de yoga<\/a><\/li><li><a href=\"https:\/\/meozen.com\/fr\/yoga\/accessoires-yoga\/brique\/\">Brique de yoga<\/a><\/li><\/ul>\n\n\n\n<p>&nbsp;<\/p>\n","protected":false},"excerpt":{"rendered":"<p>La sangle de yoga fait partie des accessoires de yoga \u00e0 avoir avec soi lorsque l\u2019on veut se mettre au yoga de mani\u00e8re fr\u00e9quente. En effet, la sangle de yoga permet de gagner en souplesse et confort lors de certaines asanas. Gr\u00e2ce \u00e0 elle, on se sent progresser au fur et \u00e0 mesure des s\u00e9ances. [&hellip;]<\/p>\n","protected":false},"author":3,"featured_media":3058,"parent":384,"menu_order":0,"comment_status":"closed","ping_status":"closed","template":"","meta":{"_mo_disable_npp":"","footnotes":""},"class_list":["post-3037","page","type-page","status-publish","has-post-thumbnail","hentry"],"yoast_head":"<!-- This site is optimized with the Yoast SEO plugin v26.8 - https:\/\/yoast.com\/product\/yoast-seo-wordpress\/ -->\n<title>Sangle de yoga : La s\u00e9lection Meozen<\/title>\n<meta name=\"description\" content=\"\u27bd\u00a0Cliquez ici pour d\u00e9couvrir comment bien choisir votre sangle de yoga en fonction de votre pratique, ainsi qu&#039;une s\u00e9lection par Meozen \u2705\" \/>\n<meta name=\"robots\" content=\"index, follow, max-snippet:-1, max-image-preview:large, max-video-preview:-1\" \/>\n<link rel=\"canonical\" href=\"https:\/\/meozen.com\/fr\/yoga\/equipement\/accessoires\/sangle\/\" \/>\n<meta property=\"og:locale\" content=\"fr_FR\" \/>\n<meta property=\"og:type\" content=\"article\" \/>\n<meta property=\"og:title\" content=\"Sangle de yoga : La s\u00e9lection Meozen\" \/>\n<meta property=\"og:description\" content=\"\u27bd\u00a0Cliquez ici pour d\u00e9couvrir comment bien choisir votre sangle de yoga en fonction de votre pratique, ainsi qu&#039;une s\u00e9lection par Meozen \u2705\" \/>\n<meta property=\"og:url\" content=\"https:\/\/meozen.com\/fr\/yoga\/equipement\/accessoires\/sangle\/\" \/>\n<meta property=\"og:site_name\" content=\"Meozen - Votre portail bien-\u00eatre\" \/>\n<meta property=\"article:publisher\" content=\"https:\/\/www.facebook.com\/MeozenFr\/\" \/>\n<meta property=\"article:modified_time\" content=\"2023-08-14T20:46:22+00:00\" \/>\n<meta property=\"og:image\" content=\"https:\/\/meozen.com\/fr\/wp-content\/uploads\/sites\/2\/2021\/10\/sangle-de-yoga-meozen.jpg\" \/>\n\t<meta property=\"og:image:width\" content=\"1000\" \/>\n\t<meta property=\"og:image:height\" content=\"563\" \/>\n\t<meta property=\"og:image:type\" content=\"image\/jpeg\" \/>\n<meta name=\"twitter:card\" content=\"summary_large_image\" \/>\n<meta name=\"twitter:label1\" content=\"Dur\u00e9e de lecture estim\u00e9e\" \/>\n\t<meta name=\"twitter:data1\" content=\"3 minutes\" \/>\n<script type=\"application\/ld+json\" class=\"yoast-schema-graph\">{\"@context\":\"https:\/\/schema.org\",\"@graph\":[{\"@type\":\"WebPage\",\"@id\":\"https:\/\/meozen.com\/fr\/yoga\/equipement\/accessoires\/sangle\/\",\"url\":\"https:\/\/meozen.com\/fr\/yoga\/equipement\/accessoires\/sangle\/\",\"name\":\"Sangle de yoga : La s\u00e9lection Meozen\",\"isPartOf\":{\"@id\":\"https:\/\/meozen.com\/fr\/#website\"},\"primaryImageOfPage\":{\"@id\":\"https:\/\/meozen.com\/fr\/yoga\/equipement\/accessoires\/sangle\/#primaryimage\"},\"image\":{\"@id\":\"https:\/\/meozen.com\/fr\/yoga\/equipement\/accessoires\/sangle\/#primaryimage\"},\"thumbnailUrl\":\"https:\/\/meozen.com\/fr\/wp-content\/uploads\/sites\/2\/2021\/10\/sangle-de-yoga-meozen.jpg\",\"datePublished\":\"2021-10-14T17:05:31+00:00\",\"dateModified\":\"2023-08-14T20:46:22+00:00\",\"description\":\"\u27bd\u00a0Cliquez ici pour d\u00e9couvrir comment bien choisir votre sangle de yoga en fonction de votre pratique, ainsi qu'une s\u00e9lection par Meozen \u2705\",\"breadcrumb\":{\"@id\":\"https:\/\/meozen.com\/fr\/yoga\/equipement\/accessoires\/sangle\/#breadcrumb\"},\"inLanguage\":\"fr-FR\",\"potentialAction\":[{\"@type\":\"ReadAction\",\"target\":[\"https:\/\/meozen.com\/fr\/yoga\/equipement\/accessoires\/sangle\/\"]}]},{\"@type\":\"ImageObject\",\"inLanguage\":\"fr-FR\",\"@id\":\"https:\/\/meozen.com\/fr\/yoga\/equipement\/accessoires\/sangle\/#primaryimage\",\"url\":\"https:\/\/meozen.com\/fr\/wp-content\/uploads\/sites\/2\/2021\/10\/sangle-de-yoga-meozen.jpg\",\"contentUrl\":\"https:\/\/meozen.com\/fr\/wp-content\/uploads\/sites\/2\/2021\/10\/sangle-de-yoga-meozen.jpg\",\"width\":1000,\"height\":563,\"caption\":\"Illustration montrant divers accessoires de yoga, accompagn\u00e9 de la mention : \\\"Les meilleures sangles de yoga : la s\u00e9lection Meozen\\\"\"},{\"@type\":\"BreadcrumbList\",\"@id\":\"https:\/\/meozen.com\/fr\/yoga\/equipement\/accessoires\/sangle\/#breadcrumb\",\"itemListElement\":[{\"@type\":\"ListItem\",\"position\":1,\"name\":\"Accueil\",\"item\":\"https:\/\/meozen.com\/fr\/\"},{\"@type\":\"ListItem\",\"position\":2,\"name\":\"Yoga : Tout savoir sur cette pratique\",\"item\":\"https:\/\/meozen.com\/fr\/yoga\/\"},{\"@type\":\"ListItem\",\"position\":3,\"name\":\"\u00c9quipement yoga : Bien s&#8217;\u00e9quiper pour pratiquer\",\"item\":\"https:\/\/meozen.com\/fr\/yoga\/equipement\/\"},{\"@type\":\"ListItem\",\"position\":4,\"name\":\"Accessoires yoga : Quel mat\u00e9riel n\u00e9cessaire \u00e0 la pratique du yoga ?\",\"item\":\"https:\/\/meozen.com\/fr\/yoga\/equipement\/accessoires\/\"},{\"@type\":\"ListItem\",\"position\":5,\"name\":\"Sangle de yoga : La s\u00e9lection Meozen\"}]},{\"@type\":\"WebSite\",\"@id\":\"https:\/\/meozen.com\/fr\/#website\",\"url\":\"https:\/\/meozen.com\/fr\/\",\"name\":\"Meozen - Votre portail bien-\u00eatre\",\"description\":\"D\u00e9couvrez tout l&#039;univers du bien-\u00eatre, yoga, m\u00e9ditation, trouvez les meilleures retraites et formations bien-\u00eatre\",\"publisher\":{\"@id\":\"https:\/\/meozen.com\/fr\/#organization\"},\"potentialAction\":[{\"@type\":\"SearchAction\",\"target\":{\"@type\":\"EntryPoint\",\"urlTemplate\":\"https:\/\/meozen.com\/fr\/?s={search_term_string}\"},\"query-input\":{\"@type\":\"PropertyValueSpecification\",\"valueRequired\":true,\"valueName\":\"search_term_string\"}}],\"inLanguage\":\"fr-FR\"},{\"@type\":\"Organization\",\"@id\":\"https:\/\/meozen.com\/fr\/#organization\",\"name\":\"Meozen\",\"url\":\"https:\/\/meozen.com\/fr\/\",\"logo\":{\"@type\":\"ImageObject\",\"inLanguage\":\"fr-FR\",\"@id\":\"https:\/\/meozen.com\/fr\/#\/schema\/logo\/image\/\",\"url\":\"https:\/\/meozen.com\/fr\/wp-content\/uploads\/sites\/2\/2021\/06\/logo-meozen-push.jpg\",\"contentUrl\":\"https:\/\/meozen.com\/fr\/wp-content\/uploads\/sites\/2\/2021\/06\/logo-meozen-push.jpg\",\"width\":384,\"height\":384,\"caption\":\"Meozen\"},\"image\":{\"@id\":\"https:\/\/meozen.com\/fr\/#\/schema\/logo\/image\/\"},\"sameAs\":[\"https:\/\/www.facebook.com\/MeozenFr\/\",\"https:\/\/www.pinterest.fr\/meozen_officiel\/\",\"https:\/\/www.instagram.com\/meozen_officiel\/\"]}]}<\/script>\n<!-- \/ Yoast SEO plugin. -->","yoast_head_json":{"title":"Sangle de yoga : La s\u00e9lection Meozen","description":"\u27bd\u00a0Cliquez ici pour d\u00e9couvrir comment bien choisir votre sangle de yoga en fonction de votre pratique, ainsi qu'une s\u00e9lection par Meozen \u2705","robots":{"index":"index","follow":"follow","max-snippet":"max-snippet:-1","max-image-preview":"max-image-preview:large","max-video-preview":"max-video-preview:-1"},"canonical":"https:\/\/meozen.com\/fr\/yoga\/equipement\/accessoires\/sangle\/","og_locale":"fr_FR","og_type":"article","og_title":"Sangle de yoga : La s\u00e9lection Meozen","og_description":"\u27bd\u00a0Cliquez ici pour d\u00e9couvrir comment bien choisir votre sangle de yoga en fonction de votre pratique, ainsi qu'une s\u00e9lection par Meozen \u2705","og_url":"https:\/\/meozen.com\/fr\/yoga\/equipement\/accessoires\/sangle\/","og_site_name":"Meozen - Votre portail bien-\u00eatre","article_publisher":"https:\/\/www.facebook.com\/MeozenFr\/","article_modified_time":"2023-08-14T20:46:22+00:00","og_image":[{"width":1000,"height":563,"url":"https:\/\/meozen.com\/fr\/wp-content\/uploads\/sites\/2\/2021\/10\/sangle-de-yoga-meozen.jpg","type":"image\/jpeg"}],"twitter_card":"summary_large_image","twitter_misc":{"Dur\u00e9e de lecture estim\u00e9e":"3 minutes"},"schema":{"@context":"https:\/\/schema.org","@graph":[{"@type":"WebPage","@id":"https:\/\/meozen.com\/fr\/yoga\/equipement\/accessoires\/sangle\/","url":"https:\/\/meozen.com\/fr\/yoga\/equipement\/accessoires\/sangle\/","name":"Sangle de yoga : La s\u00e9lection Meozen","isPartOf":{"@id":"https:\/\/meozen.com\/fr\/#website"},"primaryImageOfPage":{"@id":"https:\/\/meozen.com\/fr\/yoga\/equipement\/accessoires\/sangle\/#primaryimage"},"image":{"@id":"https:\/\/meozen.com\/fr\/yoga\/equipement\/accessoires\/sangle\/#primaryimage"},"thumbnailUrl":"https:\/\/meozen.com\/fr\/wp-content\/uploads\/sites\/2\/2021\/10\/sangle-de-yoga-meozen.jpg","datePublished":"2021-10-14T17:05:31+00:00","dateModified":"2023-08-14T20:46:22+00:00","description":"\u27bd\u00a0Cliquez ici pour d\u00e9couvrir comment bien choisir votre sangle de yoga en fonction de votre pratique, ainsi qu'une s\u00e9lection par Meozen \u2705","breadcrumb":{"@id":"https:\/\/meozen.com\/fr\/yoga\/equipement\/accessoires\/sangle\/#breadcrumb"},"inLanguage":"fr-FR","potentialAction":[{"@type":"ReadAction","target":["https:\/\/meozen.com\/fr\/yoga\/equipement\/accessoires\/sangle\/"]}]},{"@type":"ImageObject","inLanguage":"fr-FR","@id":"https:\/\/meozen.com\/fr\/yoga\/equipement\/accessoires\/sangle\/#primaryimage","url":"https:\/\/meozen.com\/fr\/wp-content\/uploads\/sites\/2\/2021\/10\/sangle-de-yoga-meozen.jpg","contentUrl":"https:\/\/meozen.com\/fr\/wp-content\/uploads\/sites\/2\/2021\/10\/sangle-de-yoga-meozen.jpg","width":1000,"height":563,"caption":"Illustration montrant divers accessoires de yoga, accompagn\u00e9 de la mention : \"Les meilleures sangles de yoga : la s\u00e9lection Meozen\""},{"@type":"BreadcrumbList","@id":"https:\/\/meozen.com\/fr\/yoga\/equipement\/accessoires\/sangle\/#breadcrumb","itemListElement":[{"@type":"ListItem","position":1,"name":"Accueil","item":"https:\/\/meozen.com\/fr\/"},{"@type":"ListItem","position":2,"name":"Yoga : Tout savoir sur cette pratique","item":"https:\/\/meozen.com\/fr\/yoga\/"},{"@type":"ListItem","position":3,"name":"\u00c9quipement yoga : Bien s&#8217;\u00e9quiper pour pratiquer","item":"https:\/\/meozen.com\/fr\/yoga\/equipement\/"},{"@type":"ListItem","position":4,"name":"Accessoires yoga : Quel mat\u00e9riel n\u00e9cessaire \u00e0 la pratique du yoga ?","item":"https:\/\/meozen.com\/fr\/yoga\/equipement\/accessoires\/"},{"@type":"ListItem","position":5,"name":"Sangle de yoga : La s\u00e9lection Meozen"}]},{"@type":"WebSite","@id":"https:\/\/meozen.com\/fr\/#website","url":"https:\/\/meozen.com\/fr\/","name":"Meozen - Votre portail bien-\u00eatre","description":"D\u00e9couvrez tout l&#039;univers du bien-\u00eatre, yoga, m\u00e9ditation, trouvez les meilleures retraites et formations bien-\u00eatre","publisher":{"@id":"https:\/\/meozen.com\/fr\/#organization"},"potentialAction":[{"@type":"SearchAction","target":{"@type":"EntryPoint","urlTemplate":"https:\/\/meozen.com\/fr\/?s={search_term_string}"},"query-input":{"@type":"PropertyValueSpecification","valueRequired":true,"valueName":"search_term_string"}}],"inLanguage":"fr-FR"},{"@type":"Organization","@id":"https:\/\/meozen.com\/fr\/#organization","name":"Meozen","url":"https:\/\/meozen.com\/fr\/","logo":{"@type":"ImageObject","inLanguage":"fr-FR","@id":"https:\/\/meozen.com\/fr\/#\/schema\/logo\/image\/","url":"https:\/\/meozen.com\/fr\/wp-content\/uploads\/sites\/2\/2021\/06\/logo-meozen-push.jpg","contentUrl":"https:\/\/meozen.com\/fr\/wp-content\/uploads\/sites\/2\/2021\/06\/logo-meozen-push.jpg","width":384,"height":384,"caption":"Meozen"},"image":{"@id":"https:\/\/meozen.com\/fr\/#\/schema\/logo\/image\/"},"sameAs":["https:\/\/www.facebook.com\/MeozenFr\/","https:\/\/www.pinterest.fr\/meozen_officiel\/","https:\/\/www.instagram.com\/meozen_officiel\/"]}]}},"_links":{"self":[{"href":"https:\/\/meozen.com\/fr\/wp-json\/wp\/v2\/pages\/3037","targetHints":{"allow":["GET"]}}],"collection":[{"href":"https:\/\/meozen.com\/fr\/wp-json\/wp\/v2\/pages"}],"about":[{"href":"https:\/\/meozen.com\/fr\/wp-json\/wp\/v2\/types\/page"}],"author":[{"embeddable":true,"href":"https:\/\/meozen.com\/fr\/wp-json\/wp\/v2\/users\/3"}],"replies":[{"embeddable":true,"href":"https:\/\/meozen.com\/fr\/wp-json\/wp\/v2\/comments?post=3037"}],"version-history":[{"count":0,"href":"https:\/\/meozen.com\/fr\/wp-json\/wp\/v2\/pages\/3037\/revisions"}],"up":[{"embeddable":true,"href":"https:\/\/meozen.com\/fr\/wp-json\/wp\/v2\/pages\/384"}],"wp:featuredmedia":[{"embeddable":true,"href":"https:\/\/meozen.com\/fr\/wp-json\/wp\/v2\/media\/3058"}],"wp:attachment":[{"href":"https:\/\/meozen.com\/fr\/wp-json\/wp\/v2\/media?parent=3037"}],"curies":[{"name":"wp","href":"https:\/\/api.w.org\/{rel}","templated":true}]}}