{"id":3422,"date":"2021-11-01T17:28:12","date_gmt":"2021-11-01T16:28:12","guid":{"rendered":"https:\/\/meozen.com\/fr\/?page_id=3422"},"modified":"2023-08-14T22:46:26","modified_gmt":"2023-08-14T20:46:26","slug":"deroulement-seance","status":"publish","type":"page","link":"https:\/\/meozen.com\/fr\/yoga\/nidra\/deroulement-seance\/","title":{"rendered":"Yoga Nidra : D\u00e9couvrez le d\u00e9roulement d&rsquo;une s\u00e9ance"},"content":{"rendered":"\n<p>La pratique d&rsquo;une s\u00e9ance de <a href=\"https:\/\/meozen.com\/fr\/yoga\/nidra\/\">Yoga Nidra<\/a> se fait en plusieurs \u00e9tapes, de la pr\u00e9paration, \u00e0 l&rsquo;exp\u00e9rience. Afin de vous aider \u00e0 pr\u00e9parer une session, voici les&nbsp;huit \u00e9tapes&nbsp;d\u2019un cours de Yoga Nidra, tel qu&rsquo;enseign\u00e9 en Inde (pour les d\u00e9butants, nous pr\u00e9conisons de s\u2019arr\u00eater \u00e0 la cinqui\u00e8me \u00e9tape).<\/p>\n\n\n\n<h2 class=\"wp-block-heading\">1. Pr\u00e9paration (5-10 minutes)<\/h2>\n\n\n\n<p>On se pr\u00e9pare en position Shavasanah : mains sur le c\u00f4t\u00e9, paumes de mains ouvertes, couverture sur le corps, bolster sous la t\u00eate. Tout doit \u00eatre fait pour le confort, rien ne doit \u00eatre perturb\u00e9 au cours de la s\u00e9ance. Gardez \u00e0 c\u00f4t\u00e9 de vous juste le n\u00e9cessaire qui est susceptible d\u2019\u00eatre utilis\u00e9 pour cette m\u00e9ditation.<\/p>\n\n\n\n<p>Commencez \u00e0 r\u00e9veiller l\u2019int\u00e9r\u00eat pour les sons autour de vous, mais \u00e9galement ceux venant de l\u2019int\u00e9rieur (battements de c\u0153ur, respirations, circulation sanguine).<\/p>\n\n\n\n<p>Essayez de ne pas vous endormir pendant la s\u00e9ance.&nbsp;<\/p>\n\n\n\n<h2 class=\"wp-block-heading\">2. Avanc\u00e9 : Sankalpa (2 minutes)<\/h2>\n\n\n\n<p>Sankalpa est une promesse que l\u2019on fait \u00e0 nous m\u00eame, et de laquelle on ne peut se d\u00e9filer. Tout le monde est libre de choisir ces propres Sankalpa, mais ils sont toujours les m\u00eames jusqu\u2019\u00e0 ce qu\u2019ils soient accomplis.<\/p>\n\n\n\n<p>Il ne faut pas utiliser de formule n\u00e9gative telle que \u201cje ne fumerai pas\u201d, car c\u2019est regarder ce qu\u2019on ne veut pas, plut\u00f4t que ce que l\u2019on veut. Il faut choisir quelque chose qui est atteignable pour nous, et qui ne soit pas trop \u00e9loign\u00e9 en terme temporel. Gardez votre r\u00e9solution secr\u00e8te, juste pour vous.<\/p>\n\n\n\n<p>On peut tout demander sauf demander des choses qui sous entendent une comparaison avec une autre personne, comme devenir plus riche que quelqu\u2019un d\u2019autre.<\/p>\n\n\n\n<h2 class=\"wp-block-heading\">3. Rotation de la conscience (10-20 minutes)<\/h2>\n\n\n\n<p>C\u2019est ce que l\u2019on appelle le scan corporel, il permet de remonter ses pranas.<\/p>\n\n\n\n<p>On commence ainsi par le c\u00f4t\u00e9 droit et on apporte sa reconnaissance au niveau de chaque partie du corps (jambe enti\u00e8re, bras, dos, \u00e9paules, pieds, visages, etc). On fait pareil avec le c\u00f4t\u00e9 gauche.<\/p>\n\n\n\n<h2 class=\"wp-block-heading\">4. Conscience de la respiration (5-20 minutes)<\/h2>\n\n\n\n<p>Dans cette \u00e9tape, on doit voir qu\u2019on respire bien, que l\u2019air passe par les narines. On demande alors de compter \u00e0 l\u2019envers les respirations car cela permet de rester \u00e9veill\u00e9. Une astuce est de dire dans la t\u00eate : \u201cje respire 21\u201d, \u201d j\u2019expire 21\u2033, \u201cje respire 20\u201d, \u201cj\u2019expire 20\u201d, etc.<\/p>\n\n\n\n<p>Prendre conscience de sa respiration de cette mani\u00e8re peut \u00eatre assimil\u00e9 aux Pranayamas.<\/p>\n\n\n\n<h2 class=\"wp-block-heading\">5. Avanc\u00e9 : manifestation des oppos\u00e9s (4-12 minutes)<\/h2>\n\n\n\n<p>Rester toujours le m\u00eame en toutes conditions est appel\u00e9 <a class=\"wpil_keyword_link\" href=\"https:\/\/meozen.com\/fr\/yoga\/\"   title=\"Yoga\" data-wpil-keyword-link=\"linked\">Yoga<\/a>. Il ne faut pas se laisser influencer par les \u00e9v\u00e9nements de la vie, et garder la pratique telle qu\u2019elle est.<\/p>\n\n\n\n<p>Ainsi, en Yoga Nidra on demande aux personnes dans la pratique de se rappeler d\u2019un souvenir (un pour chaque) li\u00e9 \u00e0 ces sentiments :<\/p>\n\n\n\n<ul class=\"wp-block-list\"><li>Yogis Interm\u00e9diaires : Chaud \/ Froid , Lourd \/ L\u00e9ger , Douleur \/ Plaisir<\/li><li>Yogis Avanc\u00e9 : Joie \/ Peine \/ Joie (pour contrebalancer le souvenir n\u00e9gatif. Peut-\u00eatre le m\u00eame souvenir heureux ou un diff\u00e9rent. Une autre possibilit\u00e9 est de faire simplement triste et heureux).<\/li><\/ul>\n\n\n\n<p>Dans tous ces cas, on doit rester l\u2019observateur impartial de ces souvenirs. On reste dans le souvenir pendant 2 minutes \u00e0 chaque fois.<\/p>\n\n\n\n<h2 class=\"wp-block-heading\">6. Visualisation (2 \u00e0 20 minutes)<\/h2>\n\n\n\n<p>Les instructions de visualisation sont diff\u00e9rentes en fonctions de si on a un groupe de d\u00e9butants ou avanc\u00e9s :<\/p>\n\n\n\n<ul class=\"wp-block-list\"><li>D\u00e9butant : on dit n\u2019importe quel objet qui nous vient \u00e0 l\u2019esprit. Il faut que ce soit facile \u00e0 identifier.<\/li><li>Interm\u00e9diaire : On commence \u00e0 raconter des histoires (on se balade dans les montagnes, on voit le lever du soleil, puis un arc-en-ciel, etc).<\/li><li>Avanc\u00e9 : on peut faire apprendre aux gens gr\u00e2ce au Yoga Nidra. On met des notions dans la m\u00e9ditation.<\/li><\/ul>\n\n\n\n<h2 class=\"wp-block-heading\">7. Avanc\u00e9 : Sankalpa (2 minutes)<\/h2>\n\n\n\n<p>Identique \u00e0 l\u2019\u00e9tape deux : on r\u00e9p\u00e8te trois fois notre Sankalpa. Cela signant la fin de l\u2019ascension, on assimile ce deuxi\u00e8me Sankalpa a Dhayana et Samadhi.<\/p>\n\n\n\n<h2 class=\"wp-block-heading\">8. Fin (5-10 minutes)<\/h2>\n\n\n\n<p>Il arrive souvent que des personnes s\u2019endorment lors d\u2019un cours ou d\u2019une s\u00e9ance de yoga Nidra. Dans ce cas, on les r\u00e9veille avec les mantras (om et shantih) qui signent la fin du cours. Et si il est toujours endormi, il faudra l\u2019appeler par son pr\u00e9nom, utiliser les singing bowls et claquer des doigts. De fait, on ne le touche pas car le toucher peut \u00eatre per\u00e7u comme un choc.<\/p>\n\n\n\n<h2 class=\"wp-block-heading\">Exemple d&rsquo;une s\u00e9ance en vid\u00e9o<\/h2>\n\n\n\n<p><\/p>\n\n\n\n<h3 class=\"wp-block-heading\">Pour aller plus loin :<\/h3>\n\n\n\n<ul class=\"wp-block-list\"><li><a href=\"https:\/\/meozen.com\/fr\/yoga\/nidra\/pratique\/\">O\u00f9 et comment pratiquer le Yoga Nidra ?<\/a><\/li><li><a href=\"https:\/\/meozen.com\/fr\/yoga\/nidra\/tapis-materiel\/\">Quels tapis et mat\u00e9riel acheter pour pratiquer le Yoga Nidra ?<\/a><\/li><li>D\u00e9couvrir les retraites de Yoga Nidra<\/li><li><a href=\"https:\/\/meozen.com\/fr\/yoga\/nidra\/comment-devenir-professeur\/\">Comment devenir professeur de Yoga Nidra?<\/a><\/li><\/ul>\n\n\n\n<p><\/p>\n\n\n\n<p><em>Cette page a \u00e9t\u00e9 r\u00e9dig\u00e9e par Alexandre Missonnier, professeur de Yoga doux, m\u00e9ditation et sonoth\u00e9rapie certifi\u00e9.<\/em><\/p>\n","protected":false},"excerpt":{"rendered":"<p>La pratique d&rsquo;une s\u00e9ance de Yoga Nidra se fait en plusieurs \u00e9tapes, de la pr\u00e9paration, \u00e0 l&rsquo;exp\u00e9rience. Afin de vous aider \u00e0 pr\u00e9parer une session, voici les&nbsp;huit \u00e9tapes&nbsp;d\u2019un cours de Yoga Nidra, tel qu&rsquo;enseign\u00e9 en Inde (pour les d\u00e9butants, nous pr\u00e9conisons de s\u2019arr\u00eater \u00e0 la cinqui\u00e8me \u00e9tape). 1. Pr\u00e9paration (5-10 minutes) On se pr\u00e9pare en [&hellip;]<\/p>\n","protected":false},"author":3,"featured_media":3426,"parent":791,"menu_order":0,"comment_status":"closed","ping_status":"closed","template":"","meta":{"_mo_disable_npp":"","footnotes":""},"class_list":["post-3422","page","type-page","status-publish","has-post-thumbnail","hentry"],"yoast_head":"<!-- This site is optimized with the Yoast SEO plugin v26.8 - https:\/\/yoast.com\/product\/yoast-seo-wordpress\/ -->\n<title>Yoga Nidra : d\u00e9couvrez le d\u00e9roulement d&#039;une s\u00e9ance - Meozen<\/title>\n<meta name=\"description\" content=\"\u27bd D\u00e9couvrez les 8 \u00e9tapes composant les s\u00e9ances de Yoga Nidra, tel qu&#039;enseign\u00e9 dans les Ashrams en Inde. \u00c9crit par un professeur de Yoga Meozen \u2705\" \/>\n<meta name=\"robots\" content=\"index, follow, max-snippet:-1, max-image-preview:large, max-video-preview:-1\" \/>\n<link rel=\"canonical\" href=\"https:\/\/meozen.com\/fr\/yoga\/nidra\/deroulement-seance\/\" \/>\n<meta property=\"og:locale\" content=\"fr_FR\" \/>\n<meta property=\"og:type\" content=\"article\" \/>\n<meta property=\"og:title\" content=\"Yoga Nidra : d\u00e9couvrez le d\u00e9roulement d&#039;une s\u00e9ance - Meozen\" \/>\n<meta property=\"og:description\" content=\"\u27bd D\u00e9couvrez les 8 \u00e9tapes composant les s\u00e9ances de Yoga Nidra, tel qu&#039;enseign\u00e9 dans les Ashrams en Inde. \u00c9crit par un professeur de Yoga Meozen \u2705\" \/>\n<meta property=\"og:url\" content=\"https:\/\/meozen.com\/fr\/yoga\/nidra\/deroulement-seance\/\" \/>\n<meta property=\"og:site_name\" content=\"Meozen - Votre portail bien-\u00eatre\" \/>\n<meta property=\"article:publisher\" content=\"https:\/\/www.facebook.com\/MeozenFr\/\" \/>\n<meta property=\"article:modified_time\" content=\"2023-08-14T20:46:26+00:00\" \/>\n<meta property=\"og:image\" content=\"https:\/\/meozen.com\/fr\/wp-content\/uploads\/sites\/2\/2021\/11\/yoga-nidra-deroulement-seance-meozen.jpg\" \/>\n\t<meta property=\"og:image:width\" content=\"2240\" \/>\n\t<meta property=\"og:image:height\" content=\"1260\" \/>\n\t<meta property=\"og:image:type\" content=\"image\/jpeg\" \/>\n<meta name=\"twitter:card\" content=\"summary_large_image\" \/>\n<meta name=\"twitter:label1\" content=\"Dur\u00e9e de lecture estim\u00e9e\" \/>\n\t<meta name=\"twitter:data1\" content=\"4 minutes\" \/>\n<script type=\"application\/ld+json\" class=\"yoast-schema-graph\">{\"@context\":\"https:\/\/schema.org\",\"@graph\":[{\"@type\":\"WebPage\",\"@id\":\"https:\/\/meozen.com\/fr\/yoga\/nidra\/deroulement-seance\/\",\"url\":\"https:\/\/meozen.com\/fr\/yoga\/nidra\/deroulement-seance\/\",\"name\":\"Yoga Nidra : d\u00e9couvrez le d\u00e9roulement d'une s\u00e9ance - Meozen\",\"isPartOf\":{\"@id\":\"https:\/\/meozen.com\/fr\/#website\"},\"primaryImageOfPage\":{\"@id\":\"https:\/\/meozen.com\/fr\/yoga\/nidra\/deroulement-seance\/#primaryimage\"},\"image\":{\"@id\":\"https:\/\/meozen.com\/fr\/yoga\/nidra\/deroulement-seance\/#primaryimage\"},\"thumbnailUrl\":\"https:\/\/meozen.com\/fr\/wp-content\/uploads\/sites\/2\/2021\/11\/yoga-nidra-deroulement-seance-meozen.jpg\",\"datePublished\":\"2021-11-01T16:28:12+00:00\",\"dateModified\":\"2023-08-14T20:46:26+00:00\",\"description\":\"\u27bd D\u00e9couvrez les 8 \u00e9tapes composant les s\u00e9ances de Yoga Nidra, tel qu'enseign\u00e9 dans les Ashrams en Inde. \u00c9crit par un professeur de Yoga Meozen \u2705\",\"breadcrumb\":{\"@id\":\"https:\/\/meozen.com\/fr\/yoga\/nidra\/deroulement-seance\/#breadcrumb\"},\"inLanguage\":\"fr-FR\",\"potentialAction\":[{\"@type\":\"ReadAction\",\"target\":[\"https:\/\/meozen.com\/fr\/yoga\/nidra\/deroulement-seance\/\"]}]},{\"@type\":\"ImageObject\",\"inLanguage\":\"fr-FR\",\"@id\":\"https:\/\/meozen.com\/fr\/yoga\/nidra\/deroulement-seance\/#primaryimage\",\"url\":\"https:\/\/meozen.com\/fr\/wp-content\/uploads\/sites\/2\/2021\/11\/yoga-nidra-deroulement-seance-meozen.jpg\",\"contentUrl\":\"https:\/\/meozen.com\/fr\/wp-content\/uploads\/sites\/2\/2021\/11\/yoga-nidra-deroulement-seance-meozen.jpg\",\"width\":2240,\"height\":1260,\"caption\":\"Yogi allong\u00e9 en shavasanah (posture de yoga), lors d'une s\u00e9ance de Yoga Nidra, accompagn\u00e9 de la mention suivante : \\\"Les 8 \u00e9tapes d'une s\u00e9ance de Yoga Nidra avec Meozen\\\"\"},{\"@type\":\"BreadcrumbList\",\"@id\":\"https:\/\/meozen.com\/fr\/yoga\/nidra\/deroulement-seance\/#breadcrumb\",\"itemListElement\":[{\"@type\":\"ListItem\",\"position\":1,\"name\":\"Accueil\",\"item\":\"https:\/\/meozen.com\/fr\/\"},{\"@type\":\"ListItem\",\"position\":2,\"name\":\"Yoga : Tout savoir sur cette pratique\",\"item\":\"https:\/\/meozen.com\/fr\/yoga\/\"},{\"@type\":\"ListItem\",\"position\":3,\"name\":\"Yoga Nidra : Tout savoir sur le yoga du sommeil\",\"item\":\"https:\/\/meozen.com\/fr\/yoga\/nidra\/\"},{\"@type\":\"ListItem\",\"position\":4,\"name\":\"Yoga Nidra : D\u00e9couvrez le d\u00e9roulement d&#8217;une s\u00e9ance\"}]},{\"@type\":\"WebSite\",\"@id\":\"https:\/\/meozen.com\/fr\/#website\",\"url\":\"https:\/\/meozen.com\/fr\/\",\"name\":\"Meozen - Votre portail bien-\u00eatre\",\"description\":\"D\u00e9couvrez tout l&#039;univers du bien-\u00eatre, yoga, m\u00e9ditation, trouvez les meilleures retraites et formations bien-\u00eatre\",\"publisher\":{\"@id\":\"https:\/\/meozen.com\/fr\/#organization\"},\"potentialAction\":[{\"@type\":\"SearchAction\",\"target\":{\"@type\":\"EntryPoint\",\"urlTemplate\":\"https:\/\/meozen.com\/fr\/?s={search_term_string}\"},\"query-input\":{\"@type\":\"PropertyValueSpecification\",\"valueRequired\":true,\"valueName\":\"search_term_string\"}}],\"inLanguage\":\"fr-FR\"},{\"@type\":\"Organization\",\"@id\":\"https:\/\/meozen.com\/fr\/#organization\",\"name\":\"Meozen\",\"url\":\"https:\/\/meozen.com\/fr\/\",\"logo\":{\"@type\":\"ImageObject\",\"inLanguage\":\"fr-FR\",\"@id\":\"https:\/\/meozen.com\/fr\/#\/schema\/logo\/image\/\",\"url\":\"https:\/\/meozen.com\/fr\/wp-content\/uploads\/sites\/2\/2021\/06\/logo-meozen-push.jpg\",\"contentUrl\":\"https:\/\/meozen.com\/fr\/wp-content\/uploads\/sites\/2\/2021\/06\/logo-meozen-push.jpg\",\"width\":384,\"height\":384,\"caption\":\"Meozen\"},\"image\":{\"@id\":\"https:\/\/meozen.com\/fr\/#\/schema\/logo\/image\/\"},\"sameAs\":[\"https:\/\/www.facebook.com\/MeozenFr\/\",\"https:\/\/www.pinterest.fr\/meozen_officiel\/\",\"https:\/\/www.instagram.com\/meozen_officiel\/\"]}]}<\/script>\n<!-- \/ Yoast SEO plugin. -->","yoast_head_json":{"title":"Yoga Nidra : d\u00e9couvrez le d\u00e9roulement d'une s\u00e9ance - Meozen","description":"\u27bd D\u00e9couvrez les 8 \u00e9tapes composant les s\u00e9ances de Yoga Nidra, tel qu'enseign\u00e9 dans les Ashrams en Inde. \u00c9crit par un professeur de Yoga Meozen \u2705","robots":{"index":"index","follow":"follow","max-snippet":"max-snippet:-1","max-image-preview":"max-image-preview:large","max-video-preview":"max-video-preview:-1"},"canonical":"https:\/\/meozen.com\/fr\/yoga\/nidra\/deroulement-seance\/","og_locale":"fr_FR","og_type":"article","og_title":"Yoga Nidra : d\u00e9couvrez le d\u00e9roulement d'une s\u00e9ance - Meozen","og_description":"\u27bd D\u00e9couvrez les 8 \u00e9tapes composant les s\u00e9ances de Yoga Nidra, tel qu'enseign\u00e9 dans les Ashrams en Inde. \u00c9crit par un professeur de Yoga Meozen \u2705","og_url":"https:\/\/meozen.com\/fr\/yoga\/nidra\/deroulement-seance\/","og_site_name":"Meozen - Votre portail bien-\u00eatre","article_publisher":"https:\/\/www.facebook.com\/MeozenFr\/","article_modified_time":"2023-08-14T20:46:26+00:00","og_image":[{"width":2240,"height":1260,"url":"https:\/\/meozen.com\/fr\/wp-content\/uploads\/sites\/2\/2021\/11\/yoga-nidra-deroulement-seance-meozen.jpg","type":"image\/jpeg"}],"twitter_card":"summary_large_image","twitter_misc":{"Dur\u00e9e de lecture estim\u00e9e":"4 minutes"},"schema":{"@context":"https:\/\/schema.org","@graph":[{"@type":"WebPage","@id":"https:\/\/meozen.com\/fr\/yoga\/nidra\/deroulement-seance\/","url":"https:\/\/meozen.com\/fr\/yoga\/nidra\/deroulement-seance\/","name":"Yoga Nidra : d\u00e9couvrez le d\u00e9roulement d'une s\u00e9ance - Meozen","isPartOf":{"@id":"https:\/\/meozen.com\/fr\/#website"},"primaryImageOfPage":{"@id":"https:\/\/meozen.com\/fr\/yoga\/nidra\/deroulement-seance\/#primaryimage"},"image":{"@id":"https:\/\/meozen.com\/fr\/yoga\/nidra\/deroulement-seance\/#primaryimage"},"thumbnailUrl":"https:\/\/meozen.com\/fr\/wp-content\/uploads\/sites\/2\/2021\/11\/yoga-nidra-deroulement-seance-meozen.jpg","datePublished":"2021-11-01T16:28:12+00:00","dateModified":"2023-08-14T20:46:26+00:00","description":"\u27bd D\u00e9couvrez les 8 \u00e9tapes composant les s\u00e9ances de Yoga Nidra, tel qu'enseign\u00e9 dans les Ashrams en Inde. \u00c9crit par un professeur de Yoga Meozen \u2705","breadcrumb":{"@id":"https:\/\/meozen.com\/fr\/yoga\/nidra\/deroulement-seance\/#breadcrumb"},"inLanguage":"fr-FR","potentialAction":[{"@type":"ReadAction","target":["https:\/\/meozen.com\/fr\/yoga\/nidra\/deroulement-seance\/"]}]},{"@type":"ImageObject","inLanguage":"fr-FR","@id":"https:\/\/meozen.com\/fr\/yoga\/nidra\/deroulement-seance\/#primaryimage","url":"https:\/\/meozen.com\/fr\/wp-content\/uploads\/sites\/2\/2021\/11\/yoga-nidra-deroulement-seance-meozen.jpg","contentUrl":"https:\/\/meozen.com\/fr\/wp-content\/uploads\/sites\/2\/2021\/11\/yoga-nidra-deroulement-seance-meozen.jpg","width":2240,"height":1260,"caption":"Yogi allong\u00e9 en shavasanah (posture de yoga), lors d'une s\u00e9ance de Yoga Nidra, accompagn\u00e9 de la mention suivante : \"Les 8 \u00e9tapes d'une s\u00e9ance de Yoga Nidra avec Meozen\""},{"@type":"BreadcrumbList","@id":"https:\/\/meozen.com\/fr\/yoga\/nidra\/deroulement-seance\/#breadcrumb","itemListElement":[{"@type":"ListItem","position":1,"name":"Accueil","item":"https:\/\/meozen.com\/fr\/"},{"@type":"ListItem","position":2,"name":"Yoga : Tout savoir sur cette pratique","item":"https:\/\/meozen.com\/fr\/yoga\/"},{"@type":"ListItem","position":3,"name":"Yoga Nidra : Tout savoir sur le yoga du sommeil","item":"https:\/\/meozen.com\/fr\/yoga\/nidra\/"},{"@type":"ListItem","position":4,"name":"Yoga Nidra : D\u00e9couvrez le d\u00e9roulement d&#8217;une s\u00e9ance"}]},{"@type":"WebSite","@id":"https:\/\/meozen.com\/fr\/#website","url":"https:\/\/meozen.com\/fr\/","name":"Meozen - Votre portail bien-\u00eatre","description":"D\u00e9couvrez tout l&#039;univers du bien-\u00eatre, yoga, m\u00e9ditation, trouvez les meilleures retraites et formations bien-\u00eatre","publisher":{"@id":"https:\/\/meozen.com\/fr\/#organization"},"potentialAction":[{"@type":"SearchAction","target":{"@type":"EntryPoint","urlTemplate":"https:\/\/meozen.com\/fr\/?s={search_term_string}"},"query-input":{"@type":"PropertyValueSpecification","valueRequired":true,"valueName":"search_term_string"}}],"inLanguage":"fr-FR"},{"@type":"Organization","@id":"https:\/\/meozen.com\/fr\/#organization","name":"Meozen","url":"https:\/\/meozen.com\/fr\/","logo":{"@type":"ImageObject","inLanguage":"fr-FR","@id":"https:\/\/meozen.com\/fr\/#\/schema\/logo\/image\/","url":"https:\/\/meozen.com\/fr\/wp-content\/uploads\/sites\/2\/2021\/06\/logo-meozen-push.jpg","contentUrl":"https:\/\/meozen.com\/fr\/wp-content\/uploads\/sites\/2\/2021\/06\/logo-meozen-push.jpg","width":384,"height":384,"caption":"Meozen"},"image":{"@id":"https:\/\/meozen.com\/fr\/#\/schema\/logo\/image\/"},"sameAs":["https:\/\/www.facebook.com\/MeozenFr\/","https:\/\/www.pinterest.fr\/meozen_officiel\/","https:\/\/www.instagram.com\/meozen_officiel\/"]}]}},"_links":{"self":[{"href":"https:\/\/meozen.com\/fr\/wp-json\/wp\/v2\/pages\/3422","targetHints":{"allow":["GET"]}}],"collection":[{"href":"https:\/\/meozen.com\/fr\/wp-json\/wp\/v2\/pages"}],"about":[{"href":"https:\/\/meozen.com\/fr\/wp-json\/wp\/v2\/types\/page"}],"author":[{"embeddable":true,"href":"https:\/\/meozen.com\/fr\/wp-json\/wp\/v2\/users\/3"}],"replies":[{"embeddable":true,"href":"https:\/\/meozen.com\/fr\/wp-json\/wp\/v2\/comments?post=3422"}],"version-history":[{"count":0,"href":"https:\/\/meozen.com\/fr\/wp-json\/wp\/v2\/pages\/3422\/revisions"}],"up":[{"embeddable":true,"href":"https:\/\/meozen.com\/fr\/wp-json\/wp\/v2\/pages\/791"}],"wp:featuredmedia":[{"embeddable":true,"href":"https:\/\/meozen.com\/fr\/wp-json\/wp\/v2\/media\/3426"}],"wp:attachment":[{"href":"https:\/\/meozen.com\/fr\/wp-json\/wp\/v2\/media?parent=3422"}],"curies":[{"name":"wp","href":"https:\/\/api.w.org\/{rel}","templated":true}]}}