{"id":3919,"date":"2021-12-10T15:15:20","date_gmt":"2021-12-10T14:15:20","guid":{"rendered":"https:\/\/meozen.com\/fr\/?page_id=3919"},"modified":"2023-08-14T23:15:51","modified_gmt":"2023-08-14T21:15:51","slug":"tapis-materiel","status":"publish","type":"page","link":"https:\/\/meozen.com\/fr\/yoga\/hatha-yoga\/tapis-materiel\/","title":{"rendered":"Quels tapis et mat\u00e9riel acheter pour pratiquer le Hatha Yoga ?"},"content":{"rendered":"\n<p>Le <strong><a href=\"https:\/\/meozen.com\/fr\/yoga\/types-de-yoga\/doux\/hatha-yoga\/\">Hatha Yoga<\/a><\/strong> est une forme traditionnelle de <strong>yoga<\/strong>. Tr\u00e8s pratiqu\u00e9 en Occident, c\u2019est un yoga doux et accessible \u00e0 un grand nombre de personnes. Pour celles et ceux qui souhaitent d\u00e9buter en Hatha Yoga, voici les <strong>accessoires de yoga indispensables<\/strong> et nos conseils avant d\u2019acheter.<\/p>\n\n\n\n<h2 class=\"wp-block-heading\">1. <strong>Choisir un tapis de yoga adapt\u00e9 au Hatha Yoga<\/strong><\/h2>\n\n\n\n<p>Pour la pratique du Hatha Yoga, il faut avant tout poss\u00e9der un bon tapis de yoga. Il y a plusieurs points sur lesquels vous devez accorder de l\u2019importance :<\/p>\n\n\n\n<ul class=\"wp-block-list\"><li><strong>L\u2019\u00e9paisseur<\/strong> du tapis doit \u00eatre d\u2019au moins 4 mm, de pr\u00e9f\u00e9rence. Une \u00e9paisseur plus importante ne vous rendra pas service pour les postures d\u2019\u00e9quilibre. \u00c0 l\u2019inverse, s\u2019il est plus fin vous ne serez pas pleinement confortable pour les postures au sol.<\/li><\/ul>\n\n\n\n<ul class=\"wp-block-list\"><li><strong>La mati\u00e8re :<\/strong> vous pouvez s\u00e9lectionner un tapis en PVC, en caoutchouc, en li\u00e8ge ou m\u00eame en tissu.<\/li><\/ul>\n\n\n\n<ul class=\"wp-block-list\"><li><strong>L\u2019adh\u00e9rence :<\/strong> une bonne adh\u00e9rence est importante pour \u00e9viter de glisser.<\/li><\/ul>\n\n\n\n<ul class=\"wp-block-list\"><li><strong>Le prix :<\/strong> \u00e9vitez les tapis \u00ab premier prix \u00bb, car il y a des chances que vous ne soyez finalement pas satisfait de la qualit\u00e9. De plus, le tapis est l\u2019\u00e9l\u00e9ment indispensable au <a class=\"wpil_keyword_link\" href=\"https:\/\/meozen.com\/fr\/yoga\/\"   title=\"yoga\" data-wpil-keyword-link=\"linked\">yoga<\/a>. Plut\u00f4t que d\u2019en acheter un deuxi\u00e8me au bout de quelques mois, nous vous conseillons d\u2019y mettre directement un bon prix. Vous pouvez trouver un tapis \u00e0 25 euros qui remplit les crit\u00e8res principaux de s\u00e9lection, mais nous vous d\u00e9conseillons d\u2019y mettre moins. Les prix peuvent aller jusqu\u2019\u00e0 80-90 euros pour les mod\u00e8les les plus avanc\u00e9s.<\/li><\/ul>\n\n\n\n<p><\/p>\n\n\n\n<h3 class=\"wp-block-heading\"><strong>Nettoyer son tapis apr\u00e8s une s\u00e9ance de yoga<\/strong><\/h3>\n\n\n\n<p>Si vous n\u2019utilisez pas de sur-tapis de yoga, pensez \u00e0 vous \u00e9quiper d\u2019un spray nettoyant et d\u00e9sinfectant. Cela deviendra une habitude agr\u00e9able \u00e0 faire apr\u00e8s chaque s\u00e9ance, et vous retrouverez votre tapis comme neuf et avec des senteurs agr\u00e9ables.<\/p>\n\n\n\n<p><\/p>\n\n\n\n<h2 class=\"wp-block-heading\"><strong>2. Sur-tapis de yoga<\/strong><\/h2>\n\n\n\n<p>Si vous avez d\u00e9j\u00e0 un tapis de yoga mais que celui-ci manque d\u2019adh\u00e9rence, nous vous recommandons d\u2019ajouter un sur-tapis pour rectifier cela. En plus d\u2019\u00eatre un atout hygi\u00e9nique, car lavable, il ajoute de l\u2019adh\u00e9rence gr\u00e2ce au tissu souvent en microfibre.<\/p>\n\n\n\n<p><\/p>\n\n\n\n<h2 class=\"wp-block-heading\">3. <strong>Un sac de yoga pour le transport<\/strong><\/h2>\n\n\n\n<p>V\u00e9ritable alli\u00e9 pour transporter votre tapis et vos accessoires, le sac de yoga a la particularit\u00e9 de ressembler \u00e0 un sac cylindrique. Vous pouvez le choisir plus ou moins large en fonction de la quantit\u00e9 de mat\u00e9riel et de v\u00eatements que vous d\u00e9sirez transporter.<\/p>\n\n\n\n<p><\/p>\n\n\n\n<h2 class=\"wp-block-heading\"><strong>4. S\u2019\u00e9quiper d\u2019une sangle<\/strong><\/h2>\n\n\n\n<p>Tr\u00e8s utilis\u00e9e dans le <a class=\"wpil_keyword_link\" href=\"https:\/\/meozen.com\/fr\/yoga\/hatha-yoga\/\"   title=\"Hatha Yoga\" data-wpil-keyword-link=\"linked\">Hatha Yoga<\/a>, vous aurez besoin d\u2019une sangle pour vous aider \u00e0 r\u00e9aliser certaines postures qui n\u00e9cessitent de la souplesse. C\u2019est un accessoire de qualit\u00e9 pour vous aider \u00e0 progresser dans les meilleures conditions.<\/p>\n\n\n\n<p><\/p>\n\n\n\n<h2 class=\"wp-block-heading\"><strong>5. Deux briques de yoga<\/strong><\/h2>\n\n\n\n<p>Vous pourrez avoir \u00e0 utiliser une ou deux briques selon la posture r\u00e9alis\u00e9e. La brique est l\u2019accessoire indispensable pour r\u00e9aliser des asanas stables et confortables. Privil\u00e9giez les briques en mousse pour les postures au sol et les briques en bois ou li\u00e8ge pour les postures debout qui vous offriront un meilleur appui et \u00e9quilibre.&nbsp; Par ailleurs, vos briques se doivent de faire la m\u00eame taille, notamment pour les exercices qui demandent des appuis sym\u00e9triques au niveau du corps.&nbsp;<\/p>\n\n\n\n<p><\/p>\n\n\n\n<h2 class=\"wp-block-heading\">6. <strong>Un bolster<\/strong><\/h2>\n\n\n\n<p>Aussi appel\u00e9 coussin cylindrique, le bolster sert g\u00e9n\u00e9ralement dans les postures de r\u00e9cup\u00e9ration. Il est souvent plac\u00e9 sous le dos, le long de la colonne vert\u00e9brale, mais aussi sous les jambes, plus pr\u00e9cis\u00e9ment sous les articulations des genoux. Il peut aussi servir de coussin de m\u00e9ditation \u00e0 la fin de la s\u00e9ance.<\/p>\n\n\n\n<p>Il permet non seulement plus de confort pour certaines postures, mais aussi de rel\u00e2cher les parties du corps sous lesquelles il est plac\u00e9.<\/p>\n\n\n\n<p><\/p>\n\n\n\n<h2 class=\"wp-block-heading\">7. <strong>Un support de yoga pour \u00e9viter les blessures des genoux et poignets<\/strong><\/h2>\n\n\n\n<p>Pour certaines postures d\u2019appui, ce support permet d&rsquo;oublier les douleurs occasionn\u00e9es aux poignets ou aux genoux. Un v\u00e9ritable pilier pour votre pratique !<\/p>\n\n\n\n<h2 class=\"wp-block-heading\">8. <strong>Une couverture<\/strong><\/h2>\n\n\n\n<p>\u00c0 la fin d\u2019une s\u00e9ance de Hatha, vous terminerez par un moment de relaxation et de m\u00e9ditation, en position Shavasana.<\/p>\n\n\n\n<p>En arr\u00eatant l&rsquo;encha\u00eenement des postures, le corps se refroidit. Alors pour \u00eatre confortable et rester concentr\u00e9e jusqu\u2019au bout, placez une couverture sur vous pour ressentir pleinement les bienfaits de la relaxation.<\/p>\n\n\n\n<p><\/p>\n\n\n\n<p><span style=\"font-weight: 400;\">Avec ces accessoires, vous serez pr\u00eat pour des s\u00e9ances de Hatha Yoga. <\/span><\/p>\n\n\n\n<p><\/p>\n\n\n\n<h3 class=\"wp-block-heading\">Pour aller plus loin :<\/h3>\n\n\n\n<ul class=\"wp-block-list\"><li><a href=\"https:\/\/meozen.com\/fr\/yoga\/hatha-yoga\/pratique\/\">O\u00f9 et comment pratiquer le Hatha Yoga ?<\/a><\/li><li>D\u00e9couvrir les retraites de Hatha Yoga<\/li><li><a href=\"https:\/\/meozen.com\/fr\/yoga\/hatha-yoga\/comment-devenir-professeur\/\">Comment devenir professeur de Hatha Yoga ?<\/a><\/li><\/ul>\n","protected":false},"excerpt":{"rendered":"<p>Le Hatha Yoga est une forme traditionnelle de yoga. Tr\u00e8s pratiqu\u00e9 en Occident, c\u2019est un yoga doux et accessible \u00e0 un grand nombre de personnes. Pour celles et ceux qui souhaitent d\u00e9buter en Hatha Yoga, voici les accessoires de yoga indispensables et nos conseils avant d\u2019acheter. 1. Choisir un tapis de yoga adapt\u00e9 au Hatha [&hellip;]<\/p>\n","protected":false},"author":3,"featured_media":181,"parent":335,"menu_order":0,"comment_status":"closed","ping_status":"closed","template":"","meta":{"_mo_disable_npp":"","footnotes":""},"class_list":["post-3919","page","type-page","status-publish","has-post-thumbnail","hentry"],"yoast_head":"<!-- This site is optimized with the Yoast SEO plugin v26.8 - https:\/\/yoast.com\/product\/yoast-seo-wordpress\/ -->\n<title>Quels tapis et mat\u00e9riel acheter pour pratiquer le Hatha Yoga ?<\/title>\n<meta name=\"robots\" content=\"index, follow, max-snippet:-1, max-image-preview:large, max-video-preview:-1\" \/>\n<link rel=\"canonical\" href=\"https:\/\/meozen.com\/fr\/yoga\/hatha-yoga\/tapis-materiel\/\" \/>\n<meta property=\"og:locale\" content=\"fr_FR\" \/>\n<meta property=\"og:type\" content=\"article\" \/>\n<meta property=\"og:title\" content=\"Quels tapis et mat\u00e9riel acheter pour pratiquer le Hatha Yoga ?\" \/>\n<meta property=\"og:description\" content=\"Le Hatha Yoga est une forme traditionnelle de yoga. Tr\u00e8s pratiqu\u00e9 en Occident, c\u2019est un yoga doux et accessible \u00e0 un grand nombre de personnes. Pour celles et ceux qui souhaitent d\u00e9buter en Hatha Yoga, voici les accessoires de yoga indispensables et nos conseils avant d\u2019acheter. 1. Choisir un tapis de yoga adapt\u00e9 au Hatha [&hellip;]\" \/>\n<meta property=\"og:url\" content=\"https:\/\/meozen.com\/fr\/yoga\/hatha-yoga\/tapis-materiel\/\" \/>\n<meta property=\"og:site_name\" content=\"Meozen - Votre portail bien-\u00eatre\" \/>\n<meta property=\"article:publisher\" content=\"https:\/\/www.facebook.com\/MeozenFr\/\" \/>\n<meta property=\"article:modified_time\" content=\"2023-08-14T21:15:51+00:00\" \/>\n<meta property=\"og:image\" content=\"https:\/\/meozen.com\/fr\/wp-content\/uploads\/sites\/2\/2021\/03\/materiel-accessoires-yoga-meozen-1.jpg\" \/>\n\t<meta property=\"og:image:width\" content=\"670\" \/>\n\t<meta property=\"og:image:height\" content=\"446\" \/>\n\t<meta property=\"og:image:type\" content=\"image\/jpeg\" \/>\n<meta name=\"twitter:card\" content=\"summary_large_image\" \/>\n<meta name=\"twitter:label1\" content=\"Dur\u00e9e de lecture estim\u00e9e\" \/>\n\t<meta name=\"twitter:data1\" content=\"4 minutes\" \/>\n<script type=\"application\/ld+json\" class=\"yoast-schema-graph\">{\"@context\":\"https:\/\/schema.org\",\"@graph\":[{\"@type\":\"WebPage\",\"@id\":\"https:\/\/meozen.com\/fr\/yoga\/hatha-yoga\/tapis-materiel\/\",\"url\":\"https:\/\/meozen.com\/fr\/yoga\/hatha-yoga\/tapis-materiel\/\",\"name\":\"Quels tapis et mat\u00e9riel acheter pour pratiquer le Hatha Yoga ?\",\"isPartOf\":{\"@id\":\"https:\/\/meozen.com\/fr\/#website\"},\"primaryImageOfPage\":{\"@id\":\"https:\/\/meozen.com\/fr\/yoga\/hatha-yoga\/tapis-materiel\/#primaryimage\"},\"image\":{\"@id\":\"https:\/\/meozen.com\/fr\/yoga\/hatha-yoga\/tapis-materiel\/#primaryimage\"},\"thumbnailUrl\":\"https:\/\/meozen.com\/fr\/wp-content\/uploads\/sites\/2\/2021\/03\/materiel-accessoires-yoga-meozen-1.jpg\",\"datePublished\":\"2021-12-10T14:15:20+00:00\",\"dateModified\":\"2023-08-14T21:15:51+00:00\",\"breadcrumb\":{\"@id\":\"https:\/\/meozen.com\/fr\/yoga\/hatha-yoga\/tapis-materiel\/#breadcrumb\"},\"inLanguage\":\"fr-FR\",\"potentialAction\":[{\"@type\":\"ReadAction\",\"target\":[\"https:\/\/meozen.com\/fr\/yoga\/hatha-yoga\/tapis-materiel\/\"]}]},{\"@type\":\"ImageObject\",\"inLanguage\":\"fr-FR\",\"@id\":\"https:\/\/meozen.com\/fr\/yoga\/hatha-yoga\/tapis-materiel\/#primaryimage\",\"url\":\"https:\/\/meozen.com\/fr\/wp-content\/uploads\/sites\/2\/2021\/03\/materiel-accessoires-yoga-meozen-1.jpg\",\"contentUrl\":\"https:\/\/meozen.com\/fr\/wp-content\/uploads\/sites\/2\/2021\/03\/materiel-accessoires-yoga-meozen-1.jpg\",\"width\":670,\"height\":446,\"caption\":\"Aper\u00e7u des accessoires n\u00e9cessaires \u00e0 la pratique du yoga\"},{\"@type\":\"BreadcrumbList\",\"@id\":\"https:\/\/meozen.com\/fr\/yoga\/hatha-yoga\/tapis-materiel\/#breadcrumb\",\"itemListElement\":[{\"@type\":\"ListItem\",\"position\":1,\"name\":\"Accueil\",\"item\":\"https:\/\/meozen.com\/fr\/\"},{\"@type\":\"ListItem\",\"position\":2,\"name\":\"Yoga : Tout savoir sur cette pratique\",\"item\":\"https:\/\/meozen.com\/fr\/yoga\/\"},{\"@type\":\"ListItem\",\"position\":3,\"name\":\"Hatha Yoga : Tout savoir sur ce yoga traditionnel\",\"item\":\"https:\/\/meozen.com\/fr\/yoga\/hatha-yoga\/\"},{\"@type\":\"ListItem\",\"position\":4,\"name\":\"Quels tapis et mat\u00e9riel acheter pour pratiquer le Hatha Yoga ?\"}]},{\"@type\":\"WebSite\",\"@id\":\"https:\/\/meozen.com\/fr\/#website\",\"url\":\"https:\/\/meozen.com\/fr\/\",\"name\":\"Meozen - Votre portail bien-\u00eatre\",\"description\":\"D\u00e9couvrez tout l&#039;univers du bien-\u00eatre, yoga, m\u00e9ditation, trouvez les meilleures retraites et formations bien-\u00eatre\",\"publisher\":{\"@id\":\"https:\/\/meozen.com\/fr\/#organization\"},\"potentialAction\":[{\"@type\":\"SearchAction\",\"target\":{\"@type\":\"EntryPoint\",\"urlTemplate\":\"https:\/\/meozen.com\/fr\/?s={search_term_string}\"},\"query-input\":{\"@type\":\"PropertyValueSpecification\",\"valueRequired\":true,\"valueName\":\"search_term_string\"}}],\"inLanguage\":\"fr-FR\"},{\"@type\":\"Organization\",\"@id\":\"https:\/\/meozen.com\/fr\/#organization\",\"name\":\"Meozen\",\"url\":\"https:\/\/meozen.com\/fr\/\",\"logo\":{\"@type\":\"ImageObject\",\"inLanguage\":\"fr-FR\",\"@id\":\"https:\/\/meozen.com\/fr\/#\/schema\/logo\/image\/\",\"url\":\"https:\/\/meozen.com\/fr\/wp-content\/uploads\/sites\/2\/2021\/06\/logo-meozen-push.jpg\",\"contentUrl\":\"https:\/\/meozen.com\/fr\/wp-content\/uploads\/sites\/2\/2021\/06\/logo-meozen-push.jpg\",\"width\":384,\"height\":384,\"caption\":\"Meozen\"},\"image\":{\"@id\":\"https:\/\/meozen.com\/fr\/#\/schema\/logo\/image\/\"},\"sameAs\":[\"https:\/\/www.facebook.com\/MeozenFr\/\",\"https:\/\/www.pinterest.fr\/meozen_officiel\/\",\"https:\/\/www.instagram.com\/meozen_officiel\/\"]}]}<\/script>\n<!-- \/ Yoast SEO plugin. -->","yoast_head_json":{"title":"Quels tapis et mat\u00e9riel acheter pour pratiquer le Hatha Yoga ?","robots":{"index":"index","follow":"follow","max-snippet":"max-snippet:-1","max-image-preview":"max-image-preview:large","max-video-preview":"max-video-preview:-1"},"canonical":"https:\/\/meozen.com\/fr\/yoga\/hatha-yoga\/tapis-materiel\/","og_locale":"fr_FR","og_type":"article","og_title":"Quels tapis et mat\u00e9riel acheter pour pratiquer le Hatha Yoga ?","og_description":"Le Hatha Yoga est une forme traditionnelle de yoga. Tr\u00e8s pratiqu\u00e9 en Occident, c\u2019est un yoga doux et accessible \u00e0 un grand nombre de personnes. Pour celles et ceux qui souhaitent d\u00e9buter en Hatha Yoga, voici les accessoires de yoga indispensables et nos conseils avant d\u2019acheter. 1. Choisir un tapis de yoga adapt\u00e9 au Hatha [&hellip;]","og_url":"https:\/\/meozen.com\/fr\/yoga\/hatha-yoga\/tapis-materiel\/","og_site_name":"Meozen - Votre portail bien-\u00eatre","article_publisher":"https:\/\/www.facebook.com\/MeozenFr\/","article_modified_time":"2023-08-14T21:15:51+00:00","og_image":[{"width":670,"height":446,"url":"https:\/\/meozen.com\/fr\/wp-content\/uploads\/sites\/2\/2021\/03\/materiel-accessoires-yoga-meozen-1.jpg","type":"image\/jpeg"}],"twitter_card":"summary_large_image","twitter_misc":{"Dur\u00e9e de lecture estim\u00e9e":"4 minutes"},"schema":{"@context":"https:\/\/schema.org","@graph":[{"@type":"WebPage","@id":"https:\/\/meozen.com\/fr\/yoga\/hatha-yoga\/tapis-materiel\/","url":"https:\/\/meozen.com\/fr\/yoga\/hatha-yoga\/tapis-materiel\/","name":"Quels tapis et mat\u00e9riel acheter pour pratiquer le Hatha Yoga ?","isPartOf":{"@id":"https:\/\/meozen.com\/fr\/#website"},"primaryImageOfPage":{"@id":"https:\/\/meozen.com\/fr\/yoga\/hatha-yoga\/tapis-materiel\/#primaryimage"},"image":{"@id":"https:\/\/meozen.com\/fr\/yoga\/hatha-yoga\/tapis-materiel\/#primaryimage"},"thumbnailUrl":"https:\/\/meozen.com\/fr\/wp-content\/uploads\/sites\/2\/2021\/03\/materiel-accessoires-yoga-meozen-1.jpg","datePublished":"2021-12-10T14:15:20+00:00","dateModified":"2023-08-14T21:15:51+00:00","breadcrumb":{"@id":"https:\/\/meozen.com\/fr\/yoga\/hatha-yoga\/tapis-materiel\/#breadcrumb"},"inLanguage":"fr-FR","potentialAction":[{"@type":"ReadAction","target":["https:\/\/meozen.com\/fr\/yoga\/hatha-yoga\/tapis-materiel\/"]}]},{"@type":"ImageObject","inLanguage":"fr-FR","@id":"https:\/\/meozen.com\/fr\/yoga\/hatha-yoga\/tapis-materiel\/#primaryimage","url":"https:\/\/meozen.com\/fr\/wp-content\/uploads\/sites\/2\/2021\/03\/materiel-accessoires-yoga-meozen-1.jpg","contentUrl":"https:\/\/meozen.com\/fr\/wp-content\/uploads\/sites\/2\/2021\/03\/materiel-accessoires-yoga-meozen-1.jpg","width":670,"height":446,"caption":"Aper\u00e7u des accessoires n\u00e9cessaires \u00e0 la pratique du yoga"},{"@type":"BreadcrumbList","@id":"https:\/\/meozen.com\/fr\/yoga\/hatha-yoga\/tapis-materiel\/#breadcrumb","itemListElement":[{"@type":"ListItem","position":1,"name":"Accueil","item":"https:\/\/meozen.com\/fr\/"},{"@type":"ListItem","position":2,"name":"Yoga : Tout savoir sur cette pratique","item":"https:\/\/meozen.com\/fr\/yoga\/"},{"@type":"ListItem","position":3,"name":"Hatha Yoga : Tout savoir sur ce yoga traditionnel","item":"https:\/\/meozen.com\/fr\/yoga\/hatha-yoga\/"},{"@type":"ListItem","position":4,"name":"Quels tapis et mat\u00e9riel acheter pour pratiquer le Hatha Yoga ?"}]},{"@type":"WebSite","@id":"https:\/\/meozen.com\/fr\/#website","url":"https:\/\/meozen.com\/fr\/","name":"Meozen - Votre portail bien-\u00eatre","description":"D\u00e9couvrez tout l&#039;univers du bien-\u00eatre, yoga, m\u00e9ditation, trouvez les meilleures retraites et formations bien-\u00eatre","publisher":{"@id":"https:\/\/meozen.com\/fr\/#organization"},"potentialAction":[{"@type":"SearchAction","target":{"@type":"EntryPoint","urlTemplate":"https:\/\/meozen.com\/fr\/?s={search_term_string}"},"query-input":{"@type":"PropertyValueSpecification","valueRequired":true,"valueName":"search_term_string"}}],"inLanguage":"fr-FR"},{"@type":"Organization","@id":"https:\/\/meozen.com\/fr\/#organization","name":"Meozen","url":"https:\/\/meozen.com\/fr\/","logo":{"@type":"ImageObject","inLanguage":"fr-FR","@id":"https:\/\/meozen.com\/fr\/#\/schema\/logo\/image\/","url":"https:\/\/meozen.com\/fr\/wp-content\/uploads\/sites\/2\/2021\/06\/logo-meozen-push.jpg","contentUrl":"https:\/\/meozen.com\/fr\/wp-content\/uploads\/sites\/2\/2021\/06\/logo-meozen-push.jpg","width":384,"height":384,"caption":"Meozen"},"image":{"@id":"https:\/\/meozen.com\/fr\/#\/schema\/logo\/image\/"},"sameAs":["https:\/\/www.facebook.com\/MeozenFr\/","https:\/\/www.pinterest.fr\/meozen_officiel\/","https:\/\/www.instagram.com\/meozen_officiel\/"]}]}},"_links":{"self":[{"href":"https:\/\/meozen.com\/fr\/wp-json\/wp\/v2\/pages\/3919","targetHints":{"allow":["GET"]}}],"collection":[{"href":"https:\/\/meozen.com\/fr\/wp-json\/wp\/v2\/pages"}],"about":[{"href":"https:\/\/meozen.com\/fr\/wp-json\/wp\/v2\/types\/page"}],"author":[{"embeddable":true,"href":"https:\/\/meozen.com\/fr\/wp-json\/wp\/v2\/users\/3"}],"replies":[{"embeddable":true,"href":"https:\/\/meozen.com\/fr\/wp-json\/wp\/v2\/comments?post=3919"}],"version-history":[{"count":0,"href":"https:\/\/meozen.com\/fr\/wp-json\/wp\/v2\/pages\/3919\/revisions"}],"up":[{"embeddable":true,"href":"https:\/\/meozen.com\/fr\/wp-json\/wp\/v2\/pages\/335"}],"wp:featuredmedia":[{"embeddable":true,"href":"https:\/\/meozen.com\/fr\/wp-json\/wp\/v2\/media\/181"}],"wp:attachment":[{"href":"https:\/\/meozen.com\/fr\/wp-json\/wp\/v2\/media?parent=3919"}],"curies":[{"name":"wp","href":"https:\/\/api.w.org\/{rel}","templated":true}]}}