{"id":3970,"date":"2021-12-17T15:59:55","date_gmt":"2021-12-17T14:59:55","guid":{"rendered":"https:\/\/meozen.com\/fr\/?page_id=3970"},"modified":"2023-08-14T23:09:04","modified_gmt":"2023-08-14T21:09:04","slug":"tapis-materiel","status":"publish","type":"page","link":"https:\/\/meozen.com\/fr\/yoga\/yin-yoga\/tapis-materiel\/","title":{"rendered":"Quels tapis et mat\u00e9riel acheter pour pratiquer le Yin Yoga ?"},"content":{"rendered":"\n<p>Le <strong><a href=\"https:\/\/meozen.com\/fr\/yoga\/types-de-yoga\/doux\/yin-yoga\/\">Yin Yoga<\/a><\/strong> est un yoga doux et restauratif visant \u00e0 calmer le mental et rel\u00e2cher la pression du corps. Vous vous appr\u00eatez \u00e0 faire une s\u00e9ance de Yin Yoga ? Vous aurez besoin d\u2019un peu de mat\u00e9riel pour que votre s\u00e9ance soit r\u00e9ussie. Ne perdez pas plus de temps, nous vous donnons les <strong>quelques indispensables \u00e0 avoir pour pratiquer le Yin Yoga<\/strong>.<\/p>\n\n\n\n<h2 class=\"wp-block-heading\">1. <strong>Choisir un tapis de yoga adapt\u00e9 au Yin Yoga<\/strong><\/h2>\n\n\n\n<p>Le premier indispensable est bien s\u00fbr le <strong>tapis de <a class=\"wpil_keyword_link\" href=\"https:\/\/meozen.com\/fr\/yoga\/\"   title=\"yoga\" data-wpil-keyword-link=\"linked\">yoga<\/a><\/strong>. Celui-ci doit \u00eatre <strong>assez \u00e9pais<\/strong>, environ : de 4 mm \u00e0 8 mm. En effet, les postures de <strong>Yin Yoga<\/strong> doivent \u00eatre maintenues plusieurs minutes, n\u00e9cessitant alors un certain confort pour le corps.<\/p>\n\n\n\n<p>Pour le mat\u00e9riau utilis\u00e9, vous pouvez vous orienter vers un <strong>mat\u00e9riau \u00e9cologique<\/strong> comme la <strong>gomme recycl\u00e9e<\/strong> ou le <strong>li\u00e8ge <\/strong>qui sont tous deux tr\u00e8s<strong> confortables<\/strong>. Choisissez de pr\u00e9f\u00e9rence un <strong>tapis l\u00e9ger<\/strong> pour faciliter vos d\u00e9placements.<\/p>\n\n\n\n<p><\/p>\n\n\n\n<h3 class=\"wp-block-heading\"><strong>Nettoyer son tapis apr\u00e8s une s\u00e9ance de yoga<\/strong><\/h3>\n\n\n\n<p>\u00c9quipez-vous d\u2019un spray nettoyant, sp\u00e9cialement con\u00e7u pour les tapis de yoga. L\u2019objectif de ce spray est de nettoyer et d\u00e9sinfecter le tapis \u00e0 chaque fin de s\u00e9ance pour retrouver un tapis propre et qui sent bon.<\/p>\n\n\n\n<p><\/p>\n\n\n\n<h2 class=\"wp-block-heading\"><strong>2.<\/strong> <strong>Un sur-tapis de yoga<\/strong><\/h2>\n\n\n\n<p>Pour gagner en adh\u00e9rence ou \u00e9viter de transpirer \u00e0 m\u00eame votre tapis de yoga, nous vous recommandons d\u2019ajouter un <strong>sur-tapis<\/strong>. En plus de rendre votre tapis plus confortable, vous pouvez le laver tr\u00e8s facilement, ce qui est plus hygi\u00e9nique.<\/p>\n\n\n\n<p><\/p>\n\n\n\n<h2 class=\"wp-block-heading\"><strong>3.<\/strong> <strong>Un sac de yoga pour le transport<\/strong><\/h2>\n\n\n\n<p>Pour pratiquer le <a class=\"wpil_keyword_link\" href=\"https:\/\/meozen.com\/fr\/yoga\/yin-yoga\/\"   title=\"Yin Yoga\" data-wpil-keyword-link=\"linked\">Yin Yoga<\/a> partout o\u00f9 vous allez, vous pouvez vous \u00e9quiper d\u2019un <strong>sac de sport sp\u00e9cial tapis de yoga <\/strong>pour le transporter. Spacieux et l\u00e9ger en m\u00eame temps, vous pourrez aussi y ajouter une tenue de sport ou encore une sangle de yoga.<\/p>\n\n\n\n<p><\/p>\n\n\n\n<h2 class=\"wp-block-heading\"><strong>4.<\/strong> <strong>Une sangle de yoga<\/strong><\/h2>\n\n\n\n<p>La sangle de yoga est tr\u00e8s utilis\u00e9e en Yin Yoga. Vous en aurez besoin d\u2019une sangle pour vous aider \u00e0 tenir des postures n\u00e9cessitant de la souplesse. Cet accessoire sera donc d\u2019une aide pr\u00e9cieuse pour vous aider \u00e0 progresser dans la r\u00e9alisation des asanas.<\/p>\n\n\n\n<p><\/p>\n\n\n\n<h2 class=\"wp-block-heading\"><strong>5.<\/strong> <strong>Un coussin ou bolster<\/strong><strong> de yoga<\/strong><\/h2>\n\n\n\n<p>Cet accessoire sera d\u2019une grande utilit\u00e9 en Yin Yoga. Il vous servira de soutien corporel lors de certaines asanas et pourra \u00eatre plac\u00e9 sous le dos, le fessier ou sous les genoux. \u00c0 la fin de la s\u00e9ance, il pourra aussi vous servir de coussin de m\u00e9ditation.<\/p>\n\n\n\n<p><\/p>\n\n\n\n<h2 class=\"wp-block-heading\"><strong>6.<\/strong> <strong>Deux briques de yoga<\/strong><\/h2>\n\n\n\n<p>Vous aurez g\u00e9n\u00e9ralement \u00e0 utiliser une ou deux briques selon la posture r\u00e9alis\u00e9e. La brique, aussi appel\u00e9e \u00ab bloc \u00bb, est l\u2019accessoire indispensable pour r\u00e9aliser des asanas stables et confortables. Privil\u00e9giez les briques en mousse, parfaitement adapt\u00e9es aux postures au sol pratiqu\u00e9es en Yin Yoga.<\/p>\n\n\n\n<p><\/p>\n\n\n\n<h2 class=\"wp-block-heading\"><strong>7.<\/strong> <strong>Un support de yoga pour prot\u00e9ger les genoux et poignets<\/strong><\/h2>\n\n\n\n<p>Pour les postures d\u2019appui, ce support permet d&rsquo;oublier les douleurs occasionn\u00e9es aux poignets ou aux genoux et donc de prot\u00e9ger ces parties du corps.<\/p>\n\n\n\n<p>Ce pad support de yoga est particuli\u00e8rement utile en Yin Yoga, \u00e9tant donn\u00e9 qu\u2019on peut rester de longues minutes dans un asana. Bien s\u2019\u00e9quiper et pratiquer le plus confortablement possible est donc le meilleur moyen de sortir satisfait de sa s\u00e9ance relaxante.<\/p>\n\n\n\n<h2 class=\"wp-block-heading\"><strong>8.<\/strong> <strong>Une couverture<\/strong><\/h2>\n\n\n\n<p>Lorsque l\u2019on tient les postures longtemps comme en Yin Yoga, le corps se refroidit. Dans certaines postures, vous pouvez donc avoir recours \u00e0 la couverture, plac\u00e9e sur votre corps pour vous r\u00e9chauffer.&nbsp;<\/p>\n\n\n\n<p>\u00c0 la fin de votre s\u00e9ance de Yin Yoga, vous terminerez par une relaxation, puis une m\u00e9ditation guid\u00e9e en position Shavasana. L\u00e0 aussi, la couverture vous sera d\u2019une grande utilit\u00e9 pour garder votre corps au chaud apr\u00e8s l\u2019effort.<\/p>\n\n\n\n<p><\/p>\n\n\n\n<h3 class=\"wp-block-heading\">Pour aller plus loin :<\/h3>\n\n\n\n<ul class=\"wp-block-list\"><li><a href=\"https:\/\/meozen.com\/fr\/yoga\/yin-yoga\/pratique\/\">O\u00f9 est comment pratiquer le Yin Yoga ?<\/a><\/li><li>D\u00e9couvrir les retraites de Yin Yoga<\/li><li><a href=\"https:\/\/meozen.com\/fr\/yoga\/yin-yoga\/comment-devenir-professeur\/\">Comment devenir professeur de Yin Yoga ?<\/a><\/li><\/ul>\n","protected":false},"excerpt":{"rendered":"<p>Le Yin Yoga est un yoga doux et restauratif visant \u00e0 calmer le mental et rel\u00e2cher la pression du corps. Vous vous appr\u00eatez \u00e0 faire une s\u00e9ance de Yin Yoga ? Vous aurez besoin d\u2019un peu de mat\u00e9riel pour que votre s\u00e9ance soit r\u00e9ussie. Ne perdez pas plus de temps, nous vous donnons les quelques [&hellip;]<\/p>\n","protected":false},"author":3,"featured_media":181,"parent":359,"menu_order":0,"comment_status":"closed","ping_status":"closed","template":"","meta":{"_mo_disable_npp":"","footnotes":""},"class_list":["post-3970","page","type-page","status-publish","has-post-thumbnail","hentry"],"yoast_head":"<!-- This site is optimized with the Yoast SEO plugin v26.8 - https:\/\/yoast.com\/product\/yoast-seo-wordpress\/ -->\n<title>Quels tapis et mat\u00e9riel acheter pour pratiquer le Yin Yoga ?<\/title>\n<meta name=\"robots\" content=\"index, follow, max-snippet:-1, max-image-preview:large, max-video-preview:-1\" \/>\n<link rel=\"canonical\" href=\"https:\/\/meozen.com\/fr\/yoga\/yin-yoga\/tapis-materiel\/\" \/>\n<meta property=\"og:locale\" content=\"fr_FR\" \/>\n<meta property=\"og:type\" content=\"article\" \/>\n<meta property=\"og:title\" content=\"Quels tapis et mat\u00e9riel acheter pour pratiquer le Yin Yoga ?\" \/>\n<meta property=\"og:description\" content=\"Le Yin Yoga est un yoga doux et restauratif visant \u00e0 calmer le mental et rel\u00e2cher la pression du corps. Vous vous appr\u00eatez \u00e0 faire une s\u00e9ance de Yin Yoga ? Vous aurez besoin d\u2019un peu de mat\u00e9riel pour que votre s\u00e9ance soit r\u00e9ussie. Ne perdez pas plus de temps, nous vous donnons les quelques [&hellip;]\" \/>\n<meta property=\"og:url\" content=\"https:\/\/meozen.com\/fr\/yoga\/yin-yoga\/tapis-materiel\/\" \/>\n<meta property=\"og:site_name\" content=\"Meozen - Votre portail bien-\u00eatre\" \/>\n<meta property=\"article:publisher\" content=\"https:\/\/www.facebook.com\/MeozenFr\/\" \/>\n<meta property=\"article:modified_time\" content=\"2023-08-14T21:09:04+00:00\" \/>\n<meta property=\"og:image\" content=\"https:\/\/meozen.com\/fr\/wp-content\/uploads\/sites\/2\/2021\/03\/materiel-accessoires-yoga-meozen-1.jpg\" \/>\n\t<meta property=\"og:image:width\" content=\"670\" \/>\n\t<meta property=\"og:image:height\" content=\"446\" \/>\n\t<meta property=\"og:image:type\" content=\"image\/jpeg\" \/>\n<meta name=\"twitter:card\" content=\"summary_large_image\" \/>\n<meta name=\"twitter:label1\" content=\"Dur\u00e9e de lecture estim\u00e9e\" \/>\n\t<meta name=\"twitter:data1\" content=\"3 minutes\" \/>\n<script type=\"application\/ld+json\" class=\"yoast-schema-graph\">{\"@context\":\"https:\/\/schema.org\",\"@graph\":[{\"@type\":\"WebPage\",\"@id\":\"https:\/\/meozen.com\/fr\/yoga\/yin-yoga\/tapis-materiel\/\",\"url\":\"https:\/\/meozen.com\/fr\/yoga\/yin-yoga\/tapis-materiel\/\",\"name\":\"Quels tapis et mat\u00e9riel acheter pour pratiquer le Yin Yoga ?\",\"isPartOf\":{\"@id\":\"https:\/\/meozen.com\/fr\/#website\"},\"primaryImageOfPage\":{\"@id\":\"https:\/\/meozen.com\/fr\/yoga\/yin-yoga\/tapis-materiel\/#primaryimage\"},\"image\":{\"@id\":\"https:\/\/meozen.com\/fr\/yoga\/yin-yoga\/tapis-materiel\/#primaryimage\"},\"thumbnailUrl\":\"https:\/\/meozen.com\/fr\/wp-content\/uploads\/sites\/2\/2021\/03\/materiel-accessoires-yoga-meozen-1.jpg\",\"datePublished\":\"2021-12-17T14:59:55+00:00\",\"dateModified\":\"2023-08-14T21:09:04+00:00\",\"breadcrumb\":{\"@id\":\"https:\/\/meozen.com\/fr\/yoga\/yin-yoga\/tapis-materiel\/#breadcrumb\"},\"inLanguage\":\"fr-FR\",\"potentialAction\":[{\"@type\":\"ReadAction\",\"target\":[\"https:\/\/meozen.com\/fr\/yoga\/yin-yoga\/tapis-materiel\/\"]}]},{\"@type\":\"ImageObject\",\"inLanguage\":\"fr-FR\",\"@id\":\"https:\/\/meozen.com\/fr\/yoga\/yin-yoga\/tapis-materiel\/#primaryimage\",\"url\":\"https:\/\/meozen.com\/fr\/wp-content\/uploads\/sites\/2\/2021\/03\/materiel-accessoires-yoga-meozen-1.jpg\",\"contentUrl\":\"https:\/\/meozen.com\/fr\/wp-content\/uploads\/sites\/2\/2021\/03\/materiel-accessoires-yoga-meozen-1.jpg\",\"width\":670,\"height\":446,\"caption\":\"Aper\u00e7u des accessoires n\u00e9cessaires \u00e0 la pratique du yoga\"},{\"@type\":\"BreadcrumbList\",\"@id\":\"https:\/\/meozen.com\/fr\/yoga\/yin-yoga\/tapis-materiel\/#breadcrumb\",\"itemListElement\":[{\"@type\":\"ListItem\",\"position\":1,\"name\":\"Accueil\",\"item\":\"https:\/\/meozen.com\/fr\/\"},{\"@type\":\"ListItem\",\"position\":2,\"name\":\"Yoga : Tout savoir sur cette pratique\",\"item\":\"https:\/\/meozen.com\/fr\/yoga\/\"},{\"@type\":\"ListItem\",\"position\":3,\"name\":\"Yin Yoga : Tout savoir sur ce yoga doux\",\"item\":\"https:\/\/meozen.com\/fr\/yoga\/yin-yoga\/\"},{\"@type\":\"ListItem\",\"position\":4,\"name\":\"Quels tapis et mat\u00e9riel acheter pour pratiquer le Yin Yoga ?\"}]},{\"@type\":\"WebSite\",\"@id\":\"https:\/\/meozen.com\/fr\/#website\",\"url\":\"https:\/\/meozen.com\/fr\/\",\"name\":\"Meozen - Votre portail bien-\u00eatre\",\"description\":\"D\u00e9couvrez tout l&#039;univers du bien-\u00eatre, yoga, m\u00e9ditation, trouvez les meilleures retraites et formations bien-\u00eatre\",\"publisher\":{\"@id\":\"https:\/\/meozen.com\/fr\/#organization\"},\"potentialAction\":[{\"@type\":\"SearchAction\",\"target\":{\"@type\":\"EntryPoint\",\"urlTemplate\":\"https:\/\/meozen.com\/fr\/?s={search_term_string}\"},\"query-input\":{\"@type\":\"PropertyValueSpecification\",\"valueRequired\":true,\"valueName\":\"search_term_string\"}}],\"inLanguage\":\"fr-FR\"},{\"@type\":\"Organization\",\"@id\":\"https:\/\/meozen.com\/fr\/#organization\",\"name\":\"Meozen\",\"url\":\"https:\/\/meozen.com\/fr\/\",\"logo\":{\"@type\":\"ImageObject\",\"inLanguage\":\"fr-FR\",\"@id\":\"https:\/\/meozen.com\/fr\/#\/schema\/logo\/image\/\",\"url\":\"https:\/\/meozen.com\/fr\/wp-content\/uploads\/sites\/2\/2021\/06\/logo-meozen-push.jpg\",\"contentUrl\":\"https:\/\/meozen.com\/fr\/wp-content\/uploads\/sites\/2\/2021\/06\/logo-meozen-push.jpg\",\"width\":384,\"height\":384,\"caption\":\"Meozen\"},\"image\":{\"@id\":\"https:\/\/meozen.com\/fr\/#\/schema\/logo\/image\/\"},\"sameAs\":[\"https:\/\/www.facebook.com\/MeozenFr\/\",\"https:\/\/www.pinterest.fr\/meozen_officiel\/\",\"https:\/\/www.instagram.com\/meozen_officiel\/\"]}]}<\/script>\n<!-- \/ Yoast SEO plugin. -->","yoast_head_json":{"title":"Quels tapis et mat\u00e9riel acheter pour pratiquer le Yin Yoga ?","robots":{"index":"index","follow":"follow","max-snippet":"max-snippet:-1","max-image-preview":"max-image-preview:large","max-video-preview":"max-video-preview:-1"},"canonical":"https:\/\/meozen.com\/fr\/yoga\/yin-yoga\/tapis-materiel\/","og_locale":"fr_FR","og_type":"article","og_title":"Quels tapis et mat\u00e9riel acheter pour pratiquer le Yin Yoga ?","og_description":"Le Yin Yoga est un yoga doux et restauratif visant \u00e0 calmer le mental et rel\u00e2cher la pression du corps. Vous vous appr\u00eatez \u00e0 faire une s\u00e9ance de Yin Yoga ? Vous aurez besoin d\u2019un peu de mat\u00e9riel pour que votre s\u00e9ance soit r\u00e9ussie. Ne perdez pas plus de temps, nous vous donnons les quelques [&hellip;]","og_url":"https:\/\/meozen.com\/fr\/yoga\/yin-yoga\/tapis-materiel\/","og_site_name":"Meozen - Votre portail bien-\u00eatre","article_publisher":"https:\/\/www.facebook.com\/MeozenFr\/","article_modified_time":"2023-08-14T21:09:04+00:00","og_image":[{"width":670,"height":446,"url":"https:\/\/meozen.com\/fr\/wp-content\/uploads\/sites\/2\/2021\/03\/materiel-accessoires-yoga-meozen-1.jpg","type":"image\/jpeg"}],"twitter_card":"summary_large_image","twitter_misc":{"Dur\u00e9e de lecture estim\u00e9e":"3 minutes"},"schema":{"@context":"https:\/\/schema.org","@graph":[{"@type":"WebPage","@id":"https:\/\/meozen.com\/fr\/yoga\/yin-yoga\/tapis-materiel\/","url":"https:\/\/meozen.com\/fr\/yoga\/yin-yoga\/tapis-materiel\/","name":"Quels tapis et mat\u00e9riel acheter pour pratiquer le Yin Yoga ?","isPartOf":{"@id":"https:\/\/meozen.com\/fr\/#website"},"primaryImageOfPage":{"@id":"https:\/\/meozen.com\/fr\/yoga\/yin-yoga\/tapis-materiel\/#primaryimage"},"image":{"@id":"https:\/\/meozen.com\/fr\/yoga\/yin-yoga\/tapis-materiel\/#primaryimage"},"thumbnailUrl":"https:\/\/meozen.com\/fr\/wp-content\/uploads\/sites\/2\/2021\/03\/materiel-accessoires-yoga-meozen-1.jpg","datePublished":"2021-12-17T14:59:55+00:00","dateModified":"2023-08-14T21:09:04+00:00","breadcrumb":{"@id":"https:\/\/meozen.com\/fr\/yoga\/yin-yoga\/tapis-materiel\/#breadcrumb"},"inLanguage":"fr-FR","potentialAction":[{"@type":"ReadAction","target":["https:\/\/meozen.com\/fr\/yoga\/yin-yoga\/tapis-materiel\/"]}]},{"@type":"ImageObject","inLanguage":"fr-FR","@id":"https:\/\/meozen.com\/fr\/yoga\/yin-yoga\/tapis-materiel\/#primaryimage","url":"https:\/\/meozen.com\/fr\/wp-content\/uploads\/sites\/2\/2021\/03\/materiel-accessoires-yoga-meozen-1.jpg","contentUrl":"https:\/\/meozen.com\/fr\/wp-content\/uploads\/sites\/2\/2021\/03\/materiel-accessoires-yoga-meozen-1.jpg","width":670,"height":446,"caption":"Aper\u00e7u des accessoires n\u00e9cessaires \u00e0 la pratique du yoga"},{"@type":"BreadcrumbList","@id":"https:\/\/meozen.com\/fr\/yoga\/yin-yoga\/tapis-materiel\/#breadcrumb","itemListElement":[{"@type":"ListItem","position":1,"name":"Accueil","item":"https:\/\/meozen.com\/fr\/"},{"@type":"ListItem","position":2,"name":"Yoga : Tout savoir sur cette pratique","item":"https:\/\/meozen.com\/fr\/yoga\/"},{"@type":"ListItem","position":3,"name":"Yin Yoga : Tout savoir sur ce yoga doux","item":"https:\/\/meozen.com\/fr\/yoga\/yin-yoga\/"},{"@type":"ListItem","position":4,"name":"Quels tapis et mat\u00e9riel acheter pour pratiquer le Yin Yoga ?"}]},{"@type":"WebSite","@id":"https:\/\/meozen.com\/fr\/#website","url":"https:\/\/meozen.com\/fr\/","name":"Meozen - Votre portail bien-\u00eatre","description":"D\u00e9couvrez tout l&#039;univers du bien-\u00eatre, yoga, m\u00e9ditation, trouvez les meilleures retraites et formations bien-\u00eatre","publisher":{"@id":"https:\/\/meozen.com\/fr\/#organization"},"potentialAction":[{"@type":"SearchAction","target":{"@type":"EntryPoint","urlTemplate":"https:\/\/meozen.com\/fr\/?s={search_term_string}"},"query-input":{"@type":"PropertyValueSpecification","valueRequired":true,"valueName":"search_term_string"}}],"inLanguage":"fr-FR"},{"@type":"Organization","@id":"https:\/\/meozen.com\/fr\/#organization","name":"Meozen","url":"https:\/\/meozen.com\/fr\/","logo":{"@type":"ImageObject","inLanguage":"fr-FR","@id":"https:\/\/meozen.com\/fr\/#\/schema\/logo\/image\/","url":"https:\/\/meozen.com\/fr\/wp-content\/uploads\/sites\/2\/2021\/06\/logo-meozen-push.jpg","contentUrl":"https:\/\/meozen.com\/fr\/wp-content\/uploads\/sites\/2\/2021\/06\/logo-meozen-push.jpg","width":384,"height":384,"caption":"Meozen"},"image":{"@id":"https:\/\/meozen.com\/fr\/#\/schema\/logo\/image\/"},"sameAs":["https:\/\/www.facebook.com\/MeozenFr\/","https:\/\/www.pinterest.fr\/meozen_officiel\/","https:\/\/www.instagram.com\/meozen_officiel\/"]}]}},"_links":{"self":[{"href":"https:\/\/meozen.com\/fr\/wp-json\/wp\/v2\/pages\/3970","targetHints":{"allow":["GET"]}}],"collection":[{"href":"https:\/\/meozen.com\/fr\/wp-json\/wp\/v2\/pages"}],"about":[{"href":"https:\/\/meozen.com\/fr\/wp-json\/wp\/v2\/types\/page"}],"author":[{"embeddable":true,"href":"https:\/\/meozen.com\/fr\/wp-json\/wp\/v2\/users\/3"}],"replies":[{"embeddable":true,"href":"https:\/\/meozen.com\/fr\/wp-json\/wp\/v2\/comments?post=3970"}],"version-history":[{"count":0,"href":"https:\/\/meozen.com\/fr\/wp-json\/wp\/v2\/pages\/3970\/revisions"}],"up":[{"embeddable":true,"href":"https:\/\/meozen.com\/fr\/wp-json\/wp\/v2\/pages\/359"}],"wp:featuredmedia":[{"embeddable":true,"href":"https:\/\/meozen.com\/fr\/wp-json\/wp\/v2\/media\/181"}],"wp:attachment":[{"href":"https:\/\/meozen.com\/fr\/wp-json\/wp\/v2\/media?parent=3970"}],"curies":[{"name":"wp","href":"https:\/\/api.w.org\/{rel}","templated":true}]}}