{"id":4002,"date":"2021-12-17T17:42:16","date_gmt":"2021-12-17T16:42:16","guid":{"rendered":"https:\/\/meozen.com\/fr\/?page_id=4002"},"modified":"2023-08-14T23:13:32","modified_gmt":"2023-08-14T21:13:32","slug":"tapis-materiel","status":"publish","type":"page","link":"https:\/\/meozen.com\/fr\/yoga\/prenatal\/tapis-materiel\/","title":{"rendered":"Quels tapis et mat\u00e9riel acheter pour pratiquer le Yoga Pr\u00e9natal ?"},"content":{"rendered":"\n<p>Le <strong><a href=\"https:\/\/meozen.com\/fr\/yoga\/prenatal\/\">Yoga Pr\u00e9natal<\/a><\/strong> est un yoga doux, sp\u00e9cialement con\u00e7u et adapt\u00e9 pour les femmes enceintes. Si vous vous appr\u00eatez \u00e0 faire votre premi\u00e8re s\u00e9ance de Yoga Pr\u00e9natal chez vous, alors pr\u00e9parez vous \u00e0 vous \u00e9quiper de quelques <strong>accessoires de yoga<\/strong>.\u00a0 Nous vous donnons la liste compl\u00e8te pour bien choisir. D\u00e9couvrez d\u00e8s maintenant notre guide pour bien vous \u00e9quiper, en fonction de vos besoins.\u00a0<\/p>\n\n\n\n<h2 class=\"wp-block-heading\">1. <strong>Un tapis de yoga<\/strong><\/h2>\n\n\n\n<p>Pour la pratique du <strong>Yoga Pr\u00e9natal<\/strong>, vous aurez besoin d\u2019un tapis de <a class=\"wpil_keyword_link\" href=\"https:\/\/meozen.com\/fr\/yoga\/\"   title=\"yoga\" data-wpil-keyword-link=\"linked\">yoga<\/a>. Bien choisir son tapis de <strong>yoga pr\u00e9natal <\/strong>est important pour que vous vous sentiez \u00e0 l\u2019aise lors de vos s\u00e9ances. Pourquoi pas simplement un tapis de gym ? Car les tapis de yoga sont plus <strong>confortables <\/strong>et sont plus <strong>adh\u00e9rents<\/strong>.&nbsp;<\/p>\n\n\n\n<p>De pr\u00e9f\u00e9rence, optez pour un tapis assez <strong>\u00e9pais<\/strong>, \u00e0 partir de 4 mm et jusqu&rsquo;\u00e0 8mm pour \u00eatre confortable et ne pas abimer vos articulations. Ces tapis \u00e9pais pourront \u00eatre r\u00e9utilis\u00e9s pour des s\u00e9quences de yoga doux, comme le <a class=\"wpil_keyword_link\" href=\"https:\/\/meozen.com\/fr\/yoga\/nidra\/\"   title=\"yoga Nidra\" data-wpil-keyword-link=\"linked\">yoga Nidra<\/a>, ou le Yin Yoga.\u00a0<\/p>\n\n\n\n<h3 class=\"wp-block-heading\"><strong>Nettoyer son tapis de yoga<\/strong><\/h3>\n\n\n\n<p>Apr\u00e8s votre s\u00e9ance, vous pouvez utiliser un spray nettoyant, sp\u00e9cialement con\u00e7u pour les tapis de yoga et donc adapt\u00e9 \u00e0 la mati\u00e8re. Cela sera aussi tr\u00e8s utile si vous n\u2019utilisez pas de sur-tapis. Nous vous recommandons un spray adapt\u00e9 pour les tapis de yoga, utilisable d\u00e8s la fin de vos s\u00e9ances, comme celui propos\u00e9 par D\u00e9cathlon qui est l\u00e9g\u00e8rement enrichi aux huiles essentielles.<\/p>\n\n\n\n<p><\/p>\n\n\n\n<h2 class=\"wp-block-heading\"><strong>2.<\/strong> <strong>Sur-tapis de yoga \/ Serviette de yoga<\/strong><\/h2>\n\n\n\n<p>Si vous poss\u00e9dez d\u00e9j\u00e0 un tapis de yoga mais que celui-ci est trop fin ou manque d\u2019adh\u00e9rence, nous vous recommandons d\u2019opter pour un sur-tapis de yoga (aussi appel\u00e9 serviette de yoga). Le sur-tapis a de nombreux avantages comme celui de rendre votre tapis plus confortable, de le garder propre, et enfin de ne pas glisser pendant votre s\u00e9ance gr\u00e2ce \u00e0 sa texture en micro-fibre.<\/p>\n\n\n\n<p><\/p>\n\n\n\n<h2 class=\"wp-block-heading\"><strong>3. Le sac de yoga, pour transporter tout votre \u00e9quipement<\/strong><\/h2>\n\n\n\n<p>Vous souhaitez vous rendre \u00e0 vos s\u00e9ances de Yoga Pr\u00e9natal et apporter votre propre mat\u00e9riel ? Alors vous allez avoir besoin d\u2019un <strong>sac de transport<\/strong> sp\u00e9cialement con\u00e7u pour vos s\u00e9ances de yoga. Vous pouvez trouver diff\u00e9rentes tailles de sac selon votre utilisation. Veillez \u00e0 un prendre un suffisamment grand pour accueillir au minimum votre tapis de yoga, votre tenue de sport et votre sangle.<\/p>\n\n\n\n<p><\/p>\n\n\n\n<h2 class=\"wp-block-heading\"><strong>4.<\/strong> <strong>Une sangle de yoga<\/strong><\/h2>\n\n\n\n<p>Comme utilis\u00e9 en Hatha Yoga ou en <a class=\"wpil_keyword_link\" href=\"https:\/\/meozen.com\/fr\/yoga\/ashtanga-yoga\/\"   title=\"Ashtanga Yoga\" data-wpil-keyword-link=\"linked\">Ashtanga Yoga<\/a>, vous aurez besoin d\u2019une sangle pour vous aider \u00e0 r\u00e9aliser certaines de vos postures beaucoup plus facilement. Pas de panique, le Yoga Pr\u00e9natal est bien plus doux et lent que les deux types de yoga cit\u00e9s pr\u00e9c\u00e9demment. Il ne s\u2019agit pas ici d\u2019utiliser la sangle pour r\u00e9aliser des asanas compliqu\u00e9es, elle est juste l\u00e0 pour vous simplifier l\u2019effort, notamment pour atteindre vos pieds plus facilement lors des derniers mois de grossesse.&nbsp;<\/p>\n\n\n\n<p><\/p>\n\n\n\n<h2 class=\"wp-block-heading\"><strong>5.<\/strong> <strong>Un bolster<\/strong><strong> ou coussin<\/strong><\/h2>\n\n\n\n<p>Le bolster est un gros coussin cylindrique ferme, \u00e9galement utilis\u00e9 pour d\u2019autres yogas doux. Il sera votre meilleur alli\u00e9 pendant le cours de Yoga Pr\u00e9natal. Il vous sera d\u2019une grande utilit\u00e9 pour soulager le dos ou les jambes en le pla\u00e7ant juste sous les genoux.&nbsp;<\/p>\n\n\n\n<p>Vous pouvez tout \u00e0 fait utiliser \u00e9galement un <strong>coussin d\u2019allaitement<\/strong> puisqu\u2019il remplit les m\u00eames caract\u00e9ristiques techniques et il vous sera tr\u00e8s utile pour la suite de l\u2019aventure.<\/p>\n\n\n\n<p><\/p>\n\n\n\n<h2 class=\"wp-block-heading\">6. <strong>Un petit ballon de paille<\/strong><\/h2>\n\n\n\n<p>Aussi utilis\u00e9 en gym douce, en Pilates ou en r\u00e9\u00e9ducation, le ballon de paille est tr\u00e8s utilis\u00e9 en Yoga Pr\u00e9natal. Vous en servirez pour faire des exercices m\u00ealant renforcement, ajustement et travail de la respiration. L\u2019avantage est qu\u2019il est l\u00e9ger et tr\u00e8s mall\u00e9able. En effet, il ne faut pas compl\u00e8tement le gonfler afin de pouvoir le manipuler facilement.<\/p>\n\n\n\n<figure class=\"wp-block-embed is-type-rich is-provider-amazon wp-block-embed-amazon\"><div class=\"wp-block-embed__wrapper\">\n<div class=\"video-container\"><iframe title=\"TopBine 2 Pcs Pilates Ballon de Gymnastique 23cm Balle d\u2018Exercice Yoga Fitness pour Entra\u00eenement Abdominal et des \u00c9paules, \u00c9quilibre, Sport\" type=\"text\/html\" width=\"1170\" height=\"550\" frameborder=\"0\" allowfullscreen style=\"max-width:100%\" src=\"https:\/\/lire.amazon.fr\/kp\/card?preview=inline&#038;linkCode=kpd&#038;ref_=k4w_oembed_ZCqVzdCtSFhpGG&#038;asin=B07D2CKPST&#038;tag=kpembed-20\"><\/iframe><\/div>\n<\/div><\/figure>\n\n\n\n<h2 class=\"wp-block-heading\"><strong>7.<\/strong> <strong>Une couverture<\/strong><\/h2>\n\n\n\n<p>En fin de s\u00e9ance, place \u00e0 la relaxation, propice \u00e0 la m\u00e9ditation. Une fois allong\u00e9, le corps aura tendance \u00e0 se refroidir. Il vous suffira d\u2019utiliser une couverture ou un plaid sur vous pour rester confortable jusqu\u2019\u00e0 la fin de la s\u00e9ance.&nbsp;<\/p>\n\n\n\n<p>\u00c0 ce niveau, des couvertures fines et faites pour la pratique du yoga sauront vous satisfaire. L\u00e9g\u00e8re et chaleureuse, elles ont aussi le bon go\u00fbt de pouvoir se glisser facilement dans un sac de transport.<\/p>\n\n\n\n<p><\/p>\n\n\n\n<h3 class=\"wp-block-heading\">Pour aller plus loin :<\/h3>\n\n\n\n<ul class=\"wp-block-list\"><li><a href=\"https:\/\/meozen.com\/fr\/yoga\/prenatal\/pratique\/\">O\u00f9 pratiquer le Yoga Pr\u00e9natal ?<\/a><\/li><li>D\u00e9couvrir les retraites de Yoga Pr\u00e9natal<\/li><li><a href=\"https:\/\/meozen.com\/fr\/yoga\/prenatal\/comment-devenir-professeur\/\">Comment devenir professeur de Yoga Pr\u00e9natal ?<\/a><\/li><\/ul>\n","protected":false},"excerpt":{"rendered":"<p>Le Yoga Pr\u00e9natal est un yoga doux, sp\u00e9cialement con\u00e7u et adapt\u00e9 pour les femmes enceintes. Si vous vous appr\u00eatez \u00e0 faire votre premi\u00e8re s\u00e9ance de Yoga Pr\u00e9natal chez vous, alors pr\u00e9parez vous \u00e0 vous \u00e9quiper de quelques accessoires de yoga.\u00a0 Nous vous donnons la liste compl\u00e8te pour bien choisir. D\u00e9couvrez d\u00e8s maintenant notre guide pour [&hellip;]<\/p>\n","protected":false},"author":3,"featured_media":181,"parent":814,"menu_order":0,"comment_status":"closed","ping_status":"closed","template":"","meta":{"_mo_disable_npp":"","footnotes":""},"class_list":["post-4002","page","type-page","status-publish","has-post-thumbnail","hentry"],"yoast_head":"<!-- This site is optimized with the Yoast SEO plugin v26.8 - https:\/\/yoast.com\/product\/yoast-seo-wordpress\/ -->\n<title>Quels tapis et mat\u00e9riel acheter pour pratiquer le Yoga Pr\u00e9natal ?<\/title>\n<meta name=\"robots\" content=\"index, follow, max-snippet:-1, max-image-preview:large, max-video-preview:-1\" \/>\n<link rel=\"canonical\" href=\"https:\/\/meozen.com\/fr\/yoga\/prenatal\/tapis-materiel\/\" \/>\n<meta property=\"og:locale\" content=\"fr_FR\" \/>\n<meta property=\"og:type\" content=\"article\" \/>\n<meta property=\"og:title\" content=\"Quels tapis et mat\u00e9riel acheter pour pratiquer le Yoga Pr\u00e9natal ?\" \/>\n<meta property=\"og:description\" content=\"Le Yoga Pr\u00e9natal est un yoga doux, sp\u00e9cialement con\u00e7u et adapt\u00e9 pour les femmes enceintes. Si vous vous appr\u00eatez \u00e0 faire votre premi\u00e8re s\u00e9ance de Yoga Pr\u00e9natal chez vous, alors pr\u00e9parez vous \u00e0 vous \u00e9quiper de quelques accessoires de yoga.\u00a0 Nous vous donnons la liste compl\u00e8te pour bien choisir. D\u00e9couvrez d\u00e8s maintenant notre guide pour [&hellip;]\" \/>\n<meta property=\"og:url\" content=\"https:\/\/meozen.com\/fr\/yoga\/prenatal\/tapis-materiel\/\" \/>\n<meta property=\"og:site_name\" content=\"Meozen - Votre portail bien-\u00eatre\" \/>\n<meta property=\"article:publisher\" content=\"https:\/\/www.facebook.com\/MeozenFr\/\" \/>\n<meta property=\"article:modified_time\" content=\"2023-08-14T21:13:32+00:00\" \/>\n<meta property=\"og:image\" content=\"https:\/\/meozen.com\/fr\/wp-content\/uploads\/sites\/2\/2021\/03\/materiel-accessoires-yoga-meozen-1.jpg\" \/>\n\t<meta property=\"og:image:width\" content=\"670\" \/>\n\t<meta property=\"og:image:height\" content=\"446\" \/>\n\t<meta property=\"og:image:type\" content=\"image\/jpeg\" \/>\n<meta name=\"twitter:card\" content=\"summary_large_image\" \/>\n<meta name=\"twitter:label1\" content=\"Dur\u00e9e de lecture estim\u00e9e\" \/>\n\t<meta name=\"twitter:data1\" content=\"4 minutes\" \/>\n<script type=\"application\/ld+json\" class=\"yoast-schema-graph\">{\"@context\":\"https:\/\/schema.org\",\"@graph\":[{\"@type\":\"WebPage\",\"@id\":\"https:\/\/meozen.com\/fr\/yoga\/prenatal\/tapis-materiel\/\",\"url\":\"https:\/\/meozen.com\/fr\/yoga\/prenatal\/tapis-materiel\/\",\"name\":\"Quels tapis et mat\u00e9riel acheter pour pratiquer le Yoga Pr\u00e9natal ?\",\"isPartOf\":{\"@id\":\"https:\/\/meozen.com\/fr\/#website\"},\"primaryImageOfPage\":{\"@id\":\"https:\/\/meozen.com\/fr\/yoga\/prenatal\/tapis-materiel\/#primaryimage\"},\"image\":{\"@id\":\"https:\/\/meozen.com\/fr\/yoga\/prenatal\/tapis-materiel\/#primaryimage\"},\"thumbnailUrl\":\"https:\/\/meozen.com\/fr\/wp-content\/uploads\/sites\/2\/2021\/03\/materiel-accessoires-yoga-meozen-1.jpg\",\"datePublished\":\"2021-12-17T16:42:16+00:00\",\"dateModified\":\"2023-08-14T21:13:32+00:00\",\"breadcrumb\":{\"@id\":\"https:\/\/meozen.com\/fr\/yoga\/prenatal\/tapis-materiel\/#breadcrumb\"},\"inLanguage\":\"fr-FR\",\"potentialAction\":[{\"@type\":\"ReadAction\",\"target\":[\"https:\/\/meozen.com\/fr\/yoga\/prenatal\/tapis-materiel\/\"]}]},{\"@type\":\"ImageObject\",\"inLanguage\":\"fr-FR\",\"@id\":\"https:\/\/meozen.com\/fr\/yoga\/prenatal\/tapis-materiel\/#primaryimage\",\"url\":\"https:\/\/meozen.com\/fr\/wp-content\/uploads\/sites\/2\/2021\/03\/materiel-accessoires-yoga-meozen-1.jpg\",\"contentUrl\":\"https:\/\/meozen.com\/fr\/wp-content\/uploads\/sites\/2\/2021\/03\/materiel-accessoires-yoga-meozen-1.jpg\",\"width\":670,\"height\":446,\"caption\":\"Aper\u00e7u des accessoires n\u00e9cessaires \u00e0 la pratique du yoga\"},{\"@type\":\"BreadcrumbList\",\"@id\":\"https:\/\/meozen.com\/fr\/yoga\/prenatal\/tapis-materiel\/#breadcrumb\",\"itemListElement\":[{\"@type\":\"ListItem\",\"position\":1,\"name\":\"Accueil\",\"item\":\"https:\/\/meozen.com\/fr\/\"},{\"@type\":\"ListItem\",\"position\":2,\"name\":\"Yoga : Tout savoir sur cette pratique\",\"item\":\"https:\/\/meozen.com\/fr\/yoga\/\"},{\"@type\":\"ListItem\",\"position\":3,\"name\":\"Yoga Pr\u00e9natal : Tout savoir sur ce yoga adapt\u00e9 aux femmes enceintes\",\"item\":\"https:\/\/meozen.com\/fr\/yoga\/prenatal\/\"},{\"@type\":\"ListItem\",\"position\":4,\"name\":\"Quels tapis et mat\u00e9riel acheter pour pratiquer le Yoga Pr\u00e9natal ?\"}]},{\"@type\":\"WebSite\",\"@id\":\"https:\/\/meozen.com\/fr\/#website\",\"url\":\"https:\/\/meozen.com\/fr\/\",\"name\":\"Meozen - Votre portail bien-\u00eatre\",\"description\":\"D\u00e9couvrez tout l&#039;univers du bien-\u00eatre, yoga, m\u00e9ditation, trouvez les meilleures retraites et formations bien-\u00eatre\",\"publisher\":{\"@id\":\"https:\/\/meozen.com\/fr\/#organization\"},\"potentialAction\":[{\"@type\":\"SearchAction\",\"target\":{\"@type\":\"EntryPoint\",\"urlTemplate\":\"https:\/\/meozen.com\/fr\/?s={search_term_string}\"},\"query-input\":{\"@type\":\"PropertyValueSpecification\",\"valueRequired\":true,\"valueName\":\"search_term_string\"}}],\"inLanguage\":\"fr-FR\"},{\"@type\":\"Organization\",\"@id\":\"https:\/\/meozen.com\/fr\/#organization\",\"name\":\"Meozen\",\"url\":\"https:\/\/meozen.com\/fr\/\",\"logo\":{\"@type\":\"ImageObject\",\"inLanguage\":\"fr-FR\",\"@id\":\"https:\/\/meozen.com\/fr\/#\/schema\/logo\/image\/\",\"url\":\"https:\/\/meozen.com\/fr\/wp-content\/uploads\/sites\/2\/2021\/06\/logo-meozen-push.jpg\",\"contentUrl\":\"https:\/\/meozen.com\/fr\/wp-content\/uploads\/sites\/2\/2021\/06\/logo-meozen-push.jpg\",\"width\":384,\"height\":384,\"caption\":\"Meozen\"},\"image\":{\"@id\":\"https:\/\/meozen.com\/fr\/#\/schema\/logo\/image\/\"},\"sameAs\":[\"https:\/\/www.facebook.com\/MeozenFr\/\",\"https:\/\/www.pinterest.fr\/meozen_officiel\/\",\"https:\/\/www.instagram.com\/meozen_officiel\/\"]}]}<\/script>\n<!-- \/ Yoast SEO plugin. -->","yoast_head_json":{"title":"Quels tapis et mat\u00e9riel acheter pour pratiquer le Yoga Pr\u00e9natal ?","robots":{"index":"index","follow":"follow","max-snippet":"max-snippet:-1","max-image-preview":"max-image-preview:large","max-video-preview":"max-video-preview:-1"},"canonical":"https:\/\/meozen.com\/fr\/yoga\/prenatal\/tapis-materiel\/","og_locale":"fr_FR","og_type":"article","og_title":"Quels tapis et mat\u00e9riel acheter pour pratiquer le Yoga Pr\u00e9natal ?","og_description":"Le Yoga Pr\u00e9natal est un yoga doux, sp\u00e9cialement con\u00e7u et adapt\u00e9 pour les femmes enceintes. Si vous vous appr\u00eatez \u00e0 faire votre premi\u00e8re s\u00e9ance de Yoga Pr\u00e9natal chez vous, alors pr\u00e9parez vous \u00e0 vous \u00e9quiper de quelques accessoires de yoga.\u00a0 Nous vous donnons la liste compl\u00e8te pour bien choisir. D\u00e9couvrez d\u00e8s maintenant notre guide pour [&hellip;]","og_url":"https:\/\/meozen.com\/fr\/yoga\/prenatal\/tapis-materiel\/","og_site_name":"Meozen - Votre portail bien-\u00eatre","article_publisher":"https:\/\/www.facebook.com\/MeozenFr\/","article_modified_time":"2023-08-14T21:13:32+00:00","og_image":[{"width":670,"height":446,"url":"https:\/\/meozen.com\/fr\/wp-content\/uploads\/sites\/2\/2021\/03\/materiel-accessoires-yoga-meozen-1.jpg","type":"image\/jpeg"}],"twitter_card":"summary_large_image","twitter_misc":{"Dur\u00e9e de lecture estim\u00e9e":"4 minutes"},"schema":{"@context":"https:\/\/schema.org","@graph":[{"@type":"WebPage","@id":"https:\/\/meozen.com\/fr\/yoga\/prenatal\/tapis-materiel\/","url":"https:\/\/meozen.com\/fr\/yoga\/prenatal\/tapis-materiel\/","name":"Quels tapis et mat\u00e9riel acheter pour pratiquer le Yoga Pr\u00e9natal ?","isPartOf":{"@id":"https:\/\/meozen.com\/fr\/#website"},"primaryImageOfPage":{"@id":"https:\/\/meozen.com\/fr\/yoga\/prenatal\/tapis-materiel\/#primaryimage"},"image":{"@id":"https:\/\/meozen.com\/fr\/yoga\/prenatal\/tapis-materiel\/#primaryimage"},"thumbnailUrl":"https:\/\/meozen.com\/fr\/wp-content\/uploads\/sites\/2\/2021\/03\/materiel-accessoires-yoga-meozen-1.jpg","datePublished":"2021-12-17T16:42:16+00:00","dateModified":"2023-08-14T21:13:32+00:00","breadcrumb":{"@id":"https:\/\/meozen.com\/fr\/yoga\/prenatal\/tapis-materiel\/#breadcrumb"},"inLanguage":"fr-FR","potentialAction":[{"@type":"ReadAction","target":["https:\/\/meozen.com\/fr\/yoga\/prenatal\/tapis-materiel\/"]}]},{"@type":"ImageObject","inLanguage":"fr-FR","@id":"https:\/\/meozen.com\/fr\/yoga\/prenatal\/tapis-materiel\/#primaryimage","url":"https:\/\/meozen.com\/fr\/wp-content\/uploads\/sites\/2\/2021\/03\/materiel-accessoires-yoga-meozen-1.jpg","contentUrl":"https:\/\/meozen.com\/fr\/wp-content\/uploads\/sites\/2\/2021\/03\/materiel-accessoires-yoga-meozen-1.jpg","width":670,"height":446,"caption":"Aper\u00e7u des accessoires n\u00e9cessaires \u00e0 la pratique du yoga"},{"@type":"BreadcrumbList","@id":"https:\/\/meozen.com\/fr\/yoga\/prenatal\/tapis-materiel\/#breadcrumb","itemListElement":[{"@type":"ListItem","position":1,"name":"Accueil","item":"https:\/\/meozen.com\/fr\/"},{"@type":"ListItem","position":2,"name":"Yoga : Tout savoir sur cette pratique","item":"https:\/\/meozen.com\/fr\/yoga\/"},{"@type":"ListItem","position":3,"name":"Yoga Pr\u00e9natal : Tout savoir sur ce yoga adapt\u00e9 aux femmes enceintes","item":"https:\/\/meozen.com\/fr\/yoga\/prenatal\/"},{"@type":"ListItem","position":4,"name":"Quels tapis et mat\u00e9riel acheter pour pratiquer le Yoga Pr\u00e9natal ?"}]},{"@type":"WebSite","@id":"https:\/\/meozen.com\/fr\/#website","url":"https:\/\/meozen.com\/fr\/","name":"Meozen - Votre portail bien-\u00eatre","description":"D\u00e9couvrez tout l&#039;univers du bien-\u00eatre, yoga, m\u00e9ditation, trouvez les meilleures retraites et formations bien-\u00eatre","publisher":{"@id":"https:\/\/meozen.com\/fr\/#organization"},"potentialAction":[{"@type":"SearchAction","target":{"@type":"EntryPoint","urlTemplate":"https:\/\/meozen.com\/fr\/?s={search_term_string}"},"query-input":{"@type":"PropertyValueSpecification","valueRequired":true,"valueName":"search_term_string"}}],"inLanguage":"fr-FR"},{"@type":"Organization","@id":"https:\/\/meozen.com\/fr\/#organization","name":"Meozen","url":"https:\/\/meozen.com\/fr\/","logo":{"@type":"ImageObject","inLanguage":"fr-FR","@id":"https:\/\/meozen.com\/fr\/#\/schema\/logo\/image\/","url":"https:\/\/meozen.com\/fr\/wp-content\/uploads\/sites\/2\/2021\/06\/logo-meozen-push.jpg","contentUrl":"https:\/\/meozen.com\/fr\/wp-content\/uploads\/sites\/2\/2021\/06\/logo-meozen-push.jpg","width":384,"height":384,"caption":"Meozen"},"image":{"@id":"https:\/\/meozen.com\/fr\/#\/schema\/logo\/image\/"},"sameAs":["https:\/\/www.facebook.com\/MeozenFr\/","https:\/\/www.pinterest.fr\/meozen_officiel\/","https:\/\/www.instagram.com\/meozen_officiel\/"]}]}},"_links":{"self":[{"href":"https:\/\/meozen.com\/fr\/wp-json\/wp\/v2\/pages\/4002","targetHints":{"allow":["GET"]}}],"collection":[{"href":"https:\/\/meozen.com\/fr\/wp-json\/wp\/v2\/pages"}],"about":[{"href":"https:\/\/meozen.com\/fr\/wp-json\/wp\/v2\/types\/page"}],"author":[{"embeddable":true,"href":"https:\/\/meozen.com\/fr\/wp-json\/wp\/v2\/users\/3"}],"replies":[{"embeddable":true,"href":"https:\/\/meozen.com\/fr\/wp-json\/wp\/v2\/comments?post=4002"}],"version-history":[{"count":0,"href":"https:\/\/meozen.com\/fr\/wp-json\/wp\/v2\/pages\/4002\/revisions"}],"up":[{"embeddable":true,"href":"https:\/\/meozen.com\/fr\/wp-json\/wp\/v2\/pages\/814"}],"wp:featuredmedia":[{"embeddable":true,"href":"https:\/\/meozen.com\/fr\/wp-json\/wp\/v2\/media\/181"}],"wp:attachment":[{"href":"https:\/\/meozen.com\/fr\/wp-json\/wp\/v2\/media?parent=4002"}],"curies":[{"name":"wp","href":"https:\/\/api.w.org\/{rel}","templated":true}]}}