{"id":4042,"date":"2021-12-20T16:13:20","date_gmt":"2021-12-20T15:13:20","guid":{"rendered":"https:\/\/meozen.com\/fr\/?page_id=4042"},"modified":"2023-08-14T23:37:37","modified_gmt":"2023-08-14T21:37:37","slug":"tapis-materiel","status":"publish","type":"page","link":"https:\/\/meozen.com\/fr\/yoga\/vinyasa-yoga\/tapis-materiel\/","title":{"rendered":"Quels tapis et mat\u00e9riel acheter pour pratiquer le Vinyasa Yoga ?"},"content":{"rendered":"\n<p>Le <strong><a href=\"https:\/\/meozen.com\/fr\/yoga\/vinyasa-yoga\/\">Yoga Vinyasa<\/a><\/strong> est un yoga dynamique, d\u00e9riv\u00e9 du Ashtanga Yoga. Il consiste en la synchronisation du souffle et du mouvement. Pour faire une s\u00e9ance de Yoga Vinyasa, il faut s\u2019\u00e9quiper de quelques <strong>accessoires de yoga<\/strong>. Nous vous donnons notre liste ainsi que nos conseils pour bien les choisir.<\/p>\n\n\n\n<h2 class=\"wp-block-heading\"><strong>1.<\/strong>\u00a0<strong>Un tapis de yoga anti-d\u00e9rapant<\/strong><\/h2>\n\n\n\n<p>La pratique du <strong>Yoga Vinyasa<\/strong> est rapide et assez intensive. Comme le <a class=\"wpil_keyword_link\" href=\"https:\/\/meozen.com\/fr\/yoga\/ashtanga-yoga\/\"   title=\"Ashtanga\" data-wpil-keyword-link=\"linked\">Ashtanga<\/a>, vous allez<\/p>\n\n\n\n<p>surement transpirer. De fait, nous vous recommandons un <strong>tapis anti-d\u00e9rapant<\/strong>, en <strong>caoutchouc naturel<\/strong> ou en <strong>li\u00e8ge<\/strong>, afin d\u2019\u00e9viter de glisser.<\/p>\n\n\n\n<p>En effet, vos mains et vos pieds devront parfaitement adh\u00e9rer au sol, notamment dans les <strong>postures d\u2019\u00e9quilibre<\/strong>. Enfin, choisissez un tapis assez <strong>\u00e9pais<\/strong> (environ 4 mm d\u2019\u00e9paisseur) pour ne pas abimer vos articulations.<\/p>\n\n\n\n<h3 class=\"wp-block-heading\"><strong>Nettoyer son tapis de yoga<\/strong><\/h3>\n\n\n\n<p>Le Vinyasa <a class=\"wpil_keyword_link\" href=\"https:\/\/meozen.com\/fr\/yoga\/\"   title=\"Yoga\" data-wpil-keyword-link=\"linked\">Yoga<\/a> fait bien souvent transpirer par son dynamisme et sa rapidit\u00e9. Dans le cas d\u2019une utilisation de votre tapis sans sur-tapis, il est n\u00e9cessaire de le nettoyer r\u00e9guli\u00e8rement. Nous vous recommandons un spray, utilisable d\u00e8s la fin de vos s\u00e9ances, comme celui propos\u00e9 par D\u00e9cathlon qui est enrichi aux huiles essentielles.<\/p>\n\n\n\n<h2 class=\"wp-block-heading\"><strong>2.<\/strong> <strong>Sur-tapis de yoga<\/strong><\/h2>\n\n\n\n<p>Si votre tapis de yoga est trop fin ou manque d\u2019adh\u00e9rence, nous vous recommandons d\u2019opter pour un sur-tapis de yoga. L\u00e9ger et en micro-fibre, il permet de ne pas glisser, de rendre votre tapis plus confortable et surtout plus propre car le sur-tapis est lavable.<\/p>\n\n\n\n<h2 class=\"wp-block-heading\"><strong>&nbsp;3. Le sac de yoga, pour transporter votre mat\u00e9riel<\/strong><\/h2>\n\n\n\n<p>Pour transporter votre tapis ainsi que vos accessoires, vous allez avoir besoin d\u2019un sac de transport sp\u00e9cialement con\u00e7u pour vos s\u00e9ances de yoga. Vous pouvez trouver diff\u00e9rentes tailles de sac selon votre utilisation. Cependant, ces derniers seront toujours tr\u00e8s larges afin d\u2019accueillir l\u2019accessoire le plus important : le tapis de yoga.<\/p>\n\n\n\n<h2 class=\"wp-block-heading\"><strong>4.<\/strong> <strong>S\u2019\u00e9quiper d\u2019une sangle de yoga<\/strong><\/h2>\n\n\n\n<p>Utilis\u00e9e aussi en Hatha Yoga, en <a class=\"wpil_keyword_link\" href=\"https:\/\/meozen.com\/fr\/yoga\/yin-yoga\/\"   title=\"Yin Yoga\" data-wpil-keyword-link=\"linked\">Yin Yoga<\/a> ou en Ashtanga Yoga, la sangle de yoga est l\u2019accessoire parfait pour vous aider \u00e0 r\u00e9aliser certaines postures. Celle-ci permet de gagner en souplesse et rend les postures plus confortables.<\/p>\n\n\n\n<h2 class=\"wp-block-heading\"><strong>5.<\/strong> <strong>Un lot de briques de yoga<\/strong><\/h2>\n\n\n\n<p>Cet accessoire n\u2019est pas obligatoire, mais recommand\u00e9, car la brique vous aide \u00e0 r\u00e9aliser des asanas stables et confortables. Ce qui peut \u00eatre int\u00e9ressant lorsque vous d\u00e9butez en yoga ou plus particuli\u00e8rement en Yoga Vinyasa. Vous trouverez diff\u00e9rents types de briques : en mousse, en li\u00e8ge ou en bois. Privil\u00e9giez les briques solides en bois si vous d\u00e9butez pour plus de stabilit\u00e9.<\/p>\n\n\n\n<h2 class=\"wp-block-heading\">6. <strong>Pour \u00e9viter les blessures : le repose coude et genoux, un alli\u00e9 \u00e0 petit prix<\/strong><\/h2>\n\n\n\n<p>Enfin, si durant vos s\u00e9ances de Vinyasa Yoga, vous sentez des douleurs aux genoux ou aux coudes, nous ne pouvons que vous recommander de vous \u00e9quiper d\u2019un support de yoga. Celui-ci, dot\u00e9 d\u2019un design ergonomique, saura vous apporter du confort durant votre s\u00e9ance.<\/p>\n\n\n\n<p><\/p>\n\n\n\n<p>Avec ces accessoires, vous \u00eates pr\u00eat pour une s\u00e9ance de Yoga Vinyasa.<\/p>\n\n\n\n<p><\/p>\n\n\n\n<h3 class=\"wp-block-heading\">Pour aller plus loin :<\/h3>\n\n\n\n<ul class=\"wp-block-list\"><li><a href=\"https:\/\/meozen.com\/fr\/yoga\/vinyasa-yoga\/pratique\/\">O\u00f9 et comment pratiquer le Vinyasa Yoga ?<\/a><\/li><li>D\u00e9couvrir les retraites de Vinyasa Yoga<\/li><li><a href=\"https:\/\/meozen.com\/fr\/yoga\/vinyasa-yoga\/comment-devenir-professeur\/\">Comment devenir professeur de Vinyasa Yoga ?<\/a><\/li><\/ul>\n","protected":false},"excerpt":{"rendered":"<p>Le Yoga Vinyasa est un yoga dynamique, d\u00e9riv\u00e9 du Ashtanga Yoga. Il consiste en la synchronisation du souffle et du mouvement. Pour faire une s\u00e9ance de Yoga Vinyasa, il faut s\u2019\u00e9quiper de quelques accessoires de yoga. Nous vous donnons notre liste ainsi que nos conseils pour bien les choisir. 1.\u00a0Un tapis de yoga anti-d\u00e9rapant La [&hellip;]<\/p>\n","protected":false},"author":3,"featured_media":181,"parent":779,"menu_order":0,"comment_status":"closed","ping_status":"closed","template":"","meta":{"_mo_disable_npp":"","footnotes":""},"class_list":["post-4042","page","type-page","status-publish","has-post-thumbnail","hentry"],"yoast_head":"<!-- This site is optimized with the Yoast SEO plugin v26.8 - https:\/\/yoast.com\/product\/yoast-seo-wordpress\/ -->\n<title>Quels tapis et mat\u00e9riel acheter pour pratiquer le Vinyasa Yoga ?<\/title>\n<meta name=\"robots\" content=\"index, follow, max-snippet:-1, max-image-preview:large, max-video-preview:-1\" \/>\n<link rel=\"canonical\" href=\"https:\/\/meozen.com\/fr\/yoga\/vinyasa-yoga\/tapis-materiel\/\" \/>\n<meta property=\"og:locale\" content=\"fr_FR\" \/>\n<meta property=\"og:type\" content=\"article\" \/>\n<meta property=\"og:title\" content=\"Quels tapis et mat\u00e9riel acheter pour pratiquer le Vinyasa Yoga ?\" \/>\n<meta property=\"og:description\" content=\"Le Yoga Vinyasa est un yoga dynamique, d\u00e9riv\u00e9 du Ashtanga Yoga. Il consiste en la synchronisation du souffle et du mouvement. Pour faire une s\u00e9ance de Yoga Vinyasa, il faut s\u2019\u00e9quiper de quelques accessoires de yoga. Nous vous donnons notre liste ainsi que nos conseils pour bien les choisir. 1.\u00a0Un tapis de yoga anti-d\u00e9rapant La [&hellip;]\" \/>\n<meta property=\"og:url\" content=\"https:\/\/meozen.com\/fr\/yoga\/vinyasa-yoga\/tapis-materiel\/\" \/>\n<meta property=\"og:site_name\" content=\"Meozen - Votre portail bien-\u00eatre\" \/>\n<meta property=\"article:publisher\" content=\"https:\/\/www.facebook.com\/MeozenFr\/\" \/>\n<meta property=\"article:modified_time\" content=\"2023-08-14T21:37:37+00:00\" \/>\n<meta property=\"og:image\" content=\"https:\/\/meozen.com\/fr\/wp-content\/uploads\/sites\/2\/2021\/03\/materiel-accessoires-yoga-meozen-1.jpg\" \/>\n\t<meta property=\"og:image:width\" content=\"670\" \/>\n\t<meta property=\"og:image:height\" content=\"446\" \/>\n\t<meta property=\"og:image:type\" content=\"image\/jpeg\" \/>\n<meta name=\"twitter:card\" content=\"summary_large_image\" \/>\n<meta name=\"twitter:label1\" content=\"Dur\u00e9e de lecture estim\u00e9e\" \/>\n\t<meta name=\"twitter:data1\" content=\"3 minutes\" \/>\n<script type=\"application\/ld+json\" class=\"yoast-schema-graph\">{\"@context\":\"https:\/\/schema.org\",\"@graph\":[{\"@type\":\"WebPage\",\"@id\":\"https:\/\/meozen.com\/fr\/yoga\/vinyasa-yoga\/tapis-materiel\/\",\"url\":\"https:\/\/meozen.com\/fr\/yoga\/vinyasa-yoga\/tapis-materiel\/\",\"name\":\"Quels tapis et mat\u00e9riel acheter pour pratiquer le Vinyasa Yoga ?\",\"isPartOf\":{\"@id\":\"https:\/\/meozen.com\/fr\/#website\"},\"primaryImageOfPage\":{\"@id\":\"https:\/\/meozen.com\/fr\/yoga\/vinyasa-yoga\/tapis-materiel\/#primaryimage\"},\"image\":{\"@id\":\"https:\/\/meozen.com\/fr\/yoga\/vinyasa-yoga\/tapis-materiel\/#primaryimage\"},\"thumbnailUrl\":\"https:\/\/meozen.com\/fr\/wp-content\/uploads\/sites\/2\/2021\/03\/materiel-accessoires-yoga-meozen-1.jpg\",\"datePublished\":\"2021-12-20T15:13:20+00:00\",\"dateModified\":\"2023-08-14T21:37:37+00:00\",\"breadcrumb\":{\"@id\":\"https:\/\/meozen.com\/fr\/yoga\/vinyasa-yoga\/tapis-materiel\/#breadcrumb\"},\"inLanguage\":\"fr-FR\",\"potentialAction\":[{\"@type\":\"ReadAction\",\"target\":[\"https:\/\/meozen.com\/fr\/yoga\/vinyasa-yoga\/tapis-materiel\/\"]}]},{\"@type\":\"ImageObject\",\"inLanguage\":\"fr-FR\",\"@id\":\"https:\/\/meozen.com\/fr\/yoga\/vinyasa-yoga\/tapis-materiel\/#primaryimage\",\"url\":\"https:\/\/meozen.com\/fr\/wp-content\/uploads\/sites\/2\/2021\/03\/materiel-accessoires-yoga-meozen-1.jpg\",\"contentUrl\":\"https:\/\/meozen.com\/fr\/wp-content\/uploads\/sites\/2\/2021\/03\/materiel-accessoires-yoga-meozen-1.jpg\",\"width\":670,\"height\":446,\"caption\":\"Aper\u00e7u des accessoires n\u00e9cessaires \u00e0 la pratique du yoga\"},{\"@type\":\"BreadcrumbList\",\"@id\":\"https:\/\/meozen.com\/fr\/yoga\/vinyasa-yoga\/tapis-materiel\/#breadcrumb\",\"itemListElement\":[{\"@type\":\"ListItem\",\"position\":1,\"name\":\"Accueil\",\"item\":\"https:\/\/meozen.com\/fr\/\"},{\"@type\":\"ListItem\",\"position\":2,\"name\":\"Yoga : Tout savoir sur cette pratique\",\"item\":\"https:\/\/meozen.com\/fr\/yoga\/\"},{\"@type\":\"ListItem\",\"position\":3,\"name\":\"Vinyasa Yoga : Tout savoir sur ce yoga fluide et dynamique\",\"item\":\"https:\/\/meozen.com\/fr\/yoga\/vinyasa-yoga\/\"},{\"@type\":\"ListItem\",\"position\":4,\"name\":\"Quels tapis et mat\u00e9riel acheter pour pratiquer le Vinyasa Yoga ?\"}]},{\"@type\":\"WebSite\",\"@id\":\"https:\/\/meozen.com\/fr\/#website\",\"url\":\"https:\/\/meozen.com\/fr\/\",\"name\":\"Meozen - Votre portail bien-\u00eatre\",\"description\":\"D\u00e9couvrez tout l&#039;univers du bien-\u00eatre, yoga, m\u00e9ditation, trouvez les meilleures retraites et formations bien-\u00eatre\",\"publisher\":{\"@id\":\"https:\/\/meozen.com\/fr\/#organization\"},\"potentialAction\":[{\"@type\":\"SearchAction\",\"target\":{\"@type\":\"EntryPoint\",\"urlTemplate\":\"https:\/\/meozen.com\/fr\/?s={search_term_string}\"},\"query-input\":{\"@type\":\"PropertyValueSpecification\",\"valueRequired\":true,\"valueName\":\"search_term_string\"}}],\"inLanguage\":\"fr-FR\"},{\"@type\":\"Organization\",\"@id\":\"https:\/\/meozen.com\/fr\/#organization\",\"name\":\"Meozen\",\"url\":\"https:\/\/meozen.com\/fr\/\",\"logo\":{\"@type\":\"ImageObject\",\"inLanguage\":\"fr-FR\",\"@id\":\"https:\/\/meozen.com\/fr\/#\/schema\/logo\/image\/\",\"url\":\"https:\/\/meozen.com\/fr\/wp-content\/uploads\/sites\/2\/2021\/06\/logo-meozen-push.jpg\",\"contentUrl\":\"https:\/\/meozen.com\/fr\/wp-content\/uploads\/sites\/2\/2021\/06\/logo-meozen-push.jpg\",\"width\":384,\"height\":384,\"caption\":\"Meozen\"},\"image\":{\"@id\":\"https:\/\/meozen.com\/fr\/#\/schema\/logo\/image\/\"},\"sameAs\":[\"https:\/\/www.facebook.com\/MeozenFr\/\",\"https:\/\/www.pinterest.fr\/meozen_officiel\/\",\"https:\/\/www.instagram.com\/meozen_officiel\/\"]}]}<\/script>\n<!-- \/ Yoast SEO plugin. -->","yoast_head_json":{"title":"Quels tapis et mat\u00e9riel acheter pour pratiquer le Vinyasa Yoga ?","robots":{"index":"index","follow":"follow","max-snippet":"max-snippet:-1","max-image-preview":"max-image-preview:large","max-video-preview":"max-video-preview:-1"},"canonical":"https:\/\/meozen.com\/fr\/yoga\/vinyasa-yoga\/tapis-materiel\/","og_locale":"fr_FR","og_type":"article","og_title":"Quels tapis et mat\u00e9riel acheter pour pratiquer le Vinyasa Yoga ?","og_description":"Le Yoga Vinyasa est un yoga dynamique, d\u00e9riv\u00e9 du Ashtanga Yoga. Il consiste en la synchronisation du souffle et du mouvement. Pour faire une s\u00e9ance de Yoga Vinyasa, il faut s\u2019\u00e9quiper de quelques accessoires de yoga. Nous vous donnons notre liste ainsi que nos conseils pour bien les choisir. 1.\u00a0Un tapis de yoga anti-d\u00e9rapant La [&hellip;]","og_url":"https:\/\/meozen.com\/fr\/yoga\/vinyasa-yoga\/tapis-materiel\/","og_site_name":"Meozen - Votre portail bien-\u00eatre","article_publisher":"https:\/\/www.facebook.com\/MeozenFr\/","article_modified_time":"2023-08-14T21:37:37+00:00","og_image":[{"width":670,"height":446,"url":"https:\/\/meozen.com\/fr\/wp-content\/uploads\/sites\/2\/2021\/03\/materiel-accessoires-yoga-meozen-1.jpg","type":"image\/jpeg"}],"twitter_card":"summary_large_image","twitter_misc":{"Dur\u00e9e de lecture estim\u00e9e":"3 minutes"},"schema":{"@context":"https:\/\/schema.org","@graph":[{"@type":"WebPage","@id":"https:\/\/meozen.com\/fr\/yoga\/vinyasa-yoga\/tapis-materiel\/","url":"https:\/\/meozen.com\/fr\/yoga\/vinyasa-yoga\/tapis-materiel\/","name":"Quels tapis et mat\u00e9riel acheter pour pratiquer le Vinyasa Yoga ?","isPartOf":{"@id":"https:\/\/meozen.com\/fr\/#website"},"primaryImageOfPage":{"@id":"https:\/\/meozen.com\/fr\/yoga\/vinyasa-yoga\/tapis-materiel\/#primaryimage"},"image":{"@id":"https:\/\/meozen.com\/fr\/yoga\/vinyasa-yoga\/tapis-materiel\/#primaryimage"},"thumbnailUrl":"https:\/\/meozen.com\/fr\/wp-content\/uploads\/sites\/2\/2021\/03\/materiel-accessoires-yoga-meozen-1.jpg","datePublished":"2021-12-20T15:13:20+00:00","dateModified":"2023-08-14T21:37:37+00:00","breadcrumb":{"@id":"https:\/\/meozen.com\/fr\/yoga\/vinyasa-yoga\/tapis-materiel\/#breadcrumb"},"inLanguage":"fr-FR","potentialAction":[{"@type":"ReadAction","target":["https:\/\/meozen.com\/fr\/yoga\/vinyasa-yoga\/tapis-materiel\/"]}]},{"@type":"ImageObject","inLanguage":"fr-FR","@id":"https:\/\/meozen.com\/fr\/yoga\/vinyasa-yoga\/tapis-materiel\/#primaryimage","url":"https:\/\/meozen.com\/fr\/wp-content\/uploads\/sites\/2\/2021\/03\/materiel-accessoires-yoga-meozen-1.jpg","contentUrl":"https:\/\/meozen.com\/fr\/wp-content\/uploads\/sites\/2\/2021\/03\/materiel-accessoires-yoga-meozen-1.jpg","width":670,"height":446,"caption":"Aper\u00e7u des accessoires n\u00e9cessaires \u00e0 la pratique du yoga"},{"@type":"BreadcrumbList","@id":"https:\/\/meozen.com\/fr\/yoga\/vinyasa-yoga\/tapis-materiel\/#breadcrumb","itemListElement":[{"@type":"ListItem","position":1,"name":"Accueil","item":"https:\/\/meozen.com\/fr\/"},{"@type":"ListItem","position":2,"name":"Yoga : Tout savoir sur cette pratique","item":"https:\/\/meozen.com\/fr\/yoga\/"},{"@type":"ListItem","position":3,"name":"Vinyasa Yoga : Tout savoir sur ce yoga fluide et dynamique","item":"https:\/\/meozen.com\/fr\/yoga\/vinyasa-yoga\/"},{"@type":"ListItem","position":4,"name":"Quels tapis et mat\u00e9riel acheter pour pratiquer le Vinyasa Yoga ?"}]},{"@type":"WebSite","@id":"https:\/\/meozen.com\/fr\/#website","url":"https:\/\/meozen.com\/fr\/","name":"Meozen - Votre portail bien-\u00eatre","description":"D\u00e9couvrez tout l&#039;univers du bien-\u00eatre, yoga, m\u00e9ditation, trouvez les meilleures retraites et formations bien-\u00eatre","publisher":{"@id":"https:\/\/meozen.com\/fr\/#organization"},"potentialAction":[{"@type":"SearchAction","target":{"@type":"EntryPoint","urlTemplate":"https:\/\/meozen.com\/fr\/?s={search_term_string}"},"query-input":{"@type":"PropertyValueSpecification","valueRequired":true,"valueName":"search_term_string"}}],"inLanguage":"fr-FR"},{"@type":"Organization","@id":"https:\/\/meozen.com\/fr\/#organization","name":"Meozen","url":"https:\/\/meozen.com\/fr\/","logo":{"@type":"ImageObject","inLanguage":"fr-FR","@id":"https:\/\/meozen.com\/fr\/#\/schema\/logo\/image\/","url":"https:\/\/meozen.com\/fr\/wp-content\/uploads\/sites\/2\/2021\/06\/logo-meozen-push.jpg","contentUrl":"https:\/\/meozen.com\/fr\/wp-content\/uploads\/sites\/2\/2021\/06\/logo-meozen-push.jpg","width":384,"height":384,"caption":"Meozen"},"image":{"@id":"https:\/\/meozen.com\/fr\/#\/schema\/logo\/image\/"},"sameAs":["https:\/\/www.facebook.com\/MeozenFr\/","https:\/\/www.pinterest.fr\/meozen_officiel\/","https:\/\/www.instagram.com\/meozen_officiel\/"]}]}},"_links":{"self":[{"href":"https:\/\/meozen.com\/fr\/wp-json\/wp\/v2\/pages\/4042","targetHints":{"allow":["GET"]}}],"collection":[{"href":"https:\/\/meozen.com\/fr\/wp-json\/wp\/v2\/pages"}],"about":[{"href":"https:\/\/meozen.com\/fr\/wp-json\/wp\/v2\/types\/page"}],"author":[{"embeddable":true,"href":"https:\/\/meozen.com\/fr\/wp-json\/wp\/v2\/users\/3"}],"replies":[{"embeddable":true,"href":"https:\/\/meozen.com\/fr\/wp-json\/wp\/v2\/comments?post=4042"}],"version-history":[{"count":0,"href":"https:\/\/meozen.com\/fr\/wp-json\/wp\/v2\/pages\/4042\/revisions"}],"up":[{"embeddable":true,"href":"https:\/\/meozen.com\/fr\/wp-json\/wp\/v2\/pages\/779"}],"wp:featuredmedia":[{"embeddable":true,"href":"https:\/\/meozen.com\/fr\/wp-json\/wp\/v2\/media\/181"}],"wp:attachment":[{"href":"https:\/\/meozen.com\/fr\/wp-json\/wp\/v2\/media?parent=4042"}],"curies":[{"name":"wp","href":"https:\/\/api.w.org\/{rel}","templated":true}]}}