{"id":4354,"date":"2022-02-04T18:04:54","date_gmt":"2022-02-04T17:04:54","guid":{"rendered":"https:\/\/meozen.com\/fr\/?page_id=4354"},"modified":"2022-03-11T18:47:56","modified_gmt":"2022-03-11T17:47:56","slug":"pratiquer-meditation-pleine-conscience","status":"publish","type":"page","link":"https:\/\/meozen.com\/fr\/pratiquer-meditation-pleine-conscience\/","title":{"rendered":"O\u00f9 et comment pratiquer la m\u00e9ditation pleine conscience ?"},"content":{"rendered":"\n<p>Parmi les nombreux avantages de la <a href=\"https:\/\/meozen.com\/fr\/meditation\/pleine-conscience\/\">m\u00e9ditation pleine conscience<\/a> figure certainement le fait de pouvoir la pratiquer librement. Que ce soit chez vous ou au travers d&rsquo;un cursus, les s\u00e9ances peuvent \u00eatre faites en fonction de votre besoin. D\u00e9couvrez ci-dessous diff\u00e9rentes mani\u00e8res de pratiquer la m\u00e9ditation pleine conscience. <\/p>\n\n\n\n<h2 class=\"wp-block-heading\">Pratiquer la m\u00e9ditation en pleine conscience en \u00e9tant encadr\u00e9<\/h2>\n\n\n\n<p>Il est tout \u00e0 fait possible de suivre des cours de m\u00e9ditation pleine conscience de mani\u00e8re encadr\u00e9e, ce qui est parfait si on souhaite initier ses diff\u00e9rents sens \u00e0 la pleine conscience. <\/p>\n\n\n\n<p>Dans le cas o\u00f9 vous seriez int\u00e9ress\u00e9, nous vous conseillons de suivre un cursus <meta charset=\"utf-8\">appel\u00e9 MBSR (Mindfulness Based Stress Reduction, ou \u00ab\u00a0R\u00e9duction du Stress Bas\u00e9e sur la Pleine Conscience\u00a0\u00bb en fran\u00e7ais) au sein d&rsquo;universit\u00e9, \u00e0 l&rsquo;image de l&rsquo;<a href=\"https:\/\/www.brown.edu\/public-health\/mindfulness\/classes\" target=\"_blank\" rel=\"noreferrer noopener\">universit\u00e9 Brown<\/a>&nbsp;aux Etats-Unis (une session par semaine en ligne via Zoom, en anglais). <\/p>\n\n\n\n<p>Dans ce cadre, la m\u00e9ditation de pleine conscience se pratique en&nbsp;<strong>huit s\u00e9ances de deux heures et demie hebdomadaires<\/strong>, suivies en groupe, et respecte totalement le cadre th\u00e9rapeutique et agnostique de la pratique, telle que con\u00e7ue par le professeur de m\u00e9decine Jon Kabat-Zinn. C&rsquo;est \u00e9galement ce protocole qui est appliqu\u00e9 par le psychiatre et psychoth\u00e9rapeute Christophe Andr\u00e9.<\/p>\n\n\n\n<h3 class=\"wp-block-heading\">Exemples d&rsquo;exercices MBSR<\/h3>\n\n\n\n<p>Lors des cursus MBSR, les participants effectuent des exercices de m\u00e9ditation en d\u00e9couvrant des facettes diff\u00e9rentes de la m\u00e9ditation pleine conscience au fil des huit semaines. Il leur est demand\u00e9 de les reproduire \u00e0 domicile de mani\u00e8re journali\u00e8re tout en faisant plus attention aux gestes du quotidien. Voici quelques exemples d&rsquo;exercices :&nbsp;<\/p>\n\n\n\n<p>&#8211; Prendre le temps de manger, de stimuler ses sens avec la nourriture<\/p>\n\n\n\n<p>&#8211; Effectuer des m\u00e9ditations guid\u00e9es quotidiennes<\/p>\n\n\n\n<p>&#8211; Effectuer une journ\u00e9e de silence complet&nbsp;<\/p>\n\n\n\n<p>Ainsi, la marche, la cuisine ou tout autre \u00e9v\u00e9nement de tous les jours deviennent des occasions de pratiquer la pleine conscience.<\/p>\n\n\n\n<h2 class=\"wp-block-heading\">Pratiquer la m\u00e9ditation pleine conscience chez soi<\/h2>\n\n\n\n<p>Chez-soi, la m\u00e9ditation de pleine conscience peut se pratiquer librement de plusieurs mani\u00e8res. D\u00e9couvrons quelques-unes des possibilit\u00e9s s&rsquo;offrant \u00e0 vous.<\/p>\n\n\n\n<h3 class=\"wp-block-heading\"> Avec des applications<\/h3>\n\n\n\n<p>Il existes diverses applications qui peuvent vous \u00eatre utile dans pour vous guider dans des m\u00e9ditations pleine conscience. Celles-ci sont utiles pour avoir un premier pas dans ce domaine, tout en vous laissant plus de flexibilit\u00e9 pour configurer votre s\u00e9ance en fonction du temps que vous avez devant vous. Ainsi, certaines applications proposent aussi bien de courtes s\u00e9ances de 5 minutes, comme de longues s\u00e9ances d&rsquo;une vingtaine de minutes. <\/p>\n\n\n\n<p>Bien qu&rsquo;il existe plus de choix d&rsquo;application en anglais, nous vous conseillons vivement de suivre les cours dans une langue que vous ma\u00eetrisez parfaitement afin d&rsquo;\u00eatre pleinement plong\u00e9 dans l&rsquo;exp\u00e9rience. <\/p>\n\n\n\n<h3 class=\"wp-block-heading\">Avec la s\u00e9rie Netflix \u00ab\u00a0Le Guide Headspace de la m\u00e9ditation\u00a0\u00bb<\/h3>\n\n\n\n<p>Le \u00ab\u00a0Guide Headspace de la m\u00e9ditation\u00a0\u00bb est une s\u00e9rie Netflix vous permettant d&rsquo;exp\u00e9rimenter de courtes sessions de m\u00e9ditation depuis chez vous. D&rsquo;une dur\u00e9e de 25 minutes environ, chaque \u00e9pisode s&rsquo;articule autour de deux parties. Dans la premi\u00e8re est expliqu\u00e9 le concept de la s\u00e9ance (apprendre \u00e0 l\u00e2cher prise, apprendre \u00e0 g\u00e9rer le stress, apprendre \u00e0 g\u00e9rer la col\u00e8re, \u00eatre gentil, etc.), et dans la deuxi\u00e8me vous est propos\u00e9 une m\u00e9ditation guid\u00e9e de 10 minutes environ. Disponible en fran\u00e7ais, cette s\u00e9rie constitue une excellente initiation \u00e0 la m\u00e9ditation de pleine conscience. <\/p>\n\n\n\n<p>Vous pouvez retrouver la s\u00e9rie sur Netflix en <a href=\"https:\/\/www.netflix.com\/fr\/title\/81280926\">cliquant ici<\/a>.<\/p>\n\n\n\n<figure class=\"wp-block-image size-full\"><a href=\"https:\/\/www.netflix.com\/fr\/title\/81280926\"><img fetchpriority=\"high\" decoding=\"async\" width=\"665\" height=\"374\" src=\"https:\/\/meozen.com\/fr\/wp-content\/uploads\/sites\/2\/2022\/02\/guide-headspace-meditation-netflix.jpeg\" alt=\"Image illustrant le guide Headspace de la m\u00e9ditatoin sur Netflix\" class=\"wp-image-4401\" srcset=\"https:\/\/meozen.com\/fr\/wp-content\/uploads\/sites\/2\/2022\/02\/guide-headspace-meditation-netflix.jpeg 665w, https:\/\/meozen.com\/fr\/wp-content\/uploads\/sites\/2\/2022\/02\/guide-headspace-meditation-netflix-300x169.jpeg 300w, https:\/\/meozen.com\/fr\/wp-content\/uploads\/sites\/2\/2022\/02\/guide-headspace-meditation-netflix-600x337.jpeg 600w\" sizes=\"(max-width: 665px) 100vw, 665px\" \/><\/a><\/figure>\n\n\n\n<h3 class=\"wp-block-heading\">Avec des vid\u00e9os Youtube<\/h3>\n\n\n\n<p>Youtube regorge de contenus li\u00e9es \u00e0 la m\u00e9ditation pleine conscience gratuits et de bonne qualit\u00e9. Certaines cha\u00eenes sont en fran\u00e7ais, n&rsquo;h\u00e9sitez donc pas \u00e0 consulter leurs contenus. <\/p>\n\n\n\n<h4 class=\"wp-block-heading\">S\u00e9ance de M\u00e9ditation pleine conscience avec Christophe Andr\u00e9 sur Youtube<\/h4>\n\n\n\n<figure class=\"wp-block-embed is-type-video is-provider-youtube wp-block-embed-youtube wp-embed-aspect-16-9 wp-has-aspect-ratio\"><div class=\"wp-block-embed__wrapper\">\n<div class=\"video-container\"><iframe title=\"S\u00e9ance de M\u00e9ditation : en pleine conscience  - Conf\u00e9rence Ralentir\" width=\"1170\" height=\"658\" src=\"https:\/\/www.youtube.com\/embed\/nmCnKWMedAM?feature=oembed\" frameborder=\"0\" allow=\"accelerometer; autoplay; clipboard-write; encrypted-media; gyroscope; picture-in-picture; web-share\" allowfullscreen><\/iframe><\/div>\n<\/div><\/figure>\n\n\n\n<h3 class=\"wp-block-heading\">Pratique \u00e0 l&rsquo;ext\u00e9rieur de chez soi<\/h3>\n\n\n\n<p>Dans ce cadre, la m\u00e9ditation en pleine conscience peut se pratiquer par s\u00e9ance quotidienne, et cela n\u2019importe et n\u2019importe quand. Que ce soit dans le m\u00e9tro, au travail, ou encore chez soi ; dans le bruit ou le calme, il n\u2019y a pas d\u2019imp\u00e9ratifs autre que de r\u00e9aliser pleinement que l\u2019on vit le moment actuel, en se concentrant sur nos sensations telles que le froid se glissant sur nos doigts, les sons qui nous entourent et les odeurs aux alentours.&nbsp;<\/p>\n\n\n\n<h2 class=\"wp-block-heading\">Combien de temps dure une s\u00e9ance ?<\/h2>\n\n\n\n<p>Une s\u00e9ance peut avoir une dur\u00e9e variable : en pratique libre, trois minutes dans son lit le matin ou cinq minutes sous la douche peuvent avoir un impact consid\u00e9rable sur votre journ\u00e9e. \u00c0 l&rsquo;inverse, les s\u00e9ances de m\u00e9ditation pleine conscience encadr\u00e9es sont bien plus longue : il faut compter entre une et deux heures pour y participer. <\/p>\n\n\n\n<h4 class=\"wp-block-heading\">Doit-on prendre une position particuli\u00e8re ?<\/h4>\n\n\n\n<p>\u00c0 l\u2019inverse d\u2019autres types de m\u00e9ditation, aucune position particuli\u00e8re n\u2019est demand\u00e9e. Assis, allong\u00e9 ou en train de marcher, cela importe peu. Celle-ci peut se pratiquer n\u2019importe o\u00f9, sans imp\u00e9ratif de bruit ou de lieu.&nbsp;<\/p>\n\n\n\n<p>Vous l\u2019aurez compris, ce type de m\u00e9ditation ne se pratique pas uniquement dans un \u00e9tat de repos, mais surtout de mati\u00e8re active au quotidien, car il s\u2019agit de vivre plus pleinement encore l\u2019instant pr\u00e9sent, quel qu\u2019il soit.&nbsp;<\/p>\n\n\n\n<h2 class=\"wp-block-heading\">Y-a-t-il besoin d\u2019\u00e9quipement pour les s\u00e9ances ?<\/h2>\n\n\n\n<p>Bonne nouvelle, il n\u2019y a pas de mat\u00e9riel particuli\u00e8rement requis pour les m\u00e9ditations en pleine conscience. Une simple chaise peut suffire pour les sessions se passant dans le calme. Si toutefois vous d\u00e9sirez faire des sessions en position de tailleur ou allong\u00e9, ou que vous souhaitez faire des asanas avant votre m\u00e9ditation, consultez notre page sur les <a href=\"https:\/\/meozen.com\/fr\/yoga\/equipement\/accessoires\/tapis-de-yoga\/\">meilleurs tapis de yoga<\/a> pour vous accompagner dans votre pratique.<\/p>\n\n\n\n<p style=\"font-size:10px\">Cette page a \u00e9t\u00e9 r\u00e9dig\u00e9e par <a href=\"https:\/\/meozen.com\/fr\/auteurs\/alexandre-missonnier\/\">Alexandre Missonnier<\/a>, professeur de yoga certifi\u00e9 RYT 500 \u00e0 Rishikesh (Inde), sonoth\u00e9rapeute et participants aux s\u00e9minaires de m\u00e9ditation pleine conscience de l&rsquo;Universit\u00e9 Brown (\u00c9tat de Rhode Island, \u00c9tats-Unis).<\/p>\n","protected":false},"excerpt":{"rendered":"<p>Parmi les nombreux avantages de la m\u00e9ditation pleine conscience figure certainement le fait de pouvoir la pratiquer librement. Que ce soit chez vous ou au travers d&rsquo;un cursus, les s\u00e9ances peuvent \u00eatre faites en fonction de votre besoin. D\u00e9couvrez ci-dessous diff\u00e9rentes mani\u00e8res de pratiquer la m\u00e9ditation pleine conscience. Pratiquer la m\u00e9ditation en pleine conscience en [&hellip;]<\/p>\n","protected":false},"author":1,"featured_media":4409,"parent":0,"menu_order":0,"comment_status":"closed","ping_status":"closed","template":"","meta":{"_mo_disable_npp":"","footnotes":""},"class_list":["post-4354","page","type-page","status-publish","has-post-thumbnail","hentry"],"yoast_head":"<!-- This site is optimized with the Yoast SEO plugin v26.8 - https:\/\/yoast.com\/product\/yoast-seo-wordpress\/ -->\n<title>O\u00f9 et comment pratiquer la m\u00e9ditation pleine conscience ?<\/title>\n<meta name=\"description\" content=\"D\u00e9couvrez les diff\u00e9rentes mani\u00e8res de pratiquer la m\u00e9ditation pleine conscience : dans le cadre de s\u00e9ances MBSR ou chez soi avec Meozen.\" \/>\n<meta name=\"robots\" content=\"index, follow, max-snippet:-1, max-image-preview:large, max-video-preview:-1\" \/>\n<link rel=\"canonical\" href=\"https:\/\/meozen.com\/fr\/pratiquer-meditation-pleine-conscience\/\" \/>\n<meta property=\"og:locale\" content=\"fr_FR\" \/>\n<meta property=\"og:type\" content=\"article\" \/>\n<meta property=\"og:title\" content=\"O\u00f9 et comment pratiquer la m\u00e9ditation pleine conscience ?\" \/>\n<meta property=\"og:description\" content=\"D\u00e9couvrez les diff\u00e9rentes mani\u00e8res de pratiquer la m\u00e9ditation pleine conscience : dans le cadre de s\u00e9ances MBSR ou chez soi avec Meozen.\" \/>\n<meta property=\"og:url\" content=\"https:\/\/meozen.com\/fr\/pratiquer-meditation-pleine-conscience\/\" \/>\n<meta property=\"og:site_name\" content=\"Meozen - Votre portail bien-\u00eatre\" \/>\n<meta property=\"article:publisher\" content=\"https:\/\/www.facebook.com\/MeozenFr\/\" \/>\n<meta property=\"article:modified_time\" content=\"2022-03-11T17:47:56+00:00\" \/>\n<meta property=\"og:image\" content=\"https:\/\/meozen.com\/fr\/wp-content\/uploads\/sites\/2\/2022\/02\/ou-et-comment-pratiquer-meditation-pleine-conscience.jpg\" \/>\n\t<meta property=\"og:image:width\" content=\"2240\" \/>\n\t<meta property=\"og:image:height\" content=\"1260\" \/>\n\t<meta property=\"og:image:type\" content=\"image\/jpeg\" \/>\n<meta name=\"twitter:card\" content=\"summary_large_image\" \/>\n<meta name=\"twitter:label1\" content=\"Dur\u00e9e de lecture estim\u00e9e\" \/>\n\t<meta name=\"twitter:data1\" content=\"5 minutes\" \/>\n<script type=\"application\/ld+json\" class=\"yoast-schema-graph\">{\"@context\":\"https:\/\/schema.org\",\"@graph\":[{\"@type\":\"WebPage\",\"@id\":\"https:\/\/meozen.com\/fr\/pratiquer-meditation-pleine-conscience\/\",\"url\":\"https:\/\/meozen.com\/fr\/pratiquer-meditation-pleine-conscience\/\",\"name\":\"O\u00f9 et comment pratiquer la m\u00e9ditation pleine conscience ?\",\"isPartOf\":{\"@id\":\"https:\/\/meozen.com\/fr\/#website\"},\"primaryImageOfPage\":{\"@id\":\"https:\/\/meozen.com\/fr\/pratiquer-meditation-pleine-conscience\/#primaryimage\"},\"image\":{\"@id\":\"https:\/\/meozen.com\/fr\/pratiquer-meditation-pleine-conscience\/#primaryimage\"},\"thumbnailUrl\":\"https:\/\/meozen.com\/fr\/wp-content\/uploads\/sites\/2\/2022\/02\/ou-et-comment-pratiquer-meditation-pleine-conscience.jpg\",\"datePublished\":\"2022-02-04T17:04:54+00:00\",\"dateModified\":\"2022-03-11T17:47:56+00:00\",\"description\":\"D\u00e9couvrez les diff\u00e9rentes mani\u00e8res de pratiquer la m\u00e9ditation pleine conscience : dans le cadre de s\u00e9ances MBSR ou chez soi avec Meozen.\",\"breadcrumb\":{\"@id\":\"https:\/\/meozen.com\/fr\/pratiquer-meditation-pleine-conscience\/#breadcrumb\"},\"inLanguage\":\"fr-FR\",\"potentialAction\":[{\"@type\":\"ReadAction\",\"target\":[\"https:\/\/meozen.com\/fr\/pratiquer-meditation-pleine-conscience\/\"]}]},{\"@type\":\"ImageObject\",\"inLanguage\":\"fr-FR\",\"@id\":\"https:\/\/meozen.com\/fr\/pratiquer-meditation-pleine-conscience\/#primaryimage\",\"url\":\"https:\/\/meozen.com\/fr\/wp-content\/uploads\/sites\/2\/2022\/02\/ou-et-comment-pratiquer-meditation-pleine-conscience.jpg\",\"contentUrl\":\"https:\/\/meozen.com\/fr\/wp-content\/uploads\/sites\/2\/2022\/02\/ou-et-comment-pratiquer-meditation-pleine-conscience.jpg\",\"width\":2240,\"height\":1260,\"caption\":\"Image montrant une m\u00e8re et sa fille en train de m\u00e9diter, accompagn\u00e9 de la mention suivante : \\\"O\u00f9 et comment pratiquer la M\u00e9ditation Pleine Conscience ?\\\"\"},{\"@type\":\"BreadcrumbList\",\"@id\":\"https:\/\/meozen.com\/fr\/pratiquer-meditation-pleine-conscience\/#breadcrumb\",\"itemListElement\":[{\"@type\":\"ListItem\",\"position\":1,\"name\":\"Accueil\",\"item\":\"https:\/\/meozen.com\/fr\/\"},{\"@type\":\"ListItem\",\"position\":2,\"name\":\"O\u00f9 et comment pratiquer la m\u00e9ditation pleine conscience ?\"}]},{\"@type\":\"WebSite\",\"@id\":\"https:\/\/meozen.com\/fr\/#website\",\"url\":\"https:\/\/meozen.com\/fr\/\",\"name\":\"Meozen - Votre portail bien-\u00eatre\",\"description\":\"D\u00e9couvrez tout l&#039;univers du bien-\u00eatre, yoga, m\u00e9ditation, trouvez les meilleures retraites et formations bien-\u00eatre\",\"publisher\":{\"@id\":\"https:\/\/meozen.com\/fr\/#organization\"},\"potentialAction\":[{\"@type\":\"SearchAction\",\"target\":{\"@type\":\"EntryPoint\",\"urlTemplate\":\"https:\/\/meozen.com\/fr\/?s={search_term_string}\"},\"query-input\":{\"@type\":\"PropertyValueSpecification\",\"valueRequired\":true,\"valueName\":\"search_term_string\"}}],\"inLanguage\":\"fr-FR\"},{\"@type\":\"Organization\",\"@id\":\"https:\/\/meozen.com\/fr\/#organization\",\"name\":\"Meozen\",\"url\":\"https:\/\/meozen.com\/fr\/\",\"logo\":{\"@type\":\"ImageObject\",\"inLanguage\":\"fr-FR\",\"@id\":\"https:\/\/meozen.com\/fr\/#\/schema\/logo\/image\/\",\"url\":\"https:\/\/meozen.com\/fr\/wp-content\/uploads\/sites\/2\/2021\/06\/logo-meozen-push.jpg\",\"contentUrl\":\"https:\/\/meozen.com\/fr\/wp-content\/uploads\/sites\/2\/2021\/06\/logo-meozen-push.jpg\",\"width\":384,\"height\":384,\"caption\":\"Meozen\"},\"image\":{\"@id\":\"https:\/\/meozen.com\/fr\/#\/schema\/logo\/image\/\"},\"sameAs\":[\"https:\/\/www.facebook.com\/MeozenFr\/\",\"https:\/\/www.pinterest.fr\/meozen_officiel\/\",\"https:\/\/www.instagram.com\/meozen_officiel\/\"]}]}<\/script>\n<!-- \/ Yoast SEO plugin. -->","yoast_head_json":{"title":"O\u00f9 et comment pratiquer la m\u00e9ditation pleine conscience ?","description":"D\u00e9couvrez les diff\u00e9rentes mani\u00e8res de pratiquer la m\u00e9ditation pleine conscience : dans le cadre de s\u00e9ances MBSR ou chez soi avec Meozen.","robots":{"index":"index","follow":"follow","max-snippet":"max-snippet:-1","max-image-preview":"max-image-preview:large","max-video-preview":"max-video-preview:-1"},"canonical":"https:\/\/meozen.com\/fr\/pratiquer-meditation-pleine-conscience\/","og_locale":"fr_FR","og_type":"article","og_title":"O\u00f9 et comment pratiquer la m\u00e9ditation pleine conscience ?","og_description":"D\u00e9couvrez les diff\u00e9rentes mani\u00e8res de pratiquer la m\u00e9ditation pleine conscience : dans le cadre de s\u00e9ances MBSR ou chez soi avec Meozen.","og_url":"https:\/\/meozen.com\/fr\/pratiquer-meditation-pleine-conscience\/","og_site_name":"Meozen - Votre portail bien-\u00eatre","article_publisher":"https:\/\/www.facebook.com\/MeozenFr\/","article_modified_time":"2022-03-11T17:47:56+00:00","og_image":[{"width":2240,"height":1260,"url":"https:\/\/meozen.com\/fr\/wp-content\/uploads\/sites\/2\/2022\/02\/ou-et-comment-pratiquer-meditation-pleine-conscience.jpg","type":"image\/jpeg"}],"twitter_card":"summary_large_image","twitter_misc":{"Dur\u00e9e de lecture estim\u00e9e":"5 minutes"},"schema":{"@context":"https:\/\/schema.org","@graph":[{"@type":"WebPage","@id":"https:\/\/meozen.com\/fr\/pratiquer-meditation-pleine-conscience\/","url":"https:\/\/meozen.com\/fr\/pratiquer-meditation-pleine-conscience\/","name":"O\u00f9 et comment pratiquer la m\u00e9ditation pleine conscience ?","isPartOf":{"@id":"https:\/\/meozen.com\/fr\/#website"},"primaryImageOfPage":{"@id":"https:\/\/meozen.com\/fr\/pratiquer-meditation-pleine-conscience\/#primaryimage"},"image":{"@id":"https:\/\/meozen.com\/fr\/pratiquer-meditation-pleine-conscience\/#primaryimage"},"thumbnailUrl":"https:\/\/meozen.com\/fr\/wp-content\/uploads\/sites\/2\/2022\/02\/ou-et-comment-pratiquer-meditation-pleine-conscience.jpg","datePublished":"2022-02-04T17:04:54+00:00","dateModified":"2022-03-11T17:47:56+00:00","description":"D\u00e9couvrez les diff\u00e9rentes mani\u00e8res de pratiquer la m\u00e9ditation pleine conscience : dans le cadre de s\u00e9ances MBSR ou chez soi avec Meozen.","breadcrumb":{"@id":"https:\/\/meozen.com\/fr\/pratiquer-meditation-pleine-conscience\/#breadcrumb"},"inLanguage":"fr-FR","potentialAction":[{"@type":"ReadAction","target":["https:\/\/meozen.com\/fr\/pratiquer-meditation-pleine-conscience\/"]}]},{"@type":"ImageObject","inLanguage":"fr-FR","@id":"https:\/\/meozen.com\/fr\/pratiquer-meditation-pleine-conscience\/#primaryimage","url":"https:\/\/meozen.com\/fr\/wp-content\/uploads\/sites\/2\/2022\/02\/ou-et-comment-pratiquer-meditation-pleine-conscience.jpg","contentUrl":"https:\/\/meozen.com\/fr\/wp-content\/uploads\/sites\/2\/2022\/02\/ou-et-comment-pratiquer-meditation-pleine-conscience.jpg","width":2240,"height":1260,"caption":"Image montrant une m\u00e8re et sa fille en train de m\u00e9diter, accompagn\u00e9 de la mention suivante : \"O\u00f9 et comment pratiquer la M\u00e9ditation Pleine Conscience ?\""},{"@type":"BreadcrumbList","@id":"https:\/\/meozen.com\/fr\/pratiquer-meditation-pleine-conscience\/#breadcrumb","itemListElement":[{"@type":"ListItem","position":1,"name":"Accueil","item":"https:\/\/meozen.com\/fr\/"},{"@type":"ListItem","position":2,"name":"O\u00f9 et comment pratiquer la m\u00e9ditation pleine conscience ?"}]},{"@type":"WebSite","@id":"https:\/\/meozen.com\/fr\/#website","url":"https:\/\/meozen.com\/fr\/","name":"Meozen - Votre portail bien-\u00eatre","description":"D\u00e9couvrez tout l&#039;univers du bien-\u00eatre, yoga, m\u00e9ditation, trouvez les meilleures retraites et formations bien-\u00eatre","publisher":{"@id":"https:\/\/meozen.com\/fr\/#organization"},"potentialAction":[{"@type":"SearchAction","target":{"@type":"EntryPoint","urlTemplate":"https:\/\/meozen.com\/fr\/?s={search_term_string}"},"query-input":{"@type":"PropertyValueSpecification","valueRequired":true,"valueName":"search_term_string"}}],"inLanguage":"fr-FR"},{"@type":"Organization","@id":"https:\/\/meozen.com\/fr\/#organization","name":"Meozen","url":"https:\/\/meozen.com\/fr\/","logo":{"@type":"ImageObject","inLanguage":"fr-FR","@id":"https:\/\/meozen.com\/fr\/#\/schema\/logo\/image\/","url":"https:\/\/meozen.com\/fr\/wp-content\/uploads\/sites\/2\/2021\/06\/logo-meozen-push.jpg","contentUrl":"https:\/\/meozen.com\/fr\/wp-content\/uploads\/sites\/2\/2021\/06\/logo-meozen-push.jpg","width":384,"height":384,"caption":"Meozen"},"image":{"@id":"https:\/\/meozen.com\/fr\/#\/schema\/logo\/image\/"},"sameAs":["https:\/\/www.facebook.com\/MeozenFr\/","https:\/\/www.pinterest.fr\/meozen_officiel\/","https:\/\/www.instagram.com\/meozen_officiel\/"]}]}},"_links":{"self":[{"href":"https:\/\/meozen.com\/fr\/wp-json\/wp\/v2\/pages\/4354","targetHints":{"allow":["GET"]}}],"collection":[{"href":"https:\/\/meozen.com\/fr\/wp-json\/wp\/v2\/pages"}],"about":[{"href":"https:\/\/meozen.com\/fr\/wp-json\/wp\/v2\/types\/page"}],"author":[{"embeddable":true,"href":"https:\/\/meozen.com\/fr\/wp-json\/wp\/v2\/users\/1"}],"replies":[{"embeddable":true,"href":"https:\/\/meozen.com\/fr\/wp-json\/wp\/v2\/comments?post=4354"}],"version-history":[{"count":0,"href":"https:\/\/meozen.com\/fr\/wp-json\/wp\/v2\/pages\/4354\/revisions"}],"wp:featuredmedia":[{"embeddable":true,"href":"https:\/\/meozen.com\/fr\/wp-json\/wp\/v2\/media\/4409"}],"wp:attachment":[{"href":"https:\/\/meozen.com\/fr\/wp-json\/wp\/v2\/media?parent=4354"}],"curies":[{"name":"wp","href":"https:\/\/api.w.org\/{rel}","templated":true}]}}