{"id":5781,"date":"2023-06-13T23:54:44","date_gmt":"2023-06-13T21:54:44","guid":{"rendered":"https:\/\/meozen.com\/fr\/?page_id=5781"},"modified":"2023-08-27T11:21:15","modified_gmt":"2023-08-27T09:21:15","slug":"jerome-daltrozzo","status":"publish","type":"page","link":"https:\/\/meozen.com\/fr\/experts-bien-etre\/jerome-daltrozzo\/","title":{"rendered":"J\u00e9r\u00f4me Daltrozzo &#8211; Hypnoth\u00e9rapeute"},"content":{"rendered":"\t\t<div data-elementor-type=\"wp-page\" data-elementor-id=\"5781\" class=\"elementor elementor-5781\" data-elementor-post-type=\"page\">\n\t\t\t\t\t\t<section class=\"elementor-section elementor-top-section elementor-element elementor-element-7cc1a2db elementor-section-boxed elementor-section-height-default elementor-section-height-default\" data-id=\"7cc1a2db\" data-element_type=\"section\" data-e-type=\"section\">\n\t\t\t\t\t\t<div class=\"elementor-container elementor-column-gap-default\">\n\t\t\t\t\t<div class=\"elementor-column elementor-col-100 elementor-top-column elementor-element elementor-element-3ef0a412\" data-id=\"3ef0a412\" data-element_type=\"column\" data-e-type=\"column\">\n\t\t\t<div class=\"elementor-widget-wrap elementor-element-populated\">\n\t\t\t\t\t\t<div class=\"elementor-element elementor-element-24ecc889 elementor-align-center elementor-widget elementor-widget-breadcrumbs\" data-id=\"24ecc889\" data-element_type=\"widget\" data-e-type=\"widget\" data-widget_type=\"breadcrumbs.default\">\n\t\t\t\t<div class=\"elementor-widget-container\">\n\t\t\t\t\t<p id=\"breadcrumbs\"><span><span><a href=\"https:\/\/meozen.com\/fr\/\">Accueil<\/a><\/span><\/span><\/p>\t\t\t\t<\/div>\n\t\t\t\t<\/div>\n\t\t\t\t\t<\/div>\n\t\t<\/div>\n\t\t\t\t\t<\/div>\n\t\t<\/section>\n\t\t\t\t<section class=\"elementor-section elementor-top-section elementor-element elementor-element-50299366 elementor-section-boxed elementor-section-height-default elementor-section-height-default\" data-id=\"50299366\" data-element_type=\"section\" data-e-type=\"section\">\n\t\t\t\t\t\t<div class=\"elementor-container elementor-column-gap-default\">\n\t\t\t\t\t<div class=\"elementor-column elementor-col-100 elementor-top-column elementor-element elementor-element-2c986a06\" data-id=\"2c986a06\" data-element_type=\"column\" data-e-type=\"column\">\n\t\t\t<div class=\"elementor-widget-wrap elementor-element-populated\">\n\t\t\t\t\t\t<section class=\"elementor-section elementor-inner-section elementor-element elementor-element-450a513 elementor-section-boxed elementor-section-height-default elementor-section-height-default\" data-id=\"450a513\" data-element_type=\"section\" data-e-type=\"section\">\n\t\t\t\t\t\t<div class=\"elementor-container elementor-column-gap-default\">\n\t\t\t\t\t<div class=\"elementor-column elementor-col-50 elementor-inner-column elementor-element elementor-element-e366c48\" data-id=\"e366c48\" data-element_type=\"column\" data-e-type=\"column\">\n\t\t\t<div class=\"elementor-widget-wrap elementor-element-populated\">\n\t\t\t\t\t\t<div class=\"elementor-element elementor-element-2eb34a50 elementor-widget__width-initial elementor-widget elementor-widget-theme-post-featured-image elementor-widget-image\" data-id=\"2eb34a50\" data-element_type=\"widget\" data-e-type=\"widget\" data-widget_type=\"theme-post-featured-image.default\">\n\t\t\t\t<div class=\"elementor-widget-container\">\n\t\t\t\t\t\t\t\t\t\t\t\t\t\t\t<img decoding=\"async\" src=\"https:\/\/meozen.com\/fr\/wp-content\/uploads\/sites\/2\/elementor\/thumbs\/jerome-daltrozzo-hypnotherapeute-meozen-r2ntzu6xfnkbrreeg4thnqbmzntp0noppao4osmt1k.jpeg\" title=\"jerome-daltrozzo-hypnotherapeute-meozen\" alt=\"jerome-daltrozzo-hypnotherapeute-meozen\" loading=\"lazy\" \/>\t\t\t\t\t\t\t\t\t\t\t\t\t\t\t<\/div>\n\t\t\t\t<\/div>\n\t\t\t\t\t<\/div>\n\t\t<\/div>\n\t\t\t\t<div class=\"elementor-column elementor-col-50 elementor-inner-column elementor-element elementor-element-af5b985\" data-id=\"af5b985\" data-element_type=\"column\" data-e-type=\"column\">\n\t\t\t<div class=\"elementor-widget-wrap elementor-element-populated\">\n\t\t\t\t\t\t<div class=\"elementor-element elementor-element-498247fe elementor-widget elementor-widget-theme-post-title elementor-page-title elementor-widget-heading\" data-id=\"498247fe\" data-element_type=\"widget\" data-e-type=\"widget\" data-widget_type=\"theme-post-title.default\">\n\t\t\t\t<div class=\"elementor-widget-container\">\n\t\t\t\t\t<h1 class=\"elementor-heading-title elementor-size-default\">J\u00e9r\u00f4me Daltrozzo &#8211; Hypnoth\u00e9rapeute<\/h1>\t\t\t\t<\/div>\n\t\t\t\t<\/div>\n\t\t\t\t\t<\/div>\n\t\t<\/div>\n\t\t\t\t\t<\/div>\n\t\t<\/section>\n\t\t\t\t\t<\/div>\n\t\t<\/div>\n\t\t\t\t\t<\/div>\n\t\t<\/section>\n\t\t\t\t<section class=\"elementor-section elementor-top-section elementor-element elementor-element-78124034 elementor-section-boxed elementor-section-height-default elementor-section-height-default\" data-id=\"78124034\" data-element_type=\"section\" data-e-type=\"section\">\n\t\t\t\t\t\t<div class=\"elementor-container elementor-column-gap-default\">\n\t\t\t\t\t<div class=\"elementor-column elementor-col-100 elementor-top-column elementor-element elementor-element-2da416b0\" data-id=\"2da416b0\" data-element_type=\"column\" data-e-type=\"column\">\n\t\t\t<div class=\"elementor-widget-wrap elementor-element-populated\">\n\t\t\t\t\t\t<div class=\"elementor-element elementor-element-72177a9 elementor-widget elementor-widget-text-editor\" data-id=\"72177a9\" data-element_type=\"widget\" data-e-type=\"widget\" data-widget_type=\"text-editor.default\">\n\t\t\t\t<div class=\"elementor-widget-container\">\n\t\t\t\t\t\t\t\t\t<p>J\u00e9r\u00f4me Daltrozzo, PhD (docteur en \u00ab\u00a0Sciences du Vivant\u00a0\u00bb orient\u00e9 psychologie cognitive et neurophysiologie), <a href=\"https:\/\/scholar.google.com.hk\/citations?user=eYRYQA4AAAAJ&amp;hl=en\">chercheur en psychologie cognitive pendant 15 ans<\/a> en France (CNRS et INSERM) et aux \u00c9tats-Unis (traitement cognitif du langage et de la m\u00e9moire dans des \u00e9tats de conscience modifi\u00e9s: coma, sommeil, hypnose), sp\u00e9cialis\u00e9 en hypnose \u00e9ricksonienne (ma\u00eetre praticien), hypnose spirituelle (m\u00e9thodes de Dolores Cannon QHHT\u00ae praticien niveau 2 et de Candace Craw-Goldman BQH\u00ae) et lecture d&rsquo;\u00e2me. T\u00e9l\u00e9consultations &amp; consultations en cabinet (Toulouse et Castres 81100).<\/p><p>Prise de rendez-vous en ligne:<\/p><p><a href=\"https:\/\/www.medoucine.com\/consultation\/toulouse\/jerome-daltrozzo\/423\">https:\/\/www.medoucine.com\/consultation\/toulouse\/jerome-daltrozzo\/423<\/a><\/p><p>Pour plus d&rsquo;infos:<\/p><p><a href=\"https:\/\/jeromedaltrozzo.wixsite.com\/hypnose\">https:\/\/jeromedaltrozzo.wixsite.com\/hypnose<\/a><\/p><p>Contact:<\/p><p>06 56 76 31 41<\/p>\t\t\t\t\t\t\t\t<\/div>\n\t\t\t\t<\/div>\n\t\t\t\t<div class=\"elementor-element elementor-element-c2f6e0d elementor-widget elementor-widget-heading\" data-id=\"c2f6e0d\" data-element_type=\"widget\" data-e-type=\"widget\" data-widget_type=\"heading.default\">\n\t\t\t\t<div class=\"elementor-widget-container\">\n\t\t\t\t\t<h2 class=\"elementor-heading-title elementor-size-default\">Ses articles sur Meozen<\/h2>\t\t\t\t<\/div>\n\t\t\t\t<\/div>\n\t\t\t\t<div class=\"elementor-element elementor-element-73c3b8d elementor-widget elementor-widget-text-editor\" data-id=\"73c3b8d\" data-element_type=\"widget\" data-e-type=\"widget\" data-widget_type=\"text-editor.default\">\n\t\t\t\t<div class=\"elementor-widget-container\">\n\t\t\t\t\t\t\t\t\t<ul><li><a href=\"https:\/\/meozen.com\/fr\/hypnotherapie\/\" target=\"_blank\" rel=\"noopener\">Tout savoir sur l&rsquo;hypnoth\u00e9rapie<\/a><\/li><li><a href=\"https:\/\/meozen.com\/fr\/hypnose-spirituelle-lecture-d-ame\/\">L&rsquo;hypnose spirituelle pour la lecture d&rsquo;\u00e2me<\/a><\/li><\/ul>\t\t\t\t\t\t\t\t<\/div>\n\t\t\t\t<\/div>\n\t\t\t\t\t<\/div>\n\t\t<\/div>\n\t\t\t\t\t<\/div>\n\t\t<\/section>\n\t\t\t\t<\/div>\n\t\t","protected":false},"excerpt":{"rendered":"<p>J\u00e9r\u00f4me Daltrozzo, PhD (docteur en \u00ab\u00a0Sciences du Vivant\u00a0\u00bb orient\u00e9 psychologie cognitive et neurophysiologie), chercheur en psychologie cognitive pendant 15 ans en France (CNRS et INSERM) et aux \u00c9tats-Unis (traitement cognitif du langage et de la m\u00e9moire dans des \u00e9tats de conscience modifi\u00e9s: coma, sommeil, hypnose), sp\u00e9cialis\u00e9 en hypnose \u00e9ricksonienne (ma\u00eetre praticien), hypnose spirituelle (m\u00e9thodes de [&hellip;]<\/p>\n","protected":false},"author":1,"featured_media":5793,"parent":2414,"menu_order":0,"comment_status":"closed","ping_status":"closed","template":"","meta":{"_mo_disable_npp":"","footnotes":""},"class_list":["post-5781","page","type-page","status-publish","has-post-thumbnail","hentry"],"yoast_head":"<!-- This site is optimized with the Yoast SEO plugin v26.8 - https:\/\/yoast.com\/product\/yoast-seo-wordpress\/ -->\n<title>J\u00e9r\u00f4me Daltrozzo - Hypnoth\u00e9rapeute - Meozen<\/title>\n<meta name=\"robots\" content=\"index, follow, max-snippet:-1, max-image-preview:large, max-video-preview:-1\" \/>\n<link rel=\"canonical\" href=\"https:\/\/meozen.com\/fr\/experts-bien-etre\/jerome-daltrozzo\/\" \/>\n<meta property=\"og:locale\" content=\"fr_FR\" \/>\n<meta property=\"og:type\" content=\"article\" \/>\n<meta property=\"og:title\" content=\"J\u00e9r\u00f4me Daltrozzo - Hypnoth\u00e9rapeute - Meozen\" \/>\n<meta property=\"og:description\" content=\"J\u00e9r\u00f4me Daltrozzo, PhD (docteur en \u00ab\u00a0Sciences du Vivant\u00a0\u00bb orient\u00e9 psychologie cognitive et neurophysiologie), chercheur en psychologie cognitive pendant 15 ans en France (CNRS et INSERM) et aux \u00c9tats-Unis (traitement cognitif du langage et de la m\u00e9moire dans des \u00e9tats de conscience modifi\u00e9s: coma, sommeil, hypnose), sp\u00e9cialis\u00e9 en hypnose \u00e9ricksonienne (ma\u00eetre praticien), hypnose spirituelle (m\u00e9thodes de [&hellip;]\" \/>\n<meta property=\"og:url\" content=\"https:\/\/meozen.com\/fr\/experts-bien-etre\/jerome-daltrozzo\/\" \/>\n<meta property=\"og:site_name\" content=\"Meozen - Votre portail bien-\u00eatre\" \/>\n<meta property=\"article:publisher\" content=\"https:\/\/www.facebook.com\/MeozenFr\/\" \/>\n<meta property=\"article:modified_time\" content=\"2023-08-27T09:21:15+00:00\" \/>\n<meta property=\"og:image\" content=\"https:\/\/meozen.com\/fr\/wp-content\/uploads\/sites\/2\/2023\/06\/jerome-daltrozzo-hypnotherapeute-meozen.jpeg\" \/>\n\t<meta property=\"og:image:width\" content=\"1200\" \/>\n\t<meta property=\"og:image:height\" content=\"1800\" \/>\n\t<meta property=\"og:image:type\" content=\"image\/jpeg\" \/>\n<meta name=\"twitter:card\" content=\"summary_large_image\" \/>\n<meta name=\"twitter:label1\" content=\"Dur\u00e9e de lecture estim\u00e9e\" \/>\n\t<meta name=\"twitter:data1\" content=\"1 minute\" \/>\n<script type=\"application\/ld+json\" class=\"yoast-schema-graph\">{\"@context\":\"https:\/\/schema.org\",\"@graph\":[{\"@type\":\"WebPage\",\"@id\":\"https:\/\/meozen.com\/fr\/experts-bien-etre\/jerome-daltrozzo\/\",\"url\":\"https:\/\/meozen.com\/fr\/experts-bien-etre\/jerome-daltrozzo\/\",\"name\":\"J\u00e9r\u00f4me Daltrozzo - Hypnoth\u00e9rapeute - Meozen\",\"isPartOf\":{\"@id\":\"https:\/\/meozen.com\/fr\/#website\"},\"primaryImageOfPage\":{\"@id\":\"https:\/\/meozen.com\/fr\/experts-bien-etre\/jerome-daltrozzo\/#primaryimage\"},\"image\":{\"@id\":\"https:\/\/meozen.com\/fr\/experts-bien-etre\/jerome-daltrozzo\/#primaryimage\"},\"thumbnailUrl\":\"https:\/\/meozen.com\/fr\/wp-content\/uploads\/sites\/2\/2023\/06\/jerome-daltrozzo-hypnotherapeute-meozen.jpeg\",\"datePublished\":\"2023-06-13T21:54:44+00:00\",\"dateModified\":\"2023-08-27T09:21:15+00:00\",\"breadcrumb\":{\"@id\":\"https:\/\/meozen.com\/fr\/experts-bien-etre\/jerome-daltrozzo\/#breadcrumb\"},\"inLanguage\":\"fr-FR\",\"potentialAction\":[{\"@type\":\"ReadAction\",\"target\":[\"https:\/\/meozen.com\/fr\/experts-bien-etre\/jerome-daltrozzo\/\"]}]},{\"@type\":\"ImageObject\",\"inLanguage\":\"fr-FR\",\"@id\":\"https:\/\/meozen.com\/fr\/experts-bien-etre\/jerome-daltrozzo\/#primaryimage\",\"url\":\"https:\/\/meozen.com\/fr\/wp-content\/uploads\/sites\/2\/2023\/06\/jerome-daltrozzo-hypnotherapeute-meozen.jpeg\",\"contentUrl\":\"https:\/\/meozen.com\/fr\/wp-content\/uploads\/sites\/2\/2023\/06\/jerome-daltrozzo-hypnotherapeute-meozen.jpeg\",\"width\":1200,\"height\":1800},{\"@type\":\"BreadcrumbList\",\"@id\":\"https:\/\/meozen.com\/fr\/experts-bien-etre\/jerome-daltrozzo\/#breadcrumb\",\"itemListElement\":[{\"@type\":\"ListItem\",\"position\":1,\"name\":\"Accueil\",\"item\":\"https:\/\/meozen.com\/fr\/\"},{\"@type\":\"ListItem\",\"position\":2,\"name\":\"Experts bien-\u00eatre\",\"item\":\"https:\/\/meozen.com\/fr\/experts-bien-etre\/\"},{\"@type\":\"ListItem\",\"position\":3,\"name\":\"J\u00e9r\u00f4me Daltrozzo &#8211; Hypnoth\u00e9rapeute\"}]},{\"@type\":\"WebSite\",\"@id\":\"https:\/\/meozen.com\/fr\/#website\",\"url\":\"https:\/\/meozen.com\/fr\/\",\"name\":\"Meozen - Votre portail bien-\u00eatre\",\"description\":\"D\u00e9couvrez tout l&#039;univers du bien-\u00eatre, yoga, m\u00e9ditation, trouvez les meilleures retraites et formations bien-\u00eatre\",\"publisher\":{\"@id\":\"https:\/\/meozen.com\/fr\/#organization\"},\"potentialAction\":[{\"@type\":\"SearchAction\",\"target\":{\"@type\":\"EntryPoint\",\"urlTemplate\":\"https:\/\/meozen.com\/fr\/?s={search_term_string}\"},\"query-input\":{\"@type\":\"PropertyValueSpecification\",\"valueRequired\":true,\"valueName\":\"search_term_string\"}}],\"inLanguage\":\"fr-FR\"},{\"@type\":\"Organization\",\"@id\":\"https:\/\/meozen.com\/fr\/#organization\",\"name\":\"Meozen\",\"url\":\"https:\/\/meozen.com\/fr\/\",\"logo\":{\"@type\":\"ImageObject\",\"inLanguage\":\"fr-FR\",\"@id\":\"https:\/\/meozen.com\/fr\/#\/schema\/logo\/image\/\",\"url\":\"https:\/\/meozen.com\/fr\/wp-content\/uploads\/sites\/2\/2021\/06\/logo-meozen-push.jpg\",\"contentUrl\":\"https:\/\/meozen.com\/fr\/wp-content\/uploads\/sites\/2\/2021\/06\/logo-meozen-push.jpg\",\"width\":384,\"height\":384,\"caption\":\"Meozen\"},\"image\":{\"@id\":\"https:\/\/meozen.com\/fr\/#\/schema\/logo\/image\/\"},\"sameAs\":[\"https:\/\/www.facebook.com\/MeozenFr\/\",\"https:\/\/www.pinterest.fr\/meozen_officiel\/\",\"https:\/\/www.instagram.com\/meozen_officiel\/\"]}]}<\/script>\n<!-- \/ Yoast SEO plugin. -->","yoast_head_json":{"title":"J\u00e9r\u00f4me Daltrozzo - Hypnoth\u00e9rapeute - Meozen","robots":{"index":"index","follow":"follow","max-snippet":"max-snippet:-1","max-image-preview":"max-image-preview:large","max-video-preview":"max-video-preview:-1"},"canonical":"https:\/\/meozen.com\/fr\/experts-bien-etre\/jerome-daltrozzo\/","og_locale":"fr_FR","og_type":"article","og_title":"J\u00e9r\u00f4me Daltrozzo - Hypnoth\u00e9rapeute - Meozen","og_description":"J\u00e9r\u00f4me Daltrozzo, PhD (docteur en \u00ab\u00a0Sciences du Vivant\u00a0\u00bb orient\u00e9 psychologie cognitive et neurophysiologie), chercheur en psychologie cognitive pendant 15 ans en France (CNRS et INSERM) et aux \u00c9tats-Unis (traitement cognitif du langage et de la m\u00e9moire dans des \u00e9tats de conscience modifi\u00e9s: coma, sommeil, hypnose), sp\u00e9cialis\u00e9 en hypnose \u00e9ricksonienne (ma\u00eetre praticien), hypnose spirituelle (m\u00e9thodes de [&hellip;]","og_url":"https:\/\/meozen.com\/fr\/experts-bien-etre\/jerome-daltrozzo\/","og_site_name":"Meozen - Votre portail bien-\u00eatre","article_publisher":"https:\/\/www.facebook.com\/MeozenFr\/","article_modified_time":"2023-08-27T09:21:15+00:00","og_image":[{"width":1200,"height":1800,"url":"https:\/\/meozen.com\/fr\/wp-content\/uploads\/sites\/2\/2023\/06\/jerome-daltrozzo-hypnotherapeute-meozen.jpeg","type":"image\/jpeg"}],"twitter_card":"summary_large_image","twitter_misc":{"Dur\u00e9e de lecture estim\u00e9e":"1 minute"},"schema":{"@context":"https:\/\/schema.org","@graph":[{"@type":"WebPage","@id":"https:\/\/meozen.com\/fr\/experts-bien-etre\/jerome-daltrozzo\/","url":"https:\/\/meozen.com\/fr\/experts-bien-etre\/jerome-daltrozzo\/","name":"J\u00e9r\u00f4me Daltrozzo - Hypnoth\u00e9rapeute - Meozen","isPartOf":{"@id":"https:\/\/meozen.com\/fr\/#website"},"primaryImageOfPage":{"@id":"https:\/\/meozen.com\/fr\/experts-bien-etre\/jerome-daltrozzo\/#primaryimage"},"image":{"@id":"https:\/\/meozen.com\/fr\/experts-bien-etre\/jerome-daltrozzo\/#primaryimage"},"thumbnailUrl":"https:\/\/meozen.com\/fr\/wp-content\/uploads\/sites\/2\/2023\/06\/jerome-daltrozzo-hypnotherapeute-meozen.jpeg","datePublished":"2023-06-13T21:54:44+00:00","dateModified":"2023-08-27T09:21:15+00:00","breadcrumb":{"@id":"https:\/\/meozen.com\/fr\/experts-bien-etre\/jerome-daltrozzo\/#breadcrumb"},"inLanguage":"fr-FR","potentialAction":[{"@type":"ReadAction","target":["https:\/\/meozen.com\/fr\/experts-bien-etre\/jerome-daltrozzo\/"]}]},{"@type":"ImageObject","inLanguage":"fr-FR","@id":"https:\/\/meozen.com\/fr\/experts-bien-etre\/jerome-daltrozzo\/#primaryimage","url":"https:\/\/meozen.com\/fr\/wp-content\/uploads\/sites\/2\/2023\/06\/jerome-daltrozzo-hypnotherapeute-meozen.jpeg","contentUrl":"https:\/\/meozen.com\/fr\/wp-content\/uploads\/sites\/2\/2023\/06\/jerome-daltrozzo-hypnotherapeute-meozen.jpeg","width":1200,"height":1800},{"@type":"BreadcrumbList","@id":"https:\/\/meozen.com\/fr\/experts-bien-etre\/jerome-daltrozzo\/#breadcrumb","itemListElement":[{"@type":"ListItem","position":1,"name":"Accueil","item":"https:\/\/meozen.com\/fr\/"},{"@type":"ListItem","position":2,"name":"Experts bien-\u00eatre","item":"https:\/\/meozen.com\/fr\/experts-bien-etre\/"},{"@type":"ListItem","position":3,"name":"J\u00e9r\u00f4me Daltrozzo &#8211; Hypnoth\u00e9rapeute"}]},{"@type":"WebSite","@id":"https:\/\/meozen.com\/fr\/#website","url":"https:\/\/meozen.com\/fr\/","name":"Meozen - Votre portail bien-\u00eatre","description":"D\u00e9couvrez tout l&#039;univers du bien-\u00eatre, yoga, m\u00e9ditation, trouvez les meilleures retraites et formations bien-\u00eatre","publisher":{"@id":"https:\/\/meozen.com\/fr\/#organization"},"potentialAction":[{"@type":"SearchAction","target":{"@type":"EntryPoint","urlTemplate":"https:\/\/meozen.com\/fr\/?s={search_term_string}"},"query-input":{"@type":"PropertyValueSpecification","valueRequired":true,"valueName":"search_term_string"}}],"inLanguage":"fr-FR"},{"@type":"Organization","@id":"https:\/\/meozen.com\/fr\/#organization","name":"Meozen","url":"https:\/\/meozen.com\/fr\/","logo":{"@type":"ImageObject","inLanguage":"fr-FR","@id":"https:\/\/meozen.com\/fr\/#\/schema\/logo\/image\/","url":"https:\/\/meozen.com\/fr\/wp-content\/uploads\/sites\/2\/2021\/06\/logo-meozen-push.jpg","contentUrl":"https:\/\/meozen.com\/fr\/wp-content\/uploads\/sites\/2\/2021\/06\/logo-meozen-push.jpg","width":384,"height":384,"caption":"Meozen"},"image":{"@id":"https:\/\/meozen.com\/fr\/#\/schema\/logo\/image\/"},"sameAs":["https:\/\/www.facebook.com\/MeozenFr\/","https:\/\/www.pinterest.fr\/meozen_officiel\/","https:\/\/www.instagram.com\/meozen_officiel\/"]}]}},"_links":{"self":[{"href":"https:\/\/meozen.com\/fr\/wp-json\/wp\/v2\/pages\/5781","targetHints":{"allow":["GET"]}}],"collection":[{"href":"https:\/\/meozen.com\/fr\/wp-json\/wp\/v2\/pages"}],"about":[{"href":"https:\/\/meozen.com\/fr\/wp-json\/wp\/v2\/types\/page"}],"author":[{"embeddable":true,"href":"https:\/\/meozen.com\/fr\/wp-json\/wp\/v2\/users\/1"}],"replies":[{"embeddable":true,"href":"https:\/\/meozen.com\/fr\/wp-json\/wp\/v2\/comments?post=5781"}],"version-history":[{"count":0,"href":"https:\/\/meozen.com\/fr\/wp-json\/wp\/v2\/pages\/5781\/revisions"}],"up":[{"embeddable":true,"href":"https:\/\/meozen.com\/fr\/wp-json\/wp\/v2\/pages\/2414"}],"wp:featuredmedia":[{"embeddable":true,"href":"https:\/\/meozen.com\/fr\/wp-json\/wp\/v2\/media\/5793"}],"wp:attachment":[{"href":"https:\/\/meozen.com\/fr\/wp-json\/wp\/v2\/media?parent=5781"}],"curies":[{"name":"wp","href":"https:\/\/api.w.org\/{rel}","templated":true}]}}