{"id":5997,"date":"2023-06-25T23:09:11","date_gmt":"2023-06-25T21:09:11","guid":{"rendered":"https:\/\/meozen.com\/fr\/?page_id=5997"},"modified":"2023-07-10T20:26:07","modified_gmt":"2023-07-10T18:26:07","slug":"nelly-giacomino","status":"publish","type":"page","link":"https:\/\/meozen.com\/fr\/experts-bien-etre\/nelly-giacomino\/","title":{"rendered":"Nelly Giacomino"},"content":{"rendered":"\t\t<div data-elementor-type=\"wp-page\" data-elementor-id=\"5997\" class=\"elementor elementor-5997\" data-elementor-post-type=\"page\">\n\t\t\t\t\t\t<section class=\"elementor-section elementor-top-section elementor-element elementor-element-426e56f9 elementor-section-boxed elementor-section-height-default elementor-section-height-default\" data-id=\"426e56f9\" data-element_type=\"section\" data-e-type=\"section\">\n\t\t\t\t\t\t<div class=\"elementor-container elementor-column-gap-default\">\n\t\t\t\t\t<div class=\"elementor-column elementor-col-100 elementor-top-column elementor-element elementor-element-53b084fc\" data-id=\"53b084fc\" data-element_type=\"column\" data-e-type=\"column\">\n\t\t\t<div class=\"elementor-widget-wrap elementor-element-populated\">\n\t\t\t\t\t\t<div class=\"elementor-element elementor-element-407e5648 elementor-align-center elementor-widget elementor-widget-breadcrumbs\" data-id=\"407e5648\" data-element_type=\"widget\" data-e-type=\"widget\" data-widget_type=\"breadcrumbs.default\">\n\t\t\t\t<div class=\"elementor-widget-container\">\n\t\t\t\t\t<p id=\"breadcrumbs\"><span><span><a href=\"https:\/\/meozen.com\/fr\/\">Accueil<\/a><\/span><\/span><\/p>\t\t\t\t<\/div>\n\t\t\t\t<\/div>\n\t\t\t\t\t<\/div>\n\t\t<\/div>\n\t\t\t\t\t<\/div>\n\t\t<\/section>\n\t\t\t\t<section class=\"elementor-section elementor-top-section elementor-element elementor-element-1b7992 elementor-section-boxed elementor-section-height-default elementor-section-height-default\" data-id=\"1b7992\" data-element_type=\"section\" data-e-type=\"section\">\n\t\t\t\t\t\t<div class=\"elementor-container elementor-column-gap-default\">\n\t\t\t\t\t<div class=\"elementor-column elementor-col-100 elementor-top-column elementor-element elementor-element-7b114381\" data-id=\"7b114381\" data-element_type=\"column\" data-e-type=\"column\">\n\t\t\t<div class=\"elementor-widget-wrap elementor-element-populated\">\n\t\t\t\t\t\t<section class=\"elementor-section elementor-inner-section elementor-element elementor-element-fbff108 elementor-section-boxed elementor-section-height-default elementor-section-height-default\" data-id=\"fbff108\" data-element_type=\"section\" data-e-type=\"section\">\n\t\t\t\t\t\t<div class=\"elementor-container elementor-column-gap-default\">\n\t\t\t\t\t<div class=\"elementor-column elementor-col-50 elementor-inner-column elementor-element elementor-element-22c7cdcd\" data-id=\"22c7cdcd\" data-element_type=\"column\" data-e-type=\"column\">\n\t\t\t<div class=\"elementor-widget-wrap elementor-element-populated\">\n\t\t\t\t\t\t<div class=\"elementor-element elementor-element-679c028f elementor-widget__width-initial elementor-widget elementor-widget-theme-post-featured-image elementor-widget-image\" data-id=\"679c028f\" data-element_type=\"widget\" data-e-type=\"widget\" data-widget_type=\"theme-post-featured-image.default\">\n\t\t\t\t<div class=\"elementor-widget-container\">\n\t\t\t\t\t\t\t\t\t\t\t\t\t\t\t<img decoding=\"async\" src=\"https:\/\/meozen.com\/fr\/wp-content\/uploads\/sites\/2\/elementor\/thumbs\/nelly-giacomino-r2ntm5nhygu2s39uc7wzd6m3pr9cz9dd5ktp7sx3m0.jpg\" title=\"nelly-giacomino\" alt=\"nelly-giacomino\" loading=\"lazy\" \/>\t\t\t\t\t\t\t\t\t\t\t\t\t\t\t<\/div>\n\t\t\t\t<\/div>\n\t\t\t\t\t<\/div>\n\t\t<\/div>\n\t\t\t\t<div class=\"elementor-column elementor-col-50 elementor-inner-column elementor-element elementor-element-68136abe\" data-id=\"68136abe\" data-element_type=\"column\" data-e-type=\"column\">\n\t\t\t<div class=\"elementor-widget-wrap elementor-element-populated\">\n\t\t\t\t\t\t<div class=\"elementor-element elementor-element-48634a6 elementor-widget elementor-widget-theme-post-title elementor-page-title elementor-widget-heading\" data-id=\"48634a6\" data-element_type=\"widget\" data-e-type=\"widget\" data-widget_type=\"theme-post-title.default\">\n\t\t\t\t<div class=\"elementor-widget-container\">\n\t\t\t\t\t<h1 class=\"elementor-heading-title elementor-size-default\">Nelly Giacomino<\/h1>\t\t\t\t<\/div>\n\t\t\t\t<\/div>\n\t\t\t\t\t<\/div>\n\t\t<\/div>\n\t\t\t\t\t<\/div>\n\t\t<\/section>\n\t\t\t\t\t<\/div>\n\t\t<\/div>\n\t\t\t\t\t<\/div>\n\t\t<\/section>\n\t\t\t\t<section class=\"elementor-section elementor-top-section elementor-element elementor-element-5bdf1cd2 elementor-section-boxed elementor-section-height-default elementor-section-height-default\" data-id=\"5bdf1cd2\" data-element_type=\"section\" data-e-type=\"section\">\n\t\t\t\t\t\t<div class=\"elementor-container elementor-column-gap-default\">\n\t\t\t\t\t<div class=\"elementor-column elementor-col-100 elementor-top-column elementor-element elementor-element-39018f90\" data-id=\"39018f90\" data-element_type=\"column\" data-e-type=\"column\">\n\t\t\t<div class=\"elementor-widget-wrap elementor-element-populated\">\n\t\t\t\t\t\t<div class=\"elementor-element elementor-element-7af1bab3 elementor-widget elementor-widget-text-editor\" data-id=\"7af1bab3\" data-element_type=\"widget\" data-e-type=\"widget\" data-widget_type=\"text-editor.default\">\n\t\t\t\t<div class=\"elementor-widget-container\">\n\t\t\t\t\t\t\t\t\t<p>Dipl\u00f4m\u00e9e de l&rsquo;\u00e9cole de Naturopathie, IFSH (Institut Fran\u00e7ais des Sciences de l&rsquo;Homme), et membre du Syndicat des Professionnels de la Naturopathie, je suis naturopathe-iridologue, \u00e0 Marseille et pr\u00e8s de Sisteron, \u00e0 Sourribes plus pr\u00e9cis\u00e9ment.<\/p>\n<p>Apr\u00e8s avoir travaill\u00e9 pendant de longues ann\u00e9es dans le milieu associatif, j\u2019ai opt\u00e9 pour une<br>r\u00e9orientation professionnelle afin de transmettre au plus grand nombre, des conseils permettant de garder vitalit\u00e9 et maintenir l\u2019\u00e9quilibre entre le corps et l\u2019esprit.<br>Ma d\u00e9marche est principalement hygi\u00e9niste n\u00e9anmoins, je peux \u00eatre amen\u00e9e \u00e0 proposer des plantes sous forme de gemmoth\u00e9rapie, phytoth\u00e9rapie, aromath\u00e9rapie&#8230;si c&rsquo;est n\u00e9cessaire.&nbsp;<\/p>\n<p><span style=\"color: var( --e-global-color-text ); font-family: var( --e-global-typography-text-font-family ), Sans-serif; font-size: var( --e-global-typography-text-font-size ); font-weight: var( --e-global-typography-text-font-weight ); letter-spacing: var( --e-global-typography-text-letter-spacing ); word-spacing: var( --e-global-typography-text-word-spacing );\">Ma mission est de&nbsp;<\/span><span style=\"color: var( --e-global-color-text ); font-family: var( --e-global-typography-text-font-family ), Sans-serif; font-size: var( --e-global-typography-text-font-size ); font-weight: var( --e-global-typography-text-font-weight ); letter-spacing: var( --e-global-typography-text-letter-spacing ); word-spacing: var( --e-global-typography-text-word-spacing );\">vous accompagner et de vous rendre autonome avec des m\u00e9thodes simples et personnalis\u00e9es.<\/span><\/p>\n<p>Au fur et \u00e0 mesure de ma pratique, je me suis sp\u00e9cialis\u00e9e dans la gestion du poids, les d\u00e9s\u00e9quilibres digestifs et \u00e9motionnels. Les accompagnements que je propose utilisent des m\u00e9thodes douces et naturelles, qui par l&rsquo;\u00e9coute et la compr\u00e9hension des besoins de votre corps vont permettre de retrouver un mieux-\u00eatre dans les probl\u00e9matiques que vous rencontrez au quotidien.&nbsp;<\/p>\n<p>Je vous offre une oreille attentive et de pr\u00e9cieux conseils pour vous mettre en route sur le chemin de la vitalit\u00e9.<\/p>\n<p>J&rsquo;ai ajout\u00e9 \u00e0 mes comp\u00e9tences, le R\u00e9f\u00e9rentiel de Naissance, outil indispensable pour comprendre les conflits int\u00e9rieurs, et \u00ab\u00a0travailler\u00a0\u00bb sur soi, afin de se lib\u00e9rer de certains blocages et sch\u00e9mas r\u00e9p\u00e9titifs. Comment vous per\u00e7oit-on ? Quelles sont vos ressources ? Quelles sont vos parts d&rsquo;ombre ? Le R\u00e9f\u00e9rentiel de Naissance vous aidera \u00e0 mieux vous conna\u00eetre et \u00e0 r\u00e9pondre \u00e0 ces questions.<\/p>\t\t\t\t\t\t\t\t<\/div>\n\t\t\t\t<\/div>\n\t\t\t\t<div class=\"elementor-element elementor-element-24b63270 elementor-widget elementor-widget-heading\" data-id=\"24b63270\" data-element_type=\"widget\" data-e-type=\"widget\" data-widget_type=\"heading.default\">\n\t\t\t\t<div class=\"elementor-widget-container\">\n\t\t\t\t\t<h2 class=\"elementor-heading-title elementor-size-default\">Ses articles sur Meozen<\/h2>\t\t\t\t<\/div>\n\t\t\t\t<\/div>\n\t\t\t\t<div class=\"elementor-element elementor-element-5eed5a66 elementor-widget elementor-widget-text-editor\" data-id=\"5eed5a66\" data-element_type=\"widget\" data-e-type=\"widget\" data-widget_type=\"text-editor.default\">\n\t\t\t\t<div class=\"elementor-widget-container\">\n\t\t\t\t\t\t\t\t\t<ul><li><a href=\"https:\/\/meozen.com\/fr\/naturopathie\/perte-de-poids\/\">Naturopathie et alimentation : Perdre du poids naturellement et sans frustration<\/a><\/li><\/ul>\t\t\t\t\t\t\t\t<\/div>\n\t\t\t\t<\/div>\n\t\t\t\t\t<\/div>\n\t\t<\/div>\n\t\t\t\t\t<\/div>\n\t\t<\/section>\n\t\t\t\t<\/div>\n\t\t","protected":false},"excerpt":{"rendered":"<p>Dipl\u00f4m\u00e9e de l&rsquo;\u00e9cole de Naturopathie, IFSH (Institut Fran\u00e7ais des Sciences de l&rsquo;Homme), et membre du Syndicat des Professionnels de la Naturopathie, je suis naturopathe-iridologue, \u00e0 Marseille et pr\u00e8s de Sisteron, \u00e0 Sourribes plus pr\u00e9cis\u00e9ment. Apr\u00e8s avoir travaill\u00e9 pendant de longues ann\u00e9es dans le milieu associatif, j\u2019ai opt\u00e9 pour une r\u00e9orientation professionnelle afin de transmettre au [&hellip;]<\/p>\n","protected":false},"author":1,"featured_media":6003,"parent":2414,"menu_order":0,"comment_status":"closed","ping_status":"closed","template":"","meta":{"_mo_disable_npp":"","footnotes":""},"class_list":["post-5997","page","type-page","status-publish","has-post-thumbnail","hentry"],"yoast_head":"<!-- This site is optimized with the Yoast SEO plugin v26.8 - https:\/\/yoast.com\/product\/yoast-seo-wordpress\/ -->\n<title>Nelly Giacomino - Naturopathe - Meozen<\/title>\n<meta name=\"robots\" content=\"index, follow, max-snippet:-1, max-image-preview:large, max-video-preview:-1\" \/>\n<link rel=\"canonical\" href=\"https:\/\/meozen.com\/fr\/experts-bien-etre\/nelly-giacomino\/\" \/>\n<meta property=\"og:locale\" content=\"fr_FR\" \/>\n<meta property=\"og:type\" content=\"article\" \/>\n<meta property=\"og:title\" content=\"Nelly Giacomino - Naturopathe - Meozen\" \/>\n<meta property=\"og:description\" content=\"Dipl\u00f4m\u00e9e de l&rsquo;\u00e9cole de Naturopathie, IFSH (Institut Fran\u00e7ais des Sciences de l&rsquo;Homme), et membre du Syndicat des Professionnels de la Naturopathie, je suis naturopathe-iridologue, \u00e0 Marseille et pr\u00e8s de Sisteron, \u00e0 Sourribes plus pr\u00e9cis\u00e9ment. Apr\u00e8s avoir travaill\u00e9 pendant de longues ann\u00e9es dans le milieu associatif, j\u2019ai opt\u00e9 pour une r\u00e9orientation professionnelle afin de transmettre au [&hellip;]\" \/>\n<meta property=\"og:url\" content=\"https:\/\/meozen.com\/fr\/experts-bien-etre\/nelly-giacomino\/\" \/>\n<meta property=\"og:site_name\" content=\"Meozen - Votre portail bien-\u00eatre\" \/>\n<meta property=\"article:publisher\" content=\"https:\/\/www.facebook.com\/MeozenFr\/\" \/>\n<meta property=\"article:modified_time\" content=\"2023-07-10T18:26:07+00:00\" \/>\n<meta property=\"og:image\" content=\"https:\/\/meozen.com\/fr\/wp-content\/uploads\/sites\/2\/2023\/06\/nelly-giacomino.jpg\" \/>\n\t<meta property=\"og:image:width\" content=\"282\" \/>\n\t<meta property=\"og:image:height\" content=\"407\" \/>\n\t<meta property=\"og:image:type\" content=\"image\/jpeg\" \/>\n<meta name=\"twitter:card\" content=\"summary_large_image\" \/>\n<meta name=\"twitter:label1\" content=\"Dur\u00e9e de lecture estim\u00e9e\" \/>\n\t<meta name=\"twitter:data1\" content=\"2 minutes\" \/>\n<script type=\"application\/ld+json\" class=\"yoast-schema-graph\">{\"@context\":\"https:\/\/schema.org\",\"@graph\":[{\"@type\":\"WebPage\",\"@id\":\"https:\/\/meozen.com\/fr\/experts-bien-etre\/nelly-giacomino\/\",\"url\":\"https:\/\/meozen.com\/fr\/experts-bien-etre\/nelly-giacomino\/\",\"name\":\"Nelly Giacomino - Naturopathe - Meozen\",\"isPartOf\":{\"@id\":\"https:\/\/meozen.com\/fr\/#website\"},\"primaryImageOfPage\":{\"@id\":\"https:\/\/meozen.com\/fr\/experts-bien-etre\/nelly-giacomino\/#primaryimage\"},\"image\":{\"@id\":\"https:\/\/meozen.com\/fr\/experts-bien-etre\/nelly-giacomino\/#primaryimage\"},\"thumbnailUrl\":\"https:\/\/meozen.com\/fr\/wp-content\/uploads\/sites\/2\/2023\/06\/nelly-giacomino.jpg\",\"datePublished\":\"2023-06-25T21:09:11+00:00\",\"dateModified\":\"2023-07-10T18:26:07+00:00\",\"breadcrumb\":{\"@id\":\"https:\/\/meozen.com\/fr\/experts-bien-etre\/nelly-giacomino\/#breadcrumb\"},\"inLanguage\":\"fr-FR\",\"potentialAction\":[{\"@type\":\"ReadAction\",\"target\":[\"https:\/\/meozen.com\/fr\/experts-bien-etre\/nelly-giacomino\/\"]}]},{\"@type\":\"ImageObject\",\"inLanguage\":\"fr-FR\",\"@id\":\"https:\/\/meozen.com\/fr\/experts-bien-etre\/nelly-giacomino\/#primaryimage\",\"url\":\"https:\/\/meozen.com\/fr\/wp-content\/uploads\/sites\/2\/2023\/06\/nelly-giacomino.jpg\",\"contentUrl\":\"https:\/\/meozen.com\/fr\/wp-content\/uploads\/sites\/2\/2023\/06\/nelly-giacomino.jpg\",\"width\":282,\"height\":407},{\"@type\":\"BreadcrumbList\",\"@id\":\"https:\/\/meozen.com\/fr\/experts-bien-etre\/nelly-giacomino\/#breadcrumb\",\"itemListElement\":[{\"@type\":\"ListItem\",\"position\":1,\"name\":\"Accueil\",\"item\":\"https:\/\/meozen.com\/fr\/\"},{\"@type\":\"ListItem\",\"position\":2,\"name\":\"Experts bien-\u00eatre\",\"item\":\"https:\/\/meozen.com\/fr\/experts-bien-etre\/\"},{\"@type\":\"ListItem\",\"position\":3,\"name\":\"Nelly Giacomino\"}]},{\"@type\":\"WebSite\",\"@id\":\"https:\/\/meozen.com\/fr\/#website\",\"url\":\"https:\/\/meozen.com\/fr\/\",\"name\":\"Meozen - Votre portail bien-\u00eatre\",\"description\":\"D\u00e9couvrez tout l&#039;univers du bien-\u00eatre, yoga, m\u00e9ditation, trouvez les meilleures retraites et formations bien-\u00eatre\",\"publisher\":{\"@id\":\"https:\/\/meozen.com\/fr\/#organization\"},\"potentialAction\":[{\"@type\":\"SearchAction\",\"target\":{\"@type\":\"EntryPoint\",\"urlTemplate\":\"https:\/\/meozen.com\/fr\/?s={search_term_string}\"},\"query-input\":{\"@type\":\"PropertyValueSpecification\",\"valueRequired\":true,\"valueName\":\"search_term_string\"}}],\"inLanguage\":\"fr-FR\"},{\"@type\":\"Organization\",\"@id\":\"https:\/\/meozen.com\/fr\/#organization\",\"name\":\"Meozen\",\"url\":\"https:\/\/meozen.com\/fr\/\",\"logo\":{\"@type\":\"ImageObject\",\"inLanguage\":\"fr-FR\",\"@id\":\"https:\/\/meozen.com\/fr\/#\/schema\/logo\/image\/\",\"url\":\"https:\/\/meozen.com\/fr\/wp-content\/uploads\/sites\/2\/2021\/06\/logo-meozen-push.jpg\",\"contentUrl\":\"https:\/\/meozen.com\/fr\/wp-content\/uploads\/sites\/2\/2021\/06\/logo-meozen-push.jpg\",\"width\":384,\"height\":384,\"caption\":\"Meozen\"},\"image\":{\"@id\":\"https:\/\/meozen.com\/fr\/#\/schema\/logo\/image\/\"},\"sameAs\":[\"https:\/\/www.facebook.com\/MeozenFr\/\",\"https:\/\/www.pinterest.fr\/meozen_officiel\/\",\"https:\/\/www.instagram.com\/meozen_officiel\/\"]}]}<\/script>\n<!-- \/ Yoast SEO plugin. -->","yoast_head_json":{"title":"Nelly Giacomino - Naturopathe - Meozen","robots":{"index":"index","follow":"follow","max-snippet":"max-snippet:-1","max-image-preview":"max-image-preview:large","max-video-preview":"max-video-preview:-1"},"canonical":"https:\/\/meozen.com\/fr\/experts-bien-etre\/nelly-giacomino\/","og_locale":"fr_FR","og_type":"article","og_title":"Nelly Giacomino - Naturopathe - Meozen","og_description":"Dipl\u00f4m\u00e9e de l&rsquo;\u00e9cole de Naturopathie, IFSH (Institut Fran\u00e7ais des Sciences de l&rsquo;Homme), et membre du Syndicat des Professionnels de la Naturopathie, je suis naturopathe-iridologue, \u00e0 Marseille et pr\u00e8s de Sisteron, \u00e0 Sourribes plus pr\u00e9cis\u00e9ment. Apr\u00e8s avoir travaill\u00e9 pendant de longues ann\u00e9es dans le milieu associatif, j\u2019ai opt\u00e9 pour une r\u00e9orientation professionnelle afin de transmettre au [&hellip;]","og_url":"https:\/\/meozen.com\/fr\/experts-bien-etre\/nelly-giacomino\/","og_site_name":"Meozen - Votre portail bien-\u00eatre","article_publisher":"https:\/\/www.facebook.com\/MeozenFr\/","article_modified_time":"2023-07-10T18:26:07+00:00","og_image":[{"width":282,"height":407,"url":"https:\/\/meozen.com\/fr\/wp-content\/uploads\/sites\/2\/2023\/06\/nelly-giacomino.jpg","type":"image\/jpeg"}],"twitter_card":"summary_large_image","twitter_misc":{"Dur\u00e9e de lecture estim\u00e9e":"2 minutes"},"schema":{"@context":"https:\/\/schema.org","@graph":[{"@type":"WebPage","@id":"https:\/\/meozen.com\/fr\/experts-bien-etre\/nelly-giacomino\/","url":"https:\/\/meozen.com\/fr\/experts-bien-etre\/nelly-giacomino\/","name":"Nelly Giacomino - Naturopathe - Meozen","isPartOf":{"@id":"https:\/\/meozen.com\/fr\/#website"},"primaryImageOfPage":{"@id":"https:\/\/meozen.com\/fr\/experts-bien-etre\/nelly-giacomino\/#primaryimage"},"image":{"@id":"https:\/\/meozen.com\/fr\/experts-bien-etre\/nelly-giacomino\/#primaryimage"},"thumbnailUrl":"https:\/\/meozen.com\/fr\/wp-content\/uploads\/sites\/2\/2023\/06\/nelly-giacomino.jpg","datePublished":"2023-06-25T21:09:11+00:00","dateModified":"2023-07-10T18:26:07+00:00","breadcrumb":{"@id":"https:\/\/meozen.com\/fr\/experts-bien-etre\/nelly-giacomino\/#breadcrumb"},"inLanguage":"fr-FR","potentialAction":[{"@type":"ReadAction","target":["https:\/\/meozen.com\/fr\/experts-bien-etre\/nelly-giacomino\/"]}]},{"@type":"ImageObject","inLanguage":"fr-FR","@id":"https:\/\/meozen.com\/fr\/experts-bien-etre\/nelly-giacomino\/#primaryimage","url":"https:\/\/meozen.com\/fr\/wp-content\/uploads\/sites\/2\/2023\/06\/nelly-giacomino.jpg","contentUrl":"https:\/\/meozen.com\/fr\/wp-content\/uploads\/sites\/2\/2023\/06\/nelly-giacomino.jpg","width":282,"height":407},{"@type":"BreadcrumbList","@id":"https:\/\/meozen.com\/fr\/experts-bien-etre\/nelly-giacomino\/#breadcrumb","itemListElement":[{"@type":"ListItem","position":1,"name":"Accueil","item":"https:\/\/meozen.com\/fr\/"},{"@type":"ListItem","position":2,"name":"Experts bien-\u00eatre","item":"https:\/\/meozen.com\/fr\/experts-bien-etre\/"},{"@type":"ListItem","position":3,"name":"Nelly Giacomino"}]},{"@type":"WebSite","@id":"https:\/\/meozen.com\/fr\/#website","url":"https:\/\/meozen.com\/fr\/","name":"Meozen - Votre portail bien-\u00eatre","description":"D\u00e9couvrez tout l&#039;univers du bien-\u00eatre, yoga, m\u00e9ditation, trouvez les meilleures retraites et formations bien-\u00eatre","publisher":{"@id":"https:\/\/meozen.com\/fr\/#organization"},"potentialAction":[{"@type":"SearchAction","target":{"@type":"EntryPoint","urlTemplate":"https:\/\/meozen.com\/fr\/?s={search_term_string}"},"query-input":{"@type":"PropertyValueSpecification","valueRequired":true,"valueName":"search_term_string"}}],"inLanguage":"fr-FR"},{"@type":"Organization","@id":"https:\/\/meozen.com\/fr\/#organization","name":"Meozen","url":"https:\/\/meozen.com\/fr\/","logo":{"@type":"ImageObject","inLanguage":"fr-FR","@id":"https:\/\/meozen.com\/fr\/#\/schema\/logo\/image\/","url":"https:\/\/meozen.com\/fr\/wp-content\/uploads\/sites\/2\/2021\/06\/logo-meozen-push.jpg","contentUrl":"https:\/\/meozen.com\/fr\/wp-content\/uploads\/sites\/2\/2021\/06\/logo-meozen-push.jpg","width":384,"height":384,"caption":"Meozen"},"image":{"@id":"https:\/\/meozen.com\/fr\/#\/schema\/logo\/image\/"},"sameAs":["https:\/\/www.facebook.com\/MeozenFr\/","https:\/\/www.pinterest.fr\/meozen_officiel\/","https:\/\/www.instagram.com\/meozen_officiel\/"]}]}},"_links":{"self":[{"href":"https:\/\/meozen.com\/fr\/wp-json\/wp\/v2\/pages\/5997","targetHints":{"allow":["GET"]}}],"collection":[{"href":"https:\/\/meozen.com\/fr\/wp-json\/wp\/v2\/pages"}],"about":[{"href":"https:\/\/meozen.com\/fr\/wp-json\/wp\/v2\/types\/page"}],"author":[{"embeddable":true,"href":"https:\/\/meozen.com\/fr\/wp-json\/wp\/v2\/users\/1"}],"replies":[{"embeddable":true,"href":"https:\/\/meozen.com\/fr\/wp-json\/wp\/v2\/comments?post=5997"}],"version-history":[{"count":0,"href":"https:\/\/meozen.com\/fr\/wp-json\/wp\/v2\/pages\/5997\/revisions"}],"up":[{"embeddable":true,"href":"https:\/\/meozen.com\/fr\/wp-json\/wp\/v2\/pages\/2414"}],"wp:featuredmedia":[{"embeddable":true,"href":"https:\/\/meozen.com\/fr\/wp-json\/wp\/v2\/media\/6003"}],"wp:attachment":[{"href":"https:\/\/meozen.com\/fr\/wp-json\/wp\/v2\/media?parent=5997"}],"curies":[{"name":"wp","href":"https:\/\/api.w.org\/{rel}","templated":true}]}}