{"id":6263,"date":"2023-07-10T00:14:52","date_gmt":"2023-07-09T22:14:52","guid":{"rendered":"https:\/\/meozen.com\/fr\/?page_id=6263"},"modified":"2023-07-14T22:13:06","modified_gmt":"2023-07-14T20:13:06","slug":"art-therapie","status":"publish","type":"page","link":"https:\/\/meozen.com\/fr\/art-therapie\/","title":{"rendered":"L\u2019art-th\u00e9rapie : une m\u00e9thode pour aider les enfants et adolescents \u00e0 g\u00e9rer leurs \u00e9motions"},"content":{"rendered":"\n<div style=\"border-style: solid; border-color: #08c995; border-radius: 30px; padding: 5px 20px; margin-top: 30px; margin-bottom: 30px;\">\n\ud83d\udca1 Article r\u00e9dig\u00e9 par <a href=\"https:\/\/meozen.com\/fr\/experts-bien-etre\/elisabeth-terriere\/\" style=\"color:#565C6C; text-decoration:underline\"><strong>Elisabeth Terriere<\/strong><\/a>, art th\u00e9rapeute dipl\u00f4m\u00e9e par l&rsquo;universit\u00e9 de Tours en 2011, et bas\u00e9e \u00e0 Nantes.<\/div>\n\n\n\n<p>L\u2019art-th\u00e9rapie est une <strong>sp\u00e9cialit\u00e9 param\u00e9dicale qui utilise le processus artistique dans un projet de soin, mais \u00e9galement dans le secteur social et \u00e9ducatif<\/strong>. Pour ces diff\u00e9rentes raisons, lorsque nos enfants rencontrent des difficult\u00e9s sur le plan moteur, psychologique ou cognitif, les emmener chez un art-th\u00e9rapeute peut les aider.&nbsp;&nbsp;<\/p>\n\n\n\n<h2 class=\"wp-block-heading\"><strong>Qu\u2019est-ce que l\u2019art-th\u00e9rapie ?<\/strong><\/h2>\n\n\n\n<p>L\u2019art-th\u00e9rapie est l\u2019exploitation du potentiel artistique dans une vis\u00e9e humanitaire et th\u00e9rapeutique.&nbsp;<\/p>\n\n\n\n<p>Enseign\u00e9e en <strong>Facult\u00e9 de m\u00e9decine et cautionn\u00e9e par l\u2019Etat<\/strong>, l\u2019art-th\u00e9rapie offre des <strong>soins personnalis\u00e9s et adapt\u00e9s selon chaque individu<\/strong>. L\u2019art-th\u00e9rapeute int\u00e8gre donc \u00e0 sa <strong>prise en charge globale les go\u00fbts et les envies des patients<\/strong>. Son objectif principal \u00e9tant de leur apporter un maximum de bien-\u00eatre.<\/p>\n\n\n\n<p>Chaque art-th\u00e9rapeute propose des activit\u00e9s distinctes, suivant ses formations. Certains seront donc plus aptes \u00e0 vous offrir des <strong>s\u00e9ances de musicoth\u00e9rapie, d\u2019arts-plastiques, d\u2019expression sc\u00e9nique, ou encore d\u2019\u00e9criture<\/strong>.<\/p>\n\n\n\n<figure class=\"wp-block-image size-large\"><img fetchpriority=\"high\" decoding=\"async\" width=\"1024\" height=\"574\" src=\"https:\/\/meozen.com\/fr\/wp-content\/uploads\/sites\/2\/2023\/07\/art-therapie-adolescent-peinture-meozen-1024x574.jpg\" alt=\"Illustration d'une jeune femme faisant de la peinture chez elle dans le cadre de son suivi d'art th\u00e9rapie. Illustration par Alexandre Missonnier\" class=\"wp-image-6265\" srcset=\"https:\/\/meozen.com\/fr\/wp-content\/uploads\/sites\/2\/2023\/07\/art-therapie-adolescent-peinture-meozen-1024x574.jpg 1024w, https:\/\/meozen.com\/fr\/wp-content\/uploads\/sites\/2\/2023\/07\/art-therapie-adolescent-peinture-meozen-300x168.jpg 300w, https:\/\/meozen.com\/fr\/wp-content\/uploads\/sites\/2\/2023\/07\/art-therapie-adolescent-peinture-meozen-768x430.jpg 768w, https:\/\/meozen.com\/fr\/wp-content\/uploads\/sites\/2\/2023\/07\/art-therapie-adolescent-peinture-meozen-600x336.jpg 600w, https:\/\/meozen.com\/fr\/wp-content\/uploads\/sites\/2\/2023\/07\/art-therapie-adolescent-peinture-meozen-150x84.jpg 150w, https:\/\/meozen.com\/fr\/wp-content\/uploads\/sites\/2\/2023\/07\/art-therapie-adolescent-peinture-meozen.jpg 1456w\" sizes=\"(max-width: 1024px) 100vw, 1024px\" \/><\/figure>\n\n\n\n<h2 class=\"wp-block-heading\"><strong>Comment se d\u00e9roule une s\u00e9ance d&rsquo;art-th\u00e9rapie ?<\/strong><\/h2>\n\n\n\n<p>Lors d\u2019une premi\u00e8re s\u00e9ance, ou en amont avec une \u00e9quipe m\u00e9dicale, votre <strong>art-th\u00e9rapeute d\u00e9finit les objectifs de votre prise en charge<\/strong>. C\u2019est \u00e0 ce moment-l\u00e0 que le choix des techniques artistiques utilis\u00e9es est d\u00e9fini.&nbsp;<\/p>\n\n\n\n<p>Suivant vos besoins, un art-th\u00e9rapeute pourra vous proposer d\u2019\u00eatre suivi par un confr\u00e8re. Au fil des s\u00e9ances les objectifs seront r\u00e9\u00e9valu\u00e9s.&nbsp;<\/p>\n\n\n\n<h2 class=\"wp-block-heading\"><strong>Pourquoi utiliser l&rsquo;art-th\u00e9rapie pour un enfant ou un adolescent ?<\/strong><\/h2>\n\n\n\n<p>L\u2019art-th\u00e9rapie est particuli\u00e8rement <strong>recommand\u00e9e pour les enfants et adolescents qui ont du mal \u00e0 exprimer leurs \u00e9motions ou \u00e0 les g\u00e9rer<\/strong>. Elle est aussi \u00e0 utiliser pour les jeunes enfants qui souffrent d\u2019anxi\u00e9t\u00e9 ou encore qui ont du mal \u00e0 organiser leurs pens\u00e9es.<\/p>\n\n\n\n<p>Je ne peux qu\u2019inviter les parents \u00e0 se diriger vers un art-th\u00e9rapeute lorsque leurs enfants rencontrent des difficult\u00e9s motrices, cognitives ou psychologiques. Qu\u2019elles d\u00e9coulent d\u2019une pathologie, d\u2019un traumatisme ou d\u2019un changement quelconque dans leur quotidien.\u00a0<\/p>\n\n\n\n<p>Gr\u00e2ce \u00e0 certaines plateformes comme M\u00e9doucine, ou en vous dirigeant vers l\u2019<a href=\"https:\/\/art-therapie-tours.net\/\" target=\"_blank\" rel=\"noreferrer noopener\">AFRATAPEM<\/a> (\u00e9cole d\u2019art-th\u00e9rapie reconnue par l\u2019Etat), il vous sera facile de trouver un professionnel comp\u00e9tent.&nbsp;<\/p>\n\n\n\n<figure class=\"wp-block-image size-large\"><img decoding=\"async\" width=\"1024\" height=\"574\" src=\"https:\/\/meozen.com\/fr\/wp-content\/uploads\/sites\/2\/2023\/07\/art-therapie-musique-meozen-1024x574.jpg\" alt=\"\" class=\"wp-image-6267\" srcset=\"https:\/\/meozen.com\/fr\/wp-content\/uploads\/sites\/2\/2023\/07\/art-therapie-musique-meozen-1024x574.jpg 1024w, https:\/\/meozen.com\/fr\/wp-content\/uploads\/sites\/2\/2023\/07\/art-therapie-musique-meozen-300x168.jpg 300w, https:\/\/meozen.com\/fr\/wp-content\/uploads\/sites\/2\/2023\/07\/art-therapie-musique-meozen-768x430.jpg 768w, https:\/\/meozen.com\/fr\/wp-content\/uploads\/sites\/2\/2023\/07\/art-therapie-musique-meozen-600x336.jpg 600w, https:\/\/meozen.com\/fr\/wp-content\/uploads\/sites\/2\/2023\/07\/art-therapie-musique-meozen-150x84.jpg 150w, https:\/\/meozen.com\/fr\/wp-content\/uploads\/sites\/2\/2023\/07\/art-therapie-musique-meozen.jpg 1456w\" sizes=\"(max-width: 1024px) 100vw, 1024px\" \/><\/figure>\n\n\n\n<h2 class=\"wp-block-heading\"><strong>Quels sont les bienfaits de l\u2019art-th\u00e9rapie pour les enfants ?<\/strong><\/h2>\n\n\n\n<p>De mani\u00e8re g\u00e9n\u00e9rale, l&rsquo;art-th\u00e9rapie utilise le processus cr\u00e9atif pour <strong>mettre en avant les qualit\u00e9s de nos enfants<\/strong>. \u00c0 l\u2019inverse d\u2019une prise en charge th\u00e9rapeutique classique o\u00f9 on essayera de comprendre ce qui ne va pas, l\u2019art-th\u00e9rapeute propose d\u2019explorer ce qui fonctionne bien chez son patient.&nbsp;<\/p>\n\n\n\n<p>Durant les s\u00e9ances, les enfants apprennent alors \u00e0 appr\u00e9cier leur propre cr\u00e9ativit\u00e9, renfor\u00e7ant ainsi leur individualit\u00e9.<\/p>\n\n\n\n<p><strong>La recherche esth\u00e9tique permet d\u2019apprendre \u00e0 manier ses \u00e9motions et \u00e0 se servir de celles-ci sainement gr\u00e2ce \u00e0 la cr\u00e9ation.<\/strong> La col\u00e8re qui pouvait \u00eatre alors destructrice, devient moteur dans une \u0153uvre. Elle n\u2019est donc plus n\u00e9gative. Dans ce cas pr\u00e9cis, de gestion des \u00e9motions, le but est d\u2019amener les jeunes patients \u00e0 utiliser la cr\u00e9ation en dehors de nos ateliers.&nbsp;<\/p>\n\n\n\n<figure class=\"wp-block-image size-large\"><img decoding=\"async\" width=\"1024\" height=\"574\" src=\"https:\/\/meozen.com\/fr\/wp-content\/uploads\/sites\/2\/2023\/07\/art-therapie-groupe-enfant-meozen-1024x574.jpg\" alt=\"Illustration d'un groupe d'enfants faisant de la peinture, accompagn\u00e9 de deux arts th\u00e9rapeutes. Illustration par Alexandre Missonnier\" class=\"wp-image-6266\" srcset=\"https:\/\/meozen.com\/fr\/wp-content\/uploads\/sites\/2\/2023\/07\/art-therapie-groupe-enfant-meozen-1024x574.jpg 1024w, https:\/\/meozen.com\/fr\/wp-content\/uploads\/sites\/2\/2023\/07\/art-therapie-groupe-enfant-meozen-300x168.jpg 300w, https:\/\/meozen.com\/fr\/wp-content\/uploads\/sites\/2\/2023\/07\/art-therapie-groupe-enfant-meozen-768x430.jpg 768w, https:\/\/meozen.com\/fr\/wp-content\/uploads\/sites\/2\/2023\/07\/art-therapie-groupe-enfant-meozen-600x336.jpg 600w, https:\/\/meozen.com\/fr\/wp-content\/uploads\/sites\/2\/2023\/07\/art-therapie-groupe-enfant-meozen-150x84.jpg 150w, https:\/\/meozen.com\/fr\/wp-content\/uploads\/sites\/2\/2023\/07\/art-therapie-groupe-enfant-meozen.jpg 1456w\" sizes=\"(max-width: 1024px) 100vw, 1024px\" \/><\/figure>\n\n\n\n<p>Ainsi, s\u2019ils se sentent submerg\u00e9s par leurs sentiments, ils se tourneront d\u2019eux-m\u00eames vers l\u2019art. Suivant les enfants cela pourra \u00eatre vers la musique, par exemple, en mettant une playlist dans leur chambre. D\u2019autres choisiront de dessiner ou de lire. Ces ressources de bien-\u00eatre, seront pr\u00e9sentes de l\u2019enfance \u00e0 l\u2019\u00e2ge adulte de votre prog\u00e9niture.&nbsp;<\/p>\n\n\n\n<p><strong>L\u2019art-th\u00e9rapie peut aider les enfants \u00e0 d\u00e9velopper leurs comp\u00e9tences sociales.<\/strong> En effet, en se sentant mieux avec eux-m\u00eames, ils s\u2019ouvrent aux autres avec plus de facilit\u00e9. Cette ouverture se fera non seulement au sein de la famille mais aussi \u00e0 l\u2019\u00e9cole et dans les activit\u00e9s extra-scolaires.<\/p>\n\n\n\n<h2 class=\"wp-block-heading\">Que dit la science sur l&rsquo;art th\u00e9rapie ?<\/h2>\n\n\n\n<p>Comme indiqu\u00e9 en introduction, l&rsquo;art th\u00e9rapie est enseign\u00e9e en \u00e9cole de m\u00e9decine, et est une pratique reconnue par l&rsquo;\u00c9tat. Cela fait suite \u00e0 de nombreuses \u00e9tudes scientifiques, qui ont prouv\u00e9 ses bienfaits aupr\u00e8s d&rsquo;une grande diversit\u00e9 de population : <\/p>\n\n\n\n<ul class=\"wp-block-list\">\n<li>L&rsquo;art th\u00e9rapie combinant peinture, collage et modelage a permis une meilleure implication relationnelle pour des enfants ayant des troubles du spectre autistique (<a href=\"https:\/\/drive.google.com\/file\/d\/1WFKcZAWVVunTPwR1Mg2uphGj7BGsWlc0\/view\">Delphine Loriot, 2019, Facult\u00e9 de m\u00e9decine de Tours<\/a>)<\/li>\n\n\n\n<li>L&rsquo;art th\u00e9rapie \u00e0 dominante d&rsquo;\u00e9criture a permis \u00e0 des adolescent atteints de troubles anxieux et d&rsquo;\u00e9tats d\u00e9pressif \u00e0 mieux exprimer leurs \u00e9motions et ce qu&rsquo;ils ressentent, en rel\u00e2chant la pression (<a href=\"https:\/\/drive.google.com\/file\/d\/1Coq616CrhG0v8J0YdYJHSiA7ob4SdiA3\/view\">Isabelle Garon, 2020, Facult\u00e9 de m\u00e9decine, Universit\u00e9 Grenoble Alpes<\/a>)<\/li>\n<\/ul>\n\n\n\n<h3 class=\"wp-block-heading\"><strong>\ud83d\udca1 Ma recommandation en tant qu\u2019art-th\u00e9rapeute : inviter l\u2019art dans nos foyers pour le bien-\u00eatre de nos enfants<\/strong><\/h3>\n\n\n\n<p>J\u2019invite grandement les parents \u00e0 <strong>faire entrer au maximum l\u2019art dans leur foyer<\/strong>. Et pas seulement le septi\u00e8me art (cin\u00e9ma). Certes, comme beaucoup d\u2019entre vous, je suis f\u00e9ru de cin\u00e9ma, mais <strong>proposer des activit\u00e9s cr\u00e9atives (p\u00e2te \u00e0 sel, dessin etc\u2026) avec vos enfants vous permettra de partager des moments privil\u00e9gi\u00e9s et de nouer de v\u00e9ritables liens avec eux<\/strong>. On trouve aujourd\u2019hui, dans de nombreuses enseignes du mat\u00e9riel \u00e0 moindre co\u00fbt et sur YouTube ou Pinterest des tutos incroyables. Tout en peignant, coupant, collant, vous nouerez le dialogue et apprendrez \u00e0 vous conna\u00eetre davantage.&nbsp;&nbsp;<\/p>\n\n\n\n<p>En conclusion, l&rsquo;art-th\u00e9rapie peut aider les enfants \u00e0 devenir autonomes face \u00e0 leurs \u00e9motions, en apprenant non seulement \u00e0 les comprendre mais aussi \u00e0 les g\u00e9rer.&nbsp;<\/p>\n\n\n\n<p>Gr\u00e2ce \u00e0 l\u2019acquisition de cette nouvelle forme d\u2019autonomie, ils d\u00e9veloppent davantage de confiance en eux. La cr\u00e9ation fait donc ressortir ce qu\u2019il y a de mieux en chacun.<\/p>\n\n\n\n<p><em>Article r\u00e9dig\u00e9 par <a href=\"https:\/\/meozen.com\/fr\/experts-bien-etre\/elisabeth-terriere\/\">Elisabeth Terierre<\/a> pour Meozen, relu par <a href=\"https:\/\/meozen.com\/fr\/auteur\/laura-rabet\/\">Laura Rabet<\/a>. Compl\u00e9ments scientifiques par <a href=\"https:\/\/meozen.com\/fr\/auteur\/alexandre-missonnier\/\">Alexandre Missonnier<\/a>.<\/em><\/p>\n","protected":false},"excerpt":{"rendered":"<p>\ud83d\udca1 Article r\u00e9dig\u00e9 par Elisabeth Terriere, art th\u00e9rapeute dipl\u00f4m\u00e9e par l&rsquo;universit\u00e9 de Tours en 2011, et bas\u00e9e \u00e0 Nantes. L\u2019art-th\u00e9rapie est une sp\u00e9cialit\u00e9 param\u00e9dicale qui utilise le processus artistique dans un projet de soin, mais \u00e9galement dans le secteur social et \u00e9ducatif. Pour ces diff\u00e9rentes raisons, lorsque nos enfants rencontrent des difficult\u00e9s sur le plan [&hellip;]<\/p>\n","protected":false},"author":1,"featured_media":6264,"parent":0,"menu_order":0,"comment_status":"closed","ping_status":"closed","template":"","meta":{"_mo_disable_npp":"","footnotes":""},"class_list":["post-6263","page","type-page","status-publish","has-post-thumbnail","hentry"],"yoast_head":"<!-- This site is optimized with the Yoast SEO plugin v26.8 - https:\/\/yoast.com\/product\/yoast-seo-wordpress\/ -->\n<title>L\u2019art-th\u00e9rapie : une m\u00e9thode pour aider les enfants et adolescents \u00e0 g\u00e9rer leurs \u00e9motions - Meozen<\/title>\n<meta name=\"description\" content=\"D\u00e9couvrez l&#039;art th\u00e9rapie, ses bienfaits et son application pour divers public. Expliqu\u00e9 par Elisabeth Terriere, art th\u00e9rapeute dipl\u00f4m\u00e9e.\" \/>\n<meta name=\"robots\" content=\"index, follow, max-snippet:-1, max-image-preview:large, max-video-preview:-1\" \/>\n<link rel=\"canonical\" href=\"https:\/\/meozen.com\/fr\/art-therapie\/\" \/>\n<meta property=\"og:locale\" content=\"fr_FR\" \/>\n<meta property=\"og:type\" content=\"article\" \/>\n<meta property=\"og:title\" content=\"L\u2019art-th\u00e9rapie : une m\u00e9thode pour aider les enfants et adolescents \u00e0 g\u00e9rer leurs \u00e9motions - Meozen\" \/>\n<meta property=\"og:description\" content=\"D\u00e9couvrez l&#039;art th\u00e9rapie, ses bienfaits et son application pour divers public. Expliqu\u00e9 par Elisabeth Terriere, art th\u00e9rapeute dipl\u00f4m\u00e9e.\" \/>\n<meta property=\"og:url\" content=\"https:\/\/meozen.com\/fr\/art-therapie\/\" \/>\n<meta property=\"og:site_name\" content=\"Meozen - Votre portail bien-\u00eatre\" \/>\n<meta property=\"article:publisher\" content=\"https:\/\/www.facebook.com\/MeozenFr\/\" \/>\n<meta property=\"article:modified_time\" content=\"2023-07-14T20:13:06+00:00\" \/>\n<meta property=\"og:image\" content=\"https:\/\/meozen.com\/fr\/wp-content\/uploads\/sites\/2\/2023\/07\/art-therapie-meozen.jpg\" \/>\n\t<meta property=\"og:image:width\" content=\"2240\" \/>\n\t<meta property=\"og:image:height\" content=\"1260\" \/>\n\t<meta property=\"og:image:type\" content=\"image\/jpeg\" \/>\n<meta name=\"twitter:card\" content=\"summary_large_image\" \/>\n<meta name=\"twitter:label1\" content=\"Dur\u00e9e de lecture estim\u00e9e\" \/>\n\t<meta name=\"twitter:data1\" content=\"5 minutes\" \/>\n<script type=\"application\/ld+json\" class=\"yoast-schema-graph\">{\"@context\":\"https:\/\/schema.org\",\"@graph\":[{\"@type\":\"WebPage\",\"@id\":\"https:\/\/meozen.com\/fr\/art-therapie\/\",\"url\":\"https:\/\/meozen.com\/fr\/art-therapie\/\",\"name\":\"L\u2019art-th\u00e9rapie : une m\u00e9thode pour aider les enfants et adolescents \u00e0 g\u00e9rer leurs \u00e9motions - Meozen\",\"isPartOf\":{\"@id\":\"https:\/\/meozen.com\/fr\/#website\"},\"primaryImageOfPage\":{\"@id\":\"https:\/\/meozen.com\/fr\/art-therapie\/#primaryimage\"},\"image\":{\"@id\":\"https:\/\/meozen.com\/fr\/art-therapie\/#primaryimage\"},\"thumbnailUrl\":\"https:\/\/meozen.com\/fr\/wp-content\/uploads\/sites\/2\/2023\/07\/art-therapie-meozen.jpg\",\"datePublished\":\"2023-07-09T22:14:52+00:00\",\"dateModified\":\"2023-07-14T20:13:06+00:00\",\"description\":\"D\u00e9couvrez l'art th\u00e9rapie, ses bienfaits et son application pour divers public. Expliqu\u00e9 par Elisabeth Terriere, art th\u00e9rapeute dipl\u00f4m\u00e9e.\",\"breadcrumb\":{\"@id\":\"https:\/\/meozen.com\/fr\/art-therapie\/#breadcrumb\"},\"inLanguage\":\"fr-FR\",\"potentialAction\":[{\"@type\":\"ReadAction\",\"target\":[\"https:\/\/meozen.com\/fr\/art-therapie\/\"]}]},{\"@type\":\"ImageObject\",\"inLanguage\":\"fr-FR\",\"@id\":\"https:\/\/meozen.com\/fr\/art-therapie\/#primaryimage\",\"url\":\"https:\/\/meozen.com\/fr\/wp-content\/uploads\/sites\/2\/2023\/07\/art-therapie-meozen.jpg\",\"contentUrl\":\"https:\/\/meozen.com\/fr\/wp-content\/uploads\/sites\/2\/2023\/07\/art-therapie-meozen.jpg\",\"width\":2240,\"height\":1260},{\"@type\":\"BreadcrumbList\",\"@id\":\"https:\/\/meozen.com\/fr\/art-therapie\/#breadcrumb\",\"itemListElement\":[{\"@type\":\"ListItem\",\"position\":1,\"name\":\"Accueil\",\"item\":\"https:\/\/meozen.com\/fr\/\"},{\"@type\":\"ListItem\",\"position\":2,\"name\":\"L\u2019art-th\u00e9rapie : une m\u00e9thode pour aider les enfants et adolescents \u00e0 g\u00e9rer leurs \u00e9motions\"}]},{\"@type\":\"WebSite\",\"@id\":\"https:\/\/meozen.com\/fr\/#website\",\"url\":\"https:\/\/meozen.com\/fr\/\",\"name\":\"Meozen - Votre portail bien-\u00eatre\",\"description\":\"D\u00e9couvrez tout l&#039;univers du bien-\u00eatre, yoga, m\u00e9ditation, trouvez les meilleures retraites et formations bien-\u00eatre\",\"publisher\":{\"@id\":\"https:\/\/meozen.com\/fr\/#organization\"},\"potentialAction\":[{\"@type\":\"SearchAction\",\"target\":{\"@type\":\"EntryPoint\",\"urlTemplate\":\"https:\/\/meozen.com\/fr\/?s={search_term_string}\"},\"query-input\":{\"@type\":\"PropertyValueSpecification\",\"valueRequired\":true,\"valueName\":\"search_term_string\"}}],\"inLanguage\":\"fr-FR\"},{\"@type\":\"Organization\",\"@id\":\"https:\/\/meozen.com\/fr\/#organization\",\"name\":\"Meozen\",\"url\":\"https:\/\/meozen.com\/fr\/\",\"logo\":{\"@type\":\"ImageObject\",\"inLanguage\":\"fr-FR\",\"@id\":\"https:\/\/meozen.com\/fr\/#\/schema\/logo\/image\/\",\"url\":\"https:\/\/meozen.com\/fr\/wp-content\/uploads\/sites\/2\/2021\/06\/logo-meozen-push.jpg\",\"contentUrl\":\"https:\/\/meozen.com\/fr\/wp-content\/uploads\/sites\/2\/2021\/06\/logo-meozen-push.jpg\",\"width\":384,\"height\":384,\"caption\":\"Meozen\"},\"image\":{\"@id\":\"https:\/\/meozen.com\/fr\/#\/schema\/logo\/image\/\"},\"sameAs\":[\"https:\/\/www.facebook.com\/MeozenFr\/\",\"https:\/\/www.pinterest.fr\/meozen_officiel\/\",\"https:\/\/www.instagram.com\/meozen_officiel\/\"]}]}<\/script>\n<!-- \/ Yoast SEO plugin. -->","yoast_head_json":{"title":"L\u2019art-th\u00e9rapie : une m\u00e9thode pour aider les enfants et adolescents \u00e0 g\u00e9rer leurs \u00e9motions - Meozen","description":"D\u00e9couvrez l'art th\u00e9rapie, ses bienfaits et son application pour divers public. Expliqu\u00e9 par Elisabeth Terriere, art th\u00e9rapeute dipl\u00f4m\u00e9e.","robots":{"index":"index","follow":"follow","max-snippet":"max-snippet:-1","max-image-preview":"max-image-preview:large","max-video-preview":"max-video-preview:-1"},"canonical":"https:\/\/meozen.com\/fr\/art-therapie\/","og_locale":"fr_FR","og_type":"article","og_title":"L\u2019art-th\u00e9rapie : une m\u00e9thode pour aider les enfants et adolescents \u00e0 g\u00e9rer leurs \u00e9motions - Meozen","og_description":"D\u00e9couvrez l'art th\u00e9rapie, ses bienfaits et son application pour divers public. Expliqu\u00e9 par Elisabeth Terriere, art th\u00e9rapeute dipl\u00f4m\u00e9e.","og_url":"https:\/\/meozen.com\/fr\/art-therapie\/","og_site_name":"Meozen - Votre portail bien-\u00eatre","article_publisher":"https:\/\/www.facebook.com\/MeozenFr\/","article_modified_time":"2023-07-14T20:13:06+00:00","og_image":[{"width":2240,"height":1260,"url":"https:\/\/meozen.com\/fr\/wp-content\/uploads\/sites\/2\/2023\/07\/art-therapie-meozen.jpg","type":"image\/jpeg"}],"twitter_card":"summary_large_image","twitter_misc":{"Dur\u00e9e de lecture estim\u00e9e":"5 minutes"},"schema":{"@context":"https:\/\/schema.org","@graph":[{"@type":"WebPage","@id":"https:\/\/meozen.com\/fr\/art-therapie\/","url":"https:\/\/meozen.com\/fr\/art-therapie\/","name":"L\u2019art-th\u00e9rapie : une m\u00e9thode pour aider les enfants et adolescents \u00e0 g\u00e9rer leurs \u00e9motions - Meozen","isPartOf":{"@id":"https:\/\/meozen.com\/fr\/#website"},"primaryImageOfPage":{"@id":"https:\/\/meozen.com\/fr\/art-therapie\/#primaryimage"},"image":{"@id":"https:\/\/meozen.com\/fr\/art-therapie\/#primaryimage"},"thumbnailUrl":"https:\/\/meozen.com\/fr\/wp-content\/uploads\/sites\/2\/2023\/07\/art-therapie-meozen.jpg","datePublished":"2023-07-09T22:14:52+00:00","dateModified":"2023-07-14T20:13:06+00:00","description":"D\u00e9couvrez l'art th\u00e9rapie, ses bienfaits et son application pour divers public. Expliqu\u00e9 par Elisabeth Terriere, art th\u00e9rapeute dipl\u00f4m\u00e9e.","breadcrumb":{"@id":"https:\/\/meozen.com\/fr\/art-therapie\/#breadcrumb"},"inLanguage":"fr-FR","potentialAction":[{"@type":"ReadAction","target":["https:\/\/meozen.com\/fr\/art-therapie\/"]}]},{"@type":"ImageObject","inLanguage":"fr-FR","@id":"https:\/\/meozen.com\/fr\/art-therapie\/#primaryimage","url":"https:\/\/meozen.com\/fr\/wp-content\/uploads\/sites\/2\/2023\/07\/art-therapie-meozen.jpg","contentUrl":"https:\/\/meozen.com\/fr\/wp-content\/uploads\/sites\/2\/2023\/07\/art-therapie-meozen.jpg","width":2240,"height":1260},{"@type":"BreadcrumbList","@id":"https:\/\/meozen.com\/fr\/art-therapie\/#breadcrumb","itemListElement":[{"@type":"ListItem","position":1,"name":"Accueil","item":"https:\/\/meozen.com\/fr\/"},{"@type":"ListItem","position":2,"name":"L\u2019art-th\u00e9rapie : une m\u00e9thode pour aider les enfants et adolescents \u00e0 g\u00e9rer leurs \u00e9motions"}]},{"@type":"WebSite","@id":"https:\/\/meozen.com\/fr\/#website","url":"https:\/\/meozen.com\/fr\/","name":"Meozen - Votre portail bien-\u00eatre","description":"D\u00e9couvrez tout l&#039;univers du bien-\u00eatre, yoga, m\u00e9ditation, trouvez les meilleures retraites et formations bien-\u00eatre","publisher":{"@id":"https:\/\/meozen.com\/fr\/#organization"},"potentialAction":[{"@type":"SearchAction","target":{"@type":"EntryPoint","urlTemplate":"https:\/\/meozen.com\/fr\/?s={search_term_string}"},"query-input":{"@type":"PropertyValueSpecification","valueRequired":true,"valueName":"search_term_string"}}],"inLanguage":"fr-FR"},{"@type":"Organization","@id":"https:\/\/meozen.com\/fr\/#organization","name":"Meozen","url":"https:\/\/meozen.com\/fr\/","logo":{"@type":"ImageObject","inLanguage":"fr-FR","@id":"https:\/\/meozen.com\/fr\/#\/schema\/logo\/image\/","url":"https:\/\/meozen.com\/fr\/wp-content\/uploads\/sites\/2\/2021\/06\/logo-meozen-push.jpg","contentUrl":"https:\/\/meozen.com\/fr\/wp-content\/uploads\/sites\/2\/2021\/06\/logo-meozen-push.jpg","width":384,"height":384,"caption":"Meozen"},"image":{"@id":"https:\/\/meozen.com\/fr\/#\/schema\/logo\/image\/"},"sameAs":["https:\/\/www.facebook.com\/MeozenFr\/","https:\/\/www.pinterest.fr\/meozen_officiel\/","https:\/\/www.instagram.com\/meozen_officiel\/"]}]}},"_links":{"self":[{"href":"https:\/\/meozen.com\/fr\/wp-json\/wp\/v2\/pages\/6263","targetHints":{"allow":["GET"]}}],"collection":[{"href":"https:\/\/meozen.com\/fr\/wp-json\/wp\/v2\/pages"}],"about":[{"href":"https:\/\/meozen.com\/fr\/wp-json\/wp\/v2\/types\/page"}],"author":[{"embeddable":true,"href":"https:\/\/meozen.com\/fr\/wp-json\/wp\/v2\/users\/1"}],"replies":[{"embeddable":true,"href":"https:\/\/meozen.com\/fr\/wp-json\/wp\/v2\/comments?post=6263"}],"version-history":[{"count":0,"href":"https:\/\/meozen.com\/fr\/wp-json\/wp\/v2\/pages\/6263\/revisions"}],"wp:featuredmedia":[{"embeddable":true,"href":"https:\/\/meozen.com\/fr\/wp-json\/wp\/v2\/media\/6264"}],"wp:attachment":[{"href":"https:\/\/meozen.com\/fr\/wp-json\/wp\/v2\/media?parent=6263"}],"curies":[{"name":"wp","href":"https:\/\/api.w.org\/{rel}","templated":true}]}}