{"id":6269,"date":"2023-07-10T00:27:45","date_gmt":"2023-07-09T22:27:45","guid":{"rendered":"https:\/\/meozen.com\/fr\/?page_id=6269"},"modified":"2023-07-10T20:23:43","modified_gmt":"2023-07-10T18:23:43","slug":"elisabeth-terriere","status":"publish","type":"page","link":"https:\/\/meozen.com\/fr\/experts-bien-etre\/elisabeth-terriere\/","title":{"rendered":"Elisabeth Terriere"},"content":{"rendered":"\t\t<div data-elementor-type=\"wp-page\" data-elementor-id=\"6269\" class=\"elementor elementor-6269\" data-elementor-post-type=\"page\">\n\t\t\t\t\t\t<section class=\"elementor-section elementor-top-section elementor-element elementor-element-735cebaa elementor-section-boxed elementor-section-height-default elementor-section-height-default\" data-id=\"735cebaa\" data-element_type=\"section\" data-e-type=\"section\">\n\t\t\t\t\t\t<div class=\"elementor-container elementor-column-gap-default\">\n\t\t\t\t\t<div class=\"elementor-column elementor-col-100 elementor-top-column elementor-element elementor-element-525c3525\" data-id=\"525c3525\" data-element_type=\"column\" data-e-type=\"column\">\n\t\t\t<div class=\"elementor-widget-wrap elementor-element-populated\">\n\t\t\t\t\t\t<div class=\"elementor-element elementor-element-b30af46 elementor-align-center elementor-widget elementor-widget-breadcrumbs\" data-id=\"b30af46\" data-element_type=\"widget\" data-e-type=\"widget\" data-widget_type=\"breadcrumbs.default\">\n\t\t\t\t<div class=\"elementor-widget-container\">\n\t\t\t\t\t<p id=\"breadcrumbs\"><span><span><a href=\"https:\/\/meozen.com\/fr\/\">Accueil<\/a><\/span><\/span><\/p>\t\t\t\t<\/div>\n\t\t\t\t<\/div>\n\t\t\t\t\t<\/div>\n\t\t<\/div>\n\t\t\t\t\t<\/div>\n\t\t<\/section>\n\t\t\t\t<section class=\"elementor-section elementor-top-section elementor-element elementor-element-6cca72b3 elementor-section-boxed elementor-section-height-default elementor-section-height-default\" data-id=\"6cca72b3\" data-element_type=\"section\" data-e-type=\"section\">\n\t\t\t\t\t\t<div class=\"elementor-container elementor-column-gap-default\">\n\t\t\t\t\t<div class=\"elementor-column elementor-col-100 elementor-top-column elementor-element elementor-element-54cfe5ca\" data-id=\"54cfe5ca\" data-element_type=\"column\" data-e-type=\"column\">\n\t\t\t<div class=\"elementor-widget-wrap elementor-element-populated\">\n\t\t\t\t\t\t<section class=\"elementor-section elementor-inner-section elementor-element elementor-element-61d702a7 elementor-section-boxed elementor-section-height-default elementor-section-height-default\" data-id=\"61d702a7\" data-element_type=\"section\" data-e-type=\"section\">\n\t\t\t\t\t\t<div class=\"elementor-container elementor-column-gap-default\">\n\t\t\t\t\t<div class=\"elementor-column elementor-col-50 elementor-inner-column elementor-element elementor-element-57647333\" data-id=\"57647333\" data-element_type=\"column\" data-e-type=\"column\">\n\t\t\t<div class=\"elementor-widget-wrap elementor-element-populated\">\n\t\t\t\t\t\t<div class=\"elementor-element elementor-element-7a6876d8 elementor-widget__width-initial elementor-widget elementor-widget-theme-post-featured-image elementor-widget-image\" data-id=\"7a6876d8\" data-element_type=\"widget\" data-e-type=\"widget\" data-widget_type=\"theme-post-featured-image.default\">\n\t\t\t\t<div class=\"elementor-widget-container\">\n\t\t\t\t\t\t\t\t\t\t\t\t\t\t\t<img decoding=\"async\" src=\"https:\/\/meozen.com\/fr\/wp-content\/uploads\/sites\/2\/elementor\/thumbs\/elisabeth-terreire-r2ntgev06wyztvm7vqj24msp0zklxukf15avmxfpmw.jpg\" title=\"elisabeth-terreire\" alt=\"elisabeth-terreire\" loading=\"lazy\" \/>\t\t\t\t\t\t\t\t\t\t\t\t\t\t\t<\/div>\n\t\t\t\t<\/div>\n\t\t\t\t\t<\/div>\n\t\t<\/div>\n\t\t\t\t<div class=\"elementor-column elementor-col-50 elementor-inner-column elementor-element elementor-element-2ed9d31f\" data-id=\"2ed9d31f\" data-element_type=\"column\" data-e-type=\"column\">\n\t\t\t<div class=\"elementor-widget-wrap elementor-element-populated\">\n\t\t\t\t\t\t<div class=\"elementor-element elementor-element-3a9bc7b1 elementor-widget elementor-widget-theme-post-title elementor-page-title elementor-widget-heading\" data-id=\"3a9bc7b1\" data-element_type=\"widget\" data-e-type=\"widget\" data-widget_type=\"theme-post-title.default\">\n\t\t\t\t<div class=\"elementor-widget-container\">\n\t\t\t\t\t<h1 class=\"elementor-heading-title elementor-size-default\">Elisabeth Terriere<\/h1>\t\t\t\t<\/div>\n\t\t\t\t<\/div>\n\t\t\t\t\t<\/div>\n\t\t<\/div>\n\t\t\t\t\t<\/div>\n\t\t<\/section>\n\t\t\t\t\t<\/div>\n\t\t<\/div>\n\t\t\t\t\t<\/div>\n\t\t<\/section>\n\t\t\t\t<section class=\"elementor-section elementor-top-section elementor-element elementor-element-1107c198 elementor-section-boxed elementor-section-height-default elementor-section-height-default\" data-id=\"1107c198\" data-element_type=\"section\" data-e-type=\"section\">\n\t\t\t\t\t\t<div class=\"elementor-container elementor-column-gap-default\">\n\t\t\t\t\t<div class=\"elementor-column elementor-col-100 elementor-top-column elementor-element elementor-element-32ac842f\" data-id=\"32ac842f\" data-element_type=\"column\" data-e-type=\"column\">\n\t\t\t<div class=\"elementor-widget-wrap elementor-element-populated\">\n\t\t\t\t\t\t<div class=\"elementor-element elementor-element-691d9f2e elementor-widget elementor-widget-text-editor\" data-id=\"691d9f2e\" data-element_type=\"widget\" data-e-type=\"widget\" data-widget_type=\"text-editor.default\">\n\t\t\t\t<div class=\"elementor-widget-container\">\n\t\t\t\t\t\t\t\t\t<p>Elisabeth Terriere est une art th\u00e9rapeute dipl\u00f4m\u00e9e de l&rsquo;universit\u00e9 de Tours en 2011.\u00a0<\/p><p>Son site web : <a href=\"https:\/\/casa-bienetre.fr\/#\/\">Casa Bien \u00eatre<\/a> \u00a0<br \/>Prenez rendez-vous avec elle sur <a href=\"https:\/\/www.medoucine.com\/consultation\/nantes\/elisabeth-terriere\">M\u00e9doucine<\/a>\u00a0<\/p>\t\t\t\t\t\t\t\t<\/div>\n\t\t\t\t<\/div>\n\t\t\t\t<div class=\"elementor-element elementor-element-163cd518 elementor-widget elementor-widget-heading\" data-id=\"163cd518\" data-element_type=\"widget\" data-e-type=\"widget\" data-widget_type=\"heading.default\">\n\t\t\t\t<div class=\"elementor-widget-container\">\n\t\t\t\t\t<h2 class=\"elementor-heading-title elementor-size-default\">Ses articles sur Meozen<\/h2>\t\t\t\t<\/div>\n\t\t\t\t<\/div>\n\t\t\t\t<div class=\"elementor-element elementor-element-1898be7a elementor-widget elementor-widget-text-editor\" data-id=\"1898be7a\" data-element_type=\"widget\" data-e-type=\"widget\" data-widget_type=\"text-editor.default\">\n\t\t\t\t<div class=\"elementor-widget-container\">\n\t\t\t\t\t\t\t\t\t<ul><li><a href=\"https:\/\/meozen.com\/fr\/art-therapie\">L\u2019Art-th\u00e9rapie pour aider les enfants et les adolescents \u00e0 g\u00e9rer leurs \u00e9motions.<\/a><\/li><\/ul>\t\t\t\t\t\t\t\t<\/div>\n\t\t\t\t<\/div>\n\t\t\t\t\t<\/div>\n\t\t<\/div>\n\t\t\t\t\t<\/div>\n\t\t<\/section>\n\t\t\t\t<\/div>\n\t\t","protected":false},"excerpt":{"rendered":"<p>Elisabeth Terriere est une art th\u00e9rapeute dipl\u00f4m\u00e9e de l&rsquo;universit\u00e9 de Tours en 2011.\u00a0 Son site web : Casa Bien \u00eatre \u00a0Prenez rendez-vous avec elle sur M\u00e9doucine\u00a0 Ses articles sur Meozen L\u2019Art-th\u00e9rapie pour aider les enfants et les adolescents \u00e0 g\u00e9rer leurs \u00e9motions.<\/p>\n","protected":false},"author":1,"featured_media":6271,"parent":2414,"menu_order":0,"comment_status":"closed","ping_status":"closed","template":"","meta":{"_mo_disable_npp":"","footnotes":""},"class_list":["post-6269","page","type-page","status-publish","has-post-thumbnail","hentry"],"yoast_head":"<!-- This site is optimized with the Yoast SEO plugin v26.8 - https:\/\/yoast.com\/product\/yoast-seo-wordpress\/ -->\n<title>Elisabeth Terriere - Art Th\u00e9rapeute - Meozen<\/title>\n<meta name=\"description\" content=\"Elisabeth Terreire est une art th\u00e9rapeute dipl\u00f4m\u00e9e de l&#039;universit\u00e9 de Tours. D\u00e9couvrez ses articles publi\u00e9s sur Meozen.\" \/>\n<meta name=\"robots\" content=\"index, follow, max-snippet:-1, max-image-preview:large, max-video-preview:-1\" \/>\n<link rel=\"canonical\" href=\"https:\/\/meozen.com\/fr\/experts-bien-etre\/elisabeth-terriere\/\" \/>\n<meta property=\"og:locale\" content=\"fr_FR\" \/>\n<meta property=\"og:type\" content=\"article\" \/>\n<meta property=\"og:title\" content=\"Elisabeth Terriere - Art Th\u00e9rapeute - Meozen\" \/>\n<meta property=\"og:description\" content=\"Elisabeth Terreire est une art th\u00e9rapeute dipl\u00f4m\u00e9e de l&#039;universit\u00e9 de Tours. D\u00e9couvrez ses articles publi\u00e9s sur Meozen.\" \/>\n<meta property=\"og:url\" content=\"https:\/\/meozen.com\/fr\/experts-bien-etre\/elisabeth-terriere\/\" \/>\n<meta property=\"og:site_name\" content=\"Meozen - Votre portail bien-\u00eatre\" \/>\n<meta property=\"article:publisher\" content=\"https:\/\/www.facebook.com\/MeozenFr\/\" \/>\n<meta property=\"article:modified_time\" content=\"2023-07-10T18:23:43+00:00\" \/>\n<meta property=\"og:image\" content=\"https:\/\/meozen.com\/fr\/wp-content\/uploads\/sites\/2\/2023\/07\/elisabeth-terreire.jpg\" \/>\n\t<meta property=\"og:image:width\" content=\"474\" \/>\n\t<meta property=\"og:image:height\" content=\"479\" \/>\n\t<meta property=\"og:image:type\" content=\"image\/jpeg\" \/>\n<meta name=\"twitter:card\" content=\"summary_large_image\" \/>\n<meta name=\"twitter:label1\" content=\"Dur\u00e9e de lecture estim\u00e9e\" \/>\n\t<meta name=\"twitter:data1\" content=\"1 minute\" \/>\n<script type=\"application\/ld+json\" class=\"yoast-schema-graph\">{\"@context\":\"https:\/\/schema.org\",\"@graph\":[{\"@type\":\"WebPage\",\"@id\":\"https:\/\/meozen.com\/fr\/experts-bien-etre\/elisabeth-terriere\/\",\"url\":\"https:\/\/meozen.com\/fr\/experts-bien-etre\/elisabeth-terriere\/\",\"name\":\"Elisabeth Terriere - Art Th\u00e9rapeute - Meozen\",\"isPartOf\":{\"@id\":\"https:\/\/meozen.com\/fr\/#website\"},\"primaryImageOfPage\":{\"@id\":\"https:\/\/meozen.com\/fr\/experts-bien-etre\/elisabeth-terriere\/#primaryimage\"},\"image\":{\"@id\":\"https:\/\/meozen.com\/fr\/experts-bien-etre\/elisabeth-terriere\/#primaryimage\"},\"thumbnailUrl\":\"https:\/\/meozen.com\/fr\/wp-content\/uploads\/sites\/2\/2023\/07\/elisabeth-terreire.jpg\",\"datePublished\":\"2023-07-09T22:27:45+00:00\",\"dateModified\":\"2023-07-10T18:23:43+00:00\",\"description\":\"Elisabeth Terreire est une art th\u00e9rapeute dipl\u00f4m\u00e9e de l'universit\u00e9 de Tours. D\u00e9couvrez ses articles publi\u00e9s sur Meozen.\",\"breadcrumb\":{\"@id\":\"https:\/\/meozen.com\/fr\/experts-bien-etre\/elisabeth-terriere\/#breadcrumb\"},\"inLanguage\":\"fr-FR\",\"potentialAction\":[{\"@type\":\"ReadAction\",\"target\":[\"https:\/\/meozen.com\/fr\/experts-bien-etre\/elisabeth-terriere\/\"]}]},{\"@type\":\"ImageObject\",\"inLanguage\":\"fr-FR\",\"@id\":\"https:\/\/meozen.com\/fr\/experts-bien-etre\/elisabeth-terriere\/#primaryimage\",\"url\":\"https:\/\/meozen.com\/fr\/wp-content\/uploads\/sites\/2\/2023\/07\/elisabeth-terreire.jpg\",\"contentUrl\":\"https:\/\/meozen.com\/fr\/wp-content\/uploads\/sites\/2\/2023\/07\/elisabeth-terreire.jpg\",\"width\":474,\"height\":479},{\"@type\":\"BreadcrumbList\",\"@id\":\"https:\/\/meozen.com\/fr\/experts-bien-etre\/elisabeth-terriere\/#breadcrumb\",\"itemListElement\":[{\"@type\":\"ListItem\",\"position\":1,\"name\":\"Accueil\",\"item\":\"https:\/\/meozen.com\/fr\/\"},{\"@type\":\"ListItem\",\"position\":2,\"name\":\"Experts bien-\u00eatre\",\"item\":\"https:\/\/meozen.com\/fr\/experts-bien-etre\/\"},{\"@type\":\"ListItem\",\"position\":3,\"name\":\"Elisabeth Terriere\"}]},{\"@type\":\"WebSite\",\"@id\":\"https:\/\/meozen.com\/fr\/#website\",\"url\":\"https:\/\/meozen.com\/fr\/\",\"name\":\"Meozen - Votre portail bien-\u00eatre\",\"description\":\"D\u00e9couvrez tout l&#039;univers du bien-\u00eatre, yoga, m\u00e9ditation, trouvez les meilleures retraites et formations bien-\u00eatre\",\"publisher\":{\"@id\":\"https:\/\/meozen.com\/fr\/#organization\"},\"potentialAction\":[{\"@type\":\"SearchAction\",\"target\":{\"@type\":\"EntryPoint\",\"urlTemplate\":\"https:\/\/meozen.com\/fr\/?s={search_term_string}\"},\"query-input\":{\"@type\":\"PropertyValueSpecification\",\"valueRequired\":true,\"valueName\":\"search_term_string\"}}],\"inLanguage\":\"fr-FR\"},{\"@type\":\"Organization\",\"@id\":\"https:\/\/meozen.com\/fr\/#organization\",\"name\":\"Meozen\",\"url\":\"https:\/\/meozen.com\/fr\/\",\"logo\":{\"@type\":\"ImageObject\",\"inLanguage\":\"fr-FR\",\"@id\":\"https:\/\/meozen.com\/fr\/#\/schema\/logo\/image\/\",\"url\":\"https:\/\/meozen.com\/fr\/wp-content\/uploads\/sites\/2\/2021\/06\/logo-meozen-push.jpg\",\"contentUrl\":\"https:\/\/meozen.com\/fr\/wp-content\/uploads\/sites\/2\/2021\/06\/logo-meozen-push.jpg\",\"width\":384,\"height\":384,\"caption\":\"Meozen\"},\"image\":{\"@id\":\"https:\/\/meozen.com\/fr\/#\/schema\/logo\/image\/\"},\"sameAs\":[\"https:\/\/www.facebook.com\/MeozenFr\/\",\"https:\/\/www.pinterest.fr\/meozen_officiel\/\",\"https:\/\/www.instagram.com\/meozen_officiel\/\"]}]}<\/script>\n<!-- \/ Yoast SEO plugin. -->","yoast_head_json":{"title":"Elisabeth Terriere - Art Th\u00e9rapeute - Meozen","description":"Elisabeth Terreire est une art th\u00e9rapeute dipl\u00f4m\u00e9e de l'universit\u00e9 de Tours. D\u00e9couvrez ses articles publi\u00e9s sur Meozen.","robots":{"index":"index","follow":"follow","max-snippet":"max-snippet:-1","max-image-preview":"max-image-preview:large","max-video-preview":"max-video-preview:-1"},"canonical":"https:\/\/meozen.com\/fr\/experts-bien-etre\/elisabeth-terriere\/","og_locale":"fr_FR","og_type":"article","og_title":"Elisabeth Terriere - Art Th\u00e9rapeute - Meozen","og_description":"Elisabeth Terreire est une art th\u00e9rapeute dipl\u00f4m\u00e9e de l'universit\u00e9 de Tours. D\u00e9couvrez ses articles publi\u00e9s sur Meozen.","og_url":"https:\/\/meozen.com\/fr\/experts-bien-etre\/elisabeth-terriere\/","og_site_name":"Meozen - Votre portail bien-\u00eatre","article_publisher":"https:\/\/www.facebook.com\/MeozenFr\/","article_modified_time":"2023-07-10T18:23:43+00:00","og_image":[{"width":474,"height":479,"url":"https:\/\/meozen.com\/fr\/wp-content\/uploads\/sites\/2\/2023\/07\/elisabeth-terreire.jpg","type":"image\/jpeg"}],"twitter_card":"summary_large_image","twitter_misc":{"Dur\u00e9e de lecture estim\u00e9e":"1 minute"},"schema":{"@context":"https:\/\/schema.org","@graph":[{"@type":"WebPage","@id":"https:\/\/meozen.com\/fr\/experts-bien-etre\/elisabeth-terriere\/","url":"https:\/\/meozen.com\/fr\/experts-bien-etre\/elisabeth-terriere\/","name":"Elisabeth Terriere - Art Th\u00e9rapeute - Meozen","isPartOf":{"@id":"https:\/\/meozen.com\/fr\/#website"},"primaryImageOfPage":{"@id":"https:\/\/meozen.com\/fr\/experts-bien-etre\/elisabeth-terriere\/#primaryimage"},"image":{"@id":"https:\/\/meozen.com\/fr\/experts-bien-etre\/elisabeth-terriere\/#primaryimage"},"thumbnailUrl":"https:\/\/meozen.com\/fr\/wp-content\/uploads\/sites\/2\/2023\/07\/elisabeth-terreire.jpg","datePublished":"2023-07-09T22:27:45+00:00","dateModified":"2023-07-10T18:23:43+00:00","description":"Elisabeth Terreire est une art th\u00e9rapeute dipl\u00f4m\u00e9e de l'universit\u00e9 de Tours. D\u00e9couvrez ses articles publi\u00e9s sur Meozen.","breadcrumb":{"@id":"https:\/\/meozen.com\/fr\/experts-bien-etre\/elisabeth-terriere\/#breadcrumb"},"inLanguage":"fr-FR","potentialAction":[{"@type":"ReadAction","target":["https:\/\/meozen.com\/fr\/experts-bien-etre\/elisabeth-terriere\/"]}]},{"@type":"ImageObject","inLanguage":"fr-FR","@id":"https:\/\/meozen.com\/fr\/experts-bien-etre\/elisabeth-terriere\/#primaryimage","url":"https:\/\/meozen.com\/fr\/wp-content\/uploads\/sites\/2\/2023\/07\/elisabeth-terreire.jpg","contentUrl":"https:\/\/meozen.com\/fr\/wp-content\/uploads\/sites\/2\/2023\/07\/elisabeth-terreire.jpg","width":474,"height":479},{"@type":"BreadcrumbList","@id":"https:\/\/meozen.com\/fr\/experts-bien-etre\/elisabeth-terriere\/#breadcrumb","itemListElement":[{"@type":"ListItem","position":1,"name":"Accueil","item":"https:\/\/meozen.com\/fr\/"},{"@type":"ListItem","position":2,"name":"Experts bien-\u00eatre","item":"https:\/\/meozen.com\/fr\/experts-bien-etre\/"},{"@type":"ListItem","position":3,"name":"Elisabeth Terriere"}]},{"@type":"WebSite","@id":"https:\/\/meozen.com\/fr\/#website","url":"https:\/\/meozen.com\/fr\/","name":"Meozen - Votre portail bien-\u00eatre","description":"D\u00e9couvrez tout l&#039;univers du bien-\u00eatre, yoga, m\u00e9ditation, trouvez les meilleures retraites et formations bien-\u00eatre","publisher":{"@id":"https:\/\/meozen.com\/fr\/#organization"},"potentialAction":[{"@type":"SearchAction","target":{"@type":"EntryPoint","urlTemplate":"https:\/\/meozen.com\/fr\/?s={search_term_string}"},"query-input":{"@type":"PropertyValueSpecification","valueRequired":true,"valueName":"search_term_string"}}],"inLanguage":"fr-FR"},{"@type":"Organization","@id":"https:\/\/meozen.com\/fr\/#organization","name":"Meozen","url":"https:\/\/meozen.com\/fr\/","logo":{"@type":"ImageObject","inLanguage":"fr-FR","@id":"https:\/\/meozen.com\/fr\/#\/schema\/logo\/image\/","url":"https:\/\/meozen.com\/fr\/wp-content\/uploads\/sites\/2\/2021\/06\/logo-meozen-push.jpg","contentUrl":"https:\/\/meozen.com\/fr\/wp-content\/uploads\/sites\/2\/2021\/06\/logo-meozen-push.jpg","width":384,"height":384,"caption":"Meozen"},"image":{"@id":"https:\/\/meozen.com\/fr\/#\/schema\/logo\/image\/"},"sameAs":["https:\/\/www.facebook.com\/MeozenFr\/","https:\/\/www.pinterest.fr\/meozen_officiel\/","https:\/\/www.instagram.com\/meozen_officiel\/"]}]}},"_links":{"self":[{"href":"https:\/\/meozen.com\/fr\/wp-json\/wp\/v2\/pages\/6269","targetHints":{"allow":["GET"]}}],"collection":[{"href":"https:\/\/meozen.com\/fr\/wp-json\/wp\/v2\/pages"}],"about":[{"href":"https:\/\/meozen.com\/fr\/wp-json\/wp\/v2\/types\/page"}],"author":[{"embeddable":true,"href":"https:\/\/meozen.com\/fr\/wp-json\/wp\/v2\/users\/1"}],"replies":[{"embeddable":true,"href":"https:\/\/meozen.com\/fr\/wp-json\/wp\/v2\/comments?post=6269"}],"version-history":[{"count":0,"href":"https:\/\/meozen.com\/fr\/wp-json\/wp\/v2\/pages\/6269\/revisions"}],"up":[{"embeddable":true,"href":"https:\/\/meozen.com\/fr\/wp-json\/wp\/v2\/pages\/2414"}],"wp:featuredmedia":[{"embeddable":true,"href":"https:\/\/meozen.com\/fr\/wp-json\/wp\/v2\/media\/6271"}],"wp:attachment":[{"href":"https:\/\/meozen.com\/fr\/wp-json\/wp\/v2\/media?parent=6269"}],"curies":[{"name":"wp","href":"https:\/\/api.w.org\/{rel}","templated":true}]}}