{"id":6357,"date":"2023-07-17T10:50:34","date_gmt":"2023-07-17T08:50:34","guid":{"rendered":"https:\/\/meozen.com\/fr\/?page_id=6357"},"modified":"2023-08-14T22:46:33","modified_gmt":"2023-08-14T20:46:33","slug":"evelyne-desmarres","status":"publish","type":"page","link":"https:\/\/meozen.com\/fr\/experts-bien-etre\/evelyne-desmarres\/","title":{"rendered":"Evelyne Desmarres"},"content":{"rendered":"\t\t<div data-elementor-type=\"wp-page\" data-elementor-id=\"6357\" class=\"elementor elementor-6357\" data-elementor-post-type=\"page\">\n\t\t\t\t\t\t<section class=\"elementor-section elementor-top-section elementor-element elementor-element-4371ecf3 elementor-section-boxed elementor-section-height-default elementor-section-height-default\" data-id=\"4371ecf3\" data-element_type=\"section\" data-e-type=\"section\">\n\t\t\t\t\t\t<div class=\"elementor-container elementor-column-gap-default\">\n\t\t\t\t\t<div class=\"elementor-column elementor-col-100 elementor-top-column elementor-element elementor-element-15a7625b\" data-id=\"15a7625b\" data-element_type=\"column\" data-e-type=\"column\">\n\t\t\t<div class=\"elementor-widget-wrap elementor-element-populated\">\n\t\t\t\t\t\t<div class=\"elementor-element elementor-element-5b7dddd6 elementor-align-center elementor-widget elementor-widget-breadcrumbs\" data-id=\"5b7dddd6\" data-element_type=\"widget\" data-e-type=\"widget\" data-widget_type=\"breadcrumbs.default\">\n\t\t\t\t<div class=\"elementor-widget-container\">\n\t\t\t\t\t<p id=\"breadcrumbs\"><span><span><a href=\"https:\/\/meozen.com\/fr\/\">Accueil<\/a><\/span><\/span><\/p>\t\t\t\t<\/div>\n\t\t\t\t<\/div>\n\t\t\t\t\t<\/div>\n\t\t<\/div>\n\t\t\t\t\t<\/div>\n\t\t<\/section>\n\t\t\t\t<section class=\"elementor-section elementor-top-section elementor-element elementor-element-3752e3fb elementor-section-boxed elementor-section-height-default elementor-section-height-default\" data-id=\"3752e3fb\" data-element_type=\"section\" data-e-type=\"section\">\n\t\t\t\t\t\t<div class=\"elementor-container elementor-column-gap-default\">\n\t\t\t\t\t<div class=\"elementor-column elementor-col-100 elementor-top-column elementor-element elementor-element-7c99dc65\" data-id=\"7c99dc65\" data-element_type=\"column\" data-e-type=\"column\">\n\t\t\t<div class=\"elementor-widget-wrap elementor-element-populated\">\n\t\t\t\t\t\t<section class=\"elementor-section elementor-inner-section elementor-element elementor-element-3856371 elementor-section-boxed elementor-section-height-default elementor-section-height-default\" data-id=\"3856371\" data-element_type=\"section\" data-e-type=\"section\">\n\t\t\t\t\t\t<div class=\"elementor-container elementor-column-gap-default\">\n\t\t\t\t\t<div class=\"elementor-column elementor-col-50 elementor-inner-column elementor-element elementor-element-7e6ebac\" data-id=\"7e6ebac\" data-element_type=\"column\" data-e-type=\"column\">\n\t\t\t<div class=\"elementor-widget-wrap elementor-element-populated\">\n\t\t\t\t\t\t<div class=\"elementor-element elementor-element-1d334c83 elementor-widget__width-initial elementor-widget elementor-widget-theme-post-featured-image elementor-widget-image\" data-id=\"1d334c83\" data-element_type=\"widget\" data-e-type=\"widget\" data-widget_type=\"theme-post-featured-image.default\">\n\t\t\t\t<div class=\"elementor-widget-container\">\n\t\t\t\t\t\t\t\t\t\t\t\t\t\t\t<img decoding=\"async\" src=\"https:\/\/meozen.com\/fr\/wp-content\/uploads\/sites\/2\/elementor\/thumbs\/evelyne-desmarres-scaled-r2ntb0aew7kn2lgufwfaahwa287moi3zae9dang7ew.jpeg\" title=\"evelyne-desmarres\" alt=\"evelyne-desmarres\" loading=\"lazy\" \/>\t\t\t\t\t\t\t\t\t\t\t\t\t\t\t<\/div>\n\t\t\t\t<\/div>\n\t\t\t\t\t<\/div>\n\t\t<\/div>\n\t\t\t\t<div class=\"elementor-column elementor-col-50 elementor-inner-column elementor-element elementor-element-603a88d7\" data-id=\"603a88d7\" data-element_type=\"column\" data-e-type=\"column\">\n\t\t\t<div class=\"elementor-widget-wrap elementor-element-populated\">\n\t\t\t\t\t\t<div class=\"elementor-element elementor-element-68f7e268 elementor-widget elementor-widget-theme-post-title elementor-page-title elementor-widget-heading\" data-id=\"68f7e268\" data-element_type=\"widget\" data-e-type=\"widget\" data-widget_type=\"theme-post-title.default\">\n\t\t\t\t<div class=\"elementor-widget-container\">\n\t\t\t\t\t<h1 class=\"elementor-heading-title elementor-size-default\">Evelyne Desmarres<\/h1>\t\t\t\t<\/div>\n\t\t\t\t<\/div>\n\t\t\t\t\t<\/div>\n\t\t<\/div>\n\t\t\t\t\t<\/div>\n\t\t<\/section>\n\t\t\t\t\t<\/div>\n\t\t<\/div>\n\t\t\t\t\t<\/div>\n\t\t<\/section>\n\t\t\t\t<section class=\"elementor-section elementor-top-section elementor-element elementor-element-18730c90 elementor-section-boxed elementor-section-height-default elementor-section-height-default\" data-id=\"18730c90\" data-element_type=\"section\" data-e-type=\"section\">\n\t\t\t\t\t\t<div class=\"elementor-container elementor-column-gap-default\">\n\t\t\t\t\t<div class=\"elementor-column elementor-col-100 elementor-top-column elementor-element elementor-element-349726cb\" data-id=\"349726cb\" data-element_type=\"column\" data-e-type=\"column\">\n\t\t\t<div class=\"elementor-widget-wrap elementor-element-populated\">\n\t\t\t\t\t\t<div class=\"elementor-element elementor-element-64b18230 elementor-widget elementor-widget-text-editor\" data-id=\"64b18230\" data-element_type=\"widget\" data-e-type=\"widget\" data-widget_type=\"text-editor.default\">\n\t\t\t\t<div class=\"elementor-widget-container\">\n\t\t\t\t\t\t\t\t\t<p><span style=\"font-weight: 400;\">Sportive depuis toute petite, j&rsquo;ai toujours ador\u00e9 bouger. Le sport est pour moi, depuis le d\u00e9but, un moyen de me d\u00e9fouler, d&rsquo;enlever les tensions physiques et mentales que j&rsquo;accumulais.\u00a0<\/span><\/p><p><span style=\"font-weight: 400;\">Puis en 2017, j&rsquo;ai d\u00e9couvert le yoga vinyasa, un yoga dynamique qui permettait aussi, \u00e0 son \u00e9chelle, de se d\u00e9fouler. J&rsquo;ai donc continu\u00e9 r\u00e9guli\u00e8rement de pratiquer. Cela me permettait de me d\u00e9tendre, d&rsquo;oublier mon stress pour bouger en pleine conscience.<\/span><\/p><p><span style=\"font-weight: 400;\">Je me suis mise plus au <a class=\"wpil_keyword_link\" href=\"https:\/\/meozen.com\/fr\/yoga\/\"   title=\"yoga\" data-wpil-keyword-link=\"linked\">yoga<\/a> pendant le confinement. J&rsquo;y ai trouv\u00e9 beaucoup de paix en moi-m\u00eame. Le yoga m&rsquo;a aussi permis de m&rsquo;exprimer par le mouvement et de trouver confiance en moi, en mon corps. J&rsquo;ai enfin accept\u00e9 ce que je suis et qui je suis et cela me permet de vivre plus sereinement.\u00a0<\/span><\/p><p><span style=\"font-weight: 400;\">J&rsquo;ai quitt\u00e9 mon travail en 2021 pour devenir \u00e0 temps plein professeur de yoga et je regrette en rien le monde de la finance ou je travaillais.<\/span><\/p><p><span style=\"font-weight: 400;\">Aujourd&rsquo;hui, j&rsquo;adore explorer le mouvement, explorer mes capacit\u00e9s et le potentiel de chaque mouvement et chaque posture. Je transmets \u00e0 mes yogis ma passion et ma conception du yoga \u00e0 la fois physique et spirituel. Je les invite \u00e0 l\u00e2cher prise, \u00e0 ne pas se juger et \u00e0 laisser parler leur corps et leur intuition : s&rsquo;ils ont envie de garder du mouvement ou de prendre une variation diff\u00e9rente dans une posture, je les encourage. Mes cours sont un terrain de jeu d&rsquo;expression corporelle.<\/span><\/p><p>D\u00e9couvrez son <a href=\"https:\/\/www.yoganamasteve.com\/\">site internet<\/a> et son <a href=\"https:\/\/www.instagram.com\/evelyne_desmarres_yoga\/\">compte instagram<\/a><\/p>\t\t\t\t\t\t\t\t<\/div>\n\t\t\t\t<\/div>\n\t\t\t\t<div class=\"elementor-element elementor-element-6fb61304 elementor-widget elementor-widget-heading\" data-id=\"6fb61304\" data-element_type=\"widget\" data-e-type=\"widget\" data-widget_type=\"heading.default\">\n\t\t\t\t<div class=\"elementor-widget-container\">\n\t\t\t\t\t<h2 class=\"elementor-heading-title elementor-size-default\">Ses articles sur Meozen<\/h2>\t\t\t\t<\/div>\n\t\t\t\t<\/div>\n\t\t\t\t<div class=\"elementor-element elementor-element-491c8c15 elementor-widget elementor-widget-text-editor\" data-id=\"491c8c15\" data-element_type=\"widget\" data-e-type=\"widget\" data-widget_type=\"text-editor.default\">\n\t\t\t\t<div class=\"elementor-widget-container\">\n\t\t\t\t\t\t\t\t\t<ul><li><a href=\"https:\/\/meozen.com\/fr\/yoga\/yin-yoga\/debutant\/\">Le Yin Yoga pour d\u00e9butant<\/a><\/li><li><a href=\"https:\/\/meozen.com\/fr\/yoga\/vinyasa-yoga\/debutant\/\">Le Vinyasa Yoga pour d\u00e9butant<\/a><\/li><\/ul>\t\t\t\t\t\t\t\t<\/div>\n\t\t\t\t<\/div>\n\t\t\t\t\t<\/div>\n\t\t<\/div>\n\t\t\t\t\t<\/div>\n\t\t<\/section>\n\t\t\t\t<\/div>\n\t\t","protected":false},"excerpt":{"rendered":"<p>Sportive depuis toute petite, j\u2019ai toujours ador\u00e9 bouger. Le sport est pour moi, depuis le d\u00e9but, un moyen de me d\u00e9fouler, d\u2019enlever les tensions physiques et mentales que j\u2019accumulais.\u00a0 Puis en 2017, j\u2019ai d\u00e9couvert le yoga vinyasa, un yoga dynamique qui permettait aussi, \u00e0 son \u00e9chelle, de se d\u00e9fouler. J\u2019ai donc continu\u00e9 r\u00e9guli\u00e8rement de pratiquer. [&hellip;]<\/p>\n","protected":false},"author":1,"featured_media":6359,"parent":2414,"menu_order":0,"comment_status":"closed","ping_status":"closed","template":"","meta":{"_mo_disable_npp":"","footnotes":""},"class_list":["post-6357","page","type-page","status-publish","has-post-thumbnail","hentry"],"yoast_head":"<!-- This site is optimized with the Yoast SEO plugin v26.8 - https:\/\/yoast.com\/product\/yoast-seo-wordpress\/ -->\n<title>Evelyne Desmarres - Experte Yoga sur Meozen<\/title>\n<meta name=\"description\" content=\"Evelyne Desmarres est une professeure de yoga certifi\u00e9e. D\u00e9couvrez ses articles sur Meozen.\" \/>\n<meta name=\"robots\" content=\"index, follow, max-snippet:-1, max-image-preview:large, max-video-preview:-1\" \/>\n<link rel=\"canonical\" href=\"https:\/\/meozen.com\/fr\/experts-bien-etre\/evelyne-desmarres\/\" \/>\n<meta property=\"og:locale\" content=\"fr_FR\" \/>\n<meta property=\"og:type\" content=\"article\" \/>\n<meta property=\"og:title\" content=\"Evelyne Desmarres - Experte Yoga sur Meozen\" \/>\n<meta property=\"og:description\" content=\"Evelyne Desmarres est une professeure de yoga certifi\u00e9e. D\u00e9couvrez ses articles sur Meozen.\" \/>\n<meta property=\"og:url\" content=\"https:\/\/meozen.com\/fr\/experts-bien-etre\/evelyne-desmarres\/\" \/>\n<meta property=\"og:site_name\" content=\"Meozen - Votre portail bien-\u00eatre\" \/>\n<meta property=\"article:publisher\" content=\"https:\/\/www.facebook.com\/MeozenFr\/\" \/>\n<meta property=\"article:modified_time\" content=\"2023-08-14T20:46:33+00:00\" \/>\n<meta property=\"og:image\" content=\"https:\/\/meozen.com\/fr\/wp-content\/uploads\/sites\/2\/2023\/07\/evelyne-desmarres-scaled.jpeg\" \/>\n\t<meta property=\"og:image:width\" content=\"2556\" \/>\n\t<meta property=\"og:image:height\" content=\"2560\" \/>\n\t<meta property=\"og:image:type\" content=\"image\/jpeg\" \/>\n<meta name=\"twitter:card\" content=\"summary_large_image\" \/>\n<meta name=\"twitter:label1\" content=\"Dur\u00e9e de lecture estim\u00e9e\" \/>\n\t<meta name=\"twitter:data1\" content=\"2 minutes\" \/>\n<script type=\"application\/ld+json\" class=\"yoast-schema-graph\">{\"@context\":\"https:\/\/schema.org\",\"@graph\":[{\"@type\":\"WebPage\",\"@id\":\"https:\/\/meozen.com\/fr\/experts-bien-etre\/evelyne-desmarres\/\",\"url\":\"https:\/\/meozen.com\/fr\/experts-bien-etre\/evelyne-desmarres\/\",\"name\":\"Evelyne Desmarres - Experte Yoga sur Meozen\",\"isPartOf\":{\"@id\":\"https:\/\/meozen.com\/fr\/#website\"},\"primaryImageOfPage\":{\"@id\":\"https:\/\/meozen.com\/fr\/experts-bien-etre\/evelyne-desmarres\/#primaryimage\"},\"image\":{\"@id\":\"https:\/\/meozen.com\/fr\/experts-bien-etre\/evelyne-desmarres\/#primaryimage\"},\"thumbnailUrl\":\"https:\/\/meozen.com\/fr\/wp-content\/uploads\/sites\/2\/2023\/07\/evelyne-desmarres-scaled.jpeg\",\"datePublished\":\"2023-07-17T08:50:34+00:00\",\"dateModified\":\"2023-08-14T20:46:33+00:00\",\"description\":\"Evelyne Desmarres est une professeure de yoga certifi\u00e9e. D\u00e9couvrez ses articles sur Meozen.\",\"breadcrumb\":{\"@id\":\"https:\/\/meozen.com\/fr\/experts-bien-etre\/evelyne-desmarres\/#breadcrumb\"},\"inLanguage\":\"fr-FR\",\"potentialAction\":[{\"@type\":\"ReadAction\",\"target\":[\"https:\/\/meozen.com\/fr\/experts-bien-etre\/evelyne-desmarres\/\"]}]},{\"@type\":\"ImageObject\",\"inLanguage\":\"fr-FR\",\"@id\":\"https:\/\/meozen.com\/fr\/experts-bien-etre\/evelyne-desmarres\/#primaryimage\",\"url\":\"https:\/\/meozen.com\/fr\/wp-content\/uploads\/sites\/2\/2023\/07\/evelyne-desmarres-scaled.jpeg\",\"contentUrl\":\"https:\/\/meozen.com\/fr\/wp-content\/uploads\/sites\/2\/2023\/07\/evelyne-desmarres-scaled.jpeg\",\"width\":2556,\"height\":2560},{\"@type\":\"BreadcrumbList\",\"@id\":\"https:\/\/meozen.com\/fr\/experts-bien-etre\/evelyne-desmarres\/#breadcrumb\",\"itemListElement\":[{\"@type\":\"ListItem\",\"position\":1,\"name\":\"Accueil\",\"item\":\"https:\/\/meozen.com\/fr\/\"},{\"@type\":\"ListItem\",\"position\":2,\"name\":\"Experts bien-\u00eatre\",\"item\":\"https:\/\/meozen.com\/fr\/experts-bien-etre\/\"},{\"@type\":\"ListItem\",\"position\":3,\"name\":\"Evelyne Desmarres\"}]},{\"@type\":\"WebSite\",\"@id\":\"https:\/\/meozen.com\/fr\/#website\",\"url\":\"https:\/\/meozen.com\/fr\/\",\"name\":\"Meozen - Votre portail bien-\u00eatre\",\"description\":\"D\u00e9couvrez tout l&#039;univers du bien-\u00eatre, yoga, m\u00e9ditation, trouvez les meilleures retraites et formations bien-\u00eatre\",\"publisher\":{\"@id\":\"https:\/\/meozen.com\/fr\/#organization\"},\"potentialAction\":[{\"@type\":\"SearchAction\",\"target\":{\"@type\":\"EntryPoint\",\"urlTemplate\":\"https:\/\/meozen.com\/fr\/?s={search_term_string}\"},\"query-input\":{\"@type\":\"PropertyValueSpecification\",\"valueRequired\":true,\"valueName\":\"search_term_string\"}}],\"inLanguage\":\"fr-FR\"},{\"@type\":\"Organization\",\"@id\":\"https:\/\/meozen.com\/fr\/#organization\",\"name\":\"Meozen\",\"url\":\"https:\/\/meozen.com\/fr\/\",\"logo\":{\"@type\":\"ImageObject\",\"inLanguage\":\"fr-FR\",\"@id\":\"https:\/\/meozen.com\/fr\/#\/schema\/logo\/image\/\",\"url\":\"https:\/\/meozen.com\/fr\/wp-content\/uploads\/sites\/2\/2021\/06\/logo-meozen-push.jpg\",\"contentUrl\":\"https:\/\/meozen.com\/fr\/wp-content\/uploads\/sites\/2\/2021\/06\/logo-meozen-push.jpg\",\"width\":384,\"height\":384,\"caption\":\"Meozen\"},\"image\":{\"@id\":\"https:\/\/meozen.com\/fr\/#\/schema\/logo\/image\/\"},\"sameAs\":[\"https:\/\/www.facebook.com\/MeozenFr\/\",\"https:\/\/www.pinterest.fr\/meozen_officiel\/\",\"https:\/\/www.instagram.com\/meozen_officiel\/\"]}]}<\/script>\n<!-- \/ Yoast SEO plugin. -->","yoast_head_json":{"title":"Evelyne Desmarres - Experte Yoga sur Meozen","description":"Evelyne Desmarres est une professeure de yoga certifi\u00e9e. D\u00e9couvrez ses articles sur Meozen.","robots":{"index":"index","follow":"follow","max-snippet":"max-snippet:-1","max-image-preview":"max-image-preview:large","max-video-preview":"max-video-preview:-1"},"canonical":"https:\/\/meozen.com\/fr\/experts-bien-etre\/evelyne-desmarres\/","og_locale":"fr_FR","og_type":"article","og_title":"Evelyne Desmarres - Experte Yoga sur Meozen","og_description":"Evelyne Desmarres est une professeure de yoga certifi\u00e9e. D\u00e9couvrez ses articles sur Meozen.","og_url":"https:\/\/meozen.com\/fr\/experts-bien-etre\/evelyne-desmarres\/","og_site_name":"Meozen - Votre portail bien-\u00eatre","article_publisher":"https:\/\/www.facebook.com\/MeozenFr\/","article_modified_time":"2023-08-14T20:46:33+00:00","og_image":[{"width":2556,"height":2560,"url":"https:\/\/meozen.com\/fr\/wp-content\/uploads\/sites\/2\/2023\/07\/evelyne-desmarres-scaled.jpeg","type":"image\/jpeg"}],"twitter_card":"summary_large_image","twitter_misc":{"Dur\u00e9e de lecture estim\u00e9e":"2 minutes"},"schema":{"@context":"https:\/\/schema.org","@graph":[{"@type":"WebPage","@id":"https:\/\/meozen.com\/fr\/experts-bien-etre\/evelyne-desmarres\/","url":"https:\/\/meozen.com\/fr\/experts-bien-etre\/evelyne-desmarres\/","name":"Evelyne Desmarres - Experte Yoga sur Meozen","isPartOf":{"@id":"https:\/\/meozen.com\/fr\/#website"},"primaryImageOfPage":{"@id":"https:\/\/meozen.com\/fr\/experts-bien-etre\/evelyne-desmarres\/#primaryimage"},"image":{"@id":"https:\/\/meozen.com\/fr\/experts-bien-etre\/evelyne-desmarres\/#primaryimage"},"thumbnailUrl":"https:\/\/meozen.com\/fr\/wp-content\/uploads\/sites\/2\/2023\/07\/evelyne-desmarres-scaled.jpeg","datePublished":"2023-07-17T08:50:34+00:00","dateModified":"2023-08-14T20:46:33+00:00","description":"Evelyne Desmarres est une professeure de yoga certifi\u00e9e. D\u00e9couvrez ses articles sur Meozen.","breadcrumb":{"@id":"https:\/\/meozen.com\/fr\/experts-bien-etre\/evelyne-desmarres\/#breadcrumb"},"inLanguage":"fr-FR","potentialAction":[{"@type":"ReadAction","target":["https:\/\/meozen.com\/fr\/experts-bien-etre\/evelyne-desmarres\/"]}]},{"@type":"ImageObject","inLanguage":"fr-FR","@id":"https:\/\/meozen.com\/fr\/experts-bien-etre\/evelyne-desmarres\/#primaryimage","url":"https:\/\/meozen.com\/fr\/wp-content\/uploads\/sites\/2\/2023\/07\/evelyne-desmarres-scaled.jpeg","contentUrl":"https:\/\/meozen.com\/fr\/wp-content\/uploads\/sites\/2\/2023\/07\/evelyne-desmarres-scaled.jpeg","width":2556,"height":2560},{"@type":"BreadcrumbList","@id":"https:\/\/meozen.com\/fr\/experts-bien-etre\/evelyne-desmarres\/#breadcrumb","itemListElement":[{"@type":"ListItem","position":1,"name":"Accueil","item":"https:\/\/meozen.com\/fr\/"},{"@type":"ListItem","position":2,"name":"Experts bien-\u00eatre","item":"https:\/\/meozen.com\/fr\/experts-bien-etre\/"},{"@type":"ListItem","position":3,"name":"Evelyne Desmarres"}]},{"@type":"WebSite","@id":"https:\/\/meozen.com\/fr\/#website","url":"https:\/\/meozen.com\/fr\/","name":"Meozen - Votre portail bien-\u00eatre","description":"D\u00e9couvrez tout l&#039;univers du bien-\u00eatre, yoga, m\u00e9ditation, trouvez les meilleures retraites et formations bien-\u00eatre","publisher":{"@id":"https:\/\/meozen.com\/fr\/#organization"},"potentialAction":[{"@type":"SearchAction","target":{"@type":"EntryPoint","urlTemplate":"https:\/\/meozen.com\/fr\/?s={search_term_string}"},"query-input":{"@type":"PropertyValueSpecification","valueRequired":true,"valueName":"search_term_string"}}],"inLanguage":"fr-FR"},{"@type":"Organization","@id":"https:\/\/meozen.com\/fr\/#organization","name":"Meozen","url":"https:\/\/meozen.com\/fr\/","logo":{"@type":"ImageObject","inLanguage":"fr-FR","@id":"https:\/\/meozen.com\/fr\/#\/schema\/logo\/image\/","url":"https:\/\/meozen.com\/fr\/wp-content\/uploads\/sites\/2\/2021\/06\/logo-meozen-push.jpg","contentUrl":"https:\/\/meozen.com\/fr\/wp-content\/uploads\/sites\/2\/2021\/06\/logo-meozen-push.jpg","width":384,"height":384,"caption":"Meozen"},"image":{"@id":"https:\/\/meozen.com\/fr\/#\/schema\/logo\/image\/"},"sameAs":["https:\/\/www.facebook.com\/MeozenFr\/","https:\/\/www.pinterest.fr\/meozen_officiel\/","https:\/\/www.instagram.com\/meozen_officiel\/"]}]}},"_links":{"self":[{"href":"https:\/\/meozen.com\/fr\/wp-json\/wp\/v2\/pages\/6357","targetHints":{"allow":["GET"]}}],"collection":[{"href":"https:\/\/meozen.com\/fr\/wp-json\/wp\/v2\/pages"}],"about":[{"href":"https:\/\/meozen.com\/fr\/wp-json\/wp\/v2\/types\/page"}],"author":[{"embeddable":true,"href":"https:\/\/meozen.com\/fr\/wp-json\/wp\/v2\/users\/1"}],"replies":[{"embeddable":true,"href":"https:\/\/meozen.com\/fr\/wp-json\/wp\/v2\/comments?post=6357"}],"version-history":[{"count":0,"href":"https:\/\/meozen.com\/fr\/wp-json\/wp\/v2\/pages\/6357\/revisions"}],"up":[{"embeddable":true,"href":"https:\/\/meozen.com\/fr\/wp-json\/wp\/v2\/pages\/2414"}],"wp:featuredmedia":[{"embeddable":true,"href":"https:\/\/meozen.com\/fr\/wp-json\/wp\/v2\/media\/6359"}],"wp:attachment":[{"href":"https:\/\/meozen.com\/fr\/wp-json\/wp\/v2\/media?parent=6357"}],"curies":[{"name":"wp","href":"https:\/\/api.w.org\/{rel}","templated":true}]}}