{"id":6451,"date":"2023-08-06T23:37:19","date_gmt":"2023-08-06T21:37:19","guid":{"rendered":"https:\/\/meozen.com\/fr\/?page_id=6451"},"modified":"2023-08-14T23:15:51","modified_gmt":"2023-08-14T21:15:51","slug":"anne-lise-demoulin","status":"publish","type":"page","link":"https:\/\/meozen.com\/fr\/experts-bien-etre\/anne-lise-demoulin\/","title":{"rendered":"Anne-Lise D\u00e9moulin"},"content":{"rendered":"\t\t<div data-elementor-type=\"wp-page\" data-elementor-id=\"6451\" class=\"elementor elementor-6451\" data-elementor-post-type=\"page\">\n\t\t\t\t\t\t<section class=\"elementor-section elementor-top-section elementor-element elementor-element-3b9a4132 elementor-section-boxed elementor-section-height-default elementor-section-height-default\" data-id=\"3b9a4132\" data-element_type=\"section\" data-e-type=\"section\">\n\t\t\t\t\t\t<div class=\"elementor-container elementor-column-gap-default\">\n\t\t\t\t\t<div class=\"elementor-column elementor-col-100 elementor-top-column elementor-element elementor-element-732d037e\" data-id=\"732d037e\" data-element_type=\"column\" data-e-type=\"column\">\n\t\t\t<div class=\"elementor-widget-wrap elementor-element-populated\">\n\t\t\t\t\t\t<div class=\"elementor-element elementor-element-3e641159 elementor-align-center elementor-widget elementor-widget-breadcrumbs\" data-id=\"3e641159\" data-element_type=\"widget\" data-e-type=\"widget\" data-widget_type=\"breadcrumbs.default\">\n\t\t\t\t<div class=\"elementor-widget-container\">\n\t\t\t\t\t<p id=\"breadcrumbs\"><span><span><a href=\"https:\/\/meozen.com\/fr\/\">Accueil<\/a><\/span><\/span><\/p>\t\t\t\t<\/div>\n\t\t\t\t<\/div>\n\t\t\t\t\t<\/div>\n\t\t<\/div>\n\t\t\t\t\t<\/div>\n\t\t<\/section>\n\t\t\t\t<section class=\"elementor-section elementor-top-section elementor-element elementor-element-2f6e24a2 elementor-section-boxed elementor-section-height-default elementor-section-height-default\" data-id=\"2f6e24a2\" data-element_type=\"section\" data-e-type=\"section\">\n\t\t\t\t\t\t<div class=\"elementor-container elementor-column-gap-default\">\n\t\t\t\t\t<div class=\"elementor-column elementor-col-100 elementor-top-column elementor-element elementor-element-689bf8f1\" data-id=\"689bf8f1\" data-element_type=\"column\" data-e-type=\"column\">\n\t\t\t<div class=\"elementor-widget-wrap elementor-element-populated\">\n\t\t\t\t\t\t<section class=\"elementor-section elementor-inner-section elementor-element elementor-element-5d16103f elementor-section-boxed elementor-section-height-default elementor-section-height-default\" data-id=\"5d16103f\" data-element_type=\"section\" data-e-type=\"section\">\n\t\t\t\t\t\t<div class=\"elementor-container elementor-column-gap-default\">\n\t\t\t\t\t<div class=\"elementor-column elementor-col-50 elementor-inner-column elementor-element elementor-element-7fe92e17\" data-id=\"7fe92e17\" data-element_type=\"column\" data-e-type=\"column\">\n\t\t\t<div class=\"elementor-widget-wrap elementor-element-populated\">\n\t\t\t\t\t\t<div class=\"elementor-element elementor-element-1d9bbf9a elementor-widget__width-initial elementor-widget elementor-widget-theme-post-featured-image elementor-widget-image\" data-id=\"1d9bbf9a\" data-element_type=\"widget\" data-e-type=\"widget\" data-widget_type=\"theme-post-featured-image.default\">\n\t\t\t\t<div class=\"elementor-widget-container\">\n\t\t\t\t\t\t\t\t\t\t\t\t\t\t\t<img decoding=\"async\" src=\"https:\/\/meozen.com\/fr\/wp-content\/uploads\/sites\/2\/elementor\/thumbs\/anne-lise-demoulin-r2nt8h42ha3tsf5a8b0h2mwkfup0xv20luz9qt7e6g.jpg\" title=\"anne-lise-demoulin\" alt=\"anne-lise-demoulin\" loading=\"lazy\" \/>\t\t\t\t\t\t\t\t\t\t\t\t\t\t\t<\/div>\n\t\t\t\t<\/div>\n\t\t\t\t\t<\/div>\n\t\t<\/div>\n\t\t\t\t<div class=\"elementor-column elementor-col-50 elementor-inner-column elementor-element elementor-element-25c99105\" data-id=\"25c99105\" data-element_type=\"column\" data-e-type=\"column\">\n\t\t\t<div class=\"elementor-widget-wrap elementor-element-populated\">\n\t\t\t\t\t\t<div class=\"elementor-element elementor-element-686f70ba elementor-widget elementor-widget-theme-post-title elementor-page-title elementor-widget-heading\" data-id=\"686f70ba\" data-element_type=\"widget\" data-e-type=\"widget\" data-widget_type=\"theme-post-title.default\">\n\t\t\t\t<div class=\"elementor-widget-container\">\n\t\t\t\t\t<h1 class=\"elementor-heading-title elementor-size-default\">Anne-Lise D\u00e9moulin<\/h1>\t\t\t\t<\/div>\n\t\t\t\t<\/div>\n\t\t\t\t\t<\/div>\n\t\t<\/div>\n\t\t\t\t\t<\/div>\n\t\t<\/section>\n\t\t\t\t\t<\/div>\n\t\t<\/div>\n\t\t\t\t\t<\/div>\n\t\t<\/section>\n\t\t\t\t<section class=\"elementor-section elementor-top-section elementor-element elementor-element-26f7239d elementor-section-boxed elementor-section-height-default elementor-section-height-default\" data-id=\"26f7239d\" data-element_type=\"section\" data-e-type=\"section\">\n\t\t\t\t\t\t<div class=\"elementor-container elementor-column-gap-default\">\n\t\t\t\t\t<div class=\"elementor-column elementor-col-100 elementor-top-column elementor-element elementor-element-2b83493a\" data-id=\"2b83493a\" data-element_type=\"column\" data-e-type=\"column\">\n\t\t\t<div class=\"elementor-widget-wrap elementor-element-populated\">\n\t\t\t\t\t\t<div class=\"elementor-element elementor-element-1d74d548 elementor-widget elementor-widget-text-editor\" data-id=\"1d74d548\" data-element_type=\"widget\" data-e-type=\"widget\" data-widget_type=\"text-editor.default\">\n\t\t\t\t<div class=\"elementor-widget-container\">\n\t\t\t\t\t\t\t\t\t<p>\u00a0<\/p><ul><li>Coach mieux-\u00eatre et enseignante de Yoga chez SatNamaste depuis 2021<\/li><li>Enseignante certifi\u00e9e 220h Hatha Yoga 2023<\/li><li>Enseignante certifi\u00e9e 220 h Shakti Dance\u00ae (yoga dans\u00e9) 2021<\/li><li>Certifi\u00e9e en Phytoth\u00e9rapie 2022<\/li><li>Reiki Niveau 1 certifi\u00e9e 2021 et Soin Chamanique sp\u00e9cial femme<\/li><li>Certifi\u00e9e en Litho-th\u00e9rapie 2019<\/li><li>Certifi\u00e9e en Art &#8211; Th\u00e9rapie 2019<\/li><\/ul><p>En Alsace depuis plus de 20 ans, la r\u00e9moise Anne-Lise pratique tous styles de <a class=\"wpil_keyword_link\" href=\"https:\/\/meozen.com\/fr\/yoga\/\"   title=\"yoga\" data-wpil-keyword-link=\"linked\">yoga<\/a> depuis plus de 5 ans avec une pr\u00e9f\u00e9rence pour le Kundalini Yoga (yoga de la conscience et de la libre circulation de l&rsquo;\u00e9nergie vitale, un yoga holistique et \u00e9nerg\u00e9tique utilisant des s\u00e9ries d&rsquo;exercices sur chant de mantras).<\/p><p>Ce yoga sp\u00e9cifique l&rsquo;a motiv\u00e9e \u00e0 changer de voie en 2021, \u00e0 cr\u00e9er son entreprise SatNamaste, et ainsi \u00e0 pouvoir l&rsquo;enseigner en s\u00e9ance individuelle, cours collectifs ou en entreprise.<\/p><p>Similaire au Kundalini yoga mais sous sa forme yin plus f\u00e9minine, la Shakti Dance\u00ae est une alliance s\u00e9quenc\u00e9e de yoga et de danse (chor\u00e9graphi\u00e9 et intuitive), adapt\u00e9e \u00e0 tous types de profil et public, visant \u00e0 d\u00e9nouer les tensions physiques et mentales.<br \/>Elle enseigne ces deux pratiques en cours collectifs\u00a0 sur Strasbourg ainsi que sur Fegersheim. Possibilit\u00e9 de s\u00e9ances individuelles chez les particuliers.<\/p><p>Anne-Lise propose \u00e9galement des cours collectifs et priv\u00e9s de <a class=\"wpil_keyword_link\" href=\"https:\/\/meozen.com\/fr\/yoga\/hatha-yoga\/\"   title=\"Hatha yoga\" data-wpil-keyword-link=\"linked\">Hatha yoga<\/a>, de yoga enfant, de yoga des hormones et de yoga du rire (uniquement en entreprise), ainsi que des coachings personnalis\u00e9s \u00e0 base de yoga, litho-th\u00e9rapie et phytoth\u00e9rapie, ou des soins Reiki.<\/p><p>Sa nouveaut\u00e9 : des bulles de d\u00e9tente sonore et vibratoire sur Fegersheim un samedi soir par mois et des sorties Nature et Vibratoires dans la for\u00eat d&rsquo;Ichtratzheim un samedi apr\u00e8s-midi par mois.<br \/>A tester, \u00e0 d\u00e9couvrir, laissez-vous guider et porter par le flux d&rsquo;\u00e9nergie de la vie !<\/p><p>\u00ab\u00a0Mon approche du yoga (quelque ce soit le style propos\u00e9) se fait tout en douceur et en bienveillance avec soi-m\u00eame, dans le respect du corps et de ses limitations, afin de permettre aux \u00e9l\u00e8ves de retrouver une l\u00e9g\u00e8ret\u00e9, une mobilit\u00e9, une d\u00e9tente corps\/mental et une libert\u00e9 de mouvements dans la fluidit\u00e9, la cr\u00e9ativit\u00e9 et la joie, en symbiose totale avec le rythme respiratoire de chacun.<br \/>Mes coachings \u00ab\u00a0mieux-\u00eatre\u00a0\u00bb sont toujours cibl\u00e9s et adapt\u00e9s aux besoins de l&rsquo;\u00e9l\u00e8ve au jour le jour, en fonction de ses \u00e9nergies et de ses attentes du moment.<br \/>J&rsquo;int\u00e8gre plusieurs techniques combinant yoga (Kundalini ou Shakti Dance\u00ae), techniques de respiration, de relaxation, de visualisation ou des techniques issues de la MTC (M\u00e9decine Traditionnelle Chinoise), du Reiki, de la phytoth\u00e9rapie, de la lithoth\u00e9rapie et de l&rsquo;art th\u00e9rapie par le chant et le mouvement, pour un pouvoir lib\u00e9rateur \u00e9motionnel et relaxant, afin que les personnes se sentent MIEUX et surtout qu&rsquo;elles puissent r\u00e9utiliser les outils que je leur offre au quotidien, pour un mieux-\u00eatre g\u00e9n\u00e9ral et perp\u00e9tuel.\u00a0\u00bb<\/p><p>Son site :\u00a0<a href=\"http:\/\/www.proxycoach.fr\/\" target=\"_blank\" rel=\"noopener\" data-saferedirecturl=\"https:\/\/www.google.com\/url?q=http:\/\/www.proxycoach.fr&amp;source=gmail&amp;ust=1691442485471000&amp;usg=AOvVaw0PdAlHpohcgI75JoNOYniT\">www.proxycoach.fr<\/a> dans la rubrique \u00ab\u00a0yoga\u00a0\u00bb<\/p><p>Contact : 06 17 29 72 66<\/p>\t\t\t\t\t\t\t\t<\/div>\n\t\t\t\t<\/div>\n\t\t\t\t<div class=\"elementor-element elementor-element-1f685588 elementor-widget elementor-widget-heading\" data-id=\"1f685588\" data-element_type=\"widget\" data-e-type=\"widget\" data-widget_type=\"heading.default\">\n\t\t\t\t<div class=\"elementor-widget-container\">\n\t\t\t\t\t<h2 class=\"elementor-heading-title elementor-size-default\">Ses articles sur Meozen<\/h2>\t\t\t\t<\/div>\n\t\t\t\t<\/div>\n\t\t\t\t<div class=\"elementor-element elementor-element-63c73234 elementor-widget elementor-widget-text-editor\" data-id=\"63c73234\" data-element_type=\"widget\" data-e-type=\"widget\" data-widget_type=\"text-editor.default\">\n\t\t\t\t<div class=\"elementor-widget-container\">\n\t\t\t\t\t\t\t\t\t<ul><li><a href=\"https:\/\/meozen.com\/fr\/olfactotherapie-estivale\/\" target=\"_blank\" rel=\"noopener\">Olfactoth\u00e9rapie estivale : Le pouvoir des Huiles Essentielles au service du Mieux-\u00eatre<\/a><\/li><\/ul>\t\t\t\t\t\t\t\t<\/div>\n\t\t\t\t<\/div>\n\t\t\t\t\t<\/div>\n\t\t<\/div>\n\t\t\t\t\t<\/div>\n\t\t<\/section>\n\t\t\t\t<\/div>\n\t\t","protected":false},"excerpt":{"rendered":"<p>Coach mieux-\u00eatre et enseignante de Yoga chez SatNamaste depuis 2021 Enseignante certifi\u00e9e 220h Hatha Yoga 2023 Enseignante certifi\u00e9e 220 h Shakti Dance\u00ae (yoga dans\u00e9) 2021 Certifi\u00e9e en Phytoth\u00e9rapie 2022 Reiki Niveau 1 certifi\u00e9e 2021 et Soin Chamanique sp\u00e9cial femme Certifi\u00e9e en Litho-th\u00e9rapie 2019 Certifi\u00e9e en Art &#8211; Th\u00e9rapie 2019 En Alsace depuis plus de 20 [&hellip;]<\/p>\n","protected":false},"author":3,"featured_media":6454,"parent":2414,"menu_order":0,"comment_status":"closed","ping_status":"closed","template":"","meta":{"_mo_disable_npp":"","footnotes":""},"class_list":["post-6451","page","type-page","status-publish","has-post-thumbnail","hentry"],"yoast_head":"<!-- This site is optimized with the Yoast SEO plugin v26.8 - https:\/\/yoast.com\/product\/yoast-seo-wordpress\/ -->\n<title>Anne-Lise D\u00e9moulin - Meozen<\/title>\n<meta name=\"robots\" content=\"index, follow, max-snippet:-1, max-image-preview:large, max-video-preview:-1\" \/>\n<link rel=\"canonical\" href=\"https:\/\/meozen.com\/fr\/experts-bien-etre\/anne-lise-demoulin\/\" \/>\n<meta property=\"og:locale\" content=\"fr_FR\" \/>\n<meta property=\"og:type\" content=\"article\" \/>\n<meta property=\"og:title\" content=\"Anne-Lise D\u00e9moulin - Meozen\" \/>\n<meta property=\"og:description\" content=\"Coach mieux-\u00eatre et enseignante de Yoga chez SatNamaste depuis 2021 Enseignante certifi\u00e9e 220h Hatha Yoga 2023 Enseignante certifi\u00e9e 220 h Shakti Dance\u00ae (yoga dans\u00e9) 2021 Certifi\u00e9e en Phytoth\u00e9rapie 2022 Reiki Niveau 1 certifi\u00e9e 2021 et Soin Chamanique sp\u00e9cial femme Certifi\u00e9e en Litho-th\u00e9rapie 2019 Certifi\u00e9e en Art &#8211; Th\u00e9rapie 2019 En Alsace depuis plus de 20 [&hellip;]\" \/>\n<meta property=\"og:url\" content=\"https:\/\/meozen.com\/fr\/experts-bien-etre\/anne-lise-demoulin\/\" \/>\n<meta property=\"og:site_name\" content=\"Meozen - Votre portail bien-\u00eatre\" \/>\n<meta property=\"article:publisher\" content=\"https:\/\/www.facebook.com\/MeozenFr\/\" \/>\n<meta property=\"article:modified_time\" content=\"2023-08-14T21:15:51+00:00\" \/>\n<meta property=\"og:image\" content=\"https:\/\/meozen.com\/fr\/wp-content\/uploads\/sites\/2\/2023\/08\/anne-lise-demoulin.jpg\" \/>\n\t<meta property=\"og:image:width\" content=\"1800\" \/>\n\t<meta property=\"og:image:height\" content=\"1200\" \/>\n\t<meta property=\"og:image:type\" content=\"image\/jpeg\" \/>\n<meta name=\"twitter:card\" content=\"summary_large_image\" \/>\n<meta name=\"twitter:label1\" content=\"Dur\u00e9e de lecture estim\u00e9e\" \/>\n\t<meta name=\"twitter:data1\" content=\"3 minutes\" \/>\n<script type=\"application\/ld+json\" class=\"yoast-schema-graph\">{\"@context\":\"https:\/\/schema.org\",\"@graph\":[{\"@type\":\"WebPage\",\"@id\":\"https:\/\/meozen.com\/fr\/experts-bien-etre\/anne-lise-demoulin\/\",\"url\":\"https:\/\/meozen.com\/fr\/experts-bien-etre\/anne-lise-demoulin\/\",\"name\":\"Anne-Lise D\u00e9moulin - Meozen\",\"isPartOf\":{\"@id\":\"https:\/\/meozen.com\/fr\/#website\"},\"primaryImageOfPage\":{\"@id\":\"https:\/\/meozen.com\/fr\/experts-bien-etre\/anne-lise-demoulin\/#primaryimage\"},\"image\":{\"@id\":\"https:\/\/meozen.com\/fr\/experts-bien-etre\/anne-lise-demoulin\/#primaryimage\"},\"thumbnailUrl\":\"https:\/\/meozen.com\/fr\/wp-content\/uploads\/sites\/2\/2023\/08\/anne-lise-demoulin.jpg\",\"datePublished\":\"2023-08-06T21:37:19+00:00\",\"dateModified\":\"2023-08-14T21:15:51+00:00\",\"breadcrumb\":{\"@id\":\"https:\/\/meozen.com\/fr\/experts-bien-etre\/anne-lise-demoulin\/#breadcrumb\"},\"inLanguage\":\"fr-FR\",\"potentialAction\":[{\"@type\":\"ReadAction\",\"target\":[\"https:\/\/meozen.com\/fr\/experts-bien-etre\/anne-lise-demoulin\/\"]}]},{\"@type\":\"ImageObject\",\"inLanguage\":\"fr-FR\",\"@id\":\"https:\/\/meozen.com\/fr\/experts-bien-etre\/anne-lise-demoulin\/#primaryimage\",\"url\":\"https:\/\/meozen.com\/fr\/wp-content\/uploads\/sites\/2\/2023\/08\/anne-lise-demoulin.jpg\",\"contentUrl\":\"https:\/\/meozen.com\/fr\/wp-content\/uploads\/sites\/2\/2023\/08\/anne-lise-demoulin.jpg\",\"width\":1800,\"height\":1200},{\"@type\":\"BreadcrumbList\",\"@id\":\"https:\/\/meozen.com\/fr\/experts-bien-etre\/anne-lise-demoulin\/#breadcrumb\",\"itemListElement\":[{\"@type\":\"ListItem\",\"position\":1,\"name\":\"Accueil\",\"item\":\"https:\/\/meozen.com\/fr\/\"},{\"@type\":\"ListItem\",\"position\":2,\"name\":\"Experts bien-\u00eatre\",\"item\":\"https:\/\/meozen.com\/fr\/experts-bien-etre\/\"},{\"@type\":\"ListItem\",\"position\":3,\"name\":\"Anne-Lise D\u00e9moulin\"}]},{\"@type\":\"WebSite\",\"@id\":\"https:\/\/meozen.com\/fr\/#website\",\"url\":\"https:\/\/meozen.com\/fr\/\",\"name\":\"Meozen - Votre portail bien-\u00eatre\",\"description\":\"D\u00e9couvrez tout l&#039;univers du bien-\u00eatre, yoga, m\u00e9ditation, trouvez les meilleures retraites et formations bien-\u00eatre\",\"publisher\":{\"@id\":\"https:\/\/meozen.com\/fr\/#organization\"},\"potentialAction\":[{\"@type\":\"SearchAction\",\"target\":{\"@type\":\"EntryPoint\",\"urlTemplate\":\"https:\/\/meozen.com\/fr\/?s={search_term_string}\"},\"query-input\":{\"@type\":\"PropertyValueSpecification\",\"valueRequired\":true,\"valueName\":\"search_term_string\"}}],\"inLanguage\":\"fr-FR\"},{\"@type\":\"Organization\",\"@id\":\"https:\/\/meozen.com\/fr\/#organization\",\"name\":\"Meozen\",\"url\":\"https:\/\/meozen.com\/fr\/\",\"logo\":{\"@type\":\"ImageObject\",\"inLanguage\":\"fr-FR\",\"@id\":\"https:\/\/meozen.com\/fr\/#\/schema\/logo\/image\/\",\"url\":\"https:\/\/meozen.com\/fr\/wp-content\/uploads\/sites\/2\/2021\/06\/logo-meozen-push.jpg\",\"contentUrl\":\"https:\/\/meozen.com\/fr\/wp-content\/uploads\/sites\/2\/2021\/06\/logo-meozen-push.jpg\",\"width\":384,\"height\":384,\"caption\":\"Meozen\"},\"image\":{\"@id\":\"https:\/\/meozen.com\/fr\/#\/schema\/logo\/image\/\"},\"sameAs\":[\"https:\/\/www.facebook.com\/MeozenFr\/\",\"https:\/\/www.pinterest.fr\/meozen_officiel\/\",\"https:\/\/www.instagram.com\/meozen_officiel\/\"]}]}<\/script>\n<!-- \/ Yoast SEO plugin. -->","yoast_head_json":{"title":"Anne-Lise D\u00e9moulin - Meozen","robots":{"index":"index","follow":"follow","max-snippet":"max-snippet:-1","max-image-preview":"max-image-preview:large","max-video-preview":"max-video-preview:-1"},"canonical":"https:\/\/meozen.com\/fr\/experts-bien-etre\/anne-lise-demoulin\/","og_locale":"fr_FR","og_type":"article","og_title":"Anne-Lise D\u00e9moulin - Meozen","og_description":"Coach mieux-\u00eatre et enseignante de Yoga chez SatNamaste depuis 2021 Enseignante certifi\u00e9e 220h Hatha Yoga 2023 Enseignante certifi\u00e9e 220 h Shakti Dance\u00ae (yoga dans\u00e9) 2021 Certifi\u00e9e en Phytoth\u00e9rapie 2022 Reiki Niveau 1 certifi\u00e9e 2021 et Soin Chamanique sp\u00e9cial femme Certifi\u00e9e en Litho-th\u00e9rapie 2019 Certifi\u00e9e en Art &#8211; Th\u00e9rapie 2019 En Alsace depuis plus de 20 [&hellip;]","og_url":"https:\/\/meozen.com\/fr\/experts-bien-etre\/anne-lise-demoulin\/","og_site_name":"Meozen - Votre portail bien-\u00eatre","article_publisher":"https:\/\/www.facebook.com\/MeozenFr\/","article_modified_time":"2023-08-14T21:15:51+00:00","og_image":[{"width":1800,"height":1200,"url":"https:\/\/meozen.com\/fr\/wp-content\/uploads\/sites\/2\/2023\/08\/anne-lise-demoulin.jpg","type":"image\/jpeg"}],"twitter_card":"summary_large_image","twitter_misc":{"Dur\u00e9e de lecture estim\u00e9e":"3 minutes"},"schema":{"@context":"https:\/\/schema.org","@graph":[{"@type":"WebPage","@id":"https:\/\/meozen.com\/fr\/experts-bien-etre\/anne-lise-demoulin\/","url":"https:\/\/meozen.com\/fr\/experts-bien-etre\/anne-lise-demoulin\/","name":"Anne-Lise D\u00e9moulin - Meozen","isPartOf":{"@id":"https:\/\/meozen.com\/fr\/#website"},"primaryImageOfPage":{"@id":"https:\/\/meozen.com\/fr\/experts-bien-etre\/anne-lise-demoulin\/#primaryimage"},"image":{"@id":"https:\/\/meozen.com\/fr\/experts-bien-etre\/anne-lise-demoulin\/#primaryimage"},"thumbnailUrl":"https:\/\/meozen.com\/fr\/wp-content\/uploads\/sites\/2\/2023\/08\/anne-lise-demoulin.jpg","datePublished":"2023-08-06T21:37:19+00:00","dateModified":"2023-08-14T21:15:51+00:00","breadcrumb":{"@id":"https:\/\/meozen.com\/fr\/experts-bien-etre\/anne-lise-demoulin\/#breadcrumb"},"inLanguage":"fr-FR","potentialAction":[{"@type":"ReadAction","target":["https:\/\/meozen.com\/fr\/experts-bien-etre\/anne-lise-demoulin\/"]}]},{"@type":"ImageObject","inLanguage":"fr-FR","@id":"https:\/\/meozen.com\/fr\/experts-bien-etre\/anne-lise-demoulin\/#primaryimage","url":"https:\/\/meozen.com\/fr\/wp-content\/uploads\/sites\/2\/2023\/08\/anne-lise-demoulin.jpg","contentUrl":"https:\/\/meozen.com\/fr\/wp-content\/uploads\/sites\/2\/2023\/08\/anne-lise-demoulin.jpg","width":1800,"height":1200},{"@type":"BreadcrumbList","@id":"https:\/\/meozen.com\/fr\/experts-bien-etre\/anne-lise-demoulin\/#breadcrumb","itemListElement":[{"@type":"ListItem","position":1,"name":"Accueil","item":"https:\/\/meozen.com\/fr\/"},{"@type":"ListItem","position":2,"name":"Experts bien-\u00eatre","item":"https:\/\/meozen.com\/fr\/experts-bien-etre\/"},{"@type":"ListItem","position":3,"name":"Anne-Lise D\u00e9moulin"}]},{"@type":"WebSite","@id":"https:\/\/meozen.com\/fr\/#website","url":"https:\/\/meozen.com\/fr\/","name":"Meozen - Votre portail bien-\u00eatre","description":"D\u00e9couvrez tout l&#039;univers du bien-\u00eatre, yoga, m\u00e9ditation, trouvez les meilleures retraites et formations bien-\u00eatre","publisher":{"@id":"https:\/\/meozen.com\/fr\/#organization"},"potentialAction":[{"@type":"SearchAction","target":{"@type":"EntryPoint","urlTemplate":"https:\/\/meozen.com\/fr\/?s={search_term_string}"},"query-input":{"@type":"PropertyValueSpecification","valueRequired":true,"valueName":"search_term_string"}}],"inLanguage":"fr-FR"},{"@type":"Organization","@id":"https:\/\/meozen.com\/fr\/#organization","name":"Meozen","url":"https:\/\/meozen.com\/fr\/","logo":{"@type":"ImageObject","inLanguage":"fr-FR","@id":"https:\/\/meozen.com\/fr\/#\/schema\/logo\/image\/","url":"https:\/\/meozen.com\/fr\/wp-content\/uploads\/sites\/2\/2021\/06\/logo-meozen-push.jpg","contentUrl":"https:\/\/meozen.com\/fr\/wp-content\/uploads\/sites\/2\/2021\/06\/logo-meozen-push.jpg","width":384,"height":384,"caption":"Meozen"},"image":{"@id":"https:\/\/meozen.com\/fr\/#\/schema\/logo\/image\/"},"sameAs":["https:\/\/www.facebook.com\/MeozenFr\/","https:\/\/www.pinterest.fr\/meozen_officiel\/","https:\/\/www.instagram.com\/meozen_officiel\/"]}]}},"_links":{"self":[{"href":"https:\/\/meozen.com\/fr\/wp-json\/wp\/v2\/pages\/6451","targetHints":{"allow":["GET"]}}],"collection":[{"href":"https:\/\/meozen.com\/fr\/wp-json\/wp\/v2\/pages"}],"about":[{"href":"https:\/\/meozen.com\/fr\/wp-json\/wp\/v2\/types\/page"}],"author":[{"embeddable":true,"href":"https:\/\/meozen.com\/fr\/wp-json\/wp\/v2\/users\/3"}],"replies":[{"embeddable":true,"href":"https:\/\/meozen.com\/fr\/wp-json\/wp\/v2\/comments?post=6451"}],"version-history":[{"count":0,"href":"https:\/\/meozen.com\/fr\/wp-json\/wp\/v2\/pages\/6451\/revisions"}],"up":[{"embeddable":true,"href":"https:\/\/meozen.com\/fr\/wp-json\/wp\/v2\/pages\/2414"}],"wp:featuredmedia":[{"embeddable":true,"href":"https:\/\/meozen.com\/fr\/wp-json\/wp\/v2\/media\/6454"}],"wp:attachment":[{"href":"https:\/\/meozen.com\/fr\/wp-json\/wp\/v2\/media?parent=6451"}],"curies":[{"name":"wp","href":"https:\/\/api.w.org\/{rel}","templated":true}]}}