{"id":6470,"date":"2023-08-13T21:25:07","date_gmt":"2023-08-13T19:25:07","guid":{"rendered":"https:\/\/meozen.com\/fr\/?page_id=6470"},"modified":"2023-08-14T23:16:54","modified_gmt":"2023-08-14T21:16:54","slug":"debutant","status":"publish","type":"page","link":"https:\/\/meozen.com\/fr\/yoga\/vinyasa-yoga\/debutant\/","title":{"rendered":"Vinyasa Yoga pour d\u00e9butant : astuces et conseils pour bien d\u00e9buter en Vinyasa Yoga"},"content":{"rendered":"\n<div style=\"border-style: solid; border-color: #08c995; border-radius: 30px; padding: 5px 20px; margin-top: 30px; margin-bottom: 30px;\">\n\ud83d\udca1 Article r\u00e9dig\u00e9 par <a href=\"https:\/\/meozen.com\/fr\/experts-bien-etre\/evelyne-desmarres\/\" style=\"color:#565C6C; text-decoration:underline\"><strong>Evelyne Desmarres<\/strong><\/a>, professeure de yoga certifi\u00e9e en Yoga Vinyasa (RYT 200), Yin Yoga (RYT 50), Inversion et Yoga Pr\u00e9natal.\n<\/div>\n\n\n\n<p>Le <a href=\"https:\/\/meozen.com\/fr\/yoga\/vinyasa-yoga\/\">Vinyasa Yoga<\/a> est un style de yoga dynamique, rythm\u00e9 par la respiration et les encha\u00eenements de postures. C\u2019est un yoga libre, ce qui le rend attractif aux yeux de nombreuses personnes qui appr\u00e9cient la vari\u00e9t\u00e9. En effet, les s\u00e9ries varient g\u00e9n\u00e9ralement entre chaque cours.<\/p>\n\n\n\n<p>Vous \u00eates int\u00e9ress\u00e9 par la pratique du Vinyasa Yoga ? Dans cet article, d\u00e9couvrez nos meilleurs conseils en Vinyasa <a class=\"wpil_keyword_link\" href=\"https:\/\/meozen.com\/fr\/yoga\/\"   title=\"Yoga\" data-wpil-keyword-link=\"linked\">Yoga<\/a> pour d\u00e9butants !<\/p>\n\n\n\n<h2 class=\"wp-block-heading\">Que signifie \u201cVinyasa Yoga\u201d ?<\/h2>\n\n\n\n<p>Avant de vous donner les astuces pour commencer en Vinyasa Yoga, revenons sur ce terme \u201cvinyasa\u201d et sur le type de yoga associ\u00e9.<\/p>\n\n\n\n<p>En sanskrit (la langue indo-europ\u00e9enne &#8211; rappelons que le yoga prend ses origines en Inde), <strong>nyasa veut dire \u00ab placer \u00bb et vi \u00ab d\u2019une certaine fa\u00e7on \u00bb<\/strong>. On traduit ainsi vinyasa par la <strong>synchronisation du souffle et du mouvement<\/strong>. Ce type de yoga s\u2019est d\u00e9velopp\u00e9 au d\u00e9but du XXe si\u00e8cle en s\u2019inspirant de l\u2019Ashtanga yoga.\u00a0<\/p>\n\n\n\n<p>L\u2019<a href=\"https:\/\/meozen.com\/fr\/yoga\/ashtanga-yoga\/\">ashtanga yoga<\/a> est compos\u00e9 de s\u00e9ries bien d\u00e9finies avec les m\u00eames postures et le m\u00eame ordre.<strong> Le vinyasa est plus libre tout en restant un <a href=\"https:\/\/meozen.com\/fr\/yoga\/types-de-yoga\/dynamique\/\">yoga dynamique<\/a>.<\/strong><\/p>\n\n\n\n<p>Le cours est bas\u00e9 sur un encha\u00eenement de postures (le flow) r\u00e9alis\u00e9 sur un c\u00f4t\u00e9 puis l\u2019autre (tout est une question d&rsquo;\u00e9quilibre en yoga).&nbsp;<\/p>\n\n\n\n<p>Cet encha\u00eenement est <strong>rythm\u00e9 par la respiration<\/strong>, mais il peut se faire plus ou moins rapidement (on y reviendra plus bas). Enfin, on parle aussi de vinyasa pour encha\u00eener entre deux flows ou entre deux c\u00f4t\u00e9s : il s\u2019agit de l&rsquo;encha\u00eenement chaturanga, chien t\u00eate en haut ou cobra puis chien t\u00eate en bas.<\/p>\n\n\n\n<h2 class=\"wp-block-heading\">Le Vinyasa Yoga, pour qui ?<\/h2>\n\n\n\n<p>Avant tout, il est bon de rappeler que <strong>le yoga est ouvert \u00e0 tous et \u00e0 tous les \u00e2ges <\/strong>(oui, on peut d\u00e9buter le yoga \u00e0 un \u00e2ge avanc\u00e9) et qu&rsquo;il est <strong>conseill\u00e9 pour les douleurs physiques ou psychologiques<\/strong>. Il existe plusieurs niveaux, du d\u00e9butant au plus avanc\u00e9 afin de pratiquer \u00e0 son rythme et surtout sans se complexer par rapport \u00e0 des niveaux plus avanc\u00e9s.<\/p>\n\n\n\n<p>Il existe \u00e9galement un yoga vinyasa adapt\u00e9 aux femmes enceintes (il est rare mais il existe) afin que les futures mamans continuent de pratiquer un yoga dynamique si elles sentent l&rsquo;\u00e9nergie en elles. C\u2019est une pratique ou certaines postures d\u2019inversion, de torsion et d&rsquo;engagement des abdominaux sont bannies. Par contre, si vous n\u2019avez jamais pratiqu\u00e9 le yoga vinyasa avant votre grossesse, tournez-vous plut\u00f4t sur les cours de yoga adapt\u00e9 aux femmes enceintes comme le <a class=\"wpil_keyword_link\" href=\"https:\/\/meozen.com\/fr\/yoga\/prenatal\/\"   title=\"yoga pr\u00e9natal\" data-wpil-keyword-link=\"linked\">yoga pr\u00e9natal<\/a>.<\/p>\n\n\n\n<figure class=\"wp-block-image size-large\"><img fetchpriority=\"high\" decoding=\"async\" width=\"1024\" height=\"576\" src=\"https:\/\/meozen.com\/fr\/wp-content\/uploads\/sites\/2\/2023\/08\/vinyasa-yoga-debutant-meozen-illustration-1024x576.jpg\" alt=\"\" class=\"wp-image-6473\" srcset=\"https:\/\/meozen.com\/fr\/wp-content\/uploads\/sites\/2\/2023\/08\/vinyasa-yoga-debutant-meozen-illustration-1024x576.jpg 1024w, https:\/\/meozen.com\/fr\/wp-content\/uploads\/sites\/2\/2023\/08\/vinyasa-yoga-debutant-meozen-illustration-300x169.jpg 300w, https:\/\/meozen.com\/fr\/wp-content\/uploads\/sites\/2\/2023\/08\/vinyasa-yoga-debutant-meozen-illustration-768x432.jpg 768w, https:\/\/meozen.com\/fr\/wp-content\/uploads\/sites\/2\/2023\/08\/vinyasa-yoga-debutant-meozen-illustration-1536x864.jpg 1536w, https:\/\/meozen.com\/fr\/wp-content\/uploads\/sites\/2\/2023\/08\/vinyasa-yoga-debutant-meozen-illustration-2048x1152.jpg 2048w, https:\/\/meozen.com\/fr\/wp-content\/uploads\/sites\/2\/2023\/08\/vinyasa-yoga-debutant-meozen-illustration-600x338.jpg 600w, https:\/\/meozen.com\/fr\/wp-content\/uploads\/sites\/2\/2023\/08\/vinyasa-yoga-debutant-meozen-illustration-150x84.jpg 150w\" sizes=\"(max-width: 1024px) 100vw, 1024px\" \/><\/figure>\n\n\n\n<h2 class=\"wp-block-heading\">D\u00e9buter le Vinyasa Yoga : l\u2019importance des cours en studio<\/h2>\n\n\n\n<p>Tout d\u2019abord, <strong>si vous \u00eates novices en yoga, je vous conseille de prendre des cours collectifs en studio ou des cours priv\u00e9s<\/strong>. Ne commencez pas par des cours en ligne car vous serez vite perdus sans \u00eatre corrig\u00e9s sur vos alignements.<\/p>\n\n\n\n<p><strong>Prenez un cours d\u00e9butant si le studio \u00e0 c\u00f4t\u00e9 de chez vous ou de votre travail propose plusieurs niveaux dans ses cours<\/strong>. Le cours sera plus adapt\u00e9 et le professeur plus attentif \u00e0 tous ses \u00e9l\u00e8ves. Cela vous permettra aussi de ne pas vous d\u00e9courager si vous vous sentez raide par rapport \u00e0 une personne qui peut faire un grand \u00e9cart facilement.<\/p>\n\n\n\n<p>Sachez <strong>qu\u2019il faut du temps pour pouvoir ma\u00eetriser les postures que l\u2019on retrouve le plus fr\u00e9quemment en vinyasa<\/strong>. Car oui, le cours de vinyasa est cr\u00e9\u00e9 par le professeur lui-m\u00eame qui choisit les encha\u00eenements, le th\u00e8me du cours, le focus sur une partie du corps ou il choisit de construire son cours pour pr\u00e9parer le corps \u00e0 la posture finale que l\u2019on appelle \u201cpeak pose\u00a0\u00bb. Par cons\u00e9quent, les cours varient d\u2019une semaine \u00e0 l&rsquo;autre et d\u2019un professeur \u00e0 l&rsquo;autre.\u00a0<\/p>\n\n\n\n<h2 class=\"wp-block-heading\">Comment choisir le bon Vinyasa Yoga pour les d\u00e9butants ?<\/h2>\n\n\n\n<p>Certains professeurs proposent un vinyasa plus traditionnel et d\u2019autres plus modernes voire plus dansants. Tout comme le rythme, certains resteront plusieurs respirations dans la posture pour l&rsquo;int\u00e9grer, la comprendre et avoir le temps de la faire correctement, d\u2019autres seront plus rapides avec un mouvement &#8211; une respiration (qui est le vrai vinyasa).&nbsp;<\/p>\n\n\n\n<p>Pour les d\u00e9butants, il est conseill\u00e9 de pratiquer un vinyasa plus lent pour assimiler les postures et avoir le temps de mieux comprendre les alignements et de mieux les assimiler pour les prochaines fois. D\u2019ailleurs, id\u00e9alement, <strong>choisissez un professeur plut\u00f4t pointilleux sur les alignements pour d\u00e9buter<\/strong> : le vinyasa n\u2019est pas r\u00e9put\u00e9 pour \u00eatre tr\u00e8s pointilleux sur les alignements mais cela vous permettra de <strong>mieux vous impr\u00e9gner des bases si vous \u00eates novices dans tous les types de yoga<\/strong>.\u00a0<\/p>\n\n\n\n<p>Et si au bout d\u2019un moment, vous avez envie d\u2019un cours plus rapide, vous pourrez changer \u00e0 ce moment-l\u00e0.<\/p>\n\n\n\n<p>Testez aussi un bon nombre de professeurs car comme le yoga vinyasa est un yoga o\u00f9 chaque professeur peut proposer sa propre touche, sa propre chor\u00e9graphie, cela vous permettra de voir ce que vous pr\u00e9f\u00e9rez (un yoga plus moderne ou plus traditionnel).<\/p>\n\n\n\n<figure class=\"wp-block-image size-large\"><img decoding=\"async\" width=\"1024\" height=\"576\" src=\"https:\/\/meozen.com\/fr\/wp-content\/uploads\/sites\/2\/2023\/08\/vinyasa-yoga-debutant-meozen-illustration-2-1024x576.jpg\" alt=\"\" class=\"wp-image-6474\" srcset=\"https:\/\/meozen.com\/fr\/wp-content\/uploads\/sites\/2\/2023\/08\/vinyasa-yoga-debutant-meozen-illustration-2-1024x576.jpg 1024w, https:\/\/meozen.com\/fr\/wp-content\/uploads\/sites\/2\/2023\/08\/vinyasa-yoga-debutant-meozen-illustration-2-300x169.jpg 300w, https:\/\/meozen.com\/fr\/wp-content\/uploads\/sites\/2\/2023\/08\/vinyasa-yoga-debutant-meozen-illustration-2-768x432.jpg 768w, https:\/\/meozen.com\/fr\/wp-content\/uploads\/sites\/2\/2023\/08\/vinyasa-yoga-debutant-meozen-illustration-2-1536x864.jpg 1536w, https:\/\/meozen.com\/fr\/wp-content\/uploads\/sites\/2\/2023\/08\/vinyasa-yoga-debutant-meozen-illustration-2-2048x1152.jpg 2048w, https:\/\/meozen.com\/fr\/wp-content\/uploads\/sites\/2\/2023\/08\/vinyasa-yoga-debutant-meozen-illustration-2-600x338.jpg 600w, https:\/\/meozen.com\/fr\/wp-content\/uploads\/sites\/2\/2023\/08\/vinyasa-yoga-debutant-meozen-illustration-2-150x84.jpg 150w\" sizes=\"(max-width: 1024px) 100vw, 1024px\" \/><\/figure>\n\n\n\n<h2 class=\"wp-block-heading\">Pratiquer le Vinyasa Yoga : entre \u00e9coute de soi et ancrage dans le moment pr\u00e9sent<\/h2>\n\n\n\n<p>Par ailleurs, le plus important n\u2019est pas la performance physique dans le yoga mais plut\u00f4t le ressenti. Observez et ressentez les transitions, les postures.&nbsp;<\/p>\n\n\n\n<p>Observez comment vous vous sentez dans les poses et n\u2019allez pas au-del\u00e0 de vos limites. <strong>\u00c9coutez-vous, respectez-vous<\/strong>. Si le professeur propose plusieurs options, prenez celle qui vous convient le mieux \u00e0 ce moment-l\u00e0.\u00a0<\/p>\n\n\n\n<p>Si vous \u00eates essouffl\u00e9e, si vous avez besoin d\u2019une pause pendant le cours, prenez une posture de l\u2019enfant.<\/p>\n\n\n\n<p>Sachez qu&rsquo;\u00e0 chacun des cours que vous prenez, votre corps se construit physiquement mais \u00e9galement mentalement. Et c\u2019est vrai !&nbsp;<\/p>\n\n\n\n<p>Si vous vous laissez emporter par les encha\u00eenements et vos ressentis, vous serez alors concentr\u00e9s et votre cerveau sera attentif \u00e0 ce que vous faites. De plus, <strong>en prenant conscience de votre souffle, en adaptant vos mouvements sur votre respiration, vous ressortirez du cours plus d\u00e9tendu et repos\u00e9 mentalement.<\/strong><\/p>\n\n\n\n<p>Alors, rel\u00e2chez tout, rel\u00e2chez vos soucis et vos tensions, connectez-vous profond\u00e9ment \u00e0 l&rsquo;instant pr\u00e9sent pour pratiquer en pleine conscience sur votre tapis.<\/p>\n\n\n\n<p>Enfin, <strong>chaque pratique se termine par une relaxation<\/strong> (le savasana), ne la sous-estimez pas car <strong>c\u2019est le moment id\u00e9al pour votre corps d\u2019assimiler tout ce qui s\u2019est pass\u00e9 et de prendre une derni\u00e8re fois le temps pour vous.<\/strong><\/p>\n","protected":false},"excerpt":{"rendered":"<p>\ud83d\udca1 Article r\u00e9dig\u00e9 par Evelyne Desmarres, professeure de yoga certifi\u00e9e en Yoga Vinyasa (RYT 200), Yin Yoga (RYT 50), Inversion et Yoga Pr\u00e9natal. Le Vinyasa Yoga est un style de yoga dynamique, rythm\u00e9 par la respiration et les encha\u00eenements de postures. C\u2019est un yoga libre, ce qui le rend attractif aux yeux de nombreuses personnes [&hellip;]<\/p>\n","protected":false},"author":1,"featured_media":6472,"parent":779,"menu_order":0,"comment_status":"closed","ping_status":"closed","template":"","meta":{"_mo_disable_npp":"","footnotes":""},"class_list":["post-6470","page","type-page","status-publish","has-post-thumbnail","hentry"],"yoast_head":"<!-- This site is optimized with the Yoast SEO plugin v26.8 - https:\/\/yoast.com\/product\/yoast-seo-wordpress\/ -->\n<title>Vinyasa Yoga pour d\u00e9butant : astuces et conseils pour bien d\u00e9buter en Vinyasa Yoga - Meozen<\/title>\n<meta name=\"description\" content=\"D\u00e9couvrez ce qu&#039;il faut savoir pour pratiquer le Vinyasa Yoga quand on est d\u00e9butant : astuces pour choisir les bons cours et plus encore !\" \/>\n<meta name=\"robots\" content=\"index, follow, max-snippet:-1, max-image-preview:large, max-video-preview:-1\" \/>\n<link rel=\"canonical\" href=\"https:\/\/meozen.com\/fr\/yoga\/vinyasa-yoga\/debutant\/\" \/>\n<meta property=\"og:locale\" content=\"fr_FR\" \/>\n<meta property=\"og:type\" content=\"article\" \/>\n<meta property=\"og:title\" content=\"Vinyasa Yoga pour d\u00e9butant : astuces et conseils pour bien d\u00e9buter en Vinyasa Yoga - Meozen\" \/>\n<meta property=\"og:description\" content=\"D\u00e9couvrez ce qu&#039;il faut savoir pour pratiquer le Vinyasa Yoga quand on est d\u00e9butant : astuces pour choisir les bons cours et plus encore !\" \/>\n<meta property=\"og:url\" content=\"https:\/\/meozen.com\/fr\/yoga\/vinyasa-yoga\/debutant\/\" \/>\n<meta property=\"og:site_name\" content=\"Meozen - Votre portail bien-\u00eatre\" \/>\n<meta property=\"article:publisher\" content=\"https:\/\/www.facebook.com\/MeozenFr\/\" \/>\n<meta property=\"article:modified_time\" content=\"2023-08-14T21:16:54+00:00\" \/>\n<meta property=\"og:image\" content=\"https:\/\/meozen.com\/fr\/wp-content\/uploads\/sites\/2\/2023\/08\/vinyasa-yoga-debutant.jpg\" \/>\n\t<meta property=\"og:image:width\" content=\"2240\" \/>\n\t<meta property=\"og:image:height\" content=\"1260\" \/>\n\t<meta property=\"og:image:type\" content=\"image\/jpeg\" \/>\n<meta name=\"twitter:card\" content=\"summary_large_image\" \/>\n<meta name=\"twitter:label1\" content=\"Dur\u00e9e de lecture estim\u00e9e\" \/>\n\t<meta name=\"twitter:data1\" content=\"6 minutes\" \/>\n<script type=\"application\/ld+json\" class=\"yoast-schema-graph\">{\"@context\":\"https:\/\/schema.org\",\"@graph\":[{\"@type\":\"WebPage\",\"@id\":\"https:\/\/meozen.com\/fr\/yoga\/vinyasa-yoga\/debutant\/\",\"url\":\"https:\/\/meozen.com\/fr\/yoga\/vinyasa-yoga\/debutant\/\",\"name\":\"Vinyasa Yoga pour d\u00e9butant : astuces et conseils pour bien d\u00e9buter en Vinyasa Yoga - Meozen\",\"isPartOf\":{\"@id\":\"https:\/\/meozen.com\/fr\/#website\"},\"primaryImageOfPage\":{\"@id\":\"https:\/\/meozen.com\/fr\/yoga\/vinyasa-yoga\/debutant\/#primaryimage\"},\"image\":{\"@id\":\"https:\/\/meozen.com\/fr\/yoga\/vinyasa-yoga\/debutant\/#primaryimage\"},\"thumbnailUrl\":\"https:\/\/meozen.com\/fr\/wp-content\/uploads\/sites\/2\/2023\/08\/vinyasa-yoga-debutant.jpg\",\"datePublished\":\"2023-08-13T19:25:07+00:00\",\"dateModified\":\"2023-08-14T21:16:54+00:00\",\"description\":\"D\u00e9couvrez ce qu'il faut savoir pour pratiquer le Vinyasa Yoga quand on est d\u00e9butant : astuces pour choisir les bons cours et plus encore !\",\"breadcrumb\":{\"@id\":\"https:\/\/meozen.com\/fr\/yoga\/vinyasa-yoga\/debutant\/#breadcrumb\"},\"inLanguage\":\"fr-FR\",\"potentialAction\":[{\"@type\":\"ReadAction\",\"target\":[\"https:\/\/meozen.com\/fr\/yoga\/vinyasa-yoga\/debutant\/\"]}]},{\"@type\":\"ImageObject\",\"inLanguage\":\"fr-FR\",\"@id\":\"https:\/\/meozen.com\/fr\/yoga\/vinyasa-yoga\/debutant\/#primaryimage\",\"url\":\"https:\/\/meozen.com\/fr\/wp-content\/uploads\/sites\/2\/2023\/08\/vinyasa-yoga-debutant.jpg\",\"contentUrl\":\"https:\/\/meozen.com\/fr\/wp-content\/uploads\/sites\/2\/2023\/08\/vinyasa-yoga-debutant.jpg\",\"width\":2240,\"height\":1260,\"caption\":\"\u00c0 la montagne, une femme en train de faire une posture de Parivrtta Trikonasana, issue du Vinyasa yoga, accompagn\u00e9e de la mention \\\"Le vinyasa yoga pour d\u00e9butant avec Meozen\\\"\"},{\"@type\":\"BreadcrumbList\",\"@id\":\"https:\/\/meozen.com\/fr\/yoga\/vinyasa-yoga\/debutant\/#breadcrumb\",\"itemListElement\":[{\"@type\":\"ListItem\",\"position\":1,\"name\":\"Accueil\",\"item\":\"https:\/\/meozen.com\/fr\/\"},{\"@type\":\"ListItem\",\"position\":2,\"name\":\"Yoga : Tout savoir sur cette pratique\",\"item\":\"https:\/\/meozen.com\/fr\/yoga\/\"},{\"@type\":\"ListItem\",\"position\":3,\"name\":\"Vinyasa Yoga : Tout savoir sur ce yoga fluide et dynamique\",\"item\":\"https:\/\/meozen.com\/fr\/yoga\/vinyasa-yoga\/\"},{\"@type\":\"ListItem\",\"position\":4,\"name\":\"Vinyasa Yoga pour d\u00e9butant : astuces et conseils pour bien d\u00e9buter en Vinyasa Yoga\"}]},{\"@type\":\"WebSite\",\"@id\":\"https:\/\/meozen.com\/fr\/#website\",\"url\":\"https:\/\/meozen.com\/fr\/\",\"name\":\"Meozen - Votre portail bien-\u00eatre\",\"description\":\"D\u00e9couvrez tout l&#039;univers du bien-\u00eatre, yoga, m\u00e9ditation, trouvez les meilleures retraites et formations bien-\u00eatre\",\"publisher\":{\"@id\":\"https:\/\/meozen.com\/fr\/#organization\"},\"potentialAction\":[{\"@type\":\"SearchAction\",\"target\":{\"@type\":\"EntryPoint\",\"urlTemplate\":\"https:\/\/meozen.com\/fr\/?s={search_term_string}\"},\"query-input\":{\"@type\":\"PropertyValueSpecification\",\"valueRequired\":true,\"valueName\":\"search_term_string\"}}],\"inLanguage\":\"fr-FR\"},{\"@type\":\"Organization\",\"@id\":\"https:\/\/meozen.com\/fr\/#organization\",\"name\":\"Meozen\",\"url\":\"https:\/\/meozen.com\/fr\/\",\"logo\":{\"@type\":\"ImageObject\",\"inLanguage\":\"fr-FR\",\"@id\":\"https:\/\/meozen.com\/fr\/#\/schema\/logo\/image\/\",\"url\":\"https:\/\/meozen.com\/fr\/wp-content\/uploads\/sites\/2\/2021\/06\/logo-meozen-push.jpg\",\"contentUrl\":\"https:\/\/meozen.com\/fr\/wp-content\/uploads\/sites\/2\/2021\/06\/logo-meozen-push.jpg\",\"width\":384,\"height\":384,\"caption\":\"Meozen\"},\"image\":{\"@id\":\"https:\/\/meozen.com\/fr\/#\/schema\/logo\/image\/\"},\"sameAs\":[\"https:\/\/www.facebook.com\/MeozenFr\/\",\"https:\/\/www.pinterest.fr\/meozen_officiel\/\",\"https:\/\/www.instagram.com\/meozen_officiel\/\"]}]}<\/script>\n<!-- \/ Yoast SEO plugin. -->","yoast_head_json":{"title":"Vinyasa Yoga pour d\u00e9butant : astuces et conseils pour bien d\u00e9buter en Vinyasa Yoga - Meozen","description":"D\u00e9couvrez ce qu'il faut savoir pour pratiquer le Vinyasa Yoga quand on est d\u00e9butant : astuces pour choisir les bons cours et plus encore !","robots":{"index":"index","follow":"follow","max-snippet":"max-snippet:-1","max-image-preview":"max-image-preview:large","max-video-preview":"max-video-preview:-1"},"canonical":"https:\/\/meozen.com\/fr\/yoga\/vinyasa-yoga\/debutant\/","og_locale":"fr_FR","og_type":"article","og_title":"Vinyasa Yoga pour d\u00e9butant : astuces et conseils pour bien d\u00e9buter en Vinyasa Yoga - Meozen","og_description":"D\u00e9couvrez ce qu'il faut savoir pour pratiquer le Vinyasa Yoga quand on est d\u00e9butant : astuces pour choisir les bons cours et plus encore !","og_url":"https:\/\/meozen.com\/fr\/yoga\/vinyasa-yoga\/debutant\/","og_site_name":"Meozen - Votre portail bien-\u00eatre","article_publisher":"https:\/\/www.facebook.com\/MeozenFr\/","article_modified_time":"2023-08-14T21:16:54+00:00","og_image":[{"width":2240,"height":1260,"url":"https:\/\/meozen.com\/fr\/wp-content\/uploads\/sites\/2\/2023\/08\/vinyasa-yoga-debutant.jpg","type":"image\/jpeg"}],"twitter_card":"summary_large_image","twitter_misc":{"Dur\u00e9e de lecture estim\u00e9e":"6 minutes"},"schema":{"@context":"https:\/\/schema.org","@graph":[{"@type":"WebPage","@id":"https:\/\/meozen.com\/fr\/yoga\/vinyasa-yoga\/debutant\/","url":"https:\/\/meozen.com\/fr\/yoga\/vinyasa-yoga\/debutant\/","name":"Vinyasa Yoga pour d\u00e9butant : astuces et conseils pour bien d\u00e9buter en Vinyasa Yoga - Meozen","isPartOf":{"@id":"https:\/\/meozen.com\/fr\/#website"},"primaryImageOfPage":{"@id":"https:\/\/meozen.com\/fr\/yoga\/vinyasa-yoga\/debutant\/#primaryimage"},"image":{"@id":"https:\/\/meozen.com\/fr\/yoga\/vinyasa-yoga\/debutant\/#primaryimage"},"thumbnailUrl":"https:\/\/meozen.com\/fr\/wp-content\/uploads\/sites\/2\/2023\/08\/vinyasa-yoga-debutant.jpg","datePublished":"2023-08-13T19:25:07+00:00","dateModified":"2023-08-14T21:16:54+00:00","description":"D\u00e9couvrez ce qu'il faut savoir pour pratiquer le Vinyasa Yoga quand on est d\u00e9butant : astuces pour choisir les bons cours et plus encore !","breadcrumb":{"@id":"https:\/\/meozen.com\/fr\/yoga\/vinyasa-yoga\/debutant\/#breadcrumb"},"inLanguage":"fr-FR","potentialAction":[{"@type":"ReadAction","target":["https:\/\/meozen.com\/fr\/yoga\/vinyasa-yoga\/debutant\/"]}]},{"@type":"ImageObject","inLanguage":"fr-FR","@id":"https:\/\/meozen.com\/fr\/yoga\/vinyasa-yoga\/debutant\/#primaryimage","url":"https:\/\/meozen.com\/fr\/wp-content\/uploads\/sites\/2\/2023\/08\/vinyasa-yoga-debutant.jpg","contentUrl":"https:\/\/meozen.com\/fr\/wp-content\/uploads\/sites\/2\/2023\/08\/vinyasa-yoga-debutant.jpg","width":2240,"height":1260,"caption":"\u00c0 la montagne, une femme en train de faire une posture de Parivrtta Trikonasana, issue du Vinyasa yoga, accompagn\u00e9e de la mention \"Le vinyasa yoga pour d\u00e9butant avec Meozen\""},{"@type":"BreadcrumbList","@id":"https:\/\/meozen.com\/fr\/yoga\/vinyasa-yoga\/debutant\/#breadcrumb","itemListElement":[{"@type":"ListItem","position":1,"name":"Accueil","item":"https:\/\/meozen.com\/fr\/"},{"@type":"ListItem","position":2,"name":"Yoga : Tout savoir sur cette pratique","item":"https:\/\/meozen.com\/fr\/yoga\/"},{"@type":"ListItem","position":3,"name":"Vinyasa Yoga : Tout savoir sur ce yoga fluide et dynamique","item":"https:\/\/meozen.com\/fr\/yoga\/vinyasa-yoga\/"},{"@type":"ListItem","position":4,"name":"Vinyasa Yoga pour d\u00e9butant : astuces et conseils pour bien d\u00e9buter en Vinyasa Yoga"}]},{"@type":"WebSite","@id":"https:\/\/meozen.com\/fr\/#website","url":"https:\/\/meozen.com\/fr\/","name":"Meozen - Votre portail bien-\u00eatre","description":"D\u00e9couvrez tout l&#039;univers du bien-\u00eatre, yoga, m\u00e9ditation, trouvez les meilleures retraites et formations bien-\u00eatre","publisher":{"@id":"https:\/\/meozen.com\/fr\/#organization"},"potentialAction":[{"@type":"SearchAction","target":{"@type":"EntryPoint","urlTemplate":"https:\/\/meozen.com\/fr\/?s={search_term_string}"},"query-input":{"@type":"PropertyValueSpecification","valueRequired":true,"valueName":"search_term_string"}}],"inLanguage":"fr-FR"},{"@type":"Organization","@id":"https:\/\/meozen.com\/fr\/#organization","name":"Meozen","url":"https:\/\/meozen.com\/fr\/","logo":{"@type":"ImageObject","inLanguage":"fr-FR","@id":"https:\/\/meozen.com\/fr\/#\/schema\/logo\/image\/","url":"https:\/\/meozen.com\/fr\/wp-content\/uploads\/sites\/2\/2021\/06\/logo-meozen-push.jpg","contentUrl":"https:\/\/meozen.com\/fr\/wp-content\/uploads\/sites\/2\/2021\/06\/logo-meozen-push.jpg","width":384,"height":384,"caption":"Meozen"},"image":{"@id":"https:\/\/meozen.com\/fr\/#\/schema\/logo\/image\/"},"sameAs":["https:\/\/www.facebook.com\/MeozenFr\/","https:\/\/www.pinterest.fr\/meozen_officiel\/","https:\/\/www.instagram.com\/meozen_officiel\/"]}]}},"_links":{"self":[{"href":"https:\/\/meozen.com\/fr\/wp-json\/wp\/v2\/pages\/6470","targetHints":{"allow":["GET"]}}],"collection":[{"href":"https:\/\/meozen.com\/fr\/wp-json\/wp\/v2\/pages"}],"about":[{"href":"https:\/\/meozen.com\/fr\/wp-json\/wp\/v2\/types\/page"}],"author":[{"embeddable":true,"href":"https:\/\/meozen.com\/fr\/wp-json\/wp\/v2\/users\/1"}],"replies":[{"embeddable":true,"href":"https:\/\/meozen.com\/fr\/wp-json\/wp\/v2\/comments?post=6470"}],"version-history":[{"count":0,"href":"https:\/\/meozen.com\/fr\/wp-json\/wp\/v2\/pages\/6470\/revisions"}],"up":[{"embeddable":true,"href":"https:\/\/meozen.com\/fr\/wp-json\/wp\/v2\/pages\/779"}],"wp:featuredmedia":[{"embeddable":true,"href":"https:\/\/meozen.com\/fr\/wp-json\/wp\/v2\/media\/6472"}],"wp:attachment":[{"href":"https:\/\/meozen.com\/fr\/wp-json\/wp\/v2\/media?parent=6470"}],"curies":[{"name":"wp","href":"https:\/\/api.w.org\/{rel}","templated":true}]}}