{"id":6640,"date":"2023-09-10T19:04:42","date_gmt":"2023-09-10T17:04:42","guid":{"rendered":"https:\/\/meozen.com\/fr\/?page_id=6640"},"modified":"2023-09-10T19:09:28","modified_gmt":"2023-09-10T17:09:28","slug":"enfant","status":"publish","type":"page","link":"https:\/\/meozen.com\/fr\/naturopathie\/enfant\/","title":{"rendered":"Naturopathie pour l&rsquo;enfant : conseils et bienfaits"},"content":{"rendered":"\n<div style=\"border-style: solid; border-color: #08c995; border-radius: 30px; padding: 5px 20px; margin-top: 30px; margin-bottom: 30px;\">\n\ud83d\udca1 Article r\u00e9dig\u00e9 par <a href=\"https:\/\/meozen.com\/fr\/experts-bien-etre\/sophie-hanania\/\" style=\"color:#565C6C; text-decoration:underline\"><strong>Sophie Hanania<\/strong><\/a>, Naturopathe.\n<\/div>\n\n\n\n<p><strong>La naturopathie est une approche pr\u00e9ventive de sant\u00e9 au naturel. Elle consid\u00e8re toutes les dimensions de l\u2019Homme. <\/strong>La notion de pr\u00e9vention donne une place de choix \u00e0 l\u2019accompagnement de l\u2019enfant. C\u2019est en transmettant les bases d\u2019une hygi\u00e8ne de vie et d\u2019une alimentation saine que nos enfants grandiront en confiance, en connaissance, en conscience de leur corps, de leurs besoins et de leurs \u00e9motions.<\/p>\n\n\n\n<p>En tant que parent, il ne se passe pas un jour sans que je m\u2019interroge sur les d\u00e9cisions que je prends pour mes enfants\u2026. En d\u00e9but d\u2019ann\u00e9e scolaire lorsque je les inscris \u00e0 une activit\u00e9 extra-scolaire : est-ce que cette activit\u00e9 sera \u00e9panouissante pour lui ? Cette activit\u00e9 est-elle adapt\u00e9e \u00e0 ses besoins ? Lorsqu\u2019ils rentrent tristes de l\u2019\u00e9cole ou alors quand ils go\u00fbtent \u00e0 peine \u00e0 leur assiette\u2026. Que dois-je faire ou dire ? Je ne vous parle m\u00eame pas des d\u00e9cisions que j\u2019ai d\u00fb prendre lorsque j\u2019\u00e9tais jeune maman : allaitement ? cododo ? diversification ? DME ? quel p\u00e9diatre ? quel mode de garde ? cong\u00e9 parental ou reprise du travail ?<\/p>\n\n\n\n<p>En tant que Naturopathe, j\u2019ai appris \u00e0 regarder mes enfants diff\u00e9remment, \u00e0 l\u00e2cher du lest sur les modes d\u2019\u00e9ducation d\u00e9suets, \u00e0 prendre le temps de leur transmettre les bases d\u2019une bonne hygi\u00e8ne \u00e9motionnelle ou au contraire \u00e0 apporter davantage de vigilance sur les petits d\u00e9jeuners et go\u00fbters, notamment pour veiller \u00e0 un \u00e9quilibre alimentaire adapt\u00e9 \u00e0 leurs besoins et \u00e0 leur \u00e2ge.<\/p>\n\n\n\n<h2 class=\"wp-block-heading\">Qu&rsquo;est-ce que la naturopathie pour enfants ?<\/h2>\n\n\n\n<p>L\u2019enfant est bien trop souvent consid\u00e9r\u00e9 comme un adulte miniature. Or tous les grands syst\u00e8mes sont immatures \u00e0 la naissance. En effet, chaque syst\u00e8me mature progressivement et m\u00e9rite d\u2019\u00eatre accompagn\u00e9 au rythme des diff\u00e9rents stades de son \u00e9veil au monde. L\u2019enfance est une p\u00e9riode phare en mati\u00e8re d\u2019apprentissages et de d\u00e9veloppement.<\/p>\n\n\n\n<p><strong>Les piliers de la naturopathie sont l\u2019hygi\u00e8ne vitale, l\u2019alimentation et l\u2019activit\u00e9 physique.<\/strong> Ces 3 axes de conseil sont fondamentaux et indissociables dans l\u2019accompagnement naturopathique, sur mesure et pr\u00e9ventif, id\u00e9alement.<\/p>\n\n\n\n<p><\/p>\n\n\n\n<h2 class=\"wp-block-heading\">Quels sont les bienfaits de la naturopathie pour les enfants ?<\/h2>\n\n\n\n<p>Aider l\u2019enfant \u00e0 s\u2019approprier des rep\u00e8res alimentaires et d\u2019hygi\u00e8ne de vie sains, soutenir la vitalit\u00e9 de l\u2019enfant, l\u2019\u00e9veiller aux signaux de son corps pour mieux le conna\u00eetre et \u00eatre en capacit\u00e9, plus tard, d\u2019anticiper ses propres besoins, favoriser l\u2019appropriation saine de ses \u00e9motions, accompagner la croissance naturellement, favoriser sa construction immunitaire optimale sont quelques-uns des bienfaits majeurs que l\u2019on peut retirer de la naturopathie pour l\u2019enfant.<\/p>\n\n\n\n<p>Aussi, lorsque l\u2019\u00e9quilibre est rompu, que des troubles du d\u00e9veloppement sont identifi\u00e9s et parall\u00e8lement \u00e0 un suivi m\u00e9dical conventionnel, la naturopathie propose des outils naturels compl\u00e9mentaires.<\/p>\n\n\n\n<p><\/p>\n\n\n\n<h2 class=\"wp-block-heading\">Conseils pour int\u00e9grer la naturopathie dans la vie quotidienne des enfants<\/h2>\n\n\n\n<h3 class=\"wp-block-heading\">Conseils sur la nutrition<\/h3>\n\n\n\n<figure class=\"wp-block-image size-full is-resized\"><img fetchpriority=\"high\" decoding=\"async\" src=\"https:\/\/meozen.com\/fr\/wp-content\/uploads\/sites\/2\/2023\/09\/naturopathie-enfant-meozen-3.jpg\" alt=\"\" class=\"wp-image-6655\" width=\"840\" height=\"559\" srcset=\"https:\/\/meozen.com\/fr\/wp-content\/uploads\/sites\/2\/2023\/09\/naturopathie-enfant-meozen-3.jpg 670w, https:\/\/meozen.com\/fr\/wp-content\/uploads\/sites\/2\/2023\/09\/naturopathie-enfant-meozen-3-300x200.jpg 300w, https:\/\/meozen.com\/fr\/wp-content\/uploads\/sites\/2\/2023\/09\/naturopathie-enfant-meozen-3-600x399.jpg 600w, https:\/\/meozen.com\/fr\/wp-content\/uploads\/sites\/2\/2023\/09\/naturopathie-enfant-meozen-3-150x100.jpg 150w\" sizes=\"(max-width: 840px) 100vw, 840px\" \/><\/figure>\n\n\n\n<p>L\u2019alimentation a une place centrale dans le d\u00e9veloppement, l\u2019immunit\u00e9 et la croissance d\u2019un enfant. Apr\u00e8s avoir expos\u00e9 les bienfaits de l\u2019allaitement pour l\u2019enfant et la maman, le naturopathe accompagne la famille dans le respect de ses choix et sans jugement, tout en la dirigeant, si n\u00e9cessaire vers un professionnel de d\u2019allaitement. <\/p>\n\n\n\n<p>Lors de la diversification, les jeunes parents pourront \u00eatre guid\u00e9s en douceur, en suivant le rythme de leurs enfants.&nbsp;<\/p>\n\n\n\n<p>Plus grands, voici quelques pistes pour une alimentation \u00e9quilibr\u00e9e :<\/p>\n\n\n\n<ol class=\"wp-block-list\">\n<li>Alimentation d\u2019origine biologique, locale et de saison<\/li>\n\n\n\n<li>Apport en macronutriments (prot\u00e9ines, lipides et glucides) et micronutriments \u00e9quilibr\u00e9s (vitamines, calcium, magn\u00e9sium, fer \u2026)<\/li>\n\n\n\n<li>Absence de produits industriels, raffin\u00e9s, transform\u00e9s, riches en sucres cach\u00e9s, colorants, conservateurs, graisses satur\u00e9es trans<\/li>\n<\/ol>\n\n\n\n<h3 class=\"wp-block-heading\">Conseils sur l\u2019activit\u00e9 physique<\/h3>\n\n\n\n<p>2\u00e8me cl\u00e9 de sant\u00e9 chez l\u2019enfant ; la kin\u00e9silogie o\u00f9 l\u2019activit\u00e9 physique. Sa pratique devra \u00eatre r\u00e9guli\u00e8re et adapt\u00e9e \u00e0 l\u2019enfant en fonction de son \u00e2ge, de ses go\u00fbts, et de sa vitalit\u00e9\u2026.<\/p>\n\n\n\n<p>Par exemple :<\/p>\n\n\n\n<ol class=\"wp-block-list\">\n<li>Pour les b\u00e9b\u00e9s : b\u00e9b\u00e9s nageurs.<\/li>\n\n\n\n<li>Vers 2\/3 ans : exploration du monde qui l\u2019entoure \u00e0 la d\u00e9couverte de la nature : grimper aux arbres, construire des cabanes\u2026. pour d\u00e9velopper la motricit\u00e9 : draisienne ou trottinette;<\/li>\n\n\n\n<li>Entre 4 et 10 ans, diff\u00e9rentes activit\u00e9s peuvent \u00eatre propos\u00e9es pour aider l\u2019enfant \u00e0 d\u00e9velopper telle ou telle comp\u00e9tence. Ne pas n\u00e9gliger la notion de plaisir, moteur primordial ! Pour favoriser l\u2019expression de soi, proposez une activit\u00e9 d\u2019\u00e9veil \u00e0 la danse, pour qu\u2019il s\u2019apaise : du <a class=\"wpil_keyword_link\" href=\"https:\/\/meozen.com\/fr\/yoga\/\" title=\"yoga\" data-wpil-keyword-link=\"linked\">yoga<\/a>, pour favoriser l\u2019esprit d\u2019\u00e9quipe : des jeux de ballons collectifs.<\/li>\n<\/ol>\n\n\n\n<p>L\u2019OMS pr\u00e9conise 3 heures par jour par le biais d&rsquo;activit\u00e9s et de jeux jusqu&rsquo;\u00e0 5 ans, et 60 minutes par jour \u00e0 intensit\u00e9 mod\u00e9r\u00e9e \u00e0 soutenue pour les 6 &#8211; 11 ans.<\/p>\n\n\n\n<figure class=\"wp-block-image size-full is-resized\"><img decoding=\"async\" src=\"https:\/\/meozen.com\/fr\/wp-content\/uploads\/sites\/2\/2023\/09\/naturopathie-enfant-meozen-2.jpg\" alt=\"\" class=\"wp-image-6656\" width=\"841\" height=\"560\" srcset=\"https:\/\/meozen.com\/fr\/wp-content\/uploads\/sites\/2\/2023\/09\/naturopathie-enfant-meozen-2.jpg 670w, https:\/\/meozen.com\/fr\/wp-content\/uploads\/sites\/2\/2023\/09\/naturopathie-enfant-meozen-2-300x200.jpg 300w, https:\/\/meozen.com\/fr\/wp-content\/uploads\/sites\/2\/2023\/09\/naturopathie-enfant-meozen-2-600x399.jpg 600w, https:\/\/meozen.com\/fr\/wp-content\/uploads\/sites\/2\/2023\/09\/naturopathie-enfant-meozen-2-150x100.jpg 150w\" sizes=\"(max-width: 841px) 100vw, 841px\" \/><\/figure>\n\n\n\n<h3 class=\"wp-block-heading\">Conseil sur l&rsquo;utilisation des plantes<\/h3>\n\n\n\n<p>Hydrolats, plantes peuvent \u00eatre un atout pr\u00e9vention int\u00e9ressant chez l\u2019enfant, \u00e0 condition de savoir les manier et conna\u00eetre leurs indications et contre-indications.<\/p>\n\n\n\n<p>Dans ma pratique, en cabinet, je propose r\u00e9guli\u00e8rement l\u2019utilisation de plantes dans le Protocole d\u2019Hygi\u00e8ne Vitale. J\u2019affectionne tout particuli\u00e8rement les hydrolats pour leur utilisation \u00ab Secure \u00bb pour un jeune public et les fleurs de Bach et fleurs contemporaines sans alcool.<\/p>\n\n\n\n<p>Les plantes sont charg\u00e9es d\u2019innombrables principes actifs, il convient de les manier avec pr\u00e9caution, d\u2019o\u00f9 l\u2019importance de se rapprocher d\u2019un professionnel solidement form\u00e9 qui saura vous guider vers l\u2019utilisation d\u2019une plante ou d\u2019une autre, de sa forme gal\u00e9nique (infusion, hydrolat, huile essentielle, fleurs de Bach, extrait de plante standardis\u00e9, bourgeons) et de sa posologie.<\/p>\n\n\n\n<p><\/p>\n\n\n\n<h2 class=\"wp-block-heading\"><strong>L&rsquo;importance d&rsquo;une approche holistique pour les enfants<\/strong><\/h2>\n\n\n\n<p>L\u2019enfance est une p\u00e9riode intens\u00e9ment riche en apprentissages au cours de laquelle ce petit \u00eatre d\u00e9couvre sa fa\u00e7on d\u2019\u00eatre au monde. <\/p>\n\n\n\n<p>Naturellement, la naturopathie, approche de sant\u00e9 pr\u00e9ventive et holistique a sa place, dans l\u2019accompagnement de l\u2019enfant. <strong>Bien dans son corps, bien dans son c\u0153ur, bien dans sa t\u00eate et bien dans ses baskets !<\/strong><\/p>\n\n\n\n<p><\/p>\n\n\n\n<p><\/p>\n\n\n\n<p>Pour r\u00e9sumer, la naturopathie a toute sa place dans une m\u00e9decine int\u00e9grative pour accompagner les enfants de mani\u00e8re holistique. Si vous choisissez de consulter un naturopathe, je ne peux que vous recommander de s\u00e9lectionner un professionnel solidement form\u00e9 et sp\u00e9cialis\u00e9 dans l\u2019accompagnement de l\u2019enfant. Bien s\u00fbr, un suivi naturopathique vient en compl\u00e9ment d\u2019un suivi p\u00e9diatrique et ne s\u2019y substitue aucunement.<\/p>\n\n\n\n<p>A ce titre, un tout nouveau r\u00e9seau de professionnels sp\u00e9cialis\u00e9s et certifi\u00e9s a vu le jour derni\u00e8rement et ses professionnels sauront vous proposer une prise en charge globale et adapt\u00e9e aux besoins de vos enfants : le r\u00e9seau naturopathie de l\u2019enfant que vous pourrez trouver sur Instagram : <strong>naturopathie_enfant_lereseau<\/strong><\/p>\n\n\n\n<figure class=\"wp-block-image\"><img decoding=\"async\" src=\"https:\/\/lh4.googleusercontent.com\/z7W9DgIjGUY2JF2xxm99i9H6iowuJZco772RL8KAMTIIS-UejOVLet1gmmEYXumGV4uraXjRRxqDxtnWXHGi3u1B8J0576J8dTnsMYAF9IFVQBTvZGTnPH-dR0ehYCXV2fHR-Ulr2HAwtVaY0Brgimk\" alt=\"\"\/><\/figure>\n","protected":false},"excerpt":{"rendered":"<p>\ud83d\udca1 Article r\u00e9dig\u00e9 par Sophie Hanania, Naturopathe. La naturopathie est une approche pr\u00e9ventive de sant\u00e9 au naturel. Elle consid\u00e8re toutes les dimensions de l\u2019Homme. La notion de pr\u00e9vention donne une place de choix \u00e0 l\u2019accompagnement de l\u2019enfant. C\u2019est en transmettant les bases d\u2019une hygi\u00e8ne de vie et d\u2019une alimentation saine que nos enfants grandiront en [&hellip;]<\/p>\n","protected":false},"author":3,"featured_media":6654,"parent":5978,"menu_order":0,"comment_status":"closed","ping_status":"closed","template":"","meta":{"_mo_disable_npp":"","footnotes":""},"class_list":["post-6640","page","type-page","status-publish","has-post-thumbnail","hentry"],"yoast_head":"<!-- This site is optimized with the Yoast SEO plugin v26.8 - https:\/\/yoast.com\/product\/yoast-seo-wordpress\/ -->\n<title>Naturopathie pour l&#039;enfant : conseils et bienfaits - Meozen<\/title>\n<meta name=\"description\" content=\"La naturopathie peut \u00eatre une approche int\u00e9ressante pour nos enfants : d\u00e9couvrez des conseils et les bienfaits expliqu\u00e9s par une Naturopathe.\" \/>\n<meta name=\"robots\" content=\"index, follow, max-snippet:-1, max-image-preview:large, max-video-preview:-1\" \/>\n<link rel=\"canonical\" href=\"https:\/\/meozen.com\/fr\/naturopathie\/enfant\/\" \/>\n<meta property=\"og:locale\" content=\"fr_FR\" \/>\n<meta property=\"og:type\" content=\"article\" \/>\n<meta property=\"og:title\" content=\"Naturopathie pour l&#039;enfant : conseils et bienfaits - Meozen\" \/>\n<meta property=\"og:description\" content=\"La naturopathie peut \u00eatre une approche int\u00e9ressante pour nos enfants : d\u00e9couvrez des conseils et les bienfaits expliqu\u00e9s par une Naturopathe.\" \/>\n<meta property=\"og:url\" content=\"https:\/\/meozen.com\/fr\/naturopathie\/enfant\/\" \/>\n<meta property=\"og:site_name\" content=\"Meozen - Votre portail bien-\u00eatre\" \/>\n<meta property=\"article:publisher\" content=\"https:\/\/www.facebook.com\/MeozenFr\/\" \/>\n<meta property=\"article:modified_time\" content=\"2023-09-10T17:09:28+00:00\" \/>\n<meta property=\"og:image\" content=\"https:\/\/meozen.com\/fr\/wp-content\/uploads\/sites\/2\/2023\/09\/naturopathie-enfants-meozen.jpg\" \/>\n\t<meta property=\"og:image:width\" content=\"2240\" \/>\n\t<meta property=\"og:image:height\" content=\"1260\" \/>\n\t<meta property=\"og:image:type\" content=\"image\/jpeg\" \/>\n<meta name=\"twitter:card\" content=\"summary_large_image\" \/>\n<meta name=\"twitter:label1\" content=\"Dur\u00e9e de lecture estim\u00e9e\" \/>\n\t<meta name=\"twitter:data1\" content=\"6 minutes\" \/>\n<script type=\"application\/ld+json\" class=\"yoast-schema-graph\">{\"@context\":\"https:\/\/schema.org\",\"@graph\":[{\"@type\":\"WebPage\",\"@id\":\"https:\/\/meozen.com\/fr\/naturopathie\/enfant\/\",\"url\":\"https:\/\/meozen.com\/fr\/naturopathie\/enfant\/\",\"name\":\"Naturopathie pour l'enfant : conseils et bienfaits - Meozen\",\"isPartOf\":{\"@id\":\"https:\/\/meozen.com\/fr\/#website\"},\"primaryImageOfPage\":{\"@id\":\"https:\/\/meozen.com\/fr\/naturopathie\/enfant\/#primaryimage\"},\"image\":{\"@id\":\"https:\/\/meozen.com\/fr\/naturopathie\/enfant\/#primaryimage\"},\"thumbnailUrl\":\"https:\/\/meozen.com\/fr\/wp-content\/uploads\/sites\/2\/2023\/09\/naturopathie-enfants-meozen.jpg\",\"datePublished\":\"2023-09-10T17:04:42+00:00\",\"dateModified\":\"2023-09-10T17:09:28+00:00\",\"description\":\"La naturopathie peut \u00eatre une approche int\u00e9ressante pour nos enfants : d\u00e9couvrez des conseils et les bienfaits expliqu\u00e9s par une Naturopathe.\",\"breadcrumb\":{\"@id\":\"https:\/\/meozen.com\/fr\/naturopathie\/enfant\/#breadcrumb\"},\"inLanguage\":\"fr-FR\",\"potentialAction\":[{\"@type\":\"ReadAction\",\"target\":[\"https:\/\/meozen.com\/fr\/naturopathie\/enfant\/\"]}]},{\"@type\":\"ImageObject\",\"inLanguage\":\"fr-FR\",\"@id\":\"https:\/\/meozen.com\/fr\/naturopathie\/enfant\/#primaryimage\",\"url\":\"https:\/\/meozen.com\/fr\/wp-content\/uploads\/sites\/2\/2023\/09\/naturopathie-enfants-meozen.jpg\",\"contentUrl\":\"https:\/\/meozen.com\/fr\/wp-content\/uploads\/sites\/2\/2023\/09\/naturopathie-enfants-meozen.jpg\",\"width\":2240,\"height\":1260},{\"@type\":\"BreadcrumbList\",\"@id\":\"https:\/\/meozen.com\/fr\/naturopathie\/enfant\/#breadcrumb\",\"itemListElement\":[{\"@type\":\"ListItem\",\"position\":1,\"name\":\"Accueil\",\"item\":\"https:\/\/meozen.com\/fr\/\"},{\"@type\":\"ListItem\",\"position\":2,\"name\":\"Naturopathie\",\"item\":\"https:\/\/meozen.com\/fr\/naturopathie\/\"},{\"@type\":\"ListItem\",\"position\":3,\"name\":\"Naturopathie pour l&#8217;enfant : conseils et bienfaits\"}]},{\"@type\":\"WebSite\",\"@id\":\"https:\/\/meozen.com\/fr\/#website\",\"url\":\"https:\/\/meozen.com\/fr\/\",\"name\":\"Meozen - Votre portail bien-\u00eatre\",\"description\":\"D\u00e9couvrez tout l&#039;univers du bien-\u00eatre, yoga, m\u00e9ditation, trouvez les meilleures retraites et formations bien-\u00eatre\",\"publisher\":{\"@id\":\"https:\/\/meozen.com\/fr\/#organization\"},\"potentialAction\":[{\"@type\":\"SearchAction\",\"target\":{\"@type\":\"EntryPoint\",\"urlTemplate\":\"https:\/\/meozen.com\/fr\/?s={search_term_string}\"},\"query-input\":{\"@type\":\"PropertyValueSpecification\",\"valueRequired\":true,\"valueName\":\"search_term_string\"}}],\"inLanguage\":\"fr-FR\"},{\"@type\":\"Organization\",\"@id\":\"https:\/\/meozen.com\/fr\/#organization\",\"name\":\"Meozen\",\"url\":\"https:\/\/meozen.com\/fr\/\",\"logo\":{\"@type\":\"ImageObject\",\"inLanguage\":\"fr-FR\",\"@id\":\"https:\/\/meozen.com\/fr\/#\/schema\/logo\/image\/\",\"url\":\"https:\/\/meozen.com\/fr\/wp-content\/uploads\/sites\/2\/2021\/06\/logo-meozen-push.jpg\",\"contentUrl\":\"https:\/\/meozen.com\/fr\/wp-content\/uploads\/sites\/2\/2021\/06\/logo-meozen-push.jpg\",\"width\":384,\"height\":384,\"caption\":\"Meozen\"},\"image\":{\"@id\":\"https:\/\/meozen.com\/fr\/#\/schema\/logo\/image\/\"},\"sameAs\":[\"https:\/\/www.facebook.com\/MeozenFr\/\",\"https:\/\/www.pinterest.fr\/meozen_officiel\/\",\"https:\/\/www.instagram.com\/meozen_officiel\/\"]}]}<\/script>\n<!-- \/ Yoast SEO plugin. -->","yoast_head_json":{"title":"Naturopathie pour l'enfant : conseils et bienfaits - Meozen","description":"La naturopathie peut \u00eatre une approche int\u00e9ressante pour nos enfants : d\u00e9couvrez des conseils et les bienfaits expliqu\u00e9s par une Naturopathe.","robots":{"index":"index","follow":"follow","max-snippet":"max-snippet:-1","max-image-preview":"max-image-preview:large","max-video-preview":"max-video-preview:-1"},"canonical":"https:\/\/meozen.com\/fr\/naturopathie\/enfant\/","og_locale":"fr_FR","og_type":"article","og_title":"Naturopathie pour l'enfant : conseils et bienfaits - Meozen","og_description":"La naturopathie peut \u00eatre une approche int\u00e9ressante pour nos enfants : d\u00e9couvrez des conseils et les bienfaits expliqu\u00e9s par une Naturopathe.","og_url":"https:\/\/meozen.com\/fr\/naturopathie\/enfant\/","og_site_name":"Meozen - Votre portail bien-\u00eatre","article_publisher":"https:\/\/www.facebook.com\/MeozenFr\/","article_modified_time":"2023-09-10T17:09:28+00:00","og_image":[{"width":2240,"height":1260,"url":"https:\/\/meozen.com\/fr\/wp-content\/uploads\/sites\/2\/2023\/09\/naturopathie-enfants-meozen.jpg","type":"image\/jpeg"}],"twitter_card":"summary_large_image","twitter_misc":{"Dur\u00e9e de lecture estim\u00e9e":"6 minutes"},"schema":{"@context":"https:\/\/schema.org","@graph":[{"@type":"WebPage","@id":"https:\/\/meozen.com\/fr\/naturopathie\/enfant\/","url":"https:\/\/meozen.com\/fr\/naturopathie\/enfant\/","name":"Naturopathie pour l'enfant : conseils et bienfaits - Meozen","isPartOf":{"@id":"https:\/\/meozen.com\/fr\/#website"},"primaryImageOfPage":{"@id":"https:\/\/meozen.com\/fr\/naturopathie\/enfant\/#primaryimage"},"image":{"@id":"https:\/\/meozen.com\/fr\/naturopathie\/enfant\/#primaryimage"},"thumbnailUrl":"https:\/\/meozen.com\/fr\/wp-content\/uploads\/sites\/2\/2023\/09\/naturopathie-enfants-meozen.jpg","datePublished":"2023-09-10T17:04:42+00:00","dateModified":"2023-09-10T17:09:28+00:00","description":"La naturopathie peut \u00eatre une approche int\u00e9ressante pour nos enfants : d\u00e9couvrez des conseils et les bienfaits expliqu\u00e9s par une Naturopathe.","breadcrumb":{"@id":"https:\/\/meozen.com\/fr\/naturopathie\/enfant\/#breadcrumb"},"inLanguage":"fr-FR","potentialAction":[{"@type":"ReadAction","target":["https:\/\/meozen.com\/fr\/naturopathie\/enfant\/"]}]},{"@type":"ImageObject","inLanguage":"fr-FR","@id":"https:\/\/meozen.com\/fr\/naturopathie\/enfant\/#primaryimage","url":"https:\/\/meozen.com\/fr\/wp-content\/uploads\/sites\/2\/2023\/09\/naturopathie-enfants-meozen.jpg","contentUrl":"https:\/\/meozen.com\/fr\/wp-content\/uploads\/sites\/2\/2023\/09\/naturopathie-enfants-meozen.jpg","width":2240,"height":1260},{"@type":"BreadcrumbList","@id":"https:\/\/meozen.com\/fr\/naturopathie\/enfant\/#breadcrumb","itemListElement":[{"@type":"ListItem","position":1,"name":"Accueil","item":"https:\/\/meozen.com\/fr\/"},{"@type":"ListItem","position":2,"name":"Naturopathie","item":"https:\/\/meozen.com\/fr\/naturopathie\/"},{"@type":"ListItem","position":3,"name":"Naturopathie pour l&#8217;enfant : conseils et bienfaits"}]},{"@type":"WebSite","@id":"https:\/\/meozen.com\/fr\/#website","url":"https:\/\/meozen.com\/fr\/","name":"Meozen - Votre portail bien-\u00eatre","description":"D\u00e9couvrez tout l&#039;univers du bien-\u00eatre, yoga, m\u00e9ditation, trouvez les meilleures retraites et formations bien-\u00eatre","publisher":{"@id":"https:\/\/meozen.com\/fr\/#organization"},"potentialAction":[{"@type":"SearchAction","target":{"@type":"EntryPoint","urlTemplate":"https:\/\/meozen.com\/fr\/?s={search_term_string}"},"query-input":{"@type":"PropertyValueSpecification","valueRequired":true,"valueName":"search_term_string"}}],"inLanguage":"fr-FR"},{"@type":"Organization","@id":"https:\/\/meozen.com\/fr\/#organization","name":"Meozen","url":"https:\/\/meozen.com\/fr\/","logo":{"@type":"ImageObject","inLanguage":"fr-FR","@id":"https:\/\/meozen.com\/fr\/#\/schema\/logo\/image\/","url":"https:\/\/meozen.com\/fr\/wp-content\/uploads\/sites\/2\/2021\/06\/logo-meozen-push.jpg","contentUrl":"https:\/\/meozen.com\/fr\/wp-content\/uploads\/sites\/2\/2021\/06\/logo-meozen-push.jpg","width":384,"height":384,"caption":"Meozen"},"image":{"@id":"https:\/\/meozen.com\/fr\/#\/schema\/logo\/image\/"},"sameAs":["https:\/\/www.facebook.com\/MeozenFr\/","https:\/\/www.pinterest.fr\/meozen_officiel\/","https:\/\/www.instagram.com\/meozen_officiel\/"]}]}},"_links":{"self":[{"href":"https:\/\/meozen.com\/fr\/wp-json\/wp\/v2\/pages\/6640","targetHints":{"allow":["GET"]}}],"collection":[{"href":"https:\/\/meozen.com\/fr\/wp-json\/wp\/v2\/pages"}],"about":[{"href":"https:\/\/meozen.com\/fr\/wp-json\/wp\/v2\/types\/page"}],"author":[{"embeddable":true,"href":"https:\/\/meozen.com\/fr\/wp-json\/wp\/v2\/users\/3"}],"replies":[{"embeddable":true,"href":"https:\/\/meozen.com\/fr\/wp-json\/wp\/v2\/comments?post=6640"}],"version-history":[{"count":0,"href":"https:\/\/meozen.com\/fr\/wp-json\/wp\/v2\/pages\/6640\/revisions"}],"up":[{"embeddable":true,"href":"https:\/\/meozen.com\/fr\/wp-json\/wp\/v2\/pages\/5978"}],"wp:featuredmedia":[{"embeddable":true,"href":"https:\/\/meozen.com\/fr\/wp-json\/wp\/v2\/media\/6654"}],"wp:attachment":[{"href":"https:\/\/meozen.com\/fr\/wp-json\/wp\/v2\/media?parent=6640"}],"curies":[{"name":"wp","href":"https:\/\/api.w.org\/{rel}","templated":true}]}}