{"id":6642,"date":"2023-09-10T19:03:41","date_gmt":"2023-09-10T17:03:41","guid":{"rendered":"https:\/\/meozen.com\/fr\/?page_id=6642"},"modified":"2023-09-26T14:07:09","modified_gmt":"2023-09-26T12:07:09","slug":"sophie-hanania","status":"publish","type":"page","link":"https:\/\/meozen.com\/fr\/experts-bien-etre\/sophie-hanania\/","title":{"rendered":"Sophie Hanania &#8211; Naturopathe"},"content":{"rendered":"\t\t<div data-elementor-type=\"wp-page\" data-elementor-id=\"6642\" class=\"elementor elementor-6642\" data-elementor-post-type=\"page\">\n\t\t\t\t\t\t<section class=\"elementor-section elementor-top-section elementor-element elementor-element-483d2411 elementor-section-boxed elementor-section-height-default elementor-section-height-default\" data-id=\"483d2411\" data-element_type=\"section\" data-e-type=\"section\">\n\t\t\t\t\t\t<div class=\"elementor-container elementor-column-gap-default\">\n\t\t\t\t\t<div class=\"elementor-column elementor-col-100 elementor-top-column elementor-element elementor-element-45f5023\" data-id=\"45f5023\" data-element_type=\"column\" data-e-type=\"column\">\n\t\t\t<div class=\"elementor-widget-wrap elementor-element-populated\">\n\t\t\t\t\t\t<div class=\"elementor-element elementor-element-757a3754 elementor-align-center elementor-widget elementor-widget-breadcrumbs\" data-id=\"757a3754\" data-element_type=\"widget\" data-e-type=\"widget\" data-widget_type=\"breadcrumbs.default\">\n\t\t\t\t<div class=\"elementor-widget-container\">\n\t\t\t\t\t<p id=\"breadcrumbs\"><span><span><a href=\"https:\/\/meozen.com\/fr\/\">Accueil<\/a><\/span><\/span><\/p>\t\t\t\t<\/div>\n\t\t\t\t<\/div>\n\t\t\t\t\t<\/div>\n\t\t<\/div>\n\t\t\t\t\t<\/div>\n\t\t<\/section>\n\t\t\t\t<section class=\"elementor-section elementor-top-section elementor-element elementor-element-5b31ecbb elementor-section-boxed elementor-section-height-default elementor-section-height-default\" data-id=\"5b31ecbb\" data-element_type=\"section\" data-e-type=\"section\">\n\t\t\t\t\t\t<div class=\"elementor-container elementor-column-gap-default\">\n\t\t\t\t\t<div class=\"elementor-column elementor-col-100 elementor-top-column elementor-element elementor-element-18107dfd\" data-id=\"18107dfd\" data-element_type=\"column\" data-e-type=\"column\">\n\t\t\t<div class=\"elementor-widget-wrap elementor-element-populated\">\n\t\t\t\t\t\t<section class=\"elementor-section elementor-inner-section elementor-element elementor-element-107cba3a elementor-section-boxed elementor-section-height-default elementor-section-height-default\" data-id=\"107cba3a\" data-element_type=\"section\" data-e-type=\"section\">\n\t\t\t\t\t\t<div class=\"elementor-container elementor-column-gap-default\">\n\t\t\t\t\t<div class=\"elementor-column elementor-col-50 elementor-inner-column elementor-element elementor-element-42af2fef\" data-id=\"42af2fef\" data-element_type=\"column\" data-e-type=\"column\">\n\t\t\t<div class=\"elementor-widget-wrap elementor-element-populated\">\n\t\t\t\t\t\t<div class=\"elementor-element elementor-element-14b135f8 elementor-widget__width-initial elementor-widget elementor-widget-theme-post-featured-image elementor-widget-image\" data-id=\"14b135f8\" data-element_type=\"widget\" data-e-type=\"widget\" data-widget_type=\"theme-post-featured-image.default\">\n\t\t\t\t<div class=\"elementor-widget-container\">\n\t\t\t\t\t\t\t\t\t\t\t\t\t\t\t<img decoding=\"async\" src=\"https:\/\/meozen.com\/fr\/wp-content\/uploads\/sites\/2\/elementor\/thumbs\/sophie-hanania-naturopathe-meozen-r2nt6b3gq1510salvvaftolb4vdk6zgan4tywuf2iw.jpg\" title=\"sophie-hanania-naturopathe-meozen\" alt=\"sophie-hanania-naturopathe-meozen\" loading=\"lazy\" \/>\t\t\t\t\t\t\t\t\t\t\t\t\t\t\t<\/div>\n\t\t\t\t<\/div>\n\t\t\t\t\t<\/div>\n\t\t<\/div>\n\t\t\t\t<div class=\"elementor-column elementor-col-50 elementor-inner-column elementor-element elementor-element-57206cb4\" data-id=\"57206cb4\" data-element_type=\"column\" data-e-type=\"column\">\n\t\t\t<div class=\"elementor-widget-wrap elementor-element-populated\">\n\t\t\t\t\t\t<div class=\"elementor-element elementor-element-38803352 elementor-widget elementor-widget-theme-post-title elementor-page-title elementor-widget-heading\" data-id=\"38803352\" data-element_type=\"widget\" data-e-type=\"widget\" data-widget_type=\"theme-post-title.default\">\n\t\t\t\t<div class=\"elementor-widget-container\">\n\t\t\t\t\t<h1 class=\"elementor-heading-title elementor-size-default\">Sophie Hanania &#8211; Naturopathe<\/h1>\t\t\t\t<\/div>\n\t\t\t\t<\/div>\n\t\t\t\t\t<\/div>\n\t\t<\/div>\n\t\t\t\t\t<\/div>\n\t\t<\/section>\n\t\t\t\t\t<\/div>\n\t\t<\/div>\n\t\t\t\t\t<\/div>\n\t\t<\/section>\n\t\t\t\t<section class=\"elementor-section elementor-top-section elementor-element elementor-element-27dc4886 elementor-section-boxed elementor-section-height-default elementor-section-height-default\" data-id=\"27dc4886\" data-element_type=\"section\" data-e-type=\"section\">\n\t\t\t\t\t\t<div class=\"elementor-container elementor-column-gap-default\">\n\t\t\t\t\t<div class=\"elementor-column elementor-col-100 elementor-top-column elementor-element elementor-element-33ea8379\" data-id=\"33ea8379\" data-element_type=\"column\" data-e-type=\"column\">\n\t\t\t<div class=\"elementor-widget-wrap elementor-element-populated\">\n\t\t\t\t\t\t<div class=\"elementor-element elementor-element-726e6c9 elementor-widget elementor-widget-text-editor\" data-id=\"726e6c9\" data-element_type=\"widget\" data-e-type=\"widget\" data-widget_type=\"text-editor.default\">\n\t\t\t\t<div class=\"elementor-widget-container\">\n\t\t\t\t\t\t\t\t\t<p><strong>Parcours :<\/strong><\/p><p><strong>2020 :<\/strong><\/p><ul><li>Naturopathe Certifi\u00e9e par la FENA &#8211; Ecole Aesculape<\/li><li>Conseill\u00e8re en Fleurs de Bach<\/li><\/ul><p><strong>2021 :<\/strong><\/p><ul><li>Praticienne en R\u00e9flexologie Plantaire et Massage M\u00e9tamorphique (Audrey Sarrasin)<\/li><li>Praticienne Massage du Ventre (Renato Papparldo)<\/li><li>Accompagnement \u00e0 la perte de poids sans restriction (H\u00e9l\u00e8ne Lemaire)<\/li><\/ul><p><strong>2022 :<\/strong><\/p><ul><li>Conseill\u00e8re en Olfactoth\u00e9rapie (Deva)<\/li><li>Cuisine Profesionnelle V\u00e9g\u00e9tale (Vert la Table)<\/li><\/ul><p><strong>2023 :<\/strong><\/p><ul><li>Praticienne en Massage Amma Assis (Sandra Vermard)<\/li><\/ul><div>\u00a0<\/div><p><strong>Sp\u00e9cialisations :<\/strong><\/p><ul><li>Naturop\u00e9diatrie (Candice L\u00e9vy)<\/li><li>Accompagnement Naturopathique de l&rsquo;enfant (Nina Bossard)<\/li><\/ul><p>Depuis septembre, j\u2019ai rejoint le r\u00e9seau Naturopathie Enfant (R\u00e9seau de Professionnels sp\u00e9cialis\u00e9s dans l\u2019accompagnement de l\u2019enfant).<\/p><p>\u00a0<\/p><p><strong>\u00c0 propos de moi&#8230;.<\/strong><\/p><p>Mon histoire, c&rsquo;est, sans doute, un peu la v\u00f4tre&#8230;. Apr\u00e8s plus de 15 ans de Secr\u00e9tariat de Direction, j&rsquo;ai pris conscience que mon activit\u00e9 professionnelle ne m&rsquo;\u00e9panouissait plus&#8230;. Les journ\u00e9es longues (trop) et les nuits tr\u00e8s (trop) courtes s&rsquo;enchainaient dans un rythme effr\u00e9n\u00e9.<\/p><p>Instinctivement pour toute la famille, j&rsquo;ai commenc\u00e9 \u00e0 me tourner vers une autre fa\u00e7on de nous alimenter, plus respectueuse de notre corps, de la plan\u00e8te ; une autre mani\u00e8re de prendre soin de nous, au quotidien\u2026.<\/p><p>Tout naturellement et petit \u00e0 petit je me suis tourn\u00e9e vers la Naturopathie. Et l\u00e0, j&rsquo;ai ressenti comme une \u00e9vidence, une r\u00e9v\u00e9lation. J&rsquo;avais trouv\u00e9 ma Mission de Vie : \u00ab\u00a0Accompagner les personnes, femmes et enfants sur le chemin de leur bien-\u00eatre dans le respect de leur singularit\u00e9, et en harmonie avec notre \u00ab\u00a0Terre M\u00e8re\u00a0\u00bb dans leur plus belle fa\u00e7on d&rsquo;\u00eatre au monde.\u00a0\u00bb<\/p><p>3 ann\u00e9es d\u2019\u00e9tudes au sein de l\u2019\u00e9cole Aesculape, \u00e9col\u00e9 agr\u00e9\u00e9e \u00e0 la FENA (F\u00e9d\u00e9ration Fran\u00e7aise des Ecoles de Naturopathie) m\u2019ont permis d\u2019acqu\u00e9rir de nouvelles connaissances et exp\u00e9riment\u00e9 de nouvelles comp\u00e9tences\u2026. 3 ann\u00e9es enrichies de merveilleuses rencontres.<\/p><p>Mon histoire personnelle, mon dynamisme et mon rapport privil\u00e9gi\u00e9 avec les enfants m&rsquo;ont conduit \u00e0 proposer un accompagnement sp\u00e9cifique 100 % kids, en leur transmettant les cl\u00e9s d&rsquo;une vie saine, d&rsquo;une alimentation sant\u00e9, et d&rsquo;une gestion \u00e9motionnelle \u00e9clair\u00e9e nous les conduirons vers une vie d&rsquo;adulte \u00e9quilibr\u00e9 : \u00ab\u00a0Bien dans leur corps, bien dans leur c\u0153ur, bien dans leur t\u00eate et dans leurs baskets\u00a0\u00bb.<\/p><p>J&rsquo;ai \u00e0 coeur d&rsquo;accompagner aussi les femmes dans leur \u00ab\u00a0m\u00e8re veilleuse\u00a0\u00bb p\u00e9riode de la p\u00e9rinatalit\u00e9, et tout au long de leurs cycles et leur vie.<\/p><p>Parce que naturopathie ne rime pas aust\u00e9rit\u00e9, je mets tout mon dynamisme, mon \u00e9coute bienveillante, et mon empathie \u00e0 votre service. J&rsquo;ai \u00e0 c\u0153ur de vous partager ma passion en vous accompagnant sur le chemin de votre bien-\u00eatre, distillant des conseils personnalis\u00e9s dans le respect du rythme de chacun.<\/p><p>\u00ab\u00a0Votre fa\u00e7on d&rsquo;\u00eatre au monde.\u00a0\u00bb<\/p><p>Parce qu&rsquo;il est temps de rallumer les \u00e9toiles dans votre vie,<\/p><p>Il est temps de faire de votre bien-\u00eatre votre priorit\u00e9,<\/p><p>Ne remettez plus \u00e0 demain, Offrez vous un moment rien que pour vous.<\/p><p>Faites le premier pas.<\/p><p>\u00a0<\/p><p><strong>Prise de rendez-vous en ligne :<\/strong><\/p><p><a href=\"https:\/\/www.medoucine.com\/consultation\/marseille\/sophie-hanania\/2312\">https:\/\/www.medoucine.com\/consultation\/marseille\/sophie-hanania\/2312<\/a><\/p><p><strong>Pour plus d&rsquo;infos :<\/strong><\/p><p><a href=\"https:\/\/www.naturo-marseille.fr\/\">https:\/\/www.naturo-marseille.fr\/<\/a><\/p><p><strong>Contact :<\/strong><\/p><p>06 34 26 49 85<\/p>\t\t\t\t\t\t\t\t<\/div>\n\t\t\t\t<\/div>\n\t\t\t\t<div class=\"elementor-element elementor-element-3c46e75b elementor-widget elementor-widget-heading\" data-id=\"3c46e75b\" data-element_type=\"widget\" data-e-type=\"widget\" data-widget_type=\"heading.default\">\n\t\t\t\t<div class=\"elementor-widget-container\">\n\t\t\t\t\t<h2 class=\"elementor-heading-title elementor-size-default\">Ses articles sur Meozen<\/h2>\t\t\t\t<\/div>\n\t\t\t\t<\/div>\n\t\t\t\t<div class=\"elementor-element elementor-element-55f5c26f elementor-widget elementor-widget-text-editor\" data-id=\"55f5c26f\" data-element_type=\"widget\" data-e-type=\"widget\" data-widget_type=\"text-editor.default\">\n\t\t\t\t<div class=\"elementor-widget-container\">\n\t\t\t\t\t\t\t\t\t<ul>\n<li><a href=\"https:\/\/meozen.com\/fr\/naturopathie\/enfant\/\" target=\"_blank\">Naturopathie pour l&rsquo;enfant : conseils et bienfaits<\/a><br><\/li>\n<\/ul>\t\t\t\t\t\t\t\t<\/div>\n\t\t\t\t<\/div>\n\t\t\t\t\t<\/div>\n\t\t<\/div>\n\t\t\t\t\t<\/div>\n\t\t<\/section>\n\t\t\t\t<\/div>\n\t\t","protected":false},"excerpt":{"rendered":"<p>Parcours : 2020 : Naturopathe Certifi\u00e9e par la FENA &#8211; Ecole Aesculape Conseill\u00e8re en Fleurs de Bach 2021 : Praticienne en R\u00e9flexologie Plantaire et Massage M\u00e9tamorphique (Audrey Sarrasin) Praticienne Massage du Ventre (Renato Papparldo) Accompagnement \u00e0 la perte de poids sans restriction (H\u00e9l\u00e8ne Lemaire) 2022 : Conseill\u00e8re en Olfactoth\u00e9rapie (Deva) Cuisine Profesionnelle V\u00e9g\u00e9tale (Vert la [&hellip;]<\/p>\n","protected":false},"author":3,"featured_media":6647,"parent":2414,"menu_order":0,"comment_status":"closed","ping_status":"closed","template":"","meta":{"_mo_disable_npp":"","footnotes":""},"class_list":["post-6642","page","type-page","status-publish","has-post-thumbnail","hentry"],"yoast_head":"<!-- This site is optimized with the Yoast SEO plugin v26.8 - https:\/\/yoast.com\/product\/yoast-seo-wordpress\/ -->\n<title>Sophie Hanania - Naturopathe - Meozen<\/title>\n<meta name=\"robots\" content=\"index, follow, max-snippet:-1, max-image-preview:large, max-video-preview:-1\" \/>\n<link rel=\"canonical\" href=\"https:\/\/meozen.com\/fr\/experts-bien-etre\/sophie-hanania\/\" \/>\n<meta property=\"og:locale\" content=\"fr_FR\" \/>\n<meta property=\"og:type\" content=\"article\" \/>\n<meta property=\"og:title\" content=\"Sophie Hanania - Naturopathe - Meozen\" \/>\n<meta property=\"og:description\" content=\"Parcours : 2020 : Naturopathe Certifi\u00e9e par la FENA &#8211; Ecole Aesculape Conseill\u00e8re en Fleurs de Bach 2021 : Praticienne en R\u00e9flexologie Plantaire et Massage M\u00e9tamorphique (Audrey Sarrasin) Praticienne Massage du Ventre (Renato Papparldo) Accompagnement \u00e0 la perte de poids sans restriction (H\u00e9l\u00e8ne Lemaire) 2022 : Conseill\u00e8re en Olfactoth\u00e9rapie (Deva) Cuisine Profesionnelle V\u00e9g\u00e9tale (Vert la [&hellip;]\" \/>\n<meta property=\"og:url\" content=\"https:\/\/meozen.com\/fr\/experts-bien-etre\/sophie-hanania\/\" \/>\n<meta property=\"og:site_name\" content=\"Meozen - Votre portail bien-\u00eatre\" \/>\n<meta property=\"article:publisher\" content=\"https:\/\/www.facebook.com\/MeozenFr\/\" \/>\n<meta property=\"article:modified_time\" content=\"2023-09-26T12:07:09+00:00\" \/>\n<meta property=\"og:image\" content=\"https:\/\/meozen.com\/fr\/wp-content\/uploads\/sites\/2\/2023\/09\/sophie-hanania-naturopathe-meozen.jpg\" \/>\n\t<meta property=\"og:image:width\" content=\"1980\" \/>\n\t<meta property=\"og:image:height\" content=\"1322\" \/>\n\t<meta property=\"og:image:type\" content=\"image\/jpeg\" \/>\n<meta name=\"twitter:card\" content=\"summary_large_image\" \/>\n<meta name=\"twitter:label1\" content=\"Dur\u00e9e de lecture estim\u00e9e\" \/>\n\t<meta name=\"twitter:data1\" content=\"3 minutes\" \/>\n<script type=\"application\/ld+json\" class=\"yoast-schema-graph\">{\"@context\":\"https:\/\/schema.org\",\"@graph\":[{\"@type\":\"WebPage\",\"@id\":\"https:\/\/meozen.com\/fr\/experts-bien-etre\/sophie-hanania\/\",\"url\":\"https:\/\/meozen.com\/fr\/experts-bien-etre\/sophie-hanania\/\",\"name\":\"Sophie Hanania - Naturopathe - Meozen\",\"isPartOf\":{\"@id\":\"https:\/\/meozen.com\/fr\/#website\"},\"primaryImageOfPage\":{\"@id\":\"https:\/\/meozen.com\/fr\/experts-bien-etre\/sophie-hanania\/#primaryimage\"},\"image\":{\"@id\":\"https:\/\/meozen.com\/fr\/experts-bien-etre\/sophie-hanania\/#primaryimage\"},\"thumbnailUrl\":\"https:\/\/meozen.com\/fr\/wp-content\/uploads\/sites\/2\/2023\/09\/sophie-hanania-naturopathe-meozen.jpg\",\"datePublished\":\"2023-09-10T17:03:41+00:00\",\"dateModified\":\"2023-09-26T12:07:09+00:00\",\"breadcrumb\":{\"@id\":\"https:\/\/meozen.com\/fr\/experts-bien-etre\/sophie-hanania\/#breadcrumb\"},\"inLanguage\":\"fr-FR\",\"potentialAction\":[{\"@type\":\"ReadAction\",\"target\":[\"https:\/\/meozen.com\/fr\/experts-bien-etre\/sophie-hanania\/\"]}]},{\"@type\":\"ImageObject\",\"inLanguage\":\"fr-FR\",\"@id\":\"https:\/\/meozen.com\/fr\/experts-bien-etre\/sophie-hanania\/#primaryimage\",\"url\":\"https:\/\/meozen.com\/fr\/wp-content\/uploads\/sites\/2\/2023\/09\/sophie-hanania-naturopathe-meozen.jpg\",\"contentUrl\":\"https:\/\/meozen.com\/fr\/wp-content\/uploads\/sites\/2\/2023\/09\/sophie-hanania-naturopathe-meozen.jpg\",\"width\":1980,\"height\":1322},{\"@type\":\"BreadcrumbList\",\"@id\":\"https:\/\/meozen.com\/fr\/experts-bien-etre\/sophie-hanania\/#breadcrumb\",\"itemListElement\":[{\"@type\":\"ListItem\",\"position\":1,\"name\":\"Accueil\",\"item\":\"https:\/\/meozen.com\/fr\/\"},{\"@type\":\"ListItem\",\"position\":2,\"name\":\"Experts bien-\u00eatre\",\"item\":\"https:\/\/meozen.com\/fr\/experts-bien-etre\/\"},{\"@type\":\"ListItem\",\"position\":3,\"name\":\"Sophie Hanania &#8211; Naturopathe\"}]},{\"@type\":\"WebSite\",\"@id\":\"https:\/\/meozen.com\/fr\/#website\",\"url\":\"https:\/\/meozen.com\/fr\/\",\"name\":\"Meozen - Votre portail bien-\u00eatre\",\"description\":\"D\u00e9couvrez tout l&#039;univers du bien-\u00eatre, yoga, m\u00e9ditation, trouvez les meilleures retraites et formations bien-\u00eatre\",\"publisher\":{\"@id\":\"https:\/\/meozen.com\/fr\/#organization\"},\"potentialAction\":[{\"@type\":\"SearchAction\",\"target\":{\"@type\":\"EntryPoint\",\"urlTemplate\":\"https:\/\/meozen.com\/fr\/?s={search_term_string}\"},\"query-input\":{\"@type\":\"PropertyValueSpecification\",\"valueRequired\":true,\"valueName\":\"search_term_string\"}}],\"inLanguage\":\"fr-FR\"},{\"@type\":\"Organization\",\"@id\":\"https:\/\/meozen.com\/fr\/#organization\",\"name\":\"Meozen\",\"url\":\"https:\/\/meozen.com\/fr\/\",\"logo\":{\"@type\":\"ImageObject\",\"inLanguage\":\"fr-FR\",\"@id\":\"https:\/\/meozen.com\/fr\/#\/schema\/logo\/image\/\",\"url\":\"https:\/\/meozen.com\/fr\/wp-content\/uploads\/sites\/2\/2021\/06\/logo-meozen-push.jpg\",\"contentUrl\":\"https:\/\/meozen.com\/fr\/wp-content\/uploads\/sites\/2\/2021\/06\/logo-meozen-push.jpg\",\"width\":384,\"height\":384,\"caption\":\"Meozen\"},\"image\":{\"@id\":\"https:\/\/meozen.com\/fr\/#\/schema\/logo\/image\/\"},\"sameAs\":[\"https:\/\/www.facebook.com\/MeozenFr\/\",\"https:\/\/www.pinterest.fr\/meozen_officiel\/\",\"https:\/\/www.instagram.com\/meozen_officiel\/\"]}]}<\/script>\n<!-- \/ Yoast SEO plugin. -->","yoast_head_json":{"title":"Sophie Hanania - Naturopathe - Meozen","robots":{"index":"index","follow":"follow","max-snippet":"max-snippet:-1","max-image-preview":"max-image-preview:large","max-video-preview":"max-video-preview:-1"},"canonical":"https:\/\/meozen.com\/fr\/experts-bien-etre\/sophie-hanania\/","og_locale":"fr_FR","og_type":"article","og_title":"Sophie Hanania - Naturopathe - Meozen","og_description":"Parcours : 2020 : Naturopathe Certifi\u00e9e par la FENA &#8211; Ecole Aesculape Conseill\u00e8re en Fleurs de Bach 2021 : Praticienne en R\u00e9flexologie Plantaire et Massage M\u00e9tamorphique (Audrey Sarrasin) Praticienne Massage du Ventre (Renato Papparldo) Accompagnement \u00e0 la perte de poids sans restriction (H\u00e9l\u00e8ne Lemaire) 2022 : Conseill\u00e8re en Olfactoth\u00e9rapie (Deva) Cuisine Profesionnelle V\u00e9g\u00e9tale (Vert la [&hellip;]","og_url":"https:\/\/meozen.com\/fr\/experts-bien-etre\/sophie-hanania\/","og_site_name":"Meozen - Votre portail bien-\u00eatre","article_publisher":"https:\/\/www.facebook.com\/MeozenFr\/","article_modified_time":"2023-09-26T12:07:09+00:00","og_image":[{"width":1980,"height":1322,"url":"https:\/\/meozen.com\/fr\/wp-content\/uploads\/sites\/2\/2023\/09\/sophie-hanania-naturopathe-meozen.jpg","type":"image\/jpeg"}],"twitter_card":"summary_large_image","twitter_misc":{"Dur\u00e9e de lecture estim\u00e9e":"3 minutes"},"schema":{"@context":"https:\/\/schema.org","@graph":[{"@type":"WebPage","@id":"https:\/\/meozen.com\/fr\/experts-bien-etre\/sophie-hanania\/","url":"https:\/\/meozen.com\/fr\/experts-bien-etre\/sophie-hanania\/","name":"Sophie Hanania - Naturopathe - Meozen","isPartOf":{"@id":"https:\/\/meozen.com\/fr\/#website"},"primaryImageOfPage":{"@id":"https:\/\/meozen.com\/fr\/experts-bien-etre\/sophie-hanania\/#primaryimage"},"image":{"@id":"https:\/\/meozen.com\/fr\/experts-bien-etre\/sophie-hanania\/#primaryimage"},"thumbnailUrl":"https:\/\/meozen.com\/fr\/wp-content\/uploads\/sites\/2\/2023\/09\/sophie-hanania-naturopathe-meozen.jpg","datePublished":"2023-09-10T17:03:41+00:00","dateModified":"2023-09-26T12:07:09+00:00","breadcrumb":{"@id":"https:\/\/meozen.com\/fr\/experts-bien-etre\/sophie-hanania\/#breadcrumb"},"inLanguage":"fr-FR","potentialAction":[{"@type":"ReadAction","target":["https:\/\/meozen.com\/fr\/experts-bien-etre\/sophie-hanania\/"]}]},{"@type":"ImageObject","inLanguage":"fr-FR","@id":"https:\/\/meozen.com\/fr\/experts-bien-etre\/sophie-hanania\/#primaryimage","url":"https:\/\/meozen.com\/fr\/wp-content\/uploads\/sites\/2\/2023\/09\/sophie-hanania-naturopathe-meozen.jpg","contentUrl":"https:\/\/meozen.com\/fr\/wp-content\/uploads\/sites\/2\/2023\/09\/sophie-hanania-naturopathe-meozen.jpg","width":1980,"height":1322},{"@type":"BreadcrumbList","@id":"https:\/\/meozen.com\/fr\/experts-bien-etre\/sophie-hanania\/#breadcrumb","itemListElement":[{"@type":"ListItem","position":1,"name":"Accueil","item":"https:\/\/meozen.com\/fr\/"},{"@type":"ListItem","position":2,"name":"Experts bien-\u00eatre","item":"https:\/\/meozen.com\/fr\/experts-bien-etre\/"},{"@type":"ListItem","position":3,"name":"Sophie Hanania &#8211; Naturopathe"}]},{"@type":"WebSite","@id":"https:\/\/meozen.com\/fr\/#website","url":"https:\/\/meozen.com\/fr\/","name":"Meozen - Votre portail bien-\u00eatre","description":"D\u00e9couvrez tout l&#039;univers du bien-\u00eatre, yoga, m\u00e9ditation, trouvez les meilleures retraites et formations bien-\u00eatre","publisher":{"@id":"https:\/\/meozen.com\/fr\/#organization"},"potentialAction":[{"@type":"SearchAction","target":{"@type":"EntryPoint","urlTemplate":"https:\/\/meozen.com\/fr\/?s={search_term_string}"},"query-input":{"@type":"PropertyValueSpecification","valueRequired":true,"valueName":"search_term_string"}}],"inLanguage":"fr-FR"},{"@type":"Organization","@id":"https:\/\/meozen.com\/fr\/#organization","name":"Meozen","url":"https:\/\/meozen.com\/fr\/","logo":{"@type":"ImageObject","inLanguage":"fr-FR","@id":"https:\/\/meozen.com\/fr\/#\/schema\/logo\/image\/","url":"https:\/\/meozen.com\/fr\/wp-content\/uploads\/sites\/2\/2021\/06\/logo-meozen-push.jpg","contentUrl":"https:\/\/meozen.com\/fr\/wp-content\/uploads\/sites\/2\/2021\/06\/logo-meozen-push.jpg","width":384,"height":384,"caption":"Meozen"},"image":{"@id":"https:\/\/meozen.com\/fr\/#\/schema\/logo\/image\/"},"sameAs":["https:\/\/www.facebook.com\/MeozenFr\/","https:\/\/www.pinterest.fr\/meozen_officiel\/","https:\/\/www.instagram.com\/meozen_officiel\/"]}]}},"_links":{"self":[{"href":"https:\/\/meozen.com\/fr\/wp-json\/wp\/v2\/pages\/6642","targetHints":{"allow":["GET"]}}],"collection":[{"href":"https:\/\/meozen.com\/fr\/wp-json\/wp\/v2\/pages"}],"about":[{"href":"https:\/\/meozen.com\/fr\/wp-json\/wp\/v2\/types\/page"}],"author":[{"embeddable":true,"href":"https:\/\/meozen.com\/fr\/wp-json\/wp\/v2\/users\/3"}],"replies":[{"embeddable":true,"href":"https:\/\/meozen.com\/fr\/wp-json\/wp\/v2\/comments?post=6642"}],"version-history":[{"count":0,"href":"https:\/\/meozen.com\/fr\/wp-json\/wp\/v2\/pages\/6642\/revisions"}],"up":[{"embeddable":true,"href":"https:\/\/meozen.com\/fr\/wp-json\/wp\/v2\/pages\/2414"}],"wp:featuredmedia":[{"embeddable":true,"href":"https:\/\/meozen.com\/fr\/wp-json\/wp\/v2\/media\/6647"}],"wp:attachment":[{"href":"https:\/\/meozen.com\/fr\/wp-json\/wp\/v2\/media?parent=6642"}],"curies":[{"name":"wp","href":"https:\/\/api.w.org\/{rel}","templated":true}]}}