{"id":7190,"date":"2023-09-19T15:20:24","date_gmt":"2023-09-19T13:20:24","guid":{"rendered":"https:\/\/meozen.com\/fr\/?page_id=7190"},"modified":"2023-09-19T15:25:47","modified_gmt":"2023-09-19T13:25:47","slug":"marielle-mahe","status":"publish","type":"page","link":"https:\/\/meozen.com\/fr\/experts-bien-etre\/marielle-mahe\/","title":{"rendered":"Marielle Mah\u00e9"},"content":{"rendered":"\t\t<div data-elementor-type=\"wp-page\" data-elementor-id=\"7190\" class=\"elementor elementor-7190\" data-elementor-post-type=\"page\">\n\t\t\t\t\t\t<section class=\"elementor-section elementor-top-section elementor-element elementor-element-6ed9bdce elementor-section-boxed elementor-section-height-default elementor-section-height-default\" data-id=\"6ed9bdce\" data-element_type=\"section\" data-e-type=\"section\">\n\t\t\t\t\t\t<div class=\"elementor-container elementor-column-gap-default\">\n\t\t\t\t\t<div class=\"elementor-column elementor-col-100 elementor-top-column elementor-element elementor-element-24cd49d2\" data-id=\"24cd49d2\" data-element_type=\"column\" data-e-type=\"column\">\n\t\t\t<div class=\"elementor-widget-wrap elementor-element-populated\">\n\t\t\t\t\t\t<div class=\"elementor-element elementor-element-390cf9ae elementor-align-center elementor-widget elementor-widget-breadcrumbs\" data-id=\"390cf9ae\" data-element_type=\"widget\" data-e-type=\"widget\" data-widget_type=\"breadcrumbs.default\">\n\t\t\t\t<div class=\"elementor-widget-container\">\n\t\t\t\t\t<p id=\"breadcrumbs\"><span><span><a href=\"https:\/\/meozen.com\/fr\/\">Accueil<\/a><\/span><\/span><\/p>\t\t\t\t<\/div>\n\t\t\t\t<\/div>\n\t\t\t\t\t<\/div>\n\t\t<\/div>\n\t\t\t\t\t<\/div>\n\t\t<\/section>\n\t\t\t\t<section class=\"elementor-section elementor-top-section elementor-element elementor-element-2122487b elementor-section-boxed elementor-section-height-default elementor-section-height-default\" data-id=\"2122487b\" data-element_type=\"section\" data-e-type=\"section\">\n\t\t\t\t\t\t<div class=\"elementor-container elementor-column-gap-default\">\n\t\t\t\t\t<div class=\"elementor-column elementor-col-100 elementor-top-column elementor-element elementor-element-f0e49db\" data-id=\"f0e49db\" data-element_type=\"column\" data-e-type=\"column\">\n\t\t\t<div class=\"elementor-widget-wrap elementor-element-populated\">\n\t\t\t\t\t\t<section class=\"elementor-section elementor-inner-section elementor-element elementor-element-8498cb2 elementor-section-boxed elementor-section-height-default elementor-section-height-default\" data-id=\"8498cb2\" data-element_type=\"section\" data-e-type=\"section\">\n\t\t\t\t\t\t<div class=\"elementor-container elementor-column-gap-default\">\n\t\t\t\t\t<div class=\"elementor-column elementor-col-50 elementor-inner-column elementor-element elementor-element-7d9e0fd5\" data-id=\"7d9e0fd5\" data-element_type=\"column\" data-e-type=\"column\">\n\t\t\t<div class=\"elementor-widget-wrap elementor-element-populated\">\n\t\t\t\t\t\t<div class=\"elementor-element elementor-element-62ad826c elementor-widget__width-initial elementor-widget elementor-widget-theme-post-featured-image elementor-widget-image\" data-id=\"62ad826c\" data-element_type=\"widget\" data-e-type=\"widget\" data-widget_type=\"theme-post-featured-image.default\">\n\t\t\t\t<div class=\"elementor-widget-container\">\n\t\t\t\t\t\t\t\t\t\t\t\t\t\t\t<img decoding=\"async\" src=\"https:\/\/meozen.com\/fr\/wp-content\/uploads\/sites\/2\/elementor\/thumbs\/marielle-mahe-meozen-qetnd26wmqbz3rsrv4v7rqjtcjgrkovgguqo7epjew.png\" title=\"marielle-mahe-meozen\" alt=\"marielle-mahe-meozen\" loading=\"lazy\" \/>\t\t\t\t\t\t\t\t\t\t\t\t\t\t\t<\/div>\n\t\t\t\t<\/div>\n\t\t\t\t\t<\/div>\n\t\t<\/div>\n\t\t\t\t<div class=\"elementor-column elementor-col-50 elementor-inner-column elementor-element elementor-element-6407e360\" data-id=\"6407e360\" data-element_type=\"column\" data-e-type=\"column\">\n\t\t\t<div class=\"elementor-widget-wrap elementor-element-populated\">\n\t\t\t\t\t\t<div class=\"elementor-element elementor-element-3dd83393 elementor-widget elementor-widget-theme-post-title elementor-page-title elementor-widget-heading\" data-id=\"3dd83393\" data-element_type=\"widget\" data-e-type=\"widget\" data-widget_type=\"theme-post-title.default\">\n\t\t\t\t<div class=\"elementor-widget-container\">\n\t\t\t\t\t<h1 class=\"elementor-heading-title elementor-size-default\">Marielle Mah\u00e9<\/h1>\t\t\t\t<\/div>\n\t\t\t\t<\/div>\n\t\t\t\t\t<\/div>\n\t\t<\/div>\n\t\t\t\t\t<\/div>\n\t\t<\/section>\n\t\t\t\t\t<\/div>\n\t\t<\/div>\n\t\t\t\t\t<\/div>\n\t\t<\/section>\n\t\t\t\t<section class=\"elementor-section elementor-top-section elementor-element elementor-element-43ce58e7 elementor-section-boxed elementor-section-height-default elementor-section-height-default\" data-id=\"43ce58e7\" data-element_type=\"section\" data-e-type=\"section\">\n\t\t\t\t\t\t<div class=\"elementor-container elementor-column-gap-default\">\n\t\t\t\t\t<div class=\"elementor-column elementor-col-100 elementor-top-column elementor-element elementor-element-6a0c162\" data-id=\"6a0c162\" data-element_type=\"column\" data-e-type=\"column\">\n\t\t\t<div class=\"elementor-widget-wrap elementor-element-populated\">\n\t\t\t\t\t\t<div class=\"elementor-element elementor-element-57cd46f5 elementor-widget elementor-widget-text-editor\" data-id=\"57cd46f5\" data-element_type=\"widget\" data-e-type=\"widget\" data-widget_type=\"text-editor.default\">\n\t\t\t\t<div class=\"elementor-widget-container\">\n\t\t\t\t\t\t\t\t\t<p>Durant mon cursus universitaire en psychologie, j\u2019ai travaill\u00e9 plusieurs ann\u00e9es dans des \u00e9tablissements m\u00e9dicaux sociaux. Je me suis vite rendu compte que le relationnel est une des clefs pour se sentir bien, aussi j\u2019ai orient\u00e9 tout mon parcours dans cette voie.<\/p><p>Aujourd\u2019hui, je travaille en lib\u00e9rale sur Bruz et suis amen\u00e9e \u00e0 transmettre mes connaissances en communication et relations humaines au travers d\u2019accompagnements individuels, de formations ou de conf\u00e9rences.<\/p><p><strong>Mon cheminement :<\/strong><br \/>D\u00e8s mon plus jeune \u00e2ge, j\u2019ai c\u00f4toy\u00e9 des chevaux de montagne dont le comportement naturel avait \u00e9t\u00e9 pr\u00e9serv\u00e9, d\u00e9nu\u00e9 de r\u00e9ponses apprises.<\/p><p>Ce sont eux qui m\u2019ont appris \u00e0 observer le langage non verbal, la communication corporelle.<\/p><p>Les chevaux m\u2019ont accompagn\u00e9e dans la gestion des \u00e9motions et ouvert la voie de l\u2019importance du corps en th\u00e9rapie.<\/p><p>Quelques ann\u00e9es plus tard, l\u2019opportunit\u00e9 d\u2019un stage aupr\u00e8s d\u2019une \u00e9quith\u00e9rapeute m\u2019a permis de clarifier mes choix professionnels.<\/p><p>J\u2019ai donc entam\u00e9 un cursus de psychologie \u00e0 l\u2019universit\u00e9 de Poitiers, accompagn\u00e9 d\u2019une formation en \u00e9thologie pratique (1) aupr\u00e8s d\u2019un \u00e9cuyer sp\u00e9cialis\u00e9 dans le comportement et le dressage animal, en 2007.<\/p><p>Souhaitant poursuivre ma formation en \u00e9thologie, j\u2019ai int\u00e9gr\u00e9 l\u2019universit\u00e9 de Rennes II pour la licence de psychologie et un cursus libre en \u00e9thologie universitaire.<\/p><p>Parce que les universit\u00e9s ne forment pas aux approches du corps, j\u2019ai poursuivi en \u00e9cole priv\u00e9e pour d\u00e9couvrir et approfondir les th\u00e8mes suivants :<\/p><p><strong>2019 :<\/strong> Accr\u00e9ditation Accompagnement individuelle en Communication non violente.<\/p><p><strong>2016 :<\/strong> 202 d\u2019Analyse transactionnelle.<\/p><p><strong>2015 :<\/strong> Communication non violente, CNVC- europe, certification en cours (448h)<\/p><p><strong>2011 :<\/strong> Coaching formation reconnue au RNCP de niveau I (\u00e9quivalent bac + 5), centre international du coach, Paris.<\/p><p><strong>2009 :<\/strong> Formation en hypnose ericksonienne, PME ressources, Ploermel Formation : \u00ab Accompagnateur de th\u00e9rapies avec le cheval \u00bb Cheval \u00e9moi.<\/p><p><strong>2008 :<\/strong> Formation : \u00e9thologie du cheval, \u00e9curie de la cour, ecuyer, Mr philippe chauche.<\/p><p><strong>2006 :<\/strong> Formation universitaire : Licence psychologie Poitiers, poursuite en master, universit\u00e9 Rennes II.<\/p><p>Formation \u00ab Le trouble autistique \u00bb, \u00ab loisirs et autisme \u00bb, \u00absexualit\u00e9 et autisme \u00bb<\/p><p>Ce choix pluridisciplinaire me permet d\u2019appr\u00e9hender les personnes et les situations sous diff\u00e9rents angles afin de mieux les comprendre, de faire ce pas de cot\u00e9 qui permet d\u2019ouvrir les perspectives et d\u2019accompagner chacun \u00e0 prendre conscience de la multitude de ressources internes non exploit\u00e9es qu\u2019il a \u00e0 sa disposition.<\/p><p><em>(1) \u00e9thologie pratique : mode de dressage qui utilise une communication adapt\u00e9e au cheval s\u2019appuyant sur l\u2019\u00e9tude du comportement de l\u2019animal dans son milieu naturel.<\/em><\/p><p><strong>Prise de rendez-vous en ligne :<\/strong><\/p><p><a href=\"https:\/\/www.medoucine.com\/consultation\/bruz\/marielle-mahe\/5754\">https:\/\/www.medoucine.com\/consultation\/bruz\/marielle-mahe\/5754\u00a0<\/a><\/p><p><strong>Contact :<\/strong><\/p><p>06 32 41 26 39<\/p>\t\t\t\t\t\t\t\t<\/div>\n\t\t\t\t<\/div>\n\t\t\t\t<div class=\"elementor-element elementor-element-46543ce elementor-widget elementor-widget-heading\" data-id=\"46543ce\" data-element_type=\"widget\" data-e-type=\"widget\" data-widget_type=\"heading.default\">\n\t\t\t\t<div class=\"elementor-widget-container\">\n\t\t\t\t\t<h2 class=\"elementor-heading-title elementor-size-default\">Ses articles sur Meozen<\/h2>\t\t\t\t<\/div>\n\t\t\t\t<\/div>\n\t\t\t\t<div class=\"elementor-element elementor-element-1ec59be0 elementor-widget elementor-widget-text-editor\" data-id=\"1ec59be0\" data-element_type=\"widget\" data-e-type=\"widget\" data-widget_type=\"text-editor.default\">\n\t\t\t\t<div class=\"elementor-widget-container\">\n\t\t\t\t\t\t\t\t\t<ul>\n<li><a href=\"https:\/\/meozen.com\/fr\/developpement-personnel\/communication-non-violente\/\" target=\"_blank\">La Communication NonViolente : libre, heureux et en lien gr\u00e2ce \u00e0 la CNV<\/a><br><\/li>\n<\/ul>\t\t\t\t\t\t\t\t<\/div>\n\t\t\t\t<\/div>\n\t\t\t\t\t<\/div>\n\t\t<\/div>\n\t\t\t\t\t<\/div>\n\t\t<\/section>\n\t\t\t\t<\/div>\n\t\t","protected":false},"excerpt":{"rendered":"<p>Durant mon cursus universitaire en psychologie, j\u2019ai travaill\u00e9 plusieurs ann\u00e9es dans des \u00e9tablissements m\u00e9dicaux sociaux. Je me suis vite rendu compte que le relationnel est une des clefs pour se sentir bien, aussi j\u2019ai orient\u00e9 tout mon parcours dans cette voie. Aujourd\u2019hui, je travaille en lib\u00e9rale sur Bruz et suis amen\u00e9e \u00e0 transmettre mes connaissances [&hellip;]<\/p>\n","protected":false},"author":3,"featured_media":7219,"parent":2414,"menu_order":0,"comment_status":"closed","ping_status":"closed","template":"","meta":{"_mo_disable_npp":"","footnotes":""},"class_list":["post-7190","page","type-page","status-publish","has-post-thumbnail","hentry"],"yoast_head":"<!-- This site is optimized with the Yoast SEO plugin v26.8 - https:\/\/yoast.com\/product\/yoast-seo-wordpress\/ -->\n<title>Marielle Mah\u00e9 - Meozen<\/title>\n<meta name=\"robots\" content=\"index, follow, max-snippet:-1, max-image-preview:large, max-video-preview:-1\" \/>\n<link rel=\"canonical\" href=\"https:\/\/meozen.com\/fr\/experts-bien-etre\/marielle-mahe\/\" \/>\n<meta property=\"og:locale\" content=\"fr_FR\" \/>\n<meta property=\"og:type\" content=\"article\" \/>\n<meta property=\"og:title\" content=\"Marielle Mah\u00e9 - Meozen\" \/>\n<meta property=\"og:description\" content=\"Durant mon cursus universitaire en psychologie, j\u2019ai travaill\u00e9 plusieurs ann\u00e9es dans des \u00e9tablissements m\u00e9dicaux sociaux. Je me suis vite rendu compte que le relationnel est une des clefs pour se sentir bien, aussi j\u2019ai orient\u00e9 tout mon parcours dans cette voie. Aujourd\u2019hui, je travaille en lib\u00e9rale sur Bruz et suis amen\u00e9e \u00e0 transmettre mes connaissances [&hellip;]\" \/>\n<meta property=\"og:url\" content=\"https:\/\/meozen.com\/fr\/experts-bien-etre\/marielle-mahe\/\" \/>\n<meta property=\"og:site_name\" content=\"Meozen - Votre portail bien-\u00eatre\" \/>\n<meta property=\"article:publisher\" content=\"https:\/\/www.facebook.com\/MeozenFr\/\" \/>\n<meta property=\"article:modified_time\" content=\"2023-09-19T13:25:47+00:00\" \/>\n<meta property=\"og:image\" content=\"https:\/\/meozen.com\/fr\/wp-content\/uploads\/sites\/2\/2023\/09\/marielle-mahe-meozen.png\" \/>\n\t<meta property=\"og:image:width\" content=\"274\" \/>\n\t<meta property=\"og:image:height\" content=\"368\" \/>\n\t<meta property=\"og:image:type\" content=\"image\/png\" \/>\n<meta name=\"twitter:card\" content=\"summary_large_image\" \/>\n<meta name=\"twitter:label1\" content=\"Dur\u00e9e de lecture estim\u00e9e\" \/>\n\t<meta name=\"twitter:data1\" content=\"3 minutes\" \/>\n<script type=\"application\/ld+json\" class=\"yoast-schema-graph\">{\"@context\":\"https:\/\/schema.org\",\"@graph\":[{\"@type\":\"WebPage\",\"@id\":\"https:\/\/meozen.com\/fr\/experts-bien-etre\/marielle-mahe\/\",\"url\":\"https:\/\/meozen.com\/fr\/experts-bien-etre\/marielle-mahe\/\",\"name\":\"Marielle Mah\u00e9 - Meozen\",\"isPartOf\":{\"@id\":\"https:\/\/meozen.com\/fr\/#website\"},\"primaryImageOfPage\":{\"@id\":\"https:\/\/meozen.com\/fr\/experts-bien-etre\/marielle-mahe\/#primaryimage\"},\"image\":{\"@id\":\"https:\/\/meozen.com\/fr\/experts-bien-etre\/marielle-mahe\/#primaryimage\"},\"thumbnailUrl\":\"https:\/\/meozen.com\/fr\/wp-content\/uploads\/sites\/2\/2023\/09\/marielle-mahe-meozen.png\",\"datePublished\":\"2023-09-19T13:20:24+00:00\",\"dateModified\":\"2023-09-19T13:25:47+00:00\",\"breadcrumb\":{\"@id\":\"https:\/\/meozen.com\/fr\/experts-bien-etre\/marielle-mahe\/#breadcrumb\"},\"inLanguage\":\"fr-FR\",\"potentialAction\":[{\"@type\":\"ReadAction\",\"target\":[\"https:\/\/meozen.com\/fr\/experts-bien-etre\/marielle-mahe\/\"]}]},{\"@type\":\"ImageObject\",\"inLanguage\":\"fr-FR\",\"@id\":\"https:\/\/meozen.com\/fr\/experts-bien-etre\/marielle-mahe\/#primaryimage\",\"url\":\"https:\/\/meozen.com\/fr\/wp-content\/uploads\/sites\/2\/2023\/09\/marielle-mahe-meozen.png\",\"contentUrl\":\"https:\/\/meozen.com\/fr\/wp-content\/uploads\/sites\/2\/2023\/09\/marielle-mahe-meozen.png\",\"width\":274,\"height\":368},{\"@type\":\"BreadcrumbList\",\"@id\":\"https:\/\/meozen.com\/fr\/experts-bien-etre\/marielle-mahe\/#breadcrumb\",\"itemListElement\":[{\"@type\":\"ListItem\",\"position\":1,\"name\":\"Accueil\",\"item\":\"https:\/\/meozen.com\/fr\/\"},{\"@type\":\"ListItem\",\"position\":2,\"name\":\"Experts bien-\u00eatre\",\"item\":\"https:\/\/meozen.com\/fr\/experts-bien-etre\/\"},{\"@type\":\"ListItem\",\"position\":3,\"name\":\"Marielle Mah\u00e9\"}]},{\"@type\":\"WebSite\",\"@id\":\"https:\/\/meozen.com\/fr\/#website\",\"url\":\"https:\/\/meozen.com\/fr\/\",\"name\":\"Meozen - Votre portail bien-\u00eatre\",\"description\":\"D\u00e9couvrez tout l&#039;univers du bien-\u00eatre, yoga, m\u00e9ditation, trouvez les meilleures retraites et formations bien-\u00eatre\",\"publisher\":{\"@id\":\"https:\/\/meozen.com\/fr\/#organization\"},\"potentialAction\":[{\"@type\":\"SearchAction\",\"target\":{\"@type\":\"EntryPoint\",\"urlTemplate\":\"https:\/\/meozen.com\/fr\/?s={search_term_string}\"},\"query-input\":{\"@type\":\"PropertyValueSpecification\",\"valueRequired\":true,\"valueName\":\"search_term_string\"}}],\"inLanguage\":\"fr-FR\"},{\"@type\":\"Organization\",\"@id\":\"https:\/\/meozen.com\/fr\/#organization\",\"name\":\"Meozen\",\"url\":\"https:\/\/meozen.com\/fr\/\",\"logo\":{\"@type\":\"ImageObject\",\"inLanguage\":\"fr-FR\",\"@id\":\"https:\/\/meozen.com\/fr\/#\/schema\/logo\/image\/\",\"url\":\"https:\/\/meozen.com\/fr\/wp-content\/uploads\/sites\/2\/2021\/06\/logo-meozen-push.jpg\",\"contentUrl\":\"https:\/\/meozen.com\/fr\/wp-content\/uploads\/sites\/2\/2021\/06\/logo-meozen-push.jpg\",\"width\":384,\"height\":384,\"caption\":\"Meozen\"},\"image\":{\"@id\":\"https:\/\/meozen.com\/fr\/#\/schema\/logo\/image\/\"},\"sameAs\":[\"https:\/\/www.facebook.com\/MeozenFr\/\",\"https:\/\/www.pinterest.fr\/meozen_officiel\/\",\"https:\/\/www.instagram.com\/meozen_officiel\/\"]}]}<\/script>\n<!-- \/ Yoast SEO plugin. -->","yoast_head_json":{"title":"Marielle Mah\u00e9 - Meozen","robots":{"index":"index","follow":"follow","max-snippet":"max-snippet:-1","max-image-preview":"max-image-preview:large","max-video-preview":"max-video-preview:-1"},"canonical":"https:\/\/meozen.com\/fr\/experts-bien-etre\/marielle-mahe\/","og_locale":"fr_FR","og_type":"article","og_title":"Marielle Mah\u00e9 - Meozen","og_description":"Durant mon cursus universitaire en psychologie, j\u2019ai travaill\u00e9 plusieurs ann\u00e9es dans des \u00e9tablissements m\u00e9dicaux sociaux. Je me suis vite rendu compte que le relationnel est une des clefs pour se sentir bien, aussi j\u2019ai orient\u00e9 tout mon parcours dans cette voie. Aujourd\u2019hui, je travaille en lib\u00e9rale sur Bruz et suis amen\u00e9e \u00e0 transmettre mes connaissances [&hellip;]","og_url":"https:\/\/meozen.com\/fr\/experts-bien-etre\/marielle-mahe\/","og_site_name":"Meozen - Votre portail bien-\u00eatre","article_publisher":"https:\/\/www.facebook.com\/MeozenFr\/","article_modified_time":"2023-09-19T13:25:47+00:00","og_image":[{"width":274,"height":368,"url":"https:\/\/meozen.com\/fr\/wp-content\/uploads\/sites\/2\/2023\/09\/marielle-mahe-meozen.png","type":"image\/png"}],"twitter_card":"summary_large_image","twitter_misc":{"Dur\u00e9e de lecture estim\u00e9e":"3 minutes"},"schema":{"@context":"https:\/\/schema.org","@graph":[{"@type":"WebPage","@id":"https:\/\/meozen.com\/fr\/experts-bien-etre\/marielle-mahe\/","url":"https:\/\/meozen.com\/fr\/experts-bien-etre\/marielle-mahe\/","name":"Marielle Mah\u00e9 - Meozen","isPartOf":{"@id":"https:\/\/meozen.com\/fr\/#website"},"primaryImageOfPage":{"@id":"https:\/\/meozen.com\/fr\/experts-bien-etre\/marielle-mahe\/#primaryimage"},"image":{"@id":"https:\/\/meozen.com\/fr\/experts-bien-etre\/marielle-mahe\/#primaryimage"},"thumbnailUrl":"https:\/\/meozen.com\/fr\/wp-content\/uploads\/sites\/2\/2023\/09\/marielle-mahe-meozen.png","datePublished":"2023-09-19T13:20:24+00:00","dateModified":"2023-09-19T13:25:47+00:00","breadcrumb":{"@id":"https:\/\/meozen.com\/fr\/experts-bien-etre\/marielle-mahe\/#breadcrumb"},"inLanguage":"fr-FR","potentialAction":[{"@type":"ReadAction","target":["https:\/\/meozen.com\/fr\/experts-bien-etre\/marielle-mahe\/"]}]},{"@type":"ImageObject","inLanguage":"fr-FR","@id":"https:\/\/meozen.com\/fr\/experts-bien-etre\/marielle-mahe\/#primaryimage","url":"https:\/\/meozen.com\/fr\/wp-content\/uploads\/sites\/2\/2023\/09\/marielle-mahe-meozen.png","contentUrl":"https:\/\/meozen.com\/fr\/wp-content\/uploads\/sites\/2\/2023\/09\/marielle-mahe-meozen.png","width":274,"height":368},{"@type":"BreadcrumbList","@id":"https:\/\/meozen.com\/fr\/experts-bien-etre\/marielle-mahe\/#breadcrumb","itemListElement":[{"@type":"ListItem","position":1,"name":"Accueil","item":"https:\/\/meozen.com\/fr\/"},{"@type":"ListItem","position":2,"name":"Experts bien-\u00eatre","item":"https:\/\/meozen.com\/fr\/experts-bien-etre\/"},{"@type":"ListItem","position":3,"name":"Marielle Mah\u00e9"}]},{"@type":"WebSite","@id":"https:\/\/meozen.com\/fr\/#website","url":"https:\/\/meozen.com\/fr\/","name":"Meozen - Votre portail bien-\u00eatre","description":"D\u00e9couvrez tout l&#039;univers du bien-\u00eatre, yoga, m\u00e9ditation, trouvez les meilleures retraites et formations bien-\u00eatre","publisher":{"@id":"https:\/\/meozen.com\/fr\/#organization"},"potentialAction":[{"@type":"SearchAction","target":{"@type":"EntryPoint","urlTemplate":"https:\/\/meozen.com\/fr\/?s={search_term_string}"},"query-input":{"@type":"PropertyValueSpecification","valueRequired":true,"valueName":"search_term_string"}}],"inLanguage":"fr-FR"},{"@type":"Organization","@id":"https:\/\/meozen.com\/fr\/#organization","name":"Meozen","url":"https:\/\/meozen.com\/fr\/","logo":{"@type":"ImageObject","inLanguage":"fr-FR","@id":"https:\/\/meozen.com\/fr\/#\/schema\/logo\/image\/","url":"https:\/\/meozen.com\/fr\/wp-content\/uploads\/sites\/2\/2021\/06\/logo-meozen-push.jpg","contentUrl":"https:\/\/meozen.com\/fr\/wp-content\/uploads\/sites\/2\/2021\/06\/logo-meozen-push.jpg","width":384,"height":384,"caption":"Meozen"},"image":{"@id":"https:\/\/meozen.com\/fr\/#\/schema\/logo\/image\/"},"sameAs":["https:\/\/www.facebook.com\/MeozenFr\/","https:\/\/www.pinterest.fr\/meozen_officiel\/","https:\/\/www.instagram.com\/meozen_officiel\/"]}]}},"_links":{"self":[{"href":"https:\/\/meozen.com\/fr\/wp-json\/wp\/v2\/pages\/7190","targetHints":{"allow":["GET"]}}],"collection":[{"href":"https:\/\/meozen.com\/fr\/wp-json\/wp\/v2\/pages"}],"about":[{"href":"https:\/\/meozen.com\/fr\/wp-json\/wp\/v2\/types\/page"}],"author":[{"embeddable":true,"href":"https:\/\/meozen.com\/fr\/wp-json\/wp\/v2\/users\/3"}],"replies":[{"embeddable":true,"href":"https:\/\/meozen.com\/fr\/wp-json\/wp\/v2\/comments?post=7190"}],"version-history":[{"count":0,"href":"https:\/\/meozen.com\/fr\/wp-json\/wp\/v2\/pages\/7190\/revisions"}],"up":[{"embeddable":true,"href":"https:\/\/meozen.com\/fr\/wp-json\/wp\/v2\/pages\/2414"}],"wp:featuredmedia":[{"embeddable":true,"href":"https:\/\/meozen.com\/fr\/wp-json\/wp\/v2\/media\/7219"}],"wp:attachment":[{"href":"https:\/\/meozen.com\/fr\/wp-json\/wp\/v2\/media?parent=7190"}],"curies":[{"name":"wp","href":"https:\/\/api.w.org\/{rel}","templated":true}]}}