{"id":7224,"date":"2023-09-19T15:19:09","date_gmt":"2023-09-19T13:19:09","guid":{"rendered":"https:\/\/meozen.com\/fr\/?page_id=7224"},"modified":"2023-09-19T15:22:11","modified_gmt":"2023-09-19T13:22:11","slug":"communication-non-violente","status":"publish","type":"page","link":"https:\/\/meozen.com\/fr\/developpement-personnel\/communication-non-violente\/","title":{"rendered":"La Communication Non Violente : d\u00e9finition, origines et bienfaits"},"content":{"rendered":"\n<div style=\"border-style: solid; border-color: #08c995; border-radius: 30px; padding: 5px 20px; margin-top: 30px; margin-bottom: 30px;\">\n\ud83d\udca1 Article r\u00e9dig\u00e9 par <a href=\"https:\/\/meozen.com\/fr\/experts-bien-etre\/marielle-mahe\/\" style=\"color:#565C6C; text-decoration:underline\"><strong>Marielle Mah\u00e9<\/strong><\/a>, Psychopraticienne & Coach de vie.\n<\/div>\n\n\n\n<p>Vous a-t-on d\u00e9j\u00e0 expliqu\u00e9 \u00e0 quoi servent vos \u00e9motions ? C\u2019est une des facettes de la Communication Non Violente (CNV). Cette m\u00e9thode de communication nous permet de comprendre notre fonctionnement interne pour vivre des relations plus harmonieuses avec nous-m\u00eame et les autres. La CNV \u00e0 pour objectifs de nous permettre de red\u00e9couvrir nos capacit\u00e9s naturelles \u00e0 \u00eatre en lien.<\/p>\n\n\n\n<p><\/p>\n\n\n\n<h2 class=\"wp-block-heading\"><strong>Qu\u2019est-ce que la Communication Non Violente ?<\/strong><\/h2>\n\n\n\n<p>La communication non violente est un processus qui a \u00e9t\u00e9 cr\u00e9\u00e9 par le docteur en psychologie Marshall Rosenberg dans les ann\u00e9es 90 pour nous permettre de comprendre les facteurs qui favorisent une relation de qualit\u00e9 et ceux qui freinent cela. Ce que nous pr\u00e9f\u00e9rons au monde est de passer du temps avec nos semblables, amis, familles\u2026Lorsque \u00e7a se passe bien. Lorsque \u00e7a ne se passe pas aussi bien que dans nos r\u00eaves, nous nous refermons, d\u00e9veloppons des strat\u00e9gies diverses et vari\u00e9es pour ne plus vivre ce qu\u2019on n\u2019\u00e0 pas envie de vivre, et ceux tr\u00e8s t\u00f4t\u2026<\/p>\n\n\n\n<p>La CNV invite \u00e0 une nouvelle mani\u00e8re d\u2019\u00eatre, qui passe par un changement de regard sur soi, sur les autres et sur le monde qui nous entoure. De cette nouvelle mani\u00e8re de voir les choses va d\u00e9couler une nouvelle mani\u00e8re de se comporter au quotidien.\u00a0<\/p>\n\n\n\n<p><\/p>\n\n\n\n<h2 class=\"wp-block-heading\"><strong>Les trois axes de la Communication Non Violente<\/strong><\/h2>\n\n\n\n<ol class=\"wp-block-list\">\n<li>La bienveillance avec soi-m\u00eame<\/li>\n\n\n\n<li>La bienveillance avec l\u2019autre\u00a0<\/li>\n\n\n\n<li>L\u2019art du dialogue qui prend en compte les besoins de chacun, m\u00eame dans le conflit<\/li>\n<\/ol>\n\n\n\n<p>L\u2019\u00e9cologie relationnelle que propose la communication non violente passe par une prise de recul sur nos comportements amenant des prises de conscience de nos intentions lorsque nous exprimons quelque chose.<\/p>\n\n\n\n<p><\/p>\n\n\n\n<h2 class=\"wp-block-heading\"><strong>Pourquoi int\u00e9grer la CVN dans sa vie quotidienne ?<\/strong><\/h2>\n\n\n\n<p>Vous est-il d\u00e9j\u00e0 arriv\u00e9 de ressasser une conversation apr\u00e8s avoir quitt\u00e9 votre interlocuteur ? De vous dire j\u2019aurais d\u00fb dire ceci ? Faire cela ? Et ces pens\u00e9es vous encombrent durant de longues heures et ce n\u2019est pas confortable. Ou bien d\u2019avoir un n\u0153ud dans la gorge? Parce que vous avez peur qu\u2019en disant quelque chose vous ne blessiez votre interlocuteur. Ou encore que vous gardiez pour vous des reproches et critiques qui s\u2019accumulent et vous vous transformez en champs de mines\u2026et regrettez apr\u00e8s-coup ces mots qui ont d\u00e9pass\u00e9 vos pens\u00e9es.\u00a0<\/p>\n\n\n\n<p><strong>Gr\u00e2ce \u00e0 la CNV, nous apprenons \u00e0 dire sans blesser, \u00e9tablir et d\u00e9velopper des relations saines et durables, d\u00e9nouer un conflit.<\/strong><\/p>\n\n\n<div class=\"wp-block-image\">\n<figure class=\"aligncenter size-full\"><img fetchpriority=\"high\" decoding=\"async\" width=\"670\" height=\"446\" src=\"https:\/\/meozen.com\/fr\/wp-content\/uploads\/sites\/2\/2023\/09\/communication-non-violente-groupe-meozen.jpg\" alt=\"\" class=\"wp-image-7238\" srcset=\"https:\/\/meozen.com\/fr\/wp-content\/uploads\/sites\/2\/2023\/09\/communication-non-violente-groupe-meozen.jpg 670w, https:\/\/meozen.com\/fr\/wp-content\/uploads\/sites\/2\/2023\/09\/communication-non-violente-groupe-meozen-300x200.jpg 300w, https:\/\/meozen.com\/fr\/wp-content\/uploads\/sites\/2\/2023\/09\/communication-non-violente-groupe-meozen-441x294.jpg 441w, https:\/\/meozen.com\/fr\/wp-content\/uploads\/sites\/2\/2023\/09\/communication-non-violente-groupe-meozen-150x100.jpg 150w\" sizes=\"(max-width: 670px) 100vw, 670px\" \/><\/figure><\/div>\n\n\n<h2 class=\"wp-block-heading\"><strong>Les questions pos\u00e9es par Marshall Rosenberg, l\u2019auteur de cette m\u00e9thode<\/strong><\/h2>\n\n\n\n<p>Afin de donner des rep\u00e8res pour dire les choses avec clart\u00e9 et bienveillance Marshall Rosenberg utilisait deux questions fondamentales.<\/p>\n\n\n\n<h3 class=\"wp-block-heading\">1. <strong>Qu\u2019est -ce qui est vivant en moi et en l\u2019autre ?\u00a0<\/strong><\/h3>\n\n\n\n<p>En d\u2019autre termes, il cherche le besoin qui est \u00e0 l\u2019origine de l\u2019action que nous faisons.\u00a0<\/p>\n\n\n\n<p>Par exemple\u00a0: Lorsque je choisis de m\u00e9diter chaque matin, cela nourrit mon besoin de ressourcement et me donne de l\u2019\u00e9nergie pour la journ\u00e9e.<\/p>\n\n\n\n<p>Mais si nous n\u2019\u00e9coutons pas ce qui est bon pour nous, alors nous entretenons des conditionnements qui nous poussent \u00e0 l\u2019\u00e9puisement professionnel, la d\u00e9pression\u2026car nous n\u2019avons pas \u00e9t\u00e9 dans le sens de notre vie mais \u00e0 l\u2019encontre.\u00a0<\/p>\n\n\n\n<p>Prenez le temps de regarder comment vous vous sentez lorsque vous avez un dossier tr\u00e8s important \u00e0 rendre et un relais tr\u00e8s court ? Que vous continuez \u00e0 travailler tard le soir malgr\u00e9 la fatigue, lorsque vous restez stress\u00e9 d\u2019un jour \u00e0 l\u2019autre pour honorer vos engagements et respecter les d\u00e9lais ? Comment est l\u2019\u00e9nergie dans votre corps ?\u00a0<\/p>\n\n\n\n<p>\u00c0 contrario, dans cette m\u00eame situation, vous choisissez de demander de l\u2019aide, de dormir t\u00f4t et d\u2019aller marcher en rentrant le soir. Comment est l\u2019\u00e9nergie, \u00e0 ce moment-l\u00e0 ?\u00a0<\/p>\n\n\n\n<p>Un besoin nourri par une action concr\u00e8te redonne de l\u2019\u00e9nergie, un besoin ignor\u00e9 en fait perdre.<\/p>\n\n\n\n<h3 class=\"wp-block-heading\">2. <strong>Comment je peux enrichir la vie de l\u2019autre et la mienne ?<\/strong>\u00a0<\/h3>\n\n\n\n<p>La seconde question que Marshall Rosenberg aimait poser \u00e9tait \u201cComment je peux enrichir la vie de l\u2019autre et la mienne ?\u201d car l\u2019intention de la CNV est la qualit\u00e9 du lien et part du principe que l\u2019\u00eatre humain aime contribuer au bien-\u00eatre des uns et des autres.<\/p>\n\n\n\n<p>La CNV nous permet de retrouver le plaisir de donner et de recevoir d\u2019un espace ou je suis reconnect\u00e9 \u00e0 ma bienveillance. Avec le c\u0153ur ouvert.<\/p>\n\n\n\n<p>Nous allons donc apprendre lors de formation pratique \u00e0 \u00e9couter les rep\u00e8res que nous donne notre corps lorsque le besoin est nourri et non nourri parce que cela constitue une boussole essentielle pour faire des choix conscients dans nos vies.\u00a0<\/p>\n\n\n\n<p>Ensuite lorsque cette \u00e9coute pour nous-m\u00eame est plus fluide, nous allons proposer celle-ci \u00e0 nos proches, c\u2019est ce qu\u2019on appelle la bienveillance envers l\u2019autre, l\u2019empathie pour enfin \u00e9tablir un dialogue qui va prendre soin des besoins de chacun.\u00a0<\/p>\n\n\n\n<p><\/p>\n\n\n\n<h2 class=\"wp-block-heading\"><strong>Pourquoi Marshall Rosenberg a fait cette d\u00e9marche ?<\/strong><\/h2>\n\n\n\n<p>Marshall Rosenberg est n\u00e9 dans un climat d\u2019antis\u00e9mitisme aux Etats-Unis. Il subit tr\u00e8s t\u00f4t \u00e0 l\u2019\u00e2ge de 7 ans la violence \u00e0 son encontre, se retrouve battu et insult\u00e9 parce qu\u2019il est juif. Cela fait na\u00eetre plusieurs interrogations autour de l\u2019impact des jugements sur nos comportements.\u00a0 Chez lui il vit bcp d\u2019amour, d\u2019accueil, il voit son oncle prendre soin de sa grand-m\u00e8re mourante. Il se demande comment on peut avoir le sourire lorsqu\u2019on s\u2019en prend \u00e0 quelqu\u2019un (qui le traite de Youpin. ) et lorsqu\u2019on en prend soin. \u00c7a l\u2019intrigue.<\/p>\n\n\n\n<p>Il d\u00e9couvre que le langage est un des ingr\u00e9dients fondamentaux pour garder le c\u0153ur ouvert, et avoir envie de contribuer. Ou a contrario ce qui engendre beaucoup de violence.<\/p>\n\n\n\n<p>En 61, doctorant et activiste engag\u00e9 dans les luttes anti-s\u00e9gr\u00e9gation, il rencontre Carl Roger qui l\u2019inspire dans la relation humaine et l\u2019\u00e9coute.\u00a0<\/p>\n\n\n\n<p>Pour Marshall Rosenberg, les besoins sont au c\u0153ur de la CNV. Il cr\u00e9e un processus en 4 \u00e9tapes qui soutient le changement de regard \u00e9voqu\u00e9 plus haut. Il est tr\u00e8s inspirant car il a \u0153uvr\u00e9 toute sa vie pour sa mission: transmettre les outils qui permettent de relier les \u00eatres, d\u00e9nouer les conflits et r\u00e9pandre la paix.<\/p>\n\n\n\n<p>La CNV est transmise dans la plupart des pays dans le monde, il a cr\u00e9\u00e9 un centre international pour la CNV qui s\u2019appelle le CNVC qui \u0153uvre \u00e9norm\u00e9ment \u00e0 la diffusion de ce processus. Il a fait de nombreuses vid\u00e9os accessibles sur internet mais surtout il a \u00e9tendu ce processus \u00e0 tous les domaines de la vie :<\/p>\n\n\n\n<ul class=\"wp-block-list\">\n<li>Dans la politique : conflit entre ethnies\u00a0<\/li>\n\n\n\n<li>Dans l\u2019\u00e9ducation : parentalit\u00e9, acteur de l\u2019enfance D\u00e9clic CNV&Education\u2026<\/li>\n\n\n\n<li>Dans la sant\u00e9<\/li>\n\n\n\n<li>Dans l\u2019\u00e9conomie, dans les organisations pour la gouvernance\u2026<\/li>\n\n\n\n<li>Dans la psychoth\u00e9rapie puisque c\u2019est de l\u00e0 qu\u2019il venait.\u00a0<\/li>\n<\/ul>\n\n\n\n<p>Il s\u2019est vraiment interrog\u00e9 sur tous ces domaines et ces interrogations permettent de nourrir une vision du monde pour lequel j\u2019aimerais le remercier. Car beaucoup de disciplines spirituelles apportent cette vision du monde mais la communication NonViolente m\u2019a permis de la vivre concr\u00e8tement.\u00a0<\/p>\n\n\n\n<p><\/p>\n\n\n\n<p>Vous pouvez venir vous former en Bretagne et dans toute la France. Il y a des sessions chaque mois \u00e0 retrouver sur <a href=\"http:\/\/flotdevie.com\/\">flotdevie.com<\/a> ou cnvformation.fr.<\/p>\n","protected":false},"excerpt":{"rendered":"<p>\ud83d\udca1 Article r\u00e9dig\u00e9 par Marielle Mah\u00e9, Psychopraticienne &#038; Coach de vie. Vous a-t-on d\u00e9j\u00e0 expliqu\u00e9 \u00e0 quoi servent vos \u00e9motions ? C\u2019est une des facettes de la Communication Non Violente (CNV). Cette m\u00e9thode de communication nous permet de comprendre notre fonctionnement interne pour vivre des relations plus harmonieuses avec nous-m\u00eame et les autres. La CNV [&hellip;]<\/p>\n","protected":false},"author":3,"featured_media":7236,"parent":7234,"menu_order":0,"comment_status":"closed","ping_status":"closed","template":"","meta":{"_mo_disable_npp":"","footnotes":""},"class_list":["post-7224","page","type-page","status-publish","has-post-thumbnail","hentry"],"yoast_head":"<!-- This site is optimized with the Yoast SEO plugin v26.8 - https:\/\/yoast.com\/product\/yoast-seo-wordpress\/ -->\n<title>La Communication Non Violente : d\u00e9finition, origines et bienfaits - Meozen<\/title>\n<meta name=\"description\" content=\"D\u00e9couvrez la Communication Non Violente (aussi appel\u00e9e CNV), ses origines et ses bienfaits, expliqu\u00e9e par une Psychopraticienne.\" \/>\n<meta name=\"robots\" content=\"index, follow, max-snippet:-1, max-image-preview:large, max-video-preview:-1\" \/>\n<link rel=\"canonical\" href=\"https:\/\/meozen.com\/fr\/developpement-personnel\/communication-non-violente\/\" \/>\n<meta property=\"og:locale\" content=\"fr_FR\" \/>\n<meta property=\"og:type\" content=\"article\" \/>\n<meta property=\"og:title\" content=\"La Communication Non Violente : d\u00e9finition, origines et bienfaits - Meozen\" \/>\n<meta property=\"og:description\" content=\"D\u00e9couvrez la Communication Non Violente (aussi appel\u00e9e CNV), ses origines et ses bienfaits, expliqu\u00e9e par une Psychopraticienne.\" \/>\n<meta property=\"og:url\" content=\"https:\/\/meozen.com\/fr\/developpement-personnel\/communication-non-violente\/\" \/>\n<meta property=\"og:site_name\" content=\"Meozen - Votre portail bien-\u00eatre\" \/>\n<meta property=\"article:publisher\" content=\"https:\/\/www.facebook.com\/MeozenFr\/\" \/>\n<meta property=\"article:modified_time\" content=\"2023-09-19T13:22:11+00:00\" \/>\n<meta property=\"og:image\" content=\"https:\/\/meozen.com\/fr\/wp-content\/uploads\/sites\/2\/2023\/09\/communication-nonviolente-meozen.jpg\" \/>\n\t<meta property=\"og:image:width\" content=\"2240\" \/>\n\t<meta property=\"og:image:height\" content=\"1260\" \/>\n\t<meta property=\"og:image:type\" content=\"image\/jpeg\" \/>\n<meta name=\"twitter:card\" content=\"summary_large_image\" \/>\n<meta name=\"twitter:label1\" content=\"Dur\u00e9e de lecture estim\u00e9e\" \/>\n\t<meta name=\"twitter:data1\" content=\"7 minutes\" \/>\n<script type=\"application\/ld+json\" class=\"yoast-schema-graph\">{\"@context\":\"https:\/\/schema.org\",\"@graph\":[{\"@type\":\"WebPage\",\"@id\":\"https:\/\/meozen.com\/fr\/developpement-personnel\/communication-non-violente\/\",\"url\":\"https:\/\/meozen.com\/fr\/developpement-personnel\/communication-non-violente\/\",\"name\":\"La Communication Non Violente : d\u00e9finition, origines et bienfaits - Meozen\",\"isPartOf\":{\"@id\":\"https:\/\/meozen.com\/fr\/#website\"},\"primaryImageOfPage\":{\"@id\":\"https:\/\/meozen.com\/fr\/developpement-personnel\/communication-non-violente\/#primaryimage\"},\"image\":{\"@id\":\"https:\/\/meozen.com\/fr\/developpement-personnel\/communication-non-violente\/#primaryimage\"},\"thumbnailUrl\":\"https:\/\/meozen.com\/fr\/wp-content\/uploads\/sites\/2\/2023\/09\/communication-nonviolente-meozen.jpg\",\"datePublished\":\"2023-09-19T13:19:09+00:00\",\"dateModified\":\"2023-09-19T13:22:11+00:00\",\"description\":\"D\u00e9couvrez la Communication Non Violente (aussi appel\u00e9e CNV), ses origines et ses bienfaits, expliqu\u00e9e par une Psychopraticienne.\",\"breadcrumb\":{\"@id\":\"https:\/\/meozen.com\/fr\/developpement-personnel\/communication-non-violente\/#breadcrumb\"},\"inLanguage\":\"fr-FR\",\"potentialAction\":[{\"@type\":\"ReadAction\",\"target\":[\"https:\/\/meozen.com\/fr\/developpement-personnel\/communication-non-violente\/\"]}]},{\"@type\":\"ImageObject\",\"inLanguage\":\"fr-FR\",\"@id\":\"https:\/\/meozen.com\/fr\/developpement-personnel\/communication-non-violente\/#primaryimage\",\"url\":\"https:\/\/meozen.com\/fr\/wp-content\/uploads\/sites\/2\/2023\/09\/communication-nonviolente-meozen.jpg\",\"contentUrl\":\"https:\/\/meozen.com\/fr\/wp-content\/uploads\/sites\/2\/2023\/09\/communication-nonviolente-meozen.jpg\",\"width\":2240,\"height\":1260},{\"@type\":\"BreadcrumbList\",\"@id\":\"https:\/\/meozen.com\/fr\/developpement-personnel\/communication-non-violente\/#breadcrumb\",\"itemListElement\":[{\"@type\":\"ListItem\",\"position\":1,\"name\":\"Accueil\",\"item\":\"https:\/\/meozen.com\/fr\/\"},{\"@type\":\"ListItem\",\"position\":2,\"name\":\"D\u00e9veloppement Personnel\",\"item\":\"https:\/\/meozen.com\/fr\/developpement-personnel\/\"},{\"@type\":\"ListItem\",\"position\":3,\"name\":\"La Communication Non Violente : d\u00e9finition, origines et bienfaits\"}]},{\"@type\":\"WebSite\",\"@id\":\"https:\/\/meozen.com\/fr\/#website\",\"url\":\"https:\/\/meozen.com\/fr\/\",\"name\":\"Meozen - Votre portail bien-\u00eatre\",\"description\":\"D\u00e9couvrez tout l&#039;univers du bien-\u00eatre, yoga, m\u00e9ditation, trouvez les meilleures retraites et formations bien-\u00eatre\",\"publisher\":{\"@id\":\"https:\/\/meozen.com\/fr\/#organization\"},\"potentialAction\":[{\"@type\":\"SearchAction\",\"target\":{\"@type\":\"EntryPoint\",\"urlTemplate\":\"https:\/\/meozen.com\/fr\/?s={search_term_string}\"},\"query-input\":{\"@type\":\"PropertyValueSpecification\",\"valueRequired\":true,\"valueName\":\"search_term_string\"}}],\"inLanguage\":\"fr-FR\"},{\"@type\":\"Organization\",\"@id\":\"https:\/\/meozen.com\/fr\/#organization\",\"name\":\"Meozen\",\"url\":\"https:\/\/meozen.com\/fr\/\",\"logo\":{\"@type\":\"ImageObject\",\"inLanguage\":\"fr-FR\",\"@id\":\"https:\/\/meozen.com\/fr\/#\/schema\/logo\/image\/\",\"url\":\"https:\/\/meozen.com\/fr\/wp-content\/uploads\/sites\/2\/2021\/06\/logo-meozen-push.jpg\",\"contentUrl\":\"https:\/\/meozen.com\/fr\/wp-content\/uploads\/sites\/2\/2021\/06\/logo-meozen-push.jpg\",\"width\":384,\"height\":384,\"caption\":\"Meozen\"},\"image\":{\"@id\":\"https:\/\/meozen.com\/fr\/#\/schema\/logo\/image\/\"},\"sameAs\":[\"https:\/\/www.facebook.com\/MeozenFr\/\",\"https:\/\/www.pinterest.fr\/meozen_officiel\/\",\"https:\/\/www.instagram.com\/meozen_officiel\/\"]}]}<\/script>\n<!-- \/ Yoast SEO plugin. -->","yoast_head_json":{"title":"La Communication Non Violente : d\u00e9finition, origines et bienfaits - Meozen","description":"D\u00e9couvrez la Communication Non Violente (aussi appel\u00e9e CNV), ses origines et ses bienfaits, expliqu\u00e9e par une Psychopraticienne.","robots":{"index":"index","follow":"follow","max-snippet":"max-snippet:-1","max-image-preview":"max-image-preview:large","max-video-preview":"max-video-preview:-1"},"canonical":"https:\/\/meozen.com\/fr\/developpement-personnel\/communication-non-violente\/","og_locale":"fr_FR","og_type":"article","og_title":"La Communication Non Violente : d\u00e9finition, origines et bienfaits - Meozen","og_description":"D\u00e9couvrez la Communication Non Violente (aussi appel\u00e9e CNV), ses origines et ses bienfaits, expliqu\u00e9e par une Psychopraticienne.","og_url":"https:\/\/meozen.com\/fr\/developpement-personnel\/communication-non-violente\/","og_site_name":"Meozen - Votre portail bien-\u00eatre","article_publisher":"https:\/\/www.facebook.com\/MeozenFr\/","article_modified_time":"2023-09-19T13:22:11+00:00","og_image":[{"width":2240,"height":1260,"url":"https:\/\/meozen.com\/fr\/wp-content\/uploads\/sites\/2\/2023\/09\/communication-nonviolente-meozen.jpg","type":"image\/jpeg"}],"twitter_card":"summary_large_image","twitter_misc":{"Dur\u00e9e de lecture estim\u00e9e":"7 minutes"},"schema":{"@context":"https:\/\/schema.org","@graph":[{"@type":"WebPage","@id":"https:\/\/meozen.com\/fr\/developpement-personnel\/communication-non-violente\/","url":"https:\/\/meozen.com\/fr\/developpement-personnel\/communication-non-violente\/","name":"La Communication Non Violente : d\u00e9finition, origines et bienfaits - Meozen","isPartOf":{"@id":"https:\/\/meozen.com\/fr\/#website"},"primaryImageOfPage":{"@id":"https:\/\/meozen.com\/fr\/developpement-personnel\/communication-non-violente\/#primaryimage"},"image":{"@id":"https:\/\/meozen.com\/fr\/developpement-personnel\/communication-non-violente\/#primaryimage"},"thumbnailUrl":"https:\/\/meozen.com\/fr\/wp-content\/uploads\/sites\/2\/2023\/09\/communication-nonviolente-meozen.jpg","datePublished":"2023-09-19T13:19:09+00:00","dateModified":"2023-09-19T13:22:11+00:00","description":"D\u00e9couvrez la Communication Non Violente (aussi appel\u00e9e CNV), ses origines et ses bienfaits, expliqu\u00e9e par une Psychopraticienne.","breadcrumb":{"@id":"https:\/\/meozen.com\/fr\/developpement-personnel\/communication-non-violente\/#breadcrumb"},"inLanguage":"fr-FR","potentialAction":[{"@type":"ReadAction","target":["https:\/\/meozen.com\/fr\/developpement-personnel\/communication-non-violente\/"]}]},{"@type":"ImageObject","inLanguage":"fr-FR","@id":"https:\/\/meozen.com\/fr\/developpement-personnel\/communication-non-violente\/#primaryimage","url":"https:\/\/meozen.com\/fr\/wp-content\/uploads\/sites\/2\/2023\/09\/communication-nonviolente-meozen.jpg","contentUrl":"https:\/\/meozen.com\/fr\/wp-content\/uploads\/sites\/2\/2023\/09\/communication-nonviolente-meozen.jpg","width":2240,"height":1260},{"@type":"BreadcrumbList","@id":"https:\/\/meozen.com\/fr\/developpement-personnel\/communication-non-violente\/#breadcrumb","itemListElement":[{"@type":"ListItem","position":1,"name":"Accueil","item":"https:\/\/meozen.com\/fr\/"},{"@type":"ListItem","position":2,"name":"D\u00e9veloppement Personnel","item":"https:\/\/meozen.com\/fr\/developpement-personnel\/"},{"@type":"ListItem","position":3,"name":"La Communication Non Violente : d\u00e9finition, origines et bienfaits"}]},{"@type":"WebSite","@id":"https:\/\/meozen.com\/fr\/#website","url":"https:\/\/meozen.com\/fr\/","name":"Meozen - Votre portail bien-\u00eatre","description":"D\u00e9couvrez tout l&#039;univers du bien-\u00eatre, yoga, m\u00e9ditation, trouvez les meilleures retraites et formations bien-\u00eatre","publisher":{"@id":"https:\/\/meozen.com\/fr\/#organization"},"potentialAction":[{"@type":"SearchAction","target":{"@type":"EntryPoint","urlTemplate":"https:\/\/meozen.com\/fr\/?s={search_term_string}"},"query-input":{"@type":"PropertyValueSpecification","valueRequired":true,"valueName":"search_term_string"}}],"inLanguage":"fr-FR"},{"@type":"Organization","@id":"https:\/\/meozen.com\/fr\/#organization","name":"Meozen","url":"https:\/\/meozen.com\/fr\/","logo":{"@type":"ImageObject","inLanguage":"fr-FR","@id":"https:\/\/meozen.com\/fr\/#\/schema\/logo\/image\/","url":"https:\/\/meozen.com\/fr\/wp-content\/uploads\/sites\/2\/2021\/06\/logo-meozen-push.jpg","contentUrl":"https:\/\/meozen.com\/fr\/wp-content\/uploads\/sites\/2\/2021\/06\/logo-meozen-push.jpg","width":384,"height":384,"caption":"Meozen"},"image":{"@id":"https:\/\/meozen.com\/fr\/#\/schema\/logo\/image\/"},"sameAs":["https:\/\/www.facebook.com\/MeozenFr\/","https:\/\/www.pinterest.fr\/meozen_officiel\/","https:\/\/www.instagram.com\/meozen_officiel\/"]}]}},"_links":{"self":[{"href":"https:\/\/meozen.com\/fr\/wp-json\/wp\/v2\/pages\/7224","targetHints":{"allow":["GET"]}}],"collection":[{"href":"https:\/\/meozen.com\/fr\/wp-json\/wp\/v2\/pages"}],"about":[{"href":"https:\/\/meozen.com\/fr\/wp-json\/wp\/v2\/types\/page"}],"author":[{"embeddable":true,"href":"https:\/\/meozen.com\/fr\/wp-json\/wp\/v2\/users\/3"}],"replies":[{"embeddable":true,"href":"https:\/\/meozen.com\/fr\/wp-json\/wp\/v2\/comments?post=7224"}],"version-history":[{"count":0,"href":"https:\/\/meozen.com\/fr\/wp-json\/wp\/v2\/pages\/7224\/revisions"}],"up":[{"embeddable":true,"href":"https:\/\/meozen.com\/fr\/wp-json\/wp\/v2\/pages\/7234"}],"wp:featuredmedia":[{"embeddable":true,"href":"https:\/\/meozen.com\/fr\/wp-json\/wp\/v2\/media\/7236"}],"wp:attachment":[{"href":"https:\/\/meozen.com\/fr\/wp-json\/wp\/v2\/media?parent=7224"}],"curies":[{"name":"wp","href":"https:\/\/api.w.org\/{rel}","templated":true}]}}