{"id":7454,"date":"2023-10-09T22:00:00","date_gmt":"2023-10-09T20:00:00","guid":{"rendered":"https:\/\/meozen.com\/fr\/?page_id=7454"},"modified":"2023-10-09T22:00:00","modified_gmt":"2023-10-09T20:00:00","slug":"marie-derrien","status":"publish","type":"page","link":"https:\/\/meozen.com\/fr\/experts-bien-etre\/marie-derrien\/","title":{"rendered":"Marie Derrien &#8211; Professeure de Yoga"},"content":{"rendered":"\t\t<div data-elementor-type=\"wp-page\" data-elementor-id=\"7454\" class=\"elementor elementor-7454\" data-elementor-post-type=\"page\">\n\t\t\t\t\t\t<section class=\"elementor-section elementor-top-section elementor-element elementor-element-14f86dee elementor-section-boxed elementor-section-height-default elementor-section-height-default\" data-id=\"14f86dee\" data-element_type=\"section\" data-e-type=\"section\">\n\t\t\t\t\t\t<div class=\"elementor-container elementor-column-gap-default\">\n\t\t\t\t\t<div class=\"elementor-column elementor-col-100 elementor-top-column elementor-element elementor-element-41086ab\" data-id=\"41086ab\" data-element_type=\"column\" data-e-type=\"column\">\n\t\t\t<div class=\"elementor-widget-wrap elementor-element-populated\">\n\t\t\t\t\t\t<div class=\"elementor-element elementor-element-5825d1a9 elementor-align-center elementor-widget elementor-widget-breadcrumbs\" data-id=\"5825d1a9\" data-element_type=\"widget\" data-e-type=\"widget\" data-widget_type=\"breadcrumbs.default\">\n\t\t\t\t<div class=\"elementor-widget-container\">\n\t\t\t\t\t<p id=\"breadcrumbs\"><span><span><a href=\"https:\/\/meozen.com\/fr\/\">Accueil<\/a><\/span><\/span><\/p>\t\t\t\t<\/div>\n\t\t\t\t<\/div>\n\t\t\t\t\t<\/div>\n\t\t<\/div>\n\t\t\t\t\t<\/div>\n\t\t<\/section>\n\t\t\t\t<section class=\"elementor-section elementor-top-section elementor-element elementor-element-68b7f625 elementor-section-boxed elementor-section-height-default elementor-section-height-default\" data-id=\"68b7f625\" data-element_type=\"section\" data-e-type=\"section\">\n\t\t\t\t\t\t<div class=\"elementor-container elementor-column-gap-default\">\n\t\t\t\t\t<div class=\"elementor-column elementor-col-100 elementor-top-column elementor-element elementor-element-33a23cc2\" data-id=\"33a23cc2\" data-element_type=\"column\" data-e-type=\"column\">\n\t\t\t<div class=\"elementor-widget-wrap elementor-element-populated\">\n\t\t\t\t\t\t<section class=\"elementor-section elementor-inner-section elementor-element elementor-element-df4666b elementor-section-boxed elementor-section-height-default elementor-section-height-default\" data-id=\"df4666b\" data-element_type=\"section\" data-e-type=\"section\">\n\t\t\t\t\t\t<div class=\"elementor-container elementor-column-gap-default\">\n\t\t\t\t\t<div class=\"elementor-column elementor-col-50 elementor-inner-column elementor-element elementor-element-766dcca6\" data-id=\"766dcca6\" data-element_type=\"column\" data-e-type=\"column\">\n\t\t\t<div class=\"elementor-widget-wrap elementor-element-populated\">\n\t\t\t\t\t\t<div class=\"elementor-element elementor-element-1bd7dab9 elementor-widget__width-initial elementor-widget elementor-widget-theme-post-featured-image elementor-widget-image\" data-id=\"1bd7dab9\" data-element_type=\"widget\" data-e-type=\"widget\" data-widget_type=\"theme-post-featured-image.default\">\n\t\t\t\t<div class=\"elementor-widget-container\">\n\t\t\t\t\t\t\t\t\t\t\t\t\t\t\t<img decoding=\"async\" src=\"https:\/\/meozen.com\/fr\/wp-content\/uploads\/sites\/2\/elementor\/thumbs\/marie-derrien-meozen-qetnbfwwv0473y5fbfoch598ing0bgg3kuakg93y4o.jpg\" title=\"marie-derrien-meozen\" alt=\"marie-derrien-meozen\" loading=\"lazy\" \/>\t\t\t\t\t\t\t\t\t\t\t\t\t\t\t<\/div>\n\t\t\t\t<\/div>\n\t\t\t\t\t<\/div>\n\t\t<\/div>\n\t\t\t\t<div class=\"elementor-column elementor-col-50 elementor-inner-column elementor-element elementor-element-4b3a2e06\" data-id=\"4b3a2e06\" data-element_type=\"column\" data-e-type=\"column\">\n\t\t\t<div class=\"elementor-widget-wrap elementor-element-populated\">\n\t\t\t\t\t\t<div class=\"elementor-element elementor-element-5e40862c elementor-widget elementor-widget-theme-post-title elementor-page-title elementor-widget-heading\" data-id=\"5e40862c\" data-element_type=\"widget\" data-e-type=\"widget\" data-widget_type=\"theme-post-title.default\">\n\t\t\t\t<div class=\"elementor-widget-container\">\n\t\t\t\t\t<h1 class=\"elementor-heading-title elementor-size-default\">Marie Derrien &#8211; Professeure de Yoga<\/h1>\t\t\t\t<\/div>\n\t\t\t\t<\/div>\n\t\t\t\t\t<\/div>\n\t\t<\/div>\n\t\t\t\t\t<\/div>\n\t\t<\/section>\n\t\t\t\t\t<\/div>\n\t\t<\/div>\n\t\t\t\t\t<\/div>\n\t\t<\/section>\n\t\t\t\t<section class=\"elementor-section elementor-top-section elementor-element elementor-element-5b629996 elementor-section-boxed elementor-section-height-default elementor-section-height-default\" data-id=\"5b629996\" data-element_type=\"section\" data-e-type=\"section\">\n\t\t\t\t\t\t<div class=\"elementor-container elementor-column-gap-default\">\n\t\t\t\t\t<div class=\"elementor-column elementor-col-100 elementor-top-column elementor-element elementor-element-2f7b4a09\" data-id=\"2f7b4a09\" data-element_type=\"column\" data-e-type=\"column\">\n\t\t\t<div class=\"elementor-widget-wrap elementor-element-populated\">\n\t\t\t\t\t\t<div class=\"elementor-element elementor-element-14b77ebf elementor-widget elementor-widget-text-editor\" data-id=\"14b77ebf\" data-element_type=\"widget\" data-e-type=\"widget\" data-widget_type=\"text-editor.default\">\n\t\t\t\t<div class=\"elementor-widget-container\">\n\t\t\t\t\t\t\t\t\t<p><span style=\"letter-spacing: 0px;\">Marie Derrien, professeure de yoga, certifi\u00e9e yoga vinyasa et yin.\u00a0<\/span><\/p><p><span style=\"letter-spacing: 0px;\">Ancienne gymnaste, sp\u00e9cialis\u00e9e dans l&rsquo;accompagnement physique et mental des sportifs professionnels et amateurs par le yoga.\u00a0<\/span><\/p><p><span style=\"letter-spacing: 0px;\">Enseignante \u00e0 Paris et en ligne. Cours priv\u00e9 et collectif en visioconf\u00e9rence, \u00e0 domicile, en entreprise, en club sportif et en studio de <a class=\"wpil_keyword_link\" href=\"https:\/\/meozen.com\/fr\/yoga\/\"   title=\"yoga\" data-wpil-keyword-link=\"linked\">yoga<\/a>.\u00a0<\/span><\/p><p><span style=\"letter-spacing: 0px;\">\u00c9galement praticienne massage tha\u00ef \u00e0 domicile.\u00a0<\/span><\/p><div>\u00a0<\/div><div>Instagram\u00a0pour prise de contact :<br \/><a href=\"https:\/\/www.instagram.com\/marie.derrien.yoga\/\" target=\"_blank\" rel=\"noopener\">https:\/\/www.instagram.com\/marie.derrien.yoga\/<\/a><br \/><br \/><\/div><p>D\u00e9couvrir aussi :<\/p><div><a style=\"background-color: #ffffff; letter-spacing: 0px;\" href=\"https:\/\/derrienmarie4.systeme.io\/80e3ed28\" target=\"_blank\" rel=\"noopener\">Guide du yoga pour sportif<\/a><\/div><div>\u00a0<\/div><div>Pour plus d&rsquo;infos :<br \/><a style=\"background-color: #ffffff; letter-spacing: 0px;\" href=\"https:\/\/www.mariederrienyoga.com\/\" target=\"_blank\" rel=\"noopener\">https:\/\/www.mariederrienyoga.com\/<\/a><\/div>\t\t\t\t\t\t\t\t<\/div>\n\t\t\t\t<\/div>\n\t\t\t\t<div class=\"elementor-element elementor-element-3953885f elementor-widget elementor-widget-heading\" data-id=\"3953885f\" data-element_type=\"widget\" data-e-type=\"widget\" data-widget_type=\"heading.default\">\n\t\t\t\t<div class=\"elementor-widget-container\">\n\t\t\t\t\t<h2 class=\"elementor-heading-title elementor-size-default\">Ses articles sur Meozen<\/h2>\t\t\t\t<\/div>\n\t\t\t\t<\/div>\n\t\t\t\t<div class=\"elementor-element elementor-element-30354599 elementor-widget elementor-widget-text-editor\" data-id=\"30354599\" data-element_type=\"widget\" data-e-type=\"widget\" data-widget_type=\"text-editor.default\">\n\t\t\t\t<div class=\"elementor-widget-container\">\n\t\t\t\t\t\t\t\t\t<ul><li><a href=\"https:\/\/meozen.com\/fr\/yoga\/yoga-et-sport\/\" target=\"_blank\" rel=\"noopener\">Yoga et sport : pourquoi et comment int\u00e9grer le yoga dans sa pratique sportive ?<\/a><\/li><\/ul>\t\t\t\t\t\t\t\t<\/div>\n\t\t\t\t<\/div>\n\t\t\t\t\t<\/div>\n\t\t<\/div>\n\t\t\t\t\t<\/div>\n\t\t<\/section>\n\t\t\t\t<\/div>\n\t\t","protected":false},"excerpt":{"rendered":"<p>Marie Derrien, professeure de yoga, certifi\u00e9e yoga vinyasa et yin. Ancienne gymnaste, sp\u00e9cialis\u00e9e dans l&rsquo;accompagnement physique et mental des sportifs professionnels et amateurs par le yoga. Enseignante \u00e0 Paris et en ligne. Cours priv\u00e9 et collectif en visioconf\u00e9rence, \u00e0 domicile, en entreprise, en club sportif et en studio de yoga. \u00c9galement praticienne massage tha\u00ef \u00e0 [&hellip;]<\/p>\n","protected":false},"author":3,"featured_media":7457,"parent":2414,"menu_order":0,"comment_status":"closed","ping_status":"closed","template":"","meta":{"_mo_disable_npp":"","footnotes":""},"class_list":["post-7454","page","type-page","status-publish","has-post-thumbnail","hentry"],"yoast_head":"<!-- This site is optimized with the Yoast SEO plugin v26.8 - https:\/\/yoast.com\/product\/yoast-seo-wordpress\/ -->\n<title>Marie Derrien - Professeure de Yoga - Meozen<\/title>\n<meta name=\"robots\" content=\"index, follow, max-snippet:-1, max-image-preview:large, max-video-preview:-1\" \/>\n<link rel=\"canonical\" href=\"https:\/\/meozen.com\/fr\/experts-bien-etre\/marie-derrien\/\" \/>\n<meta property=\"og:locale\" content=\"fr_FR\" \/>\n<meta property=\"og:type\" content=\"article\" \/>\n<meta property=\"og:title\" content=\"Marie Derrien - Professeure de Yoga - Meozen\" \/>\n<meta property=\"og:description\" content=\"Marie Derrien, professeure de yoga, certifi\u00e9e yoga vinyasa et yin. Ancienne gymnaste, sp\u00e9cialis\u00e9e dans l&rsquo;accompagnement physique et mental des sportifs professionnels et amateurs par le yoga. Enseignante \u00e0 Paris et en ligne. Cours priv\u00e9 et collectif en visioconf\u00e9rence, \u00e0 domicile, en entreprise, en club sportif et en studio de yoga. \u00c9galement praticienne massage tha\u00ef \u00e0 [&hellip;]\" \/>\n<meta property=\"og:url\" content=\"https:\/\/meozen.com\/fr\/experts-bien-etre\/marie-derrien\/\" \/>\n<meta property=\"og:site_name\" content=\"Meozen - Votre portail bien-\u00eatre\" \/>\n<meta property=\"article:publisher\" content=\"https:\/\/www.facebook.com\/MeozenFr\/\" \/>\n<meta property=\"og:image\" content=\"https:\/\/meozen.com\/fr\/wp-content\/uploads\/sites\/2\/2023\/10\/marie-derrien-meozen.jpg\" \/>\n\t<meta property=\"og:image:width\" content=\"953\" \/>\n\t<meta property=\"og:image:height\" content=\"960\" \/>\n\t<meta property=\"og:image:type\" content=\"image\/jpeg\" \/>\n<meta name=\"twitter:card\" content=\"summary_large_image\" \/>\n<meta name=\"twitter:label1\" content=\"Dur\u00e9e de lecture estim\u00e9e\" \/>\n\t<meta name=\"twitter:data1\" content=\"1 minute\" \/>\n<script type=\"application\/ld+json\" class=\"yoast-schema-graph\">{\"@context\":\"https:\/\/schema.org\",\"@graph\":[{\"@type\":\"WebPage\",\"@id\":\"https:\/\/meozen.com\/fr\/experts-bien-etre\/marie-derrien\/\",\"url\":\"https:\/\/meozen.com\/fr\/experts-bien-etre\/marie-derrien\/\",\"name\":\"Marie Derrien - Professeure de Yoga - Meozen\",\"isPartOf\":{\"@id\":\"https:\/\/meozen.com\/fr\/#website\"},\"primaryImageOfPage\":{\"@id\":\"https:\/\/meozen.com\/fr\/experts-bien-etre\/marie-derrien\/#primaryimage\"},\"image\":{\"@id\":\"https:\/\/meozen.com\/fr\/experts-bien-etre\/marie-derrien\/#primaryimage\"},\"thumbnailUrl\":\"https:\/\/meozen.com\/fr\/wp-content\/uploads\/sites\/2\/2023\/10\/marie-derrien-meozen.jpg\",\"datePublished\":\"2023-10-09T20:00:00+00:00\",\"breadcrumb\":{\"@id\":\"https:\/\/meozen.com\/fr\/experts-bien-etre\/marie-derrien\/#breadcrumb\"},\"inLanguage\":\"fr-FR\",\"potentialAction\":[{\"@type\":\"ReadAction\",\"target\":[\"https:\/\/meozen.com\/fr\/experts-bien-etre\/marie-derrien\/\"]}]},{\"@type\":\"ImageObject\",\"inLanguage\":\"fr-FR\",\"@id\":\"https:\/\/meozen.com\/fr\/experts-bien-etre\/marie-derrien\/#primaryimage\",\"url\":\"https:\/\/meozen.com\/fr\/wp-content\/uploads\/sites\/2\/2023\/10\/marie-derrien-meozen.jpg\",\"contentUrl\":\"https:\/\/meozen.com\/fr\/wp-content\/uploads\/sites\/2\/2023\/10\/marie-derrien-meozen.jpg\",\"width\":953,\"height\":960},{\"@type\":\"BreadcrumbList\",\"@id\":\"https:\/\/meozen.com\/fr\/experts-bien-etre\/marie-derrien\/#breadcrumb\",\"itemListElement\":[{\"@type\":\"ListItem\",\"position\":1,\"name\":\"Accueil\",\"item\":\"https:\/\/meozen.com\/fr\/\"},{\"@type\":\"ListItem\",\"position\":2,\"name\":\"Experts bien-\u00eatre\",\"item\":\"https:\/\/meozen.com\/fr\/experts-bien-etre\/\"},{\"@type\":\"ListItem\",\"position\":3,\"name\":\"Marie Derrien &#8211; Professeure de Yoga\"}]},{\"@type\":\"WebSite\",\"@id\":\"https:\/\/meozen.com\/fr\/#website\",\"url\":\"https:\/\/meozen.com\/fr\/\",\"name\":\"Meozen - Votre portail bien-\u00eatre\",\"description\":\"D\u00e9couvrez tout l&#039;univers du bien-\u00eatre, yoga, m\u00e9ditation, trouvez les meilleures retraites et formations bien-\u00eatre\",\"publisher\":{\"@id\":\"https:\/\/meozen.com\/fr\/#organization\"},\"potentialAction\":[{\"@type\":\"SearchAction\",\"target\":{\"@type\":\"EntryPoint\",\"urlTemplate\":\"https:\/\/meozen.com\/fr\/?s={search_term_string}\"},\"query-input\":{\"@type\":\"PropertyValueSpecification\",\"valueRequired\":true,\"valueName\":\"search_term_string\"}}],\"inLanguage\":\"fr-FR\"},{\"@type\":\"Organization\",\"@id\":\"https:\/\/meozen.com\/fr\/#organization\",\"name\":\"Meozen\",\"url\":\"https:\/\/meozen.com\/fr\/\",\"logo\":{\"@type\":\"ImageObject\",\"inLanguage\":\"fr-FR\",\"@id\":\"https:\/\/meozen.com\/fr\/#\/schema\/logo\/image\/\",\"url\":\"https:\/\/meozen.com\/fr\/wp-content\/uploads\/sites\/2\/2021\/06\/logo-meozen-push.jpg\",\"contentUrl\":\"https:\/\/meozen.com\/fr\/wp-content\/uploads\/sites\/2\/2021\/06\/logo-meozen-push.jpg\",\"width\":384,\"height\":384,\"caption\":\"Meozen\"},\"image\":{\"@id\":\"https:\/\/meozen.com\/fr\/#\/schema\/logo\/image\/\"},\"sameAs\":[\"https:\/\/www.facebook.com\/MeozenFr\/\",\"https:\/\/www.pinterest.fr\/meozen_officiel\/\",\"https:\/\/www.instagram.com\/meozen_officiel\/\"]}]}<\/script>\n<!-- \/ Yoast SEO plugin. -->","yoast_head_json":{"title":"Marie Derrien - Professeure de Yoga - Meozen","robots":{"index":"index","follow":"follow","max-snippet":"max-snippet:-1","max-image-preview":"max-image-preview:large","max-video-preview":"max-video-preview:-1"},"canonical":"https:\/\/meozen.com\/fr\/experts-bien-etre\/marie-derrien\/","og_locale":"fr_FR","og_type":"article","og_title":"Marie Derrien - Professeure de Yoga - Meozen","og_description":"Marie Derrien, professeure de yoga, certifi\u00e9e yoga vinyasa et yin. Ancienne gymnaste, sp\u00e9cialis\u00e9e dans l&rsquo;accompagnement physique et mental des sportifs professionnels et amateurs par le yoga. Enseignante \u00e0 Paris et en ligne. Cours priv\u00e9 et collectif en visioconf\u00e9rence, \u00e0 domicile, en entreprise, en club sportif et en studio de yoga. \u00c9galement praticienne massage tha\u00ef \u00e0 [&hellip;]","og_url":"https:\/\/meozen.com\/fr\/experts-bien-etre\/marie-derrien\/","og_site_name":"Meozen - Votre portail bien-\u00eatre","article_publisher":"https:\/\/www.facebook.com\/MeozenFr\/","og_image":[{"width":953,"height":960,"url":"https:\/\/meozen.com\/fr\/wp-content\/uploads\/sites\/2\/2023\/10\/marie-derrien-meozen.jpg","type":"image\/jpeg"}],"twitter_card":"summary_large_image","twitter_misc":{"Dur\u00e9e de lecture estim\u00e9e":"1 minute"},"schema":{"@context":"https:\/\/schema.org","@graph":[{"@type":"WebPage","@id":"https:\/\/meozen.com\/fr\/experts-bien-etre\/marie-derrien\/","url":"https:\/\/meozen.com\/fr\/experts-bien-etre\/marie-derrien\/","name":"Marie Derrien - Professeure de Yoga - Meozen","isPartOf":{"@id":"https:\/\/meozen.com\/fr\/#website"},"primaryImageOfPage":{"@id":"https:\/\/meozen.com\/fr\/experts-bien-etre\/marie-derrien\/#primaryimage"},"image":{"@id":"https:\/\/meozen.com\/fr\/experts-bien-etre\/marie-derrien\/#primaryimage"},"thumbnailUrl":"https:\/\/meozen.com\/fr\/wp-content\/uploads\/sites\/2\/2023\/10\/marie-derrien-meozen.jpg","datePublished":"2023-10-09T20:00:00+00:00","breadcrumb":{"@id":"https:\/\/meozen.com\/fr\/experts-bien-etre\/marie-derrien\/#breadcrumb"},"inLanguage":"fr-FR","potentialAction":[{"@type":"ReadAction","target":["https:\/\/meozen.com\/fr\/experts-bien-etre\/marie-derrien\/"]}]},{"@type":"ImageObject","inLanguage":"fr-FR","@id":"https:\/\/meozen.com\/fr\/experts-bien-etre\/marie-derrien\/#primaryimage","url":"https:\/\/meozen.com\/fr\/wp-content\/uploads\/sites\/2\/2023\/10\/marie-derrien-meozen.jpg","contentUrl":"https:\/\/meozen.com\/fr\/wp-content\/uploads\/sites\/2\/2023\/10\/marie-derrien-meozen.jpg","width":953,"height":960},{"@type":"BreadcrumbList","@id":"https:\/\/meozen.com\/fr\/experts-bien-etre\/marie-derrien\/#breadcrumb","itemListElement":[{"@type":"ListItem","position":1,"name":"Accueil","item":"https:\/\/meozen.com\/fr\/"},{"@type":"ListItem","position":2,"name":"Experts bien-\u00eatre","item":"https:\/\/meozen.com\/fr\/experts-bien-etre\/"},{"@type":"ListItem","position":3,"name":"Marie Derrien &#8211; Professeure de Yoga"}]},{"@type":"WebSite","@id":"https:\/\/meozen.com\/fr\/#website","url":"https:\/\/meozen.com\/fr\/","name":"Meozen - Votre portail bien-\u00eatre","description":"D\u00e9couvrez tout l&#039;univers du bien-\u00eatre, yoga, m\u00e9ditation, trouvez les meilleures retraites et formations bien-\u00eatre","publisher":{"@id":"https:\/\/meozen.com\/fr\/#organization"},"potentialAction":[{"@type":"SearchAction","target":{"@type":"EntryPoint","urlTemplate":"https:\/\/meozen.com\/fr\/?s={search_term_string}"},"query-input":{"@type":"PropertyValueSpecification","valueRequired":true,"valueName":"search_term_string"}}],"inLanguage":"fr-FR"},{"@type":"Organization","@id":"https:\/\/meozen.com\/fr\/#organization","name":"Meozen","url":"https:\/\/meozen.com\/fr\/","logo":{"@type":"ImageObject","inLanguage":"fr-FR","@id":"https:\/\/meozen.com\/fr\/#\/schema\/logo\/image\/","url":"https:\/\/meozen.com\/fr\/wp-content\/uploads\/sites\/2\/2021\/06\/logo-meozen-push.jpg","contentUrl":"https:\/\/meozen.com\/fr\/wp-content\/uploads\/sites\/2\/2021\/06\/logo-meozen-push.jpg","width":384,"height":384,"caption":"Meozen"},"image":{"@id":"https:\/\/meozen.com\/fr\/#\/schema\/logo\/image\/"},"sameAs":["https:\/\/www.facebook.com\/MeozenFr\/","https:\/\/www.pinterest.fr\/meozen_officiel\/","https:\/\/www.instagram.com\/meozen_officiel\/"]}]}},"_links":{"self":[{"href":"https:\/\/meozen.com\/fr\/wp-json\/wp\/v2\/pages\/7454","targetHints":{"allow":["GET"]}}],"collection":[{"href":"https:\/\/meozen.com\/fr\/wp-json\/wp\/v2\/pages"}],"about":[{"href":"https:\/\/meozen.com\/fr\/wp-json\/wp\/v2\/types\/page"}],"author":[{"embeddable":true,"href":"https:\/\/meozen.com\/fr\/wp-json\/wp\/v2\/users\/3"}],"replies":[{"embeddable":true,"href":"https:\/\/meozen.com\/fr\/wp-json\/wp\/v2\/comments?post=7454"}],"version-history":[{"count":0,"href":"https:\/\/meozen.com\/fr\/wp-json\/wp\/v2\/pages\/7454\/revisions"}],"up":[{"embeddable":true,"href":"https:\/\/meozen.com\/fr\/wp-json\/wp\/v2\/pages\/2414"}],"wp:featuredmedia":[{"embeddable":true,"href":"https:\/\/meozen.com\/fr\/wp-json\/wp\/v2\/media\/7457"}],"wp:attachment":[{"href":"https:\/\/meozen.com\/fr\/wp-json\/wp\/v2\/media?parent=7454"}],"curies":[{"name":"wp","href":"https:\/\/api.w.org\/{rel}","templated":true}]}}