{"id":8022,"date":"2025-03-05T14:57:13","date_gmt":"2025-03-05T13:57:13","guid":{"rendered":"https:\/\/meozen.com\/fr\/?page_id=8022"},"modified":"2025-03-11T10:55:26","modified_gmt":"2025-03-11T09:55:26","slug":"sonotherapie","status":"publish","type":"page","link":"https:\/\/meozen.com\/fr\/sonotherapie\/","title":{"rendered":"La sonoth\u00e9rapie : un voyage sonore vers le bien-\u00eatre"},"content":{"rendered":"\n<p>La <strong>sonoth\u00e9rapie<\/strong>, \u00e9galement connue sous les noms de <strong>th\u00e9rapie sonore<\/strong>, <strong>yoga du son<\/strong> ou <strong>bain sonore<\/strong>, est une pratique th\u00e9rapeutique qui utilise les vibrations sonores pour favoriser la relaxation, l&rsquo;\u00e9quilibre et le bien-\u00eatre. Fond\u00e9e sur le principe que <strong>le son peut influencer notre \u00e9tat physique et mental<\/strong>, cette m\u00e9thode ancestrale conna\u00eet aujourd&rsquo;hui un regain d&rsquo;int\u00e9r\u00eat significatif, tant aupr\u00e8s du grand public que dans le milieu du bien-\u00eatre.<\/p>\n\n\n\n<h2 class=\"wp-block-heading\">Principes fondamentaux de la sonoth\u00e9rapie<\/h2>\n\n\n\n<p>La sonoth\u00e9rapie repose sur l&rsquo;utilisation des vibrations sonores qui traversent le corps humain. Compos\u00e9 \u00e0 70-80% d&rsquo;eau, notre organisme est un excellent conducteur de ces vibrations qui se propagent \u00e0 travers nos cellules jusqu&rsquo;\u00e0 nos os. Cette&nbsp;<strong>m\u00e9decine douce<\/strong>&nbsp;vise \u00e0 r\u00e9\u00e9quilibrer le champ \u00e9lectromagn\u00e9tique naturel du corps et \u00e0 lib\u00e9rer les tensions accumul\u00e9es. Les sons graves ont tendance \u00e0 influencer davantage le bas du corps, tandis que les sons aigus agissent plut\u00f4t sur le haut du corps.<\/p>\n\n\n\n<h2 class=\"wp-block-heading\">Les instruments de la sonoth\u00e9rapie<\/h2>\n\n\n\n<p>Le sonoth\u00e9rapeute dispose d&rsquo;une <strong>vari\u00e9t\u00e9 d&rsquo;instruments sp\u00e9cifiques<\/strong>, chacun produisant des fr\u00e9quences vibratoires particuli\u00e8res adapt\u00e9es aux besoins de chaque personne. Ces outils th\u00e9rapeutiques sont riches en harmoniques et permettent de travailler aussi bien sur le corps physique que sur le syst\u00e8me nerveux ou les \u00e9motions.<\/p>\n\n\n\n<ul class=\"wp-block-list\">\n<li><strong><a href=\"https:\/\/meozen.com\/fr\/sonotherapie\/bienfaits-bol-tibetain\/\">Bols tib\u00e9tains<\/a><\/strong>&nbsp;(ou bols chantants) : induisent un \u00e9tat de relaxation profonde<\/li>\n\n\n\n<li><strong>Bols de cristal<\/strong>&nbsp;: cr\u00e9ent des sons purs et cristallins<\/li>\n\n\n\n<li><strong><a href=\"https:\/\/meozen.com\/fr\/sonotherapie\/gongs-tibetains\/\">Gongs<\/a><\/strong>&nbsp;: produisent des vibrations puissantes<\/li>\n\n\n\n<li><strong><a href=\"https:\/\/meozen.com\/fr\/sonotherapie\/bienfaits-diapasons-therapeutiques\/\">Diapasons<\/a><\/strong>&nbsp;: \u00e9mettent des fr\u00e9quences pr\u00e9cises<\/li>\n\n\n\n<li><strong><a href=\"https:\/\/meozen.com\/fr\/sonotherapie\/carillon\/\">Carillons<\/a><\/strong>&nbsp;: g\u00e9n\u00e8rent des sons d\u00e9licats<\/li>\n\n\n\n<li><strong>Tambours<\/strong>&nbsp;: cr\u00e9ent des rythmes apaisants<\/li>\n\n\n\n<li><strong>Voix<\/strong>&nbsp;: utilis\u00e9e pour le chant harmonique<\/li>\n\n\n\n<li><strong><a href=\"https:\/\/meozen.com\/fr\/sonotherapie\/baton-de-pluie-yoga\/\">B\u00e2tons de pluie<\/a><\/strong>&nbsp;: produisent des sons \u00e9voquant la nature<\/li>\n<\/ul>\n\n\n\n<figure class=\"wp-block-image size-large\"><img fetchpriority=\"high\" decoding=\"async\" width=\"943\" height=\"1024\" src=\"https:\/\/meozen.com\/fr\/wp-content\/uploads\/sites\/2\/2025\/03\/effets-therapeutiques-instruments-sonotherapie-meozen-943x1024.png\" alt=\"Organigramme illustrant les effets th\u00e9rapeutiques des instruments de musique. Coffret central marqu\u00e9 &quot;Instruments de musique&quot; avec lignes reliant huit coffrets : Voix, B\u00e2tons de pluie, Bols tib\u00e9tains, Bols de cristal, Diapasons, Gongs, Carillons koshis, Tambours.\" class=\"wp-image-8084\" srcset=\"https:\/\/meozen.com\/fr\/wp-content\/uploads\/sites\/2\/2025\/03\/effets-therapeutiques-instruments-sonotherapie-meozen-943x1024.png 943w, https:\/\/meozen.com\/fr\/wp-content\/uploads\/sites\/2\/2025\/03\/effets-therapeutiques-instruments-sonotherapie-meozen-276x300.png 276w, https:\/\/meozen.com\/fr\/wp-content\/uploads\/sites\/2\/2025\/03\/effets-therapeutiques-instruments-sonotherapie-meozen-768x834.png 768w, https:\/\/meozen.com\/fr\/wp-content\/uploads\/sites\/2\/2025\/03\/effets-therapeutiques-instruments-sonotherapie-meozen-990x1075.png 990w, https:\/\/meozen.com\/fr\/wp-content\/uploads\/sites\/2\/2025\/03\/effets-therapeutiques-instruments-sonotherapie-meozen-441x479.png 441w, https:\/\/meozen.com\/fr\/wp-content\/uploads\/sites\/2\/2025\/03\/effets-therapeutiques-instruments-sonotherapie-meozen-800x869.png 800w, https:\/\/meozen.com\/fr\/wp-content\/uploads\/sites\/2\/2025\/03\/effets-therapeutiques-instruments-sonotherapie-meozen-150x163.png 150w, https:\/\/meozen.com\/fr\/wp-content\/uploads\/sites\/2\/2025\/03\/effets-therapeutiques-instruments-sonotherapie-meozen.png 1396w\" sizes=\"(max-width: 943px) 100vw, 943px\" \/><\/figure>\n\n\n\n<h2 class=\"wp-block-heading\">D\u00e9roulement d&rsquo;une s\u00e9ance type<\/h2>\n\n\n\n<p>Bien que chaque praticien ait sa propre approche, une s\u00e9ance individuelle de sonoth\u00e9rapie suit g\u00e9n\u00e9ralement un sch\u00e9ma similaire. Elle d\u00e9bute par un temps d&rsquo;\u00e9change d&rsquo;environ 15 minutes durant lequel le th\u00e9rapeute s&rsquo;informe des besoins et de l&rsquo;\u00e9tat physique et psychique de la personne. <strong>Le soin proprement dit dure environ 45 minutes<\/strong>, dans un lieu propice \u00e0 la relaxation profonde. La personne est allong\u00e9e sur le dos ou sur le ventre, sur une table de massage ou un futon, et les instruments sont dispos\u00e9s autour d&rsquo;elle ou pos\u00e9s directement sur son corps selon les besoins identifi\u00e9s.<\/p>\n\n\n\n<p>Les vibrations sonores se propagent alors dans l&rsquo;organisme, d\u00e9bloquant les zones de tension et induisant un \u00e9tat de profonde relaxation. \u00c0 la fin de la s\u00e9ance, un temps de repos est accord\u00e9 pour permettre \u00e0 la personne de revenir progressivement \u00e0 un \u00e9tat de conscience ordinaire, l&rsquo;exp\u00e9rience pouvant \u00eatre v\u00e9cue comme un moment hors du temps.<\/p>\n\n\n\n<h3 class=\"wp-block-heading\">Les s\u00e9ances collectives<\/h3>\n\n\n\n<p>Il existe \u00e9galement des s\u00e9ances collectives. Dans ce cadre, les instruments ne sont pas pos\u00e9s directement sur le corps des participants mais jou\u00e9s dans l&rsquo;espace environnant, cr\u00e9ant une ambiance immersive. Ces sessions s&rsquo;apparentent davantage \u00e0 des concerts vibratoires ax\u00e9s sur le mieux-\u00eatre et la d\u00e9connexion.<\/p>\n\n\n\n<figure class=\"wp-block-embed is-type-video is-provider-youtube wp-block-embed-youtube wp-embed-aspect-16-9 wp-has-aspect-ratio\"><div class=\"wp-block-embed__wrapper\">\n<div class=\"video-container\"><iframe title=\"Sonoth\u00e9rapie : les sons du bien-\u00eatre\" width=\"1170\" height=\"658\" src=\"https:\/\/www.youtube.com\/embed\/yZciAXUN-7Q?feature=oembed\" frameborder=\"0\" allow=\"accelerometer; autoplay; clipboard-write; encrypted-media; gyroscope; picture-in-picture; web-share\" referrerpolicy=\"strict-origin-when-cross-origin\" allowfullscreen><\/iframe><\/div>\n<\/div><\/figure>\n\n\n\n<h2 class=\"wp-block-heading\">Bienfaits scientifiquement reconnus<\/h2>\n\n\n\n<p>Longtemps consid\u00e9r\u00e9e comme une pratique \u00e9sot\u00e9rique, <strong>la sonoth\u00e9rapie attire d\u00e9sormais l&rsquo;attention de la communaut\u00e9 scientifique<\/strong>. Les \u00e9tudes r\u00e9centes confirment plusieurs de ses bienfaits potentiels, notamment dans le cadre de la gestion de la douleur et du stress.<\/p>\n\n\n\n<figure class=\"wp-block-table\"><table class=\"has-fixed-layout\"><tbody><tr><th>Bienfaits physiques<\/th><th>Bienfaits psychologiques<\/th><\/tr><tr><td>R\u00e9duction des tensions musculaires<\/td><td>Diminution du stress et de l&rsquo;anxi\u00e9t\u00e9<\/td><\/tr><tr><td>Stimulation du syst\u00e8me immunitaire<\/td><td>Am\u00e9lioration de la concentration<\/td><\/tr><tr><td>Soulagement des douleurs chroniques<\/td><td>\u00c9quilibre \u00e9motionnel<\/td><\/tr><tr><td>Am\u00e9lioration de la qualit\u00e9 du sommeil<\/td><td>Facilitation du l\u00e2cher-prise<\/td><\/tr><tr><td>R\u00e9duction des inflammations<\/td><td>Lib\u00e9ration des charges \u00e9motionnelles<\/td><\/tr><\/tbody><\/table><\/figure>\n\n\n\n<p><a href=\"https:\/\/dumas.ccsd.cnrs.fr\/dumas-04087801v1\">Une \u00e9tude men\u00e9e sur 40 patientes atteintes de fibromyalgie<\/a> a notamment d\u00e9montr\u00e9 que trois s\u00e9ances de sonoth\u00e9rapie utilisant des diapasons, espac\u00e9es d&rsquo;une semaine, produisaient des r\u00e9sultats tr\u00e8s positifs dans l&rsquo;att\u00e9nuation de la douleur, avec un effet sup\u00e9rieur \u00e0 celui de la relaxation seule. Les vibrations sonores stimulent les r\u00e9cepteurs cutan\u00e9s qui transmettent ces stimuli \u00e0 la moelle \u00e9pini\u00e8re et au cerveau, d\u00e9clenchant la lib\u00e9ration d&rsquo;hormones b\u00e9n\u00e9fiques comme la s\u00e9rotonine, la dopamine et l&rsquo;ocytocine.<\/p>\n\n\n\n<h2 class=\"wp-block-heading\">Applications m\u00e9dicales \u00e9mergentes<\/h2>\n\n\n\n<p>La sonoth\u00e9rapie trouve progressivement sa place en milieu hospitalier sous diff\u00e9rentes formes. Certains \u00e9tablissements l&rsquo;utilisent comme soin de support dans les services de soins palliatifs, tandis que d&rsquo;autres \u00e9valuent son efficacit\u00e9 dans des contextes de cardiologie ou de canc\u00e9rologie.<\/p>\n\n\n\n<h3 class=\"wp-block-heading\">La th\u00e9rapie Snoezelen<\/h3>\n\n\n\n<p>D\u00e9velopp\u00e9e aux Pays-Bas dans les ann\u00e9es 1970, la <a href=\"https:\/\/snoezelen-france.fr\/snoezelen\/presentation-du-concept-snoezelen\">th\u00e9rapie Snoezelen<\/a> est une forme de sonoth\u00e9rapie immersive d\u00e9sormais pr\u00e9sente dans certains h\u00f4pitaux. Elle se d\u00e9roule dans des espaces sp\u00e9cialement am\u00e9nag\u00e9s, \u00e9clair\u00e9s par une lumi\u00e8re douce et accompagn\u00e9s d&rsquo;une musique apaisante. Cette approche sollicite les cinq sens pour stimuler ou d\u00e9tendre les patients, et s&rsquo;av\u00e8re particuli\u00e8rement b\u00e9n\u00e9fique pour les personnes pr\u00e9sentant des handicaps sensoriels.<\/p>\n\n\n\n<h2 class=\"wp-block-heading\">Pour qui et quelles contre-indications?<\/h2>\n\n\n\n<p>La sonoth\u00e9rapie s&rsquo;adresse \u00e0 un large public, des enfants aux adultes, et s&rsquo;adapte \u00e0 diverses conditions physiques, psychiques et \u00e9motionnelles. L&rsquo;intensit\u00e9 vibratoire est ajust\u00e9e en fonction du profil de chaque personne. Elle est particuli\u00e8rement indiqu\u00e9e pour les personnes souffrant de stress, d&rsquo;anxi\u00e9t\u00e9, de douleurs chroniques ou traversant des p\u00e9riodes \u00e9motionnellement difficiles.<\/p>\n\n\n\n<p>Cependant, quelques&nbsp;<strong>contre-indications<\/strong>&nbsp;existent. La sonoth\u00e9rapie est d\u00e9conseill\u00e9e aux femmes enceintes de moins de 3 mois, aux personnes portant un stimulateur cardiaque (pacemaker) et aux personnes souffrant d&rsquo;\u00e9pilepsie. Il est \u00e9galement important de rappeler que cette pratique ne remplace pas les traitements m\u00e9dicaux conventionnels mais peut les compl\u00e9ter efficacement.<\/p>\n\n\n\n<h2 class=\"wp-block-heading\">Conclusion<\/h2>\n\n\n\n<p>La sonoth\u00e9rapie repr\u00e9sente une approche holistique du bien-\u00eatre qui gagne en reconnaissance pour ses effets b\u00e9n\u00e9fiques sur la sant\u00e9 physique et mentale. \u00c0 l&rsquo;intersection entre tradition ancestrale et recherche moderne, elle offre une voie non m\u00e9dicamenteuse pour g\u00e9rer le stress, les douleurs et les d\u00e9s\u00e9quilibres \u00e9motionnels. Pour ceux qui cherchent une m\u00e9thode naturelle de relaxation profonde et de reconnexion \u00e0 soi, la sonoth\u00e9rapie constitue une exp\u00e9rience sensorielle unique, accessible et de plus en plus reconnue.<\/p>\n\n\n\t\t<div data-elementor-type=\"section\" data-elementor-id=\"8111\" class=\"elementor elementor-8111\" data-elementor-post-type=\"elementor_library\">\n\t\t\t\t\t<section class=\"elementor-section elementor-inner-section elementor-element elementor-element-8245ffd elementor-section-boxed elementor-section-height-default elementor-section-height-default\" data-id=\"8245ffd\" data-element_type=\"section\" data-e-type=\"section\">\n\t\t\t\t\t\t<div class=\"elementor-container elementor-column-gap-default\">\n\t\t\t\t\t<div class=\"elementor-column elementor-col-100 elementor-inner-column elementor-element elementor-element-506f4445\" data-id=\"506f4445\" data-element_type=\"column\" data-e-type=\"column\" data-settings=\"{&quot;background_background&quot;:&quot;classic&quot;}\">\n\t\t\t<div class=\"elementor-widget-wrap elementor-element-populated\">\n\t\t\t\t\t\t<div class=\"elementor-element elementor-element-459bb8af elementor-widget elementor-widget-heading\" data-id=\"459bb8af\" data-element_type=\"widget\" data-e-type=\"widget\" data-widget_type=\"heading.default\">\n\t\t\t\t<div class=\"elementor-widget-container\">\n\t\t\t\t\t<h5 class=\"elementor-heading-title elementor-size-default\">Tout savoir sur la sonoth\u00e9rapie \ud83e\uddd8\ud83c\udffc\u200d\u2640\ufe0f<\/h5>\t\t\t\t<\/div>\n\t\t\t\t<\/div>\n\t\t\t\t<div class=\"elementor-element elementor-element-6b53ff6a more-info elementor-widget elementor-widget-text-editor\" data-id=\"6b53ff6a\" data-element_type=\"widget\" data-e-type=\"widget\" data-widget_type=\"text-editor.default\">\n\t\t\t\t<div class=\"elementor-widget-container\">\n\t\t\t\t\t\t\t\t\t<ul><li><a style=\"color: #000000; text-decoration: underline;\" href=\"https:\/\/meozen.com\/fr\/sonotherapie\/\" aria-label=\"\u00ab\u00a0La sonoth\u00e9rapie : un voyage sonore vers le bien-\u00eatre\u00a0\u00bb (Modifier)\">La sonoth\u00e9rapie : un voyage sonore vers le bien-\u00eatre<\/a><\/li><li><a style=\"color: #000000; text-decoration: underline;\" href=\"https:\/\/meozen.com\/fr\/sonotherapie\/bain-sonore\/\">Bain Sonore : tout savoir avec Meozen<\/a><\/li><li><a style=\"color: #000000; text-decoration: underline;\" href=\"https:\/\/meozen.com\/fr\/sonotherapie\/gongs-tibetains\/\">Les gongs tib\u00e9tains en sonoth\u00e9rapie<\/a><\/li><li><a style=\"color: #000000; text-decoration: underline;\" href=\"https:\/\/meozen.com\/fr\/sonotherapie\/bienfaits-bol-tibetain\/\">Les bienfaits du bol tib\u00e9tain<\/a><\/li><li><a style=\"color: #000000; text-decoration: underline;\" href=\"https:\/\/meozen.com\/fr\/sonotherapie\/bienfaits-diapasons-therapeutiques\/ \">Les bienfaits des diapasons th\u00e9rapeutiques sur la sant\u00e9<\/a><\/li><li><a style=\"color: #000000; text-decoration: underline;\" href=\"https:\/\/meozen.com\/fr\/sonotherapie\/kalimba-yoga\/\">Les bienfaits du Kalimba en sonoth\u00e9rapie<\/a><\/li><li><a style=\"color: #000000; text-decoration: underline;\" href=\"https:\/\/meozen.com\/fr\/sonotherapie\/carillon\/\">Le carillon en sonoth\u00e9rapie<\/a><\/li><li><a style=\"color: #000000; text-decoration: underline;\" href=\"https:\/\/meozen.com\/fr\/sonotherapie\/handpan-yoga-meditation\/\">Le handpan en yoga et m\u00e9ditation<\/a><\/li><li><a style=\"color: #000000; text-decoration: underline;\" href=\"https:\/\/meozen.com\/fr\/sonotherapie\/baton-de-pluie-yoga\/\">Baton de pluie en sonoth\u00e9rapie<\/a><\/li><\/ul>\t\t\t\t\t\t\t\t<\/div>\n\t\t\t\t<\/div>\n\t\t\t\t\t<\/div>\n\t\t<\/div>\n\t\t\t\t\t<\/div>\n\t\t<\/section>\n\t\t\t\t<\/div>\n\t\t\n\n\n\n<p><\/p>\n","protected":false},"excerpt":{"rendered":"<p>La sonoth\u00e9rapie, \u00e9galement connue sous les noms de th\u00e9rapie sonore, yoga du son ou bain sonore, est une pratique th\u00e9rapeutique qui utilise les vibrations sonores pour favoriser la relaxation, l&rsquo;\u00e9quilibre et le bien-\u00eatre. Fond\u00e9e sur le principe que le son peut influencer notre \u00e9tat physique et mental, cette m\u00e9thode ancestrale conna\u00eet aujourd&rsquo;hui un regain d&rsquo;int\u00e9r\u00eat [&hellip;]<\/p>\n","protected":false},"author":3,"featured_media":8083,"parent":0,"menu_order":0,"comment_status":"closed","ping_status":"closed","template":"","meta":{"_mo_disable_npp":"","footnotes":""},"class_list":["post-8022","page","type-page","status-publish","has-post-thumbnail","hentry"],"yoast_head":"<!-- This site is optimized with the Yoast SEO plugin v26.8 - https:\/\/yoast.com\/product\/yoast-seo-wordpress\/ -->\n<title>La sonoth\u00e9rapie : un voyage sonore vers le bien-\u00eatre - Meozen<\/title>\n<meta name=\"description\" content=\"D\u00e9couvrez l&#039;univers de la sonoth\u00e9rapie avec Meozen. D\u00e9roulement d&#039;une s\u00e9ances, instruments, bienfaits et plus encore.\" \/>\n<meta name=\"robots\" content=\"index, follow, max-snippet:-1, max-image-preview:large, max-video-preview:-1\" \/>\n<link rel=\"canonical\" href=\"https:\/\/meozen.com\/fr\/sonotherapie\/\" \/>\n<meta property=\"og:locale\" content=\"fr_FR\" \/>\n<meta property=\"og:type\" content=\"article\" \/>\n<meta property=\"og:title\" content=\"La sonoth\u00e9rapie : un voyage sonore vers le bien-\u00eatre - Meozen\" \/>\n<meta property=\"og:description\" content=\"D\u00e9couvrez l&#039;univers de la sonoth\u00e9rapie avec Meozen. D\u00e9roulement d&#039;une s\u00e9ances, instruments, bienfaits et plus encore.\" \/>\n<meta property=\"og:url\" content=\"https:\/\/meozen.com\/fr\/sonotherapie\/\" \/>\n<meta property=\"og:site_name\" content=\"Meozen - Votre portail bien-\u00eatre\" \/>\n<meta property=\"article:publisher\" content=\"https:\/\/www.facebook.com\/MeozenFr\/\" \/>\n<meta property=\"article:modified_time\" content=\"2025-03-11T09:55:26+00:00\" \/>\n<meta property=\"og:image\" content=\"https:\/\/meozen.com\/fr\/wp-content\/uploads\/sites\/2\/2025\/03\/sonotherapie-meozen.jpg\" \/>\n\t<meta property=\"og:image:width\" content=\"1200\" \/>\n\t<meta property=\"og:image:height\" content=\"800\" \/>\n\t<meta property=\"og:image:type\" content=\"image\/jpeg\" \/>\n<meta name=\"twitter:card\" content=\"summary_large_image\" \/>\n<meta name=\"twitter:label1\" content=\"Dur\u00e9e de lecture estim\u00e9e\" \/>\n\t<meta name=\"twitter:data1\" content=\"6 minutes\" \/>\n<script type=\"application\/ld+json\" class=\"yoast-schema-graph\">{\"@context\":\"https:\/\/schema.org\",\"@graph\":[{\"@type\":\"WebPage\",\"@id\":\"https:\/\/meozen.com\/fr\/sonotherapie\/\",\"url\":\"https:\/\/meozen.com\/fr\/sonotherapie\/\",\"name\":\"La sonoth\u00e9rapie : un voyage sonore vers le bien-\u00eatre - Meozen\",\"isPartOf\":{\"@id\":\"https:\/\/meozen.com\/fr\/#website\"},\"primaryImageOfPage\":{\"@id\":\"https:\/\/meozen.com\/fr\/sonotherapie\/#primaryimage\"},\"image\":{\"@id\":\"https:\/\/meozen.com\/fr\/sonotherapie\/#primaryimage\"},\"thumbnailUrl\":\"https:\/\/meozen.com\/fr\/wp-content\/uploads\/sites\/2\/2025\/03\/sonotherapie-meozen.jpg\",\"datePublished\":\"2025-03-05T13:57:13+00:00\",\"dateModified\":\"2025-03-11T09:55:26+00:00\",\"description\":\"D\u00e9couvrez l'univers de la sonoth\u00e9rapie avec Meozen. D\u00e9roulement d'une s\u00e9ances, instruments, bienfaits et plus encore.\",\"breadcrumb\":{\"@id\":\"https:\/\/meozen.com\/fr\/sonotherapie\/#breadcrumb\"},\"inLanguage\":\"fr-FR\",\"potentialAction\":[{\"@type\":\"ReadAction\",\"target\":[\"https:\/\/meozen.com\/fr\/sonotherapie\/\"]}]},{\"@type\":\"ImageObject\",\"inLanguage\":\"fr-FR\",\"@id\":\"https:\/\/meozen.com\/fr\/sonotherapie\/#primaryimage\",\"url\":\"https:\/\/meozen.com\/fr\/wp-content\/uploads\/sites\/2\/2025\/03\/sonotherapie-meozen.jpg\",\"contentUrl\":\"https:\/\/meozen.com\/fr\/wp-content\/uploads\/sites\/2\/2025\/03\/sonotherapie-meozen.jpg\",\"width\":1200,\"height\":800,\"caption\":\"Un homme debout joue du gong avec des maillets dans une pi\u00e8ce calme. Une femme est assise en tailleur et m\u00e9dite. Deux personnes sont allong\u00e9es sur le sol sous des couvertures. Divers instruments de musique, dont des bols, sont dispos\u00e9s autour d'elles. Le texte dit : \u00ab Sonoth\u00e9rapie : un voyage sonore.\"},{\"@type\":\"BreadcrumbList\",\"@id\":\"https:\/\/meozen.com\/fr\/sonotherapie\/#breadcrumb\",\"itemListElement\":[{\"@type\":\"ListItem\",\"position\":1,\"name\":\"Accueil\",\"item\":\"https:\/\/meozen.com\/fr\/\"},{\"@type\":\"ListItem\",\"position\":2,\"name\":\"La sonoth\u00e9rapie : un voyage sonore vers le bien-\u00eatre\"}]},{\"@type\":\"WebSite\",\"@id\":\"https:\/\/meozen.com\/fr\/#website\",\"url\":\"https:\/\/meozen.com\/fr\/\",\"name\":\"Meozen - Votre portail bien-\u00eatre\",\"description\":\"D\u00e9couvrez tout l&#039;univers du bien-\u00eatre, yoga, m\u00e9ditation, trouvez les meilleures retraites et formations bien-\u00eatre\",\"publisher\":{\"@id\":\"https:\/\/meozen.com\/fr\/#organization\"},\"potentialAction\":[{\"@type\":\"SearchAction\",\"target\":{\"@type\":\"EntryPoint\",\"urlTemplate\":\"https:\/\/meozen.com\/fr\/?s={search_term_string}\"},\"query-input\":{\"@type\":\"PropertyValueSpecification\",\"valueRequired\":true,\"valueName\":\"search_term_string\"}}],\"inLanguage\":\"fr-FR\"},{\"@type\":\"Organization\",\"@id\":\"https:\/\/meozen.com\/fr\/#organization\",\"name\":\"Meozen\",\"url\":\"https:\/\/meozen.com\/fr\/\",\"logo\":{\"@type\":\"ImageObject\",\"inLanguage\":\"fr-FR\",\"@id\":\"https:\/\/meozen.com\/fr\/#\/schema\/logo\/image\/\",\"url\":\"https:\/\/meozen.com\/fr\/wp-content\/uploads\/sites\/2\/2021\/06\/logo-meozen-push.jpg\",\"contentUrl\":\"https:\/\/meozen.com\/fr\/wp-content\/uploads\/sites\/2\/2021\/06\/logo-meozen-push.jpg\",\"width\":384,\"height\":384,\"caption\":\"Meozen\"},\"image\":{\"@id\":\"https:\/\/meozen.com\/fr\/#\/schema\/logo\/image\/\"},\"sameAs\":[\"https:\/\/www.facebook.com\/MeozenFr\/\",\"https:\/\/www.pinterest.fr\/meozen_officiel\/\",\"https:\/\/www.instagram.com\/meozen_officiel\/\"]}]}<\/script>\n<!-- \/ Yoast SEO plugin. -->","yoast_head_json":{"title":"La sonoth\u00e9rapie : un voyage sonore vers le bien-\u00eatre - Meozen","description":"D\u00e9couvrez l'univers de la sonoth\u00e9rapie avec Meozen. D\u00e9roulement d'une s\u00e9ances, instruments, bienfaits et plus encore.","robots":{"index":"index","follow":"follow","max-snippet":"max-snippet:-1","max-image-preview":"max-image-preview:large","max-video-preview":"max-video-preview:-1"},"canonical":"https:\/\/meozen.com\/fr\/sonotherapie\/","og_locale":"fr_FR","og_type":"article","og_title":"La sonoth\u00e9rapie : un voyage sonore vers le bien-\u00eatre - Meozen","og_description":"D\u00e9couvrez l'univers de la sonoth\u00e9rapie avec Meozen. D\u00e9roulement d'une s\u00e9ances, instruments, bienfaits et plus encore.","og_url":"https:\/\/meozen.com\/fr\/sonotherapie\/","og_site_name":"Meozen - Votre portail bien-\u00eatre","article_publisher":"https:\/\/www.facebook.com\/MeozenFr\/","article_modified_time":"2025-03-11T09:55:26+00:00","og_image":[{"width":1200,"height":800,"url":"https:\/\/meozen.com\/fr\/wp-content\/uploads\/sites\/2\/2025\/03\/sonotherapie-meozen.jpg","type":"image\/jpeg"}],"twitter_card":"summary_large_image","twitter_misc":{"Dur\u00e9e de lecture estim\u00e9e":"6 minutes"},"schema":{"@context":"https:\/\/schema.org","@graph":[{"@type":"WebPage","@id":"https:\/\/meozen.com\/fr\/sonotherapie\/","url":"https:\/\/meozen.com\/fr\/sonotherapie\/","name":"La sonoth\u00e9rapie : un voyage sonore vers le bien-\u00eatre - Meozen","isPartOf":{"@id":"https:\/\/meozen.com\/fr\/#website"},"primaryImageOfPage":{"@id":"https:\/\/meozen.com\/fr\/sonotherapie\/#primaryimage"},"image":{"@id":"https:\/\/meozen.com\/fr\/sonotherapie\/#primaryimage"},"thumbnailUrl":"https:\/\/meozen.com\/fr\/wp-content\/uploads\/sites\/2\/2025\/03\/sonotherapie-meozen.jpg","datePublished":"2025-03-05T13:57:13+00:00","dateModified":"2025-03-11T09:55:26+00:00","description":"D\u00e9couvrez l'univers de la sonoth\u00e9rapie avec Meozen. D\u00e9roulement d'une s\u00e9ances, instruments, bienfaits et plus encore.","breadcrumb":{"@id":"https:\/\/meozen.com\/fr\/sonotherapie\/#breadcrumb"},"inLanguage":"fr-FR","potentialAction":[{"@type":"ReadAction","target":["https:\/\/meozen.com\/fr\/sonotherapie\/"]}]},{"@type":"ImageObject","inLanguage":"fr-FR","@id":"https:\/\/meozen.com\/fr\/sonotherapie\/#primaryimage","url":"https:\/\/meozen.com\/fr\/wp-content\/uploads\/sites\/2\/2025\/03\/sonotherapie-meozen.jpg","contentUrl":"https:\/\/meozen.com\/fr\/wp-content\/uploads\/sites\/2\/2025\/03\/sonotherapie-meozen.jpg","width":1200,"height":800,"caption":"Un homme debout joue du gong avec des maillets dans une pi\u00e8ce calme. Une femme est assise en tailleur et m\u00e9dite. Deux personnes sont allong\u00e9es sur le sol sous des couvertures. Divers instruments de musique, dont des bols, sont dispos\u00e9s autour d'elles. Le texte dit : \u00ab Sonoth\u00e9rapie : un voyage sonore."},{"@type":"BreadcrumbList","@id":"https:\/\/meozen.com\/fr\/sonotherapie\/#breadcrumb","itemListElement":[{"@type":"ListItem","position":1,"name":"Accueil","item":"https:\/\/meozen.com\/fr\/"},{"@type":"ListItem","position":2,"name":"La sonoth\u00e9rapie : un voyage sonore vers le bien-\u00eatre"}]},{"@type":"WebSite","@id":"https:\/\/meozen.com\/fr\/#website","url":"https:\/\/meozen.com\/fr\/","name":"Meozen - Votre portail bien-\u00eatre","description":"D\u00e9couvrez tout l&#039;univers du bien-\u00eatre, yoga, m\u00e9ditation, trouvez les meilleures retraites et formations bien-\u00eatre","publisher":{"@id":"https:\/\/meozen.com\/fr\/#organization"},"potentialAction":[{"@type":"SearchAction","target":{"@type":"EntryPoint","urlTemplate":"https:\/\/meozen.com\/fr\/?s={search_term_string}"},"query-input":{"@type":"PropertyValueSpecification","valueRequired":true,"valueName":"search_term_string"}}],"inLanguage":"fr-FR"},{"@type":"Organization","@id":"https:\/\/meozen.com\/fr\/#organization","name":"Meozen","url":"https:\/\/meozen.com\/fr\/","logo":{"@type":"ImageObject","inLanguage":"fr-FR","@id":"https:\/\/meozen.com\/fr\/#\/schema\/logo\/image\/","url":"https:\/\/meozen.com\/fr\/wp-content\/uploads\/sites\/2\/2021\/06\/logo-meozen-push.jpg","contentUrl":"https:\/\/meozen.com\/fr\/wp-content\/uploads\/sites\/2\/2021\/06\/logo-meozen-push.jpg","width":384,"height":384,"caption":"Meozen"},"image":{"@id":"https:\/\/meozen.com\/fr\/#\/schema\/logo\/image\/"},"sameAs":["https:\/\/www.facebook.com\/MeozenFr\/","https:\/\/www.pinterest.fr\/meozen_officiel\/","https:\/\/www.instagram.com\/meozen_officiel\/"]}]}},"_links":{"self":[{"href":"https:\/\/meozen.com\/fr\/wp-json\/wp\/v2\/pages\/8022","targetHints":{"allow":["GET"]}}],"collection":[{"href":"https:\/\/meozen.com\/fr\/wp-json\/wp\/v2\/pages"}],"about":[{"href":"https:\/\/meozen.com\/fr\/wp-json\/wp\/v2\/types\/page"}],"author":[{"embeddable":true,"href":"https:\/\/meozen.com\/fr\/wp-json\/wp\/v2\/users\/3"}],"replies":[{"embeddable":true,"href":"https:\/\/meozen.com\/fr\/wp-json\/wp\/v2\/comments?post=8022"}],"version-history":[{"count":5,"href":"https:\/\/meozen.com\/fr\/wp-json\/wp\/v2\/pages\/8022\/revisions"}],"predecessor-version":[{"id":8131,"href":"https:\/\/meozen.com\/fr\/wp-json\/wp\/v2\/pages\/8022\/revisions\/8131"}],"wp:featuredmedia":[{"embeddable":true,"href":"https:\/\/meozen.com\/fr\/wp-json\/wp\/v2\/media\/8083"}],"wp:attachment":[{"href":"https:\/\/meozen.com\/fr\/wp-json\/wp\/v2\/media?parent=8022"}],"curies":[{"name":"wp","href":"https:\/\/api.w.org\/{rel}","templated":true}]}}