{"id":8269,"date":"2025-04-11T15:30:40","date_gmt":"2025-04-11T13:30:40","guid":{"rendered":"https:\/\/meozen.com\/fr\/?page_id=8269"},"modified":"2025-04-11T15:30:58","modified_gmt":"2025-04-11T13:30:58","slug":"prana-mudra","status":"publish","type":"page","link":"https:\/\/meozen.com\/fr\/mudras\/prana-mudra\/","title":{"rendered":"Les bienfaits du Prana Mudra pour votre bien-\u00eatre"},"content":{"rendered":"\n<h2 class=\"wp-block-heading\">Qu&rsquo;est-ce que le Prana Mudra ?<\/h2>\n\n\n\n<p>Le Prana Mudra est un geste sacr\u00e9 des mains, ou \u00ab\u00a0sceau\u00a0\u00bb, utilis\u00e9 pendant la pratique du yoga et de la m\u00e9ditation pour canaliser le flux d&rsquo;\u00e9nergie vitale, connue sous le nom de prana. \u00c9galement appel\u00e9 \u00ab\u00a0sceau de la force vitale\u00a0\u00bb, ce <a href=\"https:\/\/meozen.com\/fr\/mudras\/\">mudra<\/a> est sp\u00e9cifiquement utilis\u00e9 pour activer l&rsquo;\u00e9nergie dormante dans le corps subtil, tout en \u00e9quilibrant les \u00e9l\u00e9ments de terre, d&rsquo;eau et de feu dans le corps physique.<\/p>\n\n\n\n<p>Selon les textes anciens comme le Hatha Yoga Pradipika, Lord Shiva a r\u00e9v\u00e9l\u00e9 que la pratique des diff\u00e9rents mudras conf\u00e8re au pratiquant huit formes de richesse divine, peut retarder le vieillissement et m\u00eame vaincre la mort. Ces mudras ont \u00e9t\u00e9 v\u00e9n\u00e9r\u00e9s par tous les chercheurs spirituels accomplis (siddhas) et sont rest\u00e9s secrets pendant longtemps.<\/p>\n\n\n\n<figure class=\"wp-block-embed is-type-video is-provider-youtube wp-block-embed-youtube wp-embed-aspect-16-9 wp-has-aspect-ratio\"><div class=\"wp-block-embed__wrapper\">\n<div class=\"video-container\"><iframe title=\"Prana Mudra for Balanced Energy | How, Why &amp; When to use this Hand Gesture in your Yoga Practice\" width=\"1170\" height=\"658\" src=\"https:\/\/www.youtube.com\/embed\/rOoTnDN6sKQ?feature=oembed\" frameborder=\"0\" allow=\"accelerometer; autoplay; clipboard-write; encrypted-media; gyroscope; picture-in-picture; web-share\" referrerpolicy=\"strict-origin-when-cross-origin\" allowfullscreen><\/iframe><\/div>\n<\/div><\/figure>\n\n\n\n<p><\/p>\n\n\n\n<h2 class=\"wp-block-heading\">Comment pratiquer le Prana Mudra<\/h2>\n\n\n\n<p>La pratique du Prana Mudra est relativement simple :<\/p>\n\n\n\n<ul class=\"wp-block-list\">\n<li>Asseyez-vous dans une posture stable et confortable comme sukhasana (posture facile) ou padmasana (posture du lotus)<\/li>\n\n\n\n<li>Joignez le bout du petit doigt, de l&rsquo;annulaire et du pouce<\/li>\n\n\n\n<li>L&rsquo;index et le majeur restent tendus<\/li>\n\n\n\n<li>Tournez la paume vers le haut<\/li>\n\n\n\n<li>Pratiquez g\u00e9n\u00e9ralement avec les deux mains<\/li>\n\n\n\n<li>Maintenez cette position pendant 30 \u00e0 45 minutes pour des b\u00e9n\u00e9fices maximaux<\/li>\n<\/ul>\n\n\n\n<p>Vous pouvez diviser cette pratique en trois sessions plus courtes de 10 \u00e0 15 minutes chacune si cela vous convient mieux.<\/p>\n\n\n\n<h3 class=\"wp-block-heading\">Le meilleur moment pour pratiquer<\/h3>\n\n\n\n<p>L&rsquo;un des grands avantages des mudras est qu&rsquo;ils peuvent \u00eatre pratiqu\u00e9s n&rsquo;importe o\u00f9 et \u00e0 tout moment. Cependant, pour optimiser les effets du Prana Mudra :<\/p>\n\n\n\n<ul class=\"wp-block-list\">\n<li>Le meilleur moment est le matin, \u00e0 jeun<\/li>\n\n\n\n<li>Si vous le pratiquez \u00e0 un autre moment de la journ\u00e9e, assurez-vous de le faire au moins une heure apr\u00e8s avoir mang\u00e9<\/li>\n\n\n\n<li>La pratique sera plus efficace si votre esprit est d\u00e9j\u00e0 calme, donc m\u00e9diter avant peut donner de meilleurs r\u00e9sultats<\/li>\n\n\n\n<li>Si vous n&rsquo;avez pas le temps de m\u00e9diter, prenez quelques respirations profondes avant de commencer<\/li>\n<\/ul>\n\n\n\n<h2 class=\"wp-block-heading\">La signification des cinq doigts et les \u00e9l\u00e9ments<\/h2>\n\n\n\n<p>Dans la tradition yogique, nos cinq doigts repr\u00e9sentent les cinq \u00e9l\u00e9ments qui forment la cr\u00e9ation :<\/p>\n\n\n\n<ul class=\"wp-block-list\">\n<li>Le pouce repr\u00e9sente agni (feu)<\/li>\n\n\n\n<li>L&rsquo;index repr\u00e9sente vayu (air)<\/li>\n\n\n\n<li>Le majeur repr\u00e9sente akasha (\u00e9ther)<\/li>\n\n\n\n<li>L&rsquo;annulaire repr\u00e9sente prithvi (terre)<\/li>\n\n\n\n<li>Le petit doigt repr\u00e9sente jala (eau)<\/li>\n<\/ul>\n\n\n\n<p>Dans le Prana Mudra, nous connectons le pouce (feu), l&rsquo;annulaire (terre) et le petit doigt (eau). Le d\u00e9s\u00e9quilibre de ces trois \u00e9l\u00e9ments cr\u00e9e un d\u00e9s\u00e9quilibre du Vata Dosha dans notre corps. La pratique r\u00e9guli\u00e8re du Prana Mudra aide \u00e0 \u00e9liminer ce d\u00e9s\u00e9quilibre et ses effets.<\/p>\n\n\n\n<h2 class=\"wp-block-heading\">Les bienfaits du Prana Mudra<\/h2>\n\n\n\n<h3 class=\"wp-block-heading\">Effets sur les doshas<\/h3>\n\n\n\n<p>Selon l&rsquo;Ayurveda, ce mudra augmente le dosha kapha et diminue le dosha pitta. Par cons\u00e9quent, il ne devrait pas \u00eatre pratiqu\u00e9 par ceux qui ont un exc\u00e8s de kapha. Le Prana Mudra stimule \u00e9galement le prana vayu, l&rsquo;une des cinq subdivisions du prana, principalement active dans la t\u00eate et la poitrine, responsable de la perception sensorielle et de l&rsquo;inhalation.<\/p>\n\n\n\n<h3 class=\"wp-block-heading\">Bienfaits pour la sant\u00e9 physique<\/h3>\n\n\n\n<ul class=\"wp-block-list\">\n<li><strong>Boost d&rsquo;\u00e9nergie :<\/strong>&nbsp;R\u00e9duit la fatigue et la paresse dans le corps<\/li>\n\n\n\n<li><strong>Renforce l&rsquo;immunit\u00e9 :<\/strong>&nbsp;L&rsquo;augmentation du flux d&rsquo;\u00e9nergie aide \u00e0 maintenir le syst\u00e8me immunitaire en bon \u00e9tat<\/li>\n\n\n\n<li><strong>Am\u00e9liore la circulation :<\/strong>&nbsp;\u00c9limine les impuret\u00e9s dans le sang et am\u00e9liore le flux sanguin<\/li>\n\n\n\n<li><strong>B\u00e9n\u00e9fices pour les yeux :<\/strong>&nbsp;Peut am\u00e9liorer la vision et aider \u00e0 traiter diverses affections oculaires comme les yeux rouges, les yeux secs et la cataracte<\/li>\n\n\n\n<li><strong>Soulage l&rsquo;arthrite :<\/strong>&nbsp;En augmentant l&rsquo;\u00e9nergie kapha, il aide \u00e0 lubrifier les articulations<\/li>\n\n\n\n<li><strong>Contr\u00f4le l&rsquo;hypertension :<\/strong>&nbsp;Aide \u00e0 maintenir la pression art\u00e9rielle sous contr\u00f4le<\/li>\n\n\n\n<li><strong>Ralentit le vieillissement pr\u00e9matur\u00e9 :<\/strong>&nbsp;Gr\u00e2ce \u00e0 une meilleure circulation et \u00e0 l&rsquo;\u00e9quilibre des \u00e9nergies<\/li>\n<\/ul>\n\n\n\n<h3 class=\"wp-block-heading\">Bienfaits pour la sant\u00e9 mentale<\/h3>\n\n\n\n<ul class=\"wp-block-list\">\n<li><strong>Calme l&rsquo;esprit :<\/strong>&nbsp;En r\u00e9duisant l&rsquo;\u00e9l\u00e9ment Feu dans le corps, il diminue les tensions mentales, la col\u00e8re, l&rsquo;agitation et l&rsquo;inqui\u00e9tude<\/li>\n\n\n\n<li><strong>Am\u00e9liore la concentration et la clart\u00e9 :<\/strong>&nbsp;L&rsquo;effet relaxant et revitalisant du mudra am\u00e9liore la conscience, la concentration et la productivit\u00e9<\/li>\n\n\n\n<li><strong>Renforce la confiance en soi :<\/strong>&nbsp;Diminue la nervosit\u00e9 et aide \u00e0 am\u00e9liorer la confiance en soi<\/li>\n\n\n\n<li><strong>R\u00e9duit l&rsquo;insomnie :<\/strong>&nbsp;Une pratique r\u00e9guli\u00e8re aide \u00e0 soigner les sympt\u00f4mes d&rsquo;insomnie en apaisant le syst\u00e8me nerveux<\/li>\n\n\n\n<li><strong>Apporte stabilit\u00e9 et \u00e9quilibre :<\/strong>&nbsp;Aide \u00e0 gu\u00e9rir les troubles du sommeil ou de l&rsquo;alimentation<\/li>\n<\/ul>\n\n\n\n<h3 class=\"wp-block-heading\">Autres bienfaits<\/h3>\n\n\n\n<ul class=\"wp-block-list\">\n<li>Facilite la gu\u00e9rison des ulc\u00e8res, des douleurs articulaires et de l&rsquo;hypertension<\/li>\n\n\n\n<li>Soulage les sensations de br\u00fblure dans l&rsquo;estomac et la gorge<\/li>\n\n\n\n<li>Aide \u00e0 traiter les \u00e9ruptions cutan\u00e9es et l&rsquo;acidit\u00e9<\/li>\n\n\n\n<li>R\u00e9duit les carences dues au manque de vitamines essentielles (A-K)<\/li>\n<\/ul>\n\n\n\n<h2 class=\"wp-block-heading\">Pr\u00e9cautions et contre-indications<\/h2>\n\n\n\n<p>Bien que les bienfaits du Prana Mudra soient nombreux, certaines pr\u00e9cautions doivent \u00eatre prises :<\/p>\n\n\n\n<ul class=\"wp-block-list\">\n<li>Les personnes ayant d\u00e9j\u00e0 un corps \u00e0 dominance kapha devraient consulter un professeur de <a class=\"wpil_keyword_link\" href=\"https:\/\/meozen.com\/fr\/yoga\/\"   title=\"yoga\" data-wpil-keyword-link=\"linked\">yoga<\/a> avant d&rsquo;essayer cette pratique<\/li>\n\n\n\n<li>\u00c9vitez cette pratique si vous souffrez de toux ou de rhume, et reprenez-la apr\u00e8s gu\u00e9rison compl\u00e8te de l&rsquo;allergie ou de la grippe<\/li>\n\n\n\n<li>Les femmes enceintes ou les jeunes m\u00e8res devraient \u00e9viter de pratiquer le Prana Mudra, car l&rsquo;augmentation de la chaleur dans le corps pendant cette p\u00e9riode peut cr\u00e9er plus de d\u00e9s\u00e9quilibre<\/li>\n\n\n\n<li>Les personnes ayant une vie physiquement tr\u00e8s active, y compris les sportifs, devraient y aller doucement ou demander conseil \u00e0 un professeur de yoga<\/li>\n<\/ul>\n\n\n\n<h2 class=\"wp-block-heading\">Conclusion<\/h2>\n\n\n\n<p>Le Prana Mudra est l&rsquo;un des mudras les plus importants en raison de sa capacit\u00e9 \u00e0 activer l&rsquo;\u00e9nergie dormante dans votre corps. Simple \u00e0 pratiquer, il offre de nombreux bienfaits pour la sant\u00e9 physique et mentale. En l&rsquo;int\u00e9grant \u00e0 votre routine quotidienne, vous pouvez am\u00e9liorer votre vitalit\u00e9, renforcer votre syst\u00e8me immunitaire et cultiver un \u00e9tat d&rsquo;esprit plus calme et \u00e9quilibr\u00e9.<\/p>\n\n\n\n<p>Commencez par de courtes sessions et augmentez progressivement la dur\u00e9e pour ressentir pleinement les effets b\u00e9n\u00e9fiques de ce puissant mudra. N&rsquo;oubliez pas que la constance est la cl\u00e9 pour obtenir des r\u00e9sultats durables dans toute pratique yogique.<\/p>\n","protected":false},"excerpt":{"rendered":"<p>Qu&rsquo;est-ce que le Prana Mudra ? Le Prana Mudra est un geste sacr\u00e9 des mains, ou \u00ab\u00a0sceau\u00a0\u00bb, utilis\u00e9 pendant la pratique du yoga et de la m\u00e9ditation pour canaliser le flux d&rsquo;\u00e9nergie vitale, connue sous le nom de prana. \u00c9galement appel\u00e9 \u00ab\u00a0sceau de la force vitale\u00a0\u00bb, ce mudra est sp\u00e9cifiquement utilis\u00e9 pour activer l&rsquo;\u00e9nergie dormante [&hellip;]<\/p>\n","protected":false},"author":1,"featured_media":8272,"parent":8230,"menu_order":0,"comment_status":"closed","ping_status":"closed","template":"","meta":{"_mo_disable_npp":"","footnotes":""},"class_list":["post-8269","page","type-page","status-publish","has-post-thumbnail","hentry"],"yoast_head":"<!-- This site is optimized with the Yoast SEO plugin v26.8 - https:\/\/yoast.com\/product\/yoast-seo-wordpress\/ -->\n<title>Les bienfaits du Prana Mudra pour votre bien-\u00eatre - Meozen<\/title>\n<meta name=\"robots\" content=\"index, follow, max-snippet:-1, max-image-preview:large, max-video-preview:-1\" \/>\n<link rel=\"canonical\" href=\"https:\/\/meozen.com\/fr\/mudras\/prana-mudra\/\" \/>\n<meta property=\"og:locale\" content=\"fr_FR\" \/>\n<meta property=\"og:type\" content=\"article\" \/>\n<meta property=\"og:title\" content=\"Les bienfaits du Prana Mudra pour votre bien-\u00eatre - Meozen\" \/>\n<meta property=\"og:description\" content=\"Qu&rsquo;est-ce que le Prana Mudra ? Le Prana Mudra est un geste sacr\u00e9 des mains, ou \u00ab\u00a0sceau\u00a0\u00bb, utilis\u00e9 pendant la pratique du yoga et de la m\u00e9ditation pour canaliser le flux d&rsquo;\u00e9nergie vitale, connue sous le nom de prana. \u00c9galement appel\u00e9 \u00ab\u00a0sceau de la force vitale\u00a0\u00bb, ce mudra est sp\u00e9cifiquement utilis\u00e9 pour activer l&rsquo;\u00e9nergie dormante [&hellip;]\" \/>\n<meta property=\"og:url\" content=\"https:\/\/meozen.com\/fr\/mudras\/prana-mudra\/\" \/>\n<meta property=\"og:site_name\" content=\"Meozen - Votre portail bien-\u00eatre\" \/>\n<meta property=\"article:publisher\" content=\"https:\/\/www.facebook.com\/MeozenFr\/\" \/>\n<meta property=\"article:modified_time\" content=\"2025-04-11T13:30:58+00:00\" \/>\n<meta property=\"og:image\" content=\"https:\/\/meozen.com\/fr\/wp-content\/uploads\/sites\/2\/2025\/03\/prana-mudra-tout-savoir-meozen.jpg\" \/>\n\t<meta property=\"og:image:width\" content=\"1200\" \/>\n\t<meta property=\"og:image:height\" content=\"900\" \/>\n\t<meta property=\"og:image:type\" content=\"image\/jpeg\" \/>\n<meta name=\"twitter:card\" content=\"summary_large_image\" \/>\n<meta name=\"twitter:label1\" content=\"Dur\u00e9e de lecture estim\u00e9e\" \/>\n\t<meta name=\"twitter:data1\" content=\"5 minutes\" \/>\n<script type=\"application\/ld+json\" class=\"yoast-schema-graph\">{\"@context\":\"https:\/\/schema.org\",\"@graph\":[{\"@type\":\"WebPage\",\"@id\":\"https:\/\/meozen.com\/fr\/mudras\/prana-mudra\/\",\"url\":\"https:\/\/meozen.com\/fr\/mudras\/prana-mudra\/\",\"name\":\"Les bienfaits du Prana Mudra pour votre bien-\u00eatre - Meozen\",\"isPartOf\":{\"@id\":\"https:\/\/meozen.com\/fr\/#website\"},\"primaryImageOfPage\":{\"@id\":\"https:\/\/meozen.com\/fr\/mudras\/prana-mudra\/#primaryimage\"},\"image\":{\"@id\":\"https:\/\/meozen.com\/fr\/mudras\/prana-mudra\/#primaryimage\"},\"thumbnailUrl\":\"https:\/\/meozen.com\/fr\/wp-content\/uploads\/sites\/2\/2025\/03\/prana-mudra-tout-savoir-meozen.jpg\",\"datePublished\":\"2025-04-11T13:30:40+00:00\",\"dateModified\":\"2025-04-11T13:30:58+00:00\",\"breadcrumb\":{\"@id\":\"https:\/\/meozen.com\/fr\/mudras\/prana-mudra\/#breadcrumb\"},\"inLanguage\":\"fr-FR\",\"potentialAction\":[{\"@type\":\"ReadAction\",\"target\":[\"https:\/\/meozen.com\/fr\/mudras\/prana-mudra\/\"]}]},{\"@type\":\"ImageObject\",\"inLanguage\":\"fr-FR\",\"@id\":\"https:\/\/meozen.com\/fr\/mudras\/prana-mudra\/#primaryimage\",\"url\":\"https:\/\/meozen.com\/fr\/wp-content\/uploads\/sites\/2\/2025\/03\/prana-mudra-tout-savoir-meozen.jpg\",\"contentUrl\":\"https:\/\/meozen.com\/fr\/wp-content\/uploads\/sites\/2\/2025\/03\/prana-mudra-tout-savoir-meozen.jpg\",\"width\":1200,\"height\":900,\"caption\":\"Gros plan d'une main effectuant le Prana Mudra, le pouce, l'annulaire et l'auriculaire se touchant, tandis que l'index et le majeur sont tendus. L'arri\u00e8re-plan est une surface gris fonc\u00e9 floue. Le texte en bas indique\u00a0: \u00ab\u00a0Prana Mudra\u00a0: tout savoir avec Meozen.\u00a0\u00bb.\"},{\"@type\":\"BreadcrumbList\",\"@id\":\"https:\/\/meozen.com\/fr\/mudras\/prana-mudra\/#breadcrumb\",\"itemListElement\":[{\"@type\":\"ListItem\",\"position\":1,\"name\":\"Accueil\",\"item\":\"https:\/\/meozen.com\/fr\/\"},{\"@type\":\"ListItem\",\"position\":2,\"name\":\"Mudras : le guide complet sur ces gestes uniques\",\"item\":\"https:\/\/meozen.com\/fr\/mudras\/\"},{\"@type\":\"ListItem\",\"position\":3,\"name\":\"Les bienfaits du Prana Mudra pour votre bien-\u00eatre\"}]},{\"@type\":\"WebSite\",\"@id\":\"https:\/\/meozen.com\/fr\/#website\",\"url\":\"https:\/\/meozen.com\/fr\/\",\"name\":\"Meozen - Votre portail bien-\u00eatre\",\"description\":\"D\u00e9couvrez tout l&#039;univers du bien-\u00eatre, yoga, m\u00e9ditation, trouvez les meilleures retraites et formations bien-\u00eatre\",\"publisher\":{\"@id\":\"https:\/\/meozen.com\/fr\/#organization\"},\"potentialAction\":[{\"@type\":\"SearchAction\",\"target\":{\"@type\":\"EntryPoint\",\"urlTemplate\":\"https:\/\/meozen.com\/fr\/?s={search_term_string}\"},\"query-input\":{\"@type\":\"PropertyValueSpecification\",\"valueRequired\":true,\"valueName\":\"search_term_string\"}}],\"inLanguage\":\"fr-FR\"},{\"@type\":\"Organization\",\"@id\":\"https:\/\/meozen.com\/fr\/#organization\",\"name\":\"Meozen\",\"url\":\"https:\/\/meozen.com\/fr\/\",\"logo\":{\"@type\":\"ImageObject\",\"inLanguage\":\"fr-FR\",\"@id\":\"https:\/\/meozen.com\/fr\/#\/schema\/logo\/image\/\",\"url\":\"https:\/\/meozen.com\/fr\/wp-content\/uploads\/sites\/2\/2021\/06\/logo-meozen-push.jpg\",\"contentUrl\":\"https:\/\/meozen.com\/fr\/wp-content\/uploads\/sites\/2\/2021\/06\/logo-meozen-push.jpg\",\"width\":384,\"height\":384,\"caption\":\"Meozen\"},\"image\":{\"@id\":\"https:\/\/meozen.com\/fr\/#\/schema\/logo\/image\/\"},\"sameAs\":[\"https:\/\/www.facebook.com\/MeozenFr\/\",\"https:\/\/www.pinterest.fr\/meozen_officiel\/\",\"https:\/\/www.instagram.com\/meozen_officiel\/\"]}]}<\/script>\n<!-- \/ Yoast SEO plugin. -->","yoast_head_json":{"title":"Les bienfaits du Prana Mudra pour votre bien-\u00eatre - Meozen","robots":{"index":"index","follow":"follow","max-snippet":"max-snippet:-1","max-image-preview":"max-image-preview:large","max-video-preview":"max-video-preview:-1"},"canonical":"https:\/\/meozen.com\/fr\/mudras\/prana-mudra\/","og_locale":"fr_FR","og_type":"article","og_title":"Les bienfaits du Prana Mudra pour votre bien-\u00eatre - Meozen","og_description":"Qu&rsquo;est-ce que le Prana Mudra ? Le Prana Mudra est un geste sacr\u00e9 des mains, ou \u00ab\u00a0sceau\u00a0\u00bb, utilis\u00e9 pendant la pratique du yoga et de la m\u00e9ditation pour canaliser le flux d&rsquo;\u00e9nergie vitale, connue sous le nom de prana. \u00c9galement appel\u00e9 \u00ab\u00a0sceau de la force vitale\u00a0\u00bb, ce mudra est sp\u00e9cifiquement utilis\u00e9 pour activer l&rsquo;\u00e9nergie dormante [&hellip;]","og_url":"https:\/\/meozen.com\/fr\/mudras\/prana-mudra\/","og_site_name":"Meozen - Votre portail bien-\u00eatre","article_publisher":"https:\/\/www.facebook.com\/MeozenFr\/","article_modified_time":"2025-04-11T13:30:58+00:00","og_image":[{"width":1200,"height":900,"url":"https:\/\/meozen.com\/fr\/wp-content\/uploads\/sites\/2\/2025\/03\/prana-mudra-tout-savoir-meozen.jpg","type":"image\/jpeg"}],"twitter_card":"summary_large_image","twitter_misc":{"Dur\u00e9e de lecture estim\u00e9e":"5 minutes"},"schema":{"@context":"https:\/\/schema.org","@graph":[{"@type":"WebPage","@id":"https:\/\/meozen.com\/fr\/mudras\/prana-mudra\/","url":"https:\/\/meozen.com\/fr\/mudras\/prana-mudra\/","name":"Les bienfaits du Prana Mudra pour votre bien-\u00eatre - Meozen","isPartOf":{"@id":"https:\/\/meozen.com\/fr\/#website"},"primaryImageOfPage":{"@id":"https:\/\/meozen.com\/fr\/mudras\/prana-mudra\/#primaryimage"},"image":{"@id":"https:\/\/meozen.com\/fr\/mudras\/prana-mudra\/#primaryimage"},"thumbnailUrl":"https:\/\/meozen.com\/fr\/wp-content\/uploads\/sites\/2\/2025\/03\/prana-mudra-tout-savoir-meozen.jpg","datePublished":"2025-04-11T13:30:40+00:00","dateModified":"2025-04-11T13:30:58+00:00","breadcrumb":{"@id":"https:\/\/meozen.com\/fr\/mudras\/prana-mudra\/#breadcrumb"},"inLanguage":"fr-FR","potentialAction":[{"@type":"ReadAction","target":["https:\/\/meozen.com\/fr\/mudras\/prana-mudra\/"]}]},{"@type":"ImageObject","inLanguage":"fr-FR","@id":"https:\/\/meozen.com\/fr\/mudras\/prana-mudra\/#primaryimage","url":"https:\/\/meozen.com\/fr\/wp-content\/uploads\/sites\/2\/2025\/03\/prana-mudra-tout-savoir-meozen.jpg","contentUrl":"https:\/\/meozen.com\/fr\/wp-content\/uploads\/sites\/2\/2025\/03\/prana-mudra-tout-savoir-meozen.jpg","width":1200,"height":900,"caption":"Gros plan d'une main effectuant le Prana Mudra, le pouce, l'annulaire et l'auriculaire se touchant, tandis que l'index et le majeur sont tendus. L'arri\u00e8re-plan est une surface gris fonc\u00e9 floue. Le texte en bas indique\u00a0: \u00ab\u00a0Prana Mudra\u00a0: tout savoir avec Meozen.\u00a0\u00bb."},{"@type":"BreadcrumbList","@id":"https:\/\/meozen.com\/fr\/mudras\/prana-mudra\/#breadcrumb","itemListElement":[{"@type":"ListItem","position":1,"name":"Accueil","item":"https:\/\/meozen.com\/fr\/"},{"@type":"ListItem","position":2,"name":"Mudras : le guide complet sur ces gestes uniques","item":"https:\/\/meozen.com\/fr\/mudras\/"},{"@type":"ListItem","position":3,"name":"Les bienfaits du Prana Mudra pour votre bien-\u00eatre"}]},{"@type":"WebSite","@id":"https:\/\/meozen.com\/fr\/#website","url":"https:\/\/meozen.com\/fr\/","name":"Meozen - Votre portail bien-\u00eatre","description":"D\u00e9couvrez tout l&#039;univers du bien-\u00eatre, yoga, m\u00e9ditation, trouvez les meilleures retraites et formations bien-\u00eatre","publisher":{"@id":"https:\/\/meozen.com\/fr\/#organization"},"potentialAction":[{"@type":"SearchAction","target":{"@type":"EntryPoint","urlTemplate":"https:\/\/meozen.com\/fr\/?s={search_term_string}"},"query-input":{"@type":"PropertyValueSpecification","valueRequired":true,"valueName":"search_term_string"}}],"inLanguage":"fr-FR"},{"@type":"Organization","@id":"https:\/\/meozen.com\/fr\/#organization","name":"Meozen","url":"https:\/\/meozen.com\/fr\/","logo":{"@type":"ImageObject","inLanguage":"fr-FR","@id":"https:\/\/meozen.com\/fr\/#\/schema\/logo\/image\/","url":"https:\/\/meozen.com\/fr\/wp-content\/uploads\/sites\/2\/2021\/06\/logo-meozen-push.jpg","contentUrl":"https:\/\/meozen.com\/fr\/wp-content\/uploads\/sites\/2\/2021\/06\/logo-meozen-push.jpg","width":384,"height":384,"caption":"Meozen"},"image":{"@id":"https:\/\/meozen.com\/fr\/#\/schema\/logo\/image\/"},"sameAs":["https:\/\/www.facebook.com\/MeozenFr\/","https:\/\/www.pinterest.fr\/meozen_officiel\/","https:\/\/www.instagram.com\/meozen_officiel\/"]}]}},"_links":{"self":[{"href":"https:\/\/meozen.com\/fr\/wp-json\/wp\/v2\/pages\/8269","targetHints":{"allow":["GET"]}}],"collection":[{"href":"https:\/\/meozen.com\/fr\/wp-json\/wp\/v2\/pages"}],"about":[{"href":"https:\/\/meozen.com\/fr\/wp-json\/wp\/v2\/types\/page"}],"author":[{"embeddable":true,"href":"https:\/\/meozen.com\/fr\/wp-json\/wp\/v2\/users\/1"}],"replies":[{"embeddable":true,"href":"https:\/\/meozen.com\/fr\/wp-json\/wp\/v2\/comments?post=8269"}],"version-history":[{"count":2,"href":"https:\/\/meozen.com\/fr\/wp-json\/wp\/v2\/pages\/8269\/revisions"}],"predecessor-version":[{"id":8350,"href":"https:\/\/meozen.com\/fr\/wp-json\/wp\/v2\/pages\/8269\/revisions\/8350"}],"up":[{"embeddable":true,"href":"https:\/\/meozen.com\/fr\/wp-json\/wp\/v2\/pages\/8230"}],"wp:featuredmedia":[{"embeddable":true,"href":"https:\/\/meozen.com\/fr\/wp-json\/wp\/v2\/media\/8272"}],"wp:attachment":[{"href":"https:\/\/meozen.com\/fr\/wp-json\/wp\/v2\/media?parent=8269"}],"curies":[{"name":"wp","href":"https:\/\/api.w.org\/{rel}","templated":true}]}}