{"id":8305,"date":"2025-04-11T15:34:01","date_gmt":"2025-04-11T13:34:01","guid":{"rendered":"https:\/\/meozen.com\/fr\/?page_id=8305"},"modified":"2025-04-11T15:34:01","modified_gmt":"2025-04-11T13:34:01","slug":"anjali-mudra","status":"publish","type":"page","link":"https:\/\/meozen.com\/fr\/mudras\/anjali-mudra\/","title":{"rendered":"Anjali Mudra : Le Geste Sacr\u00e9 de l\u2019Union et de la Gratitude"},"content":{"rendered":"\n<p><strong>Anjali Mudra<\/strong>, aussi connu sous le nom de <em>Namast\u00e9 Mudra<\/em>, est l\u2019un des <a href=\"https:\/\/meozen.com\/fr\/mudras\/\">mudras<\/a> les plus universels et puissants dans la tradition du yoga et de la spiritualit\u00e9 : il est repr\u00e9sent\u00e9 dans l&rsquo;\u00e9moji \u00ab\u00a0\ud83d\ude4f\u00a0\u00bb. Plus qu\u2019un simple salut, c\u2019est un v\u00e9ritable <strong>sceau d\u2019unit\u00e9, de paix int\u00e9rieure et de respect<\/strong>. Dans cet article, d\u00e9couvrez ce qu\u2019est l\u2019Anjali Mudra, sa signification profonde, ses bienfaits, sa pratique, et comment l\u2019int\u00e9grer dans votre vie quotidienne.<\/p>\n\n\n\n<h2 class=\"wp-block-heading\">Qu\u2019est-ce que l\u2019Anjali Mudra ?<\/h2>\n\n\n\n<p>Le mot <strong>Anjali<\/strong> vient du sanskrit et signifie <strong>\u00ab\u00a0offrande\u00a0\u00bb<\/strong> ou <strong>\u00ab\u00a0salutation respectueuse\u00a0\u00bb<\/strong>.<br><strong>Mudra<\/strong> signifie \u00ab\u00a0geste\u00a0\u00bb ou \u00ab\u00a0sceau\u00a0\u00bb.<br>Ensemble, <strong>Anjali Mudra<\/strong> d\u00e9signe le <strong>geste d&rsquo;offrande ou de pri\u00e8re<\/strong>.<\/p>\n\n\n\n<h3 class=\"wp-block-heading\">Comment faire l&rsquo;Anjali Mudra ?<\/h3>\n\n\n\n<ul class=\"wp-block-list\">\n<li>Joignez vos <strong>paumes de main<\/strong> l\u2019une contre l\u2019autre devant la <strong>poitrine<\/strong>,<\/li>\n\n\n\n<li>Les <strong>doigts point\u00e9s vers le ciel<\/strong>,<\/li>\n\n\n\n<li>Les <strong>pouces touchent l\u00e9g\u00e8rement le sternum<\/strong>,<\/li>\n\n\n\n<li>Les <strong>yeux peuvent \u00eatre ferm\u00e9s ou ouverts<\/strong>, selon l\u2019intention.<\/li>\n<\/ul>\n\n\n\n<p>Ce geste est souvent accompagn\u00e9 du mot <strong>\u00ab\u00a0Namast\u00e9\u00a0\u00bb<\/strong> en Inde, et symbolise la reconnaissance du divin en soi et chez l\u2019autre.<\/p>\n\n\n\n<h2 class=\"wp-block-heading\">Les bienfaits de l\u2019Anjali Mudra<\/h2>\n\n\n\n<p>Bien plus qu\u2019un geste spirituel, l\u2019Anjali Mudra procure de <strong>nombreux bienfaits<\/strong> sur les plans physique, mental, \u00e9motionnel et \u00e9nerg\u00e9tique.<\/p>\n\n\n\n<h3 class=\"wp-block-heading\">Bienfaits principaux :<\/h3>\n\n\n\n<ol class=\"wp-block-list\">\n<li>\ud83e\udd0d <strong>Apaise le mental<\/strong> et r\u00e9duit le stress<\/li>\n\n\n\n<li>\ud83d\udcad Favorise la <strong>pr\u00e9sence et la pleine conscience<\/strong><\/li>\n\n\n\n<li>\ud83d\udc93 Ouvre le <strong>chakra du c\u0153ur<\/strong> (<em>Anahata Chakra<\/em>)<\/li>\n\n\n\n<li>\ud83e\uddd8\u200d\u2642\ufe0f Ancre le pratiquant dans une <strong>posture de respect et d\u2019humilit\u00e9<\/strong><\/li>\n\n\n\n<li>\ud83c\udf2c\ufe0f Synchronise <strong>respiration et mouvement<\/strong> pendant le <a class=\"wpil_keyword_link\" href=\"https:\/\/meozen.com\/fr\/yoga\/\"   title=\"yoga\" data-wpil-keyword-link=\"linked\">yoga<\/a><\/li>\n<\/ol>\n\n\n\n<h2 class=\"wp-block-heading\">Symbolique spirituelle de l\u2019Anjali Mudra<\/h2>\n\n\n\n<ul class=\"wp-block-list\">\n<li><strong>Union des oppos\u00e9s<\/strong> : la main droite symbolise le soleil, le masculin, l\u2019action ; la main gauche symbolise la lune, le f\u00e9minin, la r\u00e9ceptivit\u00e9. Leur union symbolise l\u2019<strong>\u00e9quilibre int\u00e9rieur<\/strong>.<\/li>\n\n\n\n<li><strong>Connexion au sacr\u00e9<\/strong> : en pla\u00e7ant les mains au centre de la poitrine, on se connecte \u00e0 l\u2019espace du <strong>c\u0153ur<\/strong>, consid\u00e9r\u00e9 comme le <strong>centre spirituel<\/strong> de l\u2019\u00eatre.<\/li>\n\n\n\n<li><strong>Gratitude et respect<\/strong> : ce mudra v\u00e9hicule des valeurs de <strong>respect de soi, des autres et du monde<\/strong>.<\/li>\n<\/ul>\n\n\n\n<h2 class=\"wp-block-heading\">Quand et comment pratiquer l\u2019Anjali Mudra ?<\/h2>\n\n\n\n<p>L&rsquo;Anjali Mudra est tr\u00e8s <strong>facile \u00e0 int\u00e9grer<\/strong> dans la vie quotidienne :<\/p>\n\n\n\n<h3 class=\"wp-block-heading\">Pendant :<\/h3>\n\n\n\n<ul class=\"wp-block-list\">\n<li>Une <strong>s\u00e9ance de yoga<\/strong>, au d\u00e9but et \u00e0 la fin (souvent avec \u00ab\u00a0Namast\u00e9\u00a0\u00bb)<\/li>\n\n\n\n<li>La <strong>m\u00e9ditation<\/strong> (pour centrer l\u2019attention)<\/li>\n\n\n\n<li>Un <strong>moment de gratitude<\/strong> ou de pri\u00e8re<\/li>\n<\/ul>\n\n\n\n<h3 class=\"wp-block-heading\">Moments recommand\u00e9s :<\/h3>\n\n\n\n<ul class=\"wp-block-list\">\n<li>Au <strong>r\u00e9veil<\/strong> pour poser une intention<\/li>\n\n\n\n<li>Avant un <strong>repas<\/strong> pour un instant de pleine conscience<\/li>\n\n\n\n<li>En <strong>fin de journ\u00e9e<\/strong> pour remercier la vie<\/li>\n<\/ul>\n\n\n\n<h3 class=\"wp-block-heading\">Dur\u00e9e :<\/h3>\n\n\n\n<ul class=\"wp-block-list\">\n<li>Quelques secondes suffisent<\/li>\n\n\n\n<li>Mais plus le geste est <strong>fait avec intention<\/strong>, plus il est puissant<\/li>\n<\/ul>\n\n\n\n<h2 class=\"wp-block-heading\">Anjali Mudra vs autres mudras<\/h2>\n\n\n\n<figure class=\"wp-block-table\"><table class=\"has-fixed-layout\"><thead><tr><th>Mudra<\/th><th>Signification principale<\/th><th>Utilisation<\/th><\/tr><\/thead><tbody><tr><td><strong>Anjali Mudra<\/strong><\/td><td>Union, gratitude, respect<\/td><td>Yoga, salut, spiritualit\u00e9<\/td><\/tr><tr><td><strong>Dhyan Mudra<\/strong><\/td><td>M\u00e9ditation profonde<\/td><td>M\u00e9ditation assise<\/td><\/tr><tr><td><strong>Chin Mudra<\/strong><\/td><td>Connaissance, conscience<\/td><td><a class=\"wpil_keyword_link\" href=\"https:\/\/meozen.com\/fr\/yoga\/pranayama\/\"   title=\"Pranayama\" data-wpil-keyword-link=\"linked\">Pranayama<\/a>, concentration<\/td><\/tr><\/tbody><\/table><\/figure>\n\n\n\n<h2 class=\"wp-block-heading\">FAQ sur l\u2019Anjali Mudra<\/h2>\n\n\n\n<h3 class=\"wp-block-heading\">Est-ce r\u00e9serv\u00e9 aux pratiquants de yoga ?<\/h3>\n\n\n\n<p>Non ! Tout le monde peut l\u2019utiliser. C\u2019est un <strong>geste universel de paix et de gratitude<\/strong>.<\/p>\n\n\n\n<h3 class=\"wp-block-heading\">Est-ce religieux ?<\/h3>\n\n\n\n<p>Pas n\u00e9cessairement. Il a des racines spirituelles, mais il est aujourd\u2019hui <strong>utilis\u00e9 de mani\u00e8re la\u00efque<\/strong> pour cultiver respect, paix int\u00e9rieure et bienveillance.<\/p>\n\n\n\n<h3 class=\"wp-block-heading\">Peut-on le faire debout ou allong\u00e9 ?<\/h3>\n\n\n\n<p>Oui, le plus souvent <strong>debout ou assis<\/strong>, mais il peut aussi \u00eatre pratiqu\u00e9 <strong>allong\u00e9<\/strong> dans un moment de gratitude.<\/p>\n\n\n\n<h2 class=\"wp-block-heading\">Conclusion : Pourquoi int\u00e9grer l\u2019Anjali Mudra dans sa vie ?<\/h2>\n\n\n\n<p>L\u2019<strong>Anjali Mudra<\/strong> est simple, profond et <strong>transformateur<\/strong>. Il incarne l\u2019union, la reconnaissance et la paix. En le pratiquant r\u00e9guli\u00e8rement, vous nourrissez en vous une attitude de <strong>gratitude, de respect et d\u2019amour<\/strong> \u2013 pour vous-m\u00eame, les autres et l\u2019univers.<\/p>\n\n\n\n<p><\/p>\n","protected":false},"excerpt":{"rendered":"<p>Anjali Mudra, aussi connu sous le nom de Namast\u00e9 Mudra, est l\u2019un des mudras les plus universels et puissants dans la tradition du yoga et de la spiritualit\u00e9 : il est repr\u00e9sent\u00e9 dans l&rsquo;\u00e9moji \u00ab\u00a0\ud83d\ude4f\u00a0\u00bb. Plus qu\u2019un simple salut, c\u2019est un v\u00e9ritable sceau d\u2019unit\u00e9, de paix int\u00e9rieure et de respect. Dans cet article, d\u00e9couvrez ce [&hellip;]<\/p>\n","protected":false},"author":1,"featured_media":8307,"parent":8230,"menu_order":0,"comment_status":"closed","ping_status":"closed","template":"","meta":{"_mo_disable_npp":"","footnotes":""},"class_list":["post-8305","page","type-page","status-publish","has-post-thumbnail","hentry"],"yoast_head":"<!-- This site is optimized with the Yoast SEO plugin v26.8 - https:\/\/yoast.com\/product\/yoast-seo-wordpress\/ -->\n<title>Anjali Mudra : Le Geste Sacr\u00e9 de l\u2019Union et de la Gratitude - Meozen<\/title>\n<meta name=\"robots\" content=\"index, follow, max-snippet:-1, max-image-preview:large, max-video-preview:-1\" \/>\n<link rel=\"canonical\" href=\"https:\/\/meozen.com\/fr\/mudras\/anjali-mudra\/\" \/>\n<meta property=\"og:locale\" content=\"fr_FR\" \/>\n<meta property=\"og:type\" content=\"article\" \/>\n<meta property=\"og:title\" content=\"Anjali Mudra : Le Geste Sacr\u00e9 de l\u2019Union et de la Gratitude - Meozen\" \/>\n<meta property=\"og:description\" content=\"Anjali Mudra, aussi connu sous le nom de Namast\u00e9 Mudra, est l\u2019un des mudras les plus universels et puissants dans la tradition du yoga et de la spiritualit\u00e9 : il est repr\u00e9sent\u00e9 dans l&rsquo;\u00e9moji \u00ab\u00a0\ud83d\ude4f\u00a0\u00bb. Plus qu\u2019un simple salut, c\u2019est un v\u00e9ritable sceau d\u2019unit\u00e9, de paix int\u00e9rieure et de respect. Dans cet article, d\u00e9couvrez ce [&hellip;]\" \/>\n<meta property=\"og:url\" content=\"https:\/\/meozen.com\/fr\/mudras\/anjali-mudra\/\" \/>\n<meta property=\"og:site_name\" content=\"Meozen - Votre portail bien-\u00eatre\" \/>\n<meta property=\"article:publisher\" content=\"https:\/\/www.facebook.com\/MeozenFr\/\" \/>\n<meta property=\"og:image\" content=\"https:\/\/meozen.com\/fr\/wp-content\/uploads\/sites\/2\/2025\/04\/anjali-mudra-tout-savoir-meozen.jpg\" \/>\n\t<meta property=\"og:image:width\" content=\"1200\" \/>\n\t<meta property=\"og:image:height\" content=\"900\" \/>\n\t<meta property=\"og:image:type\" content=\"image\/jpeg\" \/>\n<meta name=\"twitter:card\" content=\"summary_large_image\" \/>\n<meta name=\"twitter:label1\" content=\"Dur\u00e9e de lecture estim\u00e9e\" \/>\n\t<meta name=\"twitter:data1\" content=\"3 minutes\" \/>\n<script type=\"application\/ld+json\" class=\"yoast-schema-graph\">{\"@context\":\"https:\/\/schema.org\",\"@graph\":[{\"@type\":\"WebPage\",\"@id\":\"https:\/\/meozen.com\/fr\/mudras\/anjali-mudra\/\",\"url\":\"https:\/\/meozen.com\/fr\/mudras\/anjali-mudra\/\",\"name\":\"Anjali Mudra : Le Geste Sacr\u00e9 de l\u2019Union et de la Gratitude - Meozen\",\"isPartOf\":{\"@id\":\"https:\/\/meozen.com\/fr\/#website\"},\"primaryImageOfPage\":{\"@id\":\"https:\/\/meozen.com\/fr\/mudras\/anjali-mudra\/#primaryimage\"},\"image\":{\"@id\":\"https:\/\/meozen.com\/fr\/mudras\/anjali-mudra\/#primaryimage\"},\"thumbnailUrl\":\"https:\/\/meozen.com\/fr\/wp-content\/uploads\/sites\/2\/2025\/04\/anjali-mudra-tout-savoir-meozen.jpg\",\"datePublished\":\"2025-04-11T13:34:01+00:00\",\"breadcrumb\":{\"@id\":\"https:\/\/meozen.com\/fr\/mudras\/anjali-mudra\/#breadcrumb\"},\"inLanguage\":\"fr-FR\",\"potentialAction\":[{\"@type\":\"ReadAction\",\"target\":[\"https:\/\/meozen.com\/fr\/mudras\/anjali-mudra\/\"]}]},{\"@type\":\"ImageObject\",\"inLanguage\":\"fr-FR\",\"@id\":\"https:\/\/meozen.com\/fr\/mudras\/anjali-mudra\/#primaryimage\",\"url\":\"https:\/\/meozen.com\/fr\/wp-content\/uploads\/sites\/2\/2025\/04\/anjali-mudra-tout-savoir-meozen.jpg\",\"contentUrl\":\"https:\/\/meozen.com\/fr\/wp-content\/uploads\/sites\/2\/2025\/04\/anjali-mudra-tout-savoir-meozen.jpg\",\"width\":1200,\"height\":900,\"caption\":\"Une personne est assise en tailleur sur un tapis de yoga bleu sur une plage de sable, effectuant une posture de pri\u00e8re, les yeux ferm\u00e9s. Elle porte un d\u00e9bardeur noir et un pantalon gris, et des montagnes enneig\u00e9es sont visibles en arri\u00e8re-plan. Le texte indique\u00a0: \u00ab\u00a0Anjali Mudra\u00a0: tout savoir sur Meozen.\u00a0\u00bb.\"},{\"@type\":\"BreadcrumbList\",\"@id\":\"https:\/\/meozen.com\/fr\/mudras\/anjali-mudra\/#breadcrumb\",\"itemListElement\":[{\"@type\":\"ListItem\",\"position\":1,\"name\":\"Accueil\",\"item\":\"https:\/\/meozen.com\/fr\/\"},{\"@type\":\"ListItem\",\"position\":2,\"name\":\"Mudras : le guide complet sur ces gestes uniques\",\"item\":\"https:\/\/meozen.com\/fr\/mudras\/\"},{\"@type\":\"ListItem\",\"position\":3,\"name\":\"Anjali Mudra : Le Geste Sacr\u00e9 de l\u2019Union et de la Gratitude\"}]},{\"@type\":\"WebSite\",\"@id\":\"https:\/\/meozen.com\/fr\/#website\",\"url\":\"https:\/\/meozen.com\/fr\/\",\"name\":\"Meozen - Votre portail bien-\u00eatre\",\"description\":\"D\u00e9couvrez tout l&#039;univers du bien-\u00eatre, yoga, m\u00e9ditation, trouvez les meilleures retraites et formations bien-\u00eatre\",\"publisher\":{\"@id\":\"https:\/\/meozen.com\/fr\/#organization\"},\"potentialAction\":[{\"@type\":\"SearchAction\",\"target\":{\"@type\":\"EntryPoint\",\"urlTemplate\":\"https:\/\/meozen.com\/fr\/?s={search_term_string}\"},\"query-input\":{\"@type\":\"PropertyValueSpecification\",\"valueRequired\":true,\"valueName\":\"search_term_string\"}}],\"inLanguage\":\"fr-FR\"},{\"@type\":\"Organization\",\"@id\":\"https:\/\/meozen.com\/fr\/#organization\",\"name\":\"Meozen\",\"url\":\"https:\/\/meozen.com\/fr\/\",\"logo\":{\"@type\":\"ImageObject\",\"inLanguage\":\"fr-FR\",\"@id\":\"https:\/\/meozen.com\/fr\/#\/schema\/logo\/image\/\",\"url\":\"https:\/\/meozen.com\/fr\/wp-content\/uploads\/sites\/2\/2021\/06\/logo-meozen-push.jpg\",\"contentUrl\":\"https:\/\/meozen.com\/fr\/wp-content\/uploads\/sites\/2\/2021\/06\/logo-meozen-push.jpg\",\"width\":384,\"height\":384,\"caption\":\"Meozen\"},\"image\":{\"@id\":\"https:\/\/meozen.com\/fr\/#\/schema\/logo\/image\/\"},\"sameAs\":[\"https:\/\/www.facebook.com\/MeozenFr\/\",\"https:\/\/www.pinterest.fr\/meozen_officiel\/\",\"https:\/\/www.instagram.com\/meozen_officiel\/\"]}]}<\/script>\n<!-- \/ Yoast SEO plugin. -->","yoast_head_json":{"title":"Anjali Mudra : Le Geste Sacr\u00e9 de l\u2019Union et de la Gratitude - Meozen","robots":{"index":"index","follow":"follow","max-snippet":"max-snippet:-1","max-image-preview":"max-image-preview:large","max-video-preview":"max-video-preview:-1"},"canonical":"https:\/\/meozen.com\/fr\/mudras\/anjali-mudra\/","og_locale":"fr_FR","og_type":"article","og_title":"Anjali Mudra : Le Geste Sacr\u00e9 de l\u2019Union et de la Gratitude - Meozen","og_description":"Anjali Mudra, aussi connu sous le nom de Namast\u00e9 Mudra, est l\u2019un des mudras les plus universels et puissants dans la tradition du yoga et de la spiritualit\u00e9 : il est repr\u00e9sent\u00e9 dans l&rsquo;\u00e9moji \u00ab\u00a0\ud83d\ude4f\u00a0\u00bb. Plus qu\u2019un simple salut, c\u2019est un v\u00e9ritable sceau d\u2019unit\u00e9, de paix int\u00e9rieure et de respect. Dans cet article, d\u00e9couvrez ce [&hellip;]","og_url":"https:\/\/meozen.com\/fr\/mudras\/anjali-mudra\/","og_site_name":"Meozen - Votre portail bien-\u00eatre","article_publisher":"https:\/\/www.facebook.com\/MeozenFr\/","og_image":[{"width":1200,"height":900,"url":"https:\/\/meozen.com\/fr\/wp-content\/uploads\/sites\/2\/2025\/04\/anjali-mudra-tout-savoir-meozen.jpg","type":"image\/jpeg"}],"twitter_card":"summary_large_image","twitter_misc":{"Dur\u00e9e de lecture estim\u00e9e":"3 minutes"},"schema":{"@context":"https:\/\/schema.org","@graph":[{"@type":"WebPage","@id":"https:\/\/meozen.com\/fr\/mudras\/anjali-mudra\/","url":"https:\/\/meozen.com\/fr\/mudras\/anjali-mudra\/","name":"Anjali Mudra : Le Geste Sacr\u00e9 de l\u2019Union et de la Gratitude - Meozen","isPartOf":{"@id":"https:\/\/meozen.com\/fr\/#website"},"primaryImageOfPage":{"@id":"https:\/\/meozen.com\/fr\/mudras\/anjali-mudra\/#primaryimage"},"image":{"@id":"https:\/\/meozen.com\/fr\/mudras\/anjali-mudra\/#primaryimage"},"thumbnailUrl":"https:\/\/meozen.com\/fr\/wp-content\/uploads\/sites\/2\/2025\/04\/anjali-mudra-tout-savoir-meozen.jpg","datePublished":"2025-04-11T13:34:01+00:00","breadcrumb":{"@id":"https:\/\/meozen.com\/fr\/mudras\/anjali-mudra\/#breadcrumb"},"inLanguage":"fr-FR","potentialAction":[{"@type":"ReadAction","target":["https:\/\/meozen.com\/fr\/mudras\/anjali-mudra\/"]}]},{"@type":"ImageObject","inLanguage":"fr-FR","@id":"https:\/\/meozen.com\/fr\/mudras\/anjali-mudra\/#primaryimage","url":"https:\/\/meozen.com\/fr\/wp-content\/uploads\/sites\/2\/2025\/04\/anjali-mudra-tout-savoir-meozen.jpg","contentUrl":"https:\/\/meozen.com\/fr\/wp-content\/uploads\/sites\/2\/2025\/04\/anjali-mudra-tout-savoir-meozen.jpg","width":1200,"height":900,"caption":"Une personne est assise en tailleur sur un tapis de yoga bleu sur une plage de sable, effectuant une posture de pri\u00e8re, les yeux ferm\u00e9s. Elle porte un d\u00e9bardeur noir et un pantalon gris, et des montagnes enneig\u00e9es sont visibles en arri\u00e8re-plan. Le texte indique\u00a0: \u00ab\u00a0Anjali Mudra\u00a0: tout savoir sur Meozen.\u00a0\u00bb."},{"@type":"BreadcrumbList","@id":"https:\/\/meozen.com\/fr\/mudras\/anjali-mudra\/#breadcrumb","itemListElement":[{"@type":"ListItem","position":1,"name":"Accueil","item":"https:\/\/meozen.com\/fr\/"},{"@type":"ListItem","position":2,"name":"Mudras : le guide complet sur ces gestes uniques","item":"https:\/\/meozen.com\/fr\/mudras\/"},{"@type":"ListItem","position":3,"name":"Anjali Mudra : Le Geste Sacr\u00e9 de l\u2019Union et de la Gratitude"}]},{"@type":"WebSite","@id":"https:\/\/meozen.com\/fr\/#website","url":"https:\/\/meozen.com\/fr\/","name":"Meozen - Votre portail bien-\u00eatre","description":"D\u00e9couvrez tout l&#039;univers du bien-\u00eatre, yoga, m\u00e9ditation, trouvez les meilleures retraites et formations bien-\u00eatre","publisher":{"@id":"https:\/\/meozen.com\/fr\/#organization"},"potentialAction":[{"@type":"SearchAction","target":{"@type":"EntryPoint","urlTemplate":"https:\/\/meozen.com\/fr\/?s={search_term_string}"},"query-input":{"@type":"PropertyValueSpecification","valueRequired":true,"valueName":"search_term_string"}}],"inLanguage":"fr-FR"},{"@type":"Organization","@id":"https:\/\/meozen.com\/fr\/#organization","name":"Meozen","url":"https:\/\/meozen.com\/fr\/","logo":{"@type":"ImageObject","inLanguage":"fr-FR","@id":"https:\/\/meozen.com\/fr\/#\/schema\/logo\/image\/","url":"https:\/\/meozen.com\/fr\/wp-content\/uploads\/sites\/2\/2021\/06\/logo-meozen-push.jpg","contentUrl":"https:\/\/meozen.com\/fr\/wp-content\/uploads\/sites\/2\/2021\/06\/logo-meozen-push.jpg","width":384,"height":384,"caption":"Meozen"},"image":{"@id":"https:\/\/meozen.com\/fr\/#\/schema\/logo\/image\/"},"sameAs":["https:\/\/www.facebook.com\/MeozenFr\/","https:\/\/www.pinterest.fr\/meozen_officiel\/","https:\/\/www.instagram.com\/meozen_officiel\/"]}]}},"_links":{"self":[{"href":"https:\/\/meozen.com\/fr\/wp-json\/wp\/v2\/pages\/8305","targetHints":{"allow":["GET"]}}],"collection":[{"href":"https:\/\/meozen.com\/fr\/wp-json\/wp\/v2\/pages"}],"about":[{"href":"https:\/\/meozen.com\/fr\/wp-json\/wp\/v2\/types\/page"}],"author":[{"embeddable":true,"href":"https:\/\/meozen.com\/fr\/wp-json\/wp\/v2\/users\/1"}],"replies":[{"embeddable":true,"href":"https:\/\/meozen.com\/fr\/wp-json\/wp\/v2\/comments?post=8305"}],"version-history":[{"count":2,"href":"https:\/\/meozen.com\/fr\/wp-json\/wp\/v2\/pages\/8305\/revisions"}],"predecessor-version":[{"id":8354,"href":"https:\/\/meozen.com\/fr\/wp-json\/wp\/v2\/pages\/8305\/revisions\/8354"}],"up":[{"embeddable":true,"href":"https:\/\/meozen.com\/fr\/wp-json\/wp\/v2\/pages\/8230"}],"wp:featuredmedia":[{"embeddable":true,"href":"https:\/\/meozen.com\/fr\/wp-json\/wp\/v2\/media\/8307"}],"wp:attachment":[{"href":"https:\/\/meozen.com\/fr\/wp-json\/wp\/v2\/media?parent=8305"}],"curies":[{"name":"wp","href":"https:\/\/api.w.org\/{rel}","templated":true}]}}