{"id":8371,"date":"2025-04-11T17:03:01","date_gmt":"2025-04-11T15:03:01","guid":{"rendered":"https:\/\/meozen.com\/fr\/?page_id=8371"},"modified":"2025-04-11T17:03:02","modified_gmt":"2025-04-11T15:03:02","slug":"3eme-chakra-manipura-chakra-du-plexus-solaire","status":"publish","type":"page","link":"https:\/\/meozen.com\/fr\/yoga\/chakras\/3eme-chakra-manipura-chakra-du-plexus-solaire\/","title":{"rendered":"3\u00e8me chakra : Manipura (chakra du plexus solaire)"},"content":{"rendered":"\n<p>Le\u00a0<strong>chakra du plexus solaire<\/strong>, aussi connu sous le nom de <strong>chakra Manipura<\/strong>, occupe une place centrale dans notre syst\u00e8me \u00e9nerg\u00e9tique. Ce troisi\u00e8me <a href=\"https:\/\/meozen.com\/fr\/yoga\/chakras\/\">chakra<\/a> joue un r\u00f4le vital dans notre estime de soi, notre croissance personnelle et notre transformation. Dans cet article, nous vous proposons d\u2019en apprendre davantage sur ce chakra fascinant.<\/p>\n\n\n\n<h2 class=\"wp-block-heading\" id=\"questcequelechakraduplexussolaire\">Qu\u2019est-ce que le chakra du plexus solaire ?<\/h2>\n\n\n\n<p>Le chakra du plexus solaire est le troisi\u00e8me des sept chakras principaux. Son nom sanskrit, Manipura, signifie \u00ab\u00a0cit\u00e9 des joyaux\u00a0\u00bb. Situ\u00e9 entre le nombril et le plexus solaire, ce centre \u00e9nerg\u00e9tique est associ\u00e9 \u00e0 l\u2019\u00e9l\u00e9ment du feu et \u00e0 la couleur jaune.<\/p>\n\n\n\n<h2 class=\"wp-block-heading\" id=\"osetrouvelechakraduplexussolaire\">O\u00f9 se trouve le chakra du plexus solaire ?<\/h2>\n\n\n\n<figure class=\"wp-block-image size-large\"><img fetchpriority=\"high\" decoding=\"async\" width=\"1024\" height=\"538\" src=\"https:\/\/meozen.com\/fr\/wp-content\/uploads\/sites\/2\/2023\/10\/chakra-manipura-illustration-1024x538.jpg\" alt=\"une femme touchant son abdomen\" class=\"wp-image-7577\" srcset=\"https:\/\/meozen.com\/fr\/wp-content\/uploads\/sites\/2\/2023\/10\/chakra-manipura-illustration-1024x538.jpg 1024w, https:\/\/meozen.com\/fr\/wp-content\/uploads\/sites\/2\/2023\/10\/chakra-manipura-illustration-300x158.jpg 300w, https:\/\/meozen.com\/fr\/wp-content\/uploads\/sites\/2\/2023\/10\/chakra-manipura-illustration-768x403.jpg 768w, https:\/\/meozen.com\/fr\/wp-content\/uploads\/sites\/2\/2023\/10\/chakra-manipura-illustration-1536x806.jpg 1536w, https:\/\/meozen.com\/fr\/wp-content\/uploads\/sites\/2\/2023\/10\/chakra-manipura-illustration-990x520.jpg 990w, https:\/\/meozen.com\/fr\/wp-content\/uploads\/sites\/2\/2023\/10\/chakra-manipura-illustration-441x232.jpg 441w, https:\/\/meozen.com\/fr\/wp-content\/uploads\/sites\/2\/2023\/10\/chakra-manipura-illustration-800x420.jpg 800w, https:\/\/meozen.com\/fr\/wp-content\/uploads\/sites\/2\/2023\/10\/chakra-manipura-illustration-150x79.jpg 150w, https:\/\/meozen.com\/fr\/wp-content\/uploads\/sites\/2\/2023\/10\/chakra-manipura-illustration.jpg 1600w\" sizes=\"(max-width: 1024px) 100vw, 1024px\" \/><\/figure>\n\n\n\n<p>Le chakra du plexus solaire se situe dans la r\u00e9gion de l\u2019abdomen, plus pr\u00e9cis\u00e9ment entre le nombril et le sternum. Il est directement en lien avec notre syst\u00e8me digestif et joue un r\u00f4le essentiel dans la m\u00e9tabolisation des aliments en \u00e9nergie et en chaleur.<\/p>\n\n\n\n<h2 class=\"wp-block-heading\" id=\"quelleestlasignificationduchakraduplexussolaire\">Quelle est la signification du chakra du plexus solaire ?<\/h2>\n\n\n\n<p>Le chakra du plexus solaire est le si\u00e8ge de notre identit\u00e9 individuelle, de notre volont\u00e9 et de notre capacit\u00e9 \u00e0 agir \u00e0 partir d\u2019un lieu de sagesse int\u00e9rieure. Il est \u00e9galement le centre de notre pouvoir personnel et de notre confiance en soi. Lorsqu\u2019il est en \u00e9quilibre, nous sommes capables de nous affirmer, de prendre des d\u00e9cisions \u00e9clair\u00e9es et de nous sentir en phase avec nous-m\u00eames.<\/p>\n\n\n\n<h2 class=\"wp-block-heading\" id=\"dequoilechakraduplexussolaireestilresponsable\">De quoi le chakra du plexus solaire est-il responsable ?<\/h2>\n\n\n\n<p>Outre son r\u00f4le dans la digestion, le chakra du plexus solaire est responsable de plusieurs aspects de notre bien-\u00eatre \u00e9motionnel et mental. Il est en effet li\u00e9 \u00e0 notre estime de soi, \u00e0 notre capacit\u00e9 \u00e0 prendre des d\u00e9cisions et \u00e0 notre sens de l\u2019autonomie. Ce chakra est \u00e9galement le si\u00e8ge de notre courage et de notre volont\u00e9, \u00e9l\u00e9ments essentiels pour atteindre nos objectifs et r\u00e9aliser nos aspirations.<\/p>\n\n\n\n<h2 class=\"wp-block-heading\" id=\"lescaractristiquesduchakraduplexussolaire\">Les caract\u00e9ristiques du chakra du plexus solaire<\/h2>\n\n\n\n<h3 class=\"wp-block-heading\" id=\"couleurjaune\">Couleur : Jaune<\/h3>\n\n\n\n<p>La couleur associ\u00e9e au chakra du plexus solaire est le jaune. Cette couleur, qui \u00e9voque la lumi\u00e8re du soleil, symbolise la clart\u00e9, la joie et l\u2019optimisme.<\/p>\n\n\n\n<h3 class=\"wp-block-heading\" id=\"lmentfeu\">\u00c9l\u00e9ment : Feu<\/h3>\n\n\n\n<p>L\u2019\u00e9l\u00e9ment associ\u00e9 au chakra du plexus solaire est le feu. Cet \u00e9l\u00e9ment repr\u00e9sente la puissance, la transformation et la passion.<\/p>\n\n\n\n<h2 class=\"wp-block-heading\" id=\"chakramanipuraetlesmotions\">Chakra Manipura et les \u00e9motions<\/h2>\n\n\n\n<p>Le chakra du plexus solaire joue un r\u00f4le central dans la gestion de nos \u00e9motions. Lorsqu\u2019il est \u00e9quilibr\u00e9, nous sommes capables de ma\u00eetriser nos \u00e9motions et de les exprimer de mani\u00e8re saine. En revanche, un d\u00e9s\u00e9quilibre de ce chakra peut entra\u00eener des probl\u00e8mes d\u2019estime de soi, de la peur, de la col\u00e8re, ou encore de l\u2019ind\u00e9cision.<\/p>\n\n\n\n<h2 class=\"wp-block-heading\" id=\"signesetsymptmesduchakraduplexussolaire\">Chakra du plexus solaire d\u00e9s\u00e9quilibr\u00e9 : signes et sympt\u00f4mes<\/h2>\n\n\n\n<p>Un chakra du plexus solaire d\u00e9s\u00e9quilibr\u00e9 peut se manifester de diff\u00e9rentes mani\u00e8res. Sur le plan physique, il peut provoquer des troubles digestifs tels que des flatulences, de la constipation, des probl\u00e8mes de la v\u00e9sicule biliaire, du foie, du surpoids ou de l\u2019ob\u00e9sit\u00e9. Sur le plan \u00e9motionnel, il peut entra\u00eener un manque de confiance en soi, des difficult\u00e9s \u00e0 prendre des d\u00e9cisions, de la paranoia, de l\u2019orgueil, de l\u2019agressivit\u00e9, de l\u2019indiff\u00e9rence ou de l\u2019autoritarisme.<\/p>\n\n\n\n<h3 class=\"wp-block-heading\" id=\"commentdbloqueretgurirlechakraduplexussolaire\">Comment d\u00e9bloquer et gu\u00e9rir le chakra du plexus solaire ?<\/h3>\n\n\n\n<p>Il existe plusieurs m\u00e9thodes pour d\u00e9bloquer et gu\u00e9rir le chakra du plexus solaire. Parmi celles-ci, on retrouve la m\u00e9ditation, l\u2019utilisation d\u2019affirmations positives, la pratique de postures de yoga sp\u00e9cifiques, l\u2019utilisation de pierres et de cristaux associ\u00e9s \u00e0 ce chakra, ou encore l\u2019aromath\u00e9rapie.<\/p>\n\n\n\n<h2 class=\"wp-block-heading\" id=\"mditationsurlechakraduplexussolaire\">M\u00e9ditation sur le chakra du plexus solaire<\/h2>\n\n\n\n<p>La <a href=\"https:\/\/meozen.com\/fr\/meditation\/pleine-conscience\/\">m\u00e9ditation<\/a> est une m\u00e9thode efficace pour harmoniser le chakra du plexus solaire. Elle permet de se recentrer, de calmer son esprit et de r\u00e9tablir l\u2019\u00e9quilibre \u00e9nerg\u00e9tique de ce chakra. Pour cela, vous pouvez visualiser une lumi\u00e8re jaune brillante au niveau de votre plexus solaire, et vous concentrer sur les sensations de chaleur et de puissance qui \u00e9manent de cette zone.<\/p>\n\n\n\n<figure class=\"wp-block-image size-large\"><img decoding=\"async\" width=\"1024\" height=\"538\" src=\"https:\/\/meozen.com\/fr\/wp-content\/uploads\/sites\/2\/2023\/10\/chakra-manipura-meditation-1024x538.jpg\" alt=\"une femme faisant une m\u00e9ditation \u00e0 l'ext\u00e9rieur, en pleine journ\u00e9e\" class=\"wp-image-7578\" srcset=\"https:\/\/meozen.com\/fr\/wp-content\/uploads\/sites\/2\/2023\/10\/chakra-manipura-meditation-1024x538.jpg 1024w, https:\/\/meozen.com\/fr\/wp-content\/uploads\/sites\/2\/2023\/10\/chakra-manipura-meditation-300x158.jpg 300w, https:\/\/meozen.com\/fr\/wp-content\/uploads\/sites\/2\/2023\/10\/chakra-manipura-meditation-768x403.jpg 768w, https:\/\/meozen.com\/fr\/wp-content\/uploads\/sites\/2\/2023\/10\/chakra-manipura-meditation-1536x806.jpg 1536w, https:\/\/meozen.com\/fr\/wp-content\/uploads\/sites\/2\/2023\/10\/chakra-manipura-meditation-990x520.jpg 990w, https:\/\/meozen.com\/fr\/wp-content\/uploads\/sites\/2\/2023\/10\/chakra-manipura-meditation-441x232.jpg 441w, https:\/\/meozen.com\/fr\/wp-content\/uploads\/sites\/2\/2023\/10\/chakra-manipura-meditation-800x420.jpg 800w, https:\/\/meozen.com\/fr\/wp-content\/uploads\/sites\/2\/2023\/10\/chakra-manipura-meditation-150x79.jpg 150w, https:\/\/meozen.com\/fr\/wp-content\/uploads\/sites\/2\/2023\/10\/chakra-manipura-meditation.jpg 1600w\" sizes=\"(max-width: 1024px) 100vw, 1024px\" \/><\/figure>\n\n\n\n<h2 class=\"wp-block-heading\" id=\"affirmationssurlechakraduplexussolaire\">Affirmations sur le chakra du plexus solaire<\/h2>\n\n\n\n<p>Les affirmations positives sont un autre moyen efficace pour \u00e9quilibrer le chakra du plexus solaire. Elles permettent de renforcer notre estime de soi et notre confiance en nos capacit\u00e9s. Voici quelques exemples d\u2019affirmations que vous pouvez utiliser : \u00ab\u00a0Je suis confiant et puissant\u00a0\u00bb, \u00ab\u00a0Je suis capable d\u2019atteindre mes objectifs\u00a0\u00bb, \u00ab\u00a0Je suis en paix avec moi-m\u00eame\u00a0\u00bb.<\/p>\n\n\n\n<h2 class=\"wp-block-heading\" id=\"posturesdeyogaduchakraduplexussolairestimulantlnergiemanipura\">Postures de yoga du chakra du plexus solaire stimulant l\u2019\u00e9nergie Manipura<\/h2>\n\n\n\n<p>La pratique du <a href=\"https:\/\/meozen.com\/fr\/yoga\/\">yoga<\/a> peut \u00e9galement aider \u00e0 \u00e9quilibrer le chakra du plexus solaire. Certaines postures sont particuli\u00e8rement b\u00e9n\u00e9fiques pour stimuler l\u2019\u00e9nergie de ce chakra, comme la posture de l\u2019arc (Dhanurasana), la posture de la planche invers\u00e9e (Purvottanasana), ou encore la posture du cobra (Bhujangasana). Plusieurs de ces postures peuvent \u00eatre retrouv\u00e9es dans notre article consacr\u00e9 aux <a href=\"https:\/\/meozen.com\/fr\/journee-mondiale-sante-mentale-5-postures-pour-booster-votre-energie\/\">5 postures pour booster votre \u00e9nergie<\/a>.<\/p>\n\n\n\n<h2 class=\"wp-block-heading\" id=\"conclusion\">Conclusion<\/h2>\n\n\n\n<p>Le chakra du plexus solaire est un centre \u00e9nerg\u00e9tique cl\u00e9 dans notre corps. Il est le si\u00e8ge de notre estime de soi, de notre pouvoir personnel et de notre capacit\u00e9 \u00e0 agir. Un chakra du plexus solaire en \u00e9quilibre nous permet de vivre en harmonie avec nous-m\u00eames et avec le monde qui nous entoure. Il est donc essentiel de prendre soin de ce chakra et de veiller \u00e0 ce qu\u2019il soit toujours en \u00e9quilibre. Pour plus d\u2019informations, n\u2019h\u00e9sitez pas \u00e0 consulter <a href=\"https:\/\/www.youtube.com\/watch?v=3VBTokYnDkI&ab_channel=YogaCoaching\">cette vid\u00e9o Youtube<\/a> !<\/p>\n","protected":false},"excerpt":{"rendered":"<p>Le\u00a0chakra du plexus solaire, aussi connu sous le nom de chakra Manipura, occupe une place centrale dans notre syst\u00e8me \u00e9nerg\u00e9tique. Ce troisi\u00e8me chakra joue un r\u00f4le vital dans notre estime de soi, notre croissance personnelle et notre transformation. Dans cet article, nous vous proposons d\u2019en apprendre davantage sur ce chakra fascinant. Qu\u2019est-ce que le chakra [&hellip;]<\/p>\n","protected":false},"author":3,"featured_media":7576,"parent":455,"menu_order":0,"comment_status":"closed","ping_status":"closed","template":"","meta":{"_mo_disable_npp":"","footnotes":""},"class_list":["post-8371","page","type-page","status-publish","has-post-thumbnail","hentry"],"yoast_head":"<!-- This site is optimized with the Yoast SEO plugin v26.8 - https:\/\/yoast.com\/product\/yoast-seo-wordpress\/ -->\n<title>3\u00e8me chakra : Manipura (chakra du plexus solaire) - Meozen<\/title>\n<meta name=\"robots\" content=\"index, follow, max-snippet:-1, max-image-preview:large, max-video-preview:-1\" \/>\n<link rel=\"canonical\" href=\"https:\/\/meozen.com\/fr\/yoga\/chakras\/3eme-chakra-manipura-chakra-du-plexus-solaire\/\" \/>\n<meta property=\"og:locale\" content=\"fr_FR\" \/>\n<meta property=\"og:type\" content=\"article\" \/>\n<meta property=\"og:title\" content=\"3\u00e8me chakra : Manipura (chakra du plexus solaire) - Meozen\" \/>\n<meta property=\"og:description\" content=\"Le\u00a0chakra du plexus solaire, aussi connu sous le nom de chakra Manipura, occupe une place centrale dans notre syst\u00e8me \u00e9nerg\u00e9tique. Ce troisi\u00e8me chakra joue un r\u00f4le vital dans notre estime de soi, notre croissance personnelle et notre transformation. Dans cet article, nous vous proposons d\u2019en apprendre davantage sur ce chakra fascinant. Qu\u2019est-ce que le chakra [&hellip;]\" \/>\n<meta property=\"og:url\" content=\"https:\/\/meozen.com\/fr\/yoga\/chakras\/3eme-chakra-manipura-chakra-du-plexus-solaire\/\" \/>\n<meta property=\"og:site_name\" content=\"Meozen - Votre portail bien-\u00eatre\" \/>\n<meta property=\"article:publisher\" content=\"https:\/\/www.facebook.com\/MeozenFr\/\" \/>\n<meta property=\"article:modified_time\" content=\"2025-04-11T15:03:02+00:00\" \/>\n<meta property=\"og:image\" content=\"https:\/\/meozen.com\/fr\/wp-content\/uploads\/sites\/2\/2023\/10\/chakra-plexus-solaire-meozen.jpeg\" \/>\n\t<meta property=\"og:image:width\" content=\"1280\" \/>\n\t<meta property=\"og:image:height\" content=\"853\" \/>\n\t<meta property=\"og:image:type\" content=\"image\/jpeg\" \/>\n<meta name=\"twitter:card\" content=\"summary_large_image\" \/>\n<meta name=\"twitter:label1\" content=\"Dur\u00e9e de lecture estim\u00e9e\" \/>\n\t<meta name=\"twitter:data1\" content=\"5 minutes\" \/>\n<script type=\"application\/ld+json\" class=\"yoast-schema-graph\">{\"@context\":\"https:\/\/schema.org\",\"@graph\":[{\"@type\":\"WebPage\",\"@id\":\"https:\/\/meozen.com\/fr\/yoga\/chakras\/3eme-chakra-manipura-chakra-du-plexus-solaire\/\",\"url\":\"https:\/\/meozen.com\/fr\/yoga\/chakras\/3eme-chakra-manipura-chakra-du-plexus-solaire\/\",\"name\":\"3\u00e8me chakra : Manipura (chakra du plexus solaire) - Meozen\",\"isPartOf\":{\"@id\":\"https:\/\/meozen.com\/fr\/#website\"},\"primaryImageOfPage\":{\"@id\":\"https:\/\/meozen.com\/fr\/yoga\/chakras\/3eme-chakra-manipura-chakra-du-plexus-solaire\/#primaryimage\"},\"image\":{\"@id\":\"https:\/\/meozen.com\/fr\/yoga\/chakras\/3eme-chakra-manipura-chakra-du-plexus-solaire\/#primaryimage\"},\"thumbnailUrl\":\"https:\/\/meozen.com\/fr\/wp-content\/uploads\/sites\/2\/2023\/10\/chakra-plexus-solaire-meozen.jpeg\",\"datePublished\":\"2025-04-11T15:03:01+00:00\",\"dateModified\":\"2025-04-11T15:03:02+00:00\",\"breadcrumb\":{\"@id\":\"https:\/\/meozen.com\/fr\/yoga\/chakras\/3eme-chakra-manipura-chakra-du-plexus-solaire\/#breadcrumb\"},\"inLanguage\":\"fr-FR\",\"potentialAction\":[{\"@type\":\"ReadAction\",\"target\":[\"https:\/\/meozen.com\/fr\/yoga\/chakras\/3eme-chakra-manipura-chakra-du-plexus-solaire\/\"]}]},{\"@type\":\"ImageObject\",\"inLanguage\":\"fr-FR\",\"@id\":\"https:\/\/meozen.com\/fr\/yoga\/chakras\/3eme-chakra-manipura-chakra-du-plexus-solaire\/#primaryimage\",\"url\":\"https:\/\/meozen.com\/fr\/wp-content\/uploads\/sites\/2\/2023\/10\/chakra-plexus-solaire-meozen.jpeg\",\"contentUrl\":\"https:\/\/meozen.com\/fr\/wp-content\/uploads\/sites\/2\/2023\/10\/chakra-plexus-solaire-meozen.jpeg\",\"width\":1280,\"height\":853},{\"@type\":\"BreadcrumbList\",\"@id\":\"https:\/\/meozen.com\/fr\/yoga\/chakras\/3eme-chakra-manipura-chakra-du-plexus-solaire\/#breadcrumb\",\"itemListElement\":[{\"@type\":\"ListItem\",\"position\":1,\"name\":\"Accueil\",\"item\":\"https:\/\/meozen.com\/fr\/\"},{\"@type\":\"ListItem\",\"position\":2,\"name\":\"Yoga : Tout savoir sur cette pratique\",\"item\":\"https:\/\/meozen.com\/fr\/yoga\/\"},{\"@type\":\"ListItem\",\"position\":3,\"name\":\"Chakras : Tout savoir sur l\u2019importance des 7 chakras en yoga\",\"item\":\"https:\/\/meozen.com\/fr\/yoga\/chakras\/\"},{\"@type\":\"ListItem\",\"position\":4,\"name\":\"3\u00e8me chakra : Manipura (chakra du plexus solaire)\"}]},{\"@type\":\"WebSite\",\"@id\":\"https:\/\/meozen.com\/fr\/#website\",\"url\":\"https:\/\/meozen.com\/fr\/\",\"name\":\"Meozen - Votre portail bien-\u00eatre\",\"description\":\"D\u00e9couvrez tout l&#039;univers du bien-\u00eatre, yoga, m\u00e9ditation, trouvez les meilleures retraites et formations bien-\u00eatre\",\"publisher\":{\"@id\":\"https:\/\/meozen.com\/fr\/#organization\"},\"potentialAction\":[{\"@type\":\"SearchAction\",\"target\":{\"@type\":\"EntryPoint\",\"urlTemplate\":\"https:\/\/meozen.com\/fr\/?s={search_term_string}\"},\"query-input\":{\"@type\":\"PropertyValueSpecification\",\"valueRequired\":true,\"valueName\":\"search_term_string\"}}],\"inLanguage\":\"fr-FR\"},{\"@type\":\"Organization\",\"@id\":\"https:\/\/meozen.com\/fr\/#organization\",\"name\":\"Meozen\",\"url\":\"https:\/\/meozen.com\/fr\/\",\"logo\":{\"@type\":\"ImageObject\",\"inLanguage\":\"fr-FR\",\"@id\":\"https:\/\/meozen.com\/fr\/#\/schema\/logo\/image\/\",\"url\":\"https:\/\/meozen.com\/fr\/wp-content\/uploads\/sites\/2\/2021\/06\/logo-meozen-push.jpg\",\"contentUrl\":\"https:\/\/meozen.com\/fr\/wp-content\/uploads\/sites\/2\/2021\/06\/logo-meozen-push.jpg\",\"width\":384,\"height\":384,\"caption\":\"Meozen\"},\"image\":{\"@id\":\"https:\/\/meozen.com\/fr\/#\/schema\/logo\/image\/\"},\"sameAs\":[\"https:\/\/www.facebook.com\/MeozenFr\/\",\"https:\/\/www.pinterest.fr\/meozen_officiel\/\",\"https:\/\/www.instagram.com\/meozen_officiel\/\"]}]}<\/script>\n<!-- \/ Yoast SEO plugin. -->","yoast_head_json":{"title":"3\u00e8me chakra : Manipura (chakra du plexus solaire) - Meozen","robots":{"index":"index","follow":"follow","max-snippet":"max-snippet:-1","max-image-preview":"max-image-preview:large","max-video-preview":"max-video-preview:-1"},"canonical":"https:\/\/meozen.com\/fr\/yoga\/chakras\/3eme-chakra-manipura-chakra-du-plexus-solaire\/","og_locale":"fr_FR","og_type":"article","og_title":"3\u00e8me chakra : Manipura (chakra du plexus solaire) - Meozen","og_description":"Le\u00a0chakra du plexus solaire, aussi connu sous le nom de chakra Manipura, occupe une place centrale dans notre syst\u00e8me \u00e9nerg\u00e9tique. Ce troisi\u00e8me chakra joue un r\u00f4le vital dans notre estime de soi, notre croissance personnelle et notre transformation. Dans cet article, nous vous proposons d\u2019en apprendre davantage sur ce chakra fascinant. Qu\u2019est-ce que le chakra [&hellip;]","og_url":"https:\/\/meozen.com\/fr\/yoga\/chakras\/3eme-chakra-manipura-chakra-du-plexus-solaire\/","og_site_name":"Meozen - Votre portail bien-\u00eatre","article_publisher":"https:\/\/www.facebook.com\/MeozenFr\/","article_modified_time":"2025-04-11T15:03:02+00:00","og_image":[{"width":1280,"height":853,"url":"https:\/\/meozen.com\/fr\/wp-content\/uploads\/sites\/2\/2023\/10\/chakra-plexus-solaire-meozen.jpeg","type":"image\/jpeg"}],"twitter_card":"summary_large_image","twitter_misc":{"Dur\u00e9e de lecture estim\u00e9e":"5 minutes"},"schema":{"@context":"https:\/\/schema.org","@graph":[{"@type":"WebPage","@id":"https:\/\/meozen.com\/fr\/yoga\/chakras\/3eme-chakra-manipura-chakra-du-plexus-solaire\/","url":"https:\/\/meozen.com\/fr\/yoga\/chakras\/3eme-chakra-manipura-chakra-du-plexus-solaire\/","name":"3\u00e8me chakra : Manipura (chakra du plexus solaire) - Meozen","isPartOf":{"@id":"https:\/\/meozen.com\/fr\/#website"},"primaryImageOfPage":{"@id":"https:\/\/meozen.com\/fr\/yoga\/chakras\/3eme-chakra-manipura-chakra-du-plexus-solaire\/#primaryimage"},"image":{"@id":"https:\/\/meozen.com\/fr\/yoga\/chakras\/3eme-chakra-manipura-chakra-du-plexus-solaire\/#primaryimage"},"thumbnailUrl":"https:\/\/meozen.com\/fr\/wp-content\/uploads\/sites\/2\/2023\/10\/chakra-plexus-solaire-meozen.jpeg","datePublished":"2025-04-11T15:03:01+00:00","dateModified":"2025-04-11T15:03:02+00:00","breadcrumb":{"@id":"https:\/\/meozen.com\/fr\/yoga\/chakras\/3eme-chakra-manipura-chakra-du-plexus-solaire\/#breadcrumb"},"inLanguage":"fr-FR","potentialAction":[{"@type":"ReadAction","target":["https:\/\/meozen.com\/fr\/yoga\/chakras\/3eme-chakra-manipura-chakra-du-plexus-solaire\/"]}]},{"@type":"ImageObject","inLanguage":"fr-FR","@id":"https:\/\/meozen.com\/fr\/yoga\/chakras\/3eme-chakra-manipura-chakra-du-plexus-solaire\/#primaryimage","url":"https:\/\/meozen.com\/fr\/wp-content\/uploads\/sites\/2\/2023\/10\/chakra-plexus-solaire-meozen.jpeg","contentUrl":"https:\/\/meozen.com\/fr\/wp-content\/uploads\/sites\/2\/2023\/10\/chakra-plexus-solaire-meozen.jpeg","width":1280,"height":853},{"@type":"BreadcrumbList","@id":"https:\/\/meozen.com\/fr\/yoga\/chakras\/3eme-chakra-manipura-chakra-du-plexus-solaire\/#breadcrumb","itemListElement":[{"@type":"ListItem","position":1,"name":"Accueil","item":"https:\/\/meozen.com\/fr\/"},{"@type":"ListItem","position":2,"name":"Yoga : Tout savoir sur cette pratique","item":"https:\/\/meozen.com\/fr\/yoga\/"},{"@type":"ListItem","position":3,"name":"Chakras : Tout savoir sur l\u2019importance des 7 chakras en yoga","item":"https:\/\/meozen.com\/fr\/yoga\/chakras\/"},{"@type":"ListItem","position":4,"name":"3\u00e8me chakra : Manipura (chakra du plexus solaire)"}]},{"@type":"WebSite","@id":"https:\/\/meozen.com\/fr\/#website","url":"https:\/\/meozen.com\/fr\/","name":"Meozen - Votre portail bien-\u00eatre","description":"D\u00e9couvrez tout l&#039;univers du bien-\u00eatre, yoga, m\u00e9ditation, trouvez les meilleures retraites et formations bien-\u00eatre","publisher":{"@id":"https:\/\/meozen.com\/fr\/#organization"},"potentialAction":[{"@type":"SearchAction","target":{"@type":"EntryPoint","urlTemplate":"https:\/\/meozen.com\/fr\/?s={search_term_string}"},"query-input":{"@type":"PropertyValueSpecification","valueRequired":true,"valueName":"search_term_string"}}],"inLanguage":"fr-FR"},{"@type":"Organization","@id":"https:\/\/meozen.com\/fr\/#organization","name":"Meozen","url":"https:\/\/meozen.com\/fr\/","logo":{"@type":"ImageObject","inLanguage":"fr-FR","@id":"https:\/\/meozen.com\/fr\/#\/schema\/logo\/image\/","url":"https:\/\/meozen.com\/fr\/wp-content\/uploads\/sites\/2\/2021\/06\/logo-meozen-push.jpg","contentUrl":"https:\/\/meozen.com\/fr\/wp-content\/uploads\/sites\/2\/2021\/06\/logo-meozen-push.jpg","width":384,"height":384,"caption":"Meozen"},"image":{"@id":"https:\/\/meozen.com\/fr\/#\/schema\/logo\/image\/"},"sameAs":["https:\/\/www.facebook.com\/MeozenFr\/","https:\/\/www.pinterest.fr\/meozen_officiel\/","https:\/\/www.instagram.com\/meozen_officiel\/"]}]}},"_links":{"self":[{"href":"https:\/\/meozen.com\/fr\/wp-json\/wp\/v2\/pages\/8371","targetHints":{"allow":["GET"]}}],"collection":[{"href":"https:\/\/meozen.com\/fr\/wp-json\/wp\/v2\/pages"}],"about":[{"href":"https:\/\/meozen.com\/fr\/wp-json\/wp\/v2\/types\/page"}],"author":[{"embeddable":true,"href":"https:\/\/meozen.com\/fr\/wp-json\/wp\/v2\/users\/3"}],"replies":[{"embeddable":true,"href":"https:\/\/meozen.com\/fr\/wp-json\/wp\/v2\/comments?post=8371"}],"version-history":[{"count":2,"href":"https:\/\/meozen.com\/fr\/wp-json\/wp\/v2\/pages\/8371\/revisions"}],"predecessor-version":[{"id":8377,"href":"https:\/\/meozen.com\/fr\/wp-json\/wp\/v2\/pages\/8371\/revisions\/8377"}],"up":[{"embeddable":true,"href":"https:\/\/meozen.com\/fr\/wp-json\/wp\/v2\/pages\/455"}],"wp:featuredmedia":[{"embeddable":true,"href":"https:\/\/meozen.com\/fr\/wp-json\/wp\/v2\/media\/7576"}],"wp:attachment":[{"href":"https:\/\/meozen.com\/fr\/wp-json\/wp\/v2\/media?parent=8371"}],"curies":[{"name":"wp","href":"https:\/\/api.w.org\/{rel}","templated":true}]}}