{"id":8373,"date":"2025-04-11T17:02:58","date_gmt":"2025-04-11T15:02:58","guid":{"rendered":"https:\/\/meozen.com\/fr\/?page_id=8373"},"modified":"2025-04-11T17:02:58","modified_gmt":"2025-04-11T15:02:58","slug":"2eme-chakra-svadhisthana-chakra-sacre","status":"publish","type":"page","link":"https:\/\/meozen.com\/fr\/yoga\/chakras\/2eme-chakra-svadhisthana-chakra-sacre\/","title":{"rendered":"2\u00e8me chakra : Svadhisthana (chakra sacr\u00e9)"},"content":{"rendered":"\n<p>Le chakra sacr\u00e9, \u00e9galement connu sous le nom de Svadhisthana, est le deuxi\u00e8me des <a href=\"https:\/\/meozen.com\/fr\/yoga\/chakras\/\">sept chakras<\/a> principaux du corps humain, juste apr\u00e8s le <a href=\"https:\/\/meozen.com\/fr\/chakra-racine\/\">chakra racine<\/a>. Situ\u00e9 dans la r\u00e9gion inf\u00e9rieure de l&rsquo;abdomen, entre le nombril et le pubis, il est associ\u00e9 aux \u00e9l\u00e9ments de l&rsquo;eau et de la lune, aux couleurs jaune et orange, et aux \u00e9motions de joie, de sensualit\u00e9, de cr\u00e9ativit\u00e9 et d&rsquo;abondance.<\/p>\n\n\n\n<h2 class=\"wp-block-heading\" id=\"questcequelechakrasacr\">Qu&rsquo;est-ce que le chakra sacr\u00e9 ?<\/h2>\n\n\n\n<p>Le chakra sacr\u00e9 est le centre d&rsquo;\u00e9nergie qui r\u00e9gule nos \u00e9motions et nos d\u00e9sirs. Le terme \u00ab\u00a0Svadhisthana\u00a0\u00bb signifie \u00ab\u00a0la demeure du soi\u00a0\u00bb en sanskrit, refl\u00e9tant sa fonction principale de soutenir l&rsquo;expansion personnelle et l&rsquo;exploration de la sexualit\u00e9, des d\u00e9sirs, de la cr\u00e9ativit\u00e9 et du plaisir dans la vie.<\/p>\n\n\n\n<h2 class=\"wp-block-heading\" id=\"lescaractristiquesduchakrasacr\">Les caract\u00e9ristiques du chakra sacr\u00e9<\/h2>\n\n\n\n<h3 class=\"wp-block-heading\" id=\"symbole\">Symbole<\/h3>\n\n\n\n<p>Le symbole artistique du chakra sacr\u00e9 est compos\u00e9 de plusieurs cercles, une lune croissante et une fleur de lotus avec six p\u00e9tales. Les cercles et la lune croissante repr\u00e9sentent la nature cyclique de la vie, de la mort et de la renaissance, tandis que les six p\u00e9tales symbolisent les six aspects n\u00e9gatifs de notre nature que nous devons surmonter pour \u00e9quilibrer notre esprit et notre corps.<\/p>\n\n\n\n<h3 class=\"wp-block-heading\" id=\"lmentleau\">\u00c9l\u00e9ment : L&rsquo;eau<\/h3>\n\n\n\n<p>L&rsquo;\u00e9l\u00e9ment du chakra sacr\u00e9 est &lsquo;Jala&rsquo;, signifiant l&rsquo;eau. Nous obtenons de l&rsquo;eau de la nourriture que nous mangeons et des liquides que nous buvons. Le chakra sacr\u00e9 r\u00e9gule l&rsquo;\u00e9l\u00e9ment eau et aide \u00e0 le maintenir et \u00e0 le rafra\u00eechir dans notre corps.<\/p>\n\n\n\n<h3 class=\"wp-block-heading\" id=\"pranavyana\">Prana : Vyana<\/h3>\n\n\n\n<p>Le prana associ\u00e9 au deuxi\u00e8me centre d&rsquo;\u00e9nergie est &lsquo;vyana&rsquo;. Vyana est le prana de la circulation. Nous l&rsquo;obtenons de l&rsquo;\u00e9l\u00e9ment eau. Vyana est responsable de la circulation de la nourriture, de l&rsquo;eau et de l&rsquo;\u00e9nergie dans nos corps. Lorsque nous avons trop de vyana, nous nous sentons hyperactifs et incapables de nous concentrer. Lorsque nous avons trop peu de vyana, nous nous sentons l\u00e9thargiques et d\u00e9connect\u00e9s de nos \u00e9motions.<\/p>\n\n\n\n<h3 class=\"wp-block-heading\" id=\"couleurorange\">Couleur : Orange<\/h3>\n\n\n\n<p>M\u00eame si l&rsquo;\u00e9l\u00e9ment eau n&rsquo;a pas de couleur propre, le rouge de l&rsquo;\u00e9l\u00e9ment terre en dessous et le jaune de l&rsquo;\u00e9l\u00e9ment feu au-dessus se refl\u00e8tent sur l&rsquo;eau pour cr\u00e9er une couleur vermillon ou orange.<\/p>\n\n\n\n<figure class=\"wp-block-image size-large\"><img fetchpriority=\"high\" decoding=\"async\" width=\"1024\" height=\"538\" src=\"https:\/\/meozen.com\/fr\/wp-content\/uploads\/sites\/2\/2023\/10\/chakra-sacre-illustration-corps-1024x538.jpg\" alt=\"\" class=\"wp-image-7566\" srcset=\"https:\/\/meozen.com\/fr\/wp-content\/uploads\/sites\/2\/2023\/10\/chakra-sacre-illustration-corps-1024x538.jpg 1024w, https:\/\/meozen.com\/fr\/wp-content\/uploads\/sites\/2\/2023\/10\/chakra-sacre-illustration-corps-300x158.jpg 300w, https:\/\/meozen.com\/fr\/wp-content\/uploads\/sites\/2\/2023\/10\/chakra-sacre-illustration-corps-768x403.jpg 768w, https:\/\/meozen.com\/fr\/wp-content\/uploads\/sites\/2\/2023\/10\/chakra-sacre-illustration-corps-1536x806.jpg 1536w, https:\/\/meozen.com\/fr\/wp-content\/uploads\/sites\/2\/2023\/10\/chakra-sacre-illustration-corps-990x520.jpg 990w, https:\/\/meozen.com\/fr\/wp-content\/uploads\/sites\/2\/2023\/10\/chakra-sacre-illustration-corps-441x232.jpg 441w, https:\/\/meozen.com\/fr\/wp-content\/uploads\/sites\/2\/2023\/10\/chakra-sacre-illustration-corps-800x420.jpg 800w, https:\/\/meozen.com\/fr\/wp-content\/uploads\/sites\/2\/2023\/10\/chakra-sacre-illustration-corps-150x79.jpg 150w, https:\/\/meozen.com\/fr\/wp-content\/uploads\/sites\/2\/2023\/10\/chakra-sacre-illustration-corps.jpg 1600w\" sizes=\"(max-width: 1024px) 100vw, 1024px\" \/><\/figure>\n\n\n\n<h2 class=\"wp-block-heading\" id=\"lesbnficesdunchakrasacrquilibr\">Les b\u00e9n\u00e9fices d&rsquo;un chakra sacr\u00e9 \u00e9quilibr\u00e9<\/h2>\n\n\n\n<p>Un chakra sacr\u00e9 \u00e9quilibr\u00e9 vous permet de :<\/p>\n\n\n\n<ul class=\"wp-block-list\">\n<li>Vivre pleinement votre sexualit\u00e9<\/li>\n\n\n\n<li>Faire \u00e9clore la cr\u00e9ativit\u00e9<\/li>\n\n\n\n<li>Se sentir en s\u00e9curit\u00e9 et confiant<\/li>\n\n\n\n<li>Se sentir bien dans sa peau<\/li>\n\n\n\n<li>S&rsquo;exprimer librement<\/li>\n<\/ul>\n\n\n\n<h2 class=\"wp-block-heading\" id=\"commentquilibrerlechakrasacr\">Comment \u00e9quilibrer le chakra sacr\u00e9 ?<\/h2>\n\n\n\n<p>Il y a plusieurs fa\u00e7ons simples de restaurer l&rsquo;\u00e9quilibre des chakras. La gu\u00e9rison du chakra sacr\u00e9 apporte un flux d&rsquo;\u00e9nergie harmonieux dans tout le corps. Cela peut \u00eatre fait gr\u00e2ce \u00e0 la m\u00e9ditation sur les chakras, \u00e0 des postures de <a class=\"wpil_keyword_link\" href=\"https:\/\/meozen.com\/fr\/yoga\/\"   title=\"yoga\" data-wpil-keyword-link=\"linked\">yoga<\/a>, et m\u00eame \u00e0 des mudras (gestes de la main). Voici quatre fa\u00e7ons faciles et efficaces d&rsquo;\u00e9quilibrer votre deuxi\u00e8me chakra :<\/p>\n\n\n\n<h3 class=\"wp-block-heading\" id=\"affirmations\">Affirmations<\/h3>\n\n\n\n<p>Les affirmations sont un moyen positif de gu\u00e9rir la programmation n\u00e9gative qui peut \u00eatre int\u00e9gr\u00e9e dans le subconscient. La pratique des affirmations peut reprogrammer le subconscient avec un \u00e9tat d&rsquo;esprit positif et augmenter les vibrations \u00e9nerg\u00e9tiques. Utilisez ces affirmations du chakra sacr\u00e9 pour promouvoir une \u00e9nergie positive et un \u00e9quilibre dans votre vie :<\/p>\n\n\n\n<ul class=\"wp-block-list\">\n<li>Je suis passionn\u00e9(e).<\/li>\n\n\n\n<li>Je suis un \u00eatre cr\u00e9atif.<\/li>\n\n\n\n<li>J&rsquo;ai des limites qui me prot\u00e8gent.<\/li>\n\n\n\n<li>Je suis \u00e9panoui(e) dans mes passions.<\/li>\n\n\n\n<li>J&rsquo;accepte le changement comme une partie saine de la vie.<\/li>\n\n\n\n<li>J&rsquo;ai une abondance de cr\u00e9ativit\u00e9.<\/li>\n\n\n\n<li>Mes \u00e9motions sont en \u00e9quilibre.<\/li>\n<\/ul>\n\n\n\n<h3 class=\"wp-block-heading\" id=\"mditation\">M\u00e9ditation<\/h3>\n\n\n\n<p>La m\u00e9ditation joue un r\u00f4le vital dans l&rsquo;\u00e9quilibrage et l&rsquo;ouverture des chakras. Les techniques de m\u00e9ditation sur les chakras sont tr\u00e8s similaires aux techniques de m\u00e9ditation g\u00e9n\u00e9rales. La principale diff\u00e9rence est le focus et l&rsquo;objectif final de la pratique. La pratique de la m\u00e9ditation sur le chakra sacr\u00e9 r\u00e9guli\u00e8rement peut aider \u00e0 canaliser une \u00e9nergie et des sch\u00e9mas de pens\u00e9e positifs, stimulant votre cr\u00e9ativit\u00e9, votre joie et votre confiance.<\/p>\n\n\n\n<h3 class=\"wp-block-heading\" id=\"posturesdeyogapourlactivationetlalignementdelnergieduchakrasacr\">Postures de yoga pour l&rsquo;activation et l&rsquo;alignement de l&rsquo;\u00e9nergie du chakra sacr\u00e9<\/h3>\n\n\n\n<h4 class=\"wp-block-heading\" id=\"postureducorbeaukakasana\">Posture du corbeau (Kakasana)<\/h4>\n\n\n\n<p>La posture du corbeau, ou Kakasana, apporte un \u00e9quilibre mental et un focus tout en renfor\u00e7ant les poignets et les bras. La pratique r\u00e9guli\u00e8re de cette asana de yoga stimule le chakra sacr\u00e9, augmente la conscience du tronc, \u00e9limine la fatigue et am\u00e9liore le fonctionnement de votre appareil urinaire, de vos reins et de votre syst\u00e8me reproducteur.<\/p>\n\n\n\n<h4 class=\"wp-block-heading\" id=\"posturedutriangleclassiquetrikonasana\">Posture du triangle classique (Trikonasana)<\/h4>\n\n\n\n<p>La posture du triangle classique, \u00e9galement connue sous le nom de Trikonasana, \u00e9quilibre les fonctions de votre appareil urinaire, de vos reins et de vos gonades. L&rsquo;\u00e9tirement doux du corps lat\u00e9ral tonifie \u00e9galement et renforce vos muscles abdominaux et dorsaux et am\u00e9liore l&rsquo;\u00e9quilibre et la concentration globale.<\/p>\n\n\n\n<h2 class=\"wp-block-heading\" id=\"conclusion\">Conclusion<\/h2>\n\n\n\n<p>Le chakra sacr\u00e9 est un chakra important pour le bien-\u00eatre physique et mental. En le stimulant, vous pourrez vivre pleinement votre vie et atteindre l&rsquo;\u00e9panouissement dans tous les domaines. La suppression de cette \u00e9nergie peut \u00eatre un gaspillage car nous ne serons jamais nous-m\u00eames ou n&rsquo;exprimerons jamais la cr\u00e9ativit\u00e9 et la passion qui sont en nous. Les blocages peuvent entra\u00eener des probl\u00e8mes de sant\u00e9 et des probl\u00e8mes de sant\u00e9. Le yoga est plus qu&rsquo;un simple exercice, il va bien au-del\u00e0. Vous pouvez obtenir le b\u00e9n\u00e9fice optimal du yoga si vous connaissez la science et la philosophie derri\u00e8re votre pratique du yoga. Il est toujours recommand\u00e9 d&rsquo;apprendre des meilleurs enseignants de yoga certifi\u00e9s.<\/p>\n","protected":false},"excerpt":{"rendered":"<p>Le chakra sacr\u00e9, \u00e9galement connu sous le nom de Svadhisthana, est le deuxi\u00e8me des sept chakras principaux du corps humain, juste apr\u00e8s le chakra racine. Situ\u00e9 dans la r\u00e9gion inf\u00e9rieure de l&rsquo;abdomen, entre le nombril et le pubis, il est associ\u00e9 aux \u00e9l\u00e9ments de l&rsquo;eau et de la lune, aux couleurs jaune et orange, et [&hellip;]<\/p>\n","protected":false},"author":3,"featured_media":7568,"parent":455,"menu_order":0,"comment_status":"closed","ping_status":"closed","template":"","meta":{"_mo_disable_npp":"","footnotes":""},"class_list":["post-8373","page","type-page","status-publish","has-post-thumbnail","hentry"],"yoast_head":"<!-- This site is optimized with the Yoast SEO plugin v26.8 - https:\/\/yoast.com\/product\/yoast-seo-wordpress\/ -->\n<title>2\u00e8me chakra : Svadhisthana (chakra sacr\u00e9) - Meozen<\/title>\n<meta name=\"robots\" content=\"index, follow, max-snippet:-1, max-image-preview:large, max-video-preview:-1\" \/>\n<link rel=\"canonical\" href=\"https:\/\/meozen.com\/fr\/yoga\/chakras\/2eme-chakra-svadhisthana-chakra-sacre\/\" \/>\n<meta property=\"og:locale\" content=\"fr_FR\" \/>\n<meta property=\"og:type\" content=\"article\" \/>\n<meta property=\"og:title\" content=\"2\u00e8me chakra : Svadhisthana (chakra sacr\u00e9) - Meozen\" \/>\n<meta property=\"og:description\" content=\"Le chakra sacr\u00e9, \u00e9galement connu sous le nom de Svadhisthana, est le deuxi\u00e8me des sept chakras principaux du corps humain, juste apr\u00e8s le chakra racine. Situ\u00e9 dans la r\u00e9gion inf\u00e9rieure de l&rsquo;abdomen, entre le nombril et le pubis, il est associ\u00e9 aux \u00e9l\u00e9ments de l&rsquo;eau et de la lune, aux couleurs jaune et orange, et [&hellip;]\" \/>\n<meta property=\"og:url\" content=\"https:\/\/meozen.com\/fr\/yoga\/chakras\/2eme-chakra-svadhisthana-chakra-sacre\/\" \/>\n<meta property=\"og:site_name\" content=\"Meozen - Votre portail bien-\u00eatre\" \/>\n<meta property=\"article:publisher\" content=\"https:\/\/www.facebook.com\/MeozenFr\/\" \/>\n<meta property=\"og:image\" content=\"https:\/\/meozen.com\/fr\/wp-content\/uploads\/sites\/2\/2023\/10\/chakra-sacre.jpg\" \/>\n\t<meta property=\"og:image:width\" content=\"1600\" \/>\n\t<meta property=\"og:image:height\" content=\"840\" \/>\n\t<meta property=\"og:image:type\" content=\"image\/jpeg\" \/>\n<meta name=\"twitter:card\" content=\"summary_large_image\" \/>\n<meta name=\"twitter:label1\" content=\"Dur\u00e9e de lecture estim\u00e9e\" \/>\n\t<meta name=\"twitter:data1\" content=\"5 minutes\" \/>\n<script type=\"application\/ld+json\" class=\"yoast-schema-graph\">{\"@context\":\"https:\/\/schema.org\",\"@graph\":[{\"@type\":\"WebPage\",\"@id\":\"https:\/\/meozen.com\/fr\/yoga\/chakras\/2eme-chakra-svadhisthana-chakra-sacre\/\",\"url\":\"https:\/\/meozen.com\/fr\/yoga\/chakras\/2eme-chakra-svadhisthana-chakra-sacre\/\",\"name\":\"2\u00e8me chakra : Svadhisthana (chakra sacr\u00e9) - Meozen\",\"isPartOf\":{\"@id\":\"https:\/\/meozen.com\/fr\/#website\"},\"primaryImageOfPage\":{\"@id\":\"https:\/\/meozen.com\/fr\/yoga\/chakras\/2eme-chakra-svadhisthana-chakra-sacre\/#primaryimage\"},\"image\":{\"@id\":\"https:\/\/meozen.com\/fr\/yoga\/chakras\/2eme-chakra-svadhisthana-chakra-sacre\/#primaryimage\"},\"thumbnailUrl\":\"https:\/\/meozen.com\/fr\/wp-content\/uploads\/sites\/2\/2023\/10\/chakra-sacre.jpg\",\"datePublished\":\"2025-04-11T15:02:58+00:00\",\"breadcrumb\":{\"@id\":\"https:\/\/meozen.com\/fr\/yoga\/chakras\/2eme-chakra-svadhisthana-chakra-sacre\/#breadcrumb\"},\"inLanguage\":\"fr-FR\",\"potentialAction\":[{\"@type\":\"ReadAction\",\"target\":[\"https:\/\/meozen.com\/fr\/yoga\/chakras\/2eme-chakra-svadhisthana-chakra-sacre\/\"]}]},{\"@type\":\"ImageObject\",\"inLanguage\":\"fr-FR\",\"@id\":\"https:\/\/meozen.com\/fr\/yoga\/chakras\/2eme-chakra-svadhisthana-chakra-sacre\/#primaryimage\",\"url\":\"https:\/\/meozen.com\/fr\/wp-content\/uploads\/sites\/2\/2023\/10\/chakra-sacre.jpg\",\"contentUrl\":\"https:\/\/meozen.com\/fr\/wp-content\/uploads\/sites\/2\/2023\/10\/chakra-sacre.jpg\",\"width\":1600,\"height\":840,\"caption\":\"Dessin d'un corps avec des chakras, avec le symbole du chakra sacr\u00e9 en illustration\"},{\"@type\":\"BreadcrumbList\",\"@id\":\"https:\/\/meozen.com\/fr\/yoga\/chakras\/2eme-chakra-svadhisthana-chakra-sacre\/#breadcrumb\",\"itemListElement\":[{\"@type\":\"ListItem\",\"position\":1,\"name\":\"Accueil\",\"item\":\"https:\/\/meozen.com\/fr\/\"},{\"@type\":\"ListItem\",\"position\":2,\"name\":\"Yoga : Tout savoir sur cette pratique\",\"item\":\"https:\/\/meozen.com\/fr\/yoga\/\"},{\"@type\":\"ListItem\",\"position\":3,\"name\":\"Chakras : Tout savoir sur l\u2019importance des 7 chakras en yoga\",\"item\":\"https:\/\/meozen.com\/fr\/yoga\/chakras\/\"},{\"@type\":\"ListItem\",\"position\":4,\"name\":\"2\u00e8me chakra : Svadhisthana (chakra sacr\u00e9)\"}]},{\"@type\":\"WebSite\",\"@id\":\"https:\/\/meozen.com\/fr\/#website\",\"url\":\"https:\/\/meozen.com\/fr\/\",\"name\":\"Meozen - Votre portail bien-\u00eatre\",\"description\":\"D\u00e9couvrez tout l&#039;univers du bien-\u00eatre, yoga, m\u00e9ditation, trouvez les meilleures retraites et formations bien-\u00eatre\",\"publisher\":{\"@id\":\"https:\/\/meozen.com\/fr\/#organization\"},\"potentialAction\":[{\"@type\":\"SearchAction\",\"target\":{\"@type\":\"EntryPoint\",\"urlTemplate\":\"https:\/\/meozen.com\/fr\/?s={search_term_string}\"},\"query-input\":{\"@type\":\"PropertyValueSpecification\",\"valueRequired\":true,\"valueName\":\"search_term_string\"}}],\"inLanguage\":\"fr-FR\"},{\"@type\":\"Organization\",\"@id\":\"https:\/\/meozen.com\/fr\/#organization\",\"name\":\"Meozen\",\"url\":\"https:\/\/meozen.com\/fr\/\",\"logo\":{\"@type\":\"ImageObject\",\"inLanguage\":\"fr-FR\",\"@id\":\"https:\/\/meozen.com\/fr\/#\/schema\/logo\/image\/\",\"url\":\"https:\/\/meozen.com\/fr\/wp-content\/uploads\/sites\/2\/2021\/06\/logo-meozen-push.jpg\",\"contentUrl\":\"https:\/\/meozen.com\/fr\/wp-content\/uploads\/sites\/2\/2021\/06\/logo-meozen-push.jpg\",\"width\":384,\"height\":384,\"caption\":\"Meozen\"},\"image\":{\"@id\":\"https:\/\/meozen.com\/fr\/#\/schema\/logo\/image\/\"},\"sameAs\":[\"https:\/\/www.facebook.com\/MeozenFr\/\",\"https:\/\/www.pinterest.fr\/meozen_officiel\/\",\"https:\/\/www.instagram.com\/meozen_officiel\/\"]}]}<\/script>\n<!-- \/ Yoast SEO plugin. -->","yoast_head_json":{"title":"2\u00e8me chakra : Svadhisthana (chakra sacr\u00e9) - Meozen","robots":{"index":"index","follow":"follow","max-snippet":"max-snippet:-1","max-image-preview":"max-image-preview:large","max-video-preview":"max-video-preview:-1"},"canonical":"https:\/\/meozen.com\/fr\/yoga\/chakras\/2eme-chakra-svadhisthana-chakra-sacre\/","og_locale":"fr_FR","og_type":"article","og_title":"2\u00e8me chakra : Svadhisthana (chakra sacr\u00e9) - Meozen","og_description":"Le chakra sacr\u00e9, \u00e9galement connu sous le nom de Svadhisthana, est le deuxi\u00e8me des sept chakras principaux du corps humain, juste apr\u00e8s le chakra racine. Situ\u00e9 dans la r\u00e9gion inf\u00e9rieure de l&rsquo;abdomen, entre le nombril et le pubis, il est associ\u00e9 aux \u00e9l\u00e9ments de l&rsquo;eau et de la lune, aux couleurs jaune et orange, et [&hellip;]","og_url":"https:\/\/meozen.com\/fr\/yoga\/chakras\/2eme-chakra-svadhisthana-chakra-sacre\/","og_site_name":"Meozen - Votre portail bien-\u00eatre","article_publisher":"https:\/\/www.facebook.com\/MeozenFr\/","og_image":[{"width":1600,"height":840,"url":"https:\/\/meozen.com\/fr\/wp-content\/uploads\/sites\/2\/2023\/10\/chakra-sacre.jpg","type":"image\/jpeg"}],"twitter_card":"summary_large_image","twitter_misc":{"Dur\u00e9e de lecture estim\u00e9e":"5 minutes"},"schema":{"@context":"https:\/\/schema.org","@graph":[{"@type":"WebPage","@id":"https:\/\/meozen.com\/fr\/yoga\/chakras\/2eme-chakra-svadhisthana-chakra-sacre\/","url":"https:\/\/meozen.com\/fr\/yoga\/chakras\/2eme-chakra-svadhisthana-chakra-sacre\/","name":"2\u00e8me chakra : Svadhisthana (chakra sacr\u00e9) - Meozen","isPartOf":{"@id":"https:\/\/meozen.com\/fr\/#website"},"primaryImageOfPage":{"@id":"https:\/\/meozen.com\/fr\/yoga\/chakras\/2eme-chakra-svadhisthana-chakra-sacre\/#primaryimage"},"image":{"@id":"https:\/\/meozen.com\/fr\/yoga\/chakras\/2eme-chakra-svadhisthana-chakra-sacre\/#primaryimage"},"thumbnailUrl":"https:\/\/meozen.com\/fr\/wp-content\/uploads\/sites\/2\/2023\/10\/chakra-sacre.jpg","datePublished":"2025-04-11T15:02:58+00:00","breadcrumb":{"@id":"https:\/\/meozen.com\/fr\/yoga\/chakras\/2eme-chakra-svadhisthana-chakra-sacre\/#breadcrumb"},"inLanguage":"fr-FR","potentialAction":[{"@type":"ReadAction","target":["https:\/\/meozen.com\/fr\/yoga\/chakras\/2eme-chakra-svadhisthana-chakra-sacre\/"]}]},{"@type":"ImageObject","inLanguage":"fr-FR","@id":"https:\/\/meozen.com\/fr\/yoga\/chakras\/2eme-chakra-svadhisthana-chakra-sacre\/#primaryimage","url":"https:\/\/meozen.com\/fr\/wp-content\/uploads\/sites\/2\/2023\/10\/chakra-sacre.jpg","contentUrl":"https:\/\/meozen.com\/fr\/wp-content\/uploads\/sites\/2\/2023\/10\/chakra-sacre.jpg","width":1600,"height":840,"caption":"Dessin d'un corps avec des chakras, avec le symbole du chakra sacr\u00e9 en illustration"},{"@type":"BreadcrumbList","@id":"https:\/\/meozen.com\/fr\/yoga\/chakras\/2eme-chakra-svadhisthana-chakra-sacre\/#breadcrumb","itemListElement":[{"@type":"ListItem","position":1,"name":"Accueil","item":"https:\/\/meozen.com\/fr\/"},{"@type":"ListItem","position":2,"name":"Yoga : Tout savoir sur cette pratique","item":"https:\/\/meozen.com\/fr\/yoga\/"},{"@type":"ListItem","position":3,"name":"Chakras : Tout savoir sur l\u2019importance des 7 chakras en yoga","item":"https:\/\/meozen.com\/fr\/yoga\/chakras\/"},{"@type":"ListItem","position":4,"name":"2\u00e8me chakra : Svadhisthana (chakra sacr\u00e9)"}]},{"@type":"WebSite","@id":"https:\/\/meozen.com\/fr\/#website","url":"https:\/\/meozen.com\/fr\/","name":"Meozen - Votre portail bien-\u00eatre","description":"D\u00e9couvrez tout l&#039;univers du bien-\u00eatre, yoga, m\u00e9ditation, trouvez les meilleures retraites et formations bien-\u00eatre","publisher":{"@id":"https:\/\/meozen.com\/fr\/#organization"},"potentialAction":[{"@type":"SearchAction","target":{"@type":"EntryPoint","urlTemplate":"https:\/\/meozen.com\/fr\/?s={search_term_string}"},"query-input":{"@type":"PropertyValueSpecification","valueRequired":true,"valueName":"search_term_string"}}],"inLanguage":"fr-FR"},{"@type":"Organization","@id":"https:\/\/meozen.com\/fr\/#organization","name":"Meozen","url":"https:\/\/meozen.com\/fr\/","logo":{"@type":"ImageObject","inLanguage":"fr-FR","@id":"https:\/\/meozen.com\/fr\/#\/schema\/logo\/image\/","url":"https:\/\/meozen.com\/fr\/wp-content\/uploads\/sites\/2\/2021\/06\/logo-meozen-push.jpg","contentUrl":"https:\/\/meozen.com\/fr\/wp-content\/uploads\/sites\/2\/2021\/06\/logo-meozen-push.jpg","width":384,"height":384,"caption":"Meozen"},"image":{"@id":"https:\/\/meozen.com\/fr\/#\/schema\/logo\/image\/"},"sameAs":["https:\/\/www.facebook.com\/MeozenFr\/","https:\/\/www.pinterest.fr\/meozen_officiel\/","https:\/\/www.instagram.com\/meozen_officiel\/"]}]}},"_links":{"self":[{"href":"https:\/\/meozen.com\/fr\/wp-json\/wp\/v2\/pages\/8373","targetHints":{"allow":["GET"]}}],"collection":[{"href":"https:\/\/meozen.com\/fr\/wp-json\/wp\/v2\/pages"}],"about":[{"href":"https:\/\/meozen.com\/fr\/wp-json\/wp\/v2\/types\/page"}],"author":[{"embeddable":true,"href":"https:\/\/meozen.com\/fr\/wp-json\/wp\/v2\/users\/3"}],"replies":[{"embeddable":true,"href":"https:\/\/meozen.com\/fr\/wp-json\/wp\/v2\/comments?post=8373"}],"version-history":[{"count":2,"href":"https:\/\/meozen.com\/fr\/wp-json\/wp\/v2\/pages\/8373\/revisions"}],"predecessor-version":[{"id":8379,"href":"https:\/\/meozen.com\/fr\/wp-json\/wp\/v2\/pages\/8373\/revisions\/8379"}],"up":[{"embeddable":true,"href":"https:\/\/meozen.com\/fr\/wp-json\/wp\/v2\/pages\/455"}],"wp:featuredmedia":[{"embeddable":true,"href":"https:\/\/meozen.com\/fr\/wp-json\/wp\/v2\/media\/7568"}],"wp:attachment":[{"href":"https:\/\/meozen.com\/fr\/wp-json\/wp\/v2\/media?parent=8373"}],"curies":[{"name":"wp","href":"https:\/\/api.w.org\/{rel}","templated":true}]}}