{"id":862,"date":"2021-03-29T23:29:00","date_gmt":"2021-03-29T21:29:00","guid":{"rendered":"https:\/\/meozen.com\/fr\/?page_id=862"},"modified":"2023-08-14T23:15:48","modified_gmt":"2023-08-14T21:15:48","slug":"comment-devenir-professeur","status":"publish","type":"page","link":"https:\/\/meozen.com\/fr\/yoga\/ashtanga-yoga\/comment-devenir-professeur\/","title":{"rendered":"Formation Ashtanga Yoga : Comment devenir professeur de Ashtanga Yoga certifi\u00e9 ?"},"content":{"rendered":"\n<p>Que ce soit pour enseigner le\u00a0<a href=\"https:\/\/meozen.com\/fr\/yoga\/ashtanga-yoga\/\"><strong>Ashtanga Yoga<\/strong><\/a>\u00a0ou simplement se perfectionner, le\u00a0Yoga Teacher Training\u00a0est un excellent programme pour y parvenir. On vous explique tout ce que vous devez savoir sur cette formation.<\/p>\n\n\n\n<h2 class=\"wp-block-heading\">1. Qu\u2019est-ce qu\u2019un Yoga Teacher Training ?<\/h2>\n\n\n\n<p>Le <strong><a href=\"https:\/\/meozen.com\/fr\/yoga\/teacher-training\/\">Yoga Teacher Training<\/a><\/strong> ou \u00ab Formation de Professeur de Yoga \u00bb est la formation permettant d\u2019enseigner le yoga. Elle est dispens\u00e9e en France, en Europe et partout dans le monde, notamment les pays d\u2019Asie.<\/p>\n\n\n\n<p>C\u2019est une formation intensive et certifiante qui consiste en un apprentissage pratique et th\u00e9orique d\u2019un certain nombre de mati\u00e8res :<\/p>\n\n\n\n<ul class=\"wp-block-list\" id=\"block-5f1e7b09-8fdd-4c5f-b689-ec0c5849ba38\"><li>Histoire et philosophie du <a class=\"wpil_keyword_link\" href=\"https:\/\/meozen.com\/fr\/yoga\/\"   title=\"yoga\" data-wpil-keyword-link=\"linked\">yoga<\/a><\/li><li><a class=\"wpil_keyword_link\" href=\"https:\/\/meozen.com\/fr\/yoga\/hatha-yoga\/\"   title=\"Hatha Yoga\" data-wpil-keyword-link=\"linked\">Hatha Yoga<\/a><\/li><li>Ashtanga Yoga<\/li><li>Techniques d\u2019enseignement du yoga<\/li><li>M\u00e9ditation<\/li><li>Pranayamas<\/li><li>Anatomie<\/li><\/ul>\n\n\n\n<p>Ce type de formation peut \u00eatre accr\u00e9dit\u00e9e par la&nbsp;<strong>Yoga Alliance<\/strong>&nbsp;(certification reconnue aux \u00c9tats-Unis),&nbsp;<strong>l\u2019Union&nbsp;Europ\u00e9enne du Yoga<\/strong>&nbsp;encore la&nbsp;<strong>British Wheel of Yoga<\/strong>. Ces diff\u00e9rentes accr\u00e9ditations \u00e9tablissent des normes pour les niveaux de professeur de yoga. Pour la Yoga Alliance par exemple, il y a un premier niveau appel\u00e9&nbsp;<strong>RYS 200<\/strong>&nbsp;(200 heures de formation), puis un deuxi\u00e8me niveau appel\u00e9&nbsp;<strong>RYS 500<\/strong>&nbsp;(validation du niveau 1, puis d\u2019une deuxi\u00e8me formation de 300 heures).<\/p>\n\n\n\n<div style=\"background-color: #08c995; border-radius: 30px; padding: 5px 20px; margin-top: 30px; margin-bottom: 30px;\">\n<h4> O\u00f9 se former : en France ou \u00e0 l\u2019\u00e9tranger ? <img decoding=\"async\" class=\"emoji\" role=\"img\" draggable=\"false\" src=\"https:\/\/s.w.org\/images\/core\/emoji\/13.0.0\/svg\/1f4a1.svg\" alt=\"\ud83d\udca1\"><\/h4>\n<p>Le co\u00fbt moyen d\u2019un Yoga Teacher Training est tr\u00e8s variable selon le lieu o\u00f9 vous d\u00e9sirez le faire. Par exemple, un YTT 200h peut co\u00fbter environ <strong> 1300 ou 1500 euros en Inde <\/strong>, tout comme il peut co\u00fbter <strong> plus de 2500 euros en France<\/strong>. <br><\/p><\/div>\n\n\n\n<h2 class=\"wp-block-heading\">2. Formation Ashtanga Yoga : comment bien choisir sa formation en France ?<\/h2>\n\n\n\n<p>Si vous souhaitez vous former en France, vous pouvez directement tomber sur des \u00e9coles dispensant un Yoga Teacher Training gr\u00e2ce \u00e0 une simple recherche sur navigateur ou sur le site\u00a0<a href=\"https:\/\/www.bookyogateachertraining.com\/fr\/all\/d\/europe\/france?aid=7193\" target=\"_blank\" rel=\"noreferrer noopener\">bookyogateachertraining.com<\/a>.<\/p>\n\n\n\n<p>Pour choisir une bonne \u00e9cole, veillez \u00e0 ce que :<\/p>\n\n\n\n<ul class=\"wp-block-list\" id=\"block-b2a8912c-db4f-4ebf-8a5b-afa9adcd1eeb\"><li>Les notes et les avis laiss\u00e9s par les \u00e9tudiants soient bons et \u00e0 la hauteur de vos attentes ;<\/li><li>Le&nbsp;Ashtanga Yoga&nbsp;soit bien propos\u00e9 dans le contenu de la formation. Sachez que dans la plupart des formations, le Ashtanga est propos\u00e9 \u00e0 raison d\u2019une fois par jour durant 6 jours par semaine ;<\/li><li>Les co\u00fbts comprennent l\u2019h\u00e9bergement et la nourriture, voire la prise en charge pour vous amener au centre de formation depuis une gare ou un a\u00e9roport ;<\/li><li>La formation soit&nbsp;certifiante,&nbsp;et si oui quel type d\u2019accr\u00e9ditation est d\u00e9livr\u00e9e (Yoga Alliance, l\u2019Union Europ\u00e9enne du Yoga, British Wheel of Yoga \u00e9tant les plus r\u00e9pandues).<\/li><\/ul>\n\n\n\n<h2 class=\"wp-block-heading\">3. Formation Ashtanga Yoga \u00e0 l\u2019\u00e9tranger : comment choisir la bonne \u00e9cole ?<\/h2>\n\n\n\n<p>Il est \u00e9galement possible d\u2019int\u00e9grer un cursus de&nbsp;Yoga Teacher Training&nbsp;\u00e0 l\u2019\u00e9tranger, qu\u2019importe le continent souhait\u00e9. Mais la plupart des centres de formation au yoga se situent en Asie, et notamment en&nbsp;<strong>Inde, le berceau du yoga<\/strong>.<\/p>\n\n\n\n<p>Ici, <strong>les m\u00eames crit\u00e8res sont \u00e0 v\u00e9rifier que ceux indiqu\u00e9s sur la liste ci-dessus<\/strong> (v\u00e9rifier les notes, que les cours de Ashtanga soient bien propos\u00e9s au programme, les co\u00fbts et l\u2019accr\u00e9ditation).<\/p>\n\n\n\n<p>Bien entendu, la plupart des formations sont dispens\u00e9es en&nbsp;anglais. Il est possible d\u2019en trouver en&nbsp;fran\u00e7ais, mais cela reste beaucoup plus rare.&nbsp;<\/p>\n\n\n\n<p>En ce qui concerne les&nbsp;repas, sachez que les&nbsp;repas yogis&nbsp;sont enti\u00e8rement v\u00e9g\u00e9tariens\u2026 et \u00e9galement sans caf\u00e9 !<\/p>\n\n\n\n<p>Le prix contient souvent le pr\u00eat du mat\u00e9riel&nbsp;pour les cours (tapis de yoga, sangles, briques). Mais vous pouvez tout \u00e0 fait apporter votre mat\u00e9riel si vous le souhaitez.&nbsp;<\/p>\n\n\n\n<p>Certaines \u00e9coles pourront vous faire b\u00e9n\u00e9ficier de produits ou services, directement inclus dans le prix des cours. Cela peut \u00eatre un livre d\u2019apprentissage du yoga, un soin ayurv\u00e9dique ou encore une excursion.<\/p>\n\n\n\n<p><\/p>\n\n\n\n<h2 class=\"wp-block-heading\"><meta charset=\"utf-8\">Notre s\u00e9lection de formations 200 heures du moment avec du Ashtanga Yoga : <\/h2>\n\n\n\n<p><\/p>\n\n\n\n<p>\u2192 <a href=\"https:\/\/www.bookyogateachertraining.com\/fr\/green-yoga-international\/7-jours-50h-de-formation-de-professeur-de-yin-yoga-et-yoga-nidra-sur-la-magnifique-ile-de-majorque?aid=6831\">\ud83d\ude4f<\/a> <a href=\"https:\/\/www.bookyogateachertraining.com\/fr\/green-yoga-international\/7-jours-50h-de-formation-de-professeur-de-yin-yoga-et-yoga-nidra-sur-la-magnifique-ile-de-majorque?aid=6831\">Formation de 23 jours \u00e0 <\/a><a href=\"https:\/\/www.bookyogateachertraining.com\/fr\/yogaunion\/23-jours-200h-de-formation-de-professeur-de-yoga-et-developpement-personnel-a-ubud-bali?aid=7193\">Ubud<\/a><a href=\"https:\/\/www.bookyogateachertraining.com\/fr\/green-yoga-international\/7-jours-50h-de-formation-de-professeur-de-yin-yoga-et-yoga-nidra-sur-la-magnifique-ile-de-majorque?aid=6831\"> \u00e0 Bali<\/a> \ud83c\udf34\u2600\ufe0f<\/p>\n\n\n\n<p>\u2192 <a href=\"https:\/\/www.bookyogateachertraining.com\/fr\/green-yoga-international\/7-jours-50h-de-formation-de-professeur-de-yin-yoga-et-yoga-nidra-sur-la-magnifique-ile-de-majorque?aid=6831\">\ud83d\ude4f<\/a> <a href=\"https:\/\/www.bookyogateachertraining.com\/fr\/green-yoga-international\/7-jours-50h-de-formation-de-professeur-de-yin-yoga-et-yoga-nidra-sur-la-magnifique-ile-de-majorque?aid=6831\">Formation de 21 jours sur l&rsquo;\u00eele de <\/a><a href=\"https:\/\/www.bookyogateachertraining.com\/fr\/green-yoga-international\/21-jours-200h-de-formation-de-professeur-de-yoga-multi-style-dans-une-ecole-indienne-a-majorque?aid=7193\">Majorque en Espagne<\/a> \ud83c\udf34\u2600\ufe0f<\/p>\n\n\n\n<p><\/p>\n\n\n\n<h3 class=\"wp-block-heading\">Pour aller plus loin :<\/h3>\n\n\n\n<ul class=\"wp-block-list\"><li><a href=\"https:\/\/meozen.com\/fr\/yoga\/ashtanga-yoga\/pratique\/\">O\u00f9 et comment pratiquer le Ashtanga Yoga ?<\/a><\/li><li><a href=\"https:\/\/meozen.com\/fr\/yoga\/ashtanga-yoga\/tapis-materiel\/\">Quels tapis et mat\u00e9riel acheter pour pratiquer le Ashtanga Yoga ?<\/a><\/li><li>D\u00e9couvrir les retraites de Ashtanga Yoga<\/li><\/ul>\n\n\n\t\t<div data-elementor-type=\"section\" data-elementor-id=\"1166\" class=\"elementor elementor-1166\" data-elementor-post-type=\"elementor_library\">\n\t\t\t\t\t<section class=\"elementor-section elementor-top-section elementor-element elementor-element-7346d78a elementor-section-boxed elementor-section-height-default elementor-section-height-default\" data-id=\"7346d78a\" data-element_type=\"section\" data-e-type=\"section\">\n\t\t\t\t\t\t<div class=\"elementor-container elementor-column-gap-default\">\n\t\t\t\t\t<div class=\"elementor-column elementor-col-100 elementor-top-column elementor-element elementor-element-25da57dd\" data-id=\"25da57dd\" data-element_type=\"column\" data-e-type=\"column\">\n\t\t\t<div class=\"elementor-widget-wrap elementor-element-populated\">\n\t\t\t\t\t\t<section class=\"elementor-section elementor-inner-section elementor-element elementor-element-3f5c66de elementor-section-boxed elementor-section-height-default elementor-section-height-default\" data-id=\"3f5c66de\" data-element_type=\"section\" data-e-type=\"section\">\n\t\t\t\t\t\t<div class=\"elementor-container elementor-column-gap-default\">\n\t\t\t\t\t<div class=\"elementor-column elementor-col-50 elementor-inner-column elementor-element elementor-element-68586f5c\" data-id=\"68586f5c\" data-element_type=\"column\" data-e-type=\"column\" data-settings=\"{&quot;background_background&quot;:&quot;classic&quot;}\">\n\t\t\t<div class=\"elementor-widget-wrap elementor-element-populated\">\n\t\t\t\t\t\t<div class=\"elementor-element elementor-element-4041a7eb elementor-widget elementor-widget-heading\" data-id=\"4041a7eb\" data-element_type=\"widget\" data-e-type=\"widget\" data-widget_type=\"heading.default\">\n\t\t\t\t<div class=\"elementor-widget-container\">\n\t\t\t\t\t<h5 class=\"elementor-heading-title elementor-size-default\">Plus de Ashtanga Yoga \ud83e\uddd8\ud83c\udffc\u200d\u2640\ufe0f<\/h5>\t\t\t\t<\/div>\n\t\t\t\t<\/div>\n\t\t\t\t<div class=\"elementor-element elementor-element-1de8f36 more-info elementor-widget elementor-widget-text-editor\" data-id=\"1de8f36\" data-element_type=\"widget\" data-e-type=\"widget\" data-widget_type=\"text-editor.default\">\n\t\t\t\t<div class=\"elementor-widget-container\">\n\t\t\t\t\t\t\t\t\t<ul><li><span style=\"text-decoration: underline;\"><a style=\"color: #000000; text-decoration: underline;\" href=\"https:\/\/meozen.com\/fr\/yoga\/ashtanga-yoga\/\">Tout savoir sur le Ashtanga Yoga<\/a><\/span><\/li><li><span style=\"text-decoration: underline;\"><a style=\"color: #000000; text-decoration: underline;\" href=\"https:\/\/meozen.com\/fr\/yoga\/ashtanga-yoga\/pratique\/\">O\u00f9 et comment pratiquer le Ashtanga Yoga ?<\/a><\/span><\/li><li><span style=\"text-decoration: underline;\"><a style=\"color: #000000; text-decoration: underline;\" href=\"https:\/\/meozen.com\/fr\/yoga\/ashtanga-yoga\/tapis-materiel\/\">Quel mat\u00e9riel choisir pour le Ashtanga Yoga ?<\/a><\/span><\/li><\/ul>\t\t\t\t\t\t\t\t<\/div>\n\t\t\t\t<\/div>\n\t\t\t\t\t<\/div>\n\t\t<\/div>\n\t\t\t\t<div class=\"elementor-column elementor-col-50 elementor-inner-column elementor-element elementor-element-4dac87bb\" data-id=\"4dac87bb\" data-element_type=\"column\" data-e-type=\"column\" data-settings=\"{&quot;background_background&quot;:&quot;classic&quot;}\">\n\t\t\t<div class=\"elementor-widget-wrap elementor-element-populated\">\n\t\t\t\t\t\t<div class=\"elementor-element elementor-element-752524b7 elementor-widget elementor-widget-heading\" data-id=\"752524b7\" data-element_type=\"widget\" data-e-type=\"widget\" data-widget_type=\"heading.default\">\n\t\t\t\t<div class=\"elementor-widget-container\">\n\t\t\t\t\t<h5 class=\"elementor-heading-title elementor-size-default\">Plus de Formations <img decoding=\"async\" role=\"img\" class=\"emoji\" alt=\"\ud83e\uddd8\ud83c\udffc\u200d\u2640\ufe0f\" src=\"https:\/\/s.w.org\/images\/core\/emoji\/13.0.0\/svg\/1f9d8-1f3fc-200d-2640-fe0f.svg\"><\/h5>\t\t\t\t<\/div>\n\t\t\t\t<\/div>\n\t\t\t\t<div class=\"elementor-element elementor-element-448685e more-info elementor-widget elementor-widget-text-editor\" data-id=\"448685e\" data-element_type=\"widget\" data-e-type=\"widget\" data-widget_type=\"text-editor.default\">\n\t\t\t\t<div class=\"elementor-widget-container\">\n\t\t\t\t\t\t\t\t\t<ul><li><span style=\"text-decoration: underline;\"><a style=\"color: #000000; text-decoration: underline;\" href=\"https:\/\/meozen.com\/fr\/yoga\/devenir-professeur-de-yoga\/\">Devenir professeur de yoga<\/a><\/span><\/li><li><span style=\"text-decoration: underline;\"><a style=\"color: #000000; text-decoration: underline;\" href=\"https:\/\/meozen.com\/fr\/yoga\/hatha-yoga\/comment-devenir-professeur\/\">Devenir professeur de Hatha Yoga<\/a><\/span><\/li><li><span style=\"text-decoration: underline;\"><a style=\"color: #000000; text-decoration: underline;\" href=\"https:\/\/meozen.com\/fr\/yoga\/prenatal\/comment-devenir-professeur\/\">Devenir professeur de Yoga Pr\u00e9-natal<\/a><\/span><\/li><li><span style=\"text-decoration: underline;\"><a style=\"color: #000000; text-decoration: underline;\" href=\"https:\/\/meozen.com\/fr\/yoga\/nidra\/comment-devenir-professeur\/\">Devenir professeur de Yoga Nidra<\/a><\/span><\/li><li><span style=\"text-decoration: underline;\"><a style=\"color: #000000; text-decoration: underline;\" href=\"https:\/\/meozen.com\/fr\/yoga\/yin-yoga\/comment-devenir-professeur\/\">Devenir professeur de Yin Yoga<\/a><\/span><\/li><li><span style=\"text-decoration: underline;\"><a style=\"color: #000000; text-decoration: underline;\" href=\"https:\/\/meozen.com\/fr\/yoga\/vinyasa-yoga\/comment-devenir-professeur\/\">Devenir professeur de Vinyasa\u00a0<\/a><\/span><\/li><li><span style=\"text-decoration: underline;\"><a style=\"color: #000000; text-decoration: underline;\" href=\"https:\/\/meozen.com\/fr\/yoga\/teacher-training\/\">Yoga Teacher Training : tout savoir sur les formations certifiantes<\/a><\/span><\/li><\/ul>\t\t\t\t\t\t\t\t<\/div>\n\t\t\t\t<\/div>\n\t\t\t\t\t<\/div>\n\t\t<\/div>\n\t\t\t\t\t<\/div>\n\t\t<\/section>\n\t\t\t\t\t<\/div>\n\t\t<\/div>\n\t\t\t\t\t<\/div>\n\t\t<\/section>\n\t\t\t\t<\/div>\n\t\t\n\n\n\n<p><\/p>\n","protected":false},"excerpt":{"rendered":"<p>Que ce soit pour enseigner le\u00a0Ashtanga Yoga\u00a0ou simplement se perfectionner, le\u00a0Yoga Teacher Training\u00a0est un excellent programme pour y parvenir. On vous explique tout ce que vous devez savoir sur cette formation. 1. Qu\u2019est-ce qu\u2019un Yoga Teacher Training ? Le Yoga Teacher Training ou \u00ab Formation de Professeur de Yoga \u00bb est la formation permettant d\u2019enseigner [&hellip;]<\/p>\n","protected":false},"author":1,"featured_media":161,"parent":422,"menu_order":0,"comment_status":"closed","ping_status":"closed","template":"","meta":{"_mo_disable_npp":"","footnotes":""},"class_list":["post-862","page","type-page","status-publish","has-post-thumbnail","hentry"],"yoast_head":"<!-- This site is optimized with the Yoast SEO plugin v26.8 - https:\/\/yoast.com\/product\/yoast-seo-wordpress\/ -->\n<title>Formation Ashtanga Yoga : Comment devenir professeur de Ashtanga Yoga certifi\u00e9 ? - Meozen<\/title>\n<meta name=\"description\" content=\"\u27bd D\u00e9couvrez o\u00f9 aller dans le monde et quelles formations suivre pour devenir professeur de Ashtanga Yoga certifi\u00e9. \u2705\" \/>\n<meta name=\"robots\" content=\"index, follow, max-snippet:-1, max-image-preview:large, max-video-preview:-1\" \/>\n<link rel=\"canonical\" href=\"https:\/\/meozen.com\/fr\/yoga\/ashtanga-yoga\/comment-devenir-professeur\/\" \/>\n<meta property=\"og:locale\" content=\"fr_FR\" \/>\n<meta property=\"og:type\" content=\"article\" \/>\n<meta property=\"og:title\" content=\"Formation Ashtanga Yoga : Comment devenir professeur de Ashtanga Yoga certifi\u00e9 ? - Meozen\" \/>\n<meta property=\"og:description\" content=\"\u27bd D\u00e9couvrez o\u00f9 aller dans le monde et quelles formations suivre pour devenir professeur de Ashtanga Yoga certifi\u00e9. \u2705\" \/>\n<meta property=\"og:url\" content=\"https:\/\/meozen.com\/fr\/yoga\/ashtanga-yoga\/comment-devenir-professeur\/\" \/>\n<meta property=\"og:site_name\" content=\"Meozen - Votre portail bien-\u00eatre\" \/>\n<meta property=\"article:publisher\" content=\"https:\/\/www.facebook.com\/MeozenFr\/\" \/>\n<meta property=\"article:modified_time\" content=\"2023-08-14T21:15:48+00:00\" \/>\n<meta property=\"og:image\" content=\"https:\/\/meozen.com\/fr\/wp-content\/uploads\/sites\/2\/2021\/03\/devenir-professeur-de-yoga-ashtanga.jpg\" \/>\n\t<meta property=\"og:image:width\" content=\"1024\" \/>\n\t<meta property=\"og:image:height\" content=\"576\" \/>\n\t<meta property=\"og:image:type\" content=\"image\/jpeg\" \/>\n<meta name=\"twitter:card\" content=\"summary_large_image\" \/>\n<meta name=\"twitter:label1\" content=\"Dur\u00e9e de lecture estim\u00e9e\" \/>\n\t<meta name=\"twitter:data1\" content=\"3 minutes\" \/>\n<script type=\"application\/ld+json\" class=\"yoast-schema-graph\">{\"@context\":\"https:\/\/schema.org\",\"@graph\":[{\"@type\":\"WebPage\",\"@id\":\"https:\/\/meozen.com\/fr\/yoga\/ashtanga-yoga\/comment-devenir-professeur\/\",\"url\":\"https:\/\/meozen.com\/fr\/yoga\/ashtanga-yoga\/comment-devenir-professeur\/\",\"name\":\"Formation Ashtanga Yoga : Comment devenir professeur de Ashtanga Yoga certifi\u00e9 ? - Meozen\",\"isPartOf\":{\"@id\":\"https:\/\/meozen.com\/fr\/#website\"},\"primaryImageOfPage\":{\"@id\":\"https:\/\/meozen.com\/fr\/yoga\/ashtanga-yoga\/comment-devenir-professeur\/#primaryimage\"},\"image\":{\"@id\":\"https:\/\/meozen.com\/fr\/yoga\/ashtanga-yoga\/comment-devenir-professeur\/#primaryimage\"},\"thumbnailUrl\":\"https:\/\/meozen.com\/fr\/wp-content\/uploads\/sites\/2\/2021\/03\/devenir-professeur-de-yoga-ashtanga.jpg\",\"datePublished\":\"2021-03-29T21:29:00+00:00\",\"dateModified\":\"2023-08-14T21:15:48+00:00\",\"description\":\"\u27bd D\u00e9couvrez o\u00f9 aller dans le monde et quelles formations suivre pour devenir professeur de Ashtanga Yoga certifi\u00e9. \u2705\",\"breadcrumb\":{\"@id\":\"https:\/\/meozen.com\/fr\/yoga\/ashtanga-yoga\/comment-devenir-professeur\/#breadcrumb\"},\"inLanguage\":\"fr-FR\",\"potentialAction\":[{\"@type\":\"ReadAction\",\"target\":[\"https:\/\/meozen.com\/fr\/yoga\/ashtanga-yoga\/comment-devenir-professeur\/\"]}]},{\"@type\":\"ImageObject\",\"inLanguage\":\"fr-FR\",\"@id\":\"https:\/\/meozen.com\/fr\/yoga\/ashtanga-yoga\/comment-devenir-professeur\/#primaryimage\",\"url\":\"https:\/\/meozen.com\/fr\/wp-content\/uploads\/sites\/2\/2021\/03\/devenir-professeur-de-yoga-ashtanga.jpg\",\"contentUrl\":\"https:\/\/meozen.com\/fr\/wp-content\/uploads\/sites\/2\/2021\/03\/devenir-professeur-de-yoga-ashtanga.jpg\",\"width\":1024,\"height\":576,\"caption\":\"Image montrant une professeure de yoga et une \u00e9l\u00e8ve, accompagn\u00e9 de la phrase \\\"Devenir professeur de Ashtanga Yoga, les conseils Meozen\\\"\"},{\"@type\":\"BreadcrumbList\",\"@id\":\"https:\/\/meozen.com\/fr\/yoga\/ashtanga-yoga\/comment-devenir-professeur\/#breadcrumb\",\"itemListElement\":[{\"@type\":\"ListItem\",\"position\":1,\"name\":\"Accueil\",\"item\":\"https:\/\/meozen.com\/fr\/\"},{\"@type\":\"ListItem\",\"position\":2,\"name\":\"Yoga : Tout savoir sur cette pratique\",\"item\":\"https:\/\/meozen.com\/fr\/yoga\/\"},{\"@type\":\"ListItem\",\"position\":3,\"name\":\"Ashtanga Yoga : Tout savoir sur ce yoga dynamique\",\"item\":\"https:\/\/meozen.com\/fr\/yoga\/ashtanga-yoga\/\"},{\"@type\":\"ListItem\",\"position\":4,\"name\":\"Formation Ashtanga Yoga : Comment devenir professeur de Ashtanga Yoga certifi\u00e9 ?\"}]},{\"@type\":\"WebSite\",\"@id\":\"https:\/\/meozen.com\/fr\/#website\",\"url\":\"https:\/\/meozen.com\/fr\/\",\"name\":\"Meozen - Votre portail bien-\u00eatre\",\"description\":\"D\u00e9couvrez tout l&#039;univers du bien-\u00eatre, yoga, m\u00e9ditation, trouvez les meilleures retraites et formations bien-\u00eatre\",\"publisher\":{\"@id\":\"https:\/\/meozen.com\/fr\/#organization\"},\"potentialAction\":[{\"@type\":\"SearchAction\",\"target\":{\"@type\":\"EntryPoint\",\"urlTemplate\":\"https:\/\/meozen.com\/fr\/?s={search_term_string}\"},\"query-input\":{\"@type\":\"PropertyValueSpecification\",\"valueRequired\":true,\"valueName\":\"search_term_string\"}}],\"inLanguage\":\"fr-FR\"},{\"@type\":\"Organization\",\"@id\":\"https:\/\/meozen.com\/fr\/#organization\",\"name\":\"Meozen\",\"url\":\"https:\/\/meozen.com\/fr\/\",\"logo\":{\"@type\":\"ImageObject\",\"inLanguage\":\"fr-FR\",\"@id\":\"https:\/\/meozen.com\/fr\/#\/schema\/logo\/image\/\",\"url\":\"https:\/\/meozen.com\/fr\/wp-content\/uploads\/sites\/2\/2021\/06\/logo-meozen-push.jpg\",\"contentUrl\":\"https:\/\/meozen.com\/fr\/wp-content\/uploads\/sites\/2\/2021\/06\/logo-meozen-push.jpg\",\"width\":384,\"height\":384,\"caption\":\"Meozen\"},\"image\":{\"@id\":\"https:\/\/meozen.com\/fr\/#\/schema\/logo\/image\/\"},\"sameAs\":[\"https:\/\/www.facebook.com\/MeozenFr\/\",\"https:\/\/www.pinterest.fr\/meozen_officiel\/\",\"https:\/\/www.instagram.com\/meozen_officiel\/\"]}]}<\/script>\n<!-- \/ Yoast SEO plugin. -->","yoast_head_json":{"title":"Formation Ashtanga Yoga : Comment devenir professeur de Ashtanga Yoga certifi\u00e9 ? - Meozen","description":"\u27bd D\u00e9couvrez o\u00f9 aller dans le monde et quelles formations suivre pour devenir professeur de Ashtanga Yoga certifi\u00e9. \u2705","robots":{"index":"index","follow":"follow","max-snippet":"max-snippet:-1","max-image-preview":"max-image-preview:large","max-video-preview":"max-video-preview:-1"},"canonical":"https:\/\/meozen.com\/fr\/yoga\/ashtanga-yoga\/comment-devenir-professeur\/","og_locale":"fr_FR","og_type":"article","og_title":"Formation Ashtanga Yoga : Comment devenir professeur de Ashtanga Yoga certifi\u00e9 ? - Meozen","og_description":"\u27bd D\u00e9couvrez o\u00f9 aller dans le monde et quelles formations suivre pour devenir professeur de Ashtanga Yoga certifi\u00e9. \u2705","og_url":"https:\/\/meozen.com\/fr\/yoga\/ashtanga-yoga\/comment-devenir-professeur\/","og_site_name":"Meozen - Votre portail bien-\u00eatre","article_publisher":"https:\/\/www.facebook.com\/MeozenFr\/","article_modified_time":"2023-08-14T21:15:48+00:00","og_image":[{"width":1024,"height":576,"url":"https:\/\/meozen.com\/fr\/wp-content\/uploads\/sites\/2\/2021\/03\/devenir-professeur-de-yoga-ashtanga.jpg","type":"image\/jpeg"}],"twitter_card":"summary_large_image","twitter_misc":{"Dur\u00e9e de lecture estim\u00e9e":"3 minutes"},"schema":{"@context":"https:\/\/schema.org","@graph":[{"@type":"WebPage","@id":"https:\/\/meozen.com\/fr\/yoga\/ashtanga-yoga\/comment-devenir-professeur\/","url":"https:\/\/meozen.com\/fr\/yoga\/ashtanga-yoga\/comment-devenir-professeur\/","name":"Formation Ashtanga Yoga : Comment devenir professeur de Ashtanga Yoga certifi\u00e9 ? - Meozen","isPartOf":{"@id":"https:\/\/meozen.com\/fr\/#website"},"primaryImageOfPage":{"@id":"https:\/\/meozen.com\/fr\/yoga\/ashtanga-yoga\/comment-devenir-professeur\/#primaryimage"},"image":{"@id":"https:\/\/meozen.com\/fr\/yoga\/ashtanga-yoga\/comment-devenir-professeur\/#primaryimage"},"thumbnailUrl":"https:\/\/meozen.com\/fr\/wp-content\/uploads\/sites\/2\/2021\/03\/devenir-professeur-de-yoga-ashtanga.jpg","datePublished":"2021-03-29T21:29:00+00:00","dateModified":"2023-08-14T21:15:48+00:00","description":"\u27bd D\u00e9couvrez o\u00f9 aller dans le monde et quelles formations suivre pour devenir professeur de Ashtanga Yoga certifi\u00e9. \u2705","breadcrumb":{"@id":"https:\/\/meozen.com\/fr\/yoga\/ashtanga-yoga\/comment-devenir-professeur\/#breadcrumb"},"inLanguage":"fr-FR","potentialAction":[{"@type":"ReadAction","target":["https:\/\/meozen.com\/fr\/yoga\/ashtanga-yoga\/comment-devenir-professeur\/"]}]},{"@type":"ImageObject","inLanguage":"fr-FR","@id":"https:\/\/meozen.com\/fr\/yoga\/ashtanga-yoga\/comment-devenir-professeur\/#primaryimage","url":"https:\/\/meozen.com\/fr\/wp-content\/uploads\/sites\/2\/2021\/03\/devenir-professeur-de-yoga-ashtanga.jpg","contentUrl":"https:\/\/meozen.com\/fr\/wp-content\/uploads\/sites\/2\/2021\/03\/devenir-professeur-de-yoga-ashtanga.jpg","width":1024,"height":576,"caption":"Image montrant une professeure de yoga et une \u00e9l\u00e8ve, accompagn\u00e9 de la phrase \"Devenir professeur de Ashtanga Yoga, les conseils Meozen\""},{"@type":"BreadcrumbList","@id":"https:\/\/meozen.com\/fr\/yoga\/ashtanga-yoga\/comment-devenir-professeur\/#breadcrumb","itemListElement":[{"@type":"ListItem","position":1,"name":"Accueil","item":"https:\/\/meozen.com\/fr\/"},{"@type":"ListItem","position":2,"name":"Yoga : Tout savoir sur cette pratique","item":"https:\/\/meozen.com\/fr\/yoga\/"},{"@type":"ListItem","position":3,"name":"Ashtanga Yoga : Tout savoir sur ce yoga dynamique","item":"https:\/\/meozen.com\/fr\/yoga\/ashtanga-yoga\/"},{"@type":"ListItem","position":4,"name":"Formation Ashtanga Yoga : Comment devenir professeur de Ashtanga Yoga certifi\u00e9 ?"}]},{"@type":"WebSite","@id":"https:\/\/meozen.com\/fr\/#website","url":"https:\/\/meozen.com\/fr\/","name":"Meozen - Votre portail bien-\u00eatre","description":"D\u00e9couvrez tout l&#039;univers du bien-\u00eatre, yoga, m\u00e9ditation, trouvez les meilleures retraites et formations bien-\u00eatre","publisher":{"@id":"https:\/\/meozen.com\/fr\/#organization"},"potentialAction":[{"@type":"SearchAction","target":{"@type":"EntryPoint","urlTemplate":"https:\/\/meozen.com\/fr\/?s={search_term_string}"},"query-input":{"@type":"PropertyValueSpecification","valueRequired":true,"valueName":"search_term_string"}}],"inLanguage":"fr-FR"},{"@type":"Organization","@id":"https:\/\/meozen.com\/fr\/#organization","name":"Meozen","url":"https:\/\/meozen.com\/fr\/","logo":{"@type":"ImageObject","inLanguage":"fr-FR","@id":"https:\/\/meozen.com\/fr\/#\/schema\/logo\/image\/","url":"https:\/\/meozen.com\/fr\/wp-content\/uploads\/sites\/2\/2021\/06\/logo-meozen-push.jpg","contentUrl":"https:\/\/meozen.com\/fr\/wp-content\/uploads\/sites\/2\/2021\/06\/logo-meozen-push.jpg","width":384,"height":384,"caption":"Meozen"},"image":{"@id":"https:\/\/meozen.com\/fr\/#\/schema\/logo\/image\/"},"sameAs":["https:\/\/www.facebook.com\/MeozenFr\/","https:\/\/www.pinterest.fr\/meozen_officiel\/","https:\/\/www.instagram.com\/meozen_officiel\/"]}]}},"_links":{"self":[{"href":"https:\/\/meozen.com\/fr\/wp-json\/wp\/v2\/pages\/862","targetHints":{"allow":["GET"]}}],"collection":[{"href":"https:\/\/meozen.com\/fr\/wp-json\/wp\/v2\/pages"}],"about":[{"href":"https:\/\/meozen.com\/fr\/wp-json\/wp\/v2\/types\/page"}],"author":[{"embeddable":true,"href":"https:\/\/meozen.com\/fr\/wp-json\/wp\/v2\/users\/1"}],"replies":[{"embeddable":true,"href":"https:\/\/meozen.com\/fr\/wp-json\/wp\/v2\/comments?post=862"}],"version-history":[{"count":0,"href":"https:\/\/meozen.com\/fr\/wp-json\/wp\/v2\/pages\/862\/revisions"}],"up":[{"embeddable":true,"href":"https:\/\/meozen.com\/fr\/wp-json\/wp\/v2\/pages\/422"}],"wp:featuredmedia":[{"embeddable":true,"href":"https:\/\/meozen.com\/fr\/wp-json\/wp\/v2\/media\/161"}],"wp:attachment":[{"href":"https:\/\/meozen.com\/fr\/wp-json\/wp\/v2\/media?parent=862"}],"curies":[{"name":"wp","href":"https:\/\/api.w.org\/{rel}","templated":true}]}}