{"id":939,"date":"2021-04-02T00:28:04","date_gmt":"2021-04-01T22:28:04","guid":{"rendered":"https:\/\/meozen.com\/fr\/?page_id=939"},"modified":"2023-08-14T22:46:00","modified_gmt":"2023-08-14T20:46:00","slug":"pratique","status":"publish","type":"page","link":"https:\/\/meozen.com\/fr\/yoga\/hatha-yoga\/pratique\/","title":{"rendered":"O\u00f9 et comment pratiquer le Hatha Yoga ?"},"content":{"rendered":"\n<p id=\"block-572aa30c-93da-4262-ab29-42c3796b4bea\">Le <a href=\"https:\/\/meozen.com\/fr\/yoga\/hatha-yoga\/\">Hatha Yoga<\/a> est une des formes les plus traditionnelles du yoga. Envie d\u2019apprendre ou de se perfectionner dans ce yoga doux ? Chez vous, en centre ou en stage, nous vous expliquons quelles sont les diff\u00e9rentes possibilit\u00e9s de <strong>cours de Hatha Yoga<\/strong>.<\/p>\n\n\n\n<h2 class=\"wp-block-heading\" id=\"block-2feffdcb-a534-49b5-b983-3e20b880b336\"><strong>1.<\/strong>&nbsp;Pratiquer le Hatha chez soi<\/h2>\n\n\n\n<p id=\"block-29a2cd9f-da9c-4d9c-9b44-dc4629b313cf\">Si vous \u00eates plut\u00f4t casanier et que vous souhaitez aller \u00e0 votre rythme, il existe des plateformes sur lesquelles vous pouvez vous inscrire comme :<\/p>\n\n\n\n<ul class=\"wp-block-list\" id=\"block-3619d149-3163-438c-9a31-9df84dc8fb34\"><li>CasaYoga.TV<\/li><li>Yogilab<\/li><li>My <a class=\"wpil_keyword_link\" href=\"https:\/\/meozen.com\/fr\/yoga\/\"   title=\"Yoga\" data-wpil-keyword-link=\"linked\">Yoga<\/a> Connect<\/li><li>Superprof<\/li><\/ul>\n\n\n\n<p id=\"block-993cc82b-8fff-4021-a887-c34c591b7d8e\">Ces plateformes sont formidables pour pratiquer le yoga de chez soi, tout en \u00e9tant guid\u00e9. Elles fonctionnent par adh\u00e9sion \u00e0 un abonnement, souvent sans engagement de dur\u00e9e. <\/p>\n\n\n\n<p id=\"block-993cc82b-8fff-4021-a887-c34c591b7d8e\">Pour <a href=\"https:\/\/www.superprof.fr\/cours\/hatha\/france\/\" target=\"_blank\" rel=\"noreferrer noopener\">Superprof<\/a>, il s\u2019agit de r\u00e9server un cours particulier, r\u00e9alis\u00e9 ensuite en visioconf\u00e9rence. Une heure de cours particulier co\u00fbte entre 30 et 70 euros selon le professeur.<\/p>\n\n\n\n<p id=\"block-3c168b89-ae08-4a71-89ad-3727098b00fc\">Vous pourrez alors retrouver des professeurs de yoga certifi\u00e9s et exp\u00e9riment\u00e9s qui vous enseignent le <strong>Hatha Yoga<\/strong> quel que soit votre niveau.<\/p>\n\n\n\n<h3 class=\"wp-block-heading\" id=\"block-1f1684f2-9394-4c08-91de-0a90407a1295\">Suivre des vid\u00e9os gratuites, disponibles sur Youtube<\/h3>\n\n\n\n<p id=\"block-675b143d-8927-4b89-b2e5-28c654efc461\">Si vous pr\u00e9f\u00e9rez opter pour des vid\u00e9os gratuites, optez pour les cha\u00eenes YouTube :<\/p>\n\n\n\n<ul class=\"wp-block-list\" id=\"block-69a992f1-c5e3-4ab3-91ce-989029eca333\"><li><a href=\"https:\/\/www.youtube.com\/channel\/UCJEi1foUiGObzzQM3QA2H5A\" target=\"_blank\" rel=\"noreferrer noopener\">Alo Yoga<\/a><\/li><li><a href=\"https:\/\/www.youtube.com\/channel\/UCTFG6C-bubwEkbalJdbtxHw\/videos\" target=\"_blank\" rel=\"noreferrer noopener\">D\u00e9cathlon<\/a><\/li><li><a href=\"https:\/\/www.youtube.com\/channel\/UC14d6dzG1eiQ7DiQNKCaeMA\/videos\" target=\"_blank\" rel=\"noreferrer noopener\">Delphine Marie Yoga<\/a><\/li><li><a href=\"https:\/\/www.youtube.com\/playlist?list=PLcvBx66p0nltGVclKWPPTQuV6HDz_5wvf\" target=\"_blank\" rel=\"noreferrer noopener\">Elle Yoga<\/a><\/li><\/ul>\n\n\n\n<h3 class=\"wp-block-heading\">Lire des livres sur le Hatha Yoga<\/h3>\n\n\n\n<p>Enfin, vous pouvez toujours jeter un \u0153il aux livres d\u2019apprentissage du <strong>Hatha Yoga<\/strong>. Nous vous recommandons particuli\u00e8rement le titre \u00ab&nbsp;Encyclop\u00e9die Yoga : Hatha Yoga, toutes les asanas pas \u00e0 pas \u00bb de Andr\u00e9 Van Lysebeth, professeur de Hatha Yoga et \u00e9crivain belge, ayant r\u00e9dig\u00e9 un nombre important d&rsquo;ouvrages qualitatifs et d\u00e9taill\u00e9s sur l&rsquo;univers du yoga (pranayamas, tantra, yoga mental, hatha yoga, etc). Cet ouvrage vous sera d&rsquo;une grande aide pour bien comprendre et visualiser les postures inh\u00e9rentes au Hatha Yoga, les reproduire, effectuer des variations, et comprendre leurs bienfaits.<\/p>\n\n\n\n<figure class=\"wp-block-embed is-type-rich is-provider-amazon wp-block-embed-amazon\"><div class=\"wp-block-embed__wrapper\">\n<div class=\"video-container\"><iframe title=\"Yoga: Encyclop\u00e9die\" type=\"text\/html\" width=\"1170\" height=\"550\" frameborder=\"0\" allowfullscreen style=\"max-width:100%\" src=\"https:\/\/lire.amazon.fr\/kp\/card?preview=inline&#038;linkCode=kpd&#038;ref_=k4w_oembed_EgByIMohzAjFWu&#038;asin=2081376156&#038;tag=kpembed-20\"><\/iframe><\/div>\n<\/div><\/figure>\n\n\n\n<h2 class=\"wp-block-heading\" id=\"block-5a00e0e9-5b00-4d26-a0dc-8fb96d3c8c9b\"><strong>2.<\/strong> Pratiquer le Hatha Yoga en studio dans votre ville<\/h2>\n\n\n\n<p id=\"block-a2c0e717-5618-4c22-a4ed-6602d52ba38a\">\u00c0 l\u2019inverse, si vous souhaitez plut\u00f4t sortir de chez vous, vous int\u00e9grer dans un groupe et \u00eatre supervis\u00e9 par un professeur, alors la pratique du <strong>Hatha Yoga en studio<\/strong> est faite pour vous.<\/p>\n\n\n\n<p id=\"block-a0ecd1bd-44e5-4329-904e-4cacfaac1078\">Privil\u00e9giez les <strong>centres de yoga<\/strong> pr\u00e8s de votre lieu de r\u00e9sidence ou de votre lieu de travail, car il sera plus facile de vous organiser pour vos trajets et d\u2019apporter votre mat\u00e9riel si vous le d\u00e9sirez. Profitez des studios dans lesquels une premi\u00e8re s\u00e9ance est offerte ou \u00e0 prix r\u00e9duit, cela vous permettra de vous faire un avis sans pour autant vous engager tout de suite.<\/p>\n\n\n\n<h2 class=\"wp-block-heading\" id=\"block-e05a7093-cd78-4705-81c2-18a2ab5736f2\"><strong>3.<\/strong> Pratiquer le Hatha dans le cadre d\u2019une retraite ou de cours \u00e0 l\u2019\u00e9tranger<\/h2>\n\n\n\n<p id=\"block-fbac4edd-e6b6-4a5b-b5d2-f3a6ca506653\">Pour ceux du genre globe-trotteur et ayant soif de nouvelles d\u00e9couvertes,&nbsp; il est possible d\u2019allier voyage et d\u00e9couverte du yoga gr\u00e2ce aux <strong>retraites de yoga en France ou \u00e0 l\u2019\u00e9tranger<\/strong>.&nbsp;<\/p>\n\n\n\n<p id=\"block-6f5254d9-e2a8-49a6-a76a-9f788cfdd1a9\">\u00c0 l\u2019\u00e9tranger, vous aurez un vaste choix de destinations, sur tous les continents. Cependant, vous remarquerez qu\u2019un grand nombre de retraites et stages se trouvent en <strong>Asie<\/strong>, notamment en Inde, le berceau du Yoga. Vous pouvez aussi trouver des destinations moins<\/p>\n\n\n\n<p id=\"block-9ee08842-4cf5-4573-99d0-67a0be10c7f7\">lointaines, en <strong>France<\/strong> ou en <strong>Europe<\/strong>, avec de nombreuses destinations ensoleill\u00e9es \u00e0 la carte (Croatie, Italie, Espagne, Gr\u00e8ce).<\/p>\n\n\n\n<p id=\"block-4d51fcd5-c2d5-4d28-9feb-299fca143e1a\">Pour trouver la retraite ou le stage qui vous convient, Meozen vous conseille le site <a href=\"https:\/\/www.bookyogaretreats.com\/fr?aid=6831\" target=\"_blank\" rel=\"noreferrer noopener\">BookYogaRetreats<\/a> qui r\u00e9unit un grand nombre d\u2019offres dans le monde.<\/p>\n\n\n\n<p><\/p>\n\n\n\n<h3 class=\"wp-block-heading\">Pour aller plus loin :<\/h3>\n\n\n\n<ul class=\"wp-block-list\"><li><a href=\"https:\/\/meozen.com\/fr\/yoga\/hatha-yoga\/tapis-materiel\/\">Quels tapis et mat\u00e9riel acheter pour pratiquer le Hatha Yoga ?<\/a><\/li><li>D\u00e9couvrir les retraites de Hatha Yoga<\/li><li><a href=\"https:\/\/meozen.com\/fr\/yoga\/hatha-yoga\/comment-devenir-professeur\/\">Comment devenir professeur de Hatha Yoga ?<\/a><\/li><\/ul>\n","protected":false},"excerpt":{"rendered":"<p>Le Hatha Yoga est une des formes les plus traditionnelles du yoga. Envie d\u2019apprendre ou de se perfectionner dans ce yoga doux ? Chez vous, en centre ou en stage, nous vous expliquons quelles sont les diff\u00e9rentes possibilit\u00e9s de cours de Hatha Yoga. 1.&nbsp;Pratiquer le Hatha chez soi Si vous \u00eates plut\u00f4t casanier et que [&hellip;]<\/p>\n","protected":false},"author":1,"featured_media":163,"parent":335,"menu_order":0,"comment_status":"closed","ping_status":"closed","template":"","meta":{"_mo_disable_npp":"","footnotes":""},"class_list":["post-939","page","type-page","status-publish","has-post-thumbnail","hentry"],"yoast_head":"<!-- This site is optimized with the Yoast SEO plugin v26.8 - https:\/\/yoast.com\/product\/yoast-seo-wordpress\/ -->\n<title>O\u00f9 et comment pratiquer le Hatha Yoga ? - Meozen<\/title>\n<meta name=\"description\" content=\"\u27bd D\u00e9couvrez o\u00f9 et comment pratiquer le Hatha Yoga : en retraite yogi en France ou \u00e0 l&#039;\u00e9tranger, en centre de yoga, depuis chez vous et plus. \u2705\" \/>\n<meta name=\"robots\" content=\"index, follow, max-snippet:-1, max-image-preview:large, max-video-preview:-1\" \/>\n<link rel=\"canonical\" href=\"https:\/\/meozen.com\/fr\/yoga\/hatha-yoga\/pratique\/\" \/>\n<meta property=\"og:locale\" content=\"fr_FR\" \/>\n<meta property=\"og:type\" content=\"article\" \/>\n<meta property=\"og:title\" content=\"O\u00f9 et comment pratiquer le Hatha Yoga ? - Meozen\" \/>\n<meta property=\"og:description\" content=\"\u27bd D\u00e9couvrez o\u00f9 et comment pratiquer le Hatha Yoga : en retraite yogi en France ou \u00e0 l&#039;\u00e9tranger, en centre de yoga, depuis chez vous et plus. \u2705\" \/>\n<meta property=\"og:url\" content=\"https:\/\/meozen.com\/fr\/yoga\/hatha-yoga\/pratique\/\" \/>\n<meta property=\"og:site_name\" content=\"Meozen - Votre portail bien-\u00eatre\" \/>\n<meta property=\"article:publisher\" content=\"https:\/\/www.facebook.com\/MeozenFr\/\" \/>\n<meta property=\"article:modified_time\" content=\"2023-08-14T20:46:00+00:00\" \/>\n<meta property=\"og:image\" content=\"https:\/\/meozen.com\/fr\/wp-content\/uploads\/sites\/2\/2021\/03\/formation-hatha-yoga-meozen.jpg\" \/>\n\t<meta property=\"og:image:width\" content=\"1024\" \/>\n\t<meta property=\"og:image:height\" content=\"576\" \/>\n\t<meta property=\"og:image:type\" content=\"image\/jpeg\" \/>\n<meta name=\"twitter:card\" content=\"summary_large_image\" \/>\n<meta name=\"twitter:label1\" content=\"Dur\u00e9e de lecture estim\u00e9e\" \/>\n\t<meta name=\"twitter:data1\" content=\"3 minutes\" \/>\n<script type=\"application\/ld+json\" class=\"yoast-schema-graph\">{\"@context\":\"https:\/\/schema.org\",\"@graph\":[{\"@type\":\"WebPage\",\"@id\":\"https:\/\/meozen.com\/fr\/yoga\/hatha-yoga\/pratique\/\",\"url\":\"https:\/\/meozen.com\/fr\/yoga\/hatha-yoga\/pratique\/\",\"name\":\"O\u00f9 et comment pratiquer le Hatha Yoga ? - Meozen\",\"isPartOf\":{\"@id\":\"https:\/\/meozen.com\/fr\/#website\"},\"primaryImageOfPage\":{\"@id\":\"https:\/\/meozen.com\/fr\/yoga\/hatha-yoga\/pratique\/#primaryimage\"},\"image\":{\"@id\":\"https:\/\/meozen.com\/fr\/yoga\/hatha-yoga\/pratique\/#primaryimage\"},\"thumbnailUrl\":\"https:\/\/meozen.com\/fr\/wp-content\/uploads\/sites\/2\/2021\/03\/formation-hatha-yoga-meozen.jpg\",\"datePublished\":\"2021-04-01T22:28:04+00:00\",\"dateModified\":\"2023-08-14T20:46:00+00:00\",\"description\":\"\u27bd D\u00e9couvrez o\u00f9 et comment pratiquer le Hatha Yoga : en retraite yogi en France ou \u00e0 l'\u00e9tranger, en centre de yoga, depuis chez vous et plus. \u2705\",\"breadcrumb\":{\"@id\":\"https:\/\/meozen.com\/fr\/yoga\/hatha-yoga\/pratique\/#breadcrumb\"},\"inLanguage\":\"fr-FR\",\"potentialAction\":[{\"@type\":\"ReadAction\",\"target\":[\"https:\/\/meozen.com\/fr\/yoga\/hatha-yoga\/pratique\/\"]}]},{\"@type\":\"ImageObject\",\"inLanguage\":\"fr-FR\",\"@id\":\"https:\/\/meozen.com\/fr\/yoga\/hatha-yoga\/pratique\/#primaryimage\",\"url\":\"https:\/\/meozen.com\/fr\/wp-content\/uploads\/sites\/2\/2021\/03\/formation-hatha-yoga-meozen.jpg\",\"contentUrl\":\"https:\/\/meozen.com\/fr\/wp-content\/uploads\/sites\/2\/2021\/03\/formation-hatha-yoga-meozen.jpg\",\"width\":1024,\"height\":576,\"caption\":\"Image montrant un cours de yoga, accompagn\u00e9 de la phrase \\\"Se former au Hatha Yoga, les conseils Meozen\\\"\"},{\"@type\":\"BreadcrumbList\",\"@id\":\"https:\/\/meozen.com\/fr\/yoga\/hatha-yoga\/pratique\/#breadcrumb\",\"itemListElement\":[{\"@type\":\"ListItem\",\"position\":1,\"name\":\"Accueil\",\"item\":\"https:\/\/meozen.com\/fr\/\"},{\"@type\":\"ListItem\",\"position\":2,\"name\":\"Yoga : Tout savoir sur cette pratique\",\"item\":\"https:\/\/meozen.com\/fr\/yoga\/\"},{\"@type\":\"ListItem\",\"position\":3,\"name\":\"Hatha Yoga : Tout savoir sur ce yoga traditionnel\",\"item\":\"https:\/\/meozen.com\/fr\/yoga\/hatha-yoga\/\"},{\"@type\":\"ListItem\",\"position\":4,\"name\":\"O\u00f9 et comment pratiquer le Hatha Yoga ?\"}]},{\"@type\":\"WebSite\",\"@id\":\"https:\/\/meozen.com\/fr\/#website\",\"url\":\"https:\/\/meozen.com\/fr\/\",\"name\":\"Meozen - Votre portail bien-\u00eatre\",\"description\":\"D\u00e9couvrez tout l&#039;univers du bien-\u00eatre, yoga, m\u00e9ditation, trouvez les meilleures retraites et formations bien-\u00eatre\",\"publisher\":{\"@id\":\"https:\/\/meozen.com\/fr\/#organization\"},\"potentialAction\":[{\"@type\":\"SearchAction\",\"target\":{\"@type\":\"EntryPoint\",\"urlTemplate\":\"https:\/\/meozen.com\/fr\/?s={search_term_string}\"},\"query-input\":{\"@type\":\"PropertyValueSpecification\",\"valueRequired\":true,\"valueName\":\"search_term_string\"}}],\"inLanguage\":\"fr-FR\"},{\"@type\":\"Organization\",\"@id\":\"https:\/\/meozen.com\/fr\/#organization\",\"name\":\"Meozen\",\"url\":\"https:\/\/meozen.com\/fr\/\",\"logo\":{\"@type\":\"ImageObject\",\"inLanguage\":\"fr-FR\",\"@id\":\"https:\/\/meozen.com\/fr\/#\/schema\/logo\/image\/\",\"url\":\"https:\/\/meozen.com\/fr\/wp-content\/uploads\/sites\/2\/2021\/06\/logo-meozen-push.jpg\",\"contentUrl\":\"https:\/\/meozen.com\/fr\/wp-content\/uploads\/sites\/2\/2021\/06\/logo-meozen-push.jpg\",\"width\":384,\"height\":384,\"caption\":\"Meozen\"},\"image\":{\"@id\":\"https:\/\/meozen.com\/fr\/#\/schema\/logo\/image\/\"},\"sameAs\":[\"https:\/\/www.facebook.com\/MeozenFr\/\",\"https:\/\/www.pinterest.fr\/meozen_officiel\/\",\"https:\/\/www.instagram.com\/meozen_officiel\/\"]}]}<\/script>\n<!-- \/ Yoast SEO plugin. -->","yoast_head_json":{"title":"O\u00f9 et comment pratiquer le Hatha Yoga ? - Meozen","description":"\u27bd D\u00e9couvrez o\u00f9 et comment pratiquer le Hatha Yoga : en retraite yogi en France ou \u00e0 l'\u00e9tranger, en centre de yoga, depuis chez vous et plus. \u2705","robots":{"index":"index","follow":"follow","max-snippet":"max-snippet:-1","max-image-preview":"max-image-preview:large","max-video-preview":"max-video-preview:-1"},"canonical":"https:\/\/meozen.com\/fr\/yoga\/hatha-yoga\/pratique\/","og_locale":"fr_FR","og_type":"article","og_title":"O\u00f9 et comment pratiquer le Hatha Yoga ? - Meozen","og_description":"\u27bd D\u00e9couvrez o\u00f9 et comment pratiquer le Hatha Yoga : en retraite yogi en France ou \u00e0 l'\u00e9tranger, en centre de yoga, depuis chez vous et plus. \u2705","og_url":"https:\/\/meozen.com\/fr\/yoga\/hatha-yoga\/pratique\/","og_site_name":"Meozen - Votre portail bien-\u00eatre","article_publisher":"https:\/\/www.facebook.com\/MeozenFr\/","article_modified_time":"2023-08-14T20:46:00+00:00","og_image":[{"width":1024,"height":576,"url":"https:\/\/meozen.com\/fr\/wp-content\/uploads\/sites\/2\/2021\/03\/formation-hatha-yoga-meozen.jpg","type":"image\/jpeg"}],"twitter_card":"summary_large_image","twitter_misc":{"Dur\u00e9e de lecture estim\u00e9e":"3 minutes"},"schema":{"@context":"https:\/\/schema.org","@graph":[{"@type":"WebPage","@id":"https:\/\/meozen.com\/fr\/yoga\/hatha-yoga\/pratique\/","url":"https:\/\/meozen.com\/fr\/yoga\/hatha-yoga\/pratique\/","name":"O\u00f9 et comment pratiquer le Hatha Yoga ? - Meozen","isPartOf":{"@id":"https:\/\/meozen.com\/fr\/#website"},"primaryImageOfPage":{"@id":"https:\/\/meozen.com\/fr\/yoga\/hatha-yoga\/pratique\/#primaryimage"},"image":{"@id":"https:\/\/meozen.com\/fr\/yoga\/hatha-yoga\/pratique\/#primaryimage"},"thumbnailUrl":"https:\/\/meozen.com\/fr\/wp-content\/uploads\/sites\/2\/2021\/03\/formation-hatha-yoga-meozen.jpg","datePublished":"2021-04-01T22:28:04+00:00","dateModified":"2023-08-14T20:46:00+00:00","description":"\u27bd D\u00e9couvrez o\u00f9 et comment pratiquer le Hatha Yoga : en retraite yogi en France ou \u00e0 l'\u00e9tranger, en centre de yoga, depuis chez vous et plus. \u2705","breadcrumb":{"@id":"https:\/\/meozen.com\/fr\/yoga\/hatha-yoga\/pratique\/#breadcrumb"},"inLanguage":"fr-FR","potentialAction":[{"@type":"ReadAction","target":["https:\/\/meozen.com\/fr\/yoga\/hatha-yoga\/pratique\/"]}]},{"@type":"ImageObject","inLanguage":"fr-FR","@id":"https:\/\/meozen.com\/fr\/yoga\/hatha-yoga\/pratique\/#primaryimage","url":"https:\/\/meozen.com\/fr\/wp-content\/uploads\/sites\/2\/2021\/03\/formation-hatha-yoga-meozen.jpg","contentUrl":"https:\/\/meozen.com\/fr\/wp-content\/uploads\/sites\/2\/2021\/03\/formation-hatha-yoga-meozen.jpg","width":1024,"height":576,"caption":"Image montrant un cours de yoga, accompagn\u00e9 de la phrase \"Se former au Hatha Yoga, les conseils Meozen\""},{"@type":"BreadcrumbList","@id":"https:\/\/meozen.com\/fr\/yoga\/hatha-yoga\/pratique\/#breadcrumb","itemListElement":[{"@type":"ListItem","position":1,"name":"Accueil","item":"https:\/\/meozen.com\/fr\/"},{"@type":"ListItem","position":2,"name":"Yoga : Tout savoir sur cette pratique","item":"https:\/\/meozen.com\/fr\/yoga\/"},{"@type":"ListItem","position":3,"name":"Hatha Yoga : Tout savoir sur ce yoga traditionnel","item":"https:\/\/meozen.com\/fr\/yoga\/hatha-yoga\/"},{"@type":"ListItem","position":4,"name":"O\u00f9 et comment pratiquer le Hatha Yoga ?"}]},{"@type":"WebSite","@id":"https:\/\/meozen.com\/fr\/#website","url":"https:\/\/meozen.com\/fr\/","name":"Meozen - Votre portail bien-\u00eatre","description":"D\u00e9couvrez tout l&#039;univers du bien-\u00eatre, yoga, m\u00e9ditation, trouvez les meilleures retraites et formations bien-\u00eatre","publisher":{"@id":"https:\/\/meozen.com\/fr\/#organization"},"potentialAction":[{"@type":"SearchAction","target":{"@type":"EntryPoint","urlTemplate":"https:\/\/meozen.com\/fr\/?s={search_term_string}"},"query-input":{"@type":"PropertyValueSpecification","valueRequired":true,"valueName":"search_term_string"}}],"inLanguage":"fr-FR"},{"@type":"Organization","@id":"https:\/\/meozen.com\/fr\/#organization","name":"Meozen","url":"https:\/\/meozen.com\/fr\/","logo":{"@type":"ImageObject","inLanguage":"fr-FR","@id":"https:\/\/meozen.com\/fr\/#\/schema\/logo\/image\/","url":"https:\/\/meozen.com\/fr\/wp-content\/uploads\/sites\/2\/2021\/06\/logo-meozen-push.jpg","contentUrl":"https:\/\/meozen.com\/fr\/wp-content\/uploads\/sites\/2\/2021\/06\/logo-meozen-push.jpg","width":384,"height":384,"caption":"Meozen"},"image":{"@id":"https:\/\/meozen.com\/fr\/#\/schema\/logo\/image\/"},"sameAs":["https:\/\/www.facebook.com\/MeozenFr\/","https:\/\/www.pinterest.fr\/meozen_officiel\/","https:\/\/www.instagram.com\/meozen_officiel\/"]}]}},"_links":{"self":[{"href":"https:\/\/meozen.com\/fr\/wp-json\/wp\/v2\/pages\/939","targetHints":{"allow":["GET"]}}],"collection":[{"href":"https:\/\/meozen.com\/fr\/wp-json\/wp\/v2\/pages"}],"about":[{"href":"https:\/\/meozen.com\/fr\/wp-json\/wp\/v2\/types\/page"}],"author":[{"embeddable":true,"href":"https:\/\/meozen.com\/fr\/wp-json\/wp\/v2\/users\/1"}],"replies":[{"embeddable":true,"href":"https:\/\/meozen.com\/fr\/wp-json\/wp\/v2\/comments?post=939"}],"version-history":[{"count":0,"href":"https:\/\/meozen.com\/fr\/wp-json\/wp\/v2\/pages\/939\/revisions"}],"up":[{"embeddable":true,"href":"https:\/\/meozen.com\/fr\/wp-json\/wp\/v2\/pages\/335"}],"wp:featuredmedia":[{"embeddable":true,"href":"https:\/\/meozen.com\/fr\/wp-json\/wp\/v2\/media\/163"}],"wp:attachment":[{"href":"https:\/\/meozen.com\/fr\/wp-json\/wp\/v2\/media?parent=939"}],"curies":[{"name":"wp","href":"https:\/\/api.w.org\/{rel}","templated":true}]}}