{"id":988,"date":"2021-04-06T23:47:43","date_gmt":"2021-04-06T21:47:43","guid":{"rendered":"https:\/\/meozen.com\/fr\/?page_id=988"},"modified":"2024-03-22T16:42:34","modified_gmt":"2024-03-22T15:42:34","slug":"murcha-pranayama","status":"publish","type":"page","link":"https:\/\/meozen.com\/fr\/yoga\/pranayama\/murcha-pranayama\/","title":{"rendered":"Murcha Pranayama : la respiration qui rend euphorique"},"content":{"rendered":"\n<p>Comptant parmi les pratiques yogis les plus importantes et courantes, les pranayamas ont diff\u00e9rents impacts positifs sur le corps et l&rsquo;esprit. Parmi eux, le Murcha Pranayama, pratique r\u00e9serv\u00e9e aux yogis confirm\u00e9s, consiste en une <strong>respiration rapide, cens\u00e9e provoquer un \u00e9tourdissement euphorisant<\/strong>. Plus qu\u2019une m\u00e9thode de respiration, cette pratique est consid\u00e9r\u00e9e comme un <strong>outil apaisant pour l\u2019esprit<\/strong>. D\u00e9couvrez comment effectuer ce <a href=\"https:\/\/meozen.com\/fr\/yoga\/pranayama\/\">pranayama<\/a>, sa d\u00e9finition ainsi que ses contres-indications.&nbsp;<\/p>\n\n\n\n<h2 class=\"wp-block-heading\">D\u00e9finition de Murcha Pranayama<\/h2>\n\n\n\n<p>En sanskrit, le terme Murcha (ou Moorcha) signifie \u00ab&nbsp;s\u2019\u00e9vanouir \u00bb. Pranayama signifiant \u00ab respiration \u00bb, on peut alors traduire Murcha Pranayama en \u00ab respiration de l\u2019\u00e9vanouissement \u00bb.&nbsp;<\/p>\n\n\n\n<p>Cette pratique tient son nom d\u00fb \u00e0 <strong>sa m\u00e9canique respiratoire particuli\u00e8re, provoquant une sensation d\u2019\u00e9tourdissement, de t\u00eate qui tourne<\/strong>. C\u2019est ce qui est recherch\u00e9 par ses pratiquants, consid\u00e9rant, paradoxalement, que cela procure une sensation de confort.<\/p>\n\n\n\n<h2 class=\"wp-block-heading\">Effets de ce pranayama<\/h2>\n\n\n\n<p>De par la sensation d\u2019\u00e9tourdissement qu\u2019il procure, le Moorcha Prananaya a \u00e9t\u00e9 con\u00e7u pour <strong>procurer un sentiment d\u2019euphorie<\/strong>. Il aiderait \u00e9galement \u00e0 am\u00e9liorer l\u2019\u00e9nergie mentale de la personne le pratiquant.&nbsp;<\/p>\n\n\n\n<p>Enfin, sa pratique permettrait de sentir des sensations de joie de mani\u00e8re plus importante, donnant en quelques sortes la sensation de flotter.<\/p>\n\n\n\n<figure class=\"wp-block-image size-large\"><img decoding=\"async\" src=\"https:\/\/meozen.com\/fr\/wp-content\/uploads\/sites\/2\/2021\/03\/murcha-pranayama-illustration.jpg\" alt=\"\" class=\"wp-image-1146\" style=\"border-radius:30px;\"><figcaption>Un sentiment d&rsquo;euphorie est recherch\u00e9 par les yogis pratiquant le Murcha Pranayama.<\/figcaption><\/figure>\n\n\n\n<h2 class=\"wp-block-heading\">Quand pratiquer le Murcha Pranayama ?&nbsp;<\/h2>\n\n\n\n<p>Ce pranayama avanc\u00e9 est \u00e0 pratiquer de bon matin. Si vous d\u00e9butez, il est fortement conseill\u00e9 de pratiquer ce pranayama avec un professionnel.<\/p>\n\n\n\n<h2 class=\"wp-block-heading\">Comment pratiquer ce pranayama ?<\/h2>\n\n\n\n<p>&nbsp;Voici le d\u00e9roulement, \u00e9tape par \u00e9tape :&nbsp;<\/p>\n\n\n\n<ol class=\"wp-block-list\">\n<li><strong>Asseyez-vous confortablement<\/strong> (sur le sol jambes crois\u00e9es, en lotus, ou sur une chaise les pieds plats sur le sol). Assurez-vous que votre dos, t\u00eate et cou forment une m\u00eame ligne tout au long de la pratique.<\/li>\n\n\n\n<li><strong>Fermez d\u00e9licatement les yeux.<\/strong><\/li>\n\n\n\n<li><strong>Relevez d\u00e9licatement votre t\u00eate, en la mettant vers l\u2019arri\u00e8re<\/strong>.<\/li>\n\n\n\n<li><strong>Inspirer par le nez profond\u00e9ment<\/strong>.<\/li>\n\n\n\n<li><strong>Gardez votre respiration pour 5 secondes<\/strong>.&nbsp;<\/li>\n\n\n\n<li><strong>Rel\u00e2cher votre respiration par la bouche<\/strong>.<\/li>\n\n\n\n<li><strong>R\u00e9p\u00e9tez ce cycle cinq \u00e0 dix fois<\/strong> (il faut que cela reste agr\u00e9able pour vous), puis relevez davantage la t\u00eate. Vous devriez ressentir une sensation d\u2019\u00e9tourdissement, m\u00e9lang\u00e9 \u00e0 de l\u2019euphorie.<\/li>\n<\/ol>\n\n\n\n<p>Si vous d\u00e9butez, pratiquez cette respiration sur cinq cycles seulement. Vous pourrez en faire davantage d\u00e8s lors que vous ma\u00eetriserez ce pranayama.<\/p>\n\n\n\n<h3 class=\"wp-block-heading\">Le Murcha Pranayama en vid\u00e9o<\/h3>\n\n\n\n<figure class=\"wp-block-embed is-type-video is-provider-youtube wp-block-embed-youtube wp-embed-aspect-4-3 wp-has-aspect-ratio\"><div class=\"wp-block-embed__wrapper\">\n<div class=\"video-container\"><iframe title=\"Moorcha \/ Murcha pranayam breathing exercise\" width=\"1170\" height=\"878\" src=\"https:\/\/www.youtube.com\/embed\/yluBqrupsM8?feature=oembed\" frameborder=\"0\" allow=\"accelerometer; autoplay; clipboard-write; encrypted-media; gyroscope; picture-in-picture; web-share\" allowfullscreen><\/iframe><\/div>\n<\/div><\/figure>\n\n\n\n<h3 class=\"wp-block-heading\">Contre-indications du Murcha Pranayama<\/h3>\n\n\n\n<p>Le Murcha Pranayama doit \u00eatre \u00e9vit\u00e9 dans les cas suivants :<\/p>\n\n\n\n<ul class=\"wp-block-list\">\n<li>Grossesse<\/li>\n\n\n\n<li>Haute pression sanguine<\/li>\n\n\n\n<li>Basse pression sanguine<\/li>\n\n\n\n<li>Epilepsie<\/li>\n\n\n\n<li>Personnes ayant des pr\u00e9dispositions aux troubles li\u00e9s \u00e0 l\u2019an\u00e9vrisme<\/li>\n\n\n\n<li>Probl\u00e8mes de coeur tels que l\u2019ath\u00e9roscl\u00e9rose<\/li>\n\n\n\n<li>Probl\u00e8mes de type glaucome<\/li>\n<\/ul>\n\n\n\t\t<div data-elementor-type=\"section\" data-elementor-id=\"1270\" class=\"elementor elementor-1270\" data-elementor-post-type=\"elementor_library\">\n\t\t\t\t\t<section class=\"elementor-section elementor-top-section elementor-element elementor-element-125782cc elementor-section-boxed elementor-section-height-default elementor-section-height-default\" data-id=\"125782cc\" data-element_type=\"section\" data-e-type=\"section\">\n\t\t\t\t\t\t<div class=\"elementor-container elementor-column-gap-default\">\n\t\t\t\t\t<div class=\"elementor-column elementor-col-100 elementor-top-column elementor-element elementor-element-64a3697b\" data-id=\"64a3697b\" data-element_type=\"column\" data-e-type=\"column\">\n\t\t\t<div class=\"elementor-widget-wrap elementor-element-populated\">\n\t\t\t\t\t\t<section class=\"elementor-section elementor-inner-section elementor-element elementor-element-37e46cb2 elementor-section-boxed elementor-section-height-default elementor-section-height-default\" data-id=\"37e46cb2\" data-element_type=\"section\" data-e-type=\"section\">\n\t\t\t\t\t\t<div class=\"elementor-container elementor-column-gap-default\">\n\t\t\t\t\t<div class=\"elementor-column elementor-col-100 elementor-inner-column elementor-element elementor-element-5b3f1b18\" data-id=\"5b3f1b18\" data-element_type=\"column\" data-e-type=\"column\" data-settings=\"{&quot;background_background&quot;:&quot;classic&quot;}\">\n\t\t\t<div class=\"elementor-widget-wrap elementor-element-populated\">\n\t\t\t\t\t\t<div class=\"elementor-element elementor-element-70d9bae3 elementor-widget elementor-widget-heading\" data-id=\"70d9bae3\" data-element_type=\"widget\" data-e-type=\"widget\" data-widget_type=\"heading.default\">\n\t\t\t\t<div class=\"elementor-widget-container\">\n\t\t\t\t\t<h5 class=\"elementor-heading-title elementor-size-default\">Tout savoir sur les pranayamas\ud83e\uddd8\ud83c\udffc\u200d\u2640\ufe0f<\/h5>\t\t\t\t<\/div>\n\t\t\t\t<\/div>\n\t\t\t\t<div class=\"elementor-element elementor-element-733c7fcb more-info elementor-widget elementor-widget-text-editor\" data-id=\"733c7fcb\" data-element_type=\"widget\" data-e-type=\"widget\" data-widget_type=\"text-editor.default\">\n\t\t\t\t<div class=\"elementor-widget-container\">\n\t\t\t\t\t\t\t\t\t<ul><li><span style=\"text-decoration: underline;\"><a style=\"color: #000000; text-decoration: underline;\" href=\"https:\/\/meozen.com\/fr\/yoga\/pranayama\/ujjayi-pranayama\/\">Ujjayi Pranyama : la respiration relaxante<\/a><\/span><\/li><li><a style=\"color: #000000; text-decoration: underline;\" href=\"https:\/\/meozen.com\/fr\/yoga\/pranayama\/surya-bhedana\/\">Surya Bhedana Pranayama : une respiration solaire<\/a><\/li><li><a style=\"color: #000000; text-decoration: underline;\" href=\"https:\/\/meozen.com\/fr\/yoga\/pranayama\/chandra-bhedana\/\">Chandra bhedana pranayama : la respiration lunaire qui stimule la cr\u00e9ativit\u00e9<\/a><\/li><li><a style=\"color: #000000; text-decoration: underline;\" href=\"https:\/\/meozen.com\/fr\/yoga\/pranayama\/sheetkari-pranayama\/\">Sheetkari Pranayama : une respiration raffraichissante entre les dents<\/a><\/li><li><a style=\"color: #000000; text-decoration: underline;\" href=\"https:\/\/meozen.com\/fr\/yoga\/pranayama\/sheetali-pranayama\/\">Sheetali Pranayama : une respiration raffraichissante avec la langue<\/a><\/li><li><a style=\"color: #000000; text-decoration: underline;\" href=\"https:\/\/meozen.com\/fr\/yoga\/pranayama\/murcha-pranayama\/\">Murcha pranayama : la respiration euphorisante<\/a><\/li><li><a style=\"color: #000000; text-decoration: underline;\" href=\"https:\/\/meozen.com\/fr\/yoga\/pranayama\/nadi-shodhana\/\">Nadi Shodhana : une respiration purifiante<\/a><\/li><li><a style=\"color: #000000; text-decoration: underline;\" href=\"https:\/\/meozen.com\/fr\/yoga\/pranayama\/kapalbhati-pranayama\/\">Kapalbhati pranayama : la respiration qui \u00e9veille<\/a><\/li><li><a style=\"color: #000000; text-decoration: underline;\" href=\"https:\/\/meozen.com\/fr\/yoga\/pranayama\/bhramari-pranayama\/\">Bhramari pranayama : la respiration apaisante de l&rsquo;abeille<\/a><\/li><li><a style=\"color: #000000; text-decoration: underline;\" href=\"https:\/\/meozen.com\/fr\/yoga\/pranayama\/\">Que sont les pranayamas, les techniques de respirations yogis ?<\/a><\/li><\/ul>\t\t\t\t\t\t\t\t<\/div>\n\t\t\t\t<\/div>\n\t\t\t\t\t<\/div>\n\t\t<\/div>\n\t\t\t\t\t<\/div>\n\t\t<\/section>\n\t\t\t\t\t<\/div>\n\t\t<\/div>\n\t\t\t\t\t<\/div>\n\t\t<\/section>\n\t\t\t\t<\/div>\n\t\t\n","protected":false},"excerpt":{"rendered":"<p>Comptant parmi les pratiques yogis les plus importantes et courantes, les pranayamas ont diff\u00e9rents impacts positifs sur le corps et l&rsquo;esprit. Parmi eux, le Murcha Pranayama, pratique r\u00e9serv\u00e9e aux yogis confirm\u00e9s, consiste en une respiration rapide, cens\u00e9e provoquer un \u00e9tourdissement euphorisant. Plus qu\u2019une m\u00e9thode de respiration, cette pratique est consid\u00e9r\u00e9e comme un outil apaisant pour [&hellip;]<\/p>\n","protected":false},"author":1,"featured_media":243,"parent":531,"menu_order":0,"comment_status":"closed","ping_status":"closed","template":"","meta":{"_mo_disable_npp":"","footnotes":""},"class_list":["post-988","page","type-page","status-publish","has-post-thumbnail","hentry"],"yoast_head":"<!-- This site is optimized with the Yoast SEO plugin v26.8 - https:\/\/yoast.com\/product\/yoast-seo-wordpress\/ -->\n<title>Murcha Pranayama : la respiration qui rend euphorique - Meozen<\/title>\n<meta name=\"description\" content=\"\u27bd D\u00e9couvrez tout sur le Murcha Pranayama : d\u00e9finition, pratique \u00e9tape par \u00e9tape, bienfaits \u2705 et contre-indications.\" \/>\n<meta name=\"robots\" content=\"index, follow, max-snippet:-1, max-image-preview:large, max-video-preview:-1\" \/>\n<link rel=\"canonical\" href=\"https:\/\/meozen.com\/fr\/yoga\/pranayama\/murcha-pranayama\/\" \/>\n<meta property=\"og:locale\" content=\"fr_FR\" \/>\n<meta property=\"og:type\" content=\"article\" \/>\n<meta property=\"og:title\" content=\"Murcha Pranayama : la respiration qui rend euphorique - Meozen\" \/>\n<meta property=\"og:description\" content=\"\u27bd D\u00e9couvrez tout sur le Murcha Pranayama : d\u00e9finition, pratique \u00e9tape par \u00e9tape, bienfaits \u2705 et contre-indications.\" \/>\n<meta property=\"og:url\" content=\"https:\/\/meozen.com\/fr\/yoga\/pranayama\/murcha-pranayama\/\" \/>\n<meta property=\"og:site_name\" content=\"Meozen - Votre portail bien-\u00eatre\" \/>\n<meta property=\"article:publisher\" content=\"https:\/\/www.facebook.com\/MeozenFr\/\" \/>\n<meta property=\"article:modified_time\" content=\"2024-03-22T15:42:34+00:00\" \/>\n<meta property=\"og:image\" content=\"https:\/\/meozen.com\/fr\/wp-content\/uploads\/sites\/2\/2021\/03\/murcha-pranayama.jpg\" \/>\n\t<meta property=\"og:image:width\" content=\"1024\" \/>\n\t<meta property=\"og:image:height\" content=\"576\" \/>\n\t<meta property=\"og:image:type\" content=\"image\/jpeg\" \/>\n<meta name=\"twitter:card\" content=\"summary_large_image\" \/>\n<meta name=\"twitter:label1\" content=\"Dur\u00e9e de lecture estim\u00e9e\" \/>\n\t<meta name=\"twitter:data1\" content=\"3 minutes\" \/>\n<script type=\"application\/ld+json\" class=\"yoast-schema-graph\">{\"@context\":\"https:\/\/schema.org\",\"@graph\":[{\"@type\":\"WebPage\",\"@id\":\"https:\/\/meozen.com\/fr\/yoga\/pranayama\/murcha-pranayama\/\",\"url\":\"https:\/\/meozen.com\/fr\/yoga\/pranayama\/murcha-pranayama\/\",\"name\":\"Murcha Pranayama : la respiration qui rend euphorique - Meozen\",\"isPartOf\":{\"@id\":\"https:\/\/meozen.com\/fr\/#website\"},\"primaryImageOfPage\":{\"@id\":\"https:\/\/meozen.com\/fr\/yoga\/pranayama\/murcha-pranayama\/#primaryimage\"},\"image\":{\"@id\":\"https:\/\/meozen.com\/fr\/yoga\/pranayama\/murcha-pranayama\/#primaryimage\"},\"thumbnailUrl\":\"https:\/\/meozen.com\/fr\/wp-content\/uploads\/sites\/2\/2021\/03\/murcha-pranayama.jpg\",\"datePublished\":\"2021-04-06T21:47:43+00:00\",\"dateModified\":\"2024-03-22T15:42:34+00:00\",\"description\":\"\u27bd D\u00e9couvrez tout sur le Murcha Pranayama : d\u00e9finition, pratique \u00e9tape par \u00e9tape, bienfaits \u2705 et contre-indications.\",\"breadcrumb\":{\"@id\":\"https:\/\/meozen.com\/fr\/yoga\/pranayama\/murcha-pranayama\/#breadcrumb\"},\"inLanguage\":\"fr-FR\",\"potentialAction\":[{\"@type\":\"ReadAction\",\"target\":[\"https:\/\/meozen.com\/fr\/yoga\/pranayama\/murcha-pranayama\/\"]}]},{\"@type\":\"ImageObject\",\"inLanguage\":\"fr-FR\",\"@id\":\"https:\/\/meozen.com\/fr\/yoga\/pranayama\/murcha-pranayama\/#primaryimage\",\"url\":\"https:\/\/meozen.com\/fr\/wp-content\/uploads\/sites\/2\/2021\/03\/murcha-pranayama.jpg\",\"contentUrl\":\"https:\/\/meozen.com\/fr\/wp-content\/uploads\/sites\/2\/2021\/03\/murcha-pranayama.jpg\",\"width\":1024,\"height\":576,\"caption\":\"Illustration montrant une femme levant la t\u00eate et assise, accompagn\u00e9e de la mention : \\\"Murcha Pranayama : la respiration euphorisante\\\"\"},{\"@type\":\"BreadcrumbList\",\"@id\":\"https:\/\/meozen.com\/fr\/yoga\/pranayama\/murcha-pranayama\/#breadcrumb\",\"itemListElement\":[{\"@type\":\"ListItem\",\"position\":1,\"name\":\"Accueil\",\"item\":\"https:\/\/meozen.com\/fr\/\"},{\"@type\":\"ListItem\",\"position\":2,\"name\":\"Yoga : Tout savoir sur cette pratique\",\"item\":\"https:\/\/meozen.com\/fr\/yoga\/\"},{\"@type\":\"ListItem\",\"position\":3,\"name\":\"Pranayama : Les techniques de respiration yogis\",\"item\":\"https:\/\/meozen.com\/fr\/yoga\/pranayama\/\"},{\"@type\":\"ListItem\",\"position\":4,\"name\":\"Murcha Pranayama : la respiration qui rend euphorique\"}]},{\"@type\":\"WebSite\",\"@id\":\"https:\/\/meozen.com\/fr\/#website\",\"url\":\"https:\/\/meozen.com\/fr\/\",\"name\":\"Meozen - Votre portail bien-\u00eatre\",\"description\":\"D\u00e9couvrez tout l&#039;univers du bien-\u00eatre, yoga, m\u00e9ditation, trouvez les meilleures retraites et formations bien-\u00eatre\",\"publisher\":{\"@id\":\"https:\/\/meozen.com\/fr\/#organization\"},\"potentialAction\":[{\"@type\":\"SearchAction\",\"target\":{\"@type\":\"EntryPoint\",\"urlTemplate\":\"https:\/\/meozen.com\/fr\/?s={search_term_string}\"},\"query-input\":{\"@type\":\"PropertyValueSpecification\",\"valueRequired\":true,\"valueName\":\"search_term_string\"}}],\"inLanguage\":\"fr-FR\"},{\"@type\":\"Organization\",\"@id\":\"https:\/\/meozen.com\/fr\/#organization\",\"name\":\"Meozen\",\"url\":\"https:\/\/meozen.com\/fr\/\",\"logo\":{\"@type\":\"ImageObject\",\"inLanguage\":\"fr-FR\",\"@id\":\"https:\/\/meozen.com\/fr\/#\/schema\/logo\/image\/\",\"url\":\"https:\/\/meozen.com\/fr\/wp-content\/uploads\/sites\/2\/2021\/06\/logo-meozen-push.jpg\",\"contentUrl\":\"https:\/\/meozen.com\/fr\/wp-content\/uploads\/sites\/2\/2021\/06\/logo-meozen-push.jpg\",\"width\":384,\"height\":384,\"caption\":\"Meozen\"},\"image\":{\"@id\":\"https:\/\/meozen.com\/fr\/#\/schema\/logo\/image\/\"},\"sameAs\":[\"https:\/\/www.facebook.com\/MeozenFr\/\",\"https:\/\/www.pinterest.fr\/meozen_officiel\/\",\"https:\/\/www.instagram.com\/meozen_officiel\/\"]}]}<\/script>\n<!-- \/ Yoast SEO plugin. -->","yoast_head_json":{"title":"Murcha Pranayama : la respiration qui rend euphorique - Meozen","description":"\u27bd D\u00e9couvrez tout sur le Murcha Pranayama : d\u00e9finition, pratique \u00e9tape par \u00e9tape, bienfaits \u2705 et contre-indications.","robots":{"index":"index","follow":"follow","max-snippet":"max-snippet:-1","max-image-preview":"max-image-preview:large","max-video-preview":"max-video-preview:-1"},"canonical":"https:\/\/meozen.com\/fr\/yoga\/pranayama\/murcha-pranayama\/","og_locale":"fr_FR","og_type":"article","og_title":"Murcha Pranayama : la respiration qui rend euphorique - Meozen","og_description":"\u27bd D\u00e9couvrez tout sur le Murcha Pranayama : d\u00e9finition, pratique \u00e9tape par \u00e9tape, bienfaits \u2705 et contre-indications.","og_url":"https:\/\/meozen.com\/fr\/yoga\/pranayama\/murcha-pranayama\/","og_site_name":"Meozen - Votre portail bien-\u00eatre","article_publisher":"https:\/\/www.facebook.com\/MeozenFr\/","article_modified_time":"2024-03-22T15:42:34+00:00","og_image":[{"width":1024,"height":576,"url":"https:\/\/meozen.com\/fr\/wp-content\/uploads\/sites\/2\/2021\/03\/murcha-pranayama.jpg","type":"image\/jpeg"}],"twitter_card":"summary_large_image","twitter_misc":{"Dur\u00e9e de lecture estim\u00e9e":"3 minutes"},"schema":{"@context":"https:\/\/schema.org","@graph":[{"@type":"WebPage","@id":"https:\/\/meozen.com\/fr\/yoga\/pranayama\/murcha-pranayama\/","url":"https:\/\/meozen.com\/fr\/yoga\/pranayama\/murcha-pranayama\/","name":"Murcha Pranayama : la respiration qui rend euphorique - Meozen","isPartOf":{"@id":"https:\/\/meozen.com\/fr\/#website"},"primaryImageOfPage":{"@id":"https:\/\/meozen.com\/fr\/yoga\/pranayama\/murcha-pranayama\/#primaryimage"},"image":{"@id":"https:\/\/meozen.com\/fr\/yoga\/pranayama\/murcha-pranayama\/#primaryimage"},"thumbnailUrl":"https:\/\/meozen.com\/fr\/wp-content\/uploads\/sites\/2\/2021\/03\/murcha-pranayama.jpg","datePublished":"2021-04-06T21:47:43+00:00","dateModified":"2024-03-22T15:42:34+00:00","description":"\u27bd D\u00e9couvrez tout sur le Murcha Pranayama : d\u00e9finition, pratique \u00e9tape par \u00e9tape, bienfaits \u2705 et contre-indications.","breadcrumb":{"@id":"https:\/\/meozen.com\/fr\/yoga\/pranayama\/murcha-pranayama\/#breadcrumb"},"inLanguage":"fr-FR","potentialAction":[{"@type":"ReadAction","target":["https:\/\/meozen.com\/fr\/yoga\/pranayama\/murcha-pranayama\/"]}]},{"@type":"ImageObject","inLanguage":"fr-FR","@id":"https:\/\/meozen.com\/fr\/yoga\/pranayama\/murcha-pranayama\/#primaryimage","url":"https:\/\/meozen.com\/fr\/wp-content\/uploads\/sites\/2\/2021\/03\/murcha-pranayama.jpg","contentUrl":"https:\/\/meozen.com\/fr\/wp-content\/uploads\/sites\/2\/2021\/03\/murcha-pranayama.jpg","width":1024,"height":576,"caption":"Illustration montrant une femme levant la t\u00eate et assise, accompagn\u00e9e de la mention : \"Murcha Pranayama : la respiration euphorisante\""},{"@type":"BreadcrumbList","@id":"https:\/\/meozen.com\/fr\/yoga\/pranayama\/murcha-pranayama\/#breadcrumb","itemListElement":[{"@type":"ListItem","position":1,"name":"Accueil","item":"https:\/\/meozen.com\/fr\/"},{"@type":"ListItem","position":2,"name":"Yoga : Tout savoir sur cette pratique","item":"https:\/\/meozen.com\/fr\/yoga\/"},{"@type":"ListItem","position":3,"name":"Pranayama : Les techniques de respiration yogis","item":"https:\/\/meozen.com\/fr\/yoga\/pranayama\/"},{"@type":"ListItem","position":4,"name":"Murcha Pranayama : la respiration qui rend euphorique"}]},{"@type":"WebSite","@id":"https:\/\/meozen.com\/fr\/#website","url":"https:\/\/meozen.com\/fr\/","name":"Meozen - Votre portail bien-\u00eatre","description":"D\u00e9couvrez tout l&#039;univers du bien-\u00eatre, yoga, m\u00e9ditation, trouvez les meilleures retraites et formations bien-\u00eatre","publisher":{"@id":"https:\/\/meozen.com\/fr\/#organization"},"potentialAction":[{"@type":"SearchAction","target":{"@type":"EntryPoint","urlTemplate":"https:\/\/meozen.com\/fr\/?s={search_term_string}"},"query-input":{"@type":"PropertyValueSpecification","valueRequired":true,"valueName":"search_term_string"}}],"inLanguage":"fr-FR"},{"@type":"Organization","@id":"https:\/\/meozen.com\/fr\/#organization","name":"Meozen","url":"https:\/\/meozen.com\/fr\/","logo":{"@type":"ImageObject","inLanguage":"fr-FR","@id":"https:\/\/meozen.com\/fr\/#\/schema\/logo\/image\/","url":"https:\/\/meozen.com\/fr\/wp-content\/uploads\/sites\/2\/2021\/06\/logo-meozen-push.jpg","contentUrl":"https:\/\/meozen.com\/fr\/wp-content\/uploads\/sites\/2\/2021\/06\/logo-meozen-push.jpg","width":384,"height":384,"caption":"Meozen"},"image":{"@id":"https:\/\/meozen.com\/fr\/#\/schema\/logo\/image\/"},"sameAs":["https:\/\/www.facebook.com\/MeozenFr\/","https:\/\/www.pinterest.fr\/meozen_officiel\/","https:\/\/www.instagram.com\/meozen_officiel\/"]}]}},"_links":{"self":[{"href":"https:\/\/meozen.com\/fr\/wp-json\/wp\/v2\/pages\/988","targetHints":{"allow":["GET"]}}],"collection":[{"href":"https:\/\/meozen.com\/fr\/wp-json\/wp\/v2\/pages"}],"about":[{"href":"https:\/\/meozen.com\/fr\/wp-json\/wp\/v2\/types\/page"}],"author":[{"embeddable":true,"href":"https:\/\/meozen.com\/fr\/wp-json\/wp\/v2\/users\/1"}],"replies":[{"embeddable":true,"href":"https:\/\/meozen.com\/fr\/wp-json\/wp\/v2\/comments?post=988"}],"version-history":[{"count":1,"href":"https:\/\/meozen.com\/fr\/wp-json\/wp\/v2\/pages\/988\/revisions"}],"predecessor-version":[{"id":7718,"href":"https:\/\/meozen.com\/fr\/wp-json\/wp\/v2\/pages\/988\/revisions\/7718"}],"up":[{"embeddable":true,"href":"https:\/\/meozen.com\/fr\/wp-json\/wp\/v2\/pages\/531"}],"wp:featuredmedia":[{"embeddable":true,"href":"https:\/\/meozen.com\/fr\/wp-json\/wp\/v2\/media\/243"}],"wp:attachment":[{"href":"https:\/\/meozen.com\/fr\/wp-json\/wp\/v2\/media?parent=988"}],"curies":[{"name":"wp","href":"https:\/\/api.w.org\/{rel}","templated":true}]}}