{"id":1839,"date":"2021-06-28T11:41:20","date_gmt":"2021-06-28T09:41:20","guid":{"rendered":"https:\/\/meozen.com\/fr\/?post_type=product&#038;p=1839"},"modified":"2023-06-17T02:47:24","modified_gmt":"2023-06-17T00:47:24","slug":"retraite-de-yoga-8-jours-7-nuits-a-saint-jeannet","status":"publish","type":"product","link":"https:\/\/meozen.com\/fr\/produit\/retraite-de-yoga-8-jours-7-nuits-a-saint-jeannet\/","title":{"rendered":"Retraite de yoga &#8211; 8 jours \/ 7 nuits \u00e0 Saint-Jeannet"},"content":{"rendered":"<ul>\n<li>S\u00e9ances de yoga tous les jours dans une superbe ambiance, discussions et partages autour de la philosophie du Yoga<\/li>\n<li>Introduction \u00e0 la m\u00e9ditation et pratiques m\u00e9ditatives<\/li>\n<li>Introduction et pratique \u00e0 la communication bienveillante (bas\u00e9e sur les principes de la Communication Non Violente)<\/li>\n<li>Une journ\u00e9e de bien-\u00eatre incluant un \u00ab bain \u00bb sonore<\/li>\n<li>Randonn\u00e9e, dans les collines environnantes ou dans les canyons du Moyen Pays avec baignade dans les cascades pendant la saison estivale<\/li>\n<li>Marche m\u00e9ditative \u00e0 la rencontre des ch\u00eanes mill\u00e9naires<\/li>\n<li>Si le temps le permet, visite de la Chapelle du Rosaire de l&rsquo;artiste Henri Matisse<\/li>\n<li>D\u00e9gustations de vin et de fromage<\/li>\n<li>Visite guid\u00e9e du village m\u00e9di\u00e9val de Saint-Jeannet<\/li>\n<li>Cours de cuisine avec un chef professionnel<\/li>\n<li>Atelier de d\u00e9veloppement personnel avec une th\u00e9rapeute certifi\u00e9e<\/li>\n<li>Transfert \u00e0 la ville d\u2019Antibes : temps libre pour visiter la vieille ville, le port, le march\u00e9, le mus\u00e9e Picasso et pour se baigner<\/li>\n<li>H\u00e9bergement comprenant des petits d\u00e9jeuners\/brunchs bios tous les jours ; un pique-nique maison et une pause de th\u00e9<\/li>\n<\/ul>\n","protected":false},"excerpt":{"rendered":"<p><strong style=\"font-size: 22px;\">Au coeur de la Provence, une retraite de yoga comprenant randonn\u00e9e, excursions culturelles et cours de cuisine.<\/strong><\/p>\n<p>Profitez du climat privil\u00e9gi\u00e9 du sud de la France \u00e0 Saint-Jeannet et de sa nature unique pour participer \u00e0 une retraite de yoga\/m\u00e9ditation. Vous poserez votre valise au Frogs House, un lieu consacr\u00e9 au yoga (une s\u00e9ance quotidienne), au d\u00e9veloppement personnel (atelier avec une th\u00e9rapeute certifi\u00e9e) et au bien-\u00eatre (bain sonore). Vous participerez aussi \u00e0 des cours de cuisine avec un chef professionnel.<\/p>\n<p>Ce voyage de r\u00eave vous am\u00e8nera vers de nouveaux sommets et de nouvelles r\u00e9alisations. Vous approfondirez votre pratique du yoga et repartirez avec une meilleure capacit\u00e9 \u00e0 m\u00e9diter, tout en d\u00e9couvrant des lieux culturels uniques.<\/p>\n<p><strong>S\u00e9jour \u00e0 partir de 1260 euros.<\/strong><\/p>\n","protected":false},"featured_media":1777,"comment_status":"open","ping_status":"closed","template":"","meta":{"_mo_disable_npp":""},"product_brand":[],"product_cat":[48,120,45,43],"product_tag":[],"class_list":{"0":"post-1839","1":"product","2":"type-product","3":"status-publish","4":"has-post-thumbnail","6":"product_cat-retraite-8-jours-yoga","7":"product_cat-retraite-yoga","8":"product_cat-retraite-yoga-provence","9":"product_cat-retraite-yoga-france","11":"first","12":"instock","13":"taxable","14":"shipping-taxable","15":"product-type-external"},"yoast_head":"<!-- This site is optimized with the Yoast SEO plugin v26.8 - https:\/\/yoast.com\/product\/yoast-seo-wordpress\/ -->\n<title>Retraite de yoga - 8 jours \/ 7 nuits \u00e0 Saint-Jeannet - Meozen - Votre portail bien-\u00eatre<\/title>\n<meta name=\"description\" content=\"R\u00e9servez d\u00e8s maintenant votre Retraite de yoga - 8 jours \/ 7 nuits \u00e0 Saint-Jeannet avec Meozen. \u00c9vadez-vous du quotidien avec ce s\u00e9jour unique. Dur\u00e9e, conditions, prix... Cliquez pour d\u00e9couvrir !\" \/>\n<meta name=\"robots\" content=\"index, follow, max-snippet:-1, max-image-preview:large, max-video-preview:-1\" \/>\n<link rel=\"canonical\" href=\"https:\/\/meozen.com\/fr\/produit\/retraite-de-yoga-8-jours-7-nuits-a-saint-jeannet\/\" \/>\n<meta property=\"og:locale\" content=\"fr_FR\" \/>\n<meta property=\"og:type\" content=\"article\" \/>\n<meta property=\"og:title\" content=\"Retraite de yoga - 8 jours \/ 7 nuits \u00e0 Saint-Jeannet - Meozen - Votre portail bien-\u00eatre\" \/>\n<meta property=\"og:description\" content=\"R\u00e9servez d\u00e8s maintenant votre Retraite de yoga - 8 jours \/ 7 nuits \u00e0 Saint-Jeannet avec Meozen. \u00c9vadez-vous du quotidien avec ce s\u00e9jour unique. Dur\u00e9e, conditions, prix... Cliquez pour d\u00e9couvrir !\" \/>\n<meta property=\"og:url\" content=\"https:\/\/meozen.com\/fr\/produit\/retraite-de-yoga-8-jours-7-nuits-a-saint-jeannet\/\" \/>\n<meta property=\"og:site_name\" content=\"Meozen - Votre portail bien-\u00eatre\" \/>\n<meta property=\"article:publisher\" content=\"https:\/\/www.facebook.com\/MeozenFr\/\" \/>\n<meta property=\"article:modified_time\" content=\"2023-06-17T00:47:24+00:00\" \/>\n<meta property=\"og:image\" content=\"https:\/\/meozen.com\/fr\/wp-content\/uploads\/sites\/2\/2021\/06\/the-frogs-house-retraite-yoga-6.jpeg\" \/>\n\t<meta property=\"og:image:width\" content=\"653\" \/>\n\t<meta property=\"og:image:height\" content=\"490\" \/>\n\t<meta property=\"og:image:type\" content=\"image\/jpeg\" \/>\n<meta name=\"twitter:card\" content=\"summary_large_image\" \/>\n<meta name=\"twitter:label1\" content=\"Dur\u00e9e de lecture estim\u00e9e\" \/>\n\t<meta name=\"twitter:data1\" content=\"1 minute\" \/>\n<script type=\"application\/ld+json\" class=\"yoast-schema-graph\">{\"@context\":\"https:\/\/schema.org\",\"@graph\":[{\"@type\":\"WebPage\",\"@id\":\"https:\/\/meozen.com\/fr\/produit\/retraite-de-yoga-8-jours-7-nuits-a-saint-jeannet\/\",\"url\":\"https:\/\/meozen.com\/fr\/produit\/retraite-de-yoga-8-jours-7-nuits-a-saint-jeannet\/\",\"name\":\"Retraite de yoga - 8 jours \/ 7 nuits \u00e0 Saint-Jeannet - Meozen - Votre portail bien-\u00eatre\",\"isPartOf\":{\"@id\":\"https:\/\/meozen.com\/fr\/#website\"},\"primaryImageOfPage\":{\"@id\":\"https:\/\/meozen.com\/fr\/produit\/retraite-de-yoga-8-jours-7-nuits-a-saint-jeannet\/#primaryimage\"},\"image\":{\"@id\":\"https:\/\/meozen.com\/fr\/produit\/retraite-de-yoga-8-jours-7-nuits-a-saint-jeannet\/#primaryimage\"},\"thumbnailUrl\":\"https:\/\/meozen.com\/fr\/wp-content\/uploads\/sites\/2\/2021\/06\/the-frogs-house-retraite-yoga-6.jpeg\",\"datePublished\":\"2021-06-28T09:41:20+00:00\",\"dateModified\":\"2023-06-17T00:47:24+00:00\",\"description\":\"R\u00e9servez d\u00e8s maintenant votre Retraite de yoga - 8 jours \/ 7 nuits \u00e0 Saint-Jeannet avec Meozen. \u00c9vadez-vous du quotidien avec ce s\u00e9jour unique. Dur\u00e9e, conditions, prix... Cliquez pour d\u00e9couvrir !\",\"breadcrumb\":{\"@id\":\"https:\/\/meozen.com\/fr\/produit\/retraite-de-yoga-8-jours-7-nuits-a-saint-jeannet\/#breadcrumb\"},\"inLanguage\":\"fr-FR\",\"potentialAction\":[{\"@type\":\"ReadAction\",\"target\":[\"https:\/\/meozen.com\/fr\/produit\/retraite-de-yoga-8-jours-7-nuits-a-saint-jeannet\/\"]}]},{\"@type\":\"ImageObject\",\"inLanguage\":\"fr-FR\",\"@id\":\"https:\/\/meozen.com\/fr\/produit\/retraite-de-yoga-8-jours-7-nuits-a-saint-jeannet\/#primaryimage\",\"url\":\"https:\/\/meozen.com\/fr\/wp-content\/uploads\/sites\/2\/2021\/06\/the-frogs-house-retraite-yoga-6.jpeg\",\"contentUrl\":\"https:\/\/meozen.com\/fr\/wp-content\/uploads\/sites\/2\/2021\/06\/the-frogs-house-retraite-yoga-6.jpeg\",\"width\":653,\"height\":490},{\"@type\":\"BreadcrumbList\",\"@id\":\"https:\/\/meozen.com\/fr\/produit\/retraite-de-yoga-8-jours-7-nuits-a-saint-jeannet\/#breadcrumb\",\"itemListElement\":[{\"@type\":\"ListItem\",\"position\":1,\"name\":\"Accueil\",\"item\":\"https:\/\/meozen.com\/fr\/\"},{\"@type\":\"ListItem\",\"position\":2,\"name\":\"Boutique\",\"item\":\"https:\/\/meozen.com\/fr\/boutique\/\"},{\"@type\":\"ListItem\",\"position\":3,\"name\":\"Retraite de yoga &#8211; 8 jours \/ 7 nuits \u00e0 Saint-Jeannet\"}]},{\"@type\":\"WebSite\",\"@id\":\"https:\/\/meozen.com\/fr\/#website\",\"url\":\"https:\/\/meozen.com\/fr\/\",\"name\":\"Meozen - Votre portail bien-\u00eatre\",\"description\":\"D\u00e9couvrez tout l&#039;univers du bien-\u00eatre, yoga, m\u00e9ditation, trouvez les meilleures retraites et formations bien-\u00eatre\",\"publisher\":{\"@id\":\"https:\/\/meozen.com\/fr\/#organization\"},\"potentialAction\":[{\"@type\":\"SearchAction\",\"target\":{\"@type\":\"EntryPoint\",\"urlTemplate\":\"https:\/\/meozen.com\/fr\/?s={search_term_string}\"},\"query-input\":{\"@type\":\"PropertyValueSpecification\",\"valueRequired\":true,\"valueName\":\"search_term_string\"}}],\"inLanguage\":\"fr-FR\"},{\"@type\":\"Organization\",\"@id\":\"https:\/\/meozen.com\/fr\/#organization\",\"name\":\"Meozen\",\"url\":\"https:\/\/meozen.com\/fr\/\",\"logo\":{\"@type\":\"ImageObject\",\"inLanguage\":\"fr-FR\",\"@id\":\"https:\/\/meozen.com\/fr\/#\/schema\/logo\/image\/\",\"url\":\"https:\/\/meozen.com\/fr\/wp-content\/uploads\/sites\/2\/2021\/06\/logo-meozen-push.jpg\",\"contentUrl\":\"https:\/\/meozen.com\/fr\/wp-content\/uploads\/sites\/2\/2021\/06\/logo-meozen-push.jpg\",\"width\":384,\"height\":384,\"caption\":\"Meozen\"},\"image\":{\"@id\":\"https:\/\/meozen.com\/fr\/#\/schema\/logo\/image\/\"},\"sameAs\":[\"https:\/\/www.facebook.com\/MeozenFr\/\",\"https:\/\/www.pinterest.fr\/meozen_officiel\/\",\"https:\/\/www.instagram.com\/meozen_officiel\/\"]}]}<\/script>\n<!-- \/ Yoast SEO plugin. -->","yoast_head_json":{"title":"Retraite de yoga - 8 jours \/ 7 nuits \u00e0 Saint-Jeannet - Meozen - Votre portail bien-\u00eatre","description":"R\u00e9servez d\u00e8s maintenant votre Retraite de yoga - 8 jours \/ 7 nuits \u00e0 Saint-Jeannet avec Meozen. \u00c9vadez-vous du quotidien avec ce s\u00e9jour unique. Dur\u00e9e, conditions, prix... Cliquez pour d\u00e9couvrir !","robots":{"index":"index","follow":"follow","max-snippet":"max-snippet:-1","max-image-preview":"max-image-preview:large","max-video-preview":"max-video-preview:-1"},"canonical":"https:\/\/meozen.com\/fr\/produit\/retraite-de-yoga-8-jours-7-nuits-a-saint-jeannet\/","og_locale":"fr_FR","og_type":"article","og_title":"Retraite de yoga - 8 jours \/ 7 nuits \u00e0 Saint-Jeannet - Meozen - Votre portail bien-\u00eatre","og_description":"R\u00e9servez d\u00e8s maintenant votre Retraite de yoga - 8 jours \/ 7 nuits \u00e0 Saint-Jeannet avec Meozen. \u00c9vadez-vous du quotidien avec ce s\u00e9jour unique. Dur\u00e9e, conditions, prix... Cliquez pour d\u00e9couvrir !","og_url":"https:\/\/meozen.com\/fr\/produit\/retraite-de-yoga-8-jours-7-nuits-a-saint-jeannet\/","og_site_name":"Meozen - Votre portail bien-\u00eatre","article_publisher":"https:\/\/www.facebook.com\/MeozenFr\/","article_modified_time":"2023-06-17T00:47:24+00:00","og_image":[{"width":653,"height":490,"url":"https:\/\/meozen.com\/fr\/wp-content\/uploads\/sites\/2\/2021\/06\/the-frogs-house-retraite-yoga-6.jpeg","type":"image\/jpeg"}],"twitter_card":"summary_large_image","twitter_misc":{"Dur\u00e9e de lecture estim\u00e9e":"1 minute"},"schema":{"@context":"https:\/\/schema.org","@graph":[{"@type":"WebPage","@id":"https:\/\/meozen.com\/fr\/produit\/retraite-de-yoga-8-jours-7-nuits-a-saint-jeannet\/","url":"https:\/\/meozen.com\/fr\/produit\/retraite-de-yoga-8-jours-7-nuits-a-saint-jeannet\/","name":"Retraite de yoga - 8 jours \/ 7 nuits \u00e0 Saint-Jeannet - Meozen - Votre portail bien-\u00eatre","isPartOf":{"@id":"https:\/\/meozen.com\/fr\/#website"},"primaryImageOfPage":{"@id":"https:\/\/meozen.com\/fr\/produit\/retraite-de-yoga-8-jours-7-nuits-a-saint-jeannet\/#primaryimage"},"image":{"@id":"https:\/\/meozen.com\/fr\/produit\/retraite-de-yoga-8-jours-7-nuits-a-saint-jeannet\/#primaryimage"},"thumbnailUrl":"https:\/\/meozen.com\/fr\/wp-content\/uploads\/sites\/2\/2021\/06\/the-frogs-house-retraite-yoga-6.jpeg","datePublished":"2021-06-28T09:41:20+00:00","dateModified":"2023-06-17T00:47:24+00:00","description":"R\u00e9servez d\u00e8s maintenant votre Retraite de yoga - 8 jours \/ 7 nuits \u00e0 Saint-Jeannet avec Meozen. \u00c9vadez-vous du quotidien avec ce s\u00e9jour unique. Dur\u00e9e, conditions, prix... Cliquez pour d\u00e9couvrir !","breadcrumb":{"@id":"https:\/\/meozen.com\/fr\/produit\/retraite-de-yoga-8-jours-7-nuits-a-saint-jeannet\/#breadcrumb"},"inLanguage":"fr-FR","potentialAction":[{"@type":"ReadAction","target":["https:\/\/meozen.com\/fr\/produit\/retraite-de-yoga-8-jours-7-nuits-a-saint-jeannet\/"]}]},{"@type":"ImageObject","inLanguage":"fr-FR","@id":"https:\/\/meozen.com\/fr\/produit\/retraite-de-yoga-8-jours-7-nuits-a-saint-jeannet\/#primaryimage","url":"https:\/\/meozen.com\/fr\/wp-content\/uploads\/sites\/2\/2021\/06\/the-frogs-house-retraite-yoga-6.jpeg","contentUrl":"https:\/\/meozen.com\/fr\/wp-content\/uploads\/sites\/2\/2021\/06\/the-frogs-house-retraite-yoga-6.jpeg","width":653,"height":490},{"@type":"BreadcrumbList","@id":"https:\/\/meozen.com\/fr\/produit\/retraite-de-yoga-8-jours-7-nuits-a-saint-jeannet\/#breadcrumb","itemListElement":[{"@type":"ListItem","position":1,"name":"Accueil","item":"https:\/\/meozen.com\/fr\/"},{"@type":"ListItem","position":2,"name":"Boutique","item":"https:\/\/meozen.com\/fr\/boutique\/"},{"@type":"ListItem","position":3,"name":"Retraite de yoga &#8211; 8 jours \/ 7 nuits \u00e0 Saint-Jeannet"}]},{"@type":"WebSite","@id":"https:\/\/meozen.com\/fr\/#website","url":"https:\/\/meozen.com\/fr\/","name":"Meozen - Votre portail bien-\u00eatre","description":"D\u00e9couvrez tout l&#039;univers du bien-\u00eatre, yoga, m\u00e9ditation, trouvez les meilleures retraites et formations bien-\u00eatre","publisher":{"@id":"https:\/\/meozen.com\/fr\/#organization"},"potentialAction":[{"@type":"SearchAction","target":{"@type":"EntryPoint","urlTemplate":"https:\/\/meozen.com\/fr\/?s={search_term_string}"},"query-input":{"@type":"PropertyValueSpecification","valueRequired":true,"valueName":"search_term_string"}}],"inLanguage":"fr-FR"},{"@type":"Organization","@id":"https:\/\/meozen.com\/fr\/#organization","name":"Meozen","url":"https:\/\/meozen.com\/fr\/","logo":{"@type":"ImageObject","inLanguage":"fr-FR","@id":"https:\/\/meozen.com\/fr\/#\/schema\/logo\/image\/","url":"https:\/\/meozen.com\/fr\/wp-content\/uploads\/sites\/2\/2021\/06\/logo-meozen-push.jpg","contentUrl":"https:\/\/meozen.com\/fr\/wp-content\/uploads\/sites\/2\/2021\/06\/logo-meozen-push.jpg","width":384,"height":384,"caption":"Meozen"},"image":{"@id":"https:\/\/meozen.com\/fr\/#\/schema\/logo\/image\/"},"sameAs":["https:\/\/www.facebook.com\/MeozenFr\/","https:\/\/www.pinterest.fr\/meozen_officiel\/","https:\/\/www.instagram.com\/meozen_officiel\/"]}]}},"_links":{"self":[{"href":"https:\/\/meozen.com\/fr\/wp-json\/wp\/v2\/product\/1839","targetHints":{"allow":["GET"]}}],"collection":[{"href":"https:\/\/meozen.com\/fr\/wp-json\/wp\/v2\/product"}],"about":[{"href":"https:\/\/meozen.com\/fr\/wp-json\/wp\/v2\/types\/product"}],"replies":[{"embeddable":true,"href":"https:\/\/meozen.com\/fr\/wp-json\/wp\/v2\/comments?post=1839"}],"wp:featuredmedia":[{"embeddable":true,"href":"https:\/\/meozen.com\/fr\/wp-json\/wp\/v2\/media\/1777"}],"wp:attachment":[{"href":"https:\/\/meozen.com\/fr\/wp-json\/wp\/v2\/media?parent=1839"}],"wp:term":[{"taxonomy":"product_brand","embeddable":true,"href":"https:\/\/meozen.com\/fr\/wp-json\/wp\/v2\/product_brand?post=1839"},{"taxonomy":"product_cat","embeddable":true,"href":"https:\/\/meozen.com\/fr\/wp-json\/wp\/v2\/product_cat?post=1839"},{"taxonomy":"product_tag","embeddable":true,"href":"https:\/\/meozen.com\/fr\/wp-json\/wp\/v2\/product_tag?post=1839"}],"curies":[{"name":"wp","href":"https:\/\/api.w.org\/{rel}","templated":true}]}}