{"id":1862,"date":"2021-06-28T14:55:38","date_gmt":"2021-06-28T12:55:38","guid":{"rendered":"https:\/\/meozen.com\/fr\/?post_type=product&#038;p=1862"},"modified":"2023-06-17T02:47:23","modified_gmt":"2023-06-17T00:47:23","slug":"retraite-de-yoga-3-jours-2-nuits-a-saint-martin-de-bromes","status":"publish","type":"product","link":"https:\/\/meozen.com\/fr\/produit\/retraite-de-yoga-3-jours-2-nuits-a-saint-martin-de-bromes\/","title":{"rendered":"Retraite de yoga &#8211; 3 jours \/ 2 nuits \u00e0 Saint-Martin-de-Br\u00f4mes"},"content":{"rendered":"<ul>\n<li>Initiation \u00e0 la m\u00e9ditation<\/li>\n<li>S\u00e9ance de relaxation<\/li>\n<li>H\u00e9bergement en chambres partag\u00e9es ou individuelles<\/li>\n<li>Cours de Hatha Yoga matin et soir assur\u00e9 par des professeur.e.s dipl\u00f4m\u00e9.e.s<\/li>\n<li>Atelier artistique : cr\u00e9ation de mandala, land art dans la nature\u2026 (en option)<\/li>\n<li>3 repas v\u00e9g\u00e9tariens par jour, d\u00e9licieux et color\u00e9s<\/li>\n<li>Boisson \u00e0 volont\u00e9 (jus frais, tisane\u2026)<\/li>\n<li>Randonn\u00e9es accompagn\u00e9es en option<\/li>\n<li>Sauna en libre en acc\u00e8s<\/li>\n<\/ul>\n","protected":false},"excerpt":{"rendered":"<p><strong style=\"font-size: 22px;\"> Un stage de yoga, m\u00e9ditation et activit\u00e9s artistiques dans le calme et la nature de la Provence.<\/strong><\/p>\n<p>Partez sous le soleil de la Provence et profitez d&rsquo;un cadre naturel exceptionnel ! Situ\u00e9 dans un domaine de 88 hectares proche du lac d&rsquo;Esparron, le Payanet est un petit paradis vert d\u00e9di\u00e9 au bien-\u00eatre, \u00e0 la culture et \u00e0 l\u2019environnement.<\/p>\n<p>Vous logerez dans un charmant g\u00eete en bois en plein c\u0153ur de la for\u00eat. Vous b\u00e9n\u00e9ficierez de 2 cours de yoga et m\u00e9ditation pleine conscience par jour. Sur les temps libres, vous pourrez en profiter pour faire des randonn\u00e9es, des baignades dans les criques paradisiaques du lac ou encore pour d\u00e9couvrir les march\u00e9s proven\u00e7aux.<\/p>\n<p>Enfin, vous d\u00e9gusterez une d\u00e9licieuse cuisine saine et v\u00e9g\u00e9tarienne pr\u00e9par\u00e9e avec soin sur place.<\/p>\n<p><strong>S\u00e9jour \u00e0 partir de 264 euros.<\/strong><\/p>\n","protected":false},"featured_media":1863,"comment_status":"open","ping_status":"closed","template":"","meta":{"_mo_disable_npp":""},"product_brand":[],"product_cat":[50,120,45,43],"product_tag":[],"class_list":{"0":"post-1862","1":"product","2":"type-product","3":"status-publish","4":"has-post-thumbnail","6":"product_cat-retraite-3-jours-yoga","7":"product_cat-retraite-yoga","8":"product_cat-retraite-yoga-provence","9":"product_cat-retraite-yoga-france","11":"first","12":"instock","13":"taxable","14":"shipping-taxable","15":"product-type-external"},"yoast_head":"<!-- This site is optimized with the Yoast SEO plugin v26.8 - https:\/\/yoast.com\/product\/yoast-seo-wordpress\/ -->\n<title>Retraite de yoga - 3 jours \/ 2 nuits \u00e0 Saint-Martin-de-Br\u00f4mes - Meozen - Votre portail bien-\u00eatre<\/title>\n<meta name=\"description\" content=\"R\u00e9servez d\u00e8s maintenant votre Retraite de yoga - 3 jours \/ 2 nuits \u00e0 Saint-Martin-de-Br\u00f4mes avec Meozen. \u00c9vadez-vous du quotidien avec ce s\u00e9jour unique. Dur\u00e9e, conditions, prix... Cliquez pour d\u00e9couvrir !\" \/>\n<meta name=\"robots\" content=\"index, follow, max-snippet:-1, max-image-preview:large, max-video-preview:-1\" \/>\n<link rel=\"canonical\" href=\"https:\/\/meozen.com\/fr\/produit\/retraite-de-yoga-3-jours-2-nuits-a-saint-martin-de-bromes\/\" \/>\n<meta property=\"og:locale\" content=\"fr_FR\" \/>\n<meta property=\"og:type\" content=\"article\" \/>\n<meta property=\"og:title\" content=\"Retraite de yoga - 3 jours \/ 2 nuits \u00e0 Saint-Martin-de-Br\u00f4mes - Meozen - Votre portail bien-\u00eatre\" \/>\n<meta property=\"og:description\" content=\"R\u00e9servez d\u00e8s maintenant votre Retraite de yoga - 3 jours \/ 2 nuits \u00e0 Saint-Martin-de-Br\u00f4mes avec Meozen. \u00c9vadez-vous du quotidien avec ce s\u00e9jour unique. Dur\u00e9e, conditions, prix... Cliquez pour d\u00e9couvrir !\" \/>\n<meta property=\"og:url\" content=\"https:\/\/meozen.com\/fr\/produit\/retraite-de-yoga-3-jours-2-nuits-a-saint-martin-de-bromes\/\" \/>\n<meta property=\"og:site_name\" content=\"Meozen - Votre portail bien-\u00eatre\" \/>\n<meta property=\"article:publisher\" content=\"https:\/\/www.facebook.com\/MeozenFr\/\" \/>\n<meta property=\"article:modified_time\" content=\"2023-06-17T00:47:23+00:00\" \/>\n<meta property=\"og:image\" content=\"https:\/\/meozen.com\/fr\/wp-content\/uploads\/sites\/2\/2021\/06\/le-payanet-retraite-yoga-1.jpeg\" \/>\n\t<meta property=\"og:image:width\" content=\"653\" \/>\n\t<meta property=\"og:image:height\" content=\"490\" \/>\n\t<meta property=\"og:image:type\" content=\"image\/jpeg\" \/>\n<meta name=\"twitter:card\" content=\"summary_large_image\" \/>\n<meta name=\"twitter:label1\" content=\"Dur\u00e9e de lecture estim\u00e9e\" \/>\n\t<meta name=\"twitter:data1\" content=\"1 minute\" \/>\n<script type=\"application\/ld+json\" class=\"yoast-schema-graph\">{\"@context\":\"https:\/\/schema.org\",\"@graph\":[{\"@type\":\"WebPage\",\"@id\":\"https:\/\/meozen.com\/fr\/produit\/retraite-de-yoga-3-jours-2-nuits-a-saint-martin-de-bromes\/\",\"url\":\"https:\/\/meozen.com\/fr\/produit\/retraite-de-yoga-3-jours-2-nuits-a-saint-martin-de-bromes\/\",\"name\":\"Retraite de yoga - 3 jours \/ 2 nuits \u00e0 Saint-Martin-de-Br\u00f4mes - Meozen - Votre portail bien-\u00eatre\",\"isPartOf\":{\"@id\":\"https:\/\/meozen.com\/fr\/#website\"},\"primaryImageOfPage\":{\"@id\":\"https:\/\/meozen.com\/fr\/produit\/retraite-de-yoga-3-jours-2-nuits-a-saint-martin-de-bromes\/#primaryimage\"},\"image\":{\"@id\":\"https:\/\/meozen.com\/fr\/produit\/retraite-de-yoga-3-jours-2-nuits-a-saint-martin-de-bromes\/#primaryimage\"},\"thumbnailUrl\":\"https:\/\/meozen.com\/fr\/wp-content\/uploads\/sites\/2\/2021\/06\/le-payanet-retraite-yoga-1.jpeg\",\"datePublished\":\"2021-06-28T12:55:38+00:00\",\"dateModified\":\"2023-06-17T00:47:23+00:00\",\"description\":\"R\u00e9servez d\u00e8s maintenant votre Retraite de yoga - 3 jours \/ 2 nuits \u00e0 Saint-Martin-de-Br\u00f4mes avec Meozen. \u00c9vadez-vous du quotidien avec ce s\u00e9jour unique. Dur\u00e9e, conditions, prix... Cliquez pour d\u00e9couvrir !\",\"breadcrumb\":{\"@id\":\"https:\/\/meozen.com\/fr\/produit\/retraite-de-yoga-3-jours-2-nuits-a-saint-martin-de-bromes\/#breadcrumb\"},\"inLanguage\":\"fr-FR\",\"potentialAction\":[{\"@type\":\"ReadAction\",\"target\":[\"https:\/\/meozen.com\/fr\/produit\/retraite-de-yoga-3-jours-2-nuits-a-saint-martin-de-bromes\/\"]}]},{\"@type\":\"ImageObject\",\"inLanguage\":\"fr-FR\",\"@id\":\"https:\/\/meozen.com\/fr\/produit\/retraite-de-yoga-3-jours-2-nuits-a-saint-martin-de-bromes\/#primaryimage\",\"url\":\"https:\/\/meozen.com\/fr\/wp-content\/uploads\/sites\/2\/2021\/06\/le-payanet-retraite-yoga-1.jpeg\",\"contentUrl\":\"https:\/\/meozen.com\/fr\/wp-content\/uploads\/sites\/2\/2021\/06\/le-payanet-retraite-yoga-1.jpeg\",\"width\":653,\"height\":490},{\"@type\":\"BreadcrumbList\",\"@id\":\"https:\/\/meozen.com\/fr\/produit\/retraite-de-yoga-3-jours-2-nuits-a-saint-martin-de-bromes\/#breadcrumb\",\"itemListElement\":[{\"@type\":\"ListItem\",\"position\":1,\"name\":\"Accueil\",\"item\":\"https:\/\/meozen.com\/fr\/\"},{\"@type\":\"ListItem\",\"position\":2,\"name\":\"Boutique\",\"item\":\"https:\/\/meozen.com\/fr\/boutique\/\"},{\"@type\":\"ListItem\",\"position\":3,\"name\":\"Retraite de yoga &#8211; 3 jours \/ 2 nuits \u00e0 Saint-Martin-de-Br\u00f4mes\"}]},{\"@type\":\"WebSite\",\"@id\":\"https:\/\/meozen.com\/fr\/#website\",\"url\":\"https:\/\/meozen.com\/fr\/\",\"name\":\"Meozen - Votre portail bien-\u00eatre\",\"description\":\"D\u00e9couvrez tout l&#039;univers du bien-\u00eatre, yoga, m\u00e9ditation, trouvez les meilleures retraites et formations bien-\u00eatre\",\"publisher\":{\"@id\":\"https:\/\/meozen.com\/fr\/#organization\"},\"potentialAction\":[{\"@type\":\"SearchAction\",\"target\":{\"@type\":\"EntryPoint\",\"urlTemplate\":\"https:\/\/meozen.com\/fr\/?s={search_term_string}\"},\"query-input\":{\"@type\":\"PropertyValueSpecification\",\"valueRequired\":true,\"valueName\":\"search_term_string\"}}],\"inLanguage\":\"fr-FR\"},{\"@type\":\"Organization\",\"@id\":\"https:\/\/meozen.com\/fr\/#organization\",\"name\":\"Meozen\",\"url\":\"https:\/\/meozen.com\/fr\/\",\"logo\":{\"@type\":\"ImageObject\",\"inLanguage\":\"fr-FR\",\"@id\":\"https:\/\/meozen.com\/fr\/#\/schema\/logo\/image\/\",\"url\":\"https:\/\/meozen.com\/fr\/wp-content\/uploads\/sites\/2\/2021\/06\/logo-meozen-push.jpg\",\"contentUrl\":\"https:\/\/meozen.com\/fr\/wp-content\/uploads\/sites\/2\/2021\/06\/logo-meozen-push.jpg\",\"width\":384,\"height\":384,\"caption\":\"Meozen\"},\"image\":{\"@id\":\"https:\/\/meozen.com\/fr\/#\/schema\/logo\/image\/\"},\"sameAs\":[\"https:\/\/www.facebook.com\/MeozenFr\/\",\"https:\/\/www.pinterest.fr\/meozen_officiel\/\",\"https:\/\/www.instagram.com\/meozen_officiel\/\"]}]}<\/script>\n<!-- \/ Yoast SEO plugin. -->","yoast_head_json":{"title":"Retraite de yoga - 3 jours \/ 2 nuits \u00e0 Saint-Martin-de-Br\u00f4mes - Meozen - Votre portail bien-\u00eatre","description":"R\u00e9servez d\u00e8s maintenant votre Retraite de yoga - 3 jours \/ 2 nuits \u00e0 Saint-Martin-de-Br\u00f4mes avec Meozen. \u00c9vadez-vous du quotidien avec ce s\u00e9jour unique. Dur\u00e9e, conditions, prix... Cliquez pour d\u00e9couvrir !","robots":{"index":"index","follow":"follow","max-snippet":"max-snippet:-1","max-image-preview":"max-image-preview:large","max-video-preview":"max-video-preview:-1"},"canonical":"https:\/\/meozen.com\/fr\/produit\/retraite-de-yoga-3-jours-2-nuits-a-saint-martin-de-bromes\/","og_locale":"fr_FR","og_type":"article","og_title":"Retraite de yoga - 3 jours \/ 2 nuits \u00e0 Saint-Martin-de-Br\u00f4mes - Meozen - Votre portail bien-\u00eatre","og_description":"R\u00e9servez d\u00e8s maintenant votre Retraite de yoga - 3 jours \/ 2 nuits \u00e0 Saint-Martin-de-Br\u00f4mes avec Meozen. \u00c9vadez-vous du quotidien avec ce s\u00e9jour unique. Dur\u00e9e, conditions, prix... Cliquez pour d\u00e9couvrir !","og_url":"https:\/\/meozen.com\/fr\/produit\/retraite-de-yoga-3-jours-2-nuits-a-saint-martin-de-bromes\/","og_site_name":"Meozen - Votre portail bien-\u00eatre","article_publisher":"https:\/\/www.facebook.com\/MeozenFr\/","article_modified_time":"2023-06-17T00:47:23+00:00","og_image":[{"width":653,"height":490,"url":"https:\/\/meozen.com\/fr\/wp-content\/uploads\/sites\/2\/2021\/06\/le-payanet-retraite-yoga-1.jpeg","type":"image\/jpeg"}],"twitter_card":"summary_large_image","twitter_misc":{"Dur\u00e9e de lecture estim\u00e9e":"1 minute"},"schema":{"@context":"https:\/\/schema.org","@graph":[{"@type":"WebPage","@id":"https:\/\/meozen.com\/fr\/produit\/retraite-de-yoga-3-jours-2-nuits-a-saint-martin-de-bromes\/","url":"https:\/\/meozen.com\/fr\/produit\/retraite-de-yoga-3-jours-2-nuits-a-saint-martin-de-bromes\/","name":"Retraite de yoga - 3 jours \/ 2 nuits \u00e0 Saint-Martin-de-Br\u00f4mes - Meozen - Votre portail bien-\u00eatre","isPartOf":{"@id":"https:\/\/meozen.com\/fr\/#website"},"primaryImageOfPage":{"@id":"https:\/\/meozen.com\/fr\/produit\/retraite-de-yoga-3-jours-2-nuits-a-saint-martin-de-bromes\/#primaryimage"},"image":{"@id":"https:\/\/meozen.com\/fr\/produit\/retraite-de-yoga-3-jours-2-nuits-a-saint-martin-de-bromes\/#primaryimage"},"thumbnailUrl":"https:\/\/meozen.com\/fr\/wp-content\/uploads\/sites\/2\/2021\/06\/le-payanet-retraite-yoga-1.jpeg","datePublished":"2021-06-28T12:55:38+00:00","dateModified":"2023-06-17T00:47:23+00:00","description":"R\u00e9servez d\u00e8s maintenant votre Retraite de yoga - 3 jours \/ 2 nuits \u00e0 Saint-Martin-de-Br\u00f4mes avec Meozen. \u00c9vadez-vous du quotidien avec ce s\u00e9jour unique. Dur\u00e9e, conditions, prix... Cliquez pour d\u00e9couvrir !","breadcrumb":{"@id":"https:\/\/meozen.com\/fr\/produit\/retraite-de-yoga-3-jours-2-nuits-a-saint-martin-de-bromes\/#breadcrumb"},"inLanguage":"fr-FR","potentialAction":[{"@type":"ReadAction","target":["https:\/\/meozen.com\/fr\/produit\/retraite-de-yoga-3-jours-2-nuits-a-saint-martin-de-bromes\/"]}]},{"@type":"ImageObject","inLanguage":"fr-FR","@id":"https:\/\/meozen.com\/fr\/produit\/retraite-de-yoga-3-jours-2-nuits-a-saint-martin-de-bromes\/#primaryimage","url":"https:\/\/meozen.com\/fr\/wp-content\/uploads\/sites\/2\/2021\/06\/le-payanet-retraite-yoga-1.jpeg","contentUrl":"https:\/\/meozen.com\/fr\/wp-content\/uploads\/sites\/2\/2021\/06\/le-payanet-retraite-yoga-1.jpeg","width":653,"height":490},{"@type":"BreadcrumbList","@id":"https:\/\/meozen.com\/fr\/produit\/retraite-de-yoga-3-jours-2-nuits-a-saint-martin-de-bromes\/#breadcrumb","itemListElement":[{"@type":"ListItem","position":1,"name":"Accueil","item":"https:\/\/meozen.com\/fr\/"},{"@type":"ListItem","position":2,"name":"Boutique","item":"https:\/\/meozen.com\/fr\/boutique\/"},{"@type":"ListItem","position":3,"name":"Retraite de yoga &#8211; 3 jours \/ 2 nuits \u00e0 Saint-Martin-de-Br\u00f4mes"}]},{"@type":"WebSite","@id":"https:\/\/meozen.com\/fr\/#website","url":"https:\/\/meozen.com\/fr\/","name":"Meozen - Votre portail bien-\u00eatre","description":"D\u00e9couvrez tout l&#039;univers du bien-\u00eatre, yoga, m\u00e9ditation, trouvez les meilleures retraites et formations bien-\u00eatre","publisher":{"@id":"https:\/\/meozen.com\/fr\/#organization"},"potentialAction":[{"@type":"SearchAction","target":{"@type":"EntryPoint","urlTemplate":"https:\/\/meozen.com\/fr\/?s={search_term_string}"},"query-input":{"@type":"PropertyValueSpecification","valueRequired":true,"valueName":"search_term_string"}}],"inLanguage":"fr-FR"},{"@type":"Organization","@id":"https:\/\/meozen.com\/fr\/#organization","name":"Meozen","url":"https:\/\/meozen.com\/fr\/","logo":{"@type":"ImageObject","inLanguage":"fr-FR","@id":"https:\/\/meozen.com\/fr\/#\/schema\/logo\/image\/","url":"https:\/\/meozen.com\/fr\/wp-content\/uploads\/sites\/2\/2021\/06\/logo-meozen-push.jpg","contentUrl":"https:\/\/meozen.com\/fr\/wp-content\/uploads\/sites\/2\/2021\/06\/logo-meozen-push.jpg","width":384,"height":384,"caption":"Meozen"},"image":{"@id":"https:\/\/meozen.com\/fr\/#\/schema\/logo\/image\/"},"sameAs":["https:\/\/www.facebook.com\/MeozenFr\/","https:\/\/www.pinterest.fr\/meozen_officiel\/","https:\/\/www.instagram.com\/meozen_officiel\/"]}]}},"_links":{"self":[{"href":"https:\/\/meozen.com\/fr\/wp-json\/wp\/v2\/product\/1862","targetHints":{"allow":["GET"]}}],"collection":[{"href":"https:\/\/meozen.com\/fr\/wp-json\/wp\/v2\/product"}],"about":[{"href":"https:\/\/meozen.com\/fr\/wp-json\/wp\/v2\/types\/product"}],"replies":[{"embeddable":true,"href":"https:\/\/meozen.com\/fr\/wp-json\/wp\/v2\/comments?post=1862"}],"wp:featuredmedia":[{"embeddable":true,"href":"https:\/\/meozen.com\/fr\/wp-json\/wp\/v2\/media\/1863"}],"wp:attachment":[{"href":"https:\/\/meozen.com\/fr\/wp-json\/wp\/v2\/media?parent=1862"}],"wp:term":[{"taxonomy":"product_brand","embeddable":true,"href":"https:\/\/meozen.com\/fr\/wp-json\/wp\/v2\/product_brand?post=1862"},{"taxonomy":"product_cat","embeddable":true,"href":"https:\/\/meozen.com\/fr\/wp-json\/wp\/v2\/product_cat?post=1862"},{"taxonomy":"product_tag","embeddable":true,"href":"https:\/\/meozen.com\/fr\/wp-json\/wp\/v2\/product_tag?post=1862"}],"curies":[{"name":"wp","href":"https:\/\/api.w.org\/{rel}","templated":true}]}}