{"id":1882,"date":"2021-06-30T10:17:12","date_gmt":"2021-06-30T08:17:12","guid":{"rendered":"https:\/\/meozen.com\/fr\/?post_type=product&#038;p=1882"},"modified":"2023-06-17T02:46:32","modified_gmt":"2023-06-17T00:46:32","slug":"retraite-de-yoga-4-jours-3-nuits-a-bidart","status":"publish","type":"product","link":"https:\/\/meozen.com\/fr\/produit\/retraite-de-yoga-4-jours-3-nuits-a-bidart\/","title":{"rendered":"Retraite de yoga &#8211; 4 jours \/ 3 nuits \u00e0 Bidart"},"content":{"rendered":"<ul>\n<li>4 jours de pratique<\/li>\n<li>2 cours de yoga par jour<\/li>\n<li>Le\u00e7on de m\u00e9ditation guid\u00e9e quotidienne<\/li>\n<li>Pranayama et s\u00e9ances de gu\u00e9rison sonore<\/li>\n<li>Pilates et promenade lente sur la plage<\/li>\n<li>Petit d\u00e9jeuner quotidien<\/li>\n<\/ul>\n","protected":false},"excerpt":{"rendered":"<p><strong style=\"font-size: 22px;\"> Une retraite holistique o\u00f9 vous pourrez pratiquer tous les jours le yoga sur la magnifique c\u00f4te du Pays basque. <\/strong><\/p>\n<p>Vous profiterez d&rsquo;un week-end de gu\u00e9rison, pour se reconnecter dans le magnifique village de Bidart, au Pays basque cinq minutes loin de Biarritz et \u00e0 30 minutes de San Sebastian, en Espagne. L&#8217;emplacement est id\u00e9al avec vue sur l&rsquo;oc\u00e9an et acc\u00e8s \u00e0 la plage sauvage de l&rsquo;autre c\u00f4t\u00e9 de la route. Vous pouvez profiter d&rsquo;une belle vue sur les montagnes depuis le jardin. Au cours de ces quatre jours, vous aurez l&rsquo; occasion de gu\u00e9rir gr\u00e2ce \u00e0 des pratiques de pleine conscience quotidiennes et \u00e0 une alimentation saine et biologique.<\/p>\n<p>L&rsquo;\u00e9thique concerne la th\u00e9rapie. Vous allez explorer la pratique du yoga \u00e0 travers l&rsquo;\u00e9nergie (chakras) faire une mise au point anatomique \u00e0 base de boissons aux plantes associ\u00e9es \u00e0 chaque flux pour faire vous sentir votre mieux, apprendre et se d\u00e9tendre. Les flux de yoga proviennent de diff\u00e9rents styles : Vinyasa d\u00e9butant , Yin et Ashtanga. Vous pourrez \u00e9galement d\u00e9couvrir diff\u00e9rentes techniques de pranayama et de m\u00e9ditation et profiter des avantages de gu\u00e9rison par le son. Le jour un, une promenade cardion et une s\u00e9ance de remise en forme lente et Pilates sur la plage sont incluses si vous souhaitez y participer. Des cours priv\u00e9s sont \u00e9galement disponibles sur demande.<\/p>\n<p><strong>S\u00e9jour \u00e0 partir de 520 euros.<\/strong><\/p>\n","protected":false},"featured_media":1890,"comment_status":"open","ping_status":"closed","template":"","meta":{"_mo_disable_npp":""},"product_brand":[],"product_cat":[44,120,28,52],"product_tag":[],"class_list":{"0":"post-1882","1":"product","2":"type-product","3":"status-publish","4":"has-post-thumbnail","6":"product_cat-retraite-4-jours-yoga","7":"product_cat-retraite-yoga","8":"product_cat-retraite-week-end-yoga","9":"product_cat-retraite-yoga-pays-basque","11":"first","12":"instock","13":"taxable","14":"shipping-taxable","15":"product-type-external"},"yoast_head":"<!-- This site is optimized with the Yoast SEO plugin v26.8 - https:\/\/yoast.com\/product\/yoast-seo-wordpress\/ -->\n<title>Retraite de yoga - 4 jours \/ 3 nuits \u00e0 Bidart - Meozen - Votre portail bien-\u00eatre<\/title>\n<meta name=\"description\" content=\"R\u00e9servez d\u00e8s maintenant votre Retraite de yoga - 4 jours \/ 3 nuits \u00e0 Bidart avec Meozen. \u00c9vadez-vous du quotidien avec ce s\u00e9jour unique. Dur\u00e9e, conditions, prix... Cliquez pour d\u00e9couvrir !\" \/>\n<meta name=\"robots\" content=\"index, follow, max-snippet:-1, max-image-preview:large, max-video-preview:-1\" \/>\n<link rel=\"canonical\" href=\"https:\/\/meozen.com\/fr\/produit\/retraite-de-yoga-4-jours-3-nuits-a-bidart\/\" \/>\n<meta property=\"og:locale\" content=\"fr_FR\" \/>\n<meta property=\"og:type\" content=\"article\" \/>\n<meta property=\"og:title\" content=\"Retraite de yoga - 4 jours \/ 3 nuits \u00e0 Bidart - Meozen - Votre portail bien-\u00eatre\" \/>\n<meta property=\"og:description\" content=\"R\u00e9servez d\u00e8s maintenant votre Retraite de yoga - 4 jours \/ 3 nuits \u00e0 Bidart avec Meozen. \u00c9vadez-vous du quotidien avec ce s\u00e9jour unique. Dur\u00e9e, conditions, prix... Cliquez pour d\u00e9couvrir !\" \/>\n<meta property=\"og:url\" content=\"https:\/\/meozen.com\/fr\/produit\/retraite-de-yoga-4-jours-3-nuits-a-bidart\/\" \/>\n<meta property=\"og:site_name\" content=\"Meozen - Votre portail bien-\u00eatre\" \/>\n<meta property=\"article:publisher\" content=\"https:\/\/www.facebook.com\/MeozenFr\/\" \/>\n<meta property=\"article:modified_time\" content=\"2023-06-17T00:46:32+00:00\" \/>\n<meta property=\"og:image\" content=\"https:\/\/meozen.com\/fr\/wp-content\/uploads\/sites\/2\/2021\/06\/villa-bide-berri-bidart-retraite-yoga-2.jpeg\" \/>\n\t<meta property=\"og:image:width\" content=\"653\" \/>\n\t<meta property=\"og:image:height\" content=\"490\" \/>\n\t<meta property=\"og:image:type\" content=\"image\/jpeg\" \/>\n<meta name=\"twitter:card\" content=\"summary_large_image\" \/>\n<meta name=\"twitter:label1\" content=\"Dur\u00e9e de lecture estim\u00e9e\" \/>\n\t<meta name=\"twitter:data1\" content=\"1 minute\" \/>\n<script type=\"application\/ld+json\" class=\"yoast-schema-graph\">{\"@context\":\"https:\/\/schema.org\",\"@graph\":[{\"@type\":\"WebPage\",\"@id\":\"https:\/\/meozen.com\/fr\/produit\/retraite-de-yoga-4-jours-3-nuits-a-bidart\/\",\"url\":\"https:\/\/meozen.com\/fr\/produit\/retraite-de-yoga-4-jours-3-nuits-a-bidart\/\",\"name\":\"Retraite de yoga - 4 jours \/ 3 nuits \u00e0 Bidart - Meozen - Votre portail bien-\u00eatre\",\"isPartOf\":{\"@id\":\"https:\/\/meozen.com\/fr\/#website\"},\"primaryImageOfPage\":{\"@id\":\"https:\/\/meozen.com\/fr\/produit\/retraite-de-yoga-4-jours-3-nuits-a-bidart\/#primaryimage\"},\"image\":{\"@id\":\"https:\/\/meozen.com\/fr\/produit\/retraite-de-yoga-4-jours-3-nuits-a-bidart\/#primaryimage\"},\"thumbnailUrl\":\"https:\/\/meozen.com\/fr\/wp-content\/uploads\/sites\/2\/2021\/06\/villa-bide-berri-bidart-retraite-yoga-2.jpeg\",\"datePublished\":\"2021-06-30T08:17:12+00:00\",\"dateModified\":\"2023-06-17T00:46:32+00:00\",\"description\":\"R\u00e9servez d\u00e8s maintenant votre Retraite de yoga - 4 jours \/ 3 nuits \u00e0 Bidart avec Meozen. \u00c9vadez-vous du quotidien avec ce s\u00e9jour unique. Dur\u00e9e, conditions, prix... Cliquez pour d\u00e9couvrir !\",\"breadcrumb\":{\"@id\":\"https:\/\/meozen.com\/fr\/produit\/retraite-de-yoga-4-jours-3-nuits-a-bidart\/#breadcrumb\"},\"inLanguage\":\"fr-FR\",\"potentialAction\":[{\"@type\":\"ReadAction\",\"target\":[\"https:\/\/meozen.com\/fr\/produit\/retraite-de-yoga-4-jours-3-nuits-a-bidart\/\"]}]},{\"@type\":\"ImageObject\",\"inLanguage\":\"fr-FR\",\"@id\":\"https:\/\/meozen.com\/fr\/produit\/retraite-de-yoga-4-jours-3-nuits-a-bidart\/#primaryimage\",\"url\":\"https:\/\/meozen.com\/fr\/wp-content\/uploads\/sites\/2\/2021\/06\/villa-bide-berri-bidart-retraite-yoga-2.jpeg\",\"contentUrl\":\"https:\/\/meozen.com\/fr\/wp-content\/uploads\/sites\/2\/2021\/06\/villa-bide-berri-bidart-retraite-yoga-2.jpeg\",\"width\":653,\"height\":490},{\"@type\":\"BreadcrumbList\",\"@id\":\"https:\/\/meozen.com\/fr\/produit\/retraite-de-yoga-4-jours-3-nuits-a-bidart\/#breadcrumb\",\"itemListElement\":[{\"@type\":\"ListItem\",\"position\":1,\"name\":\"Accueil\",\"item\":\"https:\/\/meozen.com\/fr\/\"},{\"@type\":\"ListItem\",\"position\":2,\"name\":\"Boutique\",\"item\":\"https:\/\/meozen.com\/fr\/boutique\/\"},{\"@type\":\"ListItem\",\"position\":3,\"name\":\"Retraite de yoga &#8211; 4 jours \/ 3 nuits \u00e0 Bidart\"}]},{\"@type\":\"WebSite\",\"@id\":\"https:\/\/meozen.com\/fr\/#website\",\"url\":\"https:\/\/meozen.com\/fr\/\",\"name\":\"Meozen - Votre portail bien-\u00eatre\",\"description\":\"D\u00e9couvrez tout l&#039;univers du bien-\u00eatre, yoga, m\u00e9ditation, trouvez les meilleures retraites et formations bien-\u00eatre\",\"publisher\":{\"@id\":\"https:\/\/meozen.com\/fr\/#organization\"},\"potentialAction\":[{\"@type\":\"SearchAction\",\"target\":{\"@type\":\"EntryPoint\",\"urlTemplate\":\"https:\/\/meozen.com\/fr\/?s={search_term_string}\"},\"query-input\":{\"@type\":\"PropertyValueSpecification\",\"valueRequired\":true,\"valueName\":\"search_term_string\"}}],\"inLanguage\":\"fr-FR\"},{\"@type\":\"Organization\",\"@id\":\"https:\/\/meozen.com\/fr\/#organization\",\"name\":\"Meozen\",\"url\":\"https:\/\/meozen.com\/fr\/\",\"logo\":{\"@type\":\"ImageObject\",\"inLanguage\":\"fr-FR\",\"@id\":\"https:\/\/meozen.com\/fr\/#\/schema\/logo\/image\/\",\"url\":\"https:\/\/meozen.com\/fr\/wp-content\/uploads\/sites\/2\/2021\/06\/logo-meozen-push.jpg\",\"contentUrl\":\"https:\/\/meozen.com\/fr\/wp-content\/uploads\/sites\/2\/2021\/06\/logo-meozen-push.jpg\",\"width\":384,\"height\":384,\"caption\":\"Meozen\"},\"image\":{\"@id\":\"https:\/\/meozen.com\/fr\/#\/schema\/logo\/image\/\"},\"sameAs\":[\"https:\/\/www.facebook.com\/MeozenFr\/\",\"https:\/\/www.pinterest.fr\/meozen_officiel\/\",\"https:\/\/www.instagram.com\/meozen_officiel\/\"]}]}<\/script>\n<!-- \/ Yoast SEO plugin. -->","yoast_head_json":{"title":"Retraite de yoga - 4 jours \/ 3 nuits \u00e0 Bidart - Meozen - Votre portail bien-\u00eatre","description":"R\u00e9servez d\u00e8s maintenant votre Retraite de yoga - 4 jours \/ 3 nuits \u00e0 Bidart avec Meozen. \u00c9vadez-vous du quotidien avec ce s\u00e9jour unique. Dur\u00e9e, conditions, prix... Cliquez pour d\u00e9couvrir !","robots":{"index":"index","follow":"follow","max-snippet":"max-snippet:-1","max-image-preview":"max-image-preview:large","max-video-preview":"max-video-preview:-1"},"canonical":"https:\/\/meozen.com\/fr\/produit\/retraite-de-yoga-4-jours-3-nuits-a-bidart\/","og_locale":"fr_FR","og_type":"article","og_title":"Retraite de yoga - 4 jours \/ 3 nuits \u00e0 Bidart - Meozen - Votre portail bien-\u00eatre","og_description":"R\u00e9servez d\u00e8s maintenant votre Retraite de yoga - 4 jours \/ 3 nuits \u00e0 Bidart avec Meozen. \u00c9vadez-vous du quotidien avec ce s\u00e9jour unique. Dur\u00e9e, conditions, prix... Cliquez pour d\u00e9couvrir !","og_url":"https:\/\/meozen.com\/fr\/produit\/retraite-de-yoga-4-jours-3-nuits-a-bidart\/","og_site_name":"Meozen - Votre portail bien-\u00eatre","article_publisher":"https:\/\/www.facebook.com\/MeozenFr\/","article_modified_time":"2023-06-17T00:46:32+00:00","og_image":[{"width":653,"height":490,"url":"https:\/\/meozen.com\/fr\/wp-content\/uploads\/sites\/2\/2021\/06\/villa-bide-berri-bidart-retraite-yoga-2.jpeg","type":"image\/jpeg"}],"twitter_card":"summary_large_image","twitter_misc":{"Dur\u00e9e de lecture estim\u00e9e":"1 minute"},"schema":{"@context":"https:\/\/schema.org","@graph":[{"@type":"WebPage","@id":"https:\/\/meozen.com\/fr\/produit\/retraite-de-yoga-4-jours-3-nuits-a-bidart\/","url":"https:\/\/meozen.com\/fr\/produit\/retraite-de-yoga-4-jours-3-nuits-a-bidart\/","name":"Retraite de yoga - 4 jours \/ 3 nuits \u00e0 Bidart - Meozen - Votre portail bien-\u00eatre","isPartOf":{"@id":"https:\/\/meozen.com\/fr\/#website"},"primaryImageOfPage":{"@id":"https:\/\/meozen.com\/fr\/produit\/retraite-de-yoga-4-jours-3-nuits-a-bidart\/#primaryimage"},"image":{"@id":"https:\/\/meozen.com\/fr\/produit\/retraite-de-yoga-4-jours-3-nuits-a-bidart\/#primaryimage"},"thumbnailUrl":"https:\/\/meozen.com\/fr\/wp-content\/uploads\/sites\/2\/2021\/06\/villa-bide-berri-bidart-retraite-yoga-2.jpeg","datePublished":"2021-06-30T08:17:12+00:00","dateModified":"2023-06-17T00:46:32+00:00","description":"R\u00e9servez d\u00e8s maintenant votre Retraite de yoga - 4 jours \/ 3 nuits \u00e0 Bidart avec Meozen. \u00c9vadez-vous du quotidien avec ce s\u00e9jour unique. Dur\u00e9e, conditions, prix... Cliquez pour d\u00e9couvrir !","breadcrumb":{"@id":"https:\/\/meozen.com\/fr\/produit\/retraite-de-yoga-4-jours-3-nuits-a-bidart\/#breadcrumb"},"inLanguage":"fr-FR","potentialAction":[{"@type":"ReadAction","target":["https:\/\/meozen.com\/fr\/produit\/retraite-de-yoga-4-jours-3-nuits-a-bidart\/"]}]},{"@type":"ImageObject","inLanguage":"fr-FR","@id":"https:\/\/meozen.com\/fr\/produit\/retraite-de-yoga-4-jours-3-nuits-a-bidart\/#primaryimage","url":"https:\/\/meozen.com\/fr\/wp-content\/uploads\/sites\/2\/2021\/06\/villa-bide-berri-bidart-retraite-yoga-2.jpeg","contentUrl":"https:\/\/meozen.com\/fr\/wp-content\/uploads\/sites\/2\/2021\/06\/villa-bide-berri-bidart-retraite-yoga-2.jpeg","width":653,"height":490},{"@type":"BreadcrumbList","@id":"https:\/\/meozen.com\/fr\/produit\/retraite-de-yoga-4-jours-3-nuits-a-bidart\/#breadcrumb","itemListElement":[{"@type":"ListItem","position":1,"name":"Accueil","item":"https:\/\/meozen.com\/fr\/"},{"@type":"ListItem","position":2,"name":"Boutique","item":"https:\/\/meozen.com\/fr\/boutique\/"},{"@type":"ListItem","position":3,"name":"Retraite de yoga &#8211; 4 jours \/ 3 nuits \u00e0 Bidart"}]},{"@type":"WebSite","@id":"https:\/\/meozen.com\/fr\/#website","url":"https:\/\/meozen.com\/fr\/","name":"Meozen - Votre portail bien-\u00eatre","description":"D\u00e9couvrez tout l&#039;univers du bien-\u00eatre, yoga, m\u00e9ditation, trouvez les meilleures retraites et formations bien-\u00eatre","publisher":{"@id":"https:\/\/meozen.com\/fr\/#organization"},"potentialAction":[{"@type":"SearchAction","target":{"@type":"EntryPoint","urlTemplate":"https:\/\/meozen.com\/fr\/?s={search_term_string}"},"query-input":{"@type":"PropertyValueSpecification","valueRequired":true,"valueName":"search_term_string"}}],"inLanguage":"fr-FR"},{"@type":"Organization","@id":"https:\/\/meozen.com\/fr\/#organization","name":"Meozen","url":"https:\/\/meozen.com\/fr\/","logo":{"@type":"ImageObject","inLanguage":"fr-FR","@id":"https:\/\/meozen.com\/fr\/#\/schema\/logo\/image\/","url":"https:\/\/meozen.com\/fr\/wp-content\/uploads\/sites\/2\/2021\/06\/logo-meozen-push.jpg","contentUrl":"https:\/\/meozen.com\/fr\/wp-content\/uploads\/sites\/2\/2021\/06\/logo-meozen-push.jpg","width":384,"height":384,"caption":"Meozen"},"image":{"@id":"https:\/\/meozen.com\/fr\/#\/schema\/logo\/image\/"},"sameAs":["https:\/\/www.facebook.com\/MeozenFr\/","https:\/\/www.pinterest.fr\/meozen_officiel\/","https:\/\/www.instagram.com\/meozen_officiel\/"]}]}},"_links":{"self":[{"href":"https:\/\/meozen.com\/fr\/wp-json\/wp\/v2\/product\/1882","targetHints":{"allow":["GET"]}}],"collection":[{"href":"https:\/\/meozen.com\/fr\/wp-json\/wp\/v2\/product"}],"about":[{"href":"https:\/\/meozen.com\/fr\/wp-json\/wp\/v2\/types\/product"}],"replies":[{"embeddable":true,"href":"https:\/\/meozen.com\/fr\/wp-json\/wp\/v2\/comments?post=1882"}],"wp:featuredmedia":[{"embeddable":true,"href":"https:\/\/meozen.com\/fr\/wp-json\/wp\/v2\/media\/1890"}],"wp:attachment":[{"href":"https:\/\/meozen.com\/fr\/wp-json\/wp\/v2\/media?parent=1882"}],"wp:term":[{"taxonomy":"product_brand","embeddable":true,"href":"https:\/\/meozen.com\/fr\/wp-json\/wp\/v2\/product_brand?post=1882"},{"taxonomy":"product_cat","embeddable":true,"href":"https:\/\/meozen.com\/fr\/wp-json\/wp\/v2\/product_cat?post=1882"},{"taxonomy":"product_tag","embeddable":true,"href":"https:\/\/meozen.com\/fr\/wp-json\/wp\/v2\/product_tag?post=1882"}],"curies":[{"name":"wp","href":"https:\/\/api.w.org\/{rel}","templated":true}]}}