{"id":2005,"date":"2021-07-01T15:33:38","date_gmt":"2021-07-01T13:33:38","guid":{"rendered":"https:\/\/meozen.com\/fr\/?post_type=product&#038;p=2005"},"modified":"2023-06-17T02:45:11","modified_gmt":"2023-06-17T00:45:11","slug":"retraite-de-yoga-7-jours-6-nuits-a-goa-2","status":"publish","type":"product","link":"https:\/\/meozen.com\/fr\/produit\/retraite-de-yoga-7-jours-6-nuits-a-goa-2\/","title":{"rendered":"Retraite de yoga &#8211; 7 jours \/ 6 nuits \u00e0 Goa"},"content":{"rendered":"<ul>\n<li>Cours de yoga tous les jours<\/li>\n<li>Introduction \u00e0 l&rsquo;Ayurv\u00e9da<\/li>\n<li>Cours de m\u00e9ditation quotidien du matin<\/li>\n<li>Conseils di\u00e9t\u00e9tiques et consultations<\/li>\n<li>Petit-d\u00e9jeuner et deux repas v\u00e9g\u00e9tariens<\/li>\n<\/ul>\n","protected":false},"excerpt":{"rendered":"<p><strong style=\"font-size: 22px;\"> Une retraite de yoga ayurv\u00e9dique en Inde.<\/strong><\/p>\n<p>Les horaires charg\u00e9s et la vie quotidienne stressante d&rsquo;aujourd&rsquo;hui signifient qu&rsquo;une semaine ou un mois de farniente sur une plage ne suffit pas pour se d\u00e9tendre pleinement et recharger votre esprit et votre corps. Le corps a besoin d&rsquo;\u00eatre nettoy\u00e9 \u00e0 l&rsquo;envers une fois que vous avez \u00e9t\u00e9 trop \u00e9puis\u00e9. Rejoignez cette retraite rajeunissante en Inde o\u00f9 vous pourrez en apprendre davantage sur l&rsquo;Ayurveda, en particulier les bienfaits pour la sant\u00e9 de votre corps. Vous repartirez en meilleure sant\u00e9 avec les connaissances n\u00e9cessaires pour am\u00e9liorer votre bien-\u00eatre.<\/p>\n<p><strong>S\u00e9jour \u00e0 partir de 800 euros.<\/strong><\/p>\n","protected":false},"featured_media":2007,"comment_status":"open","ping_status":"closed","template":"","meta":{"_mo_disable_npp":""},"product_brand":[],"product_cat":[27,120,64,58],"product_tag":[],"class_list":{"0":"post-2005","1":"product","2":"type-product","3":"status-publish","4":"has-post-thumbnail","6":"product_cat-retraite-7-jours","7":"product_cat-retraite-yoga","8":"product_cat-retraite-yoga-goa","9":"product_cat-retraite-yoga-inde","11":"first","12":"instock","13":"taxable","14":"shipping-taxable","15":"product-type-external"},"yoast_head":"<!-- This site is optimized with the Yoast SEO plugin v26.8 - https:\/\/yoast.com\/product\/yoast-seo-wordpress\/ -->\n<title>Retraite de yoga - 7 jours \/ 6 nuits \u00e0 Goa - Meozen - Votre portail bien-\u00eatre<\/title>\n<meta name=\"description\" content=\"R\u00e9servez d\u00e8s maintenant votre Retraite de yoga - 7 jours \/ 6 nuits \u00e0 Goa avec Meozen. \u00c9vadez-vous du quotidien avec ce s\u00e9jour unique. Dur\u00e9e, conditions, prix... Cliquez pour d\u00e9couvrir !\" \/>\n<meta name=\"robots\" content=\"index, follow, max-snippet:-1, max-image-preview:large, max-video-preview:-1\" \/>\n<link rel=\"canonical\" href=\"https:\/\/meozen.com\/fr\/produit\/retraite-de-yoga-7-jours-6-nuits-a-goa-2\/\" \/>\n<meta property=\"og:locale\" content=\"fr_FR\" \/>\n<meta property=\"og:type\" content=\"article\" \/>\n<meta property=\"og:title\" content=\"Retraite de yoga - 7 jours \/ 6 nuits \u00e0 Goa - Meozen - Votre portail bien-\u00eatre\" \/>\n<meta property=\"og:description\" content=\"R\u00e9servez d\u00e8s maintenant votre Retraite de yoga - 7 jours \/ 6 nuits \u00e0 Goa avec Meozen. \u00c9vadez-vous du quotidien avec ce s\u00e9jour unique. Dur\u00e9e, conditions, prix... Cliquez pour d\u00e9couvrir !\" \/>\n<meta property=\"og:url\" content=\"https:\/\/meozen.com\/fr\/produit\/retraite-de-yoga-7-jours-6-nuits-a-goa-2\/\" \/>\n<meta property=\"og:site_name\" content=\"Meozen - Votre portail bien-\u00eatre\" \/>\n<meta property=\"article:publisher\" content=\"https:\/\/www.facebook.com\/MeozenFr\/\" \/>\n<meta property=\"article:modified_time\" content=\"2023-06-17T00:45:11+00:00\" \/>\n<meta property=\"og:image\" content=\"https:\/\/meozen.com\/fr\/wp-content\/uploads\/sites\/2\/2021\/07\/preksha-yoga-ashram-retraite-1-1.jpeg\" \/>\n\t<meta property=\"og:image:width\" content=\"653\" \/>\n\t<meta property=\"og:image:height\" content=\"490\" \/>\n\t<meta property=\"og:image:type\" content=\"image\/jpeg\" \/>\n<meta name=\"twitter:card\" content=\"summary_large_image\" \/>\n<meta name=\"twitter:label1\" content=\"Dur\u00e9e de lecture estim\u00e9e\" \/>\n\t<meta name=\"twitter:data1\" content=\"1 minute\" \/>\n<script type=\"application\/ld+json\" class=\"yoast-schema-graph\">{\"@context\":\"https:\/\/schema.org\",\"@graph\":[{\"@type\":\"WebPage\",\"@id\":\"https:\/\/meozen.com\/fr\/produit\/retraite-de-yoga-7-jours-6-nuits-a-goa-2\/\",\"url\":\"https:\/\/meozen.com\/fr\/produit\/retraite-de-yoga-7-jours-6-nuits-a-goa-2\/\",\"name\":\"Retraite de yoga - 7 jours \/ 6 nuits \u00e0 Goa - Meozen - Votre portail bien-\u00eatre\",\"isPartOf\":{\"@id\":\"https:\/\/meozen.com\/fr\/#website\"},\"primaryImageOfPage\":{\"@id\":\"https:\/\/meozen.com\/fr\/produit\/retraite-de-yoga-7-jours-6-nuits-a-goa-2\/#primaryimage\"},\"image\":{\"@id\":\"https:\/\/meozen.com\/fr\/produit\/retraite-de-yoga-7-jours-6-nuits-a-goa-2\/#primaryimage\"},\"thumbnailUrl\":\"https:\/\/meozen.com\/fr\/wp-content\/uploads\/sites\/2\/2021\/07\/preksha-yoga-ashram-retraite-1-1.jpeg\",\"datePublished\":\"2021-07-01T13:33:38+00:00\",\"dateModified\":\"2023-06-17T00:45:11+00:00\",\"description\":\"R\u00e9servez d\u00e8s maintenant votre Retraite de yoga - 7 jours \/ 6 nuits \u00e0 Goa avec Meozen. \u00c9vadez-vous du quotidien avec ce s\u00e9jour unique. Dur\u00e9e, conditions, prix... Cliquez pour d\u00e9couvrir !\",\"breadcrumb\":{\"@id\":\"https:\/\/meozen.com\/fr\/produit\/retraite-de-yoga-7-jours-6-nuits-a-goa-2\/#breadcrumb\"},\"inLanguage\":\"fr-FR\",\"potentialAction\":[{\"@type\":\"ReadAction\",\"target\":[\"https:\/\/meozen.com\/fr\/produit\/retraite-de-yoga-7-jours-6-nuits-a-goa-2\/\"]}]},{\"@type\":\"ImageObject\",\"inLanguage\":\"fr-FR\",\"@id\":\"https:\/\/meozen.com\/fr\/produit\/retraite-de-yoga-7-jours-6-nuits-a-goa-2\/#primaryimage\",\"url\":\"https:\/\/meozen.com\/fr\/wp-content\/uploads\/sites\/2\/2021\/07\/preksha-yoga-ashram-retraite-1-1.jpeg\",\"contentUrl\":\"https:\/\/meozen.com\/fr\/wp-content\/uploads\/sites\/2\/2021\/07\/preksha-yoga-ashram-retraite-1-1.jpeg\",\"width\":653,\"height\":490},{\"@type\":\"BreadcrumbList\",\"@id\":\"https:\/\/meozen.com\/fr\/produit\/retraite-de-yoga-7-jours-6-nuits-a-goa-2\/#breadcrumb\",\"itemListElement\":[{\"@type\":\"ListItem\",\"position\":1,\"name\":\"Accueil\",\"item\":\"https:\/\/meozen.com\/fr\/\"},{\"@type\":\"ListItem\",\"position\":2,\"name\":\"Boutique\",\"item\":\"https:\/\/meozen.com\/fr\/boutique\/\"},{\"@type\":\"ListItem\",\"position\":3,\"name\":\"Retraite de yoga &#8211; 7 jours \/ 6 nuits \u00e0 Goa\"}]},{\"@type\":\"WebSite\",\"@id\":\"https:\/\/meozen.com\/fr\/#website\",\"url\":\"https:\/\/meozen.com\/fr\/\",\"name\":\"Meozen - Votre portail bien-\u00eatre\",\"description\":\"D\u00e9couvrez tout l&#039;univers du bien-\u00eatre, yoga, m\u00e9ditation, trouvez les meilleures retraites et formations bien-\u00eatre\",\"publisher\":{\"@id\":\"https:\/\/meozen.com\/fr\/#organization\"},\"potentialAction\":[{\"@type\":\"SearchAction\",\"target\":{\"@type\":\"EntryPoint\",\"urlTemplate\":\"https:\/\/meozen.com\/fr\/?s={search_term_string}\"},\"query-input\":{\"@type\":\"PropertyValueSpecification\",\"valueRequired\":true,\"valueName\":\"search_term_string\"}}],\"inLanguage\":\"fr-FR\"},{\"@type\":\"Organization\",\"@id\":\"https:\/\/meozen.com\/fr\/#organization\",\"name\":\"Meozen\",\"url\":\"https:\/\/meozen.com\/fr\/\",\"logo\":{\"@type\":\"ImageObject\",\"inLanguage\":\"fr-FR\",\"@id\":\"https:\/\/meozen.com\/fr\/#\/schema\/logo\/image\/\",\"url\":\"https:\/\/meozen.com\/fr\/wp-content\/uploads\/sites\/2\/2021\/06\/logo-meozen-push.jpg\",\"contentUrl\":\"https:\/\/meozen.com\/fr\/wp-content\/uploads\/sites\/2\/2021\/06\/logo-meozen-push.jpg\",\"width\":384,\"height\":384,\"caption\":\"Meozen\"},\"image\":{\"@id\":\"https:\/\/meozen.com\/fr\/#\/schema\/logo\/image\/\"},\"sameAs\":[\"https:\/\/www.facebook.com\/MeozenFr\/\",\"https:\/\/www.pinterest.fr\/meozen_officiel\/\",\"https:\/\/www.instagram.com\/meozen_officiel\/\"]}]}<\/script>\n<!-- \/ Yoast SEO plugin. -->","yoast_head_json":{"title":"Retraite de yoga - 7 jours \/ 6 nuits \u00e0 Goa - Meozen - Votre portail bien-\u00eatre","description":"R\u00e9servez d\u00e8s maintenant votre Retraite de yoga - 7 jours \/ 6 nuits \u00e0 Goa avec Meozen. \u00c9vadez-vous du quotidien avec ce s\u00e9jour unique. Dur\u00e9e, conditions, prix... Cliquez pour d\u00e9couvrir !","robots":{"index":"index","follow":"follow","max-snippet":"max-snippet:-1","max-image-preview":"max-image-preview:large","max-video-preview":"max-video-preview:-1"},"canonical":"https:\/\/meozen.com\/fr\/produit\/retraite-de-yoga-7-jours-6-nuits-a-goa-2\/","og_locale":"fr_FR","og_type":"article","og_title":"Retraite de yoga - 7 jours \/ 6 nuits \u00e0 Goa - Meozen - Votre portail bien-\u00eatre","og_description":"R\u00e9servez d\u00e8s maintenant votre Retraite de yoga - 7 jours \/ 6 nuits \u00e0 Goa avec Meozen. \u00c9vadez-vous du quotidien avec ce s\u00e9jour unique. Dur\u00e9e, conditions, prix... Cliquez pour d\u00e9couvrir !","og_url":"https:\/\/meozen.com\/fr\/produit\/retraite-de-yoga-7-jours-6-nuits-a-goa-2\/","og_site_name":"Meozen - Votre portail bien-\u00eatre","article_publisher":"https:\/\/www.facebook.com\/MeozenFr\/","article_modified_time":"2023-06-17T00:45:11+00:00","og_image":[{"width":653,"height":490,"url":"https:\/\/meozen.com\/fr\/wp-content\/uploads\/sites\/2\/2021\/07\/preksha-yoga-ashram-retraite-1-1.jpeg","type":"image\/jpeg"}],"twitter_card":"summary_large_image","twitter_misc":{"Dur\u00e9e de lecture estim\u00e9e":"1 minute"},"schema":{"@context":"https:\/\/schema.org","@graph":[{"@type":"WebPage","@id":"https:\/\/meozen.com\/fr\/produit\/retraite-de-yoga-7-jours-6-nuits-a-goa-2\/","url":"https:\/\/meozen.com\/fr\/produit\/retraite-de-yoga-7-jours-6-nuits-a-goa-2\/","name":"Retraite de yoga - 7 jours \/ 6 nuits \u00e0 Goa - Meozen - Votre portail bien-\u00eatre","isPartOf":{"@id":"https:\/\/meozen.com\/fr\/#website"},"primaryImageOfPage":{"@id":"https:\/\/meozen.com\/fr\/produit\/retraite-de-yoga-7-jours-6-nuits-a-goa-2\/#primaryimage"},"image":{"@id":"https:\/\/meozen.com\/fr\/produit\/retraite-de-yoga-7-jours-6-nuits-a-goa-2\/#primaryimage"},"thumbnailUrl":"https:\/\/meozen.com\/fr\/wp-content\/uploads\/sites\/2\/2021\/07\/preksha-yoga-ashram-retraite-1-1.jpeg","datePublished":"2021-07-01T13:33:38+00:00","dateModified":"2023-06-17T00:45:11+00:00","description":"R\u00e9servez d\u00e8s maintenant votre Retraite de yoga - 7 jours \/ 6 nuits \u00e0 Goa avec Meozen. \u00c9vadez-vous du quotidien avec ce s\u00e9jour unique. Dur\u00e9e, conditions, prix... Cliquez pour d\u00e9couvrir !","breadcrumb":{"@id":"https:\/\/meozen.com\/fr\/produit\/retraite-de-yoga-7-jours-6-nuits-a-goa-2\/#breadcrumb"},"inLanguage":"fr-FR","potentialAction":[{"@type":"ReadAction","target":["https:\/\/meozen.com\/fr\/produit\/retraite-de-yoga-7-jours-6-nuits-a-goa-2\/"]}]},{"@type":"ImageObject","inLanguage":"fr-FR","@id":"https:\/\/meozen.com\/fr\/produit\/retraite-de-yoga-7-jours-6-nuits-a-goa-2\/#primaryimage","url":"https:\/\/meozen.com\/fr\/wp-content\/uploads\/sites\/2\/2021\/07\/preksha-yoga-ashram-retraite-1-1.jpeg","contentUrl":"https:\/\/meozen.com\/fr\/wp-content\/uploads\/sites\/2\/2021\/07\/preksha-yoga-ashram-retraite-1-1.jpeg","width":653,"height":490},{"@type":"BreadcrumbList","@id":"https:\/\/meozen.com\/fr\/produit\/retraite-de-yoga-7-jours-6-nuits-a-goa-2\/#breadcrumb","itemListElement":[{"@type":"ListItem","position":1,"name":"Accueil","item":"https:\/\/meozen.com\/fr\/"},{"@type":"ListItem","position":2,"name":"Boutique","item":"https:\/\/meozen.com\/fr\/boutique\/"},{"@type":"ListItem","position":3,"name":"Retraite de yoga &#8211; 7 jours \/ 6 nuits \u00e0 Goa"}]},{"@type":"WebSite","@id":"https:\/\/meozen.com\/fr\/#website","url":"https:\/\/meozen.com\/fr\/","name":"Meozen - Votre portail bien-\u00eatre","description":"D\u00e9couvrez tout l&#039;univers du bien-\u00eatre, yoga, m\u00e9ditation, trouvez les meilleures retraites et formations bien-\u00eatre","publisher":{"@id":"https:\/\/meozen.com\/fr\/#organization"},"potentialAction":[{"@type":"SearchAction","target":{"@type":"EntryPoint","urlTemplate":"https:\/\/meozen.com\/fr\/?s={search_term_string}"},"query-input":{"@type":"PropertyValueSpecification","valueRequired":true,"valueName":"search_term_string"}}],"inLanguage":"fr-FR"},{"@type":"Organization","@id":"https:\/\/meozen.com\/fr\/#organization","name":"Meozen","url":"https:\/\/meozen.com\/fr\/","logo":{"@type":"ImageObject","inLanguage":"fr-FR","@id":"https:\/\/meozen.com\/fr\/#\/schema\/logo\/image\/","url":"https:\/\/meozen.com\/fr\/wp-content\/uploads\/sites\/2\/2021\/06\/logo-meozen-push.jpg","contentUrl":"https:\/\/meozen.com\/fr\/wp-content\/uploads\/sites\/2\/2021\/06\/logo-meozen-push.jpg","width":384,"height":384,"caption":"Meozen"},"image":{"@id":"https:\/\/meozen.com\/fr\/#\/schema\/logo\/image\/"},"sameAs":["https:\/\/www.facebook.com\/MeozenFr\/","https:\/\/www.pinterest.fr\/meozen_officiel\/","https:\/\/www.instagram.com\/meozen_officiel\/"]}]}},"_links":{"self":[{"href":"https:\/\/meozen.com\/fr\/wp-json\/wp\/v2\/product\/2005","targetHints":{"allow":["GET"]}}],"collection":[{"href":"https:\/\/meozen.com\/fr\/wp-json\/wp\/v2\/product"}],"about":[{"href":"https:\/\/meozen.com\/fr\/wp-json\/wp\/v2\/types\/product"}],"replies":[{"embeddable":true,"href":"https:\/\/meozen.com\/fr\/wp-json\/wp\/v2\/comments?post=2005"}],"wp:featuredmedia":[{"embeddable":true,"href":"https:\/\/meozen.com\/fr\/wp-json\/wp\/v2\/media\/2007"}],"wp:attachment":[{"href":"https:\/\/meozen.com\/fr\/wp-json\/wp\/v2\/media?parent=2005"}],"wp:term":[{"taxonomy":"product_brand","embeddable":true,"href":"https:\/\/meozen.com\/fr\/wp-json\/wp\/v2\/product_brand?post=2005"},{"taxonomy":"product_cat","embeddable":true,"href":"https:\/\/meozen.com\/fr\/wp-json\/wp\/v2\/product_cat?post=2005"},{"taxonomy":"product_tag","embeddable":true,"href":"https:\/\/meozen.com\/fr\/wp-json\/wp\/v2\/product_tag?post=2005"}],"curies":[{"name":"wp","href":"https:\/\/api.w.org\/{rel}","templated":true}]}}