{"id":2015,"date":"2021-07-01T15:39:08","date_gmt":"2021-07-01T13:39:08","guid":{"rendered":"https:\/\/meozen.com\/fr\/?post_type=product&#038;p=2015"},"modified":"2024-01-12T11:27:53","modified_gmt":"2024-01-12T10:27:53","slug":"retraite-de-yoga-10-jours-9-nuits-a-goa-2","status":"publish","type":"product","link":"https:\/\/meozen.com\/fr\/produit\/retraite-de-yoga-10-jours-9-nuits-a-goa-2\/","title":{"rendered":"Retraite de yoga &#038; ayurveda detox &#8211; 10 jours \/ 9 nuits \u00e0 Goa"},"content":{"rendered":"<ul>\n<li>Cours de yoga quotidien<\/li>\n<li>Cours de m\u00e9ditation quotidien<\/li>\n<li>Consultation avec un m\u00e9decin ayurv\u00e9dique<\/li>\n<li>D\u00e9tox Vamana pour \u00e9liminer les toxines Kapha<\/li>\n<li>Soins ou massages et conseils di\u00e9t\u00e9tiques<\/li>\n<li>Petit-d\u00e9jeuner et 2 repas v\u00e9g\u00e9tariens<\/li>\n<\/ul>\n","protected":false},"excerpt":{"rendered":"<p><strong style=\"font-size: 22px;\"> Une retraite Yoga &amp; d\u00e9tox Ayurveda \u00e0 Goa.<\/strong><\/p>\n<p>Rejoignez le berceau du yoga : l&rsquo;Inde \ud83c\uddee\ud83c\uddf3 !<br \/>\n\u2728 10 jours pour une exp\u00e9rience bien-\u00eatre exceptionnelle \u00e0\ud83d\udccd Goa, entre mer et nature.<\/p>\n<p>\u2705 Preksha Yoga Ashram vous invite \u00e0 \u00e9liminer les toxines de votre corps, de votre esprit et de votre \u00e2me gr\u00e2ce \u00e0 ce forfait complet de retraite de Yoga, M\u00e9ditation et Ayurveda. Gr\u00e2ce \u00e0 Vamana ou \u00e0 la th\u00e9rapie \u00e9m\u00e9tique, vous \u00e9liminerez les toxines Kapha collect\u00e9es dans le corps et les voies respiratoires. Ce traitement est le meilleur pour les maladies li\u00e9es \u00e0 Kapha, ainsi que pour les maladies chroniques de la peau telles que le psoriasis.<\/p>\n<p>\ud83c\udfe0 Vous serez log\u00e9 au Preksha Yoga Ashram qui est compos\u00e9 de cottages en bois respectueux de l&rsquo;environnement.<\/p>\n<p><strong>S\u00e9jour \u00e0 partir de 800 euros.<\/strong><\/p>\n","protected":false},"featured_media":2007,"comment_status":"open","ping_status":"closed","template":"","meta":{"_mo_disable_npp":""},"product_brand":[],"product_cat":[63,120,64,58],"product_tag":[],"class_list":{"0":"post-2015","1":"product","2":"type-product","3":"status-publish","4":"has-post-thumbnail","6":"product_cat-retraite-10-jours-yoga","7":"product_cat-retraite-yoga","8":"product_cat-retraite-yoga-goa","9":"product_cat-retraite-yoga-inde","11":"first","12":"instock","13":"taxable","14":"shipping-taxable","15":"product-type-external"},"yoast_head":"<!-- This site is optimized with the Yoast SEO plugin v26.8 - https:\/\/yoast.com\/product\/yoast-seo-wordpress\/ -->\n<title>Retraite de yoga &amp; ayurveda detox - 10 jours \/ 9 nuits \u00e0 Goa - Meozen - Votre portail bien-\u00eatre<\/title>\n<meta name=\"description\" content=\"R\u00e9servez d\u00e8s maintenant votre Retraite de yoga &amp; ayurveda detox - 10 jours \/ 9 nuits \u00e0 Goa avec Meozen. \u00c9vadez-vous du quotidien avec ce s\u00e9jour unique. Dur\u00e9e, conditions, prix... Cliquez pour d\u00e9couvrir !\" \/>\n<meta name=\"robots\" content=\"index, follow, max-snippet:-1, max-image-preview:large, max-video-preview:-1\" \/>\n<link rel=\"canonical\" href=\"https:\/\/meozen.com\/fr\/produit\/retraite-de-yoga-10-jours-9-nuits-a-goa-2\/\" \/>\n<meta property=\"og:locale\" content=\"fr_FR\" \/>\n<meta property=\"og:type\" content=\"article\" \/>\n<meta property=\"og:title\" content=\"Retraite de yoga &amp; ayurveda detox - 10 jours \/ 9 nuits \u00e0 Goa - Meozen - Votre portail bien-\u00eatre\" \/>\n<meta property=\"og:description\" content=\"R\u00e9servez d\u00e8s maintenant votre Retraite de yoga &amp; ayurveda detox - 10 jours \/ 9 nuits \u00e0 Goa avec Meozen. \u00c9vadez-vous du quotidien avec ce s\u00e9jour unique. Dur\u00e9e, conditions, prix... Cliquez pour d\u00e9couvrir !\" \/>\n<meta property=\"og:url\" content=\"https:\/\/meozen.com\/fr\/produit\/retraite-de-yoga-10-jours-9-nuits-a-goa-2\/\" \/>\n<meta property=\"og:site_name\" content=\"Meozen - Votre portail bien-\u00eatre\" \/>\n<meta property=\"article:publisher\" content=\"https:\/\/www.facebook.com\/MeozenFr\/\" \/>\n<meta property=\"article:modified_time\" content=\"2024-01-12T10:27:53+00:00\" \/>\n<meta property=\"og:image\" content=\"https:\/\/meozen.com\/fr\/wp-content\/uploads\/sites\/2\/2021\/07\/preksha-yoga-ashram-retraite-1-1.jpeg\" \/>\n\t<meta property=\"og:image:width\" content=\"653\" \/>\n\t<meta property=\"og:image:height\" content=\"490\" \/>\n\t<meta property=\"og:image:type\" content=\"image\/jpeg\" \/>\n<meta name=\"twitter:card\" content=\"summary_large_image\" \/>\n<meta name=\"twitter:label1\" content=\"Dur\u00e9e de lecture estim\u00e9e\" \/>\n\t<meta name=\"twitter:data1\" content=\"1 minute\" \/>\n<script type=\"application\/ld+json\" class=\"yoast-schema-graph\">{\"@context\":\"https:\/\/schema.org\",\"@graph\":[{\"@type\":\"WebPage\",\"@id\":\"https:\/\/meozen.com\/fr\/produit\/retraite-de-yoga-10-jours-9-nuits-a-goa-2\/\",\"url\":\"https:\/\/meozen.com\/fr\/produit\/retraite-de-yoga-10-jours-9-nuits-a-goa-2\/\",\"name\":\"Retraite de yoga & ayurveda detox - 10 jours \/ 9 nuits \u00e0 Goa - Meozen - Votre portail bien-\u00eatre\",\"isPartOf\":{\"@id\":\"https:\/\/meozen.com\/fr\/#website\"},\"primaryImageOfPage\":{\"@id\":\"https:\/\/meozen.com\/fr\/produit\/retraite-de-yoga-10-jours-9-nuits-a-goa-2\/#primaryimage\"},\"image\":{\"@id\":\"https:\/\/meozen.com\/fr\/produit\/retraite-de-yoga-10-jours-9-nuits-a-goa-2\/#primaryimage\"},\"thumbnailUrl\":\"https:\/\/meozen.com\/fr\/wp-content\/uploads\/sites\/2\/2021\/07\/preksha-yoga-ashram-retraite-1-1.jpeg\",\"datePublished\":\"2021-07-01T13:39:08+00:00\",\"dateModified\":\"2024-01-12T10:27:53+00:00\",\"description\":\"R\u00e9servez d\u00e8s maintenant votre Retraite de yoga & ayurveda detox - 10 jours \/ 9 nuits \u00e0 Goa avec Meozen. \u00c9vadez-vous du quotidien avec ce s\u00e9jour unique. Dur\u00e9e, conditions, prix... Cliquez pour d\u00e9couvrir !\",\"breadcrumb\":{\"@id\":\"https:\/\/meozen.com\/fr\/produit\/retraite-de-yoga-10-jours-9-nuits-a-goa-2\/#breadcrumb\"},\"inLanguage\":\"fr-FR\",\"potentialAction\":[{\"@type\":\"ReadAction\",\"target\":[\"https:\/\/meozen.com\/fr\/produit\/retraite-de-yoga-10-jours-9-nuits-a-goa-2\/\"]}]},{\"@type\":\"ImageObject\",\"inLanguage\":\"fr-FR\",\"@id\":\"https:\/\/meozen.com\/fr\/produit\/retraite-de-yoga-10-jours-9-nuits-a-goa-2\/#primaryimage\",\"url\":\"https:\/\/meozen.com\/fr\/wp-content\/uploads\/sites\/2\/2021\/07\/preksha-yoga-ashram-retraite-1-1.jpeg\",\"contentUrl\":\"https:\/\/meozen.com\/fr\/wp-content\/uploads\/sites\/2\/2021\/07\/preksha-yoga-ashram-retraite-1-1.jpeg\",\"width\":653,\"height\":490},{\"@type\":\"BreadcrumbList\",\"@id\":\"https:\/\/meozen.com\/fr\/produit\/retraite-de-yoga-10-jours-9-nuits-a-goa-2\/#breadcrumb\",\"itemListElement\":[{\"@type\":\"ListItem\",\"position\":1,\"name\":\"Accueil\",\"item\":\"https:\/\/meozen.com\/fr\/\"},{\"@type\":\"ListItem\",\"position\":2,\"name\":\"Boutique\",\"item\":\"https:\/\/meozen.com\/fr\/boutique\/\"},{\"@type\":\"ListItem\",\"position\":3,\"name\":\"Retraite de yoga &#038; ayurveda detox &#8211; 10 jours \/ 9 nuits \u00e0 Goa\"}]},{\"@type\":\"WebSite\",\"@id\":\"https:\/\/meozen.com\/fr\/#website\",\"url\":\"https:\/\/meozen.com\/fr\/\",\"name\":\"Meozen - Votre portail bien-\u00eatre\",\"description\":\"D\u00e9couvrez tout l&#039;univers du bien-\u00eatre, yoga, m\u00e9ditation, trouvez les meilleures retraites et formations bien-\u00eatre\",\"publisher\":{\"@id\":\"https:\/\/meozen.com\/fr\/#organization\"},\"potentialAction\":[{\"@type\":\"SearchAction\",\"target\":{\"@type\":\"EntryPoint\",\"urlTemplate\":\"https:\/\/meozen.com\/fr\/?s={search_term_string}\"},\"query-input\":{\"@type\":\"PropertyValueSpecification\",\"valueRequired\":true,\"valueName\":\"search_term_string\"}}],\"inLanguage\":\"fr-FR\"},{\"@type\":\"Organization\",\"@id\":\"https:\/\/meozen.com\/fr\/#organization\",\"name\":\"Meozen\",\"url\":\"https:\/\/meozen.com\/fr\/\",\"logo\":{\"@type\":\"ImageObject\",\"inLanguage\":\"fr-FR\",\"@id\":\"https:\/\/meozen.com\/fr\/#\/schema\/logo\/image\/\",\"url\":\"https:\/\/meozen.com\/fr\/wp-content\/uploads\/sites\/2\/2021\/06\/logo-meozen-push.jpg\",\"contentUrl\":\"https:\/\/meozen.com\/fr\/wp-content\/uploads\/sites\/2\/2021\/06\/logo-meozen-push.jpg\",\"width\":384,\"height\":384,\"caption\":\"Meozen\"},\"image\":{\"@id\":\"https:\/\/meozen.com\/fr\/#\/schema\/logo\/image\/\"},\"sameAs\":[\"https:\/\/www.facebook.com\/MeozenFr\/\",\"https:\/\/www.pinterest.fr\/meozen_officiel\/\",\"https:\/\/www.instagram.com\/meozen_officiel\/\"]}]}<\/script>\n<!-- \/ Yoast SEO plugin. -->","yoast_head_json":{"title":"Retraite de yoga & ayurveda detox - 10 jours \/ 9 nuits \u00e0 Goa - Meozen - Votre portail bien-\u00eatre","description":"R\u00e9servez d\u00e8s maintenant votre Retraite de yoga & ayurveda detox - 10 jours \/ 9 nuits \u00e0 Goa avec Meozen. \u00c9vadez-vous du quotidien avec ce s\u00e9jour unique. Dur\u00e9e, conditions, prix... Cliquez pour d\u00e9couvrir !","robots":{"index":"index","follow":"follow","max-snippet":"max-snippet:-1","max-image-preview":"max-image-preview:large","max-video-preview":"max-video-preview:-1"},"canonical":"https:\/\/meozen.com\/fr\/produit\/retraite-de-yoga-10-jours-9-nuits-a-goa-2\/","og_locale":"fr_FR","og_type":"article","og_title":"Retraite de yoga & ayurveda detox - 10 jours \/ 9 nuits \u00e0 Goa - Meozen - Votre portail bien-\u00eatre","og_description":"R\u00e9servez d\u00e8s maintenant votre Retraite de yoga & ayurveda detox - 10 jours \/ 9 nuits \u00e0 Goa avec Meozen. \u00c9vadez-vous du quotidien avec ce s\u00e9jour unique. Dur\u00e9e, conditions, prix... Cliquez pour d\u00e9couvrir !","og_url":"https:\/\/meozen.com\/fr\/produit\/retraite-de-yoga-10-jours-9-nuits-a-goa-2\/","og_site_name":"Meozen - Votre portail bien-\u00eatre","article_publisher":"https:\/\/www.facebook.com\/MeozenFr\/","article_modified_time":"2024-01-12T10:27:53+00:00","og_image":[{"width":653,"height":490,"url":"https:\/\/meozen.com\/fr\/wp-content\/uploads\/sites\/2\/2021\/07\/preksha-yoga-ashram-retraite-1-1.jpeg","type":"image\/jpeg"}],"twitter_card":"summary_large_image","twitter_misc":{"Dur\u00e9e de lecture estim\u00e9e":"1 minute"},"schema":{"@context":"https:\/\/schema.org","@graph":[{"@type":"WebPage","@id":"https:\/\/meozen.com\/fr\/produit\/retraite-de-yoga-10-jours-9-nuits-a-goa-2\/","url":"https:\/\/meozen.com\/fr\/produit\/retraite-de-yoga-10-jours-9-nuits-a-goa-2\/","name":"Retraite de yoga & ayurveda detox - 10 jours \/ 9 nuits \u00e0 Goa - Meozen - Votre portail bien-\u00eatre","isPartOf":{"@id":"https:\/\/meozen.com\/fr\/#website"},"primaryImageOfPage":{"@id":"https:\/\/meozen.com\/fr\/produit\/retraite-de-yoga-10-jours-9-nuits-a-goa-2\/#primaryimage"},"image":{"@id":"https:\/\/meozen.com\/fr\/produit\/retraite-de-yoga-10-jours-9-nuits-a-goa-2\/#primaryimage"},"thumbnailUrl":"https:\/\/meozen.com\/fr\/wp-content\/uploads\/sites\/2\/2021\/07\/preksha-yoga-ashram-retraite-1-1.jpeg","datePublished":"2021-07-01T13:39:08+00:00","dateModified":"2024-01-12T10:27:53+00:00","description":"R\u00e9servez d\u00e8s maintenant votre Retraite de yoga & ayurveda detox - 10 jours \/ 9 nuits \u00e0 Goa avec Meozen. \u00c9vadez-vous du quotidien avec ce s\u00e9jour unique. Dur\u00e9e, conditions, prix... Cliquez pour d\u00e9couvrir !","breadcrumb":{"@id":"https:\/\/meozen.com\/fr\/produit\/retraite-de-yoga-10-jours-9-nuits-a-goa-2\/#breadcrumb"},"inLanguage":"fr-FR","potentialAction":[{"@type":"ReadAction","target":["https:\/\/meozen.com\/fr\/produit\/retraite-de-yoga-10-jours-9-nuits-a-goa-2\/"]}]},{"@type":"ImageObject","inLanguage":"fr-FR","@id":"https:\/\/meozen.com\/fr\/produit\/retraite-de-yoga-10-jours-9-nuits-a-goa-2\/#primaryimage","url":"https:\/\/meozen.com\/fr\/wp-content\/uploads\/sites\/2\/2021\/07\/preksha-yoga-ashram-retraite-1-1.jpeg","contentUrl":"https:\/\/meozen.com\/fr\/wp-content\/uploads\/sites\/2\/2021\/07\/preksha-yoga-ashram-retraite-1-1.jpeg","width":653,"height":490},{"@type":"BreadcrumbList","@id":"https:\/\/meozen.com\/fr\/produit\/retraite-de-yoga-10-jours-9-nuits-a-goa-2\/#breadcrumb","itemListElement":[{"@type":"ListItem","position":1,"name":"Accueil","item":"https:\/\/meozen.com\/fr\/"},{"@type":"ListItem","position":2,"name":"Boutique","item":"https:\/\/meozen.com\/fr\/boutique\/"},{"@type":"ListItem","position":3,"name":"Retraite de yoga &#038; ayurveda detox &#8211; 10 jours \/ 9 nuits \u00e0 Goa"}]},{"@type":"WebSite","@id":"https:\/\/meozen.com\/fr\/#website","url":"https:\/\/meozen.com\/fr\/","name":"Meozen - Votre portail bien-\u00eatre","description":"D\u00e9couvrez tout l&#039;univers du bien-\u00eatre, yoga, m\u00e9ditation, trouvez les meilleures retraites et formations bien-\u00eatre","publisher":{"@id":"https:\/\/meozen.com\/fr\/#organization"},"potentialAction":[{"@type":"SearchAction","target":{"@type":"EntryPoint","urlTemplate":"https:\/\/meozen.com\/fr\/?s={search_term_string}"},"query-input":{"@type":"PropertyValueSpecification","valueRequired":true,"valueName":"search_term_string"}}],"inLanguage":"fr-FR"},{"@type":"Organization","@id":"https:\/\/meozen.com\/fr\/#organization","name":"Meozen","url":"https:\/\/meozen.com\/fr\/","logo":{"@type":"ImageObject","inLanguage":"fr-FR","@id":"https:\/\/meozen.com\/fr\/#\/schema\/logo\/image\/","url":"https:\/\/meozen.com\/fr\/wp-content\/uploads\/sites\/2\/2021\/06\/logo-meozen-push.jpg","contentUrl":"https:\/\/meozen.com\/fr\/wp-content\/uploads\/sites\/2\/2021\/06\/logo-meozen-push.jpg","width":384,"height":384,"caption":"Meozen"},"image":{"@id":"https:\/\/meozen.com\/fr\/#\/schema\/logo\/image\/"},"sameAs":["https:\/\/www.facebook.com\/MeozenFr\/","https:\/\/www.pinterest.fr\/meozen_officiel\/","https:\/\/www.instagram.com\/meozen_officiel\/"]}]}},"_links":{"self":[{"href":"https:\/\/meozen.com\/fr\/wp-json\/wp\/v2\/product\/2015","targetHints":{"allow":["GET"]}}],"collection":[{"href":"https:\/\/meozen.com\/fr\/wp-json\/wp\/v2\/product"}],"about":[{"href":"https:\/\/meozen.com\/fr\/wp-json\/wp\/v2\/types\/product"}],"replies":[{"embeddable":true,"href":"https:\/\/meozen.com\/fr\/wp-json\/wp\/v2\/comments?post=2015"}],"wp:featuredmedia":[{"embeddable":true,"href":"https:\/\/meozen.com\/fr\/wp-json\/wp\/v2\/media\/2007"}],"wp:attachment":[{"href":"https:\/\/meozen.com\/fr\/wp-json\/wp\/v2\/media?parent=2015"}],"wp:term":[{"taxonomy":"product_brand","embeddable":true,"href":"https:\/\/meozen.com\/fr\/wp-json\/wp\/v2\/product_brand?post=2015"},{"taxonomy":"product_cat","embeddable":true,"href":"https:\/\/meozen.com\/fr\/wp-json\/wp\/v2\/product_cat?post=2015"},{"taxonomy":"product_tag","embeddable":true,"href":"https:\/\/meozen.com\/fr\/wp-json\/wp\/v2\/product_tag?post=2015"}],"curies":[{"name":"wp","href":"https:\/\/api.w.org\/{rel}","templated":true}]}}