{"id":2686,"date":"2021-08-16T16:18:35","date_gmt":"2021-08-16T14:18:35","guid":{"rendered":"https:\/\/meozen.com\/fr\/?post_type=product&#038;p=2686"},"modified":"2023-06-27T21:17:24","modified_gmt":"2023-06-27T19:17:24","slug":"ytt-200-heures-a-sain-gervais-sur-mare-languedoc","status":"publish","type":"product","link":"https:\/\/meozen.com\/fr\/produit\/ytt-200-heures-a-sain-gervais-sur-mare-languedoc\/","title":{"rendered":"YTT 200 heures \u00e0 Saint-Gervais-sur-Mare, Languedoc"},"content":{"rendered":"<ul>\n<li>Origines du yoga<\/li>\n<li>Philosophie du yoga<\/li>\n<li>Huit membres du yoga<\/li>\n<li>Processus de cr\u00e9ation d&rsquo;un espace de pratique<\/li>\n<li>Asanas (pratique et apprentissage des\u00a0noms de postures en anglais et en sanskrit)<\/li>\n<li>Techniques de respiration (pranayama)<\/li>\n<li>M\u00e9ditation et relaxation<\/li>\n<li>Anatomie<\/li>\n<li>Psychologie, compr\u00e9hension de l&rsquo;esprit et pleine conscience<\/li>\n<\/ul>\n","protected":false},"excerpt":{"rendered":"<p><strong style=\"font-size: 22px;\"> Une formation de yoga en Occitanie.<\/strong><\/p>\n<p>Joignez-vous \u00e0 cette formation de professeur de yoga 200 heures en Occitanie dans le sud-ouest de la France. Le centre de formation est situ\u00e9 au calme dans des paysages d&rsquo;une beaut\u00e9 naturelle exceptionnelle et proche des montagnes. Vous aurez la possibilit\u00e9 de faire des promenades \u00e0 proximit\u00e9 durant votre temps libre, de l&rsquo;\u00e9quitation, ou encore de visiter de charmants villages accessibles \u00e0 pieds.<\/p>\n<p>Cette formation peut \u00eatre une opportunit\u00e9 de changer votre vie et de vous engager pleinement dans une profession enrichissante qui peut am\u00e9liorer votre vie, mais \u00e9galement celles des autres.<\/p>\n<p>La formation est intense et demande d\u2019\u00eatre proactif, d\u2019adopter une approche p\u00e9dagogique inclusive et concr\u00e8te. Ce sont ces \u00e9l\u00e9ments qui vous permettront ensuite d\u2019enseigner avec confiance et int\u00e9grit\u00e9.<\/p>\n<p><strong>Formation \u00e0 partir de 2178 euros.<\/strong><\/p>\n","protected":false},"featured_media":2687,"comment_status":"open","ping_status":"closed","template":"","meta":{"_mo_disable_npp":""},"product_brand":[],"product_cat":[131,32,140,69,73],"product_tag":[],"class_list":{"0":"post-2686","1":"product","2":"type-product","3":"status-publish","4":"has-post-thumbnail","6":"product_cat-formation-yoga","7":"product_cat-formation-ytt-200","8":"product_cat-ytt","9":"product_cat-ytt-200-france","10":"product_cat-ytt-200-occitanie","12":"first","13":"instock","14":"taxable","15":"shipping-taxable","16":"product-type-external"},"yoast_head":"<!-- This site is optimized with the Yoast SEO plugin v26.8 - https:\/\/yoast.com\/product\/yoast-seo-wordpress\/ -->\n<title>YTT 200 heures \u00e0 Saint-Gervais-sur-Mare, Languedoc - Meozen - Votre portail bien-\u00eatre<\/title>\n<meta name=\"description\" content=\"R\u00e9servez d\u00e8s maintenant votre YTT 200 heures \u00e0 Saint-Gervais-sur-Mare, Languedoc avec Meozen. \u00c9vadez-vous du quotidien avec ce s\u00e9jour unique. Dur\u00e9e, conditions, prix... Cliquez pour d\u00e9couvrir !\" \/>\n<meta name=\"robots\" content=\"index, follow, max-snippet:-1, max-image-preview:large, max-video-preview:-1\" \/>\n<link rel=\"canonical\" href=\"https:\/\/meozen.com\/fr\/produit\/ytt-200-heures-a-sain-gervais-sur-mare-languedoc\/\" \/>\n<meta property=\"og:locale\" content=\"fr_FR\" \/>\n<meta property=\"og:type\" content=\"article\" \/>\n<meta property=\"og:title\" content=\"YTT 200 heures \u00e0 Saint-Gervais-sur-Mare, Languedoc - Meozen - Votre portail bien-\u00eatre\" \/>\n<meta property=\"og:description\" content=\"R\u00e9servez d\u00e8s maintenant votre YTT 200 heures \u00e0 Saint-Gervais-sur-Mare, Languedoc avec Meozen. \u00c9vadez-vous du quotidien avec ce s\u00e9jour unique. Dur\u00e9e, conditions, prix... Cliquez pour d\u00e9couvrir !\" \/>\n<meta property=\"og:url\" content=\"https:\/\/meozen.com\/fr\/produit\/ytt-200-heures-a-sain-gervais-sur-mare-languedoc\/\" \/>\n<meta property=\"og:site_name\" content=\"Meozen - Votre portail bien-\u00eatre\" \/>\n<meta property=\"article:publisher\" content=\"https:\/\/www.facebook.com\/MeozenFr\/\" \/>\n<meta property=\"article:modified_time\" content=\"2023-06-27T19:17:24+00:00\" \/>\n<meta property=\"og:image\" content=\"https:\/\/meozen.com\/fr\/wp-content\/uploads\/sites\/2\/2021\/08\/tk-yoga-retreat-ytt-200-occitanie-1.jpg\" \/>\n\t<meta property=\"og:image:width\" content=\"653\" \/>\n\t<meta property=\"og:image:height\" content=\"490\" \/>\n\t<meta property=\"og:image:type\" content=\"image\/jpeg\" \/>\n<meta name=\"twitter:card\" content=\"summary_large_image\" \/>\n<meta name=\"twitter:label1\" content=\"Dur\u00e9e de lecture estim\u00e9e\" \/>\n\t<meta name=\"twitter:data1\" content=\"1 minute\" \/>\n<script type=\"application\/ld+json\" class=\"yoast-schema-graph\">{\"@context\":\"https:\/\/schema.org\",\"@graph\":[{\"@type\":\"WebPage\",\"@id\":\"https:\/\/meozen.com\/fr\/produit\/ytt-200-heures-a-sain-gervais-sur-mare-languedoc\/\",\"url\":\"https:\/\/meozen.com\/fr\/produit\/ytt-200-heures-a-sain-gervais-sur-mare-languedoc\/\",\"name\":\"YTT 200 heures \u00e0 Saint-Gervais-sur-Mare, Languedoc - Meozen - Votre portail bien-\u00eatre\",\"isPartOf\":{\"@id\":\"https:\/\/meozen.com\/fr\/#website\"},\"primaryImageOfPage\":{\"@id\":\"https:\/\/meozen.com\/fr\/produit\/ytt-200-heures-a-sain-gervais-sur-mare-languedoc\/#primaryimage\"},\"image\":{\"@id\":\"https:\/\/meozen.com\/fr\/produit\/ytt-200-heures-a-sain-gervais-sur-mare-languedoc\/#primaryimage\"},\"thumbnailUrl\":\"https:\/\/meozen.com\/fr\/wp-content\/uploads\/sites\/2\/2021\/08\/tk-yoga-retreat-ytt-200-occitanie-1.jpg\",\"datePublished\":\"2021-08-16T14:18:35+00:00\",\"dateModified\":\"2023-06-27T19:17:24+00:00\",\"description\":\"R\u00e9servez d\u00e8s maintenant votre YTT 200 heures \u00e0 Saint-Gervais-sur-Mare, Languedoc avec Meozen. \u00c9vadez-vous du quotidien avec ce s\u00e9jour unique. Dur\u00e9e, conditions, prix... Cliquez pour d\u00e9couvrir !\",\"breadcrumb\":{\"@id\":\"https:\/\/meozen.com\/fr\/produit\/ytt-200-heures-a-sain-gervais-sur-mare-languedoc\/#breadcrumb\"},\"inLanguage\":\"fr-FR\",\"potentialAction\":[{\"@type\":\"ReadAction\",\"target\":[\"https:\/\/meozen.com\/fr\/produit\/ytt-200-heures-a-sain-gervais-sur-mare-languedoc\/\"]}]},{\"@type\":\"ImageObject\",\"inLanguage\":\"fr-FR\",\"@id\":\"https:\/\/meozen.com\/fr\/produit\/ytt-200-heures-a-sain-gervais-sur-mare-languedoc\/#primaryimage\",\"url\":\"https:\/\/meozen.com\/fr\/wp-content\/uploads\/sites\/2\/2021\/08\/tk-yoga-retreat-ytt-200-occitanie-1.jpg\",\"contentUrl\":\"https:\/\/meozen.com\/fr\/wp-content\/uploads\/sites\/2\/2021\/08\/tk-yoga-retreat-ytt-200-occitanie-1.jpg\",\"width\":653,\"height\":490},{\"@type\":\"BreadcrumbList\",\"@id\":\"https:\/\/meozen.com\/fr\/produit\/ytt-200-heures-a-sain-gervais-sur-mare-languedoc\/#breadcrumb\",\"itemListElement\":[{\"@type\":\"ListItem\",\"position\":1,\"name\":\"Accueil\",\"item\":\"https:\/\/meozen.com\/fr\/\"},{\"@type\":\"ListItem\",\"position\":2,\"name\":\"Boutique\",\"item\":\"https:\/\/meozen.com\/fr\/boutique\/\"},{\"@type\":\"ListItem\",\"position\":3,\"name\":\"YTT 200 heures \u00e0 Saint-Gervais-sur-Mare, Languedoc\"}]},{\"@type\":\"WebSite\",\"@id\":\"https:\/\/meozen.com\/fr\/#website\",\"url\":\"https:\/\/meozen.com\/fr\/\",\"name\":\"Meozen - Votre portail bien-\u00eatre\",\"description\":\"D\u00e9couvrez tout l&#039;univers du bien-\u00eatre, yoga, m\u00e9ditation, trouvez les meilleures retraites et formations bien-\u00eatre\",\"publisher\":{\"@id\":\"https:\/\/meozen.com\/fr\/#organization\"},\"potentialAction\":[{\"@type\":\"SearchAction\",\"target\":{\"@type\":\"EntryPoint\",\"urlTemplate\":\"https:\/\/meozen.com\/fr\/?s={search_term_string}\"},\"query-input\":{\"@type\":\"PropertyValueSpecification\",\"valueRequired\":true,\"valueName\":\"search_term_string\"}}],\"inLanguage\":\"fr-FR\"},{\"@type\":\"Organization\",\"@id\":\"https:\/\/meozen.com\/fr\/#organization\",\"name\":\"Meozen\",\"url\":\"https:\/\/meozen.com\/fr\/\",\"logo\":{\"@type\":\"ImageObject\",\"inLanguage\":\"fr-FR\",\"@id\":\"https:\/\/meozen.com\/fr\/#\/schema\/logo\/image\/\",\"url\":\"https:\/\/meozen.com\/fr\/wp-content\/uploads\/sites\/2\/2021\/06\/logo-meozen-push.jpg\",\"contentUrl\":\"https:\/\/meozen.com\/fr\/wp-content\/uploads\/sites\/2\/2021\/06\/logo-meozen-push.jpg\",\"width\":384,\"height\":384,\"caption\":\"Meozen\"},\"image\":{\"@id\":\"https:\/\/meozen.com\/fr\/#\/schema\/logo\/image\/\"},\"sameAs\":[\"https:\/\/www.facebook.com\/MeozenFr\/\",\"https:\/\/www.pinterest.fr\/meozen_officiel\/\",\"https:\/\/www.instagram.com\/meozen_officiel\/\"]}]}<\/script>\n<!-- \/ Yoast SEO plugin. -->","yoast_head_json":{"title":"YTT 200 heures \u00e0 Saint-Gervais-sur-Mare, Languedoc - Meozen - Votre portail bien-\u00eatre","description":"R\u00e9servez d\u00e8s maintenant votre YTT 200 heures \u00e0 Saint-Gervais-sur-Mare, Languedoc avec Meozen. \u00c9vadez-vous du quotidien avec ce s\u00e9jour unique. Dur\u00e9e, conditions, prix... Cliquez pour d\u00e9couvrir !","robots":{"index":"index","follow":"follow","max-snippet":"max-snippet:-1","max-image-preview":"max-image-preview:large","max-video-preview":"max-video-preview:-1"},"canonical":"https:\/\/meozen.com\/fr\/produit\/ytt-200-heures-a-sain-gervais-sur-mare-languedoc\/","og_locale":"fr_FR","og_type":"article","og_title":"YTT 200 heures \u00e0 Saint-Gervais-sur-Mare, Languedoc - Meozen - Votre portail bien-\u00eatre","og_description":"R\u00e9servez d\u00e8s maintenant votre YTT 200 heures \u00e0 Saint-Gervais-sur-Mare, Languedoc avec Meozen. \u00c9vadez-vous du quotidien avec ce s\u00e9jour unique. Dur\u00e9e, conditions, prix... Cliquez pour d\u00e9couvrir !","og_url":"https:\/\/meozen.com\/fr\/produit\/ytt-200-heures-a-sain-gervais-sur-mare-languedoc\/","og_site_name":"Meozen - Votre portail bien-\u00eatre","article_publisher":"https:\/\/www.facebook.com\/MeozenFr\/","article_modified_time":"2023-06-27T19:17:24+00:00","og_image":[{"width":653,"height":490,"url":"https:\/\/meozen.com\/fr\/wp-content\/uploads\/sites\/2\/2021\/08\/tk-yoga-retreat-ytt-200-occitanie-1.jpg","type":"image\/jpeg"}],"twitter_card":"summary_large_image","twitter_misc":{"Dur\u00e9e de lecture estim\u00e9e":"1 minute"},"schema":{"@context":"https:\/\/schema.org","@graph":[{"@type":"WebPage","@id":"https:\/\/meozen.com\/fr\/produit\/ytt-200-heures-a-sain-gervais-sur-mare-languedoc\/","url":"https:\/\/meozen.com\/fr\/produit\/ytt-200-heures-a-sain-gervais-sur-mare-languedoc\/","name":"YTT 200 heures \u00e0 Saint-Gervais-sur-Mare, Languedoc - Meozen - Votre portail bien-\u00eatre","isPartOf":{"@id":"https:\/\/meozen.com\/fr\/#website"},"primaryImageOfPage":{"@id":"https:\/\/meozen.com\/fr\/produit\/ytt-200-heures-a-sain-gervais-sur-mare-languedoc\/#primaryimage"},"image":{"@id":"https:\/\/meozen.com\/fr\/produit\/ytt-200-heures-a-sain-gervais-sur-mare-languedoc\/#primaryimage"},"thumbnailUrl":"https:\/\/meozen.com\/fr\/wp-content\/uploads\/sites\/2\/2021\/08\/tk-yoga-retreat-ytt-200-occitanie-1.jpg","datePublished":"2021-08-16T14:18:35+00:00","dateModified":"2023-06-27T19:17:24+00:00","description":"R\u00e9servez d\u00e8s maintenant votre YTT 200 heures \u00e0 Saint-Gervais-sur-Mare, Languedoc avec Meozen. \u00c9vadez-vous du quotidien avec ce s\u00e9jour unique. Dur\u00e9e, conditions, prix... Cliquez pour d\u00e9couvrir !","breadcrumb":{"@id":"https:\/\/meozen.com\/fr\/produit\/ytt-200-heures-a-sain-gervais-sur-mare-languedoc\/#breadcrumb"},"inLanguage":"fr-FR","potentialAction":[{"@type":"ReadAction","target":["https:\/\/meozen.com\/fr\/produit\/ytt-200-heures-a-sain-gervais-sur-mare-languedoc\/"]}]},{"@type":"ImageObject","inLanguage":"fr-FR","@id":"https:\/\/meozen.com\/fr\/produit\/ytt-200-heures-a-sain-gervais-sur-mare-languedoc\/#primaryimage","url":"https:\/\/meozen.com\/fr\/wp-content\/uploads\/sites\/2\/2021\/08\/tk-yoga-retreat-ytt-200-occitanie-1.jpg","contentUrl":"https:\/\/meozen.com\/fr\/wp-content\/uploads\/sites\/2\/2021\/08\/tk-yoga-retreat-ytt-200-occitanie-1.jpg","width":653,"height":490},{"@type":"BreadcrumbList","@id":"https:\/\/meozen.com\/fr\/produit\/ytt-200-heures-a-sain-gervais-sur-mare-languedoc\/#breadcrumb","itemListElement":[{"@type":"ListItem","position":1,"name":"Accueil","item":"https:\/\/meozen.com\/fr\/"},{"@type":"ListItem","position":2,"name":"Boutique","item":"https:\/\/meozen.com\/fr\/boutique\/"},{"@type":"ListItem","position":3,"name":"YTT 200 heures \u00e0 Saint-Gervais-sur-Mare, Languedoc"}]},{"@type":"WebSite","@id":"https:\/\/meozen.com\/fr\/#website","url":"https:\/\/meozen.com\/fr\/","name":"Meozen - Votre portail bien-\u00eatre","description":"D\u00e9couvrez tout l&#039;univers du bien-\u00eatre, yoga, m\u00e9ditation, trouvez les meilleures retraites et formations bien-\u00eatre","publisher":{"@id":"https:\/\/meozen.com\/fr\/#organization"},"potentialAction":[{"@type":"SearchAction","target":{"@type":"EntryPoint","urlTemplate":"https:\/\/meozen.com\/fr\/?s={search_term_string}"},"query-input":{"@type":"PropertyValueSpecification","valueRequired":true,"valueName":"search_term_string"}}],"inLanguage":"fr-FR"},{"@type":"Organization","@id":"https:\/\/meozen.com\/fr\/#organization","name":"Meozen","url":"https:\/\/meozen.com\/fr\/","logo":{"@type":"ImageObject","inLanguage":"fr-FR","@id":"https:\/\/meozen.com\/fr\/#\/schema\/logo\/image\/","url":"https:\/\/meozen.com\/fr\/wp-content\/uploads\/sites\/2\/2021\/06\/logo-meozen-push.jpg","contentUrl":"https:\/\/meozen.com\/fr\/wp-content\/uploads\/sites\/2\/2021\/06\/logo-meozen-push.jpg","width":384,"height":384,"caption":"Meozen"},"image":{"@id":"https:\/\/meozen.com\/fr\/#\/schema\/logo\/image\/"},"sameAs":["https:\/\/www.facebook.com\/MeozenFr\/","https:\/\/www.pinterest.fr\/meozen_officiel\/","https:\/\/www.instagram.com\/meozen_officiel\/"]}]}},"_links":{"self":[{"href":"https:\/\/meozen.com\/fr\/wp-json\/wp\/v2\/product\/2686","targetHints":{"allow":["GET"]}}],"collection":[{"href":"https:\/\/meozen.com\/fr\/wp-json\/wp\/v2\/product"}],"about":[{"href":"https:\/\/meozen.com\/fr\/wp-json\/wp\/v2\/types\/product"}],"replies":[{"embeddable":true,"href":"https:\/\/meozen.com\/fr\/wp-json\/wp\/v2\/comments?post=2686"}],"wp:featuredmedia":[{"embeddable":true,"href":"https:\/\/meozen.com\/fr\/wp-json\/wp\/v2\/media\/2687"}],"wp:attachment":[{"href":"https:\/\/meozen.com\/fr\/wp-json\/wp\/v2\/media?parent=2686"}],"wp:term":[{"taxonomy":"product_brand","embeddable":true,"href":"https:\/\/meozen.com\/fr\/wp-json\/wp\/v2\/product_brand?post=2686"},{"taxonomy":"product_cat","embeddable":true,"href":"https:\/\/meozen.com\/fr\/wp-json\/wp\/v2\/product_cat?post=2686"},{"taxonomy":"product_tag","embeddable":true,"href":"https:\/\/meozen.com\/fr\/wp-json\/wp\/v2\/product_tag?post=2686"}],"curies":[{"name":"wp","href":"https:\/\/api.w.org\/{rel}","templated":true}]}}