{"id":2738,"date":"2021-08-23T15:12:05","date_gmt":"2021-08-23T13:12:05","guid":{"rendered":"https:\/\/meozen.com\/fr\/?post_type=product&#038;p=2738"},"modified":"2023-06-27T21:19:21","modified_gmt":"2023-06-27T19:19:21","slug":"ytt-500-heures-a-saint-michel-de-chabrillanoux-ardeche","status":"publish","type":"product","link":"https:\/\/meozen.com\/fr\/produit\/ytt-500-heures-a-saint-michel-de-chabrillanoux-ardeche\/","title":{"rendered":"YTT 500 heures \u00e0 Saint Michel de Chabrillanoux, Ard\u00e8che"},"content":{"rendered":"<ul>\n<li>Histoire et philosophie du yoga<\/li>\n<li>\u00c9thique du style de vie yogique et du yoga<\/li>\n<li>\u00c9nergie et ayurveda<\/li>\n<li>Anatomie<\/li>\n<li>\u00c9tude de 42 asanas<\/li>\n<li>Lecture et discussion sur 4 des livres les plus importants en yoga<\/li>\n<li>\u00c9tude du pranayama<\/li>\n<li>Connaissance des chakras, des corps subtils et du prana<\/li>\n<li>Mudras et bandhas<\/li>\n<li>Mantras<\/li>\n<li>Yoga nidra, un moyen de se d\u00e9tendre<\/li>\n<li>P\u00e9dagogie et comment enseigner le yoga<\/li>\n<li>\u00c9valuation<\/li>\n<\/ul>\n","protected":false},"excerpt":{"rendered":"<p><strong style=\"font-size: 22px;\"> Une formation de yoga en Ard\u00e8che.<\/strong><\/p>\n<p>Yogaji vous propose une formation YTT 500 heures afin de trouver votre guide int\u00e9rieur et devenir un excellent professeur de yoga.<\/p>\n<p>La formation se passe dans le sud de la France, au c\u0153ur de l\u2019Ard\u00e8che et dans le calme des montagnes. Vous vous r\u00e9aliserez en tant que yogi mais aussi en tant que professeur.<\/p>\n<p>Durant ces deux mois de cours (60 jours), votre quotidien sera similaire \u00e0 la vie dans un ashram avec la pratique quotidienne et traditionnelle du yoga. Vous serez \u00e9galement encourag\u00e9 \u00e0 faire preuve de pers\u00e9v\u00e9rance car le programme est intense.<\/p>\n<p>L\u2019h\u00e9bergement se fera dans un petit ensemble de maisons (cabane en bois, tentes et dortoirs dans la maison en pierres). Dans le grand jardin, vous y trouverez des figuiers, des m\u00fbres, des raisins.<\/p>\n<p>Sur votre temps libre, vous pourrez admirer les superbes paysages, aller \u00e0 la rivi\u00e8re ou encore explorer les montagnes.<\/p>\n<p><strong>Formation \u00e0 partir de 4200 euros.<\/strong><\/p>\n","protected":false},"featured_media":2668,"comment_status":"open","ping_status":"closed","template":"","meta":{"_mo_disable_npp":""},"product_brand":[],"product_cat":[131,35,140,76,77],"product_tag":[],"class_list":{"0":"post-2738","1":"product","2":"type-product","3":"status-publish","4":"has-post-thumbnail","6":"product_cat-formation-yoga","7":"product_cat-formation-ytt-500","8":"product_cat-ytt","9":"product_cat-ytt-500-ardeche","10":"product_cat-ytt-500-en-france","12":"first","13":"instock","14":"taxable","15":"shipping-taxable","16":"product-type-external"},"yoast_head":"<!-- This site is optimized with the Yoast SEO plugin v26.8 - https:\/\/yoast.com\/product\/yoast-seo-wordpress\/ -->\n<title>YTT 500 heures \u00e0 Saint Michel de Chabrillanoux, Ard\u00e8che - Meozen - Votre portail bien-\u00eatre<\/title>\n<meta name=\"description\" content=\"R\u00e9servez d\u00e8s maintenant votre YTT 500 heures \u00e0 Saint Michel de Chabrillanoux, Ard\u00e8che avec Meozen. \u00c9vadez-vous du quotidien avec ce s\u00e9jour unique. Dur\u00e9e, conditions, prix... Cliquez pour d\u00e9couvrir !\" \/>\n<meta name=\"robots\" content=\"index, follow, max-snippet:-1, max-image-preview:large, max-video-preview:-1\" \/>\n<link rel=\"canonical\" href=\"https:\/\/meozen.com\/fr\/produit\/ytt-500-heures-a-saint-michel-de-chabrillanoux-ardeche\/\" \/>\n<meta property=\"og:locale\" content=\"fr_FR\" \/>\n<meta property=\"og:type\" content=\"article\" \/>\n<meta property=\"og:title\" content=\"YTT 500 heures \u00e0 Saint Michel de Chabrillanoux, Ard\u00e8che - Meozen - Votre portail bien-\u00eatre\" \/>\n<meta property=\"og:description\" content=\"R\u00e9servez d\u00e8s maintenant votre YTT 500 heures \u00e0 Saint Michel de Chabrillanoux, Ard\u00e8che avec Meozen. \u00c9vadez-vous du quotidien avec ce s\u00e9jour unique. Dur\u00e9e, conditions, prix... Cliquez pour d\u00e9couvrir !\" \/>\n<meta property=\"og:url\" content=\"https:\/\/meozen.com\/fr\/produit\/ytt-500-heures-a-saint-michel-de-chabrillanoux-ardeche\/\" \/>\n<meta property=\"og:site_name\" content=\"Meozen - Votre portail bien-\u00eatre\" \/>\n<meta property=\"article:publisher\" content=\"https:\/\/www.facebook.com\/MeozenFr\/\" \/>\n<meta property=\"article:modified_time\" content=\"2023-06-27T19:19:21+00:00\" \/>\n<meta property=\"og:image\" content=\"https:\/\/meozen.com\/fr\/wp-content\/uploads\/sites\/2\/2021\/08\/yogaji-ytt-200-ardeche-1.jpg\" \/>\n\t<meta property=\"og:image:width\" content=\"653\" \/>\n\t<meta property=\"og:image:height\" content=\"490\" \/>\n\t<meta property=\"og:image:type\" content=\"image\/jpeg\" \/>\n<meta name=\"twitter:card\" content=\"summary_large_image\" \/>\n<meta name=\"twitter:label1\" content=\"Dur\u00e9e de lecture estim\u00e9e\" \/>\n\t<meta name=\"twitter:data1\" content=\"1 minute\" \/>\n<script type=\"application\/ld+json\" class=\"yoast-schema-graph\">{\"@context\":\"https:\/\/schema.org\",\"@graph\":[{\"@type\":\"WebPage\",\"@id\":\"https:\/\/meozen.com\/fr\/produit\/ytt-500-heures-a-saint-michel-de-chabrillanoux-ardeche\/\",\"url\":\"https:\/\/meozen.com\/fr\/produit\/ytt-500-heures-a-saint-michel-de-chabrillanoux-ardeche\/\",\"name\":\"YTT 500 heures \u00e0 Saint Michel de Chabrillanoux, Ard\u00e8che - Meozen - Votre portail bien-\u00eatre\",\"isPartOf\":{\"@id\":\"https:\/\/meozen.com\/fr\/#website\"},\"primaryImageOfPage\":{\"@id\":\"https:\/\/meozen.com\/fr\/produit\/ytt-500-heures-a-saint-michel-de-chabrillanoux-ardeche\/#primaryimage\"},\"image\":{\"@id\":\"https:\/\/meozen.com\/fr\/produit\/ytt-500-heures-a-saint-michel-de-chabrillanoux-ardeche\/#primaryimage\"},\"thumbnailUrl\":\"https:\/\/meozen.com\/fr\/wp-content\/uploads\/sites\/2\/2021\/08\/yogaji-ytt-200-ardeche-1.jpg\",\"datePublished\":\"2021-08-23T13:12:05+00:00\",\"dateModified\":\"2023-06-27T19:19:21+00:00\",\"description\":\"R\u00e9servez d\u00e8s maintenant votre YTT 500 heures \u00e0 Saint Michel de Chabrillanoux, Ard\u00e8che avec Meozen. \u00c9vadez-vous du quotidien avec ce s\u00e9jour unique. Dur\u00e9e, conditions, prix... Cliquez pour d\u00e9couvrir !\",\"breadcrumb\":{\"@id\":\"https:\/\/meozen.com\/fr\/produit\/ytt-500-heures-a-saint-michel-de-chabrillanoux-ardeche\/#breadcrumb\"},\"inLanguage\":\"fr-FR\",\"potentialAction\":[{\"@type\":\"ReadAction\",\"target\":[\"https:\/\/meozen.com\/fr\/produit\/ytt-500-heures-a-saint-michel-de-chabrillanoux-ardeche\/\"]}]},{\"@type\":\"ImageObject\",\"inLanguage\":\"fr-FR\",\"@id\":\"https:\/\/meozen.com\/fr\/produit\/ytt-500-heures-a-saint-michel-de-chabrillanoux-ardeche\/#primaryimage\",\"url\":\"https:\/\/meozen.com\/fr\/wp-content\/uploads\/sites\/2\/2021\/08\/yogaji-ytt-200-ardeche-1.jpg\",\"contentUrl\":\"https:\/\/meozen.com\/fr\/wp-content\/uploads\/sites\/2\/2021\/08\/yogaji-ytt-200-ardeche-1.jpg\",\"width\":653,\"height\":490},{\"@type\":\"BreadcrumbList\",\"@id\":\"https:\/\/meozen.com\/fr\/produit\/ytt-500-heures-a-saint-michel-de-chabrillanoux-ardeche\/#breadcrumb\",\"itemListElement\":[{\"@type\":\"ListItem\",\"position\":1,\"name\":\"Accueil\",\"item\":\"https:\/\/meozen.com\/fr\/\"},{\"@type\":\"ListItem\",\"position\":2,\"name\":\"Boutique\",\"item\":\"https:\/\/meozen.com\/fr\/boutique\/\"},{\"@type\":\"ListItem\",\"position\":3,\"name\":\"YTT 500 heures \u00e0 Saint Michel de Chabrillanoux, Ard\u00e8che\"}]},{\"@type\":\"WebSite\",\"@id\":\"https:\/\/meozen.com\/fr\/#website\",\"url\":\"https:\/\/meozen.com\/fr\/\",\"name\":\"Meozen - Votre portail bien-\u00eatre\",\"description\":\"D\u00e9couvrez tout l&#039;univers du bien-\u00eatre, yoga, m\u00e9ditation, trouvez les meilleures retraites et formations bien-\u00eatre\",\"publisher\":{\"@id\":\"https:\/\/meozen.com\/fr\/#organization\"},\"potentialAction\":[{\"@type\":\"SearchAction\",\"target\":{\"@type\":\"EntryPoint\",\"urlTemplate\":\"https:\/\/meozen.com\/fr\/?s={search_term_string}\"},\"query-input\":{\"@type\":\"PropertyValueSpecification\",\"valueRequired\":true,\"valueName\":\"search_term_string\"}}],\"inLanguage\":\"fr-FR\"},{\"@type\":\"Organization\",\"@id\":\"https:\/\/meozen.com\/fr\/#organization\",\"name\":\"Meozen\",\"url\":\"https:\/\/meozen.com\/fr\/\",\"logo\":{\"@type\":\"ImageObject\",\"inLanguage\":\"fr-FR\",\"@id\":\"https:\/\/meozen.com\/fr\/#\/schema\/logo\/image\/\",\"url\":\"https:\/\/meozen.com\/fr\/wp-content\/uploads\/sites\/2\/2021\/06\/logo-meozen-push.jpg\",\"contentUrl\":\"https:\/\/meozen.com\/fr\/wp-content\/uploads\/sites\/2\/2021\/06\/logo-meozen-push.jpg\",\"width\":384,\"height\":384,\"caption\":\"Meozen\"},\"image\":{\"@id\":\"https:\/\/meozen.com\/fr\/#\/schema\/logo\/image\/\"},\"sameAs\":[\"https:\/\/www.facebook.com\/MeozenFr\/\",\"https:\/\/www.pinterest.fr\/meozen_officiel\/\",\"https:\/\/www.instagram.com\/meozen_officiel\/\"]}]}<\/script>\n<!-- \/ Yoast SEO plugin. -->","yoast_head_json":{"title":"YTT 500 heures \u00e0 Saint Michel de Chabrillanoux, Ard\u00e8che - Meozen - Votre portail bien-\u00eatre","description":"R\u00e9servez d\u00e8s maintenant votre YTT 500 heures \u00e0 Saint Michel de Chabrillanoux, Ard\u00e8che avec Meozen. \u00c9vadez-vous du quotidien avec ce s\u00e9jour unique. Dur\u00e9e, conditions, prix... Cliquez pour d\u00e9couvrir !","robots":{"index":"index","follow":"follow","max-snippet":"max-snippet:-1","max-image-preview":"max-image-preview:large","max-video-preview":"max-video-preview:-1"},"canonical":"https:\/\/meozen.com\/fr\/produit\/ytt-500-heures-a-saint-michel-de-chabrillanoux-ardeche\/","og_locale":"fr_FR","og_type":"article","og_title":"YTT 500 heures \u00e0 Saint Michel de Chabrillanoux, Ard\u00e8che - Meozen - Votre portail bien-\u00eatre","og_description":"R\u00e9servez d\u00e8s maintenant votre YTT 500 heures \u00e0 Saint Michel de Chabrillanoux, Ard\u00e8che avec Meozen. \u00c9vadez-vous du quotidien avec ce s\u00e9jour unique. Dur\u00e9e, conditions, prix... Cliquez pour d\u00e9couvrir !","og_url":"https:\/\/meozen.com\/fr\/produit\/ytt-500-heures-a-saint-michel-de-chabrillanoux-ardeche\/","og_site_name":"Meozen - Votre portail bien-\u00eatre","article_publisher":"https:\/\/www.facebook.com\/MeozenFr\/","article_modified_time":"2023-06-27T19:19:21+00:00","og_image":[{"width":653,"height":490,"url":"https:\/\/meozen.com\/fr\/wp-content\/uploads\/sites\/2\/2021\/08\/yogaji-ytt-200-ardeche-1.jpg","type":"image\/jpeg"}],"twitter_card":"summary_large_image","twitter_misc":{"Dur\u00e9e de lecture estim\u00e9e":"1 minute"},"schema":{"@context":"https:\/\/schema.org","@graph":[{"@type":"WebPage","@id":"https:\/\/meozen.com\/fr\/produit\/ytt-500-heures-a-saint-michel-de-chabrillanoux-ardeche\/","url":"https:\/\/meozen.com\/fr\/produit\/ytt-500-heures-a-saint-michel-de-chabrillanoux-ardeche\/","name":"YTT 500 heures \u00e0 Saint Michel de Chabrillanoux, Ard\u00e8che - Meozen - Votre portail bien-\u00eatre","isPartOf":{"@id":"https:\/\/meozen.com\/fr\/#website"},"primaryImageOfPage":{"@id":"https:\/\/meozen.com\/fr\/produit\/ytt-500-heures-a-saint-michel-de-chabrillanoux-ardeche\/#primaryimage"},"image":{"@id":"https:\/\/meozen.com\/fr\/produit\/ytt-500-heures-a-saint-michel-de-chabrillanoux-ardeche\/#primaryimage"},"thumbnailUrl":"https:\/\/meozen.com\/fr\/wp-content\/uploads\/sites\/2\/2021\/08\/yogaji-ytt-200-ardeche-1.jpg","datePublished":"2021-08-23T13:12:05+00:00","dateModified":"2023-06-27T19:19:21+00:00","description":"R\u00e9servez d\u00e8s maintenant votre YTT 500 heures \u00e0 Saint Michel de Chabrillanoux, Ard\u00e8che avec Meozen. \u00c9vadez-vous du quotidien avec ce s\u00e9jour unique. Dur\u00e9e, conditions, prix... Cliquez pour d\u00e9couvrir !","breadcrumb":{"@id":"https:\/\/meozen.com\/fr\/produit\/ytt-500-heures-a-saint-michel-de-chabrillanoux-ardeche\/#breadcrumb"},"inLanguage":"fr-FR","potentialAction":[{"@type":"ReadAction","target":["https:\/\/meozen.com\/fr\/produit\/ytt-500-heures-a-saint-michel-de-chabrillanoux-ardeche\/"]}]},{"@type":"ImageObject","inLanguage":"fr-FR","@id":"https:\/\/meozen.com\/fr\/produit\/ytt-500-heures-a-saint-michel-de-chabrillanoux-ardeche\/#primaryimage","url":"https:\/\/meozen.com\/fr\/wp-content\/uploads\/sites\/2\/2021\/08\/yogaji-ytt-200-ardeche-1.jpg","contentUrl":"https:\/\/meozen.com\/fr\/wp-content\/uploads\/sites\/2\/2021\/08\/yogaji-ytt-200-ardeche-1.jpg","width":653,"height":490},{"@type":"BreadcrumbList","@id":"https:\/\/meozen.com\/fr\/produit\/ytt-500-heures-a-saint-michel-de-chabrillanoux-ardeche\/#breadcrumb","itemListElement":[{"@type":"ListItem","position":1,"name":"Accueil","item":"https:\/\/meozen.com\/fr\/"},{"@type":"ListItem","position":2,"name":"Boutique","item":"https:\/\/meozen.com\/fr\/boutique\/"},{"@type":"ListItem","position":3,"name":"YTT 500 heures \u00e0 Saint Michel de Chabrillanoux, Ard\u00e8che"}]},{"@type":"WebSite","@id":"https:\/\/meozen.com\/fr\/#website","url":"https:\/\/meozen.com\/fr\/","name":"Meozen - Votre portail bien-\u00eatre","description":"D\u00e9couvrez tout l&#039;univers du bien-\u00eatre, yoga, m\u00e9ditation, trouvez les meilleures retraites et formations bien-\u00eatre","publisher":{"@id":"https:\/\/meozen.com\/fr\/#organization"},"potentialAction":[{"@type":"SearchAction","target":{"@type":"EntryPoint","urlTemplate":"https:\/\/meozen.com\/fr\/?s={search_term_string}"},"query-input":{"@type":"PropertyValueSpecification","valueRequired":true,"valueName":"search_term_string"}}],"inLanguage":"fr-FR"},{"@type":"Organization","@id":"https:\/\/meozen.com\/fr\/#organization","name":"Meozen","url":"https:\/\/meozen.com\/fr\/","logo":{"@type":"ImageObject","inLanguage":"fr-FR","@id":"https:\/\/meozen.com\/fr\/#\/schema\/logo\/image\/","url":"https:\/\/meozen.com\/fr\/wp-content\/uploads\/sites\/2\/2021\/06\/logo-meozen-push.jpg","contentUrl":"https:\/\/meozen.com\/fr\/wp-content\/uploads\/sites\/2\/2021\/06\/logo-meozen-push.jpg","width":384,"height":384,"caption":"Meozen"},"image":{"@id":"https:\/\/meozen.com\/fr\/#\/schema\/logo\/image\/"},"sameAs":["https:\/\/www.facebook.com\/MeozenFr\/","https:\/\/www.pinterest.fr\/meozen_officiel\/","https:\/\/www.instagram.com\/meozen_officiel\/"]}]}},"_links":{"self":[{"href":"https:\/\/meozen.com\/fr\/wp-json\/wp\/v2\/product\/2738","targetHints":{"allow":["GET"]}}],"collection":[{"href":"https:\/\/meozen.com\/fr\/wp-json\/wp\/v2\/product"}],"about":[{"href":"https:\/\/meozen.com\/fr\/wp-json\/wp\/v2\/types\/product"}],"replies":[{"embeddable":true,"href":"https:\/\/meozen.com\/fr\/wp-json\/wp\/v2\/comments?post=2738"}],"wp:featuredmedia":[{"embeddable":true,"href":"https:\/\/meozen.com\/fr\/wp-json\/wp\/v2\/media\/2668"}],"wp:attachment":[{"href":"https:\/\/meozen.com\/fr\/wp-json\/wp\/v2\/media?parent=2738"}],"wp:term":[{"taxonomy":"product_brand","embeddable":true,"href":"https:\/\/meozen.com\/fr\/wp-json\/wp\/v2\/product_brand?post=2738"},{"taxonomy":"product_cat","embeddable":true,"href":"https:\/\/meozen.com\/fr\/wp-json\/wp\/v2\/product_cat?post=2738"},{"taxonomy":"product_tag","embeddable":true,"href":"https:\/\/meozen.com\/fr\/wp-json\/wp\/v2\/product_tag?post=2738"}],"curies":[{"name":"wp","href":"https:\/\/api.w.org\/{rel}","templated":true}]}}