{"id":3729,"date":"2021-11-26T15:09:36","date_gmt":"2021-11-26T14:09:36","guid":{"rendered":"https:\/\/meozen.com\/fr\/?post_type=product&#038;p=3729"},"modified":"2023-06-17T02:39:21","modified_gmt":"2023-06-17T00:39:21","slug":"formation-85-heures-yoga-prenatal-rishikesh-inde","status":"publish","type":"product","link":"https:\/\/meozen.com\/fr\/produit\/formation-85-heures-yoga-prenatal-rishikesh-inde\/","title":{"rendered":"Formation 85 heures de Yoga Pr\u00e9natal \u00e0 Rishikesh, Inde"},"content":{"rendered":"<ul>\n<li>Comprendre les b\u00e9n\u00e9fices sp\u00e9cifiques des postures pendant la grossesse<\/li>\n<li>Appliquer diff\u00e9rents styles de yoga<\/li>\n<li>Alignement et ajustement sp\u00e9cialis\u00e9s<\/li>\n<li>Pranayamas sp\u00e9cialis\u00e9s pour la grossesse<\/li>\n<li>Se pr\u00e9parer \u00e0 la maternit\u00e9<\/li>\n<li>Anatomie et physiologie \u00e0 chaque \u00e9tape de la grossesse<\/li>\n<li>Comment avoir un travail naturel<\/li>\n<li>Soins sp\u00e9cialis\u00e9s pour la m\u00e8re et le b\u00e9b\u00e9<\/li>\n<li>Technique de Yoga Nidra sp\u00e9cialis\u00e9e pour la croissance du f\u0153tus<\/li>\n<li>R\u00e9gime sp\u00e9cifique pour la grossesse<\/li>\n<li>Mode de vie ayurv\u00e9dique pour les femmes enceintes<\/li>\n<li>Comment concevoir un b\u00e9b\u00e9<\/li>\n<li>Utiliser des accessoires pour les postures<\/li>\n<\/ul>\n","protected":false},"excerpt":{"rendered":"<p><strong style=\"font-size: 22px;\"> Une formation de yoga pr\u00e9natal \u00e0 Rishikesh.<\/strong><\/p>\n<p>Le cours de formation de professeur de yoga pr\u00e9natal \u00e0 la World Peace Yoga School est con\u00e7u pour les professeurs de yoga qui souhaitent enseigner le yoga pr\u00e9natal et postnatal. Il s&rsquo;agit d&rsquo;un programme sp\u00e9cial con\u00e7u pour favoriser la sant\u00e9 de la m\u00e8re et du b\u00e9b\u00e9 dans l&rsquo;ut\u00e9rus.<\/p>\n<p>Les \u00e9tudiants apprendront diff\u00e9rentes techniques de yoga, de pranayama, de m\u00e9ditation ainsi que la bonne compr\u00e9hension de la sant\u00e9 d&rsquo;une femme enceinte. Vous apprendrez \u00e0 utiliser des accessoires dans diff\u00e9rentes pratiques d&rsquo;asanas, la compr\u00e9hension th\u00e9rapeutique de chaque posture, la th\u00e9rapie par le yoga pour le plancher pelvien, le massage pour la femme, le Yin Yoga pour la grossesse et la nutrition.<\/p>\n<p>Pr\u00e9-requis : Les \u00e9tudiants doivent avoir une certification YTT 200 heures.<\/p>\n<p>Vous serez h\u00e9berg\u00e9 pendant 7 nuits dans l\u2019\u00e9cole qui se trouve pr\u00e9cis\u00e9ment \u00e0 Tapovan, pr\u00e8s des montagnes.<\/p>\n<p>Sur votre temps libre, vous pourrez profiter d\u2019excursions en ville, dans la for\u00eat ou encore pr\u00e8s du Gange.<\/p>\n<p><strong>Formation \u00e0 partir de 809 euros.<\/strong><\/p>\n","protected":false},"featured_media":3751,"comment_status":"open","ping_status":"closed","template":"","meta":{"_mo_disable_npp":""},"product_brand":[],"product_cat":[131,81],"product_tag":[],"class_list":{"0":"post-3729","1":"product","2":"type-product","3":"status-publish","4":"has-post-thumbnail","6":"product_cat-formation-yoga","7":"product_cat-formation-yoga-prenatal","9":"first","10":"instock","11":"taxable","12":"shipping-taxable","13":"product-type-external"},"yoast_head":"<!-- This site is optimized with the Yoast SEO plugin v26.8 - https:\/\/yoast.com\/product\/yoast-seo-wordpress\/ -->\n<title>Formation 85 heures de Yoga Pr\u00e9natal \u00e0 Rishikesh, Inde<\/title>\n<meta name=\"description\" content=\"R\u00e9servez d\u00e8s maintenant votre Formation 85 heures de Yoga Pr\u00e9natal \u00e0 Rishikesh, Inde avec Meozen. \u00c9vadez-vous du quotidien avec ce s\u00e9jour unique. Dur\u00e9e, conditions, prix... Cliquez pour d\u00e9couvrir !\" \/>\n<meta name=\"robots\" content=\"index, follow, max-snippet:-1, max-image-preview:large, max-video-preview:-1\" \/>\n<link rel=\"canonical\" href=\"https:\/\/meozen.com\/fr\/produit\/formation-85-heures-yoga-prenatal-rishikesh-inde\/\" \/>\n<meta property=\"og:locale\" content=\"fr_FR\" \/>\n<meta property=\"og:type\" content=\"article\" \/>\n<meta property=\"og:title\" content=\"Formation 85 heures de Yoga Pr\u00e9natal \u00e0 Rishikesh, Inde\" \/>\n<meta property=\"og:description\" content=\"R\u00e9servez d\u00e8s maintenant votre Formation 85 heures de Yoga Pr\u00e9natal \u00e0 Rishikesh, Inde avec Meozen. \u00c9vadez-vous du quotidien avec ce s\u00e9jour unique. Dur\u00e9e, conditions, prix... Cliquez pour d\u00e9couvrir !\" \/>\n<meta property=\"og:url\" content=\"https:\/\/meozen.com\/fr\/produit\/formation-85-heures-yoga-prenatal-rishikesh-inde\/\" \/>\n<meta property=\"og:site_name\" content=\"Meozen - Votre portail bien-\u00eatre\" \/>\n<meta property=\"article:publisher\" content=\"https:\/\/www.facebook.com\/MeozenFr\/\" \/>\n<meta property=\"article:modified_time\" content=\"2023-06-17T00:39:21+00:00\" \/>\n<meta property=\"og:image\" content=\"https:\/\/meozen.com\/fr\/wp-content\/uploads\/sites\/2\/2021\/11\/world-peace-yoga-school-formation-yoga-prenatal-85-heures-inde-1.jpg\" \/>\n\t<meta property=\"og:image:width\" content=\"653\" \/>\n\t<meta property=\"og:image:height\" content=\"490\" \/>\n\t<meta property=\"og:image:type\" content=\"image\/jpeg\" \/>\n<meta name=\"twitter:card\" content=\"summary_large_image\" \/>\n<meta name=\"twitter:label1\" content=\"Dur\u00e9e de lecture estim\u00e9e\" \/>\n\t<meta name=\"twitter:data1\" content=\"1 minute\" \/>\n<script type=\"application\/ld+json\" class=\"yoast-schema-graph\">{\"@context\":\"https:\/\/schema.org\",\"@graph\":[{\"@type\":\"WebPage\",\"@id\":\"https:\/\/meozen.com\/fr\/produit\/formation-85-heures-yoga-prenatal-rishikesh-inde\/\",\"url\":\"https:\/\/meozen.com\/fr\/produit\/formation-85-heures-yoga-prenatal-rishikesh-inde\/\",\"name\":\"Formation 85 heures de Yoga Pr\u00e9natal \u00e0 Rishikesh, Inde\",\"isPartOf\":{\"@id\":\"https:\/\/meozen.com\/fr\/#website\"},\"primaryImageOfPage\":{\"@id\":\"https:\/\/meozen.com\/fr\/produit\/formation-85-heures-yoga-prenatal-rishikesh-inde\/#primaryimage\"},\"image\":{\"@id\":\"https:\/\/meozen.com\/fr\/produit\/formation-85-heures-yoga-prenatal-rishikesh-inde\/#primaryimage\"},\"thumbnailUrl\":\"https:\/\/meozen.com\/fr\/wp-content\/uploads\/sites\/2\/2021\/11\/world-peace-yoga-school-formation-yoga-prenatal-85-heures-inde-1.jpg\",\"datePublished\":\"2021-11-26T14:09:36+00:00\",\"dateModified\":\"2023-06-17T00:39:21+00:00\",\"description\":\"R\u00e9servez d\u00e8s maintenant votre Formation 85 heures de Yoga Pr\u00e9natal \u00e0 Rishikesh, Inde avec Meozen. \u00c9vadez-vous du quotidien avec ce s\u00e9jour unique. Dur\u00e9e, conditions, prix... Cliquez pour d\u00e9couvrir !\",\"breadcrumb\":{\"@id\":\"https:\/\/meozen.com\/fr\/produit\/formation-85-heures-yoga-prenatal-rishikesh-inde\/#breadcrumb\"},\"inLanguage\":\"fr-FR\",\"potentialAction\":[{\"@type\":\"ReadAction\",\"target\":[\"https:\/\/meozen.com\/fr\/produit\/formation-85-heures-yoga-prenatal-rishikesh-inde\/\"]}]},{\"@type\":\"ImageObject\",\"inLanguage\":\"fr-FR\",\"@id\":\"https:\/\/meozen.com\/fr\/produit\/formation-85-heures-yoga-prenatal-rishikesh-inde\/#primaryimage\",\"url\":\"https:\/\/meozen.com\/fr\/wp-content\/uploads\/sites\/2\/2021\/11\/world-peace-yoga-school-formation-yoga-prenatal-85-heures-inde-1.jpg\",\"contentUrl\":\"https:\/\/meozen.com\/fr\/wp-content\/uploads\/sites\/2\/2021\/11\/world-peace-yoga-school-formation-yoga-prenatal-85-heures-inde-1.jpg\",\"width\":653,\"height\":490},{\"@type\":\"BreadcrumbList\",\"@id\":\"https:\/\/meozen.com\/fr\/produit\/formation-85-heures-yoga-prenatal-rishikesh-inde\/#breadcrumb\",\"itemListElement\":[{\"@type\":\"ListItem\",\"position\":1,\"name\":\"Accueil\",\"item\":\"https:\/\/meozen.com\/fr\/\"},{\"@type\":\"ListItem\",\"position\":2,\"name\":\"Boutique\",\"item\":\"https:\/\/meozen.com\/fr\/boutique\/\"},{\"@type\":\"ListItem\",\"position\":3,\"name\":\"Formation 85 heures de Yoga Pr\u00e9natal \u00e0 Rishikesh, Inde\"}]},{\"@type\":\"WebSite\",\"@id\":\"https:\/\/meozen.com\/fr\/#website\",\"url\":\"https:\/\/meozen.com\/fr\/\",\"name\":\"Meozen - Votre portail bien-\u00eatre\",\"description\":\"D\u00e9couvrez tout l&#039;univers du bien-\u00eatre, yoga, m\u00e9ditation, trouvez les meilleures retraites et formations bien-\u00eatre\",\"publisher\":{\"@id\":\"https:\/\/meozen.com\/fr\/#organization\"},\"potentialAction\":[{\"@type\":\"SearchAction\",\"target\":{\"@type\":\"EntryPoint\",\"urlTemplate\":\"https:\/\/meozen.com\/fr\/?s={search_term_string}\"},\"query-input\":{\"@type\":\"PropertyValueSpecification\",\"valueRequired\":true,\"valueName\":\"search_term_string\"}}],\"inLanguage\":\"fr-FR\"},{\"@type\":\"Organization\",\"@id\":\"https:\/\/meozen.com\/fr\/#organization\",\"name\":\"Meozen\",\"url\":\"https:\/\/meozen.com\/fr\/\",\"logo\":{\"@type\":\"ImageObject\",\"inLanguage\":\"fr-FR\",\"@id\":\"https:\/\/meozen.com\/fr\/#\/schema\/logo\/image\/\",\"url\":\"https:\/\/meozen.com\/fr\/wp-content\/uploads\/sites\/2\/2021\/06\/logo-meozen-push.jpg\",\"contentUrl\":\"https:\/\/meozen.com\/fr\/wp-content\/uploads\/sites\/2\/2021\/06\/logo-meozen-push.jpg\",\"width\":384,\"height\":384,\"caption\":\"Meozen\"},\"image\":{\"@id\":\"https:\/\/meozen.com\/fr\/#\/schema\/logo\/image\/\"},\"sameAs\":[\"https:\/\/www.facebook.com\/MeozenFr\/\",\"https:\/\/www.pinterest.fr\/meozen_officiel\/\",\"https:\/\/www.instagram.com\/meozen_officiel\/\"]}]}<\/script>\n<!-- \/ Yoast SEO plugin. -->","yoast_head_json":{"title":"Formation 85 heures de Yoga Pr\u00e9natal \u00e0 Rishikesh, Inde","description":"R\u00e9servez d\u00e8s maintenant votre Formation 85 heures de Yoga Pr\u00e9natal \u00e0 Rishikesh, Inde avec Meozen. \u00c9vadez-vous du quotidien avec ce s\u00e9jour unique. Dur\u00e9e, conditions, prix... Cliquez pour d\u00e9couvrir !","robots":{"index":"index","follow":"follow","max-snippet":"max-snippet:-1","max-image-preview":"max-image-preview:large","max-video-preview":"max-video-preview:-1"},"canonical":"https:\/\/meozen.com\/fr\/produit\/formation-85-heures-yoga-prenatal-rishikesh-inde\/","og_locale":"fr_FR","og_type":"article","og_title":"Formation 85 heures de Yoga Pr\u00e9natal \u00e0 Rishikesh, Inde","og_description":"R\u00e9servez d\u00e8s maintenant votre Formation 85 heures de Yoga Pr\u00e9natal \u00e0 Rishikesh, Inde avec Meozen. \u00c9vadez-vous du quotidien avec ce s\u00e9jour unique. Dur\u00e9e, conditions, prix... Cliquez pour d\u00e9couvrir !","og_url":"https:\/\/meozen.com\/fr\/produit\/formation-85-heures-yoga-prenatal-rishikesh-inde\/","og_site_name":"Meozen - Votre portail bien-\u00eatre","article_publisher":"https:\/\/www.facebook.com\/MeozenFr\/","article_modified_time":"2023-06-17T00:39:21+00:00","og_image":[{"width":653,"height":490,"url":"https:\/\/meozen.com\/fr\/wp-content\/uploads\/sites\/2\/2021\/11\/world-peace-yoga-school-formation-yoga-prenatal-85-heures-inde-1.jpg","type":"image\/jpeg"}],"twitter_card":"summary_large_image","twitter_misc":{"Dur\u00e9e de lecture estim\u00e9e":"1 minute"},"schema":{"@context":"https:\/\/schema.org","@graph":[{"@type":"WebPage","@id":"https:\/\/meozen.com\/fr\/produit\/formation-85-heures-yoga-prenatal-rishikesh-inde\/","url":"https:\/\/meozen.com\/fr\/produit\/formation-85-heures-yoga-prenatal-rishikesh-inde\/","name":"Formation 85 heures de Yoga Pr\u00e9natal \u00e0 Rishikesh, Inde","isPartOf":{"@id":"https:\/\/meozen.com\/fr\/#website"},"primaryImageOfPage":{"@id":"https:\/\/meozen.com\/fr\/produit\/formation-85-heures-yoga-prenatal-rishikesh-inde\/#primaryimage"},"image":{"@id":"https:\/\/meozen.com\/fr\/produit\/formation-85-heures-yoga-prenatal-rishikesh-inde\/#primaryimage"},"thumbnailUrl":"https:\/\/meozen.com\/fr\/wp-content\/uploads\/sites\/2\/2021\/11\/world-peace-yoga-school-formation-yoga-prenatal-85-heures-inde-1.jpg","datePublished":"2021-11-26T14:09:36+00:00","dateModified":"2023-06-17T00:39:21+00:00","description":"R\u00e9servez d\u00e8s maintenant votre Formation 85 heures de Yoga Pr\u00e9natal \u00e0 Rishikesh, Inde avec Meozen. \u00c9vadez-vous du quotidien avec ce s\u00e9jour unique. Dur\u00e9e, conditions, prix... Cliquez pour d\u00e9couvrir !","breadcrumb":{"@id":"https:\/\/meozen.com\/fr\/produit\/formation-85-heures-yoga-prenatal-rishikesh-inde\/#breadcrumb"},"inLanguage":"fr-FR","potentialAction":[{"@type":"ReadAction","target":["https:\/\/meozen.com\/fr\/produit\/formation-85-heures-yoga-prenatal-rishikesh-inde\/"]}]},{"@type":"ImageObject","inLanguage":"fr-FR","@id":"https:\/\/meozen.com\/fr\/produit\/formation-85-heures-yoga-prenatal-rishikesh-inde\/#primaryimage","url":"https:\/\/meozen.com\/fr\/wp-content\/uploads\/sites\/2\/2021\/11\/world-peace-yoga-school-formation-yoga-prenatal-85-heures-inde-1.jpg","contentUrl":"https:\/\/meozen.com\/fr\/wp-content\/uploads\/sites\/2\/2021\/11\/world-peace-yoga-school-formation-yoga-prenatal-85-heures-inde-1.jpg","width":653,"height":490},{"@type":"BreadcrumbList","@id":"https:\/\/meozen.com\/fr\/produit\/formation-85-heures-yoga-prenatal-rishikesh-inde\/#breadcrumb","itemListElement":[{"@type":"ListItem","position":1,"name":"Accueil","item":"https:\/\/meozen.com\/fr\/"},{"@type":"ListItem","position":2,"name":"Boutique","item":"https:\/\/meozen.com\/fr\/boutique\/"},{"@type":"ListItem","position":3,"name":"Formation 85 heures de Yoga Pr\u00e9natal \u00e0 Rishikesh, Inde"}]},{"@type":"WebSite","@id":"https:\/\/meozen.com\/fr\/#website","url":"https:\/\/meozen.com\/fr\/","name":"Meozen - Votre portail bien-\u00eatre","description":"D\u00e9couvrez tout l&#039;univers du bien-\u00eatre, yoga, m\u00e9ditation, trouvez les meilleures retraites et formations bien-\u00eatre","publisher":{"@id":"https:\/\/meozen.com\/fr\/#organization"},"potentialAction":[{"@type":"SearchAction","target":{"@type":"EntryPoint","urlTemplate":"https:\/\/meozen.com\/fr\/?s={search_term_string}"},"query-input":{"@type":"PropertyValueSpecification","valueRequired":true,"valueName":"search_term_string"}}],"inLanguage":"fr-FR"},{"@type":"Organization","@id":"https:\/\/meozen.com\/fr\/#organization","name":"Meozen","url":"https:\/\/meozen.com\/fr\/","logo":{"@type":"ImageObject","inLanguage":"fr-FR","@id":"https:\/\/meozen.com\/fr\/#\/schema\/logo\/image\/","url":"https:\/\/meozen.com\/fr\/wp-content\/uploads\/sites\/2\/2021\/06\/logo-meozen-push.jpg","contentUrl":"https:\/\/meozen.com\/fr\/wp-content\/uploads\/sites\/2\/2021\/06\/logo-meozen-push.jpg","width":384,"height":384,"caption":"Meozen"},"image":{"@id":"https:\/\/meozen.com\/fr\/#\/schema\/logo\/image\/"},"sameAs":["https:\/\/www.facebook.com\/MeozenFr\/","https:\/\/www.pinterest.fr\/meozen_officiel\/","https:\/\/www.instagram.com\/meozen_officiel\/"]}]}},"_links":{"self":[{"href":"https:\/\/meozen.com\/fr\/wp-json\/wp\/v2\/product\/3729","targetHints":{"allow":["GET"]}}],"collection":[{"href":"https:\/\/meozen.com\/fr\/wp-json\/wp\/v2\/product"}],"about":[{"href":"https:\/\/meozen.com\/fr\/wp-json\/wp\/v2\/types\/product"}],"replies":[{"embeddable":true,"href":"https:\/\/meozen.com\/fr\/wp-json\/wp\/v2\/comments?post=3729"}],"wp:featuredmedia":[{"embeddable":true,"href":"https:\/\/meozen.com\/fr\/wp-json\/wp\/v2\/media\/3751"}],"wp:attachment":[{"href":"https:\/\/meozen.com\/fr\/wp-json\/wp\/v2\/media?parent=3729"}],"wp:term":[{"taxonomy":"product_brand","embeddable":true,"href":"https:\/\/meozen.com\/fr\/wp-json\/wp\/v2\/product_brand?post=3729"},{"taxonomy":"product_cat","embeddable":true,"href":"https:\/\/meozen.com\/fr\/wp-json\/wp\/v2\/product_cat?post=3729"},{"taxonomy":"product_tag","embeddable":true,"href":"https:\/\/meozen.com\/fr\/wp-json\/wp\/v2\/product_tag?post=3729"}],"curies":[{"name":"wp","href":"https:\/\/api.w.org\/{rel}","templated":true}]}}