{"id":3759,"date":"2021-11-26T16:49:38","date_gmt":"2021-11-26T15:49:38","guid":{"rendered":"https:\/\/meozen.com\/fr\/?post_type=product&#038;p=3759"},"modified":"2023-06-17T02:39:21","modified_gmt":"2023-06-17T00:39:21","slug":"formation-40-heures-yoga-prenatal-barcelone-espagne","status":"publish","type":"product","link":"https:\/\/meozen.com\/fr\/produit\/formation-40-heures-yoga-prenatal-barcelone-espagne\/","title":{"rendered":"Formation 40 heures de Yoga Pr\u00e9natal \u00e0 Barcelone, Espagne"},"content":{"rendered":"<ul>\n<li>Pratique du Yoga Pr\u00e9natal<\/li>\n<li>Apprendre \u00e0 construire un cours de yoga sp\u00e9cifique aux femmes enceintes<\/li>\n<li>Savoir adapter les cours aux diff\u00e9rentes pathologies<\/li>\n<li>Cours th\u00e9oriques sur les b\u00e9n\u00e9fices du Yoga Pr\u00e9natal<\/li>\n<li>Cours th\u00e9oriques sur la grossesse, l\u2019anatomie<\/li>\n<li>Cours th\u00e9oriques sur l\u2019accouchement et le post-partum<\/li>\n<li>Apprentissage des massages pour les femmes enceintes<\/li>\n<\/ul>\n","protected":false},"excerpt":{"rendered":"<p><strong style=\"font-size: 22px;\"> Une formation de yoga pr\u00e9natal \u00e0 Barcelone.<\/strong><\/p>\n<p>La formation de professeur de yoga pr\u00e9natal organis\u00e9e par Nydum est con\u00e7ue pour les professeurs de yoga qui souhaitent enseigner le yoga pr\u00e9natal et postnatal. Cette formation est con\u00e7ue pour vous immerger pleinement dans l\u2019univers de la femme enceinte.<\/p>\n<p>Pr\u00e9-requis : Les \u00e9tudiants doivent avoir une certification YTT 200 heures.<\/p>\n<p>Vous serez h\u00e9berg\u00e9 pendant 5 nuits dans une maison enti\u00e8rement \u00e9quip\u00e9e de huit chambres qui pourra facilement accueillir 20 convives. A Villa Flores, vous trouverez de nombreux endroits o\u00f9 vous reposer, des terrasses, un jardin verdoyant avec piscine d&rsquo;eau sal\u00e9e.<\/p>\n<p><strong>Formation \u00e0 partir de 970 euros.<\/strong><\/p>\n","protected":false},"featured_media":3763,"comment_status":"open","ping_status":"closed","template":"","meta":{"_mo_disable_npp":""},"product_brand":[],"product_cat":[131,81],"product_tag":[],"class_list":{"0":"post-3759","1":"product","2":"type-product","3":"status-publish","4":"has-post-thumbnail","6":"product_cat-formation-yoga","7":"product_cat-formation-yoga-prenatal","9":"first","10":"instock","11":"taxable","12":"shipping-taxable","13":"product-type-external"},"yoast_head":"<!-- This site is optimized with the Yoast SEO plugin v26.8 - https:\/\/yoast.com\/product\/yoast-seo-wordpress\/ -->\n<title>Formation 40 heures de Yoga Pr\u00e9natal \u00e0 Barcelone, Espagne<\/title>\n<meta name=\"description\" content=\"R\u00e9servez d\u00e8s maintenant votre Formation 40 heures de Yoga Pr\u00e9natal \u00e0 Barcelone, Espagne avec Meozen. \u00c9vadez-vous du quotidien avec ce s\u00e9jour unique. Dur\u00e9e, conditions, prix... Cliquez pour d\u00e9couvrir !\" \/>\n<meta name=\"robots\" content=\"index, follow, max-snippet:-1, max-image-preview:large, max-video-preview:-1\" \/>\n<link rel=\"canonical\" href=\"https:\/\/meozen.com\/fr\/produit\/formation-40-heures-yoga-prenatal-barcelone-espagne\/\" \/>\n<meta property=\"og:locale\" content=\"fr_FR\" \/>\n<meta property=\"og:type\" content=\"article\" \/>\n<meta property=\"og:title\" content=\"Formation 40 heures de Yoga Pr\u00e9natal \u00e0 Barcelone, Espagne\" \/>\n<meta property=\"og:description\" content=\"R\u00e9servez d\u00e8s maintenant votre Formation 40 heures de Yoga Pr\u00e9natal \u00e0 Barcelone, Espagne avec Meozen. \u00c9vadez-vous du quotidien avec ce s\u00e9jour unique. Dur\u00e9e, conditions, prix... Cliquez pour d\u00e9couvrir !\" \/>\n<meta property=\"og:url\" content=\"https:\/\/meozen.com\/fr\/produit\/formation-40-heures-yoga-prenatal-barcelone-espagne\/\" \/>\n<meta property=\"og:site_name\" content=\"Meozen - Votre portail bien-\u00eatre\" \/>\n<meta property=\"article:publisher\" content=\"https:\/\/www.facebook.com\/MeozenFr\/\" \/>\n<meta property=\"article:modified_time\" content=\"2023-06-17T00:39:21+00:00\" \/>\n<meta property=\"og:image\" content=\"https:\/\/meozen.com\/fr\/wp-content\/uploads\/sites\/2\/2021\/11\/nydum-formation-yoga-prenatal-barcelone-espagne-4.jpg\" \/>\n\t<meta property=\"og:image:width\" content=\"653\" \/>\n\t<meta property=\"og:image:height\" content=\"490\" \/>\n\t<meta property=\"og:image:type\" content=\"image\/jpeg\" \/>\n<meta name=\"twitter:card\" content=\"summary_large_image\" \/>\n<meta name=\"twitter:label1\" content=\"Dur\u00e9e de lecture estim\u00e9e\" \/>\n\t<meta name=\"twitter:data1\" content=\"1 minute\" \/>\n<script type=\"application\/ld+json\" class=\"yoast-schema-graph\">{\"@context\":\"https:\/\/schema.org\",\"@graph\":[{\"@type\":\"WebPage\",\"@id\":\"https:\/\/meozen.com\/fr\/produit\/formation-40-heures-yoga-prenatal-barcelone-espagne\/\",\"url\":\"https:\/\/meozen.com\/fr\/produit\/formation-40-heures-yoga-prenatal-barcelone-espagne\/\",\"name\":\"Formation 40 heures de Yoga Pr\u00e9natal \u00e0 Barcelone, Espagne\",\"isPartOf\":{\"@id\":\"https:\/\/meozen.com\/fr\/#website\"},\"primaryImageOfPage\":{\"@id\":\"https:\/\/meozen.com\/fr\/produit\/formation-40-heures-yoga-prenatal-barcelone-espagne\/#primaryimage\"},\"image\":{\"@id\":\"https:\/\/meozen.com\/fr\/produit\/formation-40-heures-yoga-prenatal-barcelone-espagne\/#primaryimage\"},\"thumbnailUrl\":\"https:\/\/meozen.com\/fr\/wp-content\/uploads\/sites\/2\/2021\/11\/nydum-formation-yoga-prenatal-barcelone-espagne-4.jpg\",\"datePublished\":\"2021-11-26T15:49:38+00:00\",\"dateModified\":\"2023-06-17T00:39:21+00:00\",\"description\":\"R\u00e9servez d\u00e8s maintenant votre Formation 40 heures de Yoga Pr\u00e9natal \u00e0 Barcelone, Espagne avec Meozen. \u00c9vadez-vous du quotidien avec ce s\u00e9jour unique. Dur\u00e9e, conditions, prix... Cliquez pour d\u00e9couvrir !\",\"breadcrumb\":{\"@id\":\"https:\/\/meozen.com\/fr\/produit\/formation-40-heures-yoga-prenatal-barcelone-espagne\/#breadcrumb\"},\"inLanguage\":\"fr-FR\",\"potentialAction\":[{\"@type\":\"ReadAction\",\"target\":[\"https:\/\/meozen.com\/fr\/produit\/formation-40-heures-yoga-prenatal-barcelone-espagne\/\"]}]},{\"@type\":\"ImageObject\",\"inLanguage\":\"fr-FR\",\"@id\":\"https:\/\/meozen.com\/fr\/produit\/formation-40-heures-yoga-prenatal-barcelone-espagne\/#primaryimage\",\"url\":\"https:\/\/meozen.com\/fr\/wp-content\/uploads\/sites\/2\/2021\/11\/nydum-formation-yoga-prenatal-barcelone-espagne-4.jpg\",\"contentUrl\":\"https:\/\/meozen.com\/fr\/wp-content\/uploads\/sites\/2\/2021\/11\/nydum-formation-yoga-prenatal-barcelone-espagne-4.jpg\",\"width\":653,\"height\":490},{\"@type\":\"BreadcrumbList\",\"@id\":\"https:\/\/meozen.com\/fr\/produit\/formation-40-heures-yoga-prenatal-barcelone-espagne\/#breadcrumb\",\"itemListElement\":[{\"@type\":\"ListItem\",\"position\":1,\"name\":\"Accueil\",\"item\":\"https:\/\/meozen.com\/fr\/\"},{\"@type\":\"ListItem\",\"position\":2,\"name\":\"Boutique\",\"item\":\"https:\/\/meozen.com\/fr\/boutique\/\"},{\"@type\":\"ListItem\",\"position\":3,\"name\":\"Formation 40 heures de Yoga Pr\u00e9natal \u00e0 Barcelone, Espagne\"}]},{\"@type\":\"WebSite\",\"@id\":\"https:\/\/meozen.com\/fr\/#website\",\"url\":\"https:\/\/meozen.com\/fr\/\",\"name\":\"Meozen - Votre portail bien-\u00eatre\",\"description\":\"D\u00e9couvrez tout l&#039;univers du bien-\u00eatre, yoga, m\u00e9ditation, trouvez les meilleures retraites et formations bien-\u00eatre\",\"publisher\":{\"@id\":\"https:\/\/meozen.com\/fr\/#organization\"},\"potentialAction\":[{\"@type\":\"SearchAction\",\"target\":{\"@type\":\"EntryPoint\",\"urlTemplate\":\"https:\/\/meozen.com\/fr\/?s={search_term_string}\"},\"query-input\":{\"@type\":\"PropertyValueSpecification\",\"valueRequired\":true,\"valueName\":\"search_term_string\"}}],\"inLanguage\":\"fr-FR\"},{\"@type\":\"Organization\",\"@id\":\"https:\/\/meozen.com\/fr\/#organization\",\"name\":\"Meozen\",\"url\":\"https:\/\/meozen.com\/fr\/\",\"logo\":{\"@type\":\"ImageObject\",\"inLanguage\":\"fr-FR\",\"@id\":\"https:\/\/meozen.com\/fr\/#\/schema\/logo\/image\/\",\"url\":\"https:\/\/meozen.com\/fr\/wp-content\/uploads\/sites\/2\/2021\/06\/logo-meozen-push.jpg\",\"contentUrl\":\"https:\/\/meozen.com\/fr\/wp-content\/uploads\/sites\/2\/2021\/06\/logo-meozen-push.jpg\",\"width\":384,\"height\":384,\"caption\":\"Meozen\"},\"image\":{\"@id\":\"https:\/\/meozen.com\/fr\/#\/schema\/logo\/image\/\"},\"sameAs\":[\"https:\/\/www.facebook.com\/MeozenFr\/\",\"https:\/\/www.pinterest.fr\/meozen_officiel\/\",\"https:\/\/www.instagram.com\/meozen_officiel\/\"]}]}<\/script>\n<!-- \/ Yoast SEO plugin. -->","yoast_head_json":{"title":"Formation 40 heures de Yoga Pr\u00e9natal \u00e0 Barcelone, Espagne","description":"R\u00e9servez d\u00e8s maintenant votre Formation 40 heures de Yoga Pr\u00e9natal \u00e0 Barcelone, Espagne avec Meozen. \u00c9vadez-vous du quotidien avec ce s\u00e9jour unique. Dur\u00e9e, conditions, prix... Cliquez pour d\u00e9couvrir !","robots":{"index":"index","follow":"follow","max-snippet":"max-snippet:-1","max-image-preview":"max-image-preview:large","max-video-preview":"max-video-preview:-1"},"canonical":"https:\/\/meozen.com\/fr\/produit\/formation-40-heures-yoga-prenatal-barcelone-espagne\/","og_locale":"fr_FR","og_type":"article","og_title":"Formation 40 heures de Yoga Pr\u00e9natal \u00e0 Barcelone, Espagne","og_description":"R\u00e9servez d\u00e8s maintenant votre Formation 40 heures de Yoga Pr\u00e9natal \u00e0 Barcelone, Espagne avec Meozen. \u00c9vadez-vous du quotidien avec ce s\u00e9jour unique. Dur\u00e9e, conditions, prix... Cliquez pour d\u00e9couvrir !","og_url":"https:\/\/meozen.com\/fr\/produit\/formation-40-heures-yoga-prenatal-barcelone-espagne\/","og_site_name":"Meozen - Votre portail bien-\u00eatre","article_publisher":"https:\/\/www.facebook.com\/MeozenFr\/","article_modified_time":"2023-06-17T00:39:21+00:00","og_image":[{"width":653,"height":490,"url":"https:\/\/meozen.com\/fr\/wp-content\/uploads\/sites\/2\/2021\/11\/nydum-formation-yoga-prenatal-barcelone-espagne-4.jpg","type":"image\/jpeg"}],"twitter_card":"summary_large_image","twitter_misc":{"Dur\u00e9e de lecture estim\u00e9e":"1 minute"},"schema":{"@context":"https:\/\/schema.org","@graph":[{"@type":"WebPage","@id":"https:\/\/meozen.com\/fr\/produit\/formation-40-heures-yoga-prenatal-barcelone-espagne\/","url":"https:\/\/meozen.com\/fr\/produit\/formation-40-heures-yoga-prenatal-barcelone-espagne\/","name":"Formation 40 heures de Yoga Pr\u00e9natal \u00e0 Barcelone, Espagne","isPartOf":{"@id":"https:\/\/meozen.com\/fr\/#website"},"primaryImageOfPage":{"@id":"https:\/\/meozen.com\/fr\/produit\/formation-40-heures-yoga-prenatal-barcelone-espagne\/#primaryimage"},"image":{"@id":"https:\/\/meozen.com\/fr\/produit\/formation-40-heures-yoga-prenatal-barcelone-espagne\/#primaryimage"},"thumbnailUrl":"https:\/\/meozen.com\/fr\/wp-content\/uploads\/sites\/2\/2021\/11\/nydum-formation-yoga-prenatal-barcelone-espagne-4.jpg","datePublished":"2021-11-26T15:49:38+00:00","dateModified":"2023-06-17T00:39:21+00:00","description":"R\u00e9servez d\u00e8s maintenant votre Formation 40 heures de Yoga Pr\u00e9natal \u00e0 Barcelone, Espagne avec Meozen. \u00c9vadez-vous du quotidien avec ce s\u00e9jour unique. Dur\u00e9e, conditions, prix... Cliquez pour d\u00e9couvrir !","breadcrumb":{"@id":"https:\/\/meozen.com\/fr\/produit\/formation-40-heures-yoga-prenatal-barcelone-espagne\/#breadcrumb"},"inLanguage":"fr-FR","potentialAction":[{"@type":"ReadAction","target":["https:\/\/meozen.com\/fr\/produit\/formation-40-heures-yoga-prenatal-barcelone-espagne\/"]}]},{"@type":"ImageObject","inLanguage":"fr-FR","@id":"https:\/\/meozen.com\/fr\/produit\/formation-40-heures-yoga-prenatal-barcelone-espagne\/#primaryimage","url":"https:\/\/meozen.com\/fr\/wp-content\/uploads\/sites\/2\/2021\/11\/nydum-formation-yoga-prenatal-barcelone-espagne-4.jpg","contentUrl":"https:\/\/meozen.com\/fr\/wp-content\/uploads\/sites\/2\/2021\/11\/nydum-formation-yoga-prenatal-barcelone-espagne-4.jpg","width":653,"height":490},{"@type":"BreadcrumbList","@id":"https:\/\/meozen.com\/fr\/produit\/formation-40-heures-yoga-prenatal-barcelone-espagne\/#breadcrumb","itemListElement":[{"@type":"ListItem","position":1,"name":"Accueil","item":"https:\/\/meozen.com\/fr\/"},{"@type":"ListItem","position":2,"name":"Boutique","item":"https:\/\/meozen.com\/fr\/boutique\/"},{"@type":"ListItem","position":3,"name":"Formation 40 heures de Yoga Pr\u00e9natal \u00e0 Barcelone, Espagne"}]},{"@type":"WebSite","@id":"https:\/\/meozen.com\/fr\/#website","url":"https:\/\/meozen.com\/fr\/","name":"Meozen - Votre portail bien-\u00eatre","description":"D\u00e9couvrez tout l&#039;univers du bien-\u00eatre, yoga, m\u00e9ditation, trouvez les meilleures retraites et formations bien-\u00eatre","publisher":{"@id":"https:\/\/meozen.com\/fr\/#organization"},"potentialAction":[{"@type":"SearchAction","target":{"@type":"EntryPoint","urlTemplate":"https:\/\/meozen.com\/fr\/?s={search_term_string}"},"query-input":{"@type":"PropertyValueSpecification","valueRequired":true,"valueName":"search_term_string"}}],"inLanguage":"fr-FR"},{"@type":"Organization","@id":"https:\/\/meozen.com\/fr\/#organization","name":"Meozen","url":"https:\/\/meozen.com\/fr\/","logo":{"@type":"ImageObject","inLanguage":"fr-FR","@id":"https:\/\/meozen.com\/fr\/#\/schema\/logo\/image\/","url":"https:\/\/meozen.com\/fr\/wp-content\/uploads\/sites\/2\/2021\/06\/logo-meozen-push.jpg","contentUrl":"https:\/\/meozen.com\/fr\/wp-content\/uploads\/sites\/2\/2021\/06\/logo-meozen-push.jpg","width":384,"height":384,"caption":"Meozen"},"image":{"@id":"https:\/\/meozen.com\/fr\/#\/schema\/logo\/image\/"},"sameAs":["https:\/\/www.facebook.com\/MeozenFr\/","https:\/\/www.pinterest.fr\/meozen_officiel\/","https:\/\/www.instagram.com\/meozen_officiel\/"]}]}},"_links":{"self":[{"href":"https:\/\/meozen.com\/fr\/wp-json\/wp\/v2\/product\/3759","targetHints":{"allow":["GET"]}}],"collection":[{"href":"https:\/\/meozen.com\/fr\/wp-json\/wp\/v2\/product"}],"about":[{"href":"https:\/\/meozen.com\/fr\/wp-json\/wp\/v2\/types\/product"}],"replies":[{"embeddable":true,"href":"https:\/\/meozen.com\/fr\/wp-json\/wp\/v2\/comments?post=3759"}],"wp:featuredmedia":[{"embeddable":true,"href":"https:\/\/meozen.com\/fr\/wp-json\/wp\/v2\/media\/3763"}],"wp:attachment":[{"href":"https:\/\/meozen.com\/fr\/wp-json\/wp\/v2\/media?parent=3759"}],"wp:term":[{"taxonomy":"product_brand","embeddable":true,"href":"https:\/\/meozen.com\/fr\/wp-json\/wp\/v2\/product_brand?post=3759"},{"taxonomy":"product_cat","embeddable":true,"href":"https:\/\/meozen.com\/fr\/wp-json\/wp\/v2\/product_cat?post=3759"},{"taxonomy":"product_tag","embeddable":true,"href":"https:\/\/meozen.com\/fr\/wp-json\/wp\/v2\/product_tag?post=3759"}],"curies":[{"name":"wp","href":"https:\/\/api.w.org\/{rel}","templated":true}]}}