{"id":3800,"date":"2021-11-29T15:25:31","date_gmt":"2021-11-29T14:25:31","guid":{"rendered":"https:\/\/meozen.com\/fr\/?post_type=product&#038;p=3800"},"modified":"2023-06-17T02:39:20","modified_gmt":"2023-06-17T00:39:20","slug":"formation-60-heures-yin-yoga-ibiza-espagne","status":"publish","type":"product","link":"https:\/\/meozen.com\/fr\/produit\/formation-60-heures-yin-yoga-ibiza-espagne\/","title":{"rendered":"Formation 60 heures de Yin Yoga \u00e0 Ibiza, Espagne"},"content":{"rendered":"<ul>\n<li>Pratique des postures yin<\/li>\n<li>Anatomie \/ Th\u00e9rapie : comprendre les effets des postures yin<\/li>\n<li>Philosophie du yin<\/li>\n<li>M\u00e9ditation, mantras, mudras<\/li>\n<li>Yoga Nidra<\/li>\n<li>Bases de la m\u00e9decine traditionnelle chinoise<\/li>\n<li>Apprentissage du fascia et la lib\u00e9ration myofasciale<\/li>\n<li>M\u00e9thodes d\u2019enseignement du Yin Yoga, apprendre \u00e0 cr\u00e9er des s\u00e9quences<\/li>\n<li>Apprendre comment et quand utiliser des accessoires pour chaque pose et chaque probl\u00e8me<\/li>\n<\/ul>\n<p>&nbsp;<\/p>\n","protected":false},"excerpt":{"rendered":"<p><strong style=\"font-size: 22px;\"> Une formation de Yin Yoga \u00e0 Ibiza.<\/strong><\/p>\n<p>La formation de professeur de Yin Yoga organis\u00e9e par Rise &amp; Shine Yoga est con\u00e7ue pour les professeurs de yoga qui souhaitent se sp\u00e9cialiser dans le Yin ou pour ceux qui pratiquent pour eux-m\u00eames sans pour autant vouloir enseigner.<\/p>\n<p>Vous serez h\u00e9berg\u00e9 pendant 6 nuits dans la magnifique Villa pr\u00e8s de Santa Eulalia et \u00e0 5 minutes de la plage. Vous serez dans un cadre vraiment agr\u00e9able, calme et paisible. Sur votre temps libre, vous aurez \u00e0 votre disposition une piscine priv\u00e9e, un grand jardin et une terrasse sur le toit.<\/p>\n<p>Vous visiterez des lieux magiques sur l\u2019\u00eele, o\u00f9 des c\u00e9r\u00e9monies sacr\u00e9es seront organis\u00e9es.<\/p>\n<p><strong>Formation \u00e0 partir de 1400 euros.<\/strong><\/p>\n","protected":false},"featured_media":3801,"comment_status":"open","ping_status":"closed","template":"","meta":{"_mo_disable_npp":""},"product_brand":[],"product_cat":[82,131],"product_tag":[],"class_list":{"0":"post-3800","1":"product","2":"type-product","3":"status-publish","4":"has-post-thumbnail","6":"product_cat-formation-yin-yoga","7":"product_cat-formation-yoga","9":"first","10":"instock","11":"taxable","12":"shipping-taxable","13":"product-type-external"},"yoast_head":"<!-- This site is optimized with the Yoast SEO plugin v26.8 - https:\/\/yoast.com\/product\/yoast-seo-wordpress\/ -->\n<title>Formation 60 heures de Yin Yoga \u00e0 Ibiza, Espagne<\/title>\n<meta name=\"description\" content=\"R\u00e9servez d\u00e8s maintenant votre Formation 60 heures de Yin Yoga \u00e0 Ibiza, Espagne avec Meozen. \u00c9vadez-vous du quotidien avec ce s\u00e9jour unique. Dur\u00e9e, conditions, prix... Cliquez pour d\u00e9couvrir !\" \/>\n<meta name=\"robots\" content=\"index, follow, max-snippet:-1, max-image-preview:large, max-video-preview:-1\" \/>\n<link rel=\"canonical\" href=\"https:\/\/meozen.com\/fr\/produit\/formation-60-heures-yin-yoga-ibiza-espagne\/\" \/>\n<meta property=\"og:locale\" content=\"fr_FR\" \/>\n<meta property=\"og:type\" content=\"article\" \/>\n<meta property=\"og:title\" content=\"Formation 60 heures de Yin Yoga \u00e0 Ibiza, Espagne\" \/>\n<meta property=\"og:description\" content=\"R\u00e9servez d\u00e8s maintenant votre Formation 60 heures de Yin Yoga \u00e0 Ibiza, Espagne avec Meozen. \u00c9vadez-vous du quotidien avec ce s\u00e9jour unique. Dur\u00e9e, conditions, prix... Cliquez pour d\u00e9couvrir !\" \/>\n<meta property=\"og:url\" content=\"https:\/\/meozen.com\/fr\/produit\/formation-60-heures-yin-yoga-ibiza-espagne\/\" \/>\n<meta property=\"og:site_name\" content=\"Meozen - Votre portail bien-\u00eatre\" \/>\n<meta property=\"article:publisher\" content=\"https:\/\/www.facebook.com\/MeozenFr\/\" \/>\n<meta property=\"article:modified_time\" content=\"2023-06-17T00:39:20+00:00\" \/>\n<meta property=\"og:image\" content=\"https:\/\/meozen.com\/fr\/wp-content\/uploads\/sites\/2\/2021\/11\/rise-shine-yoga-formation-yin-yoga-60-heures-ibiza-espagne-1.jpg\" \/>\n\t<meta property=\"og:image:width\" content=\"653\" \/>\n\t<meta property=\"og:image:height\" content=\"490\" \/>\n\t<meta property=\"og:image:type\" content=\"image\/jpeg\" \/>\n<meta name=\"twitter:card\" content=\"summary_large_image\" \/>\n<meta name=\"twitter:label1\" content=\"Dur\u00e9e de lecture estim\u00e9e\" \/>\n\t<meta name=\"twitter:data1\" content=\"1 minute\" \/>\n<script type=\"application\/ld+json\" class=\"yoast-schema-graph\">{\"@context\":\"https:\/\/schema.org\",\"@graph\":[{\"@type\":\"WebPage\",\"@id\":\"https:\/\/meozen.com\/fr\/produit\/formation-60-heures-yin-yoga-ibiza-espagne\/\",\"url\":\"https:\/\/meozen.com\/fr\/produit\/formation-60-heures-yin-yoga-ibiza-espagne\/\",\"name\":\"Formation 60 heures de Yin Yoga \u00e0 Ibiza, Espagne\",\"isPartOf\":{\"@id\":\"https:\/\/meozen.com\/fr\/#website\"},\"primaryImageOfPage\":{\"@id\":\"https:\/\/meozen.com\/fr\/produit\/formation-60-heures-yin-yoga-ibiza-espagne\/#primaryimage\"},\"image\":{\"@id\":\"https:\/\/meozen.com\/fr\/produit\/formation-60-heures-yin-yoga-ibiza-espagne\/#primaryimage\"},\"thumbnailUrl\":\"https:\/\/meozen.com\/fr\/wp-content\/uploads\/sites\/2\/2021\/11\/rise-shine-yoga-formation-yin-yoga-60-heures-ibiza-espagne-1.jpg\",\"datePublished\":\"2021-11-29T14:25:31+00:00\",\"dateModified\":\"2023-06-17T00:39:20+00:00\",\"description\":\"R\u00e9servez d\u00e8s maintenant votre Formation 60 heures de Yin Yoga \u00e0 Ibiza, Espagne avec Meozen. \u00c9vadez-vous du quotidien avec ce s\u00e9jour unique. Dur\u00e9e, conditions, prix... Cliquez pour d\u00e9couvrir !\",\"breadcrumb\":{\"@id\":\"https:\/\/meozen.com\/fr\/produit\/formation-60-heures-yin-yoga-ibiza-espagne\/#breadcrumb\"},\"inLanguage\":\"fr-FR\",\"potentialAction\":[{\"@type\":\"ReadAction\",\"target\":[\"https:\/\/meozen.com\/fr\/produit\/formation-60-heures-yin-yoga-ibiza-espagne\/\"]}]},{\"@type\":\"ImageObject\",\"inLanguage\":\"fr-FR\",\"@id\":\"https:\/\/meozen.com\/fr\/produit\/formation-60-heures-yin-yoga-ibiza-espagne\/#primaryimage\",\"url\":\"https:\/\/meozen.com\/fr\/wp-content\/uploads\/sites\/2\/2021\/11\/rise-shine-yoga-formation-yin-yoga-60-heures-ibiza-espagne-1.jpg\",\"contentUrl\":\"https:\/\/meozen.com\/fr\/wp-content\/uploads\/sites\/2\/2021\/11\/rise-shine-yoga-formation-yin-yoga-60-heures-ibiza-espagne-1.jpg\",\"width\":653,\"height\":490},{\"@type\":\"BreadcrumbList\",\"@id\":\"https:\/\/meozen.com\/fr\/produit\/formation-60-heures-yin-yoga-ibiza-espagne\/#breadcrumb\",\"itemListElement\":[{\"@type\":\"ListItem\",\"position\":1,\"name\":\"Accueil\",\"item\":\"https:\/\/meozen.com\/fr\/\"},{\"@type\":\"ListItem\",\"position\":2,\"name\":\"Boutique\",\"item\":\"https:\/\/meozen.com\/fr\/boutique\/\"},{\"@type\":\"ListItem\",\"position\":3,\"name\":\"Formation 60 heures de Yin Yoga \u00e0 Ibiza, Espagne\"}]},{\"@type\":\"WebSite\",\"@id\":\"https:\/\/meozen.com\/fr\/#website\",\"url\":\"https:\/\/meozen.com\/fr\/\",\"name\":\"Meozen - Votre portail bien-\u00eatre\",\"description\":\"D\u00e9couvrez tout l&#039;univers du bien-\u00eatre, yoga, m\u00e9ditation, trouvez les meilleures retraites et formations bien-\u00eatre\",\"publisher\":{\"@id\":\"https:\/\/meozen.com\/fr\/#organization\"},\"potentialAction\":[{\"@type\":\"SearchAction\",\"target\":{\"@type\":\"EntryPoint\",\"urlTemplate\":\"https:\/\/meozen.com\/fr\/?s={search_term_string}\"},\"query-input\":{\"@type\":\"PropertyValueSpecification\",\"valueRequired\":true,\"valueName\":\"search_term_string\"}}],\"inLanguage\":\"fr-FR\"},{\"@type\":\"Organization\",\"@id\":\"https:\/\/meozen.com\/fr\/#organization\",\"name\":\"Meozen\",\"url\":\"https:\/\/meozen.com\/fr\/\",\"logo\":{\"@type\":\"ImageObject\",\"inLanguage\":\"fr-FR\",\"@id\":\"https:\/\/meozen.com\/fr\/#\/schema\/logo\/image\/\",\"url\":\"https:\/\/meozen.com\/fr\/wp-content\/uploads\/sites\/2\/2021\/06\/logo-meozen-push.jpg\",\"contentUrl\":\"https:\/\/meozen.com\/fr\/wp-content\/uploads\/sites\/2\/2021\/06\/logo-meozen-push.jpg\",\"width\":384,\"height\":384,\"caption\":\"Meozen\"},\"image\":{\"@id\":\"https:\/\/meozen.com\/fr\/#\/schema\/logo\/image\/\"},\"sameAs\":[\"https:\/\/www.facebook.com\/MeozenFr\/\",\"https:\/\/www.pinterest.fr\/meozen_officiel\/\",\"https:\/\/www.instagram.com\/meozen_officiel\/\"]}]}<\/script>\n<!-- \/ Yoast SEO plugin. -->","yoast_head_json":{"title":"Formation 60 heures de Yin Yoga \u00e0 Ibiza, Espagne","description":"R\u00e9servez d\u00e8s maintenant votre Formation 60 heures de Yin Yoga \u00e0 Ibiza, Espagne avec Meozen. \u00c9vadez-vous du quotidien avec ce s\u00e9jour unique. Dur\u00e9e, conditions, prix... Cliquez pour d\u00e9couvrir !","robots":{"index":"index","follow":"follow","max-snippet":"max-snippet:-1","max-image-preview":"max-image-preview:large","max-video-preview":"max-video-preview:-1"},"canonical":"https:\/\/meozen.com\/fr\/produit\/formation-60-heures-yin-yoga-ibiza-espagne\/","og_locale":"fr_FR","og_type":"article","og_title":"Formation 60 heures de Yin Yoga \u00e0 Ibiza, Espagne","og_description":"R\u00e9servez d\u00e8s maintenant votre Formation 60 heures de Yin Yoga \u00e0 Ibiza, Espagne avec Meozen. \u00c9vadez-vous du quotidien avec ce s\u00e9jour unique. Dur\u00e9e, conditions, prix... Cliquez pour d\u00e9couvrir !","og_url":"https:\/\/meozen.com\/fr\/produit\/formation-60-heures-yin-yoga-ibiza-espagne\/","og_site_name":"Meozen - Votre portail bien-\u00eatre","article_publisher":"https:\/\/www.facebook.com\/MeozenFr\/","article_modified_time":"2023-06-17T00:39:20+00:00","og_image":[{"width":653,"height":490,"url":"https:\/\/meozen.com\/fr\/wp-content\/uploads\/sites\/2\/2021\/11\/rise-shine-yoga-formation-yin-yoga-60-heures-ibiza-espagne-1.jpg","type":"image\/jpeg"}],"twitter_card":"summary_large_image","twitter_misc":{"Dur\u00e9e de lecture estim\u00e9e":"1 minute"},"schema":{"@context":"https:\/\/schema.org","@graph":[{"@type":"WebPage","@id":"https:\/\/meozen.com\/fr\/produit\/formation-60-heures-yin-yoga-ibiza-espagne\/","url":"https:\/\/meozen.com\/fr\/produit\/formation-60-heures-yin-yoga-ibiza-espagne\/","name":"Formation 60 heures de Yin Yoga \u00e0 Ibiza, Espagne","isPartOf":{"@id":"https:\/\/meozen.com\/fr\/#website"},"primaryImageOfPage":{"@id":"https:\/\/meozen.com\/fr\/produit\/formation-60-heures-yin-yoga-ibiza-espagne\/#primaryimage"},"image":{"@id":"https:\/\/meozen.com\/fr\/produit\/formation-60-heures-yin-yoga-ibiza-espagne\/#primaryimage"},"thumbnailUrl":"https:\/\/meozen.com\/fr\/wp-content\/uploads\/sites\/2\/2021\/11\/rise-shine-yoga-formation-yin-yoga-60-heures-ibiza-espagne-1.jpg","datePublished":"2021-11-29T14:25:31+00:00","dateModified":"2023-06-17T00:39:20+00:00","description":"R\u00e9servez d\u00e8s maintenant votre Formation 60 heures de Yin Yoga \u00e0 Ibiza, Espagne avec Meozen. \u00c9vadez-vous du quotidien avec ce s\u00e9jour unique. Dur\u00e9e, conditions, prix... Cliquez pour d\u00e9couvrir !","breadcrumb":{"@id":"https:\/\/meozen.com\/fr\/produit\/formation-60-heures-yin-yoga-ibiza-espagne\/#breadcrumb"},"inLanguage":"fr-FR","potentialAction":[{"@type":"ReadAction","target":["https:\/\/meozen.com\/fr\/produit\/formation-60-heures-yin-yoga-ibiza-espagne\/"]}]},{"@type":"ImageObject","inLanguage":"fr-FR","@id":"https:\/\/meozen.com\/fr\/produit\/formation-60-heures-yin-yoga-ibiza-espagne\/#primaryimage","url":"https:\/\/meozen.com\/fr\/wp-content\/uploads\/sites\/2\/2021\/11\/rise-shine-yoga-formation-yin-yoga-60-heures-ibiza-espagne-1.jpg","contentUrl":"https:\/\/meozen.com\/fr\/wp-content\/uploads\/sites\/2\/2021\/11\/rise-shine-yoga-formation-yin-yoga-60-heures-ibiza-espagne-1.jpg","width":653,"height":490},{"@type":"BreadcrumbList","@id":"https:\/\/meozen.com\/fr\/produit\/formation-60-heures-yin-yoga-ibiza-espagne\/#breadcrumb","itemListElement":[{"@type":"ListItem","position":1,"name":"Accueil","item":"https:\/\/meozen.com\/fr\/"},{"@type":"ListItem","position":2,"name":"Boutique","item":"https:\/\/meozen.com\/fr\/boutique\/"},{"@type":"ListItem","position":3,"name":"Formation 60 heures de Yin Yoga \u00e0 Ibiza, Espagne"}]},{"@type":"WebSite","@id":"https:\/\/meozen.com\/fr\/#website","url":"https:\/\/meozen.com\/fr\/","name":"Meozen - Votre portail bien-\u00eatre","description":"D\u00e9couvrez tout l&#039;univers du bien-\u00eatre, yoga, m\u00e9ditation, trouvez les meilleures retraites et formations bien-\u00eatre","publisher":{"@id":"https:\/\/meozen.com\/fr\/#organization"},"potentialAction":[{"@type":"SearchAction","target":{"@type":"EntryPoint","urlTemplate":"https:\/\/meozen.com\/fr\/?s={search_term_string}"},"query-input":{"@type":"PropertyValueSpecification","valueRequired":true,"valueName":"search_term_string"}}],"inLanguage":"fr-FR"},{"@type":"Organization","@id":"https:\/\/meozen.com\/fr\/#organization","name":"Meozen","url":"https:\/\/meozen.com\/fr\/","logo":{"@type":"ImageObject","inLanguage":"fr-FR","@id":"https:\/\/meozen.com\/fr\/#\/schema\/logo\/image\/","url":"https:\/\/meozen.com\/fr\/wp-content\/uploads\/sites\/2\/2021\/06\/logo-meozen-push.jpg","contentUrl":"https:\/\/meozen.com\/fr\/wp-content\/uploads\/sites\/2\/2021\/06\/logo-meozen-push.jpg","width":384,"height":384,"caption":"Meozen"},"image":{"@id":"https:\/\/meozen.com\/fr\/#\/schema\/logo\/image\/"},"sameAs":["https:\/\/www.facebook.com\/MeozenFr\/","https:\/\/www.pinterest.fr\/meozen_officiel\/","https:\/\/www.instagram.com\/meozen_officiel\/"]}]}},"_links":{"self":[{"href":"https:\/\/meozen.com\/fr\/wp-json\/wp\/v2\/product\/3800","targetHints":{"allow":["GET"]}}],"collection":[{"href":"https:\/\/meozen.com\/fr\/wp-json\/wp\/v2\/product"}],"about":[{"href":"https:\/\/meozen.com\/fr\/wp-json\/wp\/v2\/types\/product"}],"replies":[{"embeddable":true,"href":"https:\/\/meozen.com\/fr\/wp-json\/wp\/v2\/comments?post=3800"}],"wp:featuredmedia":[{"embeddable":true,"href":"https:\/\/meozen.com\/fr\/wp-json\/wp\/v2\/media\/3801"}],"wp:attachment":[{"href":"https:\/\/meozen.com\/fr\/wp-json\/wp\/v2\/media?parent=3800"}],"wp:term":[{"taxonomy":"product_brand","embeddable":true,"href":"https:\/\/meozen.com\/fr\/wp-json\/wp\/v2\/product_brand?post=3800"},{"taxonomy":"product_cat","embeddable":true,"href":"https:\/\/meozen.com\/fr\/wp-json\/wp\/v2\/product_cat?post=3800"},{"taxonomy":"product_tag","embeddable":true,"href":"https:\/\/meozen.com\/fr\/wp-json\/wp\/v2\/product_tag?post=3800"}],"curies":[{"name":"wp","href":"https:\/\/api.w.org\/{rel}","templated":true}]}}