{"id":3819,"date":"2021-11-29T17:56:47","date_gmt":"2021-11-29T16:56:47","guid":{"rendered":"https:\/\/meozen.com\/fr\/?post_type=product&#038;p=3819"},"modified":"2023-06-17T02:39:20","modified_gmt":"2023-06-17T00:39:20","slug":"formation-50-heures-yin-yoga-sri-lanka","status":"publish","type":"product","link":"https:\/\/meozen.com\/fr\/produit\/formation-50-heures-yin-yoga-sri-lanka\/","title":{"rendered":"Formation 50 heures de Yin Yoga au Sri Lanka"},"content":{"rendered":"<ul>\n<li>Histoire du Yin Yoga<\/li>\n<li>Philosophie<\/li>\n<li>Pratique des asanas, postures<\/li>\n<li>Apprentissage des m\u00e9thodes d\u2019enseignement<\/li>\n<li>Th\u00e9rapie par le Yin Yoga<\/li>\n<li>Anatomie et effets du Yin sur la sant\u00e9<\/li>\n<\/ul>\n","protected":false},"excerpt":{"rendered":"<p><strong style=\"font-size: 22px;\"> Une formation de Yin Yoga \u00e0 Arugam Bay, Sri Lanka.<\/strong><\/p>\n<p>Cette formation de professeur de Yin Yoga explique comment :<\/p>\n<ul>\n<li>Maintenir et d\u00e9velopper la flexibilit\u00e9<\/li>\n<li>Rajeunir le corps<\/li>\n<li>Pratiquer la pleine conscience dans la vie quotidienne<\/li>\n<li>Cr\u00e9er la paix dans notre esprit<\/li>\n<li>Harmoniser le corps, l&rsquo;esprit et l&rsquo;\u00e2me<\/li>\n<\/ul>\n<p>Nich\u00e9 au milieu des cocotiers et situ\u00e9 au c\u0153ur du petit village c\u00f4tier d&rsquo;Arugam Bay, notre magnifique site en bord de mer \u00ab Bay Vista \u00bb est \u00e0 quelques pas de l&rsquo;un des dix meilleurs spots de surf au monde.\u00a0Le roof top est l&rsquo;endroit id\u00e9al pour la pratique du yoga avec une vue \u00e0 couper le souffle sur l&rsquo;oc\u00e9an. Sur votre temps libre,\u00a0Bay Vista vous invite \u00e0 d\u00e9couvrir le mode de vie des habitants et \u00e0 vous perdre dans le charme qui entoure la baie d&rsquo;Arugam.<\/p>\n<p><strong>Formation \u00e0 partir de 790 euros.<\/strong><\/p>\n","protected":false},"featured_media":3821,"comment_status":"open","ping_status":"closed","template":"","meta":{"_mo_disable_npp":""},"product_brand":[],"product_cat":[82,131],"product_tag":[],"class_list":{"0":"post-3819","1":"product","2":"type-product","3":"status-publish","4":"has-post-thumbnail","6":"product_cat-formation-yin-yoga","7":"product_cat-formation-yoga","9":"first","10":"instock","11":"taxable","12":"shipping-taxable","13":"product-type-external"},"yoast_head":"<!-- This site is optimized with the Yoast SEO plugin v26.8 - https:\/\/yoast.com\/product\/yoast-seo-wordpress\/ -->\n<title>Formation 50 heures de Yin Yoga au Sri Lanka<\/title>\n<meta name=\"description\" content=\"R\u00e9servez d\u00e8s maintenant votre Formation 50 heures de Yin Yoga au Sri Lanka avec Meozen. \u00c9vadez-vous du quotidien avec ce s\u00e9jour unique. Dur\u00e9e, conditions, prix... Cliquez pour d\u00e9couvrir !\" \/>\n<meta name=\"robots\" content=\"index, follow, max-snippet:-1, max-image-preview:large, max-video-preview:-1\" \/>\n<link rel=\"canonical\" href=\"https:\/\/meozen.com\/fr\/produit\/formation-50-heures-yin-yoga-sri-lanka\/\" \/>\n<meta property=\"og:locale\" content=\"fr_FR\" \/>\n<meta property=\"og:type\" content=\"article\" \/>\n<meta property=\"og:title\" content=\"Formation 50 heures de Yin Yoga au Sri Lanka\" \/>\n<meta property=\"og:description\" content=\"R\u00e9servez d\u00e8s maintenant votre Formation 50 heures de Yin Yoga au Sri Lanka avec Meozen. \u00c9vadez-vous du quotidien avec ce s\u00e9jour unique. Dur\u00e9e, conditions, prix... Cliquez pour d\u00e9couvrir !\" \/>\n<meta property=\"og:url\" content=\"https:\/\/meozen.com\/fr\/produit\/formation-50-heures-yin-yoga-sri-lanka\/\" \/>\n<meta property=\"og:site_name\" content=\"Meozen - Votre portail bien-\u00eatre\" \/>\n<meta property=\"article:publisher\" content=\"https:\/\/www.facebook.com\/MeozenFr\/\" \/>\n<meta property=\"article:modified_time\" content=\"2023-06-17T00:39:20+00:00\" \/>\n<meta property=\"og:image\" content=\"https:\/\/meozen.com\/fr\/wp-content\/uploads\/sites\/2\/2021\/11\/bayvista-formation-professeur-yin-yoga-sri-Lanka-1.jpg\" \/>\n\t<meta property=\"og:image:width\" content=\"653\" \/>\n\t<meta property=\"og:image:height\" content=\"490\" \/>\n\t<meta property=\"og:image:type\" content=\"image\/jpeg\" \/>\n<meta name=\"twitter:card\" content=\"summary_large_image\" \/>\n<script type=\"application\/ld+json\" class=\"yoast-schema-graph\">{\"@context\":\"https:\/\/schema.org\",\"@graph\":[{\"@type\":\"WebPage\",\"@id\":\"https:\/\/meozen.com\/fr\/produit\/formation-50-heures-yin-yoga-sri-lanka\/\",\"url\":\"https:\/\/meozen.com\/fr\/produit\/formation-50-heures-yin-yoga-sri-lanka\/\",\"name\":\"Formation 50 heures de Yin Yoga au Sri Lanka\",\"isPartOf\":{\"@id\":\"https:\/\/meozen.com\/fr\/#website\"},\"primaryImageOfPage\":{\"@id\":\"https:\/\/meozen.com\/fr\/produit\/formation-50-heures-yin-yoga-sri-lanka\/#primaryimage\"},\"image\":{\"@id\":\"https:\/\/meozen.com\/fr\/produit\/formation-50-heures-yin-yoga-sri-lanka\/#primaryimage\"},\"thumbnailUrl\":\"https:\/\/meozen.com\/fr\/wp-content\/uploads\/sites\/2\/2021\/11\/bayvista-formation-professeur-yin-yoga-sri-Lanka-1.jpg\",\"datePublished\":\"2021-11-29T16:56:47+00:00\",\"dateModified\":\"2023-06-17T00:39:20+00:00\",\"description\":\"R\u00e9servez d\u00e8s maintenant votre Formation 50 heures de Yin Yoga au Sri Lanka avec Meozen. \u00c9vadez-vous du quotidien avec ce s\u00e9jour unique. Dur\u00e9e, conditions, prix... Cliquez pour d\u00e9couvrir !\",\"breadcrumb\":{\"@id\":\"https:\/\/meozen.com\/fr\/produit\/formation-50-heures-yin-yoga-sri-lanka\/#breadcrumb\"},\"inLanguage\":\"fr-FR\",\"potentialAction\":[{\"@type\":\"ReadAction\",\"target\":[\"https:\/\/meozen.com\/fr\/produit\/formation-50-heures-yin-yoga-sri-lanka\/\"]}]},{\"@type\":\"ImageObject\",\"inLanguage\":\"fr-FR\",\"@id\":\"https:\/\/meozen.com\/fr\/produit\/formation-50-heures-yin-yoga-sri-lanka\/#primaryimage\",\"url\":\"https:\/\/meozen.com\/fr\/wp-content\/uploads\/sites\/2\/2021\/11\/bayvista-formation-professeur-yin-yoga-sri-Lanka-1.jpg\",\"contentUrl\":\"https:\/\/meozen.com\/fr\/wp-content\/uploads\/sites\/2\/2021\/11\/bayvista-formation-professeur-yin-yoga-sri-Lanka-1.jpg\",\"width\":653,\"height\":490},{\"@type\":\"BreadcrumbList\",\"@id\":\"https:\/\/meozen.com\/fr\/produit\/formation-50-heures-yin-yoga-sri-lanka\/#breadcrumb\",\"itemListElement\":[{\"@type\":\"ListItem\",\"position\":1,\"name\":\"Accueil\",\"item\":\"https:\/\/meozen.com\/fr\/\"},{\"@type\":\"ListItem\",\"position\":2,\"name\":\"Boutique\",\"item\":\"https:\/\/meozen.com\/fr\/boutique\/\"},{\"@type\":\"ListItem\",\"position\":3,\"name\":\"Formation 50 heures de Yin Yoga au Sri Lanka\"}]},{\"@type\":\"WebSite\",\"@id\":\"https:\/\/meozen.com\/fr\/#website\",\"url\":\"https:\/\/meozen.com\/fr\/\",\"name\":\"Meozen - Votre portail bien-\u00eatre\",\"description\":\"D\u00e9couvrez tout l&#039;univers du bien-\u00eatre, yoga, m\u00e9ditation, trouvez les meilleures retraites et formations bien-\u00eatre\",\"publisher\":{\"@id\":\"https:\/\/meozen.com\/fr\/#organization\"},\"potentialAction\":[{\"@type\":\"SearchAction\",\"target\":{\"@type\":\"EntryPoint\",\"urlTemplate\":\"https:\/\/meozen.com\/fr\/?s={search_term_string}\"},\"query-input\":{\"@type\":\"PropertyValueSpecification\",\"valueRequired\":true,\"valueName\":\"search_term_string\"}}],\"inLanguage\":\"fr-FR\"},{\"@type\":\"Organization\",\"@id\":\"https:\/\/meozen.com\/fr\/#organization\",\"name\":\"Meozen\",\"url\":\"https:\/\/meozen.com\/fr\/\",\"logo\":{\"@type\":\"ImageObject\",\"inLanguage\":\"fr-FR\",\"@id\":\"https:\/\/meozen.com\/fr\/#\/schema\/logo\/image\/\",\"url\":\"https:\/\/meozen.com\/fr\/wp-content\/uploads\/sites\/2\/2021\/06\/logo-meozen-push.jpg\",\"contentUrl\":\"https:\/\/meozen.com\/fr\/wp-content\/uploads\/sites\/2\/2021\/06\/logo-meozen-push.jpg\",\"width\":384,\"height\":384,\"caption\":\"Meozen\"},\"image\":{\"@id\":\"https:\/\/meozen.com\/fr\/#\/schema\/logo\/image\/\"},\"sameAs\":[\"https:\/\/www.facebook.com\/MeozenFr\/\",\"https:\/\/www.pinterest.fr\/meozen_officiel\/\",\"https:\/\/www.instagram.com\/meozen_officiel\/\"]}]}<\/script>\n<!-- \/ Yoast SEO plugin. -->","yoast_head_json":{"title":"Formation 50 heures de Yin Yoga au Sri Lanka","description":"R\u00e9servez d\u00e8s maintenant votre Formation 50 heures de Yin Yoga au Sri Lanka avec Meozen. \u00c9vadez-vous du quotidien avec ce s\u00e9jour unique. Dur\u00e9e, conditions, prix... Cliquez pour d\u00e9couvrir !","robots":{"index":"index","follow":"follow","max-snippet":"max-snippet:-1","max-image-preview":"max-image-preview:large","max-video-preview":"max-video-preview:-1"},"canonical":"https:\/\/meozen.com\/fr\/produit\/formation-50-heures-yin-yoga-sri-lanka\/","og_locale":"fr_FR","og_type":"article","og_title":"Formation 50 heures de Yin Yoga au Sri Lanka","og_description":"R\u00e9servez d\u00e8s maintenant votre Formation 50 heures de Yin Yoga au Sri Lanka avec Meozen. \u00c9vadez-vous du quotidien avec ce s\u00e9jour unique. Dur\u00e9e, conditions, prix... Cliquez pour d\u00e9couvrir !","og_url":"https:\/\/meozen.com\/fr\/produit\/formation-50-heures-yin-yoga-sri-lanka\/","og_site_name":"Meozen - Votre portail bien-\u00eatre","article_publisher":"https:\/\/www.facebook.com\/MeozenFr\/","article_modified_time":"2023-06-17T00:39:20+00:00","og_image":[{"width":653,"height":490,"url":"https:\/\/meozen.com\/fr\/wp-content\/uploads\/sites\/2\/2021\/11\/bayvista-formation-professeur-yin-yoga-sri-Lanka-1.jpg","type":"image\/jpeg"}],"twitter_card":"summary_large_image","schema":{"@context":"https:\/\/schema.org","@graph":[{"@type":"WebPage","@id":"https:\/\/meozen.com\/fr\/produit\/formation-50-heures-yin-yoga-sri-lanka\/","url":"https:\/\/meozen.com\/fr\/produit\/formation-50-heures-yin-yoga-sri-lanka\/","name":"Formation 50 heures de Yin Yoga au Sri Lanka","isPartOf":{"@id":"https:\/\/meozen.com\/fr\/#website"},"primaryImageOfPage":{"@id":"https:\/\/meozen.com\/fr\/produit\/formation-50-heures-yin-yoga-sri-lanka\/#primaryimage"},"image":{"@id":"https:\/\/meozen.com\/fr\/produit\/formation-50-heures-yin-yoga-sri-lanka\/#primaryimage"},"thumbnailUrl":"https:\/\/meozen.com\/fr\/wp-content\/uploads\/sites\/2\/2021\/11\/bayvista-formation-professeur-yin-yoga-sri-Lanka-1.jpg","datePublished":"2021-11-29T16:56:47+00:00","dateModified":"2023-06-17T00:39:20+00:00","description":"R\u00e9servez d\u00e8s maintenant votre Formation 50 heures de Yin Yoga au Sri Lanka avec Meozen. \u00c9vadez-vous du quotidien avec ce s\u00e9jour unique. Dur\u00e9e, conditions, prix... Cliquez pour d\u00e9couvrir !","breadcrumb":{"@id":"https:\/\/meozen.com\/fr\/produit\/formation-50-heures-yin-yoga-sri-lanka\/#breadcrumb"},"inLanguage":"fr-FR","potentialAction":[{"@type":"ReadAction","target":["https:\/\/meozen.com\/fr\/produit\/formation-50-heures-yin-yoga-sri-lanka\/"]}]},{"@type":"ImageObject","inLanguage":"fr-FR","@id":"https:\/\/meozen.com\/fr\/produit\/formation-50-heures-yin-yoga-sri-lanka\/#primaryimage","url":"https:\/\/meozen.com\/fr\/wp-content\/uploads\/sites\/2\/2021\/11\/bayvista-formation-professeur-yin-yoga-sri-Lanka-1.jpg","contentUrl":"https:\/\/meozen.com\/fr\/wp-content\/uploads\/sites\/2\/2021\/11\/bayvista-formation-professeur-yin-yoga-sri-Lanka-1.jpg","width":653,"height":490},{"@type":"BreadcrumbList","@id":"https:\/\/meozen.com\/fr\/produit\/formation-50-heures-yin-yoga-sri-lanka\/#breadcrumb","itemListElement":[{"@type":"ListItem","position":1,"name":"Accueil","item":"https:\/\/meozen.com\/fr\/"},{"@type":"ListItem","position":2,"name":"Boutique","item":"https:\/\/meozen.com\/fr\/boutique\/"},{"@type":"ListItem","position":3,"name":"Formation 50 heures de Yin Yoga au Sri Lanka"}]},{"@type":"WebSite","@id":"https:\/\/meozen.com\/fr\/#website","url":"https:\/\/meozen.com\/fr\/","name":"Meozen - Votre portail bien-\u00eatre","description":"D\u00e9couvrez tout l&#039;univers du bien-\u00eatre, yoga, m\u00e9ditation, trouvez les meilleures retraites et formations bien-\u00eatre","publisher":{"@id":"https:\/\/meozen.com\/fr\/#organization"},"potentialAction":[{"@type":"SearchAction","target":{"@type":"EntryPoint","urlTemplate":"https:\/\/meozen.com\/fr\/?s={search_term_string}"},"query-input":{"@type":"PropertyValueSpecification","valueRequired":true,"valueName":"search_term_string"}}],"inLanguage":"fr-FR"},{"@type":"Organization","@id":"https:\/\/meozen.com\/fr\/#organization","name":"Meozen","url":"https:\/\/meozen.com\/fr\/","logo":{"@type":"ImageObject","inLanguage":"fr-FR","@id":"https:\/\/meozen.com\/fr\/#\/schema\/logo\/image\/","url":"https:\/\/meozen.com\/fr\/wp-content\/uploads\/sites\/2\/2021\/06\/logo-meozen-push.jpg","contentUrl":"https:\/\/meozen.com\/fr\/wp-content\/uploads\/sites\/2\/2021\/06\/logo-meozen-push.jpg","width":384,"height":384,"caption":"Meozen"},"image":{"@id":"https:\/\/meozen.com\/fr\/#\/schema\/logo\/image\/"},"sameAs":["https:\/\/www.facebook.com\/MeozenFr\/","https:\/\/www.pinterest.fr\/meozen_officiel\/","https:\/\/www.instagram.com\/meozen_officiel\/"]}]}},"_links":{"self":[{"href":"https:\/\/meozen.com\/fr\/wp-json\/wp\/v2\/product\/3819","targetHints":{"allow":["GET"]}}],"collection":[{"href":"https:\/\/meozen.com\/fr\/wp-json\/wp\/v2\/product"}],"about":[{"href":"https:\/\/meozen.com\/fr\/wp-json\/wp\/v2\/types\/product"}],"replies":[{"embeddable":true,"href":"https:\/\/meozen.com\/fr\/wp-json\/wp\/v2\/comments?post=3819"}],"wp:featuredmedia":[{"embeddable":true,"href":"https:\/\/meozen.com\/fr\/wp-json\/wp\/v2\/media\/3821"}],"wp:attachment":[{"href":"https:\/\/meozen.com\/fr\/wp-json\/wp\/v2\/media?parent=3819"}],"wp:term":[{"taxonomy":"product_brand","embeddable":true,"href":"https:\/\/meozen.com\/fr\/wp-json\/wp\/v2\/product_brand?post=3819"},{"taxonomy":"product_cat","embeddable":true,"href":"https:\/\/meozen.com\/fr\/wp-json\/wp\/v2\/product_cat?post=3819"},{"taxonomy":"product_tag","embeddable":true,"href":"https:\/\/meozen.com\/fr\/wp-json\/wp\/v2\/product_tag?post=3819"}],"curies":[{"name":"wp","href":"https:\/\/api.w.org\/{rel}","templated":true}]}}